{"id":8773,"date":"2022-05-06T20:31:02","date_gmt":"2022-05-07T01:31:02","guid":{"rendered":"https:\/\/acuariosupremus.com\/?post_type=product&#038;p=8773"},"modified":"2025-05-10T18:48:03","modified_gmt":"2025-05-11T00:48:03","slug":"sifon-con-bomba-manual-simple-boyu-sc-002","status":"publish","type":"product","link":"https:\/\/acuariosupremus.com\/?product=sifon-con-bomba-manual-simple-boyu-sc-002","title":{"rendered":"Sif\u00f3n con bomba manual simple, BOYU SC-002."},"content":{"rendered":"<p>Esta herramienta indispensable en su acuario funciona gracias a la sencilla ley de los vasos comunicantes, pero lo que hace que sea realmente f\u00e1cil de usar es su bomba manual con una v\u00e1lvula anti-retorno. Esta caracter\u00edstica permite que una persona pueda realizar el sifonado de un acuario sin necesitar ayuda. La campana viene equipada con una coladera (rejilla) suficientemente selectiva como para no admitir el paso de objetos s\u00f3lidos demasiado grandes que puedan obstruir el flujo de agua de la manguera o evitar absorber involuntariamente los peces.<\/p>\n<p>Longitud total 1660 (mm) Longitud manguera 1050 (I x a x mm) Di\u00e1metro Manguera 16 Tramo r\u00edgido (mm) 420 Med. Campana 70 x \u00d8 40 (mm) Peso 50 (grs.) Peso con embalaje 80 (grs.) Medidas embalaje 450 x 60 x 60 (mm) Para acuarios Desde \/ hasta: 20-400(L).<\/p>\n","protected":false},"excerpt":{"rendered":"<p>Sif\u00f3n con bomba manual.<\/p>\n<p>Pr\u00e1ctico Sif\u00f3n de grava para todo tipo de acuarios. Permite retirar los deshechos que se acumulan irremediablemente en la grava del acuario aprovechando los cambios peri\u00f3dicos de agua. La operaci\u00f3n de sifonado es una labor rutinaria que por lo general se realiza en los acuarios mensualmente. Sin embargo, es frecuente ver aficionados frustrados al intentar realizar estas labores por carecer de las herramientas adecuadas. Este sencillo y pr\u00e1ctico sif\u00f3n le ayudar\u00e1 a realizar este trabajo en casi cualquier acuario, de forma impecable, r\u00e1pida y sin esfuerzos, evitando esos frecuentes derrames de agua accidentales.<\/p>\n","protected":false},"featured_media":8774,"template":"","meta":[],"product_brand":[122],"product_cat":[40,62],"product_tag":[240],"class_list":{"0":"post-8773","1":"product","2":"type-product","3":"status-publish","4":"has-post-thumbnail","6":"product_brand-boyu","7":"product_cat-peces","8":"product_cat-sifon-rasquetas-mantenimiento","9":"product_tag-sifon-para-pecera","11":"first","12":"instock","13":"sale","14":"shipping-taxable","15":"purchasable","16":"product-type-simple"},"yoast_head":"<!-- This site is optimized with the Yoast SEO plugin v27.4 - https:\/\/yoast.com\/product\/yoast-seo-wordpress\/ -->\n<title>Sif\u00f3n con bomba manual simple, BOYU SC-002. | Acuario Supremus<\/title>\n<meta name=\"description\" content=\"Pr\u00e1ctico Sif\u00f3n que permite retirar los deshechos que se acumulan irremediablemente en la grava del acuario aprovechando los cambios peri\u00f3dicos de agua.\" \/>\n<meta name=\"robots\" content=\"index, follow, max-snippet:-1, max-image-preview:large, max-video-preview:-1\" \/>\n<link rel=\"canonical\" href=\"https:\/\/acuariosupremus.com\/producto\/sifon-con-bomba-manual-simple-boyu-sc-002\/\" \/>\n<meta property=\"og:locale\" content=\"es_MX\" \/>\n<meta property=\"og:type\" content=\"article\" \/>\n<meta property=\"og:title\" content=\"Sif\u00f3n con bomba manual simple, BOYU SC-002. | Acuario Supremus\" \/>\n<meta property=\"og:description\" content=\"Pr\u00e1ctico Sif\u00f3n que permite retirar los deshechos que se acumulan irremediablemente en la grava del acuario aprovechando los cambios peri\u00f3dicos de agua.\" \/>\n<meta property=\"og:url\" content=\"https:\/\/acuariosupremus.com\/producto\/sifon-con-bomba-manual-simple-boyu-sc-002\/\" \/>\n<meta property=\"og:site_name\" content=\"Acuario Supremus\" \/>\n<meta property=\"article:publisher\" content=\"https:\/\/www.facebook.com\/AcuarioSupremus\" \/>\n<meta property=\"article:modified_time\" content=\"2025-05-11T00:48:03+00:00\" \/>\n<meta property=\"og:image\" content=\"https:\/\/acuariosupremus.com\/wp-content\/uploads\/2022\/05\/sifon_bomba_manual_sc-002_01.jpg\" \/>\n\t<meta property=\"og:image:width\" content=\"1250\" \/>\n\t<meta property=\"og:image:height\" content=\"1250\" \/>\n\t<meta property=\"og:image:type\" content=\"image\/jpeg\" \/>\n<meta name=\"twitter:card\" content=\"summary_large_image\" \/>\n<meta name=\"twitter:site\" content=\"@AcuarioSupremus\" \/>\n<meta name=\"twitter:label1\" content=\"Tiempo de lectura\" \/>\n\t<meta name=\"twitter:data1\" content=\"1 minuto\" \/>\n<script type=\"application\/ld+json\" class=\"yoast-schema-graph\">{\"@context\":\"https:\\\/\\\/schema.org\",\"@graph\":[{\"@type\":\"WebPage\",\"@id\":\"https:\\\/\\\/acuariosupremus.com\\\/producto\\\/sifon-con-bomba-manual-simple-boyu-sc-002\\\/\",\"url\":\"https:\\\/\\\/acuariosupremus.com\\\/producto\\\/sifon-con-bomba-manual-simple-boyu-sc-002\\\/\",\"name\":\"Sif\u00f3n con bomba manual simple, BOYU SC-002. | Acuario Supremus\",\"isPartOf\":{\"@id\":\"https:\\\/\\\/acuariosupremus.com\\\/#website\"},\"primaryImageOfPage\":{\"@id\":\"https:\\\/\\\/acuariosupremus.com\\\/producto\\\/sifon-con-bomba-manual-simple-boyu-sc-002\\\/#primaryimage\"},\"image\":{\"@id\":\"https:\\\/\\\/acuariosupremus.com\\\/producto\\\/sifon-con-bomba-manual-simple-boyu-sc-002\\\/#primaryimage\"},\"thumbnailUrl\":\"https:\\\/\\\/acuariosupremus.com\\\/wp-content\\\/uploads\\\/2022\\\/05\\\/sifon_bomba_manual_sc-002_01.jpg\",\"datePublished\":\"2022-05-07T01:31:02+00:00\",\"dateModified\":\"2025-05-11T00:48:03+00:00\",\"description\":\"Pr\u00e1ctico Sif\u00f3n que permite retirar los deshechos que se acumulan irremediablemente en la grava del acuario aprovechando los cambios peri\u00f3dicos de agua.\",\"breadcrumb\":{\"@id\":\"https:\\\/\\\/acuariosupremus.com\\\/producto\\\/sifon-con-bomba-manual-simple-boyu-sc-002\\\/#breadcrumb\"},\"inLanguage\":\"es\",\"potentialAction\":[{\"@type\":\"ReadAction\",\"target\":[\"https:\\\/\\\/acuariosupremus.com\\\/producto\\\/sifon-con-bomba-manual-simple-boyu-sc-002\\\/\"]}]},{\"@type\":\"ImageObject\",\"inLanguage\":\"es\",\"@id\":\"https:\\\/\\\/acuariosupremus.com\\\/producto\\\/sifon-con-bomba-manual-simple-boyu-sc-002\\\/#primaryimage\",\"url\":\"https:\\\/\\\/acuariosupremus.com\\\/wp-content\\\/uploads\\\/2022\\\/05\\\/sifon_bomba_manual_sc-002_01.jpg\",\"contentUrl\":\"https:\\\/\\\/acuariosupremus.com\\\/wp-content\\\/uploads\\\/2022\\\/05\\\/sifon_bomba_manual_sc-002_01.jpg\",\"width\":1250,\"height\":1250},{\"@type\":\"BreadcrumbList\",\"@id\":\"https:\\\/\\\/acuariosupremus.com\\\/producto\\\/sifon-con-bomba-manual-simple-boyu-sc-002\\\/#breadcrumb\",\"itemListElement\":[{\"@type\":\"ListItem\",\"position\":1,\"name\":\"Portada\",\"item\":\"https:\\\/\\\/acuariosupremus.com\\\/\"},{\"@type\":\"ListItem\",\"position\":2,\"name\":\"Tienda\",\"item\":\"https:\\\/\\\/acuariosupremus.com\\\/tienda\\\/\"},{\"@type\":\"ListItem\",\"position\":3,\"name\":\"Sif\u00f3n con bomba manual simple, BOYU SC-002.\"}]},{\"@type\":\"WebSite\",\"@id\":\"https:\\\/\\\/acuariosupremus.com\\\/#website\",\"url\":\"https:\\\/\\\/acuariosupremus.com\\\/\",\"name\":\"Acuario Supremus\",\"description\":\"Peces, Peceras y Mascotas.\",\"publisher\":{\"@id\":\"https:\\\/\\\/acuariosupremus.com\\\/#organization\"},\"potentialAction\":[{\"@type\":\"SearchAction\",\"target\":{\"@type\":\"EntryPoint\",\"urlTemplate\":\"https:\\\/\\\/acuariosupremus.com\\\/?s={search_term_string}\"},\"query-input\":{\"@type\":\"PropertyValueSpecification\",\"valueRequired\":true,\"valueName\":\"search_term_string\"}}],\"inLanguage\":\"es\"},{\"@type\":\"Organization\",\"@id\":\"https:\\\/\\\/acuariosupremus.com\\\/#organization\",\"name\":\"Acuario Supremus\",\"url\":\"https:\\\/\\\/acuariosupremus.com\\\/\",\"logo\":{\"@type\":\"ImageObject\",\"inLanguage\":\"es\",\"@id\":\"https:\\\/\\\/acuariosupremus.com\\\/#\\\/schema\\\/logo\\\/image\\\/\",\"url\":\"https:\\\/\\\/acuariosupremus.com\\\/wp-content\\\/uploads\\\/2021\\\/12\\\/cropped-logo_acuario_supremus_fn-2.png\",\"contentUrl\":\"https:\\\/\\\/acuariosupremus.com\\\/wp-content\\\/uploads\\\/2021\\\/12\\\/cropped-logo_acuario_supremus_fn-2.png\",\"width\":1000,\"height\":318,\"caption\":\"Acuario Supremus\"},\"image\":{\"@id\":\"https:\\\/\\\/acuariosupremus.com\\\/#\\\/schema\\\/logo\\\/image\\\/\"},\"sameAs\":[\"https:\\\/\\\/www.facebook.com\\\/AcuarioSupremus\",\"https:\\\/\\\/x.com\\\/AcuarioSupremus\",\"https:\\\/\\\/www.instagram.com\\\/acuariosupremus\\\/?hl=es\"]}]}<\/script>\n<!-- \/ Yoast SEO plugin. -->","yoast_head_json":{"title":"Sif\u00f3n con bomba manual simple, BOYU SC-002. | Acuario Supremus","description":"Pr\u00e1ctico Sif\u00f3n que permite retirar los deshechos que se acumulan irremediablemente en la grava del acuario aprovechando los cambios peri\u00f3dicos de agua.","robots":{"index":"index","follow":"follow","max-snippet":"max-snippet:-1","max-image-preview":"max-image-preview:large","max-video-preview":"max-video-preview:-1"},"canonical":"https:\/\/acuariosupremus.com\/producto\/sifon-con-bomba-manual-simple-boyu-sc-002\/","og_locale":"es_MX","og_type":"article","og_title":"Sif\u00f3n con bomba manual simple, BOYU SC-002. | Acuario Supremus","og_description":"Pr\u00e1ctico Sif\u00f3n que permite retirar los deshechos que se acumulan irremediablemente en la grava del acuario aprovechando los cambios peri\u00f3dicos de agua.","og_url":"https:\/\/acuariosupremus.com\/producto\/sifon-con-bomba-manual-simple-boyu-sc-002\/","og_site_name":"Acuario Supremus","article_publisher":"https:\/\/www.facebook.com\/AcuarioSupremus","article_modified_time":"2025-05-11T00:48:03+00:00","og_image":[{"width":1250,"height":1250,"url":"https:\/\/acuariosupremus.com\/wp-content\/uploads\/2022\/05\/sifon_bomba_manual_sc-002_01.jpg","type":"image\/jpeg"}],"twitter_card":"summary_large_image","twitter_site":"@AcuarioSupremus","twitter_misc":{"Tiempo de lectura":"1 minuto"},"schema":{"@context":"https:\/\/schema.org","@graph":[{"@type":"WebPage","@id":"https:\/\/acuariosupremus.com\/producto\/sifon-con-bomba-manual-simple-boyu-sc-002\/","url":"https:\/\/acuariosupremus.com\/producto\/sifon-con-bomba-manual-simple-boyu-sc-002\/","name":"Sif\u00f3n con bomba manual simple, BOYU SC-002. | Acuario Supremus","isPartOf":{"@id":"https:\/\/acuariosupremus.com\/#website"},"primaryImageOfPage":{"@id":"https:\/\/acuariosupremus.com\/producto\/sifon-con-bomba-manual-simple-boyu-sc-002\/#primaryimage"},"image":{"@id":"https:\/\/acuariosupremus.com\/producto\/sifon-con-bomba-manual-simple-boyu-sc-002\/#primaryimage"},"thumbnailUrl":"https:\/\/acuariosupremus.com\/wp-content\/uploads\/2022\/05\/sifon_bomba_manual_sc-002_01.jpg","datePublished":"2022-05-07T01:31:02+00:00","dateModified":"2025-05-11T00:48:03+00:00","description":"Pr\u00e1ctico Sif\u00f3n que permite retirar los deshechos que se acumulan irremediablemente en la grava del acuario aprovechando los cambios peri\u00f3dicos de agua.","breadcrumb":{"@id":"https:\/\/acuariosupremus.com\/producto\/sifon-con-bomba-manual-simple-boyu-sc-002\/#breadcrumb"},"inLanguage":"es","potentialAction":[{"@type":"ReadAction","target":["https:\/\/acuariosupremus.com\/producto\/sifon-con-bomba-manual-simple-boyu-sc-002\/"]}]},{"@type":"ImageObject","inLanguage":"es","@id":"https:\/\/acuariosupremus.com\/producto\/sifon-con-bomba-manual-simple-boyu-sc-002\/#primaryimage","url":"https:\/\/acuariosupremus.com\/wp-content\/uploads\/2022\/05\/sifon_bomba_manual_sc-002_01.jpg","contentUrl":"https:\/\/acuariosupremus.com\/wp-content\/uploads\/2022\/05\/sifon_bomba_manual_sc-002_01.jpg","width":1250,"height":1250},{"@type":"BreadcrumbList","@id":"https:\/\/acuariosupremus.com\/producto\/sifon-con-bomba-manual-simple-boyu-sc-002\/#breadcrumb","itemListElement":[{"@type":"ListItem","position":1,"name":"Portada","item":"https:\/\/acuariosupremus.com\/"},{"@type":"ListItem","position":2,"name":"Tienda","item":"https:\/\/acuariosupremus.com\/tienda\/"},{"@type":"ListItem","position":3,"name":"Sif\u00f3n con bomba manual simple, BOYU SC-002."}]},{"@type":"WebSite","@id":"https:\/\/acuariosupremus.com\/#website","url":"https:\/\/acuariosupremus.com\/","name":"Acuario Supremus","description":"Peces, Peceras y Mascotas.","publisher":{"@id":"https:\/\/acuariosupremus.com\/#organization"},"potentialAction":[{"@type":"SearchAction","target":{"@type":"EntryPoint","urlTemplate":"https:\/\/acuariosupremus.com\/?s={search_term_string}"},"query-input":{"@type":"PropertyValueSpecification","valueRequired":true,"valueName":"search_term_string"}}],"inLanguage":"es"},{"@type":"Organization","@id":"https:\/\/acuariosupremus.com\/#organization","name":"Acuario Supremus","url":"https:\/\/acuariosupremus.com\/","logo":{"@type":"ImageObject","inLanguage":"es","@id":"https:\/\/acuariosupremus.com\/#\/schema\/logo\/image\/","url":"https:\/\/acuariosupremus.com\/wp-content\/uploads\/2021\/12\/cropped-logo_acuario_supremus_fn-2.png","contentUrl":"https:\/\/acuariosupremus.com\/wp-content\/uploads\/2021\/12\/cropped-logo_acuario_supremus_fn-2.png","width":1000,"height":318,"caption":"Acuario Supremus"},"image":{"@id":"https:\/\/acuariosupremus.com\/#\/schema\/logo\/image\/"},"sameAs":["https:\/\/www.facebook.com\/AcuarioSupremus","https:\/\/x.com\/AcuarioSupremus","https:\/\/www.instagram.com\/acuariosupremus\/?hl=es"]}]}},"jetpack_sharing_enabled":true,"_links":{"self":[{"href":"https:\/\/acuariosupremus.com\/index.php?rest_route=\/wp\/v2\/product\/8773","targetHints":{"allow":["GET"]}}],"collection":[{"href":"https:\/\/acuariosupremus.com\/index.php?rest_route=\/wp\/v2\/product"}],"about":[{"href":"https:\/\/acuariosupremus.com\/index.php?rest_route=\/wp\/v2\/types\/product"}],"wp:featuredmedia":[{"embeddable":true,"href":"https:\/\/acuariosupremus.com\/index.php?rest_route=\/wp\/v2\/media\/8774"}],"wp:attachment":[{"href":"https:\/\/acuariosupremus.com\/index.php?rest_route=%2Fwp%2Fv2%2Fmedia&parent=8773"}],"wp:term":[{"taxonomy":"product_brand","embeddable":true,"href":"https:\/\/acuariosupremus.com\/index.php?rest_route=%2Fwp%2Fv2%2Fproduct_brand&post=8773"},{"taxonomy":"product_cat","embeddable":true,"href":"https:\/\/acuariosupremus.com\/index.php?rest_route=%2Fwp%2Fv2%2Fproduct_cat&post=8773"},{"taxonomy":"product_tag","embeddable":true,"href":"https:\/\/acuariosupremus.com\/index.php?rest_route=%2Fwp%2Fv2%2Fproduct_tag&post=8773"}],"curies":[{"name":"wp","href":"https:\/\/api.w.org\/{rel}","templated":true}]}}