{"id":8787,"date":"2022-05-07T14:52:40","date_gmt":"2022-05-07T19:52:40","guid":{"rendered":"https:\/\/acuariosupremus.com\/?post_type=product&#038;p=8787"},"modified":"2025-05-10T18:49:34","modified_gmt":"2025-05-11T00:49:34","slug":"termometro-digital-rango-amplio-de-lectura-boyu-bt-04","status":"publish","type":"product","link":"https:\/\/acuariosupremus.com\/?product=termometro-digital-rango-amplio-de-lectura-boyu-bt-04","title":{"rendered":"Term\u00f3metro digital, BOYU BT-04."},"content":{"rendered":"<p>La temperatura actual del agua se transfiere a trav\u00e9s del vidrio o el acr\u00edlico mediante transferencia t\u00e9rmica, activando un componente qu\u00edmico que reacciona a la temperatura cambiando su color. Esta mutaci\u00f3n de color var\u00eda desde el negro al azul, pasando por tonos verdes, amarillos y marrones. El valor resaltado en color verde representar\u00e1 la temperatura actual del agua.<br \/>\nOfrece un rango de medici\u00f3n de 18 a 34 grados cent\u00edgrados (\u00b0C), ( 64 a 93 \u00b0F) cubriendo las necesidades de temperatura para cualquier acuario. Est\u00e1 fabricado con componentes y procesos industriales de alta calidad, que garantizan una alta fiabilidad en la lectura, as\u00ed como una larga vida \u00fatil.<\/p>\n<p>Peso neto: 1 (grs.) Peso con embalaje 5 (grs.) Dimensiones: 11 x 108 ( \u00d8 x longitud, mm.) Dimensiones con embsalaje: 74 x 180 x 5 (l x a x h, mm).<\/p>\n","protected":false},"excerpt":{"rendered":"<p>Precisos y confiables.<\/p>\n<p>Term\u00f3metro colorim\u00e9trico de pel\u00edcula termo-sensible para todo tipo de acuarios. Presenta un elegante y sencillo dise\u00f1o que consiste en un c\u00edrculo adhesivo de f\u00e1cil colocaci\u00f3n en la parte externa de su acuario. Indica la temperatura de forma muy clara y confiable con una resoluci\u00f3n de 1 grado en la escala de Celsius (\u00b0C).<\/p>\n","protected":false},"featured_media":8790,"template":"","meta":[],"product_brand":[122],"product_cat":[40,64],"product_tag":[243],"class_list":{"0":"post-8787","1":"product","2":"type-product","3":"status-publish","4":"has-post-thumbnail","6":"product_brand-boyu","7":"product_cat-peces","8":"product_cat-termometros-y-densimetros","9":"product_tag-termometro","11":"first","12":"instock","13":"shipping-taxable","14":"purchasable","15":"product-type-simple"},"yoast_head":"<!-- This site is optimized with the Yoast SEO plugin v27.4 - https:\/\/yoast.com\/product\/yoast-seo-wordpress\/ -->\n<title>Term\u00f3metro digital, BOYU BT-04. | Acuario Supremus<\/title>\n<meta name=\"description\" content=\"Term\u00f3metro colorim\u00e9trico de pel\u00edcula termo-sensible para todo tipo de acuarios.\" \/>\n<meta name=\"robots\" content=\"index, follow, max-snippet:-1, max-image-preview:large, max-video-preview:-1\" \/>\n<link rel=\"canonical\" href=\"https:\/\/acuariosupremus.com\/producto\/termometro-digital-rango-amplio-de-lectura-boyu-bt-04\/\" \/>\n<meta property=\"og:locale\" content=\"es_MX\" \/>\n<meta property=\"og:type\" content=\"article\" \/>\n<meta property=\"og:title\" content=\"Term\u00f3metro digital, BOYU BT-04. | Acuario Supremus\" \/>\n<meta property=\"og:description\" content=\"Term\u00f3metro colorim\u00e9trico de pel\u00edcula termo-sensible para todo tipo de acuarios.\" \/>\n<meta property=\"og:url\" content=\"https:\/\/acuariosupremus.com\/producto\/termometro-digital-rango-amplio-de-lectura-boyu-bt-04\/\" \/>\n<meta property=\"og:site_name\" content=\"Acuario Supremus\" \/>\n<meta property=\"article:publisher\" content=\"https:\/\/www.facebook.com\/AcuarioSupremus\" \/>\n<meta property=\"article:modified_time\" content=\"2025-05-11T00:49:34+00:00\" \/>\n<meta property=\"og:image\" content=\"https:\/\/acuariosupremus.com\/wp-content\/uploads\/2022\/05\/termometro_boyu_bt-04_03.jpg\" \/>\n\t<meta property=\"og:image:width\" content=\"558\" \/>\n\t<meta property=\"og:image:height\" content=\"558\" \/>\n\t<meta property=\"og:image:type\" content=\"image\/jpeg\" \/>\n<meta name=\"twitter:card\" content=\"summary_large_image\" \/>\n<meta name=\"twitter:site\" content=\"@AcuarioSupremus\" \/>\n<meta name=\"twitter:label1\" content=\"Tiempo de lectura\" \/>\n\t<meta name=\"twitter:data1\" content=\"1 minuto\" \/>\n<script type=\"application\/ld+json\" class=\"yoast-schema-graph\">{\"@context\":\"https:\\\/\\\/schema.org\",\"@graph\":[{\"@type\":\"WebPage\",\"@id\":\"https:\\\/\\\/acuariosupremus.com\\\/producto\\\/termometro-digital-rango-amplio-de-lectura-boyu-bt-04\\\/\",\"url\":\"https:\\\/\\\/acuariosupremus.com\\\/producto\\\/termometro-digital-rango-amplio-de-lectura-boyu-bt-04\\\/\",\"name\":\"Term\u00f3metro digital, BOYU BT-04. | Acuario Supremus\",\"isPartOf\":{\"@id\":\"https:\\\/\\\/acuariosupremus.com\\\/#website\"},\"primaryImageOfPage\":{\"@id\":\"https:\\\/\\\/acuariosupremus.com\\\/producto\\\/termometro-digital-rango-amplio-de-lectura-boyu-bt-04\\\/#primaryimage\"},\"image\":{\"@id\":\"https:\\\/\\\/acuariosupremus.com\\\/producto\\\/termometro-digital-rango-amplio-de-lectura-boyu-bt-04\\\/#primaryimage\"},\"thumbnailUrl\":\"https:\\\/\\\/acuariosupremus.com\\\/wp-content\\\/uploads\\\/2022\\\/05\\\/termometro_boyu_bt-04_03.jpg\",\"datePublished\":\"2022-05-07T19:52:40+00:00\",\"dateModified\":\"2025-05-11T00:49:34+00:00\",\"description\":\"Term\u00f3metro colorim\u00e9trico de pel\u00edcula termo-sensible para todo tipo de acuarios.\",\"breadcrumb\":{\"@id\":\"https:\\\/\\\/acuariosupremus.com\\\/producto\\\/termometro-digital-rango-amplio-de-lectura-boyu-bt-04\\\/#breadcrumb\"},\"inLanguage\":\"es\",\"potentialAction\":[{\"@type\":\"ReadAction\",\"target\":[\"https:\\\/\\\/acuariosupremus.com\\\/producto\\\/termometro-digital-rango-amplio-de-lectura-boyu-bt-04\\\/\"]}]},{\"@type\":\"ImageObject\",\"inLanguage\":\"es\",\"@id\":\"https:\\\/\\\/acuariosupremus.com\\\/producto\\\/termometro-digital-rango-amplio-de-lectura-boyu-bt-04\\\/#primaryimage\",\"url\":\"https:\\\/\\\/acuariosupremus.com\\\/wp-content\\\/uploads\\\/2022\\\/05\\\/termometro_boyu_bt-04_03.jpg\",\"contentUrl\":\"https:\\\/\\\/acuariosupremus.com\\\/wp-content\\\/uploads\\\/2022\\\/05\\\/termometro_boyu_bt-04_03.jpg\",\"width\":558,\"height\":558},{\"@type\":\"BreadcrumbList\",\"@id\":\"https:\\\/\\\/acuariosupremus.com\\\/producto\\\/termometro-digital-rango-amplio-de-lectura-boyu-bt-04\\\/#breadcrumb\",\"itemListElement\":[{\"@type\":\"ListItem\",\"position\":1,\"name\":\"Portada\",\"item\":\"https:\\\/\\\/acuariosupremus.com\\\/\"},{\"@type\":\"ListItem\",\"position\":2,\"name\":\"Tienda\",\"item\":\"https:\\\/\\\/acuariosupremus.com\\\/tienda\\\/\"},{\"@type\":\"ListItem\",\"position\":3,\"name\":\"Term\u00f3metro digital, BOYU BT-04.\"}]},{\"@type\":\"WebSite\",\"@id\":\"https:\\\/\\\/acuariosupremus.com\\\/#website\",\"url\":\"https:\\\/\\\/acuariosupremus.com\\\/\",\"name\":\"Acuario Supremus\",\"description\":\"Peces, Peceras y Mascotas.\",\"publisher\":{\"@id\":\"https:\\\/\\\/acuariosupremus.com\\\/#organization\"},\"potentialAction\":[{\"@type\":\"SearchAction\",\"target\":{\"@type\":\"EntryPoint\",\"urlTemplate\":\"https:\\\/\\\/acuariosupremus.com\\\/?s={search_term_string}\"},\"query-input\":{\"@type\":\"PropertyValueSpecification\",\"valueRequired\":true,\"valueName\":\"search_term_string\"}}],\"inLanguage\":\"es\"},{\"@type\":\"Organization\",\"@id\":\"https:\\\/\\\/acuariosupremus.com\\\/#organization\",\"name\":\"Acuario Supremus\",\"url\":\"https:\\\/\\\/acuariosupremus.com\\\/\",\"logo\":{\"@type\":\"ImageObject\",\"inLanguage\":\"es\",\"@id\":\"https:\\\/\\\/acuariosupremus.com\\\/#\\\/schema\\\/logo\\\/image\\\/\",\"url\":\"https:\\\/\\\/acuariosupremus.com\\\/wp-content\\\/uploads\\\/2021\\\/12\\\/cropped-logo_acuario_supremus_fn-2.png\",\"contentUrl\":\"https:\\\/\\\/acuariosupremus.com\\\/wp-content\\\/uploads\\\/2021\\\/12\\\/cropped-logo_acuario_supremus_fn-2.png\",\"width\":1000,\"height\":318,\"caption\":\"Acuario Supremus\"},\"image\":{\"@id\":\"https:\\\/\\\/acuariosupremus.com\\\/#\\\/schema\\\/logo\\\/image\\\/\"},\"sameAs\":[\"https:\\\/\\\/www.facebook.com\\\/AcuarioSupremus\",\"https:\\\/\\\/x.com\\\/AcuarioSupremus\",\"https:\\\/\\\/www.instagram.com\\\/acuariosupremus\\\/?hl=es\"]}]}<\/script>\n<!-- \/ Yoast SEO plugin. -->","yoast_head_json":{"title":"Term\u00f3metro digital, BOYU BT-04. | Acuario Supremus","description":"Term\u00f3metro colorim\u00e9trico de pel\u00edcula termo-sensible para todo tipo de acuarios.","robots":{"index":"index","follow":"follow","max-snippet":"max-snippet:-1","max-image-preview":"max-image-preview:large","max-video-preview":"max-video-preview:-1"},"canonical":"https:\/\/acuariosupremus.com\/producto\/termometro-digital-rango-amplio-de-lectura-boyu-bt-04\/","og_locale":"es_MX","og_type":"article","og_title":"Term\u00f3metro digital, BOYU BT-04. | Acuario Supremus","og_description":"Term\u00f3metro colorim\u00e9trico de pel\u00edcula termo-sensible para todo tipo de acuarios.","og_url":"https:\/\/acuariosupremus.com\/producto\/termometro-digital-rango-amplio-de-lectura-boyu-bt-04\/","og_site_name":"Acuario Supremus","article_publisher":"https:\/\/www.facebook.com\/AcuarioSupremus","article_modified_time":"2025-05-11T00:49:34+00:00","og_image":[{"width":558,"height":558,"url":"https:\/\/acuariosupremus.com\/wp-content\/uploads\/2022\/05\/termometro_boyu_bt-04_03.jpg","type":"image\/jpeg"}],"twitter_card":"summary_large_image","twitter_site":"@AcuarioSupremus","twitter_misc":{"Tiempo de lectura":"1 minuto"},"schema":{"@context":"https:\/\/schema.org","@graph":[{"@type":"WebPage","@id":"https:\/\/acuariosupremus.com\/producto\/termometro-digital-rango-amplio-de-lectura-boyu-bt-04\/","url":"https:\/\/acuariosupremus.com\/producto\/termometro-digital-rango-amplio-de-lectura-boyu-bt-04\/","name":"Term\u00f3metro digital, BOYU BT-04. | Acuario Supremus","isPartOf":{"@id":"https:\/\/acuariosupremus.com\/#website"},"primaryImageOfPage":{"@id":"https:\/\/acuariosupremus.com\/producto\/termometro-digital-rango-amplio-de-lectura-boyu-bt-04\/#primaryimage"},"image":{"@id":"https:\/\/acuariosupremus.com\/producto\/termometro-digital-rango-amplio-de-lectura-boyu-bt-04\/#primaryimage"},"thumbnailUrl":"https:\/\/acuariosupremus.com\/wp-content\/uploads\/2022\/05\/termometro_boyu_bt-04_03.jpg","datePublished":"2022-05-07T19:52:40+00:00","dateModified":"2025-05-11T00:49:34+00:00","description":"Term\u00f3metro colorim\u00e9trico de pel\u00edcula termo-sensible para todo tipo de acuarios.","breadcrumb":{"@id":"https:\/\/acuariosupremus.com\/producto\/termometro-digital-rango-amplio-de-lectura-boyu-bt-04\/#breadcrumb"},"inLanguage":"es","potentialAction":[{"@type":"ReadAction","target":["https:\/\/acuariosupremus.com\/producto\/termometro-digital-rango-amplio-de-lectura-boyu-bt-04\/"]}]},{"@type":"ImageObject","inLanguage":"es","@id":"https:\/\/acuariosupremus.com\/producto\/termometro-digital-rango-amplio-de-lectura-boyu-bt-04\/#primaryimage","url":"https:\/\/acuariosupremus.com\/wp-content\/uploads\/2022\/05\/termometro_boyu_bt-04_03.jpg","contentUrl":"https:\/\/acuariosupremus.com\/wp-content\/uploads\/2022\/05\/termometro_boyu_bt-04_03.jpg","width":558,"height":558},{"@type":"BreadcrumbList","@id":"https:\/\/acuariosupremus.com\/producto\/termometro-digital-rango-amplio-de-lectura-boyu-bt-04\/#breadcrumb","itemListElement":[{"@type":"ListItem","position":1,"name":"Portada","item":"https:\/\/acuariosupremus.com\/"},{"@type":"ListItem","position":2,"name":"Tienda","item":"https:\/\/acuariosupremus.com\/tienda\/"},{"@type":"ListItem","position":3,"name":"Term\u00f3metro digital, BOYU BT-04."}]},{"@type":"WebSite","@id":"https:\/\/acuariosupremus.com\/#website","url":"https:\/\/acuariosupremus.com\/","name":"Acuario Supremus","description":"Peces, Peceras y Mascotas.","publisher":{"@id":"https:\/\/acuariosupremus.com\/#organization"},"potentialAction":[{"@type":"SearchAction","target":{"@type":"EntryPoint","urlTemplate":"https:\/\/acuariosupremus.com\/?s={search_term_string}"},"query-input":{"@type":"PropertyValueSpecification","valueRequired":true,"valueName":"search_term_string"}}],"inLanguage":"es"},{"@type":"Organization","@id":"https:\/\/acuariosupremus.com\/#organization","name":"Acuario Supremus","url":"https:\/\/acuariosupremus.com\/","logo":{"@type":"ImageObject","inLanguage":"es","@id":"https:\/\/acuariosupremus.com\/#\/schema\/logo\/image\/","url":"https:\/\/acuariosupremus.com\/wp-content\/uploads\/2021\/12\/cropped-logo_acuario_supremus_fn-2.png","contentUrl":"https:\/\/acuariosupremus.com\/wp-content\/uploads\/2021\/12\/cropped-logo_acuario_supremus_fn-2.png","width":1000,"height":318,"caption":"Acuario Supremus"},"image":{"@id":"https:\/\/acuariosupremus.com\/#\/schema\/logo\/image\/"},"sameAs":["https:\/\/www.facebook.com\/AcuarioSupremus","https:\/\/x.com\/AcuarioSupremus","https:\/\/www.instagram.com\/acuariosupremus\/?hl=es"]}]}},"jetpack_sharing_enabled":true,"_links":{"self":[{"href":"https:\/\/acuariosupremus.com\/index.php?rest_route=\/wp\/v2\/product\/8787","targetHints":{"allow":["GET"]}}],"collection":[{"href":"https:\/\/acuariosupremus.com\/index.php?rest_route=\/wp\/v2\/product"}],"about":[{"href":"https:\/\/acuariosupremus.com\/index.php?rest_route=\/wp\/v2\/types\/product"}],"wp:featuredmedia":[{"embeddable":true,"href":"https:\/\/acuariosupremus.com\/index.php?rest_route=\/wp\/v2\/media\/8790"}],"wp:attachment":[{"href":"https:\/\/acuariosupremus.com\/index.php?rest_route=%2Fwp%2Fv2%2Fmedia&parent=8787"}],"wp:term":[{"taxonomy":"product_brand","embeddable":true,"href":"https:\/\/acuariosupremus.com\/index.php?rest_route=%2Fwp%2Fv2%2Fproduct_brand&post=8787"},{"taxonomy":"product_cat","embeddable":true,"href":"https:\/\/acuariosupremus.com\/index.php?rest_route=%2Fwp%2Fv2%2Fproduct_cat&post=8787"},{"taxonomy":"product_tag","embeddable":true,"href":"https:\/\/acuariosupremus.com\/index.php?rest_route=%2Fwp%2Fv2%2Fproduct_tag&post=8787"}],"curies":[{"name":"wp","href":"https:\/\/api.w.org\/{rel}","templated":true}]}}