{"id":8791,"date":"2022-05-07T14:59:43","date_gmt":"2022-05-07T19:59:43","guid":{"rendered":"https:\/\/acuariosupremus.com\/?post_type=product&#038;p=8791"},"modified":"2025-05-10T18:50:24","modified_gmt":"2025-05-11T00:50:24","slug":"termometro-de-cuarzo-liquido-ovalado-sumergible-boyu-bt-06","status":"publish","type":"product","link":"https:\/\/acuariosupremus.com\/?product=termometro-de-cuarzo-liquido-ovalado-sumergible-boyu-bt-06","title":{"rendered":"Term\u00f3metro de cuarzo l\u00edquido ovalado sumergible BOYU BT-06."},"content":{"rendered":"<p>Est\u00e1n alimentados con una pila incluida de 1.5v tipo bot\u00f3n (LR-44) que permitir\u00e1 una larga autonom\u00eda, mientras que su empaque de gran calidad protege eficazmente sus componentes el\u00e9ctricos de la humedad. Una ventosa permitir\u00e1 fijar el term\u00f3metro en cualquier punto bajo la superficie del agua, arrojando lecturas reales de temperatura en s\u00f3lo 15 minutos. Gracias a los componentes y acabados de alta calidad que ofrece este term\u00f3metro podremos disfrutar de un largo per\u00edodo de uso, obteniendo valiosa y confiable informaci\u00f3n por mucho tiempo.<\/p>\n<p>Peso neto: 15 (grs.) Peso con embalaje 30 (grs.) Dimensiones: 100 x 140 x 30 (l x a x h, mm) Dimensiones con embalaje: 60 x 27 x 58 (l x a x h, mm).<\/p>\n","protected":false},"excerpt":{"rendered":"<p>Precisos y confiables.<\/p>\n<p>Term\u00f3metro electr\u00f3nico sumergible para medir la temperatura del agua en todo tipo de acuarios con gran precisi\u00f3n. Presenta un elegante y sencillo dise\u00f1o que consiste en un display de cuarzo l\u00edquido de muy f\u00e1cil lectura con tres d\u00edgitos y una resoluci\u00f3n de 1\u00baC.<\/p>\n","protected":false},"featured_media":8792,"template":"","meta":[],"product_brand":[122],"product_cat":[40,64],"product_tag":[243],"class_list":{"0":"post-8791","1":"product","2":"type-product","3":"status-publish","4":"has-post-thumbnail","6":"product_brand-boyu","7":"product_cat-peces","8":"product_cat-termometros-y-densimetros","9":"product_tag-termometro","11":"first","12":"instock","13":"sale","14":"shipping-taxable","15":"purchasable","16":"product-type-simple"},"yoast_head":"<!-- This site is optimized with the Yoast SEO plugin v27.4 - https:\/\/yoast.com\/product\/yoast-seo-wordpress\/ -->\n<title>Term\u00f3metro de cuarzo l\u00edquido ovalado sumergible BOYU BT-06. | Acuario Supremus<\/title>\n<meta name=\"description\" content=\"Term\u00f3metro electr\u00f3nico sumergible para medir la temperatura del agua en todo tipo de acuarios con gran precisi\u00f3n.\" \/>\n<meta name=\"robots\" content=\"index, follow, max-snippet:-1, max-image-preview:large, max-video-preview:-1\" \/>\n<link rel=\"canonical\" href=\"https:\/\/acuariosupremus.com\/producto\/termometro-de-cuarzo-liquido-ovalado-sumergible-boyu-bt-06\/\" \/>\n<meta property=\"og:locale\" content=\"es_MX\" \/>\n<meta property=\"og:type\" content=\"article\" \/>\n<meta property=\"og:title\" content=\"Term\u00f3metro de cuarzo l\u00edquido ovalado sumergible BOYU BT-06. | Acuario Supremus\" \/>\n<meta property=\"og:description\" content=\"Term\u00f3metro electr\u00f3nico sumergible para medir la temperatura del agua en todo tipo de acuarios con gran precisi\u00f3n.\" \/>\n<meta property=\"og:url\" content=\"https:\/\/acuariosupremus.com\/producto\/termometro-de-cuarzo-liquido-ovalado-sumergible-boyu-bt-06\/\" \/>\n<meta property=\"og:site_name\" content=\"Acuario Supremus\" \/>\n<meta property=\"article:publisher\" content=\"https:\/\/www.facebook.com\/AcuarioSupremus\" \/>\n<meta property=\"article:modified_time\" content=\"2025-05-11T00:50:24+00:00\" \/>\n<meta property=\"og:image\" content=\"https:\/\/acuariosupremus.com\/wp-content\/uploads\/2022\/05\/termometro_boyu_bt-06_01.jpg\" \/>\n\t<meta property=\"og:image:width\" content=\"1250\" \/>\n\t<meta property=\"og:image:height\" content=\"1250\" \/>\n\t<meta property=\"og:image:type\" content=\"image\/jpeg\" \/>\n<meta name=\"twitter:card\" content=\"summary_large_image\" \/>\n<meta name=\"twitter:site\" content=\"@AcuarioSupremus\" \/>\n<meta name=\"twitter:label1\" content=\"Tiempo de lectura\" \/>\n\t<meta name=\"twitter:data1\" content=\"1 minuto\" \/>\n<script type=\"application\/ld+json\" class=\"yoast-schema-graph\">{\"@context\":\"https:\\\/\\\/schema.org\",\"@graph\":[{\"@type\":\"WebPage\",\"@id\":\"https:\\\/\\\/acuariosupremus.com\\\/producto\\\/termometro-de-cuarzo-liquido-ovalado-sumergible-boyu-bt-06\\\/\",\"url\":\"https:\\\/\\\/acuariosupremus.com\\\/producto\\\/termometro-de-cuarzo-liquido-ovalado-sumergible-boyu-bt-06\\\/\",\"name\":\"Term\u00f3metro de cuarzo l\u00edquido ovalado sumergible BOYU BT-06. | Acuario Supremus\",\"isPartOf\":{\"@id\":\"https:\\\/\\\/acuariosupremus.com\\\/#website\"},\"primaryImageOfPage\":{\"@id\":\"https:\\\/\\\/acuariosupremus.com\\\/producto\\\/termometro-de-cuarzo-liquido-ovalado-sumergible-boyu-bt-06\\\/#primaryimage\"},\"image\":{\"@id\":\"https:\\\/\\\/acuariosupremus.com\\\/producto\\\/termometro-de-cuarzo-liquido-ovalado-sumergible-boyu-bt-06\\\/#primaryimage\"},\"thumbnailUrl\":\"https:\\\/\\\/acuariosupremus.com\\\/wp-content\\\/uploads\\\/2022\\\/05\\\/termometro_boyu_bt-06_01.jpg\",\"datePublished\":\"2022-05-07T19:59:43+00:00\",\"dateModified\":\"2025-05-11T00:50:24+00:00\",\"description\":\"Term\u00f3metro electr\u00f3nico sumergible para medir la temperatura del agua en todo tipo de acuarios con gran precisi\u00f3n.\",\"breadcrumb\":{\"@id\":\"https:\\\/\\\/acuariosupremus.com\\\/producto\\\/termometro-de-cuarzo-liquido-ovalado-sumergible-boyu-bt-06\\\/#breadcrumb\"},\"inLanguage\":\"es\",\"potentialAction\":[{\"@type\":\"ReadAction\",\"target\":[\"https:\\\/\\\/acuariosupremus.com\\\/producto\\\/termometro-de-cuarzo-liquido-ovalado-sumergible-boyu-bt-06\\\/\"]}]},{\"@type\":\"ImageObject\",\"inLanguage\":\"es\",\"@id\":\"https:\\\/\\\/acuariosupremus.com\\\/producto\\\/termometro-de-cuarzo-liquido-ovalado-sumergible-boyu-bt-06\\\/#primaryimage\",\"url\":\"https:\\\/\\\/acuariosupremus.com\\\/wp-content\\\/uploads\\\/2022\\\/05\\\/termometro_boyu_bt-06_01.jpg\",\"contentUrl\":\"https:\\\/\\\/acuariosupremus.com\\\/wp-content\\\/uploads\\\/2022\\\/05\\\/termometro_boyu_bt-06_01.jpg\",\"width\":1250,\"height\":1250},{\"@type\":\"BreadcrumbList\",\"@id\":\"https:\\\/\\\/acuariosupremus.com\\\/producto\\\/termometro-de-cuarzo-liquido-ovalado-sumergible-boyu-bt-06\\\/#breadcrumb\",\"itemListElement\":[{\"@type\":\"ListItem\",\"position\":1,\"name\":\"Portada\",\"item\":\"https:\\\/\\\/acuariosupremus.com\\\/\"},{\"@type\":\"ListItem\",\"position\":2,\"name\":\"Tienda\",\"item\":\"https:\\\/\\\/acuariosupremus.com\\\/tienda\\\/\"},{\"@type\":\"ListItem\",\"position\":3,\"name\":\"Term\u00f3metro de cuarzo l\u00edquido ovalado sumergible BOYU BT-06.\"}]},{\"@type\":\"WebSite\",\"@id\":\"https:\\\/\\\/acuariosupremus.com\\\/#website\",\"url\":\"https:\\\/\\\/acuariosupremus.com\\\/\",\"name\":\"Acuario Supremus\",\"description\":\"Peces, Peceras y Mascotas.\",\"publisher\":{\"@id\":\"https:\\\/\\\/acuariosupremus.com\\\/#organization\"},\"potentialAction\":[{\"@type\":\"SearchAction\",\"target\":{\"@type\":\"EntryPoint\",\"urlTemplate\":\"https:\\\/\\\/acuariosupremus.com\\\/?s={search_term_string}\"},\"query-input\":{\"@type\":\"PropertyValueSpecification\",\"valueRequired\":true,\"valueName\":\"search_term_string\"}}],\"inLanguage\":\"es\"},{\"@type\":\"Organization\",\"@id\":\"https:\\\/\\\/acuariosupremus.com\\\/#organization\",\"name\":\"Acuario Supremus\",\"url\":\"https:\\\/\\\/acuariosupremus.com\\\/\",\"logo\":{\"@type\":\"ImageObject\",\"inLanguage\":\"es\",\"@id\":\"https:\\\/\\\/acuariosupremus.com\\\/#\\\/schema\\\/logo\\\/image\\\/\",\"url\":\"https:\\\/\\\/acuariosupremus.com\\\/wp-content\\\/uploads\\\/2021\\\/12\\\/cropped-logo_acuario_supremus_fn-2.png\",\"contentUrl\":\"https:\\\/\\\/acuariosupremus.com\\\/wp-content\\\/uploads\\\/2021\\\/12\\\/cropped-logo_acuario_supremus_fn-2.png\",\"width\":1000,\"height\":318,\"caption\":\"Acuario Supremus\"},\"image\":{\"@id\":\"https:\\\/\\\/acuariosupremus.com\\\/#\\\/schema\\\/logo\\\/image\\\/\"},\"sameAs\":[\"https:\\\/\\\/www.facebook.com\\\/AcuarioSupremus\",\"https:\\\/\\\/x.com\\\/AcuarioSupremus\",\"https:\\\/\\\/www.instagram.com\\\/acuariosupremus\\\/?hl=es\"]}]}<\/script>\n<!-- \/ Yoast SEO plugin. -->","yoast_head_json":{"title":"Term\u00f3metro de cuarzo l\u00edquido ovalado sumergible BOYU BT-06. | Acuario Supremus","description":"Term\u00f3metro electr\u00f3nico sumergible para medir la temperatura del agua en todo tipo de acuarios con gran precisi\u00f3n.","robots":{"index":"index","follow":"follow","max-snippet":"max-snippet:-1","max-image-preview":"max-image-preview:large","max-video-preview":"max-video-preview:-1"},"canonical":"https:\/\/acuariosupremus.com\/producto\/termometro-de-cuarzo-liquido-ovalado-sumergible-boyu-bt-06\/","og_locale":"es_MX","og_type":"article","og_title":"Term\u00f3metro de cuarzo l\u00edquido ovalado sumergible BOYU BT-06. | Acuario Supremus","og_description":"Term\u00f3metro electr\u00f3nico sumergible para medir la temperatura del agua en todo tipo de acuarios con gran precisi\u00f3n.","og_url":"https:\/\/acuariosupremus.com\/producto\/termometro-de-cuarzo-liquido-ovalado-sumergible-boyu-bt-06\/","og_site_name":"Acuario Supremus","article_publisher":"https:\/\/www.facebook.com\/AcuarioSupremus","article_modified_time":"2025-05-11T00:50:24+00:00","og_image":[{"width":1250,"height":1250,"url":"https:\/\/acuariosupremus.com\/wp-content\/uploads\/2022\/05\/termometro_boyu_bt-06_01.jpg","type":"image\/jpeg"}],"twitter_card":"summary_large_image","twitter_site":"@AcuarioSupremus","twitter_misc":{"Tiempo de lectura":"1 minuto"},"schema":{"@context":"https:\/\/schema.org","@graph":[{"@type":"WebPage","@id":"https:\/\/acuariosupremus.com\/producto\/termometro-de-cuarzo-liquido-ovalado-sumergible-boyu-bt-06\/","url":"https:\/\/acuariosupremus.com\/producto\/termometro-de-cuarzo-liquido-ovalado-sumergible-boyu-bt-06\/","name":"Term\u00f3metro de cuarzo l\u00edquido ovalado sumergible BOYU BT-06. | Acuario Supremus","isPartOf":{"@id":"https:\/\/acuariosupremus.com\/#website"},"primaryImageOfPage":{"@id":"https:\/\/acuariosupremus.com\/producto\/termometro-de-cuarzo-liquido-ovalado-sumergible-boyu-bt-06\/#primaryimage"},"image":{"@id":"https:\/\/acuariosupremus.com\/producto\/termometro-de-cuarzo-liquido-ovalado-sumergible-boyu-bt-06\/#primaryimage"},"thumbnailUrl":"https:\/\/acuariosupremus.com\/wp-content\/uploads\/2022\/05\/termometro_boyu_bt-06_01.jpg","datePublished":"2022-05-07T19:59:43+00:00","dateModified":"2025-05-11T00:50:24+00:00","description":"Term\u00f3metro electr\u00f3nico sumergible para medir la temperatura del agua en todo tipo de acuarios con gran precisi\u00f3n.","breadcrumb":{"@id":"https:\/\/acuariosupremus.com\/producto\/termometro-de-cuarzo-liquido-ovalado-sumergible-boyu-bt-06\/#breadcrumb"},"inLanguage":"es","potentialAction":[{"@type":"ReadAction","target":["https:\/\/acuariosupremus.com\/producto\/termometro-de-cuarzo-liquido-ovalado-sumergible-boyu-bt-06\/"]}]},{"@type":"ImageObject","inLanguage":"es","@id":"https:\/\/acuariosupremus.com\/producto\/termometro-de-cuarzo-liquido-ovalado-sumergible-boyu-bt-06\/#primaryimage","url":"https:\/\/acuariosupremus.com\/wp-content\/uploads\/2022\/05\/termometro_boyu_bt-06_01.jpg","contentUrl":"https:\/\/acuariosupremus.com\/wp-content\/uploads\/2022\/05\/termometro_boyu_bt-06_01.jpg","width":1250,"height":1250},{"@type":"BreadcrumbList","@id":"https:\/\/acuariosupremus.com\/producto\/termometro-de-cuarzo-liquido-ovalado-sumergible-boyu-bt-06\/#breadcrumb","itemListElement":[{"@type":"ListItem","position":1,"name":"Portada","item":"https:\/\/acuariosupremus.com\/"},{"@type":"ListItem","position":2,"name":"Tienda","item":"https:\/\/acuariosupremus.com\/tienda\/"},{"@type":"ListItem","position":3,"name":"Term\u00f3metro de cuarzo l\u00edquido ovalado sumergible BOYU BT-06."}]},{"@type":"WebSite","@id":"https:\/\/acuariosupremus.com\/#website","url":"https:\/\/acuariosupremus.com\/","name":"Acuario Supremus","description":"Peces, Peceras y Mascotas.","publisher":{"@id":"https:\/\/acuariosupremus.com\/#organization"},"potentialAction":[{"@type":"SearchAction","target":{"@type":"EntryPoint","urlTemplate":"https:\/\/acuariosupremus.com\/?s={search_term_string}"},"query-input":{"@type":"PropertyValueSpecification","valueRequired":true,"valueName":"search_term_string"}}],"inLanguage":"es"},{"@type":"Organization","@id":"https:\/\/acuariosupremus.com\/#organization","name":"Acuario Supremus","url":"https:\/\/acuariosupremus.com\/","logo":{"@type":"ImageObject","inLanguage":"es","@id":"https:\/\/acuariosupremus.com\/#\/schema\/logo\/image\/","url":"https:\/\/acuariosupremus.com\/wp-content\/uploads\/2021\/12\/cropped-logo_acuario_supremus_fn-2.png","contentUrl":"https:\/\/acuariosupremus.com\/wp-content\/uploads\/2021\/12\/cropped-logo_acuario_supremus_fn-2.png","width":1000,"height":318,"caption":"Acuario Supremus"},"image":{"@id":"https:\/\/acuariosupremus.com\/#\/schema\/logo\/image\/"},"sameAs":["https:\/\/www.facebook.com\/AcuarioSupremus","https:\/\/x.com\/AcuarioSupremus","https:\/\/www.instagram.com\/acuariosupremus\/?hl=es"]}]}},"jetpack_sharing_enabled":true,"_links":{"self":[{"href":"https:\/\/acuariosupremus.com\/index.php?rest_route=\/wp\/v2\/product\/8791","targetHints":{"allow":["GET"]}}],"collection":[{"href":"https:\/\/acuariosupremus.com\/index.php?rest_route=\/wp\/v2\/product"}],"about":[{"href":"https:\/\/acuariosupremus.com\/index.php?rest_route=\/wp\/v2\/types\/product"}],"wp:featuredmedia":[{"embeddable":true,"href":"https:\/\/acuariosupremus.com\/index.php?rest_route=\/wp\/v2\/media\/8792"}],"wp:attachment":[{"href":"https:\/\/acuariosupremus.com\/index.php?rest_route=%2Fwp%2Fv2%2Fmedia&parent=8791"}],"wp:term":[{"taxonomy":"product_brand","embeddable":true,"href":"https:\/\/acuariosupremus.com\/index.php?rest_route=%2Fwp%2Fv2%2Fproduct_brand&post=8791"},{"taxonomy":"product_cat","embeddable":true,"href":"https:\/\/acuariosupremus.com\/index.php?rest_route=%2Fwp%2Fv2%2Fproduct_cat&post=8791"},{"taxonomy":"product_tag","embeddable":true,"href":"https:\/\/acuariosupremus.com\/index.php?rest_route=%2Fwp%2Fv2%2Fproduct_tag&post=8791"}],"curies":[{"name":"wp","href":"https:\/\/api.w.org\/{rel}","templated":true}]}}