{"id":8823,"date":"2022-05-07T16:16:06","date_gmt":"2022-05-07T21:16:06","guid":{"rendered":"https:\/\/acuariosupremus.com\/?post_type=product&#038;p=8823"},"modified":"2025-05-10T19:02:17","modified_gmt":"2025-05-11T01:02:17","slug":"tenazas-para-sujecion-remota-de-plastico-larga-boyu-at-006","status":"publish","type":"product","link":"https:\/\/acuariosupremus.com\/?product=tenazas-para-sujecion-remota-de-plastico-larga-boyu-at-006","title":{"rendered":"Tenazas para sujeci\u00f3n remota de pl\u00e1stico larga, BOYU AT-006 ."},"content":{"rendered":"<p>Gracias a un ingenioso mecanismo de transmisi\u00f3n por varilla, los extremos de su pinza se cierran cuando pulsamos un bot\u00f3n situado en su extremo opuesto. Este bot\u00f3n tiene un recorrido de 10 mm. para cerrar la pinza, que ofrece una apertura m\u00e1xima de 25 mm. en estado de apertura. Al presionar sobre el bot\u00f3n de accionamiento obtendremos la sensibilidad necesaria para valorar el peso o dureza del objeto que manejamos. Esta l\u00ednea de tenazas cuenta con longitudes de 50 y 70 mm. para adaptarse a las distintas situaciones de accesibilidad de cada acuario. Est\u00e1n elaboradas con pl\u00e1stico at\u00f3xico de gran calidad para garantizar una gran resistencia y para poder ser usadas durante un largo per\u00edodo de tiempo. Su construcci\u00f3n est\u00e1 libre de metales, por lo que la oxidaci\u00f3n no ser\u00e1 un problema<\/p>\n<p>Longitud total 695 (mm) Longitud pinza 40 x 8 (I x a x mm) M\u00e1x. apertura 25 (mm) Recorrido accionador 10 (mm) Peso 75 (grs.) Peso con embalaje 85 Medidas embalaje 700 x 20 x 100 (mm).<\/p>\n","protected":false},"excerpt":{"rendered":"<p>Tenazas de sujeci\u00f3n remota.<\/p>\n<p>Tenazas pl\u00e1sticas muy robustas para sujetar y manipular objetos peque\u00f1os de forma remota. Muy a menudo los trabajos m\u00e1s delicados o que requieren mucha precisi\u00f3n y sensibilidad, son necesarios justo en la parte m\u00e1s profunda o inaccesible de nuestro acuario. Operaciones como limpiar o retirar un residuo, sembrar o recolocar una planta, mover elementos de nuestra decoraci\u00f3n o simplemente alcanzar un objeto que se cay\u00f3 al fondo de nuestro acuario puede representar un dif\u00edcil reto, sobre todo si no deseamos estresar a los peces, nuestro brazo no es lo suficiente mente largo o nuestra mano es demasiado grande para el lugar donde sucede el trabajo.<\/p>\n","protected":false},"featured_media":8824,"template":"","meta":[],"product_brand":[122],"product_cat":[40,56,62],"product_tag":[542,685],"class_list":{"0":"post-8823","1":"product","2":"type-product","3":"status-publish","4":"has-post-thumbnail","6":"product_brand-boyu","7":"product_cat-peces","8":"product_cat-plantas-naturales","9":"product_cat-sifon-rasquetas-mantenimiento","10":"product_tag-pinzas-corales-y-plantas","11":"product_tag-tenazas-para-sujecion-remota","13":"first","14":"instock","15":"shipping-taxable","16":"purchasable","17":"product-type-simple"},"yoast_head":"<!-- This site is optimized with the Yoast SEO plugin v27.4 - https:\/\/yoast.com\/product\/yoast-seo-wordpress\/ -->\n<title>Tenazas para sujeci\u00f3n remota de pl\u00e1stico larga, BOYU AT-006 . | Acuario Supremus<\/title>\n<meta name=\"description\" content=\"Tenazas de sujeci\u00f3n remota.Tenazas pl\u00e1sticas muy robustas para sujetar y manipular objetos peque\u00f1os de forma remota.\" \/>\n<meta name=\"robots\" content=\"index, follow, max-snippet:-1, max-image-preview:large, max-video-preview:-1\" \/>\n<link rel=\"canonical\" href=\"https:\/\/acuariosupremus.com\/producto\/tenazas-para-sujecion-remota-de-plastico-larga-boyu-at-006\/\" \/>\n<meta property=\"og:locale\" content=\"es_MX\" \/>\n<meta property=\"og:type\" content=\"article\" \/>\n<meta property=\"og:title\" content=\"Tenazas para sujeci\u00f3n remota de pl\u00e1stico larga, BOYU AT-006 . | Acuario Supremus\" \/>\n<meta property=\"og:description\" content=\"Tenazas de sujeci\u00f3n remota.Tenazas pl\u00e1sticas muy robustas para sujetar y manipular objetos peque\u00f1os de forma remota.\" \/>\n<meta property=\"og:url\" content=\"https:\/\/acuariosupremus.com\/producto\/tenazas-para-sujecion-remota-de-plastico-larga-boyu-at-006\/\" \/>\n<meta property=\"og:site_name\" content=\"Acuario Supremus\" \/>\n<meta property=\"article:publisher\" content=\"https:\/\/www.facebook.com\/AcuarioSupremus\" \/>\n<meta property=\"article:modified_time\" content=\"2025-05-11T01:02:17+00:00\" \/>\n<meta property=\"og:image\" content=\"https:\/\/acuariosupremus.com\/wp-content\/uploads\/2022\/05\/tenazas_sujeccion_remota_at_01.jpg\" \/>\n\t<meta property=\"og:image:width\" content=\"558\" \/>\n\t<meta property=\"og:image:height\" content=\"558\" \/>\n\t<meta property=\"og:image:type\" content=\"image\/jpeg\" \/>\n<meta name=\"twitter:card\" content=\"summary_large_image\" \/>\n<meta name=\"twitter:site\" content=\"@AcuarioSupremus\" \/>\n<meta name=\"twitter:label1\" content=\"Tiempo de lectura\" \/>\n\t<meta name=\"twitter:data1\" content=\"1 minuto\" \/>\n<script type=\"application\/ld+json\" class=\"yoast-schema-graph\">{\"@context\":\"https:\\\/\\\/schema.org\",\"@graph\":[{\"@type\":\"WebPage\",\"@id\":\"https:\\\/\\\/acuariosupremus.com\\\/producto\\\/tenazas-para-sujecion-remota-de-plastico-larga-boyu-at-006\\\/\",\"url\":\"https:\\\/\\\/acuariosupremus.com\\\/producto\\\/tenazas-para-sujecion-remota-de-plastico-larga-boyu-at-006\\\/\",\"name\":\"Tenazas para sujeci\u00f3n remota de pl\u00e1stico larga, BOYU AT-006 . | Acuario Supremus\",\"isPartOf\":{\"@id\":\"https:\\\/\\\/acuariosupremus.com\\\/#website\"},\"primaryImageOfPage\":{\"@id\":\"https:\\\/\\\/acuariosupremus.com\\\/producto\\\/tenazas-para-sujecion-remota-de-plastico-larga-boyu-at-006\\\/#primaryimage\"},\"image\":{\"@id\":\"https:\\\/\\\/acuariosupremus.com\\\/producto\\\/tenazas-para-sujecion-remota-de-plastico-larga-boyu-at-006\\\/#primaryimage\"},\"thumbnailUrl\":\"https:\\\/\\\/acuariosupremus.com\\\/wp-content\\\/uploads\\\/2022\\\/05\\\/tenazas_sujeccion_remota_at_01.jpg\",\"datePublished\":\"2022-05-07T21:16:06+00:00\",\"dateModified\":\"2025-05-11T01:02:17+00:00\",\"description\":\"Tenazas de sujeci\u00f3n remota.Tenazas pl\u00e1sticas muy robustas para sujetar y manipular objetos peque\u00f1os de forma remota.\",\"breadcrumb\":{\"@id\":\"https:\\\/\\\/acuariosupremus.com\\\/producto\\\/tenazas-para-sujecion-remota-de-plastico-larga-boyu-at-006\\\/#breadcrumb\"},\"inLanguage\":\"es\",\"potentialAction\":[{\"@type\":\"ReadAction\",\"target\":[\"https:\\\/\\\/acuariosupremus.com\\\/producto\\\/tenazas-para-sujecion-remota-de-plastico-larga-boyu-at-006\\\/\"]}]},{\"@type\":\"ImageObject\",\"inLanguage\":\"es\",\"@id\":\"https:\\\/\\\/acuariosupremus.com\\\/producto\\\/tenazas-para-sujecion-remota-de-plastico-larga-boyu-at-006\\\/#primaryimage\",\"url\":\"https:\\\/\\\/acuariosupremus.com\\\/wp-content\\\/uploads\\\/2022\\\/05\\\/tenazas_sujeccion_remota_at_01.jpg\",\"contentUrl\":\"https:\\\/\\\/acuariosupremus.com\\\/wp-content\\\/uploads\\\/2022\\\/05\\\/tenazas_sujeccion_remota_at_01.jpg\",\"width\":558,\"height\":558},{\"@type\":\"BreadcrumbList\",\"@id\":\"https:\\\/\\\/acuariosupremus.com\\\/producto\\\/tenazas-para-sujecion-remota-de-plastico-larga-boyu-at-006\\\/#breadcrumb\",\"itemListElement\":[{\"@type\":\"ListItem\",\"position\":1,\"name\":\"Portada\",\"item\":\"https:\\\/\\\/acuariosupremus.com\\\/\"},{\"@type\":\"ListItem\",\"position\":2,\"name\":\"Tienda\",\"item\":\"https:\\\/\\\/acuariosupremus.com\\\/tienda\\\/\"},{\"@type\":\"ListItem\",\"position\":3,\"name\":\"Tenazas para sujeci\u00f3n remota de pl\u00e1stico larga, BOYU AT-006 .\"}]},{\"@type\":\"WebSite\",\"@id\":\"https:\\\/\\\/acuariosupremus.com\\\/#website\",\"url\":\"https:\\\/\\\/acuariosupremus.com\\\/\",\"name\":\"Acuario Supremus\",\"description\":\"Peces, Peceras y Mascotas.\",\"publisher\":{\"@id\":\"https:\\\/\\\/acuariosupremus.com\\\/#organization\"},\"potentialAction\":[{\"@type\":\"SearchAction\",\"target\":{\"@type\":\"EntryPoint\",\"urlTemplate\":\"https:\\\/\\\/acuariosupremus.com\\\/?s={search_term_string}\"},\"query-input\":{\"@type\":\"PropertyValueSpecification\",\"valueRequired\":true,\"valueName\":\"search_term_string\"}}],\"inLanguage\":\"es\"},{\"@type\":\"Organization\",\"@id\":\"https:\\\/\\\/acuariosupremus.com\\\/#organization\",\"name\":\"Acuario Supremus\",\"url\":\"https:\\\/\\\/acuariosupremus.com\\\/\",\"logo\":{\"@type\":\"ImageObject\",\"inLanguage\":\"es\",\"@id\":\"https:\\\/\\\/acuariosupremus.com\\\/#\\\/schema\\\/logo\\\/image\\\/\",\"url\":\"https:\\\/\\\/acuariosupremus.com\\\/wp-content\\\/uploads\\\/2021\\\/12\\\/cropped-logo_acuario_supremus_fn-2.png\",\"contentUrl\":\"https:\\\/\\\/acuariosupremus.com\\\/wp-content\\\/uploads\\\/2021\\\/12\\\/cropped-logo_acuario_supremus_fn-2.png\",\"width\":1000,\"height\":318,\"caption\":\"Acuario Supremus\"},\"image\":{\"@id\":\"https:\\\/\\\/acuariosupremus.com\\\/#\\\/schema\\\/logo\\\/image\\\/\"},\"sameAs\":[\"https:\\\/\\\/www.facebook.com\\\/AcuarioSupremus\",\"https:\\\/\\\/x.com\\\/AcuarioSupremus\",\"https:\\\/\\\/www.instagram.com\\\/acuariosupremus\\\/?hl=es\"]}]}<\/script>\n<!-- \/ Yoast SEO plugin. -->","yoast_head_json":{"title":"Tenazas para sujeci\u00f3n remota de pl\u00e1stico larga, BOYU AT-006 . | Acuario Supremus","description":"Tenazas de sujeci\u00f3n remota.Tenazas pl\u00e1sticas muy robustas para sujetar y manipular objetos peque\u00f1os de forma remota.","robots":{"index":"index","follow":"follow","max-snippet":"max-snippet:-1","max-image-preview":"max-image-preview:large","max-video-preview":"max-video-preview:-1"},"canonical":"https:\/\/acuariosupremus.com\/producto\/tenazas-para-sujecion-remota-de-plastico-larga-boyu-at-006\/","og_locale":"es_MX","og_type":"article","og_title":"Tenazas para sujeci\u00f3n remota de pl\u00e1stico larga, BOYU AT-006 . | Acuario Supremus","og_description":"Tenazas de sujeci\u00f3n remota.Tenazas pl\u00e1sticas muy robustas para sujetar y manipular objetos peque\u00f1os de forma remota.","og_url":"https:\/\/acuariosupremus.com\/producto\/tenazas-para-sujecion-remota-de-plastico-larga-boyu-at-006\/","og_site_name":"Acuario Supremus","article_publisher":"https:\/\/www.facebook.com\/AcuarioSupremus","article_modified_time":"2025-05-11T01:02:17+00:00","og_image":[{"width":558,"height":558,"url":"https:\/\/acuariosupremus.com\/wp-content\/uploads\/2022\/05\/tenazas_sujeccion_remota_at_01.jpg","type":"image\/jpeg"}],"twitter_card":"summary_large_image","twitter_site":"@AcuarioSupremus","twitter_misc":{"Tiempo de lectura":"1 minuto"},"schema":{"@context":"https:\/\/schema.org","@graph":[{"@type":"WebPage","@id":"https:\/\/acuariosupremus.com\/producto\/tenazas-para-sujecion-remota-de-plastico-larga-boyu-at-006\/","url":"https:\/\/acuariosupremus.com\/producto\/tenazas-para-sujecion-remota-de-plastico-larga-boyu-at-006\/","name":"Tenazas para sujeci\u00f3n remota de pl\u00e1stico larga, BOYU AT-006 . | Acuario Supremus","isPartOf":{"@id":"https:\/\/acuariosupremus.com\/#website"},"primaryImageOfPage":{"@id":"https:\/\/acuariosupremus.com\/producto\/tenazas-para-sujecion-remota-de-plastico-larga-boyu-at-006\/#primaryimage"},"image":{"@id":"https:\/\/acuariosupremus.com\/producto\/tenazas-para-sujecion-remota-de-plastico-larga-boyu-at-006\/#primaryimage"},"thumbnailUrl":"https:\/\/acuariosupremus.com\/wp-content\/uploads\/2022\/05\/tenazas_sujeccion_remota_at_01.jpg","datePublished":"2022-05-07T21:16:06+00:00","dateModified":"2025-05-11T01:02:17+00:00","description":"Tenazas de sujeci\u00f3n remota.Tenazas pl\u00e1sticas muy robustas para sujetar y manipular objetos peque\u00f1os de forma remota.","breadcrumb":{"@id":"https:\/\/acuariosupremus.com\/producto\/tenazas-para-sujecion-remota-de-plastico-larga-boyu-at-006\/#breadcrumb"},"inLanguage":"es","potentialAction":[{"@type":"ReadAction","target":["https:\/\/acuariosupremus.com\/producto\/tenazas-para-sujecion-remota-de-plastico-larga-boyu-at-006\/"]}]},{"@type":"ImageObject","inLanguage":"es","@id":"https:\/\/acuariosupremus.com\/producto\/tenazas-para-sujecion-remota-de-plastico-larga-boyu-at-006\/#primaryimage","url":"https:\/\/acuariosupremus.com\/wp-content\/uploads\/2022\/05\/tenazas_sujeccion_remota_at_01.jpg","contentUrl":"https:\/\/acuariosupremus.com\/wp-content\/uploads\/2022\/05\/tenazas_sujeccion_remota_at_01.jpg","width":558,"height":558},{"@type":"BreadcrumbList","@id":"https:\/\/acuariosupremus.com\/producto\/tenazas-para-sujecion-remota-de-plastico-larga-boyu-at-006\/#breadcrumb","itemListElement":[{"@type":"ListItem","position":1,"name":"Portada","item":"https:\/\/acuariosupremus.com\/"},{"@type":"ListItem","position":2,"name":"Tienda","item":"https:\/\/acuariosupremus.com\/tienda\/"},{"@type":"ListItem","position":3,"name":"Tenazas para sujeci\u00f3n remota de pl\u00e1stico larga, BOYU AT-006 ."}]},{"@type":"WebSite","@id":"https:\/\/acuariosupremus.com\/#website","url":"https:\/\/acuariosupremus.com\/","name":"Acuario Supremus","description":"Peces, Peceras y Mascotas.","publisher":{"@id":"https:\/\/acuariosupremus.com\/#organization"},"potentialAction":[{"@type":"SearchAction","target":{"@type":"EntryPoint","urlTemplate":"https:\/\/acuariosupremus.com\/?s={search_term_string}"},"query-input":{"@type":"PropertyValueSpecification","valueRequired":true,"valueName":"search_term_string"}}],"inLanguage":"es"},{"@type":"Organization","@id":"https:\/\/acuariosupremus.com\/#organization","name":"Acuario Supremus","url":"https:\/\/acuariosupremus.com\/","logo":{"@type":"ImageObject","inLanguage":"es","@id":"https:\/\/acuariosupremus.com\/#\/schema\/logo\/image\/","url":"https:\/\/acuariosupremus.com\/wp-content\/uploads\/2021\/12\/cropped-logo_acuario_supremus_fn-2.png","contentUrl":"https:\/\/acuariosupremus.com\/wp-content\/uploads\/2021\/12\/cropped-logo_acuario_supremus_fn-2.png","width":1000,"height":318,"caption":"Acuario Supremus"},"image":{"@id":"https:\/\/acuariosupremus.com\/#\/schema\/logo\/image\/"},"sameAs":["https:\/\/www.facebook.com\/AcuarioSupremus","https:\/\/x.com\/AcuarioSupremus","https:\/\/www.instagram.com\/acuariosupremus\/?hl=es"]}]}},"jetpack_sharing_enabled":true,"_links":{"self":[{"href":"https:\/\/acuariosupremus.com\/index.php?rest_route=\/wp\/v2\/product\/8823","targetHints":{"allow":["GET"]}}],"collection":[{"href":"https:\/\/acuariosupremus.com\/index.php?rest_route=\/wp\/v2\/product"}],"about":[{"href":"https:\/\/acuariosupremus.com\/index.php?rest_route=\/wp\/v2\/types\/product"}],"wp:featuredmedia":[{"embeddable":true,"href":"https:\/\/acuariosupremus.com\/index.php?rest_route=\/wp\/v2\/media\/8824"}],"wp:attachment":[{"href":"https:\/\/acuariosupremus.com\/index.php?rest_route=%2Fwp%2Fv2%2Fmedia&parent=8823"}],"wp:term":[{"taxonomy":"product_brand","embeddable":true,"href":"https:\/\/acuariosupremus.com\/index.php?rest_route=%2Fwp%2Fv2%2Fproduct_brand&post=8823"},{"taxonomy":"product_cat","embeddable":true,"href":"https:\/\/acuariosupremus.com\/index.php?rest_route=%2Fwp%2Fv2%2Fproduct_cat&post=8823"},{"taxonomy":"product_tag","embeddable":true,"href":"https:\/\/acuariosupremus.com\/index.php?rest_route=%2Fwp%2Fv2%2Fproduct_tag&post=8823"}],"curies":[{"name":"wp","href":"https:\/\/api.w.org\/{rel}","templated":true}]}}