{"id":8830,"date":"2022-05-07T16:29:12","date_gmt":"2022-05-07T21:29:12","guid":{"rendered":"https:\/\/acuariosupremus.com\/?post_type=product&#038;p=8830"},"modified":"2025-12-26T19:13:55","modified_gmt":"2025-12-27T01:13:55","slug":"panel-plastico-perforado-para-separacion-boyu-apd-01","status":"publish","type":"product","link":"https:\/\/acuariosupremus.com\/?product=panel-plastico-perforado-para-separacion-boyu-apd-01","title":{"rendered":"Panel pl\u00e1stico perforado para separaci\u00f3n, BOYU-APD-01."},"content":{"rendered":"<p>Cuenta con un panel transparente con perforaciones circulares de un mil\u00edmetro y una separaci\u00f3n de seis mil\u00edmetros entre cada orificio. Puede instalarse en acuarios de hasta 30 cent\u00edmetros de ancho por 40 de alto, pudiendo recortar su longitud para adaptarlo a acuarios de diferentes anchuras. Gracias a las gu\u00edas fijadas mediante robustas ventosas puede quitar y poner el panel transparente en segundos sin desmontar el marco soporte. Esta soluci\u00f3n le permite ahorrar en un nuevo acuario con su propio sistema de filtraci\u00f3n cuando tenga que aislar a ciertas especies por distintos motivos, ya que en muchas ocasiones es deseable que ambas partes compartan las mismas condiciones de calidad de agua. Est\u00e1 elaborado con pl\u00e1sticos inertes al agua de alta calidad, que garantizar\u00e1n una larga vida \u00fatil y la posibilidad de realizar un tratamiento profil\u00e1ctico de su superficie antes de usarlo. A pesar de separar su acuario, su delgado pero robusto dise\u00f1o en negro y transparente no sacrificar\u00e1 excesivamente la est\u00e9tica de su acuario.<\/p>\n<p>Ventosas 4<br \/>\nPeso:205(grs.)<br \/>\nDimensiones: 300 x 400 x 75 (l x a x h, mm)<br \/>\nPeso con embalaje 0,230 (kg)<br \/>\nMedidas con embalaje 470 x 310 x 75 ( L x a x h, mm)<\/p>\n","protected":false},"excerpt":{"rendered":"<p>Separador simple y pr\u00e1ctico.<\/p>\n<p>Kit para separar su acuario de forma r\u00e1pida y sencilla. El separador perforado APD-01 es muy \u00fatil para gestionar el espacio de su acuario separando distintas \u00e1reas para posibilitar distintas tareas de observaci\u00f3n, reproducci\u00f3n, aclimataci\u00f3n, tratamientos o estabilizaci\u00f3n, tanto para agua dulce como para agua salada.<\/p>\n","protected":false},"featured_media":8831,"template":"","meta":[],"product_brand":[122],"product_cat":[40,66],"product_tag":[686],"class_list":{"0":"post-8830","1":"product","2":"type-product","3":"status-publish","4":"has-post-thumbnail","6":"product_brand-boyu","7":"product_cat-peces","8":"product_cat-varios","9":"product_tag-panel-para-separacion","11":"first","12":"instock","13":"sale","14":"shipping-taxable","15":"purchasable","16":"product-type-simple"},"yoast_head":"<!-- This site is optimized with the Yoast SEO plugin v27.4 - https:\/\/yoast.com\/product\/yoast-seo-wordpress\/ -->\n<title>Panel pl\u00e1stico perforado para separaci\u00f3n, BOYU-APD-01. | Acuario Supremus<\/title>\n<meta name=\"description\" content=\"El separador perforado APD-01 es muy \u00fatil para gestionar el espacio de su acuario separando distintas \u00e1reas tanto para agua dulce como para agua salada.\" \/>\n<meta name=\"robots\" content=\"index, follow, max-snippet:-1, max-image-preview:large, max-video-preview:-1\" \/>\n<link rel=\"canonical\" href=\"https:\/\/acuariosupremus.com\/?product=panel-plastico-perforado-para-separacion-boyu-apd-01\" \/>\n<meta property=\"og:locale\" content=\"es_MX\" \/>\n<meta property=\"og:type\" content=\"article\" \/>\n<meta property=\"og:title\" content=\"Panel pl\u00e1stico perforado para separaci\u00f3n, BOYU-APD-01. | Acuario Supremus\" \/>\n<meta property=\"og:description\" content=\"El separador perforado APD-01 es muy \u00fatil para gestionar el espacio de su acuario separando distintas \u00e1reas tanto para agua dulce como para agua salada.\" \/>\n<meta property=\"og:url\" content=\"https:\/\/acuariosupremus.com\/?product=panel-plastico-perforado-para-separacion-boyu-apd-01\" \/>\n<meta property=\"og:site_name\" content=\"Acuario Supremus\" \/>\n<meta property=\"article:publisher\" content=\"https:\/\/www.facebook.com\/AcuarioSupremus\" \/>\n<meta property=\"article:modified_time\" content=\"2025-12-27T01:13:55+00:00\" \/>\n<meta property=\"og:image\" content=\"https:\/\/acuariosupremus.com\/wp-content\/uploads\/2022\/05\/separador_perforado_apd-01_01.jpg\" \/>\n\t<meta property=\"og:image:width\" content=\"1250\" \/>\n\t<meta property=\"og:image:height\" content=\"1250\" \/>\n\t<meta property=\"og:image:type\" content=\"image\/jpeg\" \/>\n<meta name=\"twitter:card\" content=\"summary_large_image\" \/>\n<meta name=\"twitter:site\" content=\"@AcuarioSupremus\" \/>\n<meta name=\"twitter:label1\" content=\"Tiempo de lectura\" \/>\n\t<meta name=\"twitter:data1\" content=\"1 minuto\" \/>\n<script type=\"application\/ld+json\" class=\"yoast-schema-graph\">{\"@context\":\"https:\\\/\\\/schema.org\",\"@graph\":[{\"@type\":\"WebPage\",\"@id\":\"https:\\\/\\\/acuariosupremus.com\\\/?product=panel-plastico-perforado-para-separacion-boyu-apd-01\",\"url\":\"https:\\\/\\\/acuariosupremus.com\\\/?product=panel-plastico-perforado-para-separacion-boyu-apd-01\",\"name\":\"Panel pl\u00e1stico perforado para separaci\u00f3n, BOYU-APD-01. | Acuario Supremus\",\"isPartOf\":{\"@id\":\"https:\\\/\\\/acuariosupremus.com\\\/#website\"},\"primaryImageOfPage\":{\"@id\":\"https:\\\/\\\/acuariosupremus.com\\\/?product=panel-plastico-perforado-para-separacion-boyu-apd-01#primaryimage\"},\"image\":{\"@id\":\"https:\\\/\\\/acuariosupremus.com\\\/?product=panel-plastico-perforado-para-separacion-boyu-apd-01#primaryimage\"},\"thumbnailUrl\":\"https:\\\/\\\/acuariosupremus.com\\\/wp-content\\\/uploads\\\/2022\\\/05\\\/separador_perforado_apd-01_01.jpg\",\"datePublished\":\"2022-05-07T21:29:12+00:00\",\"dateModified\":\"2025-12-27T01:13:55+00:00\",\"description\":\"El separador perforado APD-01 es muy \u00fatil para gestionar el espacio de su acuario separando distintas \u00e1reas tanto para agua dulce como para agua salada.\",\"breadcrumb\":{\"@id\":\"https:\\\/\\\/acuariosupremus.com\\\/?product=panel-plastico-perforado-para-separacion-boyu-apd-01#breadcrumb\"},\"inLanguage\":\"es\",\"potentialAction\":[{\"@type\":\"ReadAction\",\"target\":[\"https:\\\/\\\/acuariosupremus.com\\\/?product=panel-plastico-perforado-para-separacion-boyu-apd-01\"]}]},{\"@type\":\"ImageObject\",\"inLanguage\":\"es\",\"@id\":\"https:\\\/\\\/acuariosupremus.com\\\/?product=panel-plastico-perforado-para-separacion-boyu-apd-01#primaryimage\",\"url\":\"https:\\\/\\\/acuariosupremus.com\\\/wp-content\\\/uploads\\\/2022\\\/05\\\/separador_perforado_apd-01_01.jpg\",\"contentUrl\":\"https:\\\/\\\/acuariosupremus.com\\\/wp-content\\\/uploads\\\/2022\\\/05\\\/separador_perforado_apd-01_01.jpg\",\"width\":1250,\"height\":1250},{\"@type\":\"BreadcrumbList\",\"@id\":\"https:\\\/\\\/acuariosupremus.com\\\/?product=panel-plastico-perforado-para-separacion-boyu-apd-01#breadcrumb\",\"itemListElement\":[{\"@type\":\"ListItem\",\"position\":1,\"name\":\"Portada\",\"item\":\"https:\\\/\\\/acuariosupremus.com\\\/\"},{\"@type\":\"ListItem\",\"position\":2,\"name\":\"Tienda\",\"item\":\"https:\\\/\\\/acuariosupremus.com\\\/tienda\\\/\"},{\"@type\":\"ListItem\",\"position\":3,\"name\":\"Panel pl\u00e1stico perforado para separaci\u00f3n, BOYU-APD-01.\"}]},{\"@type\":\"WebSite\",\"@id\":\"https:\\\/\\\/acuariosupremus.com\\\/#website\",\"url\":\"https:\\\/\\\/acuariosupremus.com\\\/\",\"name\":\"Acuario Supremus\",\"description\":\"Peces, Peceras y Mascotas.\",\"publisher\":{\"@id\":\"https:\\\/\\\/acuariosupremus.com\\\/#organization\"},\"potentialAction\":[{\"@type\":\"SearchAction\",\"target\":{\"@type\":\"EntryPoint\",\"urlTemplate\":\"https:\\\/\\\/acuariosupremus.com\\\/?s={search_term_string}\"},\"query-input\":{\"@type\":\"PropertyValueSpecification\",\"valueRequired\":true,\"valueName\":\"search_term_string\"}}],\"inLanguage\":\"es\"},{\"@type\":\"Organization\",\"@id\":\"https:\\\/\\\/acuariosupremus.com\\\/#organization\",\"name\":\"Acuario Supremus\",\"url\":\"https:\\\/\\\/acuariosupremus.com\\\/\",\"logo\":{\"@type\":\"ImageObject\",\"inLanguage\":\"es\",\"@id\":\"https:\\\/\\\/acuariosupremus.com\\\/#\\\/schema\\\/logo\\\/image\\\/\",\"url\":\"https:\\\/\\\/acuariosupremus.com\\\/wp-content\\\/uploads\\\/2021\\\/12\\\/cropped-logo_acuario_supremus_fn-2.png\",\"contentUrl\":\"https:\\\/\\\/acuariosupremus.com\\\/wp-content\\\/uploads\\\/2021\\\/12\\\/cropped-logo_acuario_supremus_fn-2.png\",\"width\":1000,\"height\":318,\"caption\":\"Acuario Supremus\"},\"image\":{\"@id\":\"https:\\\/\\\/acuariosupremus.com\\\/#\\\/schema\\\/logo\\\/image\\\/\"},\"sameAs\":[\"https:\\\/\\\/www.facebook.com\\\/AcuarioSupremus\",\"https:\\\/\\\/x.com\\\/AcuarioSupremus\",\"https:\\\/\\\/www.instagram.com\\\/acuariosupremus\\\/?hl=es\"]}]}<\/script>\n<!-- \/ Yoast SEO plugin. -->","yoast_head_json":{"title":"Panel pl\u00e1stico perforado para separaci\u00f3n, BOYU-APD-01. | Acuario Supremus","description":"El separador perforado APD-01 es muy \u00fatil para gestionar el espacio de su acuario separando distintas \u00e1reas tanto para agua dulce como para agua salada.","robots":{"index":"index","follow":"follow","max-snippet":"max-snippet:-1","max-image-preview":"max-image-preview:large","max-video-preview":"max-video-preview:-1"},"canonical":"https:\/\/acuariosupremus.com\/?product=panel-plastico-perforado-para-separacion-boyu-apd-01","og_locale":"es_MX","og_type":"article","og_title":"Panel pl\u00e1stico perforado para separaci\u00f3n, BOYU-APD-01. | Acuario Supremus","og_description":"El separador perforado APD-01 es muy \u00fatil para gestionar el espacio de su acuario separando distintas \u00e1reas tanto para agua dulce como para agua salada.","og_url":"https:\/\/acuariosupremus.com\/?product=panel-plastico-perforado-para-separacion-boyu-apd-01","og_site_name":"Acuario Supremus","article_publisher":"https:\/\/www.facebook.com\/AcuarioSupremus","article_modified_time":"2025-12-27T01:13:55+00:00","og_image":[{"width":1250,"height":1250,"url":"https:\/\/acuariosupremus.com\/wp-content\/uploads\/2022\/05\/separador_perforado_apd-01_01.jpg","type":"image\/jpeg"}],"twitter_card":"summary_large_image","twitter_site":"@AcuarioSupremus","twitter_misc":{"Tiempo de lectura":"1 minuto"},"schema":{"@context":"https:\/\/schema.org","@graph":[{"@type":"WebPage","@id":"https:\/\/acuariosupremus.com\/?product=panel-plastico-perforado-para-separacion-boyu-apd-01","url":"https:\/\/acuariosupremus.com\/?product=panel-plastico-perforado-para-separacion-boyu-apd-01","name":"Panel pl\u00e1stico perforado para separaci\u00f3n, BOYU-APD-01. | Acuario Supremus","isPartOf":{"@id":"https:\/\/acuariosupremus.com\/#website"},"primaryImageOfPage":{"@id":"https:\/\/acuariosupremus.com\/?product=panel-plastico-perforado-para-separacion-boyu-apd-01#primaryimage"},"image":{"@id":"https:\/\/acuariosupremus.com\/?product=panel-plastico-perforado-para-separacion-boyu-apd-01#primaryimage"},"thumbnailUrl":"https:\/\/acuariosupremus.com\/wp-content\/uploads\/2022\/05\/separador_perforado_apd-01_01.jpg","datePublished":"2022-05-07T21:29:12+00:00","dateModified":"2025-12-27T01:13:55+00:00","description":"El separador perforado APD-01 es muy \u00fatil para gestionar el espacio de su acuario separando distintas \u00e1reas tanto para agua dulce como para agua salada.","breadcrumb":{"@id":"https:\/\/acuariosupremus.com\/?product=panel-plastico-perforado-para-separacion-boyu-apd-01#breadcrumb"},"inLanguage":"es","potentialAction":[{"@type":"ReadAction","target":["https:\/\/acuariosupremus.com\/?product=panel-plastico-perforado-para-separacion-boyu-apd-01"]}]},{"@type":"ImageObject","inLanguage":"es","@id":"https:\/\/acuariosupremus.com\/?product=panel-plastico-perforado-para-separacion-boyu-apd-01#primaryimage","url":"https:\/\/acuariosupremus.com\/wp-content\/uploads\/2022\/05\/separador_perforado_apd-01_01.jpg","contentUrl":"https:\/\/acuariosupremus.com\/wp-content\/uploads\/2022\/05\/separador_perforado_apd-01_01.jpg","width":1250,"height":1250},{"@type":"BreadcrumbList","@id":"https:\/\/acuariosupremus.com\/?product=panel-plastico-perforado-para-separacion-boyu-apd-01#breadcrumb","itemListElement":[{"@type":"ListItem","position":1,"name":"Portada","item":"https:\/\/acuariosupremus.com\/"},{"@type":"ListItem","position":2,"name":"Tienda","item":"https:\/\/acuariosupremus.com\/tienda\/"},{"@type":"ListItem","position":3,"name":"Panel pl\u00e1stico perforado para separaci\u00f3n, BOYU-APD-01."}]},{"@type":"WebSite","@id":"https:\/\/acuariosupremus.com\/#website","url":"https:\/\/acuariosupremus.com\/","name":"Acuario Supremus","description":"Peces, Peceras y Mascotas.","publisher":{"@id":"https:\/\/acuariosupremus.com\/#organization"},"potentialAction":[{"@type":"SearchAction","target":{"@type":"EntryPoint","urlTemplate":"https:\/\/acuariosupremus.com\/?s={search_term_string}"},"query-input":{"@type":"PropertyValueSpecification","valueRequired":true,"valueName":"search_term_string"}}],"inLanguage":"es"},{"@type":"Organization","@id":"https:\/\/acuariosupremus.com\/#organization","name":"Acuario Supremus","url":"https:\/\/acuariosupremus.com\/","logo":{"@type":"ImageObject","inLanguage":"es","@id":"https:\/\/acuariosupremus.com\/#\/schema\/logo\/image\/","url":"https:\/\/acuariosupremus.com\/wp-content\/uploads\/2021\/12\/cropped-logo_acuario_supremus_fn-2.png","contentUrl":"https:\/\/acuariosupremus.com\/wp-content\/uploads\/2021\/12\/cropped-logo_acuario_supremus_fn-2.png","width":1000,"height":318,"caption":"Acuario Supremus"},"image":{"@id":"https:\/\/acuariosupremus.com\/#\/schema\/logo\/image\/"},"sameAs":["https:\/\/www.facebook.com\/AcuarioSupremus","https:\/\/x.com\/AcuarioSupremus","https:\/\/www.instagram.com\/acuariosupremus\/?hl=es"]}]}},"jetpack_sharing_enabled":true,"_links":{"self":[{"href":"https:\/\/acuariosupremus.com\/index.php?rest_route=\/wp\/v2\/product\/8830","targetHints":{"allow":["GET"]}}],"collection":[{"href":"https:\/\/acuariosupremus.com\/index.php?rest_route=\/wp\/v2\/product"}],"about":[{"href":"https:\/\/acuariosupremus.com\/index.php?rest_route=\/wp\/v2\/types\/product"}],"wp:featuredmedia":[{"embeddable":true,"href":"https:\/\/acuariosupremus.com\/index.php?rest_route=\/wp\/v2\/media\/8831"}],"wp:attachment":[{"href":"https:\/\/acuariosupremus.com\/index.php?rest_route=%2Fwp%2Fv2%2Fmedia&parent=8830"}],"wp:term":[{"taxonomy":"product_brand","embeddable":true,"href":"https:\/\/acuariosupremus.com\/index.php?rest_route=%2Fwp%2Fv2%2Fproduct_brand&post=8830"},{"taxonomy":"product_cat","embeddable":true,"href":"https:\/\/acuariosupremus.com\/index.php?rest_route=%2Fwp%2Fv2%2Fproduct_cat&post=8830"},{"taxonomy":"product_tag","embeddable":true,"href":"https:\/\/acuariosupremus.com\/index.php?rest_route=%2Fwp%2Fv2%2Fproduct_tag&post=8830"}],"curies":[{"name":"wp","href":"https:\/\/api.w.org\/{rel}","templated":true}]}}