{"id":8844,"date":"2022-05-07T16:58:52","date_gmt":"2022-05-07T21:58:52","guid":{"rendered":"https:\/\/acuariosupremus.com\/?post_type=product&#038;p=8844"},"modified":"2025-05-10T19:07:34","modified_gmt":"2025-05-11T01:07:34","slug":"maternidad-flotante-doble-con-tapa-boyu-fh-101","status":"publish","type":"product","link":"https:\/\/acuariosupremus.com\/?product=maternidad-flotante-doble-con-tapa-boyu-fh-101","title":{"rendered":"Maternidad flotante doble con tapa, BOYU FH-101."},"content":{"rendered":"<p>Esta l\u00ednea ofrece dos modelos: el FH-101 con 20 cent\u00edmetros de largo y dos compartimentos separables y el FH-102, con de 16 cent\u00edmetros de largo y un solo compartimento. El modelo FH-102 colecta y protege a los alevines con una tolva con forma de \u201cV\u201d a 45\u00b0 con una apertura de 2 mil\u00edmetros en el fondo que recorre la longitud de la maternidad. El modelo FH-101 cuenta con un doble fondo tipo coladera en sus dos compartimentos para tal fin<br \/>\nLa flotabilidad y estabilidad en el agua reside en sus dos c\u00e1maras de aire situadas en ambos extremos, y ambos modelos equipan dos ventosas a un costado para fijar el conjunto en un borde superior del acuario. Para garantizar la renovaci\u00f3n del agua presenta unos peque\u00f1os orificios en la base, mediante los cuales se produce la circulaci\u00f3n gracias a las turbulencias generadas por la nataci\u00f3n de los peces en el interior de la maternidad. Tambi\u00e9n se pueden usar para el aislamiento de peces y otros organismos para objetivos de aclimataci\u00f3n, aislamiento o durante su recuperaci\u00f3n por lesiones o enfermedades, y es muy \u00fatil en distintas etapas reproducci\u00f3n de diversos peces ov\u00edparos y otros organismos.<\/p>\n<p>Compartimentos\u00a0 2 (n\u00famero) Medidas\u00a0200 x 90 x 96 (l x a x h mm) Medidas con embalaje\u00a0210 x 100 x 105 (mm) Peso\u00a0195 (grs.) Peso con embalaje 245 (grs.).<\/p>\n","protected":false},"excerpt":{"rendered":"<p>El accesorio perfecto para la reproducci\u00f3n.<\/p>\n<p>Las Maternidades flotantes BOYU Serie FH proporcionan un h\u00e1bitat ideal para aislar a las hembras de peces viv\u00edparos y colectar sus cr\u00edas. Son desmontables y est\u00e1n fabricadas en pl\u00e1stico completamente transparente para reducir el estr\u00e9s de los peces y poder observar al detalle todo el proceso del parto.<\/p>\n","protected":false},"featured_media":8845,"template":"","meta":[],"product_brand":[122],"product_cat":[40,66],"product_tag":[247],"class_list":{"0":"post-8844","1":"product","2":"type-product","3":"status-publish","4":"has-post-thumbnail","6":"product_brand-boyu","7":"product_cat-peces","8":"product_cat-varios","9":"product_tag-maternidad","11":"first","12":"instock","13":"sale","14":"shipping-taxable","15":"purchasable","16":"product-type-simple"},"yoast_head":"<!-- This site is optimized with the Yoast SEO plugin v27.4 - https:\/\/yoast.com\/product\/yoast-seo-wordpress\/ -->\n<title>Maternidad flotante doble con tapa, BOYU FH-101. | Acuario Supremus<\/title>\n<meta name=\"description\" content=\"Las Maternidades flotantes BOYU Serie FH proporcionan un h\u00e1bitat ideal para aislar a las hembras de peces viv\u00edparos y colectar sus cr\u00edas.\" \/>\n<meta name=\"robots\" content=\"index, follow, max-snippet:-1, max-image-preview:large, max-video-preview:-1\" \/>\n<link rel=\"canonical\" href=\"https:\/\/acuariosupremus.com\/?product=maternidad-flotante-doble-con-tapa-boyu-fh-101\" \/>\n<meta property=\"og:locale\" content=\"es_MX\" \/>\n<meta property=\"og:type\" content=\"article\" \/>\n<meta property=\"og:title\" content=\"Maternidad flotante doble con tapa, BOYU FH-101. | Acuario Supremus\" \/>\n<meta property=\"og:description\" content=\"Las Maternidades flotantes BOYU Serie FH proporcionan un h\u00e1bitat ideal para aislar a las hembras de peces viv\u00edparos y colectar sus cr\u00edas.\" \/>\n<meta property=\"og:url\" content=\"https:\/\/acuariosupremus.com\/?product=maternidad-flotante-doble-con-tapa-boyu-fh-101\" \/>\n<meta property=\"og:site_name\" content=\"Acuario Supremus\" \/>\n<meta property=\"article:publisher\" content=\"https:\/\/www.facebook.com\/AcuarioSupremus\" \/>\n<meta property=\"article:modified_time\" content=\"2025-05-11T01:07:34+00:00\" \/>\n<meta property=\"og:image\" content=\"https:\/\/acuariosupremus.com\/wp-content\/uploads\/2022\/05\/maternidad_flotante_fh_01.jpg\" \/>\n\t<meta property=\"og:image:width\" content=\"1250\" \/>\n\t<meta property=\"og:image:height\" content=\"1250\" \/>\n\t<meta property=\"og:image:type\" content=\"image\/jpeg\" \/>\n<meta name=\"twitter:card\" content=\"summary_large_image\" \/>\n<meta name=\"twitter:site\" content=\"@AcuarioSupremus\" \/>\n<meta name=\"twitter:label1\" content=\"Tiempo de lectura\" \/>\n\t<meta name=\"twitter:data1\" content=\"2 minutos\" \/>\n<script type=\"application\/ld+json\" class=\"yoast-schema-graph\">{\"@context\":\"https:\\\/\\\/schema.org\",\"@graph\":[{\"@type\":\"WebPage\",\"@id\":\"https:\\\/\\\/acuariosupremus.com\\\/?product=maternidad-flotante-doble-con-tapa-boyu-fh-101\",\"url\":\"https:\\\/\\\/acuariosupremus.com\\\/?product=maternidad-flotante-doble-con-tapa-boyu-fh-101\",\"name\":\"Maternidad flotante doble con tapa, BOYU FH-101. | Acuario Supremus\",\"isPartOf\":{\"@id\":\"https:\\\/\\\/acuariosupremus.com\\\/#website\"},\"primaryImageOfPage\":{\"@id\":\"https:\\\/\\\/acuariosupremus.com\\\/?product=maternidad-flotante-doble-con-tapa-boyu-fh-101#primaryimage\"},\"image\":{\"@id\":\"https:\\\/\\\/acuariosupremus.com\\\/?product=maternidad-flotante-doble-con-tapa-boyu-fh-101#primaryimage\"},\"thumbnailUrl\":\"https:\\\/\\\/acuariosupremus.com\\\/wp-content\\\/uploads\\\/2022\\\/05\\\/maternidad_flotante_fh_01.jpg\",\"datePublished\":\"2022-05-07T21:58:52+00:00\",\"dateModified\":\"2025-05-11T01:07:34+00:00\",\"description\":\"Las Maternidades flotantes BOYU Serie FH proporcionan un h\u00e1bitat ideal para aislar a las hembras de peces viv\u00edparos y colectar sus cr\u00edas.\",\"breadcrumb\":{\"@id\":\"https:\\\/\\\/acuariosupremus.com\\\/?product=maternidad-flotante-doble-con-tapa-boyu-fh-101#breadcrumb\"},\"inLanguage\":\"es\",\"potentialAction\":[{\"@type\":\"ReadAction\",\"target\":[\"https:\\\/\\\/acuariosupremus.com\\\/?product=maternidad-flotante-doble-con-tapa-boyu-fh-101\"]}]},{\"@type\":\"ImageObject\",\"inLanguage\":\"es\",\"@id\":\"https:\\\/\\\/acuariosupremus.com\\\/?product=maternidad-flotante-doble-con-tapa-boyu-fh-101#primaryimage\",\"url\":\"https:\\\/\\\/acuariosupremus.com\\\/wp-content\\\/uploads\\\/2022\\\/05\\\/maternidad_flotante_fh_01.jpg\",\"contentUrl\":\"https:\\\/\\\/acuariosupremus.com\\\/wp-content\\\/uploads\\\/2022\\\/05\\\/maternidad_flotante_fh_01.jpg\",\"width\":1250,\"height\":1250},{\"@type\":\"BreadcrumbList\",\"@id\":\"https:\\\/\\\/acuariosupremus.com\\\/?product=maternidad-flotante-doble-con-tapa-boyu-fh-101#breadcrumb\",\"itemListElement\":[{\"@type\":\"ListItem\",\"position\":1,\"name\":\"Portada\",\"item\":\"https:\\\/\\\/acuariosupremus.com\\\/\"},{\"@type\":\"ListItem\",\"position\":2,\"name\":\"Tienda\",\"item\":\"https:\\\/\\\/acuariosupremus.com\\\/tienda\\\/\"},{\"@type\":\"ListItem\",\"position\":3,\"name\":\"Maternidad flotante doble con tapa, BOYU FH-101.\"}]},{\"@type\":\"WebSite\",\"@id\":\"https:\\\/\\\/acuariosupremus.com\\\/#website\",\"url\":\"https:\\\/\\\/acuariosupremus.com\\\/\",\"name\":\"Acuario Supremus\",\"description\":\"Peces, Peceras y Mascotas.\",\"publisher\":{\"@id\":\"https:\\\/\\\/acuariosupremus.com\\\/#organization\"},\"potentialAction\":[{\"@type\":\"SearchAction\",\"target\":{\"@type\":\"EntryPoint\",\"urlTemplate\":\"https:\\\/\\\/acuariosupremus.com\\\/?s={search_term_string}\"},\"query-input\":{\"@type\":\"PropertyValueSpecification\",\"valueRequired\":true,\"valueName\":\"search_term_string\"}}],\"inLanguage\":\"es\"},{\"@type\":\"Organization\",\"@id\":\"https:\\\/\\\/acuariosupremus.com\\\/#organization\",\"name\":\"Acuario Supremus\",\"url\":\"https:\\\/\\\/acuariosupremus.com\\\/\",\"logo\":{\"@type\":\"ImageObject\",\"inLanguage\":\"es\",\"@id\":\"https:\\\/\\\/acuariosupremus.com\\\/#\\\/schema\\\/logo\\\/image\\\/\",\"url\":\"https:\\\/\\\/acuariosupremus.com\\\/wp-content\\\/uploads\\\/2021\\\/12\\\/cropped-logo_acuario_supremus_fn-2.png\",\"contentUrl\":\"https:\\\/\\\/acuariosupremus.com\\\/wp-content\\\/uploads\\\/2021\\\/12\\\/cropped-logo_acuario_supremus_fn-2.png\",\"width\":1000,\"height\":318,\"caption\":\"Acuario Supremus\"},\"image\":{\"@id\":\"https:\\\/\\\/acuariosupremus.com\\\/#\\\/schema\\\/logo\\\/image\\\/\"},\"sameAs\":[\"https:\\\/\\\/www.facebook.com\\\/AcuarioSupremus\",\"https:\\\/\\\/x.com\\\/AcuarioSupremus\",\"https:\\\/\\\/www.instagram.com\\\/acuariosupremus\\\/?hl=es\"]}]}<\/script>\n<!-- \/ Yoast SEO plugin. -->","yoast_head_json":{"title":"Maternidad flotante doble con tapa, BOYU FH-101. | Acuario Supremus","description":"Las Maternidades flotantes BOYU Serie FH proporcionan un h\u00e1bitat ideal para aislar a las hembras de peces viv\u00edparos y colectar sus cr\u00edas.","robots":{"index":"index","follow":"follow","max-snippet":"max-snippet:-1","max-image-preview":"max-image-preview:large","max-video-preview":"max-video-preview:-1"},"canonical":"https:\/\/acuariosupremus.com\/?product=maternidad-flotante-doble-con-tapa-boyu-fh-101","og_locale":"es_MX","og_type":"article","og_title":"Maternidad flotante doble con tapa, BOYU FH-101. | Acuario Supremus","og_description":"Las Maternidades flotantes BOYU Serie FH proporcionan un h\u00e1bitat ideal para aislar a las hembras de peces viv\u00edparos y colectar sus cr\u00edas.","og_url":"https:\/\/acuariosupremus.com\/?product=maternidad-flotante-doble-con-tapa-boyu-fh-101","og_site_name":"Acuario Supremus","article_publisher":"https:\/\/www.facebook.com\/AcuarioSupremus","article_modified_time":"2025-05-11T01:07:34+00:00","og_image":[{"width":1250,"height":1250,"url":"https:\/\/acuariosupremus.com\/wp-content\/uploads\/2022\/05\/maternidad_flotante_fh_01.jpg","type":"image\/jpeg"}],"twitter_card":"summary_large_image","twitter_site":"@AcuarioSupremus","twitter_misc":{"Tiempo de lectura":"2 minutos"},"schema":{"@context":"https:\/\/schema.org","@graph":[{"@type":"WebPage","@id":"https:\/\/acuariosupremus.com\/?product=maternidad-flotante-doble-con-tapa-boyu-fh-101","url":"https:\/\/acuariosupremus.com\/?product=maternidad-flotante-doble-con-tapa-boyu-fh-101","name":"Maternidad flotante doble con tapa, BOYU FH-101. | Acuario Supremus","isPartOf":{"@id":"https:\/\/acuariosupremus.com\/#website"},"primaryImageOfPage":{"@id":"https:\/\/acuariosupremus.com\/?product=maternidad-flotante-doble-con-tapa-boyu-fh-101#primaryimage"},"image":{"@id":"https:\/\/acuariosupremus.com\/?product=maternidad-flotante-doble-con-tapa-boyu-fh-101#primaryimage"},"thumbnailUrl":"https:\/\/acuariosupremus.com\/wp-content\/uploads\/2022\/05\/maternidad_flotante_fh_01.jpg","datePublished":"2022-05-07T21:58:52+00:00","dateModified":"2025-05-11T01:07:34+00:00","description":"Las Maternidades flotantes BOYU Serie FH proporcionan un h\u00e1bitat ideal para aislar a las hembras de peces viv\u00edparos y colectar sus cr\u00edas.","breadcrumb":{"@id":"https:\/\/acuariosupremus.com\/?product=maternidad-flotante-doble-con-tapa-boyu-fh-101#breadcrumb"},"inLanguage":"es","potentialAction":[{"@type":"ReadAction","target":["https:\/\/acuariosupremus.com\/?product=maternidad-flotante-doble-con-tapa-boyu-fh-101"]}]},{"@type":"ImageObject","inLanguage":"es","@id":"https:\/\/acuariosupremus.com\/?product=maternidad-flotante-doble-con-tapa-boyu-fh-101#primaryimage","url":"https:\/\/acuariosupremus.com\/wp-content\/uploads\/2022\/05\/maternidad_flotante_fh_01.jpg","contentUrl":"https:\/\/acuariosupremus.com\/wp-content\/uploads\/2022\/05\/maternidad_flotante_fh_01.jpg","width":1250,"height":1250},{"@type":"BreadcrumbList","@id":"https:\/\/acuariosupremus.com\/?product=maternidad-flotante-doble-con-tapa-boyu-fh-101#breadcrumb","itemListElement":[{"@type":"ListItem","position":1,"name":"Portada","item":"https:\/\/acuariosupremus.com\/"},{"@type":"ListItem","position":2,"name":"Tienda","item":"https:\/\/acuariosupremus.com\/tienda\/"},{"@type":"ListItem","position":3,"name":"Maternidad flotante doble con tapa, BOYU FH-101."}]},{"@type":"WebSite","@id":"https:\/\/acuariosupremus.com\/#website","url":"https:\/\/acuariosupremus.com\/","name":"Acuario Supremus","description":"Peces, Peceras y Mascotas.","publisher":{"@id":"https:\/\/acuariosupremus.com\/#organization"},"potentialAction":[{"@type":"SearchAction","target":{"@type":"EntryPoint","urlTemplate":"https:\/\/acuariosupremus.com\/?s={search_term_string}"},"query-input":{"@type":"PropertyValueSpecification","valueRequired":true,"valueName":"search_term_string"}}],"inLanguage":"es"},{"@type":"Organization","@id":"https:\/\/acuariosupremus.com\/#organization","name":"Acuario Supremus","url":"https:\/\/acuariosupremus.com\/","logo":{"@type":"ImageObject","inLanguage":"es","@id":"https:\/\/acuariosupremus.com\/#\/schema\/logo\/image\/","url":"https:\/\/acuariosupremus.com\/wp-content\/uploads\/2021\/12\/cropped-logo_acuario_supremus_fn-2.png","contentUrl":"https:\/\/acuariosupremus.com\/wp-content\/uploads\/2021\/12\/cropped-logo_acuario_supremus_fn-2.png","width":1000,"height":318,"caption":"Acuario Supremus"},"image":{"@id":"https:\/\/acuariosupremus.com\/#\/schema\/logo\/image\/"},"sameAs":["https:\/\/www.facebook.com\/AcuarioSupremus","https:\/\/x.com\/AcuarioSupremus","https:\/\/www.instagram.com\/acuariosupremus\/?hl=es"]}]}},"jetpack_sharing_enabled":true,"_links":{"self":[{"href":"https:\/\/acuariosupremus.com\/index.php?rest_route=\/wp\/v2\/product\/8844","targetHints":{"allow":["GET"]}}],"collection":[{"href":"https:\/\/acuariosupremus.com\/index.php?rest_route=\/wp\/v2\/product"}],"about":[{"href":"https:\/\/acuariosupremus.com\/index.php?rest_route=\/wp\/v2\/types\/product"}],"wp:featuredmedia":[{"embeddable":true,"href":"https:\/\/acuariosupremus.com\/index.php?rest_route=\/wp\/v2\/media\/8845"}],"wp:attachment":[{"href":"https:\/\/acuariosupremus.com\/index.php?rest_route=%2Fwp%2Fv2%2Fmedia&parent=8844"}],"wp:term":[{"taxonomy":"product_brand","embeddable":true,"href":"https:\/\/acuariosupremus.com\/index.php?rest_route=%2Fwp%2Fv2%2Fproduct_brand&post=8844"},{"taxonomy":"product_cat","embeddable":true,"href":"https:\/\/acuariosupremus.com\/index.php?rest_route=%2Fwp%2Fv2%2Fproduct_cat&post=8844"},{"taxonomy":"product_tag","embeddable":true,"href":"https:\/\/acuariosupremus.com\/index.php?rest_route=%2Fwp%2Fv2%2Fproduct_tag&post=8844"}],"curies":[{"name":"wp","href":"https:\/\/api.w.org\/{rel}","templated":true}]}}