{"id":8866,"date":"2022-05-07T17:45:58","date_gmt":"2022-05-07T22:45:58","guid":{"rendered":"https:\/\/acuariosupremus.com\/?post_type=product&#038;p=8866"},"modified":"2025-12-26T19:23:45","modified_gmt":"2025-12-27T01:23:45","slug":"alimentador-automatico-de-pilas-boyu-zw-82","status":"publish","type":"product","link":"https:\/\/acuariosupremus.com\/?product=alimentador-automatico-de-pilas-boyu-zw-82","title":{"rendered":"Alimentador autom\u00e1tico de pilas BOYU ZW-82."},"content":{"rendered":"<p>Su reloj en tiempo real permitir\u00e1 ajustar el momento exacto en que ocurrir\u00e1 cada alimentaci\u00f3n, y un bot\u00f3n \u201cFeeder\u201d realizar\u00e1 una alimentaci\u00f3n adicional con cada pulsaci\u00f3n. Posee un dise\u00f1o especial en el tambor de almacenamiento y dosificaci\u00f3n, que gracias a un sencillo mecanismo motorizado activa un giro a 360\u00b0 que evita la condensaci\u00f3n de humedad causante de la alteraci\u00f3n en las propiedades de los alimentos. Puede seleccionar la cantidad exacta de alimento suministrado en cada toma gracias a un limitador ajustable de siete posiciones. Un robusto sistema de fijaci\u00f3n permite sujetar firmemente el alimentador al borde superior del acuario, o bien posarlo sobre su tapa.<\/p>\n<p>Modelo: ZW-82 Corriente: DC-3V (AC-DC\/V) Bater\u00edas: 2&#215;1.5 (AAA) (V) Display: LCD (led)\u00a0 Peso: 215 (grs.) Dimensiones: 139x96x120 (l x a x h, mm) Peso con embalaje 0,295 (kg) Medidas con embalaje 147 x 100 x 128 ( L x a x h, mm)Niveles de ajuste: 7 Resoluci\u00f3n: 0.pH pH 10.00 \u2013 14.00 Temp. operativa: 5-35 (\u00b0C) Hum. operativa: &gt; 90% (%).<\/p>\n","protected":false},"excerpt":{"rendered":"<p>El alimentador autom\u00e1tico de BOYU es la soluci\u00f3n ideal para alimentar a sus peces de forma regular y eficiente, suministrando la cantidad justa de alimento con la frecuencia deseada. Puede gestionar cualquier tipo de alimento seco, como escamas, gr\u00e1nulos, tabletas de fondo, pellets y micro-pellets. V\u00e1yase tranquilo de vacaciones; sus diferentes modos de programaci\u00f3n le permitir\u00e1n ajustar la frecuencia de alimentaci\u00f3n de forma sencilla gracias a su intuitiva y confiable interfaz.<\/p>\n","protected":false},"featured_media":8871,"template":"","meta":[],"product_brand":[122],"product_cat":[40,66],"product_tag":[248],"class_list":{"0":"post-8866","1":"product","2":"type-product","3":"status-publish","4":"has-post-thumbnail","6":"product_brand-boyu","7":"product_cat-peces","8":"product_cat-varios","9":"product_tag-alimentador-peces","11":"first","12":"instock","13":"sale","14":"shipping-taxable","15":"purchasable","16":"product-type-simple"},"yoast_head":"<!-- This site is optimized with the Yoast SEO plugin v27.4 - https:\/\/yoast.com\/product\/yoast-seo-wordpress\/ -->\n<title>Alimentador autom\u00e1tico de pilas BOYU ZW-82. | Acuario Supremus<\/title>\n<meta name=\"description\" content=\"El alimentador autom\u00e1tico de BOYU es la soluci\u00f3n ideal para alimentar a sus peces suministrando la cantidad justa de alimento con la frecuencia deseada.\" \/>\n<meta name=\"robots\" content=\"index, follow, max-snippet:-1, max-image-preview:large, max-video-preview:-1\" \/>\n<link rel=\"canonical\" href=\"https:\/\/acuariosupremus.com\/?product=alimentador-automatico-de-pilas-boyu-zw-82\" \/>\n<meta property=\"og:locale\" content=\"es_MX\" \/>\n<meta property=\"og:type\" content=\"article\" \/>\n<meta property=\"og:title\" content=\"Alimentador autom\u00e1tico de pilas BOYU ZW-82. | Acuario Supremus\" \/>\n<meta property=\"og:description\" content=\"El alimentador autom\u00e1tico de BOYU es la soluci\u00f3n ideal para alimentar a sus peces suministrando la cantidad justa de alimento con la frecuencia deseada.\" \/>\n<meta property=\"og:url\" content=\"https:\/\/acuariosupremus.com\/?product=alimentador-automatico-de-pilas-boyu-zw-82\" \/>\n<meta property=\"og:site_name\" content=\"Acuario Supremus\" \/>\n<meta property=\"article:publisher\" content=\"https:\/\/www.facebook.com\/AcuarioSupremus\" \/>\n<meta property=\"article:modified_time\" content=\"2025-12-27T01:23:45+00:00\" \/>\n<meta property=\"og:image\" content=\"https:\/\/acuariosupremus.com\/wp-content\/uploads\/2022\/05\/alimentador_zw82_01.jpg\" \/>\n\t<meta property=\"og:image:width\" content=\"558\" \/>\n\t<meta property=\"og:image:height\" content=\"558\" \/>\n\t<meta property=\"og:image:type\" content=\"image\/jpeg\" \/>\n<meta name=\"twitter:card\" content=\"summary_large_image\" \/>\n<meta name=\"twitter:site\" content=\"@AcuarioSupremus\" \/>\n<meta name=\"twitter:label1\" content=\"Tiempo de lectura\" \/>\n\t<meta name=\"twitter:data1\" content=\"1 minuto\" \/>\n<script type=\"application\/ld+json\" class=\"yoast-schema-graph\">{\"@context\":\"https:\\\/\\\/schema.org\",\"@graph\":[{\"@type\":\"WebPage\",\"@id\":\"https:\\\/\\\/acuariosupremus.com\\\/?product=alimentador-automatico-de-pilas-boyu-zw-82\",\"url\":\"https:\\\/\\\/acuariosupremus.com\\\/?product=alimentador-automatico-de-pilas-boyu-zw-82\",\"name\":\"Alimentador autom\u00e1tico de pilas BOYU ZW-82. | Acuario Supremus\",\"isPartOf\":{\"@id\":\"https:\\\/\\\/acuariosupremus.com\\\/#website\"},\"primaryImageOfPage\":{\"@id\":\"https:\\\/\\\/acuariosupremus.com\\\/?product=alimentador-automatico-de-pilas-boyu-zw-82#primaryimage\"},\"image\":{\"@id\":\"https:\\\/\\\/acuariosupremus.com\\\/?product=alimentador-automatico-de-pilas-boyu-zw-82#primaryimage\"},\"thumbnailUrl\":\"https:\\\/\\\/acuariosupremus.com\\\/wp-content\\\/uploads\\\/2022\\\/05\\\/alimentador_zw82_01.jpg\",\"datePublished\":\"2022-05-07T22:45:58+00:00\",\"dateModified\":\"2025-12-27T01:23:45+00:00\",\"description\":\"El alimentador autom\u00e1tico de BOYU es la soluci\u00f3n ideal para alimentar a sus peces suministrando la cantidad justa de alimento con la frecuencia deseada.\",\"breadcrumb\":{\"@id\":\"https:\\\/\\\/acuariosupremus.com\\\/?product=alimentador-automatico-de-pilas-boyu-zw-82#breadcrumb\"},\"inLanguage\":\"es\",\"potentialAction\":[{\"@type\":\"ReadAction\",\"target\":[\"https:\\\/\\\/acuariosupremus.com\\\/?product=alimentador-automatico-de-pilas-boyu-zw-82\"]}]},{\"@type\":\"ImageObject\",\"inLanguage\":\"es\",\"@id\":\"https:\\\/\\\/acuariosupremus.com\\\/?product=alimentador-automatico-de-pilas-boyu-zw-82#primaryimage\",\"url\":\"https:\\\/\\\/acuariosupremus.com\\\/wp-content\\\/uploads\\\/2022\\\/05\\\/alimentador_zw82_01.jpg\",\"contentUrl\":\"https:\\\/\\\/acuariosupremus.com\\\/wp-content\\\/uploads\\\/2022\\\/05\\\/alimentador_zw82_01.jpg\",\"width\":558,\"height\":558},{\"@type\":\"BreadcrumbList\",\"@id\":\"https:\\\/\\\/acuariosupremus.com\\\/?product=alimentador-automatico-de-pilas-boyu-zw-82#breadcrumb\",\"itemListElement\":[{\"@type\":\"ListItem\",\"position\":1,\"name\":\"Portada\",\"item\":\"https:\\\/\\\/acuariosupremus.com\\\/\"},{\"@type\":\"ListItem\",\"position\":2,\"name\":\"Tienda\",\"item\":\"https:\\\/\\\/acuariosupremus.com\\\/tienda\\\/\"},{\"@type\":\"ListItem\",\"position\":3,\"name\":\"Alimentador autom\u00e1tico de pilas BOYU ZW-82.\"}]},{\"@type\":\"WebSite\",\"@id\":\"https:\\\/\\\/acuariosupremus.com\\\/#website\",\"url\":\"https:\\\/\\\/acuariosupremus.com\\\/\",\"name\":\"Acuario Supremus\",\"description\":\"Peces, Peceras y Mascotas.\",\"publisher\":{\"@id\":\"https:\\\/\\\/acuariosupremus.com\\\/#organization\"},\"potentialAction\":[{\"@type\":\"SearchAction\",\"target\":{\"@type\":\"EntryPoint\",\"urlTemplate\":\"https:\\\/\\\/acuariosupremus.com\\\/?s={search_term_string}\"},\"query-input\":{\"@type\":\"PropertyValueSpecification\",\"valueRequired\":true,\"valueName\":\"search_term_string\"}}],\"inLanguage\":\"es\"},{\"@type\":\"Organization\",\"@id\":\"https:\\\/\\\/acuariosupremus.com\\\/#organization\",\"name\":\"Acuario Supremus\",\"url\":\"https:\\\/\\\/acuariosupremus.com\\\/\",\"logo\":{\"@type\":\"ImageObject\",\"inLanguage\":\"es\",\"@id\":\"https:\\\/\\\/acuariosupremus.com\\\/#\\\/schema\\\/logo\\\/image\\\/\",\"url\":\"https:\\\/\\\/acuariosupremus.com\\\/wp-content\\\/uploads\\\/2021\\\/12\\\/cropped-logo_acuario_supremus_fn-2.png\",\"contentUrl\":\"https:\\\/\\\/acuariosupremus.com\\\/wp-content\\\/uploads\\\/2021\\\/12\\\/cropped-logo_acuario_supremus_fn-2.png\",\"width\":1000,\"height\":318,\"caption\":\"Acuario Supremus\"},\"image\":{\"@id\":\"https:\\\/\\\/acuariosupremus.com\\\/#\\\/schema\\\/logo\\\/image\\\/\"},\"sameAs\":[\"https:\\\/\\\/www.facebook.com\\\/AcuarioSupremus\",\"https:\\\/\\\/x.com\\\/AcuarioSupremus\",\"https:\\\/\\\/www.instagram.com\\\/acuariosupremus\\\/?hl=es\"]}]}<\/script>\n<!-- \/ Yoast SEO plugin. -->","yoast_head_json":{"title":"Alimentador autom\u00e1tico de pilas BOYU ZW-82. | Acuario Supremus","description":"El alimentador autom\u00e1tico de BOYU es la soluci\u00f3n ideal para alimentar a sus peces suministrando la cantidad justa de alimento con la frecuencia deseada.","robots":{"index":"index","follow":"follow","max-snippet":"max-snippet:-1","max-image-preview":"max-image-preview:large","max-video-preview":"max-video-preview:-1"},"canonical":"https:\/\/acuariosupremus.com\/?product=alimentador-automatico-de-pilas-boyu-zw-82","og_locale":"es_MX","og_type":"article","og_title":"Alimentador autom\u00e1tico de pilas BOYU ZW-82. | Acuario Supremus","og_description":"El alimentador autom\u00e1tico de BOYU es la soluci\u00f3n ideal para alimentar a sus peces suministrando la cantidad justa de alimento con la frecuencia deseada.","og_url":"https:\/\/acuariosupremus.com\/?product=alimentador-automatico-de-pilas-boyu-zw-82","og_site_name":"Acuario Supremus","article_publisher":"https:\/\/www.facebook.com\/AcuarioSupremus","article_modified_time":"2025-12-27T01:23:45+00:00","og_image":[{"width":558,"height":558,"url":"https:\/\/acuariosupremus.com\/wp-content\/uploads\/2022\/05\/alimentador_zw82_01.jpg","type":"image\/jpeg"}],"twitter_card":"summary_large_image","twitter_site":"@AcuarioSupremus","twitter_misc":{"Tiempo de lectura":"1 minuto"},"schema":{"@context":"https:\/\/schema.org","@graph":[{"@type":"WebPage","@id":"https:\/\/acuariosupremus.com\/?product=alimentador-automatico-de-pilas-boyu-zw-82","url":"https:\/\/acuariosupremus.com\/?product=alimentador-automatico-de-pilas-boyu-zw-82","name":"Alimentador autom\u00e1tico de pilas BOYU ZW-82. | Acuario Supremus","isPartOf":{"@id":"https:\/\/acuariosupremus.com\/#website"},"primaryImageOfPage":{"@id":"https:\/\/acuariosupremus.com\/?product=alimentador-automatico-de-pilas-boyu-zw-82#primaryimage"},"image":{"@id":"https:\/\/acuariosupremus.com\/?product=alimentador-automatico-de-pilas-boyu-zw-82#primaryimage"},"thumbnailUrl":"https:\/\/acuariosupremus.com\/wp-content\/uploads\/2022\/05\/alimentador_zw82_01.jpg","datePublished":"2022-05-07T22:45:58+00:00","dateModified":"2025-12-27T01:23:45+00:00","description":"El alimentador autom\u00e1tico de BOYU es la soluci\u00f3n ideal para alimentar a sus peces suministrando la cantidad justa de alimento con la frecuencia deseada.","breadcrumb":{"@id":"https:\/\/acuariosupremus.com\/?product=alimentador-automatico-de-pilas-boyu-zw-82#breadcrumb"},"inLanguage":"es","potentialAction":[{"@type":"ReadAction","target":["https:\/\/acuariosupremus.com\/?product=alimentador-automatico-de-pilas-boyu-zw-82"]}]},{"@type":"ImageObject","inLanguage":"es","@id":"https:\/\/acuariosupremus.com\/?product=alimentador-automatico-de-pilas-boyu-zw-82#primaryimage","url":"https:\/\/acuariosupremus.com\/wp-content\/uploads\/2022\/05\/alimentador_zw82_01.jpg","contentUrl":"https:\/\/acuariosupremus.com\/wp-content\/uploads\/2022\/05\/alimentador_zw82_01.jpg","width":558,"height":558},{"@type":"BreadcrumbList","@id":"https:\/\/acuariosupremus.com\/?product=alimentador-automatico-de-pilas-boyu-zw-82#breadcrumb","itemListElement":[{"@type":"ListItem","position":1,"name":"Portada","item":"https:\/\/acuariosupremus.com\/"},{"@type":"ListItem","position":2,"name":"Tienda","item":"https:\/\/acuariosupremus.com\/tienda\/"},{"@type":"ListItem","position":3,"name":"Alimentador autom\u00e1tico de pilas BOYU ZW-82."}]},{"@type":"WebSite","@id":"https:\/\/acuariosupremus.com\/#website","url":"https:\/\/acuariosupremus.com\/","name":"Acuario Supremus","description":"Peces, Peceras y Mascotas.","publisher":{"@id":"https:\/\/acuariosupremus.com\/#organization"},"potentialAction":[{"@type":"SearchAction","target":{"@type":"EntryPoint","urlTemplate":"https:\/\/acuariosupremus.com\/?s={search_term_string}"},"query-input":{"@type":"PropertyValueSpecification","valueRequired":true,"valueName":"search_term_string"}}],"inLanguage":"es"},{"@type":"Organization","@id":"https:\/\/acuariosupremus.com\/#organization","name":"Acuario Supremus","url":"https:\/\/acuariosupremus.com\/","logo":{"@type":"ImageObject","inLanguage":"es","@id":"https:\/\/acuariosupremus.com\/#\/schema\/logo\/image\/","url":"https:\/\/acuariosupremus.com\/wp-content\/uploads\/2021\/12\/cropped-logo_acuario_supremus_fn-2.png","contentUrl":"https:\/\/acuariosupremus.com\/wp-content\/uploads\/2021\/12\/cropped-logo_acuario_supremus_fn-2.png","width":1000,"height":318,"caption":"Acuario Supremus"},"image":{"@id":"https:\/\/acuariosupremus.com\/#\/schema\/logo\/image\/"},"sameAs":["https:\/\/www.facebook.com\/AcuarioSupremus","https:\/\/x.com\/AcuarioSupremus","https:\/\/www.instagram.com\/acuariosupremus\/?hl=es"]}]}},"jetpack_sharing_enabled":true,"_links":{"self":[{"href":"https:\/\/acuariosupremus.com\/index.php?rest_route=\/wp\/v2\/product\/8866","targetHints":{"allow":["GET"]}}],"collection":[{"href":"https:\/\/acuariosupremus.com\/index.php?rest_route=\/wp\/v2\/product"}],"about":[{"href":"https:\/\/acuariosupremus.com\/index.php?rest_route=\/wp\/v2\/types\/product"}],"wp:featuredmedia":[{"embeddable":true,"href":"https:\/\/acuariosupremus.com\/index.php?rest_route=\/wp\/v2\/media\/8871"}],"wp:attachment":[{"href":"https:\/\/acuariosupremus.com\/index.php?rest_route=%2Fwp%2Fv2%2Fmedia&parent=8866"}],"wp:term":[{"taxonomy":"product_brand","embeddable":true,"href":"https:\/\/acuariosupremus.com\/index.php?rest_route=%2Fwp%2Fv2%2Fproduct_brand&post=8866"},{"taxonomy":"product_cat","embeddable":true,"href":"https:\/\/acuariosupremus.com\/index.php?rest_route=%2Fwp%2Fv2%2Fproduct_cat&post=8866"},{"taxonomy":"product_tag","embeddable":true,"href":"https:\/\/acuariosupremus.com\/index.php?rest_route=%2Fwp%2Fv2%2Fproduct_tag&post=8866"}],"curies":[{"name":"wp","href":"https:\/\/api.w.org\/{rel}","templated":true}]}}