{"id":8881,"date":"2022-05-07T18:40:59","date_gmt":"2022-05-07T23:40:59","guid":{"rendered":"https:\/\/acuariosupremus.com\/?post_type=product&#038;p=8881"},"modified":"2025-12-26T19:26:00","modified_gmt":"2025-12-27T01:26:00","slug":"monitor-electronico-del-ph-de-agua-boyu-ph-101","status":"publish","type":"product","link":"https:\/\/acuariosupremus.com\/?product=monitor-electronico-del-ph-de-agua-boyu-ph-101","title":{"rendered":"Monitor electr\u00f3nico del pH de agua, BOYU PH-101."},"content":{"rendered":"<p>El m\u00e9todo de calibraci\u00f3n es totalmente autom\u00e1tico y r\u00e1pido, y est\u00e1 basado en la referencia de unos fluidos de calibraci\u00f3n suministrados, siendo mucho m\u00e1s preciso que el tradicional m\u00e9todo manual. Utiliza un sensor externo de temperatura y un electrodo para pH presurizado de gran calidad y precisi\u00f3n para ofrecer lecturas muy confiables y precisas. Gracias a la gran calidad de sus componentes, este dispositivo disfruta de una larga vida de uso, ya que el electrodo de pH es intercambiable<\/p>\n<p>Modelo: PH-101 Corriente: DC-9V (AC-DC\/V) Long. Cable 120 (cm) Tipo de enchufe \u201cB\u201d 2 pines Peso: 200 (grs.) Dimensiones: 115 x 73 x 25 (l x a x h, mm) Peso con embalaje 0,530 (kg) Medidas con embalaje 265 x 210 x 70 ( L x a x h, mm).<\/p>\n","protected":false},"excerpt":{"rendered":"<p>Este pr\u00e1ctico dispositivo nos ofrece simult\u00e1neamente una lectura del valor pH y la temperatura de forma muy precisa y continua a trav\u00e9s de su gran display. Adem\u00e1s, nos ofrece la posibilidad de calibrar el valor pH para ofrecer una precisi\u00f3n centesimal, usando la temperatura para realizar una compensaci\u00f3n autom\u00e1tica de este importante par\u00e1metro del acuario.<\/p>\n","protected":false},"featured_media":8882,"template":"","meta":[],"product_brand":[122],"product_cat":[40,52],"product_tag":[590],"class_list":{"0":"post-8881","1":"product","2":"type-product","3":"status-publish","4":"has-post-thumbnail","6":"product_brand-boyu","7":"product_cat-peces","8":"product_cat-medidores","9":"product_tag-controlador-electronico-ph","11":"first","12":"instock","13":"sale","14":"shipping-taxable","15":"purchasable","16":"product-type-simple"},"yoast_head":"<!-- This site is optimized with the Yoast SEO plugin v27.4 - https:\/\/yoast.com\/product\/yoast-seo-wordpress\/ -->\n<title>Monitor electr\u00f3nico del pH de agua, BOYU PH-101. | Acuario Supremus<\/title>\n<meta name=\"description\" content=\"Este pr\u00e1ctico dispositivo nos ofrece simult\u00e1neamente una lectura del valor pH y la temperatura de forma muy precisa y continua a trav\u00e9s de su gran display.\" \/>\n<meta name=\"robots\" content=\"index, follow, max-snippet:-1, max-image-preview:large, max-video-preview:-1\" \/>\n<link rel=\"canonical\" href=\"https:\/\/acuariosupremus.com\/?product=monitor-electronico-del-ph-de-agua-boyu-ph-101\" \/>\n<meta property=\"og:locale\" content=\"es_MX\" \/>\n<meta property=\"og:type\" content=\"article\" \/>\n<meta property=\"og:title\" content=\"Monitor electr\u00f3nico del pH de agua, BOYU PH-101. | Acuario Supremus\" \/>\n<meta property=\"og:description\" content=\"Este pr\u00e1ctico dispositivo nos ofrece simult\u00e1neamente una lectura del valor pH y la temperatura de forma muy precisa y continua a trav\u00e9s de su gran display.\" \/>\n<meta property=\"og:url\" content=\"https:\/\/acuariosupremus.com\/?product=monitor-electronico-del-ph-de-agua-boyu-ph-101\" \/>\n<meta property=\"og:site_name\" content=\"Acuario Supremus\" \/>\n<meta property=\"article:publisher\" content=\"https:\/\/www.facebook.com\/AcuarioSupremus\" \/>\n<meta property=\"article:modified_time\" content=\"2025-12-27T01:26:00+00:00\" \/>\n<meta property=\"og:image\" content=\"https:\/\/acuariosupremus.com\/wp-content\/uploads\/2022\/05\/ph_tester_01.jpg\" \/>\n\t<meta property=\"og:image:width\" content=\"1250\" \/>\n\t<meta property=\"og:image:height\" content=\"1250\" \/>\n\t<meta property=\"og:image:type\" content=\"image\/jpeg\" \/>\n<meta name=\"twitter:card\" content=\"summary_large_image\" \/>\n<meta name=\"twitter:site\" content=\"@AcuarioSupremus\" \/>\n<meta name=\"twitter:label1\" content=\"Tiempo de lectura\" \/>\n\t<meta name=\"twitter:data1\" content=\"1 minuto\" \/>\n<script type=\"application\/ld+json\" class=\"yoast-schema-graph\">{\"@context\":\"https:\\\/\\\/schema.org\",\"@graph\":[{\"@type\":\"WebPage\",\"@id\":\"https:\\\/\\\/acuariosupremus.com\\\/?product=monitor-electronico-del-ph-de-agua-boyu-ph-101\",\"url\":\"https:\\\/\\\/acuariosupremus.com\\\/?product=monitor-electronico-del-ph-de-agua-boyu-ph-101\",\"name\":\"Monitor electr\u00f3nico del pH de agua, BOYU PH-101. | Acuario Supremus\",\"isPartOf\":{\"@id\":\"https:\\\/\\\/acuariosupremus.com\\\/#website\"},\"primaryImageOfPage\":{\"@id\":\"https:\\\/\\\/acuariosupremus.com\\\/?product=monitor-electronico-del-ph-de-agua-boyu-ph-101#primaryimage\"},\"image\":{\"@id\":\"https:\\\/\\\/acuariosupremus.com\\\/?product=monitor-electronico-del-ph-de-agua-boyu-ph-101#primaryimage\"},\"thumbnailUrl\":\"https:\\\/\\\/acuariosupremus.com\\\/wp-content\\\/uploads\\\/2022\\\/05\\\/ph_tester_01.jpg\",\"datePublished\":\"2022-05-07T23:40:59+00:00\",\"dateModified\":\"2025-12-27T01:26:00+00:00\",\"description\":\"Este pr\u00e1ctico dispositivo nos ofrece simult\u00e1neamente una lectura del valor pH y la temperatura de forma muy precisa y continua a trav\u00e9s de su gran display.\",\"breadcrumb\":{\"@id\":\"https:\\\/\\\/acuariosupremus.com\\\/?product=monitor-electronico-del-ph-de-agua-boyu-ph-101#breadcrumb\"},\"inLanguage\":\"es\",\"potentialAction\":[{\"@type\":\"ReadAction\",\"target\":[\"https:\\\/\\\/acuariosupremus.com\\\/?product=monitor-electronico-del-ph-de-agua-boyu-ph-101\"]}]},{\"@type\":\"ImageObject\",\"inLanguage\":\"es\",\"@id\":\"https:\\\/\\\/acuariosupremus.com\\\/?product=monitor-electronico-del-ph-de-agua-boyu-ph-101#primaryimage\",\"url\":\"https:\\\/\\\/acuariosupremus.com\\\/wp-content\\\/uploads\\\/2022\\\/05\\\/ph_tester_01.jpg\",\"contentUrl\":\"https:\\\/\\\/acuariosupremus.com\\\/wp-content\\\/uploads\\\/2022\\\/05\\\/ph_tester_01.jpg\",\"width\":1250,\"height\":1250},{\"@type\":\"BreadcrumbList\",\"@id\":\"https:\\\/\\\/acuariosupremus.com\\\/?product=monitor-electronico-del-ph-de-agua-boyu-ph-101#breadcrumb\",\"itemListElement\":[{\"@type\":\"ListItem\",\"position\":1,\"name\":\"Portada\",\"item\":\"https:\\\/\\\/acuariosupremus.com\\\/\"},{\"@type\":\"ListItem\",\"position\":2,\"name\":\"Tienda\",\"item\":\"https:\\\/\\\/acuariosupremus.com\\\/tienda\\\/\"},{\"@type\":\"ListItem\",\"position\":3,\"name\":\"Monitor electr\u00f3nico del pH de agua, BOYU PH-101.\"}]},{\"@type\":\"WebSite\",\"@id\":\"https:\\\/\\\/acuariosupremus.com\\\/#website\",\"url\":\"https:\\\/\\\/acuariosupremus.com\\\/\",\"name\":\"Acuario Supremus\",\"description\":\"Peces, Peceras y Mascotas.\",\"publisher\":{\"@id\":\"https:\\\/\\\/acuariosupremus.com\\\/#organization\"},\"potentialAction\":[{\"@type\":\"SearchAction\",\"target\":{\"@type\":\"EntryPoint\",\"urlTemplate\":\"https:\\\/\\\/acuariosupremus.com\\\/?s={search_term_string}\"},\"query-input\":{\"@type\":\"PropertyValueSpecification\",\"valueRequired\":true,\"valueName\":\"search_term_string\"}}],\"inLanguage\":\"es\"},{\"@type\":\"Organization\",\"@id\":\"https:\\\/\\\/acuariosupremus.com\\\/#organization\",\"name\":\"Acuario Supremus\",\"url\":\"https:\\\/\\\/acuariosupremus.com\\\/\",\"logo\":{\"@type\":\"ImageObject\",\"inLanguage\":\"es\",\"@id\":\"https:\\\/\\\/acuariosupremus.com\\\/#\\\/schema\\\/logo\\\/image\\\/\",\"url\":\"https:\\\/\\\/acuariosupremus.com\\\/wp-content\\\/uploads\\\/2021\\\/12\\\/cropped-logo_acuario_supremus_fn-2.png\",\"contentUrl\":\"https:\\\/\\\/acuariosupremus.com\\\/wp-content\\\/uploads\\\/2021\\\/12\\\/cropped-logo_acuario_supremus_fn-2.png\",\"width\":1000,\"height\":318,\"caption\":\"Acuario Supremus\"},\"image\":{\"@id\":\"https:\\\/\\\/acuariosupremus.com\\\/#\\\/schema\\\/logo\\\/image\\\/\"},\"sameAs\":[\"https:\\\/\\\/www.facebook.com\\\/AcuarioSupremus\",\"https:\\\/\\\/x.com\\\/AcuarioSupremus\",\"https:\\\/\\\/www.instagram.com\\\/acuariosupremus\\\/?hl=es\"]}]}<\/script>\n<!-- \/ Yoast SEO plugin. -->","yoast_head_json":{"title":"Monitor electr\u00f3nico del pH de agua, BOYU PH-101. | Acuario Supremus","description":"Este pr\u00e1ctico dispositivo nos ofrece simult\u00e1neamente una lectura del valor pH y la temperatura de forma muy precisa y continua a trav\u00e9s de su gran display.","robots":{"index":"index","follow":"follow","max-snippet":"max-snippet:-1","max-image-preview":"max-image-preview:large","max-video-preview":"max-video-preview:-1"},"canonical":"https:\/\/acuariosupremus.com\/?product=monitor-electronico-del-ph-de-agua-boyu-ph-101","og_locale":"es_MX","og_type":"article","og_title":"Monitor electr\u00f3nico del pH de agua, BOYU PH-101. | Acuario Supremus","og_description":"Este pr\u00e1ctico dispositivo nos ofrece simult\u00e1neamente una lectura del valor pH y la temperatura de forma muy precisa y continua a trav\u00e9s de su gran display.","og_url":"https:\/\/acuariosupremus.com\/?product=monitor-electronico-del-ph-de-agua-boyu-ph-101","og_site_name":"Acuario Supremus","article_publisher":"https:\/\/www.facebook.com\/AcuarioSupremus","article_modified_time":"2025-12-27T01:26:00+00:00","og_image":[{"width":1250,"height":1250,"url":"https:\/\/acuariosupremus.com\/wp-content\/uploads\/2022\/05\/ph_tester_01.jpg","type":"image\/jpeg"}],"twitter_card":"summary_large_image","twitter_site":"@AcuarioSupremus","twitter_misc":{"Tiempo de lectura":"1 minuto"},"schema":{"@context":"https:\/\/schema.org","@graph":[{"@type":"WebPage","@id":"https:\/\/acuariosupremus.com\/?product=monitor-electronico-del-ph-de-agua-boyu-ph-101","url":"https:\/\/acuariosupremus.com\/?product=monitor-electronico-del-ph-de-agua-boyu-ph-101","name":"Monitor electr\u00f3nico del pH de agua, BOYU PH-101. | Acuario Supremus","isPartOf":{"@id":"https:\/\/acuariosupremus.com\/#website"},"primaryImageOfPage":{"@id":"https:\/\/acuariosupremus.com\/?product=monitor-electronico-del-ph-de-agua-boyu-ph-101#primaryimage"},"image":{"@id":"https:\/\/acuariosupremus.com\/?product=monitor-electronico-del-ph-de-agua-boyu-ph-101#primaryimage"},"thumbnailUrl":"https:\/\/acuariosupremus.com\/wp-content\/uploads\/2022\/05\/ph_tester_01.jpg","datePublished":"2022-05-07T23:40:59+00:00","dateModified":"2025-12-27T01:26:00+00:00","description":"Este pr\u00e1ctico dispositivo nos ofrece simult\u00e1neamente una lectura del valor pH y la temperatura de forma muy precisa y continua a trav\u00e9s de su gran display.","breadcrumb":{"@id":"https:\/\/acuariosupremus.com\/?product=monitor-electronico-del-ph-de-agua-boyu-ph-101#breadcrumb"},"inLanguage":"es","potentialAction":[{"@type":"ReadAction","target":["https:\/\/acuariosupremus.com\/?product=monitor-electronico-del-ph-de-agua-boyu-ph-101"]}]},{"@type":"ImageObject","inLanguage":"es","@id":"https:\/\/acuariosupremus.com\/?product=monitor-electronico-del-ph-de-agua-boyu-ph-101#primaryimage","url":"https:\/\/acuariosupremus.com\/wp-content\/uploads\/2022\/05\/ph_tester_01.jpg","contentUrl":"https:\/\/acuariosupremus.com\/wp-content\/uploads\/2022\/05\/ph_tester_01.jpg","width":1250,"height":1250},{"@type":"BreadcrumbList","@id":"https:\/\/acuariosupremus.com\/?product=monitor-electronico-del-ph-de-agua-boyu-ph-101#breadcrumb","itemListElement":[{"@type":"ListItem","position":1,"name":"Portada","item":"https:\/\/acuariosupremus.com\/"},{"@type":"ListItem","position":2,"name":"Tienda","item":"https:\/\/acuariosupremus.com\/tienda\/"},{"@type":"ListItem","position":3,"name":"Monitor electr\u00f3nico del pH de agua, BOYU PH-101."}]},{"@type":"WebSite","@id":"https:\/\/acuariosupremus.com\/#website","url":"https:\/\/acuariosupremus.com\/","name":"Acuario Supremus","description":"Peces, Peceras y Mascotas.","publisher":{"@id":"https:\/\/acuariosupremus.com\/#organization"},"potentialAction":[{"@type":"SearchAction","target":{"@type":"EntryPoint","urlTemplate":"https:\/\/acuariosupremus.com\/?s={search_term_string}"},"query-input":{"@type":"PropertyValueSpecification","valueRequired":true,"valueName":"search_term_string"}}],"inLanguage":"es"},{"@type":"Organization","@id":"https:\/\/acuariosupremus.com\/#organization","name":"Acuario Supremus","url":"https:\/\/acuariosupremus.com\/","logo":{"@type":"ImageObject","inLanguage":"es","@id":"https:\/\/acuariosupremus.com\/#\/schema\/logo\/image\/","url":"https:\/\/acuariosupremus.com\/wp-content\/uploads\/2021\/12\/cropped-logo_acuario_supremus_fn-2.png","contentUrl":"https:\/\/acuariosupremus.com\/wp-content\/uploads\/2021\/12\/cropped-logo_acuario_supremus_fn-2.png","width":1000,"height":318,"caption":"Acuario Supremus"},"image":{"@id":"https:\/\/acuariosupremus.com\/#\/schema\/logo\/image\/"},"sameAs":["https:\/\/www.facebook.com\/AcuarioSupremus","https:\/\/x.com\/AcuarioSupremus","https:\/\/www.instagram.com\/acuariosupremus\/?hl=es"]}]}},"jetpack_sharing_enabled":true,"_links":{"self":[{"href":"https:\/\/acuariosupremus.com\/index.php?rest_route=\/wp\/v2\/product\/8881","targetHints":{"allow":["GET"]}}],"collection":[{"href":"https:\/\/acuariosupremus.com\/index.php?rest_route=\/wp\/v2\/product"}],"about":[{"href":"https:\/\/acuariosupremus.com\/index.php?rest_route=\/wp\/v2\/types\/product"}],"wp:featuredmedia":[{"embeddable":true,"href":"https:\/\/acuariosupremus.com\/index.php?rest_route=\/wp\/v2\/media\/8882"}],"wp:attachment":[{"href":"https:\/\/acuariosupremus.com\/index.php?rest_route=%2Fwp%2Fv2%2Fmedia&parent=8881"}],"wp:term":[{"taxonomy":"product_brand","embeddable":true,"href":"https:\/\/acuariosupremus.com\/index.php?rest_route=%2Fwp%2Fv2%2Fproduct_brand&post=8881"},{"taxonomy":"product_cat","embeddable":true,"href":"https:\/\/acuariosupremus.com\/index.php?rest_route=%2Fwp%2Fv2%2Fproduct_cat&post=8881"},{"taxonomy":"product_tag","embeddable":true,"href":"https:\/\/acuariosupremus.com\/index.php?rest_route=%2Fwp%2Fv2%2Fproduct_tag&post=8881"}],"curies":[{"name":"wp","href":"https:\/\/api.w.org\/{rel}","templated":true}]}}