{"id":8906,"date":"2022-05-08T17:19:01","date_gmt":"2022-05-08T22:19:01","guid":{"rendered":"https:\/\/acuariosupremus.com\/?post_type=product&#038;p=8906"},"modified":"2025-12-27T16:53:46","modified_gmt":"2025-12-27T22:53:46","slug":"stability-2-l-cepas-de-bacterias","status":"publish","type":"product","link":"https:\/\/acuariosupremus.com\/?product=stability-2-l-cepas-de-bacterias","title":{"rendered":"Stability 2 L, Cepas de Bacterias."},"content":{"rendered":"<p>El amon\u00edaco es el subproducto de desecho m\u00e1s abundante que producen las especies acu\u00e1ticas, origin\u00e1ndose mediante el proceso metab\u00f3lico de ciertas bacterias sobre las prote\u00ednas excretadas por los habitantes del acuario. Si esta sustancia t\u00f3xica no es eliminada de forma eficaz y continua se acumular\u00e1 haciendo la vida en el acuario insostenible. Las bacterias heter\u00f3trofas tambi\u00e9n convierten otros desechos org\u00e1nicos en amon\u00edaco. La filtraci\u00f3n biol\u00f3gica es un m\u00e9todo efectivo para solucionar la acumulaci\u00f3n del amon\u00edaco, el nitrito y el amonio en acuarios de agua dulce y salada mediante la percolaci\u00f3n del agua a trav\u00e9s de un filtro o reactor que contenga un medio filtrante con las bacterias apropiadas para metabolizar dichas sustancias. Stability\u00ae establece la poblaci\u00f3n de bacterias en el filtro biol\u00f3gico de forma r\u00e1pida y segura en sistemas de agua dulce y salada. De este modo previene la causa n\u00famero 1 de muerte de peces: \u201cel s\u00edndrome de tanque nuevo\u201d Stability\u2122 est\u00e1 formulado espec\u00edficamente para acuarios. Contiene un compuesto sin\u00e9rgico de bacterias areobias, anaerobias y facultativas, que facilitan la eliminaci\u00f3n de desechos org\u00e1nicos, amon\u00edaco, nitrito y nitrato. A diferencia de los productos de la competencia, usando Stability\u2122 no a\u00f1adimos sulfuros y no produciremos el t\u00f3xico \u00e1cido sulfh\u00eddrico. Stability\u2122 es totalmente inocuo para todos los organismos acu\u00e1ticos y plantas, de modo que no corremos riesgo de sobredosis. Stability\u2122 es el resultado de toda una d\u00e9cada de investigaci\u00f3n y desarrollo, representando la tecnolog\u00eda punta en cuanto a tratamiento biol\u00f3gico natural.<\/p>\n<p>Referencia: SC128, Producto: Stability 2 L. (67,6 oz. fl.), Tama\u00f1o: 120x120x250 mm. (l x a x h), Peso: 2.100 (Kg.).<\/p>\n","protected":false},"excerpt":{"rendered":"<p>Stability\u00ae establece la poblaci\u00f3n de bacterias en el filtro biol\u00f3gico de forma r\u00e1pida y segura en sistemas de agua dulce y salada. De este modo previene la causa n\u00famero 1 de muerte de peces: \u201cel s\u00edndrome de tanque nuevo\u201d Stability\u00ae representa a la tecnolog\u00eda punta en cuanto a tratamiento biol\u00f3gico natural.<\/p>\n","protected":false},"featured_media":8907,"template":"","meta":[],"product_brand":[123],"product_cat":[40,41],"product_tag":[135,531,706],"class_list":{"0":"post-8906","1":"product","2":"type-product","3":"status-publish","4":"has-post-thumbnail","6":"product_brand-seachem","7":"product_cat-peces","8":"product_cat-acondicionadores","9":"product_tag-bacteria-liquida","10":"product_tag-bacteria-liquida-pro","11":"product_tag-stability","13":"first","14":"instock","15":"sale","16":"shipping-taxable","17":"purchasable","18":"product-type-simple"},"yoast_head":"<!-- This site is optimized with the Yoast SEO plugin v27.4 - https:\/\/yoast.com\/product\/yoast-seo-wordpress\/ -->\n<title>Stability 2 L, Cepas de Bacterias. | Acuario Supremus<\/title>\n<meta name=\"description\" content=\"Stability\u00ae establece la poblaci\u00f3n de bacterias en el filtro biol\u00f3gico de forma r\u00e1pida y segura en sistemas de agua dulce y salada.\" \/>\n<meta name=\"robots\" content=\"index, follow, max-snippet:-1, max-image-preview:large, max-video-preview:-1\" \/>\n<link rel=\"canonical\" href=\"https:\/\/acuariosupremus.com\/?product=stability-2-l-cepas-de-bacterias\" \/>\n<meta property=\"og:locale\" content=\"es_MX\" \/>\n<meta property=\"og:type\" content=\"article\" \/>\n<meta property=\"og:title\" content=\"Stability 2 L, Cepas de Bacterias. | Acuario Supremus\" \/>\n<meta property=\"og:description\" content=\"Stability\u00ae establece la poblaci\u00f3n de bacterias en el filtro biol\u00f3gico de forma r\u00e1pida y segura en sistemas de agua dulce y salada.\" \/>\n<meta property=\"og:url\" content=\"https:\/\/acuariosupremus.com\/?product=stability-2-l-cepas-de-bacterias\" \/>\n<meta property=\"og:site_name\" content=\"Acuario Supremus\" \/>\n<meta property=\"article:publisher\" content=\"https:\/\/www.facebook.com\/AcuarioSupremus\" \/>\n<meta property=\"article:modified_time\" content=\"2025-12-27T22:53:46+00:00\" \/>\n<meta property=\"og:image\" content=\"https:\/\/acuariosupremus.com\/wp-content\/uploads\/2022\/05\/seachem_stability_06.jpg\" \/>\n\t<meta property=\"og:image:width\" content=\"1250\" \/>\n\t<meta property=\"og:image:height\" content=\"1250\" \/>\n\t<meta property=\"og:image:type\" content=\"image\/jpeg\" \/>\n<meta name=\"twitter:card\" content=\"summary_large_image\" \/>\n<meta name=\"twitter:site\" content=\"@AcuarioSupremus\" \/>\n<meta name=\"twitter:label1\" content=\"Tiempo de lectura\" \/>\n\t<meta name=\"twitter:data1\" content=\"2 minutos\" \/>\n<script type=\"application\/ld+json\" class=\"yoast-schema-graph\">{\"@context\":\"https:\\\/\\\/schema.org\",\"@graph\":[{\"@type\":\"WebPage\",\"@id\":\"https:\\\/\\\/acuariosupremus.com\\\/?product=stability-2-l-cepas-de-bacterias\",\"url\":\"https:\\\/\\\/acuariosupremus.com\\\/?product=stability-2-l-cepas-de-bacterias\",\"name\":\"Stability 2 L, Cepas de Bacterias. | Acuario Supremus\",\"isPartOf\":{\"@id\":\"https:\\\/\\\/acuariosupremus.com\\\/#website\"},\"primaryImageOfPage\":{\"@id\":\"https:\\\/\\\/acuariosupremus.com\\\/?product=stability-2-l-cepas-de-bacterias#primaryimage\"},\"image\":{\"@id\":\"https:\\\/\\\/acuariosupremus.com\\\/?product=stability-2-l-cepas-de-bacterias#primaryimage\"},\"thumbnailUrl\":\"https:\\\/\\\/acuariosupremus.com\\\/wp-content\\\/uploads\\\/2022\\\/05\\\/seachem_stability_06.jpg\",\"datePublished\":\"2022-05-08T22:19:01+00:00\",\"dateModified\":\"2025-12-27T22:53:46+00:00\",\"description\":\"Stability\u00ae establece la poblaci\u00f3n de bacterias en el filtro biol\u00f3gico de forma r\u00e1pida y segura en sistemas de agua dulce y salada.\",\"breadcrumb\":{\"@id\":\"https:\\\/\\\/acuariosupremus.com\\\/?product=stability-2-l-cepas-de-bacterias#breadcrumb\"},\"inLanguage\":\"es\",\"potentialAction\":[{\"@type\":\"ReadAction\",\"target\":[\"https:\\\/\\\/acuariosupremus.com\\\/?product=stability-2-l-cepas-de-bacterias\"]}]},{\"@type\":\"ImageObject\",\"inLanguage\":\"es\",\"@id\":\"https:\\\/\\\/acuariosupremus.com\\\/?product=stability-2-l-cepas-de-bacterias#primaryimage\",\"url\":\"https:\\\/\\\/acuariosupremus.com\\\/wp-content\\\/uploads\\\/2022\\\/05\\\/seachem_stability_06.jpg\",\"contentUrl\":\"https:\\\/\\\/acuariosupremus.com\\\/wp-content\\\/uploads\\\/2022\\\/05\\\/seachem_stability_06.jpg\",\"width\":1250,\"height\":1250},{\"@type\":\"BreadcrumbList\",\"@id\":\"https:\\\/\\\/acuariosupremus.com\\\/?product=stability-2-l-cepas-de-bacterias#breadcrumb\",\"itemListElement\":[{\"@type\":\"ListItem\",\"position\":1,\"name\":\"Portada\",\"item\":\"https:\\\/\\\/acuariosupremus.com\\\/\"},{\"@type\":\"ListItem\",\"position\":2,\"name\":\"Tienda\",\"item\":\"https:\\\/\\\/acuariosupremus.com\\\/tienda\\\/\"},{\"@type\":\"ListItem\",\"position\":3,\"name\":\"Stability 2 L, Cepas de Bacterias.\"}]},{\"@type\":\"WebSite\",\"@id\":\"https:\\\/\\\/acuariosupremus.com\\\/#website\",\"url\":\"https:\\\/\\\/acuariosupremus.com\\\/\",\"name\":\"Acuario Supremus\",\"description\":\"Peces, Peceras y Mascotas.\",\"publisher\":{\"@id\":\"https:\\\/\\\/acuariosupremus.com\\\/#organization\"},\"potentialAction\":[{\"@type\":\"SearchAction\",\"target\":{\"@type\":\"EntryPoint\",\"urlTemplate\":\"https:\\\/\\\/acuariosupremus.com\\\/?s={search_term_string}\"},\"query-input\":{\"@type\":\"PropertyValueSpecification\",\"valueRequired\":true,\"valueName\":\"search_term_string\"}}],\"inLanguage\":\"es\"},{\"@type\":\"Organization\",\"@id\":\"https:\\\/\\\/acuariosupremus.com\\\/#organization\",\"name\":\"Acuario Supremus\",\"url\":\"https:\\\/\\\/acuariosupremus.com\\\/\",\"logo\":{\"@type\":\"ImageObject\",\"inLanguage\":\"es\",\"@id\":\"https:\\\/\\\/acuariosupremus.com\\\/#\\\/schema\\\/logo\\\/image\\\/\",\"url\":\"https:\\\/\\\/acuariosupremus.com\\\/wp-content\\\/uploads\\\/2021\\\/12\\\/cropped-logo_acuario_supremus_fn-2.png\",\"contentUrl\":\"https:\\\/\\\/acuariosupremus.com\\\/wp-content\\\/uploads\\\/2021\\\/12\\\/cropped-logo_acuario_supremus_fn-2.png\",\"width\":1000,\"height\":318,\"caption\":\"Acuario Supremus\"},\"image\":{\"@id\":\"https:\\\/\\\/acuariosupremus.com\\\/#\\\/schema\\\/logo\\\/image\\\/\"},\"sameAs\":[\"https:\\\/\\\/www.facebook.com\\\/AcuarioSupremus\",\"https:\\\/\\\/x.com\\\/AcuarioSupremus\",\"https:\\\/\\\/www.instagram.com\\\/acuariosupremus\\\/?hl=es\"]}]}<\/script>\n<!-- \/ Yoast SEO plugin. -->","yoast_head_json":{"title":"Stability 2 L, Cepas de Bacterias. | Acuario Supremus","description":"Stability\u00ae establece la poblaci\u00f3n de bacterias en el filtro biol\u00f3gico de forma r\u00e1pida y segura en sistemas de agua dulce y salada.","robots":{"index":"index","follow":"follow","max-snippet":"max-snippet:-1","max-image-preview":"max-image-preview:large","max-video-preview":"max-video-preview:-1"},"canonical":"https:\/\/acuariosupremus.com\/?product=stability-2-l-cepas-de-bacterias","og_locale":"es_MX","og_type":"article","og_title":"Stability 2 L, Cepas de Bacterias. | Acuario Supremus","og_description":"Stability\u00ae establece la poblaci\u00f3n de bacterias en el filtro biol\u00f3gico de forma r\u00e1pida y segura en sistemas de agua dulce y salada.","og_url":"https:\/\/acuariosupremus.com\/?product=stability-2-l-cepas-de-bacterias","og_site_name":"Acuario Supremus","article_publisher":"https:\/\/www.facebook.com\/AcuarioSupremus","article_modified_time":"2025-12-27T22:53:46+00:00","og_image":[{"width":1250,"height":1250,"url":"https:\/\/acuariosupremus.com\/wp-content\/uploads\/2022\/05\/seachem_stability_06.jpg","type":"image\/jpeg"}],"twitter_card":"summary_large_image","twitter_site":"@AcuarioSupremus","twitter_misc":{"Tiempo de lectura":"2 minutos"},"schema":{"@context":"https:\/\/schema.org","@graph":[{"@type":"WebPage","@id":"https:\/\/acuariosupremus.com\/?product=stability-2-l-cepas-de-bacterias","url":"https:\/\/acuariosupremus.com\/?product=stability-2-l-cepas-de-bacterias","name":"Stability 2 L, Cepas de Bacterias. | Acuario Supremus","isPartOf":{"@id":"https:\/\/acuariosupremus.com\/#website"},"primaryImageOfPage":{"@id":"https:\/\/acuariosupremus.com\/?product=stability-2-l-cepas-de-bacterias#primaryimage"},"image":{"@id":"https:\/\/acuariosupremus.com\/?product=stability-2-l-cepas-de-bacterias#primaryimage"},"thumbnailUrl":"https:\/\/acuariosupremus.com\/wp-content\/uploads\/2022\/05\/seachem_stability_06.jpg","datePublished":"2022-05-08T22:19:01+00:00","dateModified":"2025-12-27T22:53:46+00:00","description":"Stability\u00ae establece la poblaci\u00f3n de bacterias en el filtro biol\u00f3gico de forma r\u00e1pida y segura en sistemas de agua dulce y salada.","breadcrumb":{"@id":"https:\/\/acuariosupremus.com\/?product=stability-2-l-cepas-de-bacterias#breadcrumb"},"inLanguage":"es","potentialAction":[{"@type":"ReadAction","target":["https:\/\/acuariosupremus.com\/?product=stability-2-l-cepas-de-bacterias"]}]},{"@type":"ImageObject","inLanguage":"es","@id":"https:\/\/acuariosupremus.com\/?product=stability-2-l-cepas-de-bacterias#primaryimage","url":"https:\/\/acuariosupremus.com\/wp-content\/uploads\/2022\/05\/seachem_stability_06.jpg","contentUrl":"https:\/\/acuariosupremus.com\/wp-content\/uploads\/2022\/05\/seachem_stability_06.jpg","width":1250,"height":1250},{"@type":"BreadcrumbList","@id":"https:\/\/acuariosupremus.com\/?product=stability-2-l-cepas-de-bacterias#breadcrumb","itemListElement":[{"@type":"ListItem","position":1,"name":"Portada","item":"https:\/\/acuariosupremus.com\/"},{"@type":"ListItem","position":2,"name":"Tienda","item":"https:\/\/acuariosupremus.com\/tienda\/"},{"@type":"ListItem","position":3,"name":"Stability 2 L, Cepas de Bacterias."}]},{"@type":"WebSite","@id":"https:\/\/acuariosupremus.com\/#website","url":"https:\/\/acuariosupremus.com\/","name":"Acuario Supremus","description":"Peces, Peceras y Mascotas.","publisher":{"@id":"https:\/\/acuariosupremus.com\/#organization"},"potentialAction":[{"@type":"SearchAction","target":{"@type":"EntryPoint","urlTemplate":"https:\/\/acuariosupremus.com\/?s={search_term_string}"},"query-input":{"@type":"PropertyValueSpecification","valueRequired":true,"valueName":"search_term_string"}}],"inLanguage":"es"},{"@type":"Organization","@id":"https:\/\/acuariosupremus.com\/#organization","name":"Acuario Supremus","url":"https:\/\/acuariosupremus.com\/","logo":{"@type":"ImageObject","inLanguage":"es","@id":"https:\/\/acuariosupremus.com\/#\/schema\/logo\/image\/","url":"https:\/\/acuariosupremus.com\/wp-content\/uploads\/2021\/12\/cropped-logo_acuario_supremus_fn-2.png","contentUrl":"https:\/\/acuariosupremus.com\/wp-content\/uploads\/2021\/12\/cropped-logo_acuario_supremus_fn-2.png","width":1000,"height":318,"caption":"Acuario Supremus"},"image":{"@id":"https:\/\/acuariosupremus.com\/#\/schema\/logo\/image\/"},"sameAs":["https:\/\/www.facebook.com\/AcuarioSupremus","https:\/\/x.com\/AcuarioSupremus","https:\/\/www.instagram.com\/acuariosupremus\/?hl=es"]}]}},"jetpack_sharing_enabled":true,"_links":{"self":[{"href":"https:\/\/acuariosupremus.com\/index.php?rest_route=\/wp\/v2\/product\/8906","targetHints":{"allow":["GET"]}}],"collection":[{"href":"https:\/\/acuariosupremus.com\/index.php?rest_route=\/wp\/v2\/product"}],"about":[{"href":"https:\/\/acuariosupremus.com\/index.php?rest_route=\/wp\/v2\/types\/product"}],"wp:featuredmedia":[{"embeddable":true,"href":"https:\/\/acuariosupremus.com\/index.php?rest_route=\/wp\/v2\/media\/8907"}],"wp:attachment":[{"href":"https:\/\/acuariosupremus.com\/index.php?rest_route=%2Fwp%2Fv2%2Fmedia&parent=8906"}],"wp:term":[{"taxonomy":"product_brand","embeddable":true,"href":"https:\/\/acuariosupremus.com\/index.php?rest_route=%2Fwp%2Fv2%2Fproduct_brand&post=8906"},{"taxonomy":"product_cat","embeddable":true,"href":"https:\/\/acuariosupremus.com\/index.php?rest_route=%2Fwp%2Fv2%2Fproduct_cat&post=8906"},{"taxonomy":"product_tag","embeddable":true,"href":"https:\/\/acuariosupremus.com\/index.php?rest_route=%2Fwp%2Fv2%2Fproduct_tag&post=8906"}],"curies":[{"name":"wp","href":"https:\/\/api.w.org\/{rel}","templated":true}]}}