{"id":8914,"date":"2022-05-08T19:12:38","date_gmt":"2022-05-09T00:12:38","guid":{"rendered":"https:\/\/acuariosupremus.com\/?post_type=product&#038;p=8914"},"modified":"2025-12-27T16:54:27","modified_gmt":"2025-12-27T22:54:27","slug":"clarity-500-ml-aclarador-de-agua","status":"publish","type":"product","link":"https:\/\/acuariosupremus.com\/?product=clarity-500-ml-aclarador-de-agua","title":{"rendered":"Clarity 500 ml, Aclarador de agua."},"content":{"rendered":"<p>La turbidez en el agua de un acuario puede originarse por varias causas. Las m\u00e1s comunes provienen del levantamiento de part\u00edculas provenientes del sustrato al llenar el acuario o realizar labores de mantenimiento. Tambi\u00e9n puede producirse mediante la precipitaci\u00f3n de alg\u00fan aditivo o alguna reacci\u00f3n bacteriana descontrolada que puede desembocar en un agua \u201clechosa\u201d.<br \/>\nClarity \u2122 es el \u00fanico clarificador en el mercado que resolver\u00e1 de forma r\u00e1pida y eficiente esta turbidez sin importar cu\u00e1l sea su origen. Con este aditivo cualquier planta o invertebrado de agua dulce o salada est\u00e1n fuera de riesgo de ser intoxicados. El agua turbia est\u00e1 formada por diminutas part\u00edculas flotantes, tan peque\u00f1as que son imposibles de ver a simple vista y su filtro mec\u00e1nico no puede retener. Al a\u00f1adir Clarity \u2122 ver\u00e1 c\u00f3mo comienza a formarse como una \u201cnube\u201d en su acuario. Esto es totalmente normal y significa que Clarity \u2122 ya comenz\u00f3 a trabajar. Su acci\u00f3n consiste en unir estas part\u00edculas en grupos m\u00e1s grandes y pesados llamados fl\u00f3culos. De este modo su filtro mec\u00e1nico ahora podr\u00e1 retenerlos, ya que debido a su mayor tama\u00f1o ya no pasar\u00e1 a trav\u00e9s del medio filtrante.<\/p>\n<p>Producto: Clarity 500ml. , Tama\u00f1o: 62 x 61 x 195 mm. (l x a x h), Peso: 0.555 (Kg.).<\/p>\n","protected":false},"excerpt":{"rendered":"<p>Clarity \u2122 es el clarificador definitivo para acuarios de agua dulce y agua salada. Contiene un avanzado agente floculante polim\u00e9rico totalmente inocuo tanto para acuarios de arrecife como plantados. Soluciona de forma r\u00e1pida y eficaz el problema de la turbidez tanto si es de origen org\u00e1nico como inorg\u00e1nico.<\/p>\n","protected":false},"featured_media":8915,"template":"","meta":[],"product_brand":[123],"product_cat":[40,41],"product_tag":[710,133,601],"class_list":{"0":"post-8914","1":"product","2":"type-product","3":"status-publish","4":"has-post-thumbnail","6":"product_brand-seachem","7":"product_cat-peces","8":"product_cat-acondicionadores","9":"product_tag-clarity","10":"product_tag-cristalizador","11":"product_tag-cristalizador-plus","13":"first","14":"instock","15":"sale","16":"shipping-taxable","17":"purchasable","18":"product-type-simple"},"yoast_head":"<!-- This site is optimized with the Yoast SEO plugin v27.4 - https:\/\/yoast.com\/product\/yoast-seo-wordpress\/ -->\n<title>Clarity 500 ml, Aclarador de agua. | Acuario Supremus<\/title>\n<meta name=\"description\" content=\"Clarity \u2122 es el clarificador definitivo para acuarios de agua dulce y agua salada. Contiene un avanzado agente floculante polim\u00e9rico totalmente inocuo.\" \/>\n<meta name=\"robots\" content=\"index, follow, max-snippet:-1, max-image-preview:large, max-video-preview:-1\" \/>\n<link rel=\"canonical\" href=\"https:\/\/acuariosupremus.com\/?product=clarity-500-ml-aclarador-de-agua\" \/>\n<meta property=\"og:locale\" content=\"es_MX\" \/>\n<meta property=\"og:type\" content=\"article\" \/>\n<meta property=\"og:title\" content=\"Clarity 500 ml, Aclarador de agua. | Acuario Supremus\" \/>\n<meta property=\"og:description\" content=\"Clarity \u2122 es el clarificador definitivo para acuarios de agua dulce y agua salada. Contiene un avanzado agente floculante polim\u00e9rico totalmente inocuo.\" \/>\n<meta property=\"og:url\" content=\"https:\/\/acuariosupremus.com\/?product=clarity-500-ml-aclarador-de-agua\" \/>\n<meta property=\"og:site_name\" content=\"Acuario Supremus\" \/>\n<meta property=\"article:publisher\" content=\"https:\/\/www.facebook.com\/AcuarioSupremus\" \/>\n<meta property=\"article:modified_time\" content=\"2025-12-27T22:54:27+00:00\" \/>\n<meta property=\"og:image\" content=\"https:\/\/acuariosupremus.com\/wp-content\/uploads\/2022\/05\/seachem_clarity_02.jpg\" \/>\n\t<meta property=\"og:image:width\" content=\"1250\" \/>\n\t<meta property=\"og:image:height\" content=\"1250\" \/>\n\t<meta property=\"og:image:type\" content=\"image\/jpeg\" \/>\n<meta name=\"twitter:card\" content=\"summary_large_image\" \/>\n<meta name=\"twitter:site\" content=\"@AcuarioSupremus\" \/>\n<meta name=\"twitter:label1\" content=\"Tiempo de lectura\" \/>\n\t<meta name=\"twitter:data1\" content=\"1 minuto\" \/>\n<script type=\"application\/ld+json\" class=\"yoast-schema-graph\">{\"@context\":\"https:\\\/\\\/schema.org\",\"@graph\":[{\"@type\":\"WebPage\",\"@id\":\"https:\\\/\\\/acuariosupremus.com\\\/?product=clarity-500-ml-aclarador-de-agua\",\"url\":\"https:\\\/\\\/acuariosupremus.com\\\/?product=clarity-500-ml-aclarador-de-agua\",\"name\":\"Clarity 500 ml, Aclarador de agua. | Acuario Supremus\",\"isPartOf\":{\"@id\":\"https:\\\/\\\/acuariosupremus.com\\\/#website\"},\"primaryImageOfPage\":{\"@id\":\"https:\\\/\\\/acuariosupremus.com\\\/?product=clarity-500-ml-aclarador-de-agua#primaryimage\"},\"image\":{\"@id\":\"https:\\\/\\\/acuariosupremus.com\\\/?product=clarity-500-ml-aclarador-de-agua#primaryimage\"},\"thumbnailUrl\":\"https:\\\/\\\/acuariosupremus.com\\\/wp-content\\\/uploads\\\/2022\\\/05\\\/seachem_clarity_02.jpg\",\"datePublished\":\"2022-05-09T00:12:38+00:00\",\"dateModified\":\"2025-12-27T22:54:27+00:00\",\"description\":\"Clarity \u2122 es el clarificador definitivo para acuarios de agua dulce y agua salada. Contiene un avanzado agente floculante polim\u00e9rico totalmente inocuo.\",\"breadcrumb\":{\"@id\":\"https:\\\/\\\/acuariosupremus.com\\\/?product=clarity-500-ml-aclarador-de-agua#breadcrumb\"},\"inLanguage\":\"es\",\"potentialAction\":[{\"@type\":\"ReadAction\",\"target\":[\"https:\\\/\\\/acuariosupremus.com\\\/?product=clarity-500-ml-aclarador-de-agua\"]}]},{\"@type\":\"ImageObject\",\"inLanguage\":\"es\",\"@id\":\"https:\\\/\\\/acuariosupremus.com\\\/?product=clarity-500-ml-aclarador-de-agua#primaryimage\",\"url\":\"https:\\\/\\\/acuariosupremus.com\\\/wp-content\\\/uploads\\\/2022\\\/05\\\/seachem_clarity_02.jpg\",\"contentUrl\":\"https:\\\/\\\/acuariosupremus.com\\\/wp-content\\\/uploads\\\/2022\\\/05\\\/seachem_clarity_02.jpg\",\"width\":1250,\"height\":1250},{\"@type\":\"BreadcrumbList\",\"@id\":\"https:\\\/\\\/acuariosupremus.com\\\/?product=clarity-500-ml-aclarador-de-agua#breadcrumb\",\"itemListElement\":[{\"@type\":\"ListItem\",\"position\":1,\"name\":\"Portada\",\"item\":\"https:\\\/\\\/acuariosupremus.com\\\/\"},{\"@type\":\"ListItem\",\"position\":2,\"name\":\"Tienda\",\"item\":\"https:\\\/\\\/acuariosupremus.com\\\/tienda\\\/\"},{\"@type\":\"ListItem\",\"position\":3,\"name\":\"Clarity 500 ml, Aclarador de agua.\"}]},{\"@type\":\"WebSite\",\"@id\":\"https:\\\/\\\/acuariosupremus.com\\\/#website\",\"url\":\"https:\\\/\\\/acuariosupremus.com\\\/\",\"name\":\"Acuario Supremus\",\"description\":\"Peces, Peceras y Mascotas.\",\"publisher\":{\"@id\":\"https:\\\/\\\/acuariosupremus.com\\\/#organization\"},\"potentialAction\":[{\"@type\":\"SearchAction\",\"target\":{\"@type\":\"EntryPoint\",\"urlTemplate\":\"https:\\\/\\\/acuariosupremus.com\\\/?s={search_term_string}\"},\"query-input\":{\"@type\":\"PropertyValueSpecification\",\"valueRequired\":true,\"valueName\":\"search_term_string\"}}],\"inLanguage\":\"es\"},{\"@type\":\"Organization\",\"@id\":\"https:\\\/\\\/acuariosupremus.com\\\/#organization\",\"name\":\"Acuario Supremus\",\"url\":\"https:\\\/\\\/acuariosupremus.com\\\/\",\"logo\":{\"@type\":\"ImageObject\",\"inLanguage\":\"es\",\"@id\":\"https:\\\/\\\/acuariosupremus.com\\\/#\\\/schema\\\/logo\\\/image\\\/\",\"url\":\"https:\\\/\\\/acuariosupremus.com\\\/wp-content\\\/uploads\\\/2021\\\/12\\\/cropped-logo_acuario_supremus_fn-2.png\",\"contentUrl\":\"https:\\\/\\\/acuariosupremus.com\\\/wp-content\\\/uploads\\\/2021\\\/12\\\/cropped-logo_acuario_supremus_fn-2.png\",\"width\":1000,\"height\":318,\"caption\":\"Acuario Supremus\"},\"image\":{\"@id\":\"https:\\\/\\\/acuariosupremus.com\\\/#\\\/schema\\\/logo\\\/image\\\/\"},\"sameAs\":[\"https:\\\/\\\/www.facebook.com\\\/AcuarioSupremus\",\"https:\\\/\\\/x.com\\\/AcuarioSupremus\",\"https:\\\/\\\/www.instagram.com\\\/acuariosupremus\\\/?hl=es\"]}]}<\/script>\n<!-- \/ Yoast SEO plugin. -->","yoast_head_json":{"title":"Clarity 500 ml, Aclarador de agua. | Acuario Supremus","description":"Clarity \u2122 es el clarificador definitivo para acuarios de agua dulce y agua salada. Contiene un avanzado agente floculante polim\u00e9rico totalmente inocuo.","robots":{"index":"index","follow":"follow","max-snippet":"max-snippet:-1","max-image-preview":"max-image-preview:large","max-video-preview":"max-video-preview:-1"},"canonical":"https:\/\/acuariosupremus.com\/?product=clarity-500-ml-aclarador-de-agua","og_locale":"es_MX","og_type":"article","og_title":"Clarity 500 ml, Aclarador de agua. | Acuario Supremus","og_description":"Clarity \u2122 es el clarificador definitivo para acuarios de agua dulce y agua salada. Contiene un avanzado agente floculante polim\u00e9rico totalmente inocuo.","og_url":"https:\/\/acuariosupremus.com\/?product=clarity-500-ml-aclarador-de-agua","og_site_name":"Acuario Supremus","article_publisher":"https:\/\/www.facebook.com\/AcuarioSupremus","article_modified_time":"2025-12-27T22:54:27+00:00","og_image":[{"width":1250,"height":1250,"url":"https:\/\/acuariosupremus.com\/wp-content\/uploads\/2022\/05\/seachem_clarity_02.jpg","type":"image\/jpeg"}],"twitter_card":"summary_large_image","twitter_site":"@AcuarioSupremus","twitter_misc":{"Tiempo de lectura":"1 minuto"},"schema":{"@context":"https:\/\/schema.org","@graph":[{"@type":"WebPage","@id":"https:\/\/acuariosupremus.com\/?product=clarity-500-ml-aclarador-de-agua","url":"https:\/\/acuariosupremus.com\/?product=clarity-500-ml-aclarador-de-agua","name":"Clarity 500 ml, Aclarador de agua. | Acuario Supremus","isPartOf":{"@id":"https:\/\/acuariosupremus.com\/#website"},"primaryImageOfPage":{"@id":"https:\/\/acuariosupremus.com\/?product=clarity-500-ml-aclarador-de-agua#primaryimage"},"image":{"@id":"https:\/\/acuariosupremus.com\/?product=clarity-500-ml-aclarador-de-agua#primaryimage"},"thumbnailUrl":"https:\/\/acuariosupremus.com\/wp-content\/uploads\/2022\/05\/seachem_clarity_02.jpg","datePublished":"2022-05-09T00:12:38+00:00","dateModified":"2025-12-27T22:54:27+00:00","description":"Clarity \u2122 es el clarificador definitivo para acuarios de agua dulce y agua salada. Contiene un avanzado agente floculante polim\u00e9rico totalmente inocuo.","breadcrumb":{"@id":"https:\/\/acuariosupremus.com\/?product=clarity-500-ml-aclarador-de-agua#breadcrumb"},"inLanguage":"es","potentialAction":[{"@type":"ReadAction","target":["https:\/\/acuariosupremus.com\/?product=clarity-500-ml-aclarador-de-agua"]}]},{"@type":"ImageObject","inLanguage":"es","@id":"https:\/\/acuariosupremus.com\/?product=clarity-500-ml-aclarador-de-agua#primaryimage","url":"https:\/\/acuariosupremus.com\/wp-content\/uploads\/2022\/05\/seachem_clarity_02.jpg","contentUrl":"https:\/\/acuariosupremus.com\/wp-content\/uploads\/2022\/05\/seachem_clarity_02.jpg","width":1250,"height":1250},{"@type":"BreadcrumbList","@id":"https:\/\/acuariosupremus.com\/?product=clarity-500-ml-aclarador-de-agua#breadcrumb","itemListElement":[{"@type":"ListItem","position":1,"name":"Portada","item":"https:\/\/acuariosupremus.com\/"},{"@type":"ListItem","position":2,"name":"Tienda","item":"https:\/\/acuariosupremus.com\/tienda\/"},{"@type":"ListItem","position":3,"name":"Clarity 500 ml, Aclarador de agua."}]},{"@type":"WebSite","@id":"https:\/\/acuariosupremus.com\/#website","url":"https:\/\/acuariosupremus.com\/","name":"Acuario Supremus","description":"Peces, Peceras y Mascotas.","publisher":{"@id":"https:\/\/acuariosupremus.com\/#organization"},"potentialAction":[{"@type":"SearchAction","target":{"@type":"EntryPoint","urlTemplate":"https:\/\/acuariosupremus.com\/?s={search_term_string}"},"query-input":{"@type":"PropertyValueSpecification","valueRequired":true,"valueName":"search_term_string"}}],"inLanguage":"es"},{"@type":"Organization","@id":"https:\/\/acuariosupremus.com\/#organization","name":"Acuario Supremus","url":"https:\/\/acuariosupremus.com\/","logo":{"@type":"ImageObject","inLanguage":"es","@id":"https:\/\/acuariosupremus.com\/#\/schema\/logo\/image\/","url":"https:\/\/acuariosupremus.com\/wp-content\/uploads\/2021\/12\/cropped-logo_acuario_supremus_fn-2.png","contentUrl":"https:\/\/acuariosupremus.com\/wp-content\/uploads\/2021\/12\/cropped-logo_acuario_supremus_fn-2.png","width":1000,"height":318,"caption":"Acuario Supremus"},"image":{"@id":"https:\/\/acuariosupremus.com\/#\/schema\/logo\/image\/"},"sameAs":["https:\/\/www.facebook.com\/AcuarioSupremus","https:\/\/x.com\/AcuarioSupremus","https:\/\/www.instagram.com\/acuariosupremus\/?hl=es"]}]}},"jetpack_sharing_enabled":true,"_links":{"self":[{"href":"https:\/\/acuariosupremus.com\/index.php?rest_route=\/wp\/v2\/product\/8914","targetHints":{"allow":["GET"]}}],"collection":[{"href":"https:\/\/acuariosupremus.com\/index.php?rest_route=\/wp\/v2\/product"}],"about":[{"href":"https:\/\/acuariosupremus.com\/index.php?rest_route=\/wp\/v2\/types\/product"}],"wp:featuredmedia":[{"embeddable":true,"href":"https:\/\/acuariosupremus.com\/index.php?rest_route=\/wp\/v2\/media\/8915"}],"wp:attachment":[{"href":"https:\/\/acuariosupremus.com\/index.php?rest_route=%2Fwp%2Fv2%2Fmedia&parent=8914"}],"wp:term":[{"taxonomy":"product_brand","embeddable":true,"href":"https:\/\/acuariosupremus.com\/index.php?rest_route=%2Fwp%2Fv2%2Fproduct_brand&post=8914"},{"taxonomy":"product_cat","embeddable":true,"href":"https:\/\/acuariosupremus.com\/index.php?rest_route=%2Fwp%2Fv2%2Fproduct_cat&post=8914"},{"taxonomy":"product_tag","embeddable":true,"href":"https:\/\/acuariosupremus.com\/index.php?rest_route=%2Fwp%2Fv2%2Fproduct_tag&post=8914"}],"curies":[{"name":"wp","href":"https:\/\/api.w.org\/{rel}","templated":true}]}}