{"id":8922,"date":"2022-05-08T19:30:59","date_gmt":"2022-05-09T00:30:59","guid":{"rendered":"https:\/\/acuariosupremus.com\/?post_type=product&#038;p=8922"},"modified":"2025-12-27T16:55:14","modified_gmt":"2025-12-27T22:55:14","slug":"acid-buffer-300-g-acidificador-de-ph","status":"publish","type":"product","link":"https:\/\/acuariosupremus.com\/?product=acid-buffer-300-g-acidificador-de-ph","title":{"rendered":"Acid Buffer 300 g, Acidificador de ph."},"content":{"rendered":"<p>Acid Buffer\u2122 baja el valor pH convirtiendo la alcalinidad del agua (kH) en CO2 disponible para las plantas. Puede ser usado con seguridad para ajustar el pH en agua salada. La ventaja de este producto es que no contiene fosfatos. Todos los acuarios necesitan un ajuste de pH, mientras que muchos de ellos acusan un exceso de fosfato que genera problemas con las algas.<br \/>\nPuede bajar el pH utilizando \u00bc de cuchara de caf\u00e9 (2g.) por cada 80 litros todos los d\u00f1\u00eduas hasta obtener el valor deseado de pH. Esta dosis consumir\u00e1 alrededor de 0.6\u00b0dKH. Si el agua es muy dura o alcalina pueden requerirse dosis mayores. Para ajustar el pH de forma gradual cuando el agua sea blanda o con baja alcalinidad combine Acid Buffer\u2122 con Alkaline Buffer\u2122 para obtener el pH deseado sugerido en la tabla de abajo, que basa sus medidas sobre agua de \u00f3smosis. Usando aguas de mayor dureza deber\u00e1 variar estos valores.<\/p>\n<p>Producto: Acid Buffer 300 g. , Tama\u00f1o: 60 x 60 x 122 mm. (l x a x h), Peso: 0.430 (Kg.).<\/p>\n","protected":false},"excerpt":{"rendered":"<p>Acid Buffer\u2122 es un acondicionador libre de fosfatos que baja y estabiliza el pH. En combinaci\u00f3n con Alkaline Buffer\u2122 puede ajustar y tamponar el valor de pH deseado. Estos dos buffers est\u00e1n especialmente dise\u00f1ados para acuarios plantados o aguas de dureza alta, donde los buffers basados en fosfato pueden producir problemas de turbidez o exceso de algas<\/p>\n","protected":false},"featured_media":8923,"template":"","meta":[],"product_brand":[123],"product_cat":[40,41],"product_tag":[712,711],"class_list":{"0":"post-8922","1":"product","2":"type-product","3":"status-publish","4":"has-post-thumbnail","6":"product_brand-seachem","7":"product_cat-peces","8":"product_cat-acondicionadores","9":"product_tag-acid-buffer","10":"product_tag-acidificador-de-ph","12":"first","13":"instock","14":"sale","15":"shipping-taxable","16":"purchasable","17":"product-type-simple"},"yoast_head":"<!-- This site is optimized with the Yoast SEO plugin v27.4 - https:\/\/yoast.com\/product\/yoast-seo-wordpress\/ -->\n<title>Acid Buffer 300 g, Acidificador de ph. | Acuario Supremus<\/title>\n<meta name=\"description\" content=\"Acid Buffer\u2122 es un acondicionador libre de fosfatos que baja y estabiliza el pH. En combinaci\u00f3n con Alkaline Buffer\u2122 puede ajustar y tamponar el pH deseado.\" \/>\n<meta name=\"robots\" content=\"index, follow, max-snippet:-1, max-image-preview:large, max-video-preview:-1\" \/>\n<link rel=\"canonical\" href=\"https:\/\/acuariosupremus.com\/?product=acid-buffer-300-g-acidificador-de-ph\" \/>\n<meta property=\"og:locale\" content=\"es_MX\" \/>\n<meta property=\"og:type\" content=\"article\" \/>\n<meta property=\"og:title\" content=\"Acid Buffer 300 g, Acidificador de ph. | Acuario Supremus\" \/>\n<meta property=\"og:description\" content=\"Acid Buffer\u2122 es un acondicionador libre de fosfatos que baja y estabiliza el pH. En combinaci\u00f3n con Alkaline Buffer\u2122 puede ajustar y tamponar el pH deseado.\" \/>\n<meta property=\"og:url\" content=\"https:\/\/acuariosupremus.com\/?product=acid-buffer-300-g-acidificador-de-ph\" \/>\n<meta property=\"og:site_name\" content=\"Acuario Supremus\" \/>\n<meta property=\"article:publisher\" content=\"https:\/\/www.facebook.com\/AcuarioSupremus\" \/>\n<meta property=\"article:modified_time\" content=\"2025-12-27T22:55:14+00:00\" \/>\n<meta property=\"og:image\" content=\"https:\/\/acuariosupremus.com\/wp-content\/uploads\/2022\/05\/seachem_acid_buffer_02.jpg\" \/>\n\t<meta property=\"og:image:width\" content=\"1250\" \/>\n\t<meta property=\"og:image:height\" content=\"1250\" \/>\n\t<meta property=\"og:image:type\" content=\"image\/jpeg\" \/>\n<meta name=\"twitter:card\" content=\"summary_large_image\" \/>\n<meta name=\"twitter:site\" content=\"@AcuarioSupremus\" \/>\n<meta name=\"twitter:label1\" content=\"Tiempo de lectura\" \/>\n\t<meta name=\"twitter:data1\" content=\"1 minuto\" \/>\n<script type=\"application\/ld+json\" class=\"yoast-schema-graph\">{\"@context\":\"https:\\\/\\\/schema.org\",\"@graph\":[{\"@type\":\"WebPage\",\"@id\":\"https:\\\/\\\/acuariosupremus.com\\\/?product=acid-buffer-300-g-acidificador-de-ph\",\"url\":\"https:\\\/\\\/acuariosupremus.com\\\/?product=acid-buffer-300-g-acidificador-de-ph\",\"name\":\"Acid Buffer 300 g, Acidificador de ph. | Acuario Supremus\",\"isPartOf\":{\"@id\":\"https:\\\/\\\/acuariosupremus.com\\\/#website\"},\"primaryImageOfPage\":{\"@id\":\"https:\\\/\\\/acuariosupremus.com\\\/?product=acid-buffer-300-g-acidificador-de-ph#primaryimage\"},\"image\":{\"@id\":\"https:\\\/\\\/acuariosupremus.com\\\/?product=acid-buffer-300-g-acidificador-de-ph#primaryimage\"},\"thumbnailUrl\":\"https:\\\/\\\/acuariosupremus.com\\\/wp-content\\\/uploads\\\/2022\\\/05\\\/seachem_acid_buffer_02.jpg\",\"datePublished\":\"2022-05-09T00:30:59+00:00\",\"dateModified\":\"2025-12-27T22:55:14+00:00\",\"description\":\"Acid Buffer\u2122 es un acondicionador libre de fosfatos que baja y estabiliza el pH. En combinaci\u00f3n con Alkaline Buffer\u2122 puede ajustar y tamponar el pH deseado.\",\"breadcrumb\":{\"@id\":\"https:\\\/\\\/acuariosupremus.com\\\/?product=acid-buffer-300-g-acidificador-de-ph#breadcrumb\"},\"inLanguage\":\"es\",\"potentialAction\":[{\"@type\":\"ReadAction\",\"target\":[\"https:\\\/\\\/acuariosupremus.com\\\/?product=acid-buffer-300-g-acidificador-de-ph\"]}]},{\"@type\":\"ImageObject\",\"inLanguage\":\"es\",\"@id\":\"https:\\\/\\\/acuariosupremus.com\\\/?product=acid-buffer-300-g-acidificador-de-ph#primaryimage\",\"url\":\"https:\\\/\\\/acuariosupremus.com\\\/wp-content\\\/uploads\\\/2022\\\/05\\\/seachem_acid_buffer_02.jpg\",\"contentUrl\":\"https:\\\/\\\/acuariosupremus.com\\\/wp-content\\\/uploads\\\/2022\\\/05\\\/seachem_acid_buffer_02.jpg\",\"width\":1250,\"height\":1250},{\"@type\":\"BreadcrumbList\",\"@id\":\"https:\\\/\\\/acuariosupremus.com\\\/?product=acid-buffer-300-g-acidificador-de-ph#breadcrumb\",\"itemListElement\":[{\"@type\":\"ListItem\",\"position\":1,\"name\":\"Portada\",\"item\":\"https:\\\/\\\/acuariosupremus.com\\\/\"},{\"@type\":\"ListItem\",\"position\":2,\"name\":\"Tienda\",\"item\":\"https:\\\/\\\/acuariosupremus.com\\\/tienda\\\/\"},{\"@type\":\"ListItem\",\"position\":3,\"name\":\"Acid Buffer 300 g, Acidificador de ph.\"}]},{\"@type\":\"WebSite\",\"@id\":\"https:\\\/\\\/acuariosupremus.com\\\/#website\",\"url\":\"https:\\\/\\\/acuariosupremus.com\\\/\",\"name\":\"Acuario Supremus\",\"description\":\"Peces, Peceras y Mascotas.\",\"publisher\":{\"@id\":\"https:\\\/\\\/acuariosupremus.com\\\/#organization\"},\"potentialAction\":[{\"@type\":\"SearchAction\",\"target\":{\"@type\":\"EntryPoint\",\"urlTemplate\":\"https:\\\/\\\/acuariosupremus.com\\\/?s={search_term_string}\"},\"query-input\":{\"@type\":\"PropertyValueSpecification\",\"valueRequired\":true,\"valueName\":\"search_term_string\"}}],\"inLanguage\":\"es\"},{\"@type\":\"Organization\",\"@id\":\"https:\\\/\\\/acuariosupremus.com\\\/#organization\",\"name\":\"Acuario Supremus\",\"url\":\"https:\\\/\\\/acuariosupremus.com\\\/\",\"logo\":{\"@type\":\"ImageObject\",\"inLanguage\":\"es\",\"@id\":\"https:\\\/\\\/acuariosupremus.com\\\/#\\\/schema\\\/logo\\\/image\\\/\",\"url\":\"https:\\\/\\\/acuariosupremus.com\\\/wp-content\\\/uploads\\\/2021\\\/12\\\/cropped-logo_acuario_supremus_fn-2.png\",\"contentUrl\":\"https:\\\/\\\/acuariosupremus.com\\\/wp-content\\\/uploads\\\/2021\\\/12\\\/cropped-logo_acuario_supremus_fn-2.png\",\"width\":1000,\"height\":318,\"caption\":\"Acuario Supremus\"},\"image\":{\"@id\":\"https:\\\/\\\/acuariosupremus.com\\\/#\\\/schema\\\/logo\\\/image\\\/\"},\"sameAs\":[\"https:\\\/\\\/www.facebook.com\\\/AcuarioSupremus\",\"https:\\\/\\\/x.com\\\/AcuarioSupremus\",\"https:\\\/\\\/www.instagram.com\\\/acuariosupremus\\\/?hl=es\"]}]}<\/script>\n<!-- \/ Yoast SEO plugin. -->","yoast_head_json":{"title":"Acid Buffer 300 g, Acidificador de ph. | Acuario Supremus","description":"Acid Buffer\u2122 es un acondicionador libre de fosfatos que baja y estabiliza el pH. En combinaci\u00f3n con Alkaline Buffer\u2122 puede ajustar y tamponar el pH deseado.","robots":{"index":"index","follow":"follow","max-snippet":"max-snippet:-1","max-image-preview":"max-image-preview:large","max-video-preview":"max-video-preview:-1"},"canonical":"https:\/\/acuariosupremus.com\/?product=acid-buffer-300-g-acidificador-de-ph","og_locale":"es_MX","og_type":"article","og_title":"Acid Buffer 300 g, Acidificador de ph. | Acuario Supremus","og_description":"Acid Buffer\u2122 es un acondicionador libre de fosfatos que baja y estabiliza el pH. En combinaci\u00f3n con Alkaline Buffer\u2122 puede ajustar y tamponar el pH deseado.","og_url":"https:\/\/acuariosupremus.com\/?product=acid-buffer-300-g-acidificador-de-ph","og_site_name":"Acuario Supremus","article_publisher":"https:\/\/www.facebook.com\/AcuarioSupremus","article_modified_time":"2025-12-27T22:55:14+00:00","og_image":[{"width":1250,"height":1250,"url":"https:\/\/acuariosupremus.com\/wp-content\/uploads\/2022\/05\/seachem_acid_buffer_02.jpg","type":"image\/jpeg"}],"twitter_card":"summary_large_image","twitter_site":"@AcuarioSupremus","twitter_misc":{"Tiempo de lectura":"1 minuto"},"schema":{"@context":"https:\/\/schema.org","@graph":[{"@type":"WebPage","@id":"https:\/\/acuariosupremus.com\/?product=acid-buffer-300-g-acidificador-de-ph","url":"https:\/\/acuariosupremus.com\/?product=acid-buffer-300-g-acidificador-de-ph","name":"Acid Buffer 300 g, Acidificador de ph. | Acuario Supremus","isPartOf":{"@id":"https:\/\/acuariosupremus.com\/#website"},"primaryImageOfPage":{"@id":"https:\/\/acuariosupremus.com\/?product=acid-buffer-300-g-acidificador-de-ph#primaryimage"},"image":{"@id":"https:\/\/acuariosupremus.com\/?product=acid-buffer-300-g-acidificador-de-ph#primaryimage"},"thumbnailUrl":"https:\/\/acuariosupremus.com\/wp-content\/uploads\/2022\/05\/seachem_acid_buffer_02.jpg","datePublished":"2022-05-09T00:30:59+00:00","dateModified":"2025-12-27T22:55:14+00:00","description":"Acid Buffer\u2122 es un acondicionador libre de fosfatos que baja y estabiliza el pH. En combinaci\u00f3n con Alkaline Buffer\u2122 puede ajustar y tamponar el pH deseado.","breadcrumb":{"@id":"https:\/\/acuariosupremus.com\/?product=acid-buffer-300-g-acidificador-de-ph#breadcrumb"},"inLanguage":"es","potentialAction":[{"@type":"ReadAction","target":["https:\/\/acuariosupremus.com\/?product=acid-buffer-300-g-acidificador-de-ph"]}]},{"@type":"ImageObject","inLanguage":"es","@id":"https:\/\/acuariosupremus.com\/?product=acid-buffer-300-g-acidificador-de-ph#primaryimage","url":"https:\/\/acuariosupremus.com\/wp-content\/uploads\/2022\/05\/seachem_acid_buffer_02.jpg","contentUrl":"https:\/\/acuariosupremus.com\/wp-content\/uploads\/2022\/05\/seachem_acid_buffer_02.jpg","width":1250,"height":1250},{"@type":"BreadcrumbList","@id":"https:\/\/acuariosupremus.com\/?product=acid-buffer-300-g-acidificador-de-ph#breadcrumb","itemListElement":[{"@type":"ListItem","position":1,"name":"Portada","item":"https:\/\/acuariosupremus.com\/"},{"@type":"ListItem","position":2,"name":"Tienda","item":"https:\/\/acuariosupremus.com\/tienda\/"},{"@type":"ListItem","position":3,"name":"Acid Buffer 300 g, Acidificador de ph."}]},{"@type":"WebSite","@id":"https:\/\/acuariosupremus.com\/#website","url":"https:\/\/acuariosupremus.com\/","name":"Acuario Supremus","description":"Peces, Peceras y Mascotas.","publisher":{"@id":"https:\/\/acuariosupremus.com\/#organization"},"potentialAction":[{"@type":"SearchAction","target":{"@type":"EntryPoint","urlTemplate":"https:\/\/acuariosupremus.com\/?s={search_term_string}"},"query-input":{"@type":"PropertyValueSpecification","valueRequired":true,"valueName":"search_term_string"}}],"inLanguage":"es"},{"@type":"Organization","@id":"https:\/\/acuariosupremus.com\/#organization","name":"Acuario Supremus","url":"https:\/\/acuariosupremus.com\/","logo":{"@type":"ImageObject","inLanguage":"es","@id":"https:\/\/acuariosupremus.com\/#\/schema\/logo\/image\/","url":"https:\/\/acuariosupremus.com\/wp-content\/uploads\/2021\/12\/cropped-logo_acuario_supremus_fn-2.png","contentUrl":"https:\/\/acuariosupremus.com\/wp-content\/uploads\/2021\/12\/cropped-logo_acuario_supremus_fn-2.png","width":1000,"height":318,"caption":"Acuario Supremus"},"image":{"@id":"https:\/\/acuariosupremus.com\/#\/schema\/logo\/image\/"},"sameAs":["https:\/\/www.facebook.com\/AcuarioSupremus","https:\/\/x.com\/AcuarioSupremus","https:\/\/www.instagram.com\/acuariosupremus\/?hl=es"]}]}},"jetpack_sharing_enabled":true,"_links":{"self":[{"href":"https:\/\/acuariosupremus.com\/index.php?rest_route=\/wp\/v2\/product\/8922","targetHints":{"allow":["GET"]}}],"collection":[{"href":"https:\/\/acuariosupremus.com\/index.php?rest_route=\/wp\/v2\/product"}],"about":[{"href":"https:\/\/acuariosupremus.com\/index.php?rest_route=\/wp\/v2\/types\/product"}],"wp:featuredmedia":[{"embeddable":true,"href":"https:\/\/acuariosupremus.com\/index.php?rest_route=\/wp\/v2\/media\/8923"}],"wp:attachment":[{"href":"https:\/\/acuariosupremus.com\/index.php?rest_route=%2Fwp%2Fv2%2Fmedia&parent=8922"}],"wp:term":[{"taxonomy":"product_brand","embeddable":true,"href":"https:\/\/acuariosupremus.com\/index.php?rest_route=%2Fwp%2Fv2%2Fproduct_brand&post=8922"},{"taxonomy":"product_cat","embeddable":true,"href":"https:\/\/acuariosupremus.com\/index.php?rest_route=%2Fwp%2Fv2%2Fproduct_cat&post=8922"},{"taxonomy":"product_tag","embeddable":true,"href":"https:\/\/acuariosupremus.com\/index.php?rest_route=%2Fwp%2Fv2%2Fproduct_tag&post=8922"}],"curies":[{"name":"wp","href":"https:\/\/api.w.org\/{rel}","templated":true}]}}