{"id":8938,"date":"2022-05-08T20:06:39","date_gmt":"2022-05-09T01:06:39","guid":{"rendered":"https:\/\/acuariosupremus.com\/?post_type=product&#038;p=8938"},"modified":"2025-12-27T16:59:55","modified_gmt":"2025-12-27T22:59:55","slug":"discus-buffer-500-g-ajuste-de-ph-para-discos","status":"publish","type":"product","link":"https:\/\/acuariosupremus.com\/?product=discus-buffer-500-g-ajuste-de-ph-para-discos","title":{"rendered":"Discus Buffer 500 g ,Ajuste de Ph para Discos."},"content":{"rendered":"<p>Comb\u00ednelo con Discus Trace \u2122 para restaurar un nivel adecuado de oligoelementos requeridos por estos peces. Con esta combinaci\u00f3n obtendr\u00e1 una poblaci\u00f3n saludable y prospera de peces disco. Neutral Regulator \u2122 y Discus Buffer \u2122 tambi\u00e9n pueden usarse en combinaci\u00f3n para lograr el pH deseado. Esto es muy \u00fatil en el momento de agregar agua nueva por evaporaci\u00f3n o realizar cambios de agua.<br \/>\nLa tabla de abajo le ayudar\u00e1 a obtener el pH deseado combinado estos dos productos en la proporci\u00f3n correcta. No obstante, esta tabla est\u00e1 pensada para su uso con agua de \u00f3smosis, donde no existen minerales que puedan ejercer un efecto tamponador. Si va a usar agua con dureza use esta tabla como una gu\u00eda orientativa. Para ajustar el valor pH a\u00f1ada 1 cucharadita (7 g) para cada 40-80 L todos los d\u00edas hasta que alcance el pH deseado. Despu\u00e9s de eso, a\u00f1ada esa dosis al acuario una vez al mes o con los nuevos cambios de agua seg\u00fan sea necesario para mantener el pH en el rango deseado. Cuando a\u00f1ada agua nueva al acuario use un anti-cloro como Prime \u2122.<\/p>\n<p>Producto: Discus Buffer 500 g. , Tama\u00f1o: 75 x 75 x 162 mm. (l x a x h), Peso: 0.630 (Kg.).<\/p>\n","protected":false},"excerpt":{"rendered":"<p>Discus Buffer \u2122 ayuda a reproducir el ambiente ideal para los peces disco con unos bajos niveles de dureza total y pH. Discus Buffer \u2122 establecer\u00e1 r\u00e1pidamente un pH \u00e1cido y lo mantendr\u00e1 estable, al tiempo que ablandar\u00e1 el agua precipitando las sales de calcio y magnesio.<\/p>\n","protected":false},"featured_media":8939,"template":"","meta":[],"product_brand":[123],"product_cat":[40,41],"product_tag":[713,714],"class_list":{"0":"post-8938","1":"product","2":"type-product","3":"status-publish","4":"has-post-thumbnail","6":"product_brand-seachem","7":"product_cat-peces","8":"product_cat-acondicionadores","9":"product_tag-ajuste-de-ph-para-discos","10":"product_tag-discus-buffer","12":"first","13":"instock","14":"sale","15":"shipping-taxable","16":"purchasable","17":"product-type-simple"},"yoast_head":"<!-- This site is optimized with the Yoast SEO plugin v27.4 - https:\/\/yoast.com\/product\/yoast-seo-wordpress\/ -->\n<title>Discus Buffer 500 g ,Ajuste de Ph para Discos. | Acuario Supremus<\/title>\n<meta name=\"description\" content=\"Discus Buffer \u2122 ayuda a reproducir el ambiente ideal para los peces disco con unos bajos niveles de dureza total y pH.\" \/>\n<meta name=\"robots\" content=\"index, follow, max-snippet:-1, max-image-preview:large, max-video-preview:-1\" \/>\n<link rel=\"canonical\" href=\"https:\/\/acuariosupremus.com\/?product=discus-buffer-500-g-ajuste-de-ph-para-discos\" \/>\n<meta property=\"og:locale\" content=\"es_MX\" \/>\n<meta property=\"og:type\" content=\"article\" \/>\n<meta property=\"og:title\" content=\"Discus Buffer 500 g ,Ajuste de Ph para Discos. | Acuario Supremus\" \/>\n<meta property=\"og:description\" content=\"Discus Buffer \u2122 ayuda a reproducir el ambiente ideal para los peces disco con unos bajos niveles de dureza total y pH.\" \/>\n<meta property=\"og:url\" content=\"https:\/\/acuariosupremus.com\/?product=discus-buffer-500-g-ajuste-de-ph-para-discos\" \/>\n<meta property=\"og:site_name\" content=\"Acuario Supremus\" \/>\n<meta property=\"article:publisher\" content=\"https:\/\/www.facebook.com\/AcuarioSupremus\" \/>\n<meta property=\"article:modified_time\" content=\"2025-12-27T22:59:55+00:00\" \/>\n<meta property=\"og:image\" content=\"https:\/\/acuariosupremus.com\/wp-content\/uploads\/2022\/05\/seachem_discus_buffer_03.jpg\" \/>\n\t<meta property=\"og:image:width\" content=\"1250\" \/>\n\t<meta property=\"og:image:height\" content=\"1250\" \/>\n\t<meta property=\"og:image:type\" content=\"image\/jpeg\" \/>\n<meta name=\"twitter:card\" content=\"summary_large_image\" \/>\n<meta name=\"twitter:site\" content=\"@AcuarioSupremus\" \/>\n<meta name=\"twitter:label1\" content=\"Tiempo de lectura\" \/>\n\t<meta name=\"twitter:data1\" content=\"1 minuto\" \/>\n<script type=\"application\/ld+json\" class=\"yoast-schema-graph\">{\"@context\":\"https:\\\/\\\/schema.org\",\"@graph\":[{\"@type\":\"WebPage\",\"@id\":\"https:\\\/\\\/acuariosupremus.com\\\/?product=discus-buffer-500-g-ajuste-de-ph-para-discos\",\"url\":\"https:\\\/\\\/acuariosupremus.com\\\/?product=discus-buffer-500-g-ajuste-de-ph-para-discos\",\"name\":\"Discus Buffer 500 g ,Ajuste de Ph para Discos. | Acuario Supremus\",\"isPartOf\":{\"@id\":\"https:\\\/\\\/acuariosupremus.com\\\/#website\"},\"primaryImageOfPage\":{\"@id\":\"https:\\\/\\\/acuariosupremus.com\\\/?product=discus-buffer-500-g-ajuste-de-ph-para-discos#primaryimage\"},\"image\":{\"@id\":\"https:\\\/\\\/acuariosupremus.com\\\/?product=discus-buffer-500-g-ajuste-de-ph-para-discos#primaryimage\"},\"thumbnailUrl\":\"https:\\\/\\\/acuariosupremus.com\\\/wp-content\\\/uploads\\\/2022\\\/05\\\/seachem_discus_buffer_03.jpg\",\"datePublished\":\"2022-05-09T01:06:39+00:00\",\"dateModified\":\"2025-12-27T22:59:55+00:00\",\"description\":\"Discus Buffer \u2122 ayuda a reproducir el ambiente ideal para los peces disco con unos bajos niveles de dureza total y pH.\",\"breadcrumb\":{\"@id\":\"https:\\\/\\\/acuariosupremus.com\\\/?product=discus-buffer-500-g-ajuste-de-ph-para-discos#breadcrumb\"},\"inLanguage\":\"es\",\"potentialAction\":[{\"@type\":\"ReadAction\",\"target\":[\"https:\\\/\\\/acuariosupremus.com\\\/?product=discus-buffer-500-g-ajuste-de-ph-para-discos\"]}]},{\"@type\":\"ImageObject\",\"inLanguage\":\"es\",\"@id\":\"https:\\\/\\\/acuariosupremus.com\\\/?product=discus-buffer-500-g-ajuste-de-ph-para-discos#primaryimage\",\"url\":\"https:\\\/\\\/acuariosupremus.com\\\/wp-content\\\/uploads\\\/2022\\\/05\\\/seachem_discus_buffer_03.jpg\",\"contentUrl\":\"https:\\\/\\\/acuariosupremus.com\\\/wp-content\\\/uploads\\\/2022\\\/05\\\/seachem_discus_buffer_03.jpg\",\"width\":1250,\"height\":1250},{\"@type\":\"BreadcrumbList\",\"@id\":\"https:\\\/\\\/acuariosupremus.com\\\/?product=discus-buffer-500-g-ajuste-de-ph-para-discos#breadcrumb\",\"itemListElement\":[{\"@type\":\"ListItem\",\"position\":1,\"name\":\"Portada\",\"item\":\"https:\\\/\\\/acuariosupremus.com\\\/\"},{\"@type\":\"ListItem\",\"position\":2,\"name\":\"Tienda\",\"item\":\"https:\\\/\\\/acuariosupremus.com\\\/tienda\\\/\"},{\"@type\":\"ListItem\",\"position\":3,\"name\":\"Discus Buffer 500 g ,Ajuste de Ph para Discos.\"}]},{\"@type\":\"WebSite\",\"@id\":\"https:\\\/\\\/acuariosupremus.com\\\/#website\",\"url\":\"https:\\\/\\\/acuariosupremus.com\\\/\",\"name\":\"Acuario Supremus\",\"description\":\"Peces, Peceras y Mascotas.\",\"publisher\":{\"@id\":\"https:\\\/\\\/acuariosupremus.com\\\/#organization\"},\"potentialAction\":[{\"@type\":\"SearchAction\",\"target\":{\"@type\":\"EntryPoint\",\"urlTemplate\":\"https:\\\/\\\/acuariosupremus.com\\\/?s={search_term_string}\"},\"query-input\":{\"@type\":\"PropertyValueSpecification\",\"valueRequired\":true,\"valueName\":\"search_term_string\"}}],\"inLanguage\":\"es\"},{\"@type\":\"Organization\",\"@id\":\"https:\\\/\\\/acuariosupremus.com\\\/#organization\",\"name\":\"Acuario Supremus\",\"url\":\"https:\\\/\\\/acuariosupremus.com\\\/\",\"logo\":{\"@type\":\"ImageObject\",\"inLanguage\":\"es\",\"@id\":\"https:\\\/\\\/acuariosupremus.com\\\/#\\\/schema\\\/logo\\\/image\\\/\",\"url\":\"https:\\\/\\\/acuariosupremus.com\\\/wp-content\\\/uploads\\\/2021\\\/12\\\/cropped-logo_acuario_supremus_fn-2.png\",\"contentUrl\":\"https:\\\/\\\/acuariosupremus.com\\\/wp-content\\\/uploads\\\/2021\\\/12\\\/cropped-logo_acuario_supremus_fn-2.png\",\"width\":1000,\"height\":318,\"caption\":\"Acuario Supremus\"},\"image\":{\"@id\":\"https:\\\/\\\/acuariosupremus.com\\\/#\\\/schema\\\/logo\\\/image\\\/\"},\"sameAs\":[\"https:\\\/\\\/www.facebook.com\\\/AcuarioSupremus\",\"https:\\\/\\\/x.com\\\/AcuarioSupremus\",\"https:\\\/\\\/www.instagram.com\\\/acuariosupremus\\\/?hl=es\"]}]}<\/script>\n<!-- \/ Yoast SEO plugin. -->","yoast_head_json":{"title":"Discus Buffer 500 g ,Ajuste de Ph para Discos. | Acuario Supremus","description":"Discus Buffer \u2122 ayuda a reproducir el ambiente ideal para los peces disco con unos bajos niveles de dureza total y pH.","robots":{"index":"index","follow":"follow","max-snippet":"max-snippet:-1","max-image-preview":"max-image-preview:large","max-video-preview":"max-video-preview:-1"},"canonical":"https:\/\/acuariosupremus.com\/?product=discus-buffer-500-g-ajuste-de-ph-para-discos","og_locale":"es_MX","og_type":"article","og_title":"Discus Buffer 500 g ,Ajuste de Ph para Discos. | Acuario Supremus","og_description":"Discus Buffer \u2122 ayuda a reproducir el ambiente ideal para los peces disco con unos bajos niveles de dureza total y pH.","og_url":"https:\/\/acuariosupremus.com\/?product=discus-buffer-500-g-ajuste-de-ph-para-discos","og_site_name":"Acuario Supremus","article_publisher":"https:\/\/www.facebook.com\/AcuarioSupremus","article_modified_time":"2025-12-27T22:59:55+00:00","og_image":[{"width":1250,"height":1250,"url":"https:\/\/acuariosupremus.com\/wp-content\/uploads\/2022\/05\/seachem_discus_buffer_03.jpg","type":"image\/jpeg"}],"twitter_card":"summary_large_image","twitter_site":"@AcuarioSupremus","twitter_misc":{"Tiempo de lectura":"1 minuto"},"schema":{"@context":"https:\/\/schema.org","@graph":[{"@type":"WebPage","@id":"https:\/\/acuariosupremus.com\/?product=discus-buffer-500-g-ajuste-de-ph-para-discos","url":"https:\/\/acuariosupremus.com\/?product=discus-buffer-500-g-ajuste-de-ph-para-discos","name":"Discus Buffer 500 g ,Ajuste de Ph para Discos. | Acuario Supremus","isPartOf":{"@id":"https:\/\/acuariosupremus.com\/#website"},"primaryImageOfPage":{"@id":"https:\/\/acuariosupremus.com\/?product=discus-buffer-500-g-ajuste-de-ph-para-discos#primaryimage"},"image":{"@id":"https:\/\/acuariosupremus.com\/?product=discus-buffer-500-g-ajuste-de-ph-para-discos#primaryimage"},"thumbnailUrl":"https:\/\/acuariosupremus.com\/wp-content\/uploads\/2022\/05\/seachem_discus_buffer_03.jpg","datePublished":"2022-05-09T01:06:39+00:00","dateModified":"2025-12-27T22:59:55+00:00","description":"Discus Buffer \u2122 ayuda a reproducir el ambiente ideal para los peces disco con unos bajos niveles de dureza total y pH.","breadcrumb":{"@id":"https:\/\/acuariosupremus.com\/?product=discus-buffer-500-g-ajuste-de-ph-para-discos#breadcrumb"},"inLanguage":"es","potentialAction":[{"@type":"ReadAction","target":["https:\/\/acuariosupremus.com\/?product=discus-buffer-500-g-ajuste-de-ph-para-discos"]}]},{"@type":"ImageObject","inLanguage":"es","@id":"https:\/\/acuariosupremus.com\/?product=discus-buffer-500-g-ajuste-de-ph-para-discos#primaryimage","url":"https:\/\/acuariosupremus.com\/wp-content\/uploads\/2022\/05\/seachem_discus_buffer_03.jpg","contentUrl":"https:\/\/acuariosupremus.com\/wp-content\/uploads\/2022\/05\/seachem_discus_buffer_03.jpg","width":1250,"height":1250},{"@type":"BreadcrumbList","@id":"https:\/\/acuariosupremus.com\/?product=discus-buffer-500-g-ajuste-de-ph-para-discos#breadcrumb","itemListElement":[{"@type":"ListItem","position":1,"name":"Portada","item":"https:\/\/acuariosupremus.com\/"},{"@type":"ListItem","position":2,"name":"Tienda","item":"https:\/\/acuariosupremus.com\/tienda\/"},{"@type":"ListItem","position":3,"name":"Discus Buffer 500 g ,Ajuste de Ph para Discos."}]},{"@type":"WebSite","@id":"https:\/\/acuariosupremus.com\/#website","url":"https:\/\/acuariosupremus.com\/","name":"Acuario Supremus","description":"Peces, Peceras y Mascotas.","publisher":{"@id":"https:\/\/acuariosupremus.com\/#organization"},"potentialAction":[{"@type":"SearchAction","target":{"@type":"EntryPoint","urlTemplate":"https:\/\/acuariosupremus.com\/?s={search_term_string}"},"query-input":{"@type":"PropertyValueSpecification","valueRequired":true,"valueName":"search_term_string"}}],"inLanguage":"es"},{"@type":"Organization","@id":"https:\/\/acuariosupremus.com\/#organization","name":"Acuario Supremus","url":"https:\/\/acuariosupremus.com\/","logo":{"@type":"ImageObject","inLanguage":"es","@id":"https:\/\/acuariosupremus.com\/#\/schema\/logo\/image\/","url":"https:\/\/acuariosupremus.com\/wp-content\/uploads\/2021\/12\/cropped-logo_acuario_supremus_fn-2.png","contentUrl":"https:\/\/acuariosupremus.com\/wp-content\/uploads\/2021\/12\/cropped-logo_acuario_supremus_fn-2.png","width":1000,"height":318,"caption":"Acuario Supremus"},"image":{"@id":"https:\/\/acuariosupremus.com\/#\/schema\/logo\/image\/"},"sameAs":["https:\/\/www.facebook.com\/AcuarioSupremus","https:\/\/x.com\/AcuarioSupremus","https:\/\/www.instagram.com\/acuariosupremus\/?hl=es"]}]}},"jetpack_sharing_enabled":true,"_links":{"self":[{"href":"https:\/\/acuariosupremus.com\/index.php?rest_route=\/wp\/v2\/product\/8938","targetHints":{"allow":["GET"]}}],"collection":[{"href":"https:\/\/acuariosupremus.com\/index.php?rest_route=\/wp\/v2\/product"}],"about":[{"href":"https:\/\/acuariosupremus.com\/index.php?rest_route=\/wp\/v2\/types\/product"}],"wp:featuredmedia":[{"embeddable":true,"href":"https:\/\/acuariosupremus.com\/index.php?rest_route=\/wp\/v2\/media\/8939"}],"wp:attachment":[{"href":"https:\/\/acuariosupremus.com\/index.php?rest_route=%2Fwp%2Fv2%2Fmedia&parent=8938"}],"wp:term":[{"taxonomy":"product_brand","embeddable":true,"href":"https:\/\/acuariosupremus.com\/index.php?rest_route=%2Fwp%2Fv2%2Fproduct_brand&post=8938"},{"taxonomy":"product_cat","embeddable":true,"href":"https:\/\/acuariosupremus.com\/index.php?rest_route=%2Fwp%2Fv2%2Fproduct_cat&post=8938"},{"taxonomy":"product_tag","embeddable":true,"href":"https:\/\/acuariosupremus.com\/index.php?rest_route=%2Fwp%2Fv2%2Fproduct_tag&post=8938"}],"curies":[{"name":"wp","href":"https:\/\/api.w.org\/{rel}","templated":true}]}}