{"id":8940,"date":"2022-05-09T13:20:02","date_gmt":"2022-05-09T18:20:02","guid":{"rendered":"https:\/\/acuariosupremus.com\/?post_type=product&#038;p=8940"},"modified":"2025-12-27T17:00:07","modified_gmt":"2025-12-27T23:00:07","slug":"cichlid-lake-salt-14-kg-acondicionador-ciclidos","status":"publish","type":"product","link":"https:\/\/acuariosupremus.com\/?product=cichlid-lake-salt-14-kg-acondicionador-ciclidos","title":{"rendered":"Cichlid Lake Salt 1,4 kg, Acondicionador Ciclidos."},"content":{"rendered":"<p>Para restaurar y mantener la tasa de oligoelementos esenciales entre cambios de agua use Cichlid Trace \u2122. Aunque los principales lagos de la falla del Rift contienen b\u00e1sicamente las mismas sales minerales, lo hacen en concentraciones muy distintas. Cichlid Lake salt \u2122 est\u00e1 formulado para que la dosificaci\u00f3n var\u00ede dependiendo del lago de origen y s\u00f3lo ser\u00e1 necesario a\u00f1adirla al establecer un acuario nuevo o con cada cambio de agua. Muchos productos de la competencia son poco m\u00e1s que combinaciones de sal de mesa y bicarbonato de sodio. Esto no proporcionar\u00e1 una replicaci\u00f3n completa de las sales minerales que se encuentran en los lagos de \u00c1frica, en particular las tasas de calcio y sodio requeridas.<br \/>\nDosificaci\u00f3n para 40 litros: Tanganyika: 11g (1 \u00bd cucharada de caf\u00e9) MALAWI: 5,5g. (3\/4 cucharada de caf\u00e9) Victoria: 3,6g. (\u00bd cucharada de caf\u00e9)<\/p>\n<p>Producto: Cichlid Lake Salt 1.4Kg. , Tama\u00f1o: 95 x 95 x 122 mm. (l x a x h), Peso: 1.655 (Kg.).<\/p>\n","protected":false},"excerpt":{"rendered":"<p>Cichlid Lake salt \u2122 es una mezcla qu\u00edmicamente equilibrada de sales dise\u00f1ada para replicar el medio natural de los c\u00edclidos de los lagos del Rift africanos. Contiene todos los elementos fisiol\u00f3gicamente esenciales como magnesio, calcio, sodio, potasio e incluye elementos traza como hierro, aluminio y yodo. No contiene ingredientes nocivos o innecesarios tales como nitratos, fosfatos, ars\u00e9nico, litio o cadmio<\/p>\n","protected":false},"featured_media":8941,"template":"","meta":[],"product_brand":[123],"product_cat":[40,41],"product_tag":[715,716],"class_list":{"0":"post-8940","1":"product","2":"type-product","3":"status-publish","4":"has-post-thumbnail","6":"product_brand-seachem","7":"product_cat-peces","8":"product_cat-acondicionadores","9":"product_tag-acondicionador-ciclidos","10":"product_tag-cichlid-lake-salt","12":"first","13":"instock","14":"sale","15":"shipping-taxable","16":"purchasable","17":"product-type-simple"},"yoast_head":"<!-- This site is optimized with the Yoast SEO plugin v27.4 - https:\/\/yoast.com\/product\/yoast-seo-wordpress\/ -->\n<title>Cichlid Lake Salt 1,4 kg, Acondicionador Ciclidos. | Acuario Supremus<\/title>\n<meta name=\"description\" content=\"Cichlid Lake salt \u2122 es una mezcla qu\u00edmicamente equilibrada de sales dise\u00f1ada para replicar el medio natural de los c\u00edclidos de los lagos del Rift africanos\" \/>\n<meta name=\"robots\" content=\"index, follow, max-snippet:-1, max-image-preview:large, max-video-preview:-1\" \/>\n<link rel=\"canonical\" href=\"https:\/\/acuariosupremus.com\/?product=cichlid-lake-salt-14-kg-acondicionador-ciclidos\" \/>\n<meta property=\"og:locale\" content=\"es_MX\" \/>\n<meta property=\"og:type\" content=\"article\" \/>\n<meta property=\"og:title\" content=\"Cichlid Lake Salt 1,4 kg, Acondicionador Ciclidos. | Acuario Supremus\" \/>\n<meta property=\"og:description\" content=\"Cichlid Lake salt \u2122 es una mezcla qu\u00edmicamente equilibrada de sales dise\u00f1ada para replicar el medio natural de los c\u00edclidos de los lagos del Rift africanos\" \/>\n<meta property=\"og:url\" content=\"https:\/\/acuariosupremus.com\/?product=cichlid-lake-salt-14-kg-acondicionador-ciclidos\" \/>\n<meta property=\"og:site_name\" content=\"Acuario Supremus\" \/>\n<meta property=\"article:publisher\" content=\"https:\/\/www.facebook.com\/AcuarioSupremus\" \/>\n<meta property=\"article:modified_time\" content=\"2025-12-27T23:00:07+00:00\" \/>\n<meta property=\"og:image\" content=\"https:\/\/acuariosupremus.com\/wp-content\/uploads\/2022\/05\/seachem_cichlid_lake_salt_03.jpg\" \/>\n\t<meta property=\"og:image:width\" content=\"1250\" \/>\n\t<meta property=\"og:image:height\" content=\"1250\" \/>\n\t<meta property=\"og:image:type\" content=\"image\/jpeg\" \/>\n<meta name=\"twitter:card\" content=\"summary_large_image\" \/>\n<meta name=\"twitter:site\" content=\"@AcuarioSupremus\" \/>\n<meta name=\"twitter:label1\" content=\"Tiempo de lectura\" \/>\n\t<meta name=\"twitter:data1\" content=\"1 minuto\" \/>\n<script type=\"application\/ld+json\" class=\"yoast-schema-graph\">{\"@context\":\"https:\\\/\\\/schema.org\",\"@graph\":[{\"@type\":\"WebPage\",\"@id\":\"https:\\\/\\\/acuariosupremus.com\\\/?product=cichlid-lake-salt-14-kg-acondicionador-ciclidos\",\"url\":\"https:\\\/\\\/acuariosupremus.com\\\/?product=cichlid-lake-salt-14-kg-acondicionador-ciclidos\",\"name\":\"Cichlid Lake Salt 1,4 kg, Acondicionador Ciclidos. | Acuario Supremus\",\"isPartOf\":{\"@id\":\"https:\\\/\\\/acuariosupremus.com\\\/#website\"},\"primaryImageOfPage\":{\"@id\":\"https:\\\/\\\/acuariosupremus.com\\\/?product=cichlid-lake-salt-14-kg-acondicionador-ciclidos#primaryimage\"},\"image\":{\"@id\":\"https:\\\/\\\/acuariosupremus.com\\\/?product=cichlid-lake-salt-14-kg-acondicionador-ciclidos#primaryimage\"},\"thumbnailUrl\":\"https:\\\/\\\/acuariosupremus.com\\\/wp-content\\\/uploads\\\/2022\\\/05\\\/seachem_cichlid_lake_salt_03.jpg\",\"datePublished\":\"2022-05-09T18:20:02+00:00\",\"dateModified\":\"2025-12-27T23:00:07+00:00\",\"description\":\"Cichlid Lake salt \u2122 es una mezcla qu\u00edmicamente equilibrada de sales dise\u00f1ada para replicar el medio natural de los c\u00edclidos de los lagos del Rift africanos\",\"breadcrumb\":{\"@id\":\"https:\\\/\\\/acuariosupremus.com\\\/?product=cichlid-lake-salt-14-kg-acondicionador-ciclidos#breadcrumb\"},\"inLanguage\":\"es\",\"potentialAction\":[{\"@type\":\"ReadAction\",\"target\":[\"https:\\\/\\\/acuariosupremus.com\\\/?product=cichlid-lake-salt-14-kg-acondicionador-ciclidos\"]}]},{\"@type\":\"ImageObject\",\"inLanguage\":\"es\",\"@id\":\"https:\\\/\\\/acuariosupremus.com\\\/?product=cichlid-lake-salt-14-kg-acondicionador-ciclidos#primaryimage\",\"url\":\"https:\\\/\\\/acuariosupremus.com\\\/wp-content\\\/uploads\\\/2022\\\/05\\\/seachem_cichlid_lake_salt_03.jpg\",\"contentUrl\":\"https:\\\/\\\/acuariosupremus.com\\\/wp-content\\\/uploads\\\/2022\\\/05\\\/seachem_cichlid_lake_salt_03.jpg\",\"width\":1250,\"height\":1250},{\"@type\":\"BreadcrumbList\",\"@id\":\"https:\\\/\\\/acuariosupremus.com\\\/?product=cichlid-lake-salt-14-kg-acondicionador-ciclidos#breadcrumb\",\"itemListElement\":[{\"@type\":\"ListItem\",\"position\":1,\"name\":\"Portada\",\"item\":\"https:\\\/\\\/acuariosupremus.com\\\/\"},{\"@type\":\"ListItem\",\"position\":2,\"name\":\"Tienda\",\"item\":\"https:\\\/\\\/acuariosupremus.com\\\/tienda\\\/\"},{\"@type\":\"ListItem\",\"position\":3,\"name\":\"Cichlid Lake Salt 1,4 kg, Acondicionador Ciclidos.\"}]},{\"@type\":\"WebSite\",\"@id\":\"https:\\\/\\\/acuariosupremus.com\\\/#website\",\"url\":\"https:\\\/\\\/acuariosupremus.com\\\/\",\"name\":\"Acuario Supremus\",\"description\":\"Peces, Peceras y Mascotas.\",\"publisher\":{\"@id\":\"https:\\\/\\\/acuariosupremus.com\\\/#organization\"},\"potentialAction\":[{\"@type\":\"SearchAction\",\"target\":{\"@type\":\"EntryPoint\",\"urlTemplate\":\"https:\\\/\\\/acuariosupremus.com\\\/?s={search_term_string}\"},\"query-input\":{\"@type\":\"PropertyValueSpecification\",\"valueRequired\":true,\"valueName\":\"search_term_string\"}}],\"inLanguage\":\"es\"},{\"@type\":\"Organization\",\"@id\":\"https:\\\/\\\/acuariosupremus.com\\\/#organization\",\"name\":\"Acuario Supremus\",\"url\":\"https:\\\/\\\/acuariosupremus.com\\\/\",\"logo\":{\"@type\":\"ImageObject\",\"inLanguage\":\"es\",\"@id\":\"https:\\\/\\\/acuariosupremus.com\\\/#\\\/schema\\\/logo\\\/image\\\/\",\"url\":\"https:\\\/\\\/acuariosupremus.com\\\/wp-content\\\/uploads\\\/2021\\\/12\\\/cropped-logo_acuario_supremus_fn-2.png\",\"contentUrl\":\"https:\\\/\\\/acuariosupremus.com\\\/wp-content\\\/uploads\\\/2021\\\/12\\\/cropped-logo_acuario_supremus_fn-2.png\",\"width\":1000,\"height\":318,\"caption\":\"Acuario Supremus\"},\"image\":{\"@id\":\"https:\\\/\\\/acuariosupremus.com\\\/#\\\/schema\\\/logo\\\/image\\\/\"},\"sameAs\":[\"https:\\\/\\\/www.facebook.com\\\/AcuarioSupremus\",\"https:\\\/\\\/x.com\\\/AcuarioSupremus\",\"https:\\\/\\\/www.instagram.com\\\/acuariosupremus\\\/?hl=es\"]}]}<\/script>\n<!-- \/ Yoast SEO plugin. -->","yoast_head_json":{"title":"Cichlid Lake Salt 1,4 kg, Acondicionador Ciclidos. | Acuario Supremus","description":"Cichlid Lake salt \u2122 es una mezcla qu\u00edmicamente equilibrada de sales dise\u00f1ada para replicar el medio natural de los c\u00edclidos de los lagos del Rift africanos","robots":{"index":"index","follow":"follow","max-snippet":"max-snippet:-1","max-image-preview":"max-image-preview:large","max-video-preview":"max-video-preview:-1"},"canonical":"https:\/\/acuariosupremus.com\/?product=cichlid-lake-salt-14-kg-acondicionador-ciclidos","og_locale":"es_MX","og_type":"article","og_title":"Cichlid Lake Salt 1,4 kg, Acondicionador Ciclidos. | Acuario Supremus","og_description":"Cichlid Lake salt \u2122 es una mezcla qu\u00edmicamente equilibrada de sales dise\u00f1ada para replicar el medio natural de los c\u00edclidos de los lagos del Rift africanos","og_url":"https:\/\/acuariosupremus.com\/?product=cichlid-lake-salt-14-kg-acondicionador-ciclidos","og_site_name":"Acuario Supremus","article_publisher":"https:\/\/www.facebook.com\/AcuarioSupremus","article_modified_time":"2025-12-27T23:00:07+00:00","og_image":[{"width":1250,"height":1250,"url":"https:\/\/acuariosupremus.com\/wp-content\/uploads\/2022\/05\/seachem_cichlid_lake_salt_03.jpg","type":"image\/jpeg"}],"twitter_card":"summary_large_image","twitter_site":"@AcuarioSupremus","twitter_misc":{"Tiempo de lectura":"1 minuto"},"schema":{"@context":"https:\/\/schema.org","@graph":[{"@type":"WebPage","@id":"https:\/\/acuariosupremus.com\/?product=cichlid-lake-salt-14-kg-acondicionador-ciclidos","url":"https:\/\/acuariosupremus.com\/?product=cichlid-lake-salt-14-kg-acondicionador-ciclidos","name":"Cichlid Lake Salt 1,4 kg, Acondicionador Ciclidos. | Acuario Supremus","isPartOf":{"@id":"https:\/\/acuariosupremus.com\/#website"},"primaryImageOfPage":{"@id":"https:\/\/acuariosupremus.com\/?product=cichlid-lake-salt-14-kg-acondicionador-ciclidos#primaryimage"},"image":{"@id":"https:\/\/acuariosupremus.com\/?product=cichlid-lake-salt-14-kg-acondicionador-ciclidos#primaryimage"},"thumbnailUrl":"https:\/\/acuariosupremus.com\/wp-content\/uploads\/2022\/05\/seachem_cichlid_lake_salt_03.jpg","datePublished":"2022-05-09T18:20:02+00:00","dateModified":"2025-12-27T23:00:07+00:00","description":"Cichlid Lake salt \u2122 es una mezcla qu\u00edmicamente equilibrada de sales dise\u00f1ada para replicar el medio natural de los c\u00edclidos de los lagos del Rift africanos","breadcrumb":{"@id":"https:\/\/acuariosupremus.com\/?product=cichlid-lake-salt-14-kg-acondicionador-ciclidos#breadcrumb"},"inLanguage":"es","potentialAction":[{"@type":"ReadAction","target":["https:\/\/acuariosupremus.com\/?product=cichlid-lake-salt-14-kg-acondicionador-ciclidos"]}]},{"@type":"ImageObject","inLanguage":"es","@id":"https:\/\/acuariosupremus.com\/?product=cichlid-lake-salt-14-kg-acondicionador-ciclidos#primaryimage","url":"https:\/\/acuariosupremus.com\/wp-content\/uploads\/2022\/05\/seachem_cichlid_lake_salt_03.jpg","contentUrl":"https:\/\/acuariosupremus.com\/wp-content\/uploads\/2022\/05\/seachem_cichlid_lake_salt_03.jpg","width":1250,"height":1250},{"@type":"BreadcrumbList","@id":"https:\/\/acuariosupremus.com\/?product=cichlid-lake-salt-14-kg-acondicionador-ciclidos#breadcrumb","itemListElement":[{"@type":"ListItem","position":1,"name":"Portada","item":"https:\/\/acuariosupremus.com\/"},{"@type":"ListItem","position":2,"name":"Tienda","item":"https:\/\/acuariosupremus.com\/tienda\/"},{"@type":"ListItem","position":3,"name":"Cichlid Lake Salt 1,4 kg, Acondicionador Ciclidos."}]},{"@type":"WebSite","@id":"https:\/\/acuariosupremus.com\/#website","url":"https:\/\/acuariosupremus.com\/","name":"Acuario Supremus","description":"Peces, Peceras y Mascotas.","publisher":{"@id":"https:\/\/acuariosupremus.com\/#organization"},"potentialAction":[{"@type":"SearchAction","target":{"@type":"EntryPoint","urlTemplate":"https:\/\/acuariosupremus.com\/?s={search_term_string}"},"query-input":{"@type":"PropertyValueSpecification","valueRequired":true,"valueName":"search_term_string"}}],"inLanguage":"es"},{"@type":"Organization","@id":"https:\/\/acuariosupremus.com\/#organization","name":"Acuario Supremus","url":"https:\/\/acuariosupremus.com\/","logo":{"@type":"ImageObject","inLanguage":"es","@id":"https:\/\/acuariosupremus.com\/#\/schema\/logo\/image\/","url":"https:\/\/acuariosupremus.com\/wp-content\/uploads\/2021\/12\/cropped-logo_acuario_supremus_fn-2.png","contentUrl":"https:\/\/acuariosupremus.com\/wp-content\/uploads\/2021\/12\/cropped-logo_acuario_supremus_fn-2.png","width":1000,"height":318,"caption":"Acuario Supremus"},"image":{"@id":"https:\/\/acuariosupremus.com\/#\/schema\/logo\/image\/"},"sameAs":["https:\/\/www.facebook.com\/AcuarioSupremus","https:\/\/x.com\/AcuarioSupremus","https:\/\/www.instagram.com\/acuariosupremus\/?hl=es"]}]}},"jetpack_sharing_enabled":true,"_links":{"self":[{"href":"https:\/\/acuariosupremus.com\/index.php?rest_route=\/wp\/v2\/product\/8940","targetHints":{"allow":["GET"]}}],"collection":[{"href":"https:\/\/acuariosupremus.com\/index.php?rest_route=\/wp\/v2\/product"}],"about":[{"href":"https:\/\/acuariosupremus.com\/index.php?rest_route=\/wp\/v2\/types\/product"}],"wp:featuredmedia":[{"embeddable":true,"href":"https:\/\/acuariosupremus.com\/index.php?rest_route=\/wp\/v2\/media\/8941"}],"wp:attachment":[{"href":"https:\/\/acuariosupremus.com\/index.php?rest_route=%2Fwp%2Fv2%2Fmedia&parent=8940"}],"wp:term":[{"taxonomy":"product_brand","embeddable":true,"href":"https:\/\/acuariosupremus.com\/index.php?rest_route=%2Fwp%2Fv2%2Fproduct_brand&post=8940"},{"taxonomy":"product_cat","embeddable":true,"href":"https:\/\/acuariosupremus.com\/index.php?rest_route=%2Fwp%2Fv2%2Fproduct_cat&post=8940"},{"taxonomy":"product_tag","embeddable":true,"href":"https:\/\/acuariosupremus.com\/index.php?rest_route=%2Fwp%2Fv2%2Fproduct_tag&post=8940"}],"curies":[{"name":"wp","href":"https:\/\/api.w.org\/{rel}","templated":true}]}}