{"id":8955,"date":"2022-05-09T14:13:46","date_gmt":"2022-05-09T19:13:46","guid":{"rendered":"https:\/\/acuariosupremus.com\/?post_type=product&#038;p=8955"},"modified":"2025-12-27T17:01:26","modified_gmt":"2025-12-27T23:01:26","slug":"malawi-victoria-buffer-600-g-acondicionador-ciclidos","status":"publish","type":"product","link":"https:\/\/acuariosupremus.com\/?product=malawi-victoria-buffer-600-g-acondicionador-ciclidos","title":{"rendered":"Malawi\/Victoria Buffer 600 g, Acondicionador Ciclidos."},"content":{"rendered":"<p>A\u00f1ada 5g (1 cucharada de caf\u00e9) por cada 40 \u2013 80 L de agua diariamente hasta alcanzar y mantener el pH deseado. Despu\u00e9s, a\u00f1ada el producto cuando el pH baje, generalmente no m\u00e1s de una vez cada dos o tres semanas. Consejos: Lo mejor es disolver previamente el producto que vaya a a\u00f1adir en agua dulce. \u00daselo al instalar un acuario nuevo o realizar cambios de agua parciales, preferiblemente despu\u00e9s de la adici\u00f3n de Cichlid Lake salt \u2122 de Seachem. Puede a\u00f1adir este producto entre los cambios de agua seg\u00fan sea necesario para mantener el pH deseado. Malawi\/Victoria Buffer\u2122 de Seachem est\u00e1 formulado para mantener un pH entre 7,8 y 8,4, dependiendo de la cantidad utilizada. En caso de requerir un pH m\u00e1s bajo que 7.8 puede utilizar Acid Buffer\u2122 de Seachem en combinaci\u00f3n con Malawi\/Victoria Buffer\u2122. Si lo que desea es obtener un pH m\u00e1s alto que 8.4 use Tanganyika Buffer\u2122..<\/p>\n<p>Producto: Tanganyika Buffer 600g. , Tama\u00f1o: 75 x 75 x 162 mm. (l x a x h), Peso: 0.675 (Kg.).<\/p>\n","protected":false},"excerpt":{"rendered":"<p>Malawi\/Victoria Buffer \u2122 es una mezcla de sales de carbonato dise\u00f1ada para reproducir el entorno natural de los c\u00edclidos de los lagos Malawi y Victoria incrementando el pH, la dureza y la capacidad tamp\u00f3n del agua. Est\u00e1 formulado para mantener un pH de 7.8, 8.4. Para lograr una replicaci\u00f3n \u00f3ptima de este entorno qu\u00edmico use Cichlid Lake Salt \u2122 y Cichlid Trace \u2122.<\/p>\n","protected":false},"featured_media":8956,"template":"","meta":[],"product_brand":[123],"product_cat":[40,41],"product_tag":[715,718],"class_list":{"0":"post-8955","1":"product","2":"type-product","3":"status-publish","4":"has-post-thumbnail","6":"product_brand-seachem","7":"product_cat-peces","8":"product_cat-acondicionadores","9":"product_tag-acondicionador-ciclidos","10":"product_tag-malawi-victoria-buffer","12":"first","13":"instock","14":"sale","15":"shipping-taxable","16":"purchasable","17":"product-type-simple"},"yoast_head":"<!-- This site is optimized with the Yoast SEO plugin v27.4 - https:\/\/yoast.com\/product\/yoast-seo-wordpress\/ -->\n<title>Malawi\/Victoria Buffer 600 g, Acondicionador Ciclidos. | Acuario Supremus<\/title>\n<meta name=\"description\" content=\"Malawi\/Victoria Buffer \u2122 es una mezcla de sales de carbonato dise\u00f1ada para reproducir el entorno natural de los c\u00edclidos de los lagos Malawi y Victoria\" \/>\n<meta name=\"robots\" content=\"index, follow, max-snippet:-1, max-image-preview:large, max-video-preview:-1\" \/>\n<link rel=\"canonical\" href=\"https:\/\/acuariosupremus.com\/?product=malawi-victoria-buffer-600-g-acondicionador-ciclidos\" \/>\n<meta property=\"og:locale\" content=\"es_MX\" \/>\n<meta property=\"og:type\" content=\"article\" \/>\n<meta property=\"og:title\" content=\"Malawi\/Victoria Buffer 600 g, Acondicionador Ciclidos. | Acuario Supremus\" \/>\n<meta property=\"og:description\" content=\"Malawi\/Victoria Buffer \u2122 es una mezcla de sales de carbonato dise\u00f1ada para reproducir el entorno natural de los c\u00edclidos de los lagos Malawi y Victoria\" \/>\n<meta property=\"og:url\" content=\"https:\/\/acuariosupremus.com\/?product=malawi-victoria-buffer-600-g-acondicionador-ciclidos\" \/>\n<meta property=\"og:site_name\" content=\"Acuario Supremus\" \/>\n<meta property=\"article:publisher\" content=\"https:\/\/www.facebook.com\/AcuarioSupremus\" \/>\n<meta property=\"article:modified_time\" content=\"2025-12-27T23:01:26+00:00\" \/>\n<meta property=\"og:image\" content=\"https:\/\/acuariosupremus.com\/wp-content\/uploads\/2022\/05\/seachem_malawi_victoria_buffer_02.jpg\" \/>\n\t<meta property=\"og:image:width\" content=\"1250\" \/>\n\t<meta property=\"og:image:height\" content=\"1250\" \/>\n\t<meta property=\"og:image:type\" content=\"image\/jpeg\" \/>\n<meta name=\"twitter:card\" content=\"summary_large_image\" \/>\n<meta name=\"twitter:site\" content=\"@AcuarioSupremus\" \/>\n<meta name=\"twitter:label1\" content=\"Tiempo de lectura\" \/>\n\t<meta name=\"twitter:data1\" content=\"1 minuto\" \/>\n<script type=\"application\/ld+json\" class=\"yoast-schema-graph\">{\"@context\":\"https:\\\/\\\/schema.org\",\"@graph\":[{\"@type\":\"WebPage\",\"@id\":\"https:\\\/\\\/acuariosupremus.com\\\/?product=malawi-victoria-buffer-600-g-acondicionador-ciclidos\",\"url\":\"https:\\\/\\\/acuariosupremus.com\\\/?product=malawi-victoria-buffer-600-g-acondicionador-ciclidos\",\"name\":\"Malawi\\\/Victoria Buffer 600 g, Acondicionador Ciclidos. | Acuario Supremus\",\"isPartOf\":{\"@id\":\"https:\\\/\\\/acuariosupremus.com\\\/#website\"},\"primaryImageOfPage\":{\"@id\":\"https:\\\/\\\/acuariosupremus.com\\\/?product=malawi-victoria-buffer-600-g-acondicionador-ciclidos#primaryimage\"},\"image\":{\"@id\":\"https:\\\/\\\/acuariosupremus.com\\\/?product=malawi-victoria-buffer-600-g-acondicionador-ciclidos#primaryimage\"},\"thumbnailUrl\":\"https:\\\/\\\/acuariosupremus.com\\\/wp-content\\\/uploads\\\/2022\\\/05\\\/seachem_malawi_victoria_buffer_02.jpg\",\"datePublished\":\"2022-05-09T19:13:46+00:00\",\"dateModified\":\"2025-12-27T23:01:26+00:00\",\"description\":\"Malawi\\\/Victoria Buffer \u2122 es una mezcla de sales de carbonato dise\u00f1ada para reproducir el entorno natural de los c\u00edclidos de los lagos Malawi y Victoria\",\"breadcrumb\":{\"@id\":\"https:\\\/\\\/acuariosupremus.com\\\/?product=malawi-victoria-buffer-600-g-acondicionador-ciclidos#breadcrumb\"},\"inLanguage\":\"es\",\"potentialAction\":[{\"@type\":\"ReadAction\",\"target\":[\"https:\\\/\\\/acuariosupremus.com\\\/?product=malawi-victoria-buffer-600-g-acondicionador-ciclidos\"]}]},{\"@type\":\"ImageObject\",\"inLanguage\":\"es\",\"@id\":\"https:\\\/\\\/acuariosupremus.com\\\/?product=malawi-victoria-buffer-600-g-acondicionador-ciclidos#primaryimage\",\"url\":\"https:\\\/\\\/acuariosupremus.com\\\/wp-content\\\/uploads\\\/2022\\\/05\\\/seachem_malawi_victoria_buffer_02.jpg\",\"contentUrl\":\"https:\\\/\\\/acuariosupremus.com\\\/wp-content\\\/uploads\\\/2022\\\/05\\\/seachem_malawi_victoria_buffer_02.jpg\",\"width\":1250,\"height\":1250},{\"@type\":\"BreadcrumbList\",\"@id\":\"https:\\\/\\\/acuariosupremus.com\\\/?product=malawi-victoria-buffer-600-g-acondicionador-ciclidos#breadcrumb\",\"itemListElement\":[{\"@type\":\"ListItem\",\"position\":1,\"name\":\"Portada\",\"item\":\"https:\\\/\\\/acuariosupremus.com\\\/\"},{\"@type\":\"ListItem\",\"position\":2,\"name\":\"Tienda\",\"item\":\"https:\\\/\\\/acuariosupremus.com\\\/tienda\\\/\"},{\"@type\":\"ListItem\",\"position\":3,\"name\":\"Malawi\\\/Victoria Buffer 600 g, Acondicionador Ciclidos.\"}]},{\"@type\":\"WebSite\",\"@id\":\"https:\\\/\\\/acuariosupremus.com\\\/#website\",\"url\":\"https:\\\/\\\/acuariosupremus.com\\\/\",\"name\":\"Acuario Supremus\",\"description\":\"Peces, Peceras y Mascotas.\",\"publisher\":{\"@id\":\"https:\\\/\\\/acuariosupremus.com\\\/#organization\"},\"potentialAction\":[{\"@type\":\"SearchAction\",\"target\":{\"@type\":\"EntryPoint\",\"urlTemplate\":\"https:\\\/\\\/acuariosupremus.com\\\/?s={search_term_string}\"},\"query-input\":{\"@type\":\"PropertyValueSpecification\",\"valueRequired\":true,\"valueName\":\"search_term_string\"}}],\"inLanguage\":\"es\"},{\"@type\":\"Organization\",\"@id\":\"https:\\\/\\\/acuariosupremus.com\\\/#organization\",\"name\":\"Acuario Supremus\",\"url\":\"https:\\\/\\\/acuariosupremus.com\\\/\",\"logo\":{\"@type\":\"ImageObject\",\"inLanguage\":\"es\",\"@id\":\"https:\\\/\\\/acuariosupremus.com\\\/#\\\/schema\\\/logo\\\/image\\\/\",\"url\":\"https:\\\/\\\/acuariosupremus.com\\\/wp-content\\\/uploads\\\/2021\\\/12\\\/cropped-logo_acuario_supremus_fn-2.png\",\"contentUrl\":\"https:\\\/\\\/acuariosupremus.com\\\/wp-content\\\/uploads\\\/2021\\\/12\\\/cropped-logo_acuario_supremus_fn-2.png\",\"width\":1000,\"height\":318,\"caption\":\"Acuario Supremus\"},\"image\":{\"@id\":\"https:\\\/\\\/acuariosupremus.com\\\/#\\\/schema\\\/logo\\\/image\\\/\"},\"sameAs\":[\"https:\\\/\\\/www.facebook.com\\\/AcuarioSupremus\",\"https:\\\/\\\/x.com\\\/AcuarioSupremus\",\"https:\\\/\\\/www.instagram.com\\\/acuariosupremus\\\/?hl=es\"]}]}<\/script>\n<!-- \/ Yoast SEO plugin. -->","yoast_head_json":{"title":"Malawi\/Victoria Buffer 600 g, Acondicionador Ciclidos. | Acuario Supremus","description":"Malawi\/Victoria Buffer \u2122 es una mezcla de sales de carbonato dise\u00f1ada para reproducir el entorno natural de los c\u00edclidos de los lagos Malawi y Victoria","robots":{"index":"index","follow":"follow","max-snippet":"max-snippet:-1","max-image-preview":"max-image-preview:large","max-video-preview":"max-video-preview:-1"},"canonical":"https:\/\/acuariosupremus.com\/?product=malawi-victoria-buffer-600-g-acondicionador-ciclidos","og_locale":"es_MX","og_type":"article","og_title":"Malawi\/Victoria Buffer 600 g, Acondicionador Ciclidos. | Acuario Supremus","og_description":"Malawi\/Victoria Buffer \u2122 es una mezcla de sales de carbonato dise\u00f1ada para reproducir el entorno natural de los c\u00edclidos de los lagos Malawi y Victoria","og_url":"https:\/\/acuariosupremus.com\/?product=malawi-victoria-buffer-600-g-acondicionador-ciclidos","og_site_name":"Acuario Supremus","article_publisher":"https:\/\/www.facebook.com\/AcuarioSupremus","article_modified_time":"2025-12-27T23:01:26+00:00","og_image":[{"width":1250,"height":1250,"url":"https:\/\/acuariosupremus.com\/wp-content\/uploads\/2022\/05\/seachem_malawi_victoria_buffer_02.jpg","type":"image\/jpeg"}],"twitter_card":"summary_large_image","twitter_site":"@AcuarioSupremus","twitter_misc":{"Tiempo de lectura":"1 minuto"},"schema":{"@context":"https:\/\/schema.org","@graph":[{"@type":"WebPage","@id":"https:\/\/acuariosupremus.com\/?product=malawi-victoria-buffer-600-g-acondicionador-ciclidos","url":"https:\/\/acuariosupremus.com\/?product=malawi-victoria-buffer-600-g-acondicionador-ciclidos","name":"Malawi\/Victoria Buffer 600 g, Acondicionador Ciclidos. | Acuario Supremus","isPartOf":{"@id":"https:\/\/acuariosupremus.com\/#website"},"primaryImageOfPage":{"@id":"https:\/\/acuariosupremus.com\/?product=malawi-victoria-buffer-600-g-acondicionador-ciclidos#primaryimage"},"image":{"@id":"https:\/\/acuariosupremus.com\/?product=malawi-victoria-buffer-600-g-acondicionador-ciclidos#primaryimage"},"thumbnailUrl":"https:\/\/acuariosupremus.com\/wp-content\/uploads\/2022\/05\/seachem_malawi_victoria_buffer_02.jpg","datePublished":"2022-05-09T19:13:46+00:00","dateModified":"2025-12-27T23:01:26+00:00","description":"Malawi\/Victoria Buffer \u2122 es una mezcla de sales de carbonato dise\u00f1ada para reproducir el entorno natural de los c\u00edclidos de los lagos Malawi y Victoria","breadcrumb":{"@id":"https:\/\/acuariosupremus.com\/?product=malawi-victoria-buffer-600-g-acondicionador-ciclidos#breadcrumb"},"inLanguage":"es","potentialAction":[{"@type":"ReadAction","target":["https:\/\/acuariosupremus.com\/?product=malawi-victoria-buffer-600-g-acondicionador-ciclidos"]}]},{"@type":"ImageObject","inLanguage":"es","@id":"https:\/\/acuariosupremus.com\/?product=malawi-victoria-buffer-600-g-acondicionador-ciclidos#primaryimage","url":"https:\/\/acuariosupremus.com\/wp-content\/uploads\/2022\/05\/seachem_malawi_victoria_buffer_02.jpg","contentUrl":"https:\/\/acuariosupremus.com\/wp-content\/uploads\/2022\/05\/seachem_malawi_victoria_buffer_02.jpg","width":1250,"height":1250},{"@type":"BreadcrumbList","@id":"https:\/\/acuariosupremus.com\/?product=malawi-victoria-buffer-600-g-acondicionador-ciclidos#breadcrumb","itemListElement":[{"@type":"ListItem","position":1,"name":"Portada","item":"https:\/\/acuariosupremus.com\/"},{"@type":"ListItem","position":2,"name":"Tienda","item":"https:\/\/acuariosupremus.com\/tienda\/"},{"@type":"ListItem","position":3,"name":"Malawi\/Victoria Buffer 600 g, Acondicionador Ciclidos."}]},{"@type":"WebSite","@id":"https:\/\/acuariosupremus.com\/#website","url":"https:\/\/acuariosupremus.com\/","name":"Acuario Supremus","description":"Peces, Peceras y Mascotas.","publisher":{"@id":"https:\/\/acuariosupremus.com\/#organization"},"potentialAction":[{"@type":"SearchAction","target":{"@type":"EntryPoint","urlTemplate":"https:\/\/acuariosupremus.com\/?s={search_term_string}"},"query-input":{"@type":"PropertyValueSpecification","valueRequired":true,"valueName":"search_term_string"}}],"inLanguage":"es"},{"@type":"Organization","@id":"https:\/\/acuariosupremus.com\/#organization","name":"Acuario Supremus","url":"https:\/\/acuariosupremus.com\/","logo":{"@type":"ImageObject","inLanguage":"es","@id":"https:\/\/acuariosupremus.com\/#\/schema\/logo\/image\/","url":"https:\/\/acuariosupremus.com\/wp-content\/uploads\/2021\/12\/cropped-logo_acuario_supremus_fn-2.png","contentUrl":"https:\/\/acuariosupremus.com\/wp-content\/uploads\/2021\/12\/cropped-logo_acuario_supremus_fn-2.png","width":1000,"height":318,"caption":"Acuario Supremus"},"image":{"@id":"https:\/\/acuariosupremus.com\/#\/schema\/logo\/image\/"},"sameAs":["https:\/\/www.facebook.com\/AcuarioSupremus","https:\/\/x.com\/AcuarioSupremus","https:\/\/www.instagram.com\/acuariosupremus\/?hl=es"]}]}},"jetpack_sharing_enabled":true,"_links":{"self":[{"href":"https:\/\/acuariosupremus.com\/index.php?rest_route=\/wp\/v2\/product\/8955","targetHints":{"allow":["GET"]}}],"collection":[{"href":"https:\/\/acuariosupremus.com\/index.php?rest_route=\/wp\/v2\/product"}],"about":[{"href":"https:\/\/acuariosupremus.com\/index.php?rest_route=\/wp\/v2\/types\/product"}],"wp:featuredmedia":[{"embeddable":true,"href":"https:\/\/acuariosupremus.com\/index.php?rest_route=\/wp\/v2\/media\/8956"}],"wp:attachment":[{"href":"https:\/\/acuariosupremus.com\/index.php?rest_route=%2Fwp%2Fv2%2Fmedia&parent=8955"}],"wp:term":[{"taxonomy":"product_brand","embeddable":true,"href":"https:\/\/acuariosupremus.com\/index.php?rest_route=%2Fwp%2Fv2%2Fproduct_brand&post=8955"},{"taxonomy":"product_cat","embeddable":true,"href":"https:\/\/acuariosupremus.com\/index.php?rest_route=%2Fwp%2Fv2%2Fproduct_cat&post=8955"},{"taxonomy":"product_tag","embeddable":true,"href":"https:\/\/acuariosupremus.com\/index.php?rest_route=%2Fwp%2Fv2%2Fproduct_tag&post=8955"}],"curies":[{"name":"wp","href":"https:\/\/api.w.org\/{rel}","templated":true}]}}