{"id":8966,"date":"2022-05-09T14:36:19","date_gmt":"2022-05-09T19:36:19","guid":{"rendered":"https:\/\/acuariosupremus.com\/?post_type=product&#038;p=8966"},"modified":"2025-12-27T17:02:26","modified_gmt":"2025-12-27T23:02:26","slug":"betta-basics-60-ml-acondicionador-para-bettas","status":"publish","type":"product","link":"https:\/\/acuariosupremus.com\/?product=betta-basics-60-ml-acondicionador-para-bettas","title":{"rendered":"Betta Basics 60 ml, Acondicionador para Bettas."},"content":{"rendered":"<p>Betta Basics\u2122 promueve un nivel de crecimiento \u00f3ptimo y una salud vigorosa. Est\u00e1 espec\u00edficamente formulado para un uso regular en un sistema cerrado como un recipiente para peces Betta. Proporciona un entorno ideal para las plantas adem\u00e1s de eliminar r\u00e1pidamente el amon\u00edaco. Para usarlo a\u00f1ada 1 tap\u00f3n (4 mL) por cada litro de agua. Puede usarlo con cada cambio de agua, pero si desea obtener los mejores resultados pude a\u00f1\u00e1dirlo de 2 a 3 veces por semana. En recipientes para un Betta s\u00f3lo (es decir sin ninguna planta) a\u00f1ada 1 tap\u00f3n por cada 4 litros con los cambios de agua.<\/p>\n<p>Producto: Betta Basics 60ml. , Tama\u00f1o: 35 x 35 x 88 mm. (l x a x h), Peso: 0.070 (Kg.).<\/p>\n","protected":false},"excerpt":{"rendered":"<p>Betta Basics\u2122 est\u00e1 dise\u00f1ado para proporcionar un ambiente \u00f3ptimo para los peces Betta y las plantas eliminando el cloro, la cloramina, el amoniaco y manteniendo un pH de 7.0 en el agua.<\/p>\n","protected":false},"featured_media":8967,"template":"","meta":[],"product_brand":[123],"product_cat":[40,41],"product_tag":[722,721,134],"class_list":{"0":"post-8966","1":"product","2":"type-product","3":"status-publish","4":"has-post-thumbnail","6":"product_brand-seachem","7":"product_cat-peces","8":"product_cat-acondicionadores","9":"product_tag-acondicionador-para-bettas","10":"product_tag-betta-basics","11":"product_tag-neutralizador-para-bettas","13":"first","14":"instock","15":"sale","16":"shipping-taxable","17":"purchasable","18":"product-type-simple"},"yoast_head":"<!-- This site is optimized with the Yoast SEO plugin v27.4 - https:\/\/yoast.com\/product\/yoast-seo-wordpress\/ -->\n<title>Betta Basics 60 ml, Acondicionador para Bettas. | Acuario Supremus<\/title>\n<meta name=\"description\" content=\"Betta Basics\u2122 est\u00e1 dise\u00f1ado para proporcionar un ambiente \u00f3ptimo para los peces Betta eliminando el cloro, la cloramina, el amoniaco y un pH de 7.0\" \/>\n<meta name=\"robots\" content=\"index, follow, max-snippet:-1, max-image-preview:large, max-video-preview:-1\" \/>\n<link rel=\"canonical\" href=\"https:\/\/acuariosupremus.com\/?product=betta-basics-60-ml-acondicionador-para-bettas\" \/>\n<meta property=\"og:locale\" content=\"es_MX\" \/>\n<meta property=\"og:type\" content=\"article\" \/>\n<meta property=\"og:title\" content=\"Betta Basics 60 ml, Acondicionador para Bettas. | Acuario Supremus\" \/>\n<meta property=\"og:description\" content=\"Betta Basics\u2122 est\u00e1 dise\u00f1ado para proporcionar un ambiente \u00f3ptimo para los peces Betta eliminando el cloro, la cloramina, el amoniaco y un pH de 7.0\" \/>\n<meta property=\"og:url\" content=\"https:\/\/acuariosupremus.com\/?product=betta-basics-60-ml-acondicionador-para-bettas\" \/>\n<meta property=\"og:site_name\" content=\"Acuario Supremus\" \/>\n<meta property=\"article:publisher\" content=\"https:\/\/www.facebook.com\/AcuarioSupremus\" \/>\n<meta property=\"article:modified_time\" content=\"2025-12-27T23:02:26+00:00\" \/>\n<meta property=\"og:image\" content=\"https:\/\/acuariosupremus.com\/wp-content\/uploads\/2022\/05\/seachem_betta_basics_01.jpg\" \/>\n\t<meta property=\"og:image:width\" content=\"1250\" \/>\n\t<meta property=\"og:image:height\" content=\"1250\" \/>\n\t<meta property=\"og:image:type\" content=\"image\/jpeg\" \/>\n<meta name=\"twitter:card\" content=\"summary_large_image\" \/>\n<meta name=\"twitter:site\" content=\"@AcuarioSupremus\" \/>\n<meta name=\"twitter:label1\" content=\"Tiempo de lectura\" \/>\n\t<meta name=\"twitter:data1\" content=\"1 minuto\" \/>\n<script type=\"application\/ld+json\" class=\"yoast-schema-graph\">{\"@context\":\"https:\\\/\\\/schema.org\",\"@graph\":[{\"@type\":\"WebPage\",\"@id\":\"https:\\\/\\\/acuariosupremus.com\\\/?product=betta-basics-60-ml-acondicionador-para-bettas\",\"url\":\"https:\\\/\\\/acuariosupremus.com\\\/?product=betta-basics-60-ml-acondicionador-para-bettas\",\"name\":\"Betta Basics 60 ml, Acondicionador para Bettas. | Acuario Supremus\",\"isPartOf\":{\"@id\":\"https:\\\/\\\/acuariosupremus.com\\\/#website\"},\"primaryImageOfPage\":{\"@id\":\"https:\\\/\\\/acuariosupremus.com\\\/?product=betta-basics-60-ml-acondicionador-para-bettas#primaryimage\"},\"image\":{\"@id\":\"https:\\\/\\\/acuariosupremus.com\\\/?product=betta-basics-60-ml-acondicionador-para-bettas#primaryimage\"},\"thumbnailUrl\":\"https:\\\/\\\/acuariosupremus.com\\\/wp-content\\\/uploads\\\/2022\\\/05\\\/seachem_betta_basics_01.jpg\",\"datePublished\":\"2022-05-09T19:36:19+00:00\",\"dateModified\":\"2025-12-27T23:02:26+00:00\",\"description\":\"Betta Basics\u2122 est\u00e1 dise\u00f1ado para proporcionar un ambiente \u00f3ptimo para los peces Betta eliminando el cloro, la cloramina, el amoniaco y un pH de 7.0\",\"breadcrumb\":{\"@id\":\"https:\\\/\\\/acuariosupremus.com\\\/?product=betta-basics-60-ml-acondicionador-para-bettas#breadcrumb\"},\"inLanguage\":\"es\",\"potentialAction\":[{\"@type\":\"ReadAction\",\"target\":[\"https:\\\/\\\/acuariosupremus.com\\\/?product=betta-basics-60-ml-acondicionador-para-bettas\"]}]},{\"@type\":\"ImageObject\",\"inLanguage\":\"es\",\"@id\":\"https:\\\/\\\/acuariosupremus.com\\\/?product=betta-basics-60-ml-acondicionador-para-bettas#primaryimage\",\"url\":\"https:\\\/\\\/acuariosupremus.com\\\/wp-content\\\/uploads\\\/2022\\\/05\\\/seachem_betta_basics_01.jpg\",\"contentUrl\":\"https:\\\/\\\/acuariosupremus.com\\\/wp-content\\\/uploads\\\/2022\\\/05\\\/seachem_betta_basics_01.jpg\",\"width\":1250,\"height\":1250},{\"@type\":\"BreadcrumbList\",\"@id\":\"https:\\\/\\\/acuariosupremus.com\\\/?product=betta-basics-60-ml-acondicionador-para-bettas#breadcrumb\",\"itemListElement\":[{\"@type\":\"ListItem\",\"position\":1,\"name\":\"Portada\",\"item\":\"https:\\\/\\\/acuariosupremus.com\\\/\"},{\"@type\":\"ListItem\",\"position\":2,\"name\":\"Tienda\",\"item\":\"https:\\\/\\\/acuariosupremus.com\\\/tienda\\\/\"},{\"@type\":\"ListItem\",\"position\":3,\"name\":\"Betta Basics 60 ml, Acondicionador para Bettas.\"}]},{\"@type\":\"WebSite\",\"@id\":\"https:\\\/\\\/acuariosupremus.com\\\/#website\",\"url\":\"https:\\\/\\\/acuariosupremus.com\\\/\",\"name\":\"Acuario Supremus\",\"description\":\"Peces, Peceras y Mascotas.\",\"publisher\":{\"@id\":\"https:\\\/\\\/acuariosupremus.com\\\/#organization\"},\"potentialAction\":[{\"@type\":\"SearchAction\",\"target\":{\"@type\":\"EntryPoint\",\"urlTemplate\":\"https:\\\/\\\/acuariosupremus.com\\\/?s={search_term_string}\"},\"query-input\":{\"@type\":\"PropertyValueSpecification\",\"valueRequired\":true,\"valueName\":\"search_term_string\"}}],\"inLanguage\":\"es\"},{\"@type\":\"Organization\",\"@id\":\"https:\\\/\\\/acuariosupremus.com\\\/#organization\",\"name\":\"Acuario Supremus\",\"url\":\"https:\\\/\\\/acuariosupremus.com\\\/\",\"logo\":{\"@type\":\"ImageObject\",\"inLanguage\":\"es\",\"@id\":\"https:\\\/\\\/acuariosupremus.com\\\/#\\\/schema\\\/logo\\\/image\\\/\",\"url\":\"https:\\\/\\\/acuariosupremus.com\\\/wp-content\\\/uploads\\\/2021\\\/12\\\/cropped-logo_acuario_supremus_fn-2.png\",\"contentUrl\":\"https:\\\/\\\/acuariosupremus.com\\\/wp-content\\\/uploads\\\/2021\\\/12\\\/cropped-logo_acuario_supremus_fn-2.png\",\"width\":1000,\"height\":318,\"caption\":\"Acuario Supremus\"},\"image\":{\"@id\":\"https:\\\/\\\/acuariosupremus.com\\\/#\\\/schema\\\/logo\\\/image\\\/\"},\"sameAs\":[\"https:\\\/\\\/www.facebook.com\\\/AcuarioSupremus\",\"https:\\\/\\\/x.com\\\/AcuarioSupremus\",\"https:\\\/\\\/www.instagram.com\\\/acuariosupremus\\\/?hl=es\"]}]}<\/script>\n<!-- \/ Yoast SEO plugin. -->","yoast_head_json":{"title":"Betta Basics 60 ml, Acondicionador para Bettas. | Acuario Supremus","description":"Betta Basics\u2122 est\u00e1 dise\u00f1ado para proporcionar un ambiente \u00f3ptimo para los peces Betta eliminando el cloro, la cloramina, el amoniaco y un pH de 7.0","robots":{"index":"index","follow":"follow","max-snippet":"max-snippet:-1","max-image-preview":"max-image-preview:large","max-video-preview":"max-video-preview:-1"},"canonical":"https:\/\/acuariosupremus.com\/?product=betta-basics-60-ml-acondicionador-para-bettas","og_locale":"es_MX","og_type":"article","og_title":"Betta Basics 60 ml, Acondicionador para Bettas. | Acuario Supremus","og_description":"Betta Basics\u2122 est\u00e1 dise\u00f1ado para proporcionar un ambiente \u00f3ptimo para los peces Betta eliminando el cloro, la cloramina, el amoniaco y un pH de 7.0","og_url":"https:\/\/acuariosupremus.com\/?product=betta-basics-60-ml-acondicionador-para-bettas","og_site_name":"Acuario Supremus","article_publisher":"https:\/\/www.facebook.com\/AcuarioSupremus","article_modified_time":"2025-12-27T23:02:26+00:00","og_image":[{"width":1250,"height":1250,"url":"https:\/\/acuariosupremus.com\/wp-content\/uploads\/2022\/05\/seachem_betta_basics_01.jpg","type":"image\/jpeg"}],"twitter_card":"summary_large_image","twitter_site":"@AcuarioSupremus","twitter_misc":{"Tiempo de lectura":"1 minuto"},"schema":{"@context":"https:\/\/schema.org","@graph":[{"@type":"WebPage","@id":"https:\/\/acuariosupremus.com\/?product=betta-basics-60-ml-acondicionador-para-bettas","url":"https:\/\/acuariosupremus.com\/?product=betta-basics-60-ml-acondicionador-para-bettas","name":"Betta Basics 60 ml, Acondicionador para Bettas. | Acuario Supremus","isPartOf":{"@id":"https:\/\/acuariosupremus.com\/#website"},"primaryImageOfPage":{"@id":"https:\/\/acuariosupremus.com\/?product=betta-basics-60-ml-acondicionador-para-bettas#primaryimage"},"image":{"@id":"https:\/\/acuariosupremus.com\/?product=betta-basics-60-ml-acondicionador-para-bettas#primaryimage"},"thumbnailUrl":"https:\/\/acuariosupremus.com\/wp-content\/uploads\/2022\/05\/seachem_betta_basics_01.jpg","datePublished":"2022-05-09T19:36:19+00:00","dateModified":"2025-12-27T23:02:26+00:00","description":"Betta Basics\u2122 est\u00e1 dise\u00f1ado para proporcionar un ambiente \u00f3ptimo para los peces Betta eliminando el cloro, la cloramina, el amoniaco y un pH de 7.0","breadcrumb":{"@id":"https:\/\/acuariosupremus.com\/?product=betta-basics-60-ml-acondicionador-para-bettas#breadcrumb"},"inLanguage":"es","potentialAction":[{"@type":"ReadAction","target":["https:\/\/acuariosupremus.com\/?product=betta-basics-60-ml-acondicionador-para-bettas"]}]},{"@type":"ImageObject","inLanguage":"es","@id":"https:\/\/acuariosupremus.com\/?product=betta-basics-60-ml-acondicionador-para-bettas#primaryimage","url":"https:\/\/acuariosupremus.com\/wp-content\/uploads\/2022\/05\/seachem_betta_basics_01.jpg","contentUrl":"https:\/\/acuariosupremus.com\/wp-content\/uploads\/2022\/05\/seachem_betta_basics_01.jpg","width":1250,"height":1250},{"@type":"BreadcrumbList","@id":"https:\/\/acuariosupremus.com\/?product=betta-basics-60-ml-acondicionador-para-bettas#breadcrumb","itemListElement":[{"@type":"ListItem","position":1,"name":"Portada","item":"https:\/\/acuariosupremus.com\/"},{"@type":"ListItem","position":2,"name":"Tienda","item":"https:\/\/acuariosupremus.com\/tienda\/"},{"@type":"ListItem","position":3,"name":"Betta Basics 60 ml, Acondicionador para Bettas."}]},{"@type":"WebSite","@id":"https:\/\/acuariosupremus.com\/#website","url":"https:\/\/acuariosupremus.com\/","name":"Acuario Supremus","description":"Peces, Peceras y Mascotas.","publisher":{"@id":"https:\/\/acuariosupremus.com\/#organization"},"potentialAction":[{"@type":"SearchAction","target":{"@type":"EntryPoint","urlTemplate":"https:\/\/acuariosupremus.com\/?s={search_term_string}"},"query-input":{"@type":"PropertyValueSpecification","valueRequired":true,"valueName":"search_term_string"}}],"inLanguage":"es"},{"@type":"Organization","@id":"https:\/\/acuariosupremus.com\/#organization","name":"Acuario Supremus","url":"https:\/\/acuariosupremus.com\/","logo":{"@type":"ImageObject","inLanguage":"es","@id":"https:\/\/acuariosupremus.com\/#\/schema\/logo\/image\/","url":"https:\/\/acuariosupremus.com\/wp-content\/uploads\/2021\/12\/cropped-logo_acuario_supremus_fn-2.png","contentUrl":"https:\/\/acuariosupremus.com\/wp-content\/uploads\/2021\/12\/cropped-logo_acuario_supremus_fn-2.png","width":1000,"height":318,"caption":"Acuario Supremus"},"image":{"@id":"https:\/\/acuariosupremus.com\/#\/schema\/logo\/image\/"},"sameAs":["https:\/\/www.facebook.com\/AcuarioSupremus","https:\/\/x.com\/AcuarioSupremus","https:\/\/www.instagram.com\/acuariosupremus\/?hl=es"]}]}},"jetpack_sharing_enabled":true,"_links":{"self":[{"href":"https:\/\/acuariosupremus.com\/index.php?rest_route=\/wp\/v2\/product\/8966","targetHints":{"allow":["GET"]}}],"collection":[{"href":"https:\/\/acuariosupremus.com\/index.php?rest_route=\/wp\/v2\/product"}],"about":[{"href":"https:\/\/acuariosupremus.com\/index.php?rest_route=\/wp\/v2\/types\/product"}],"wp:featuredmedia":[{"embeddable":true,"href":"https:\/\/acuariosupremus.com\/index.php?rest_route=\/wp\/v2\/media\/8967"}],"wp:attachment":[{"href":"https:\/\/acuariosupremus.com\/index.php?rest_route=%2Fwp%2Fv2%2Fmedia&parent=8966"}],"wp:term":[{"taxonomy":"product_brand","embeddable":true,"href":"https:\/\/acuariosupremus.com\/index.php?rest_route=%2Fwp%2Fv2%2Fproduct_brand&post=8966"},{"taxonomy":"product_cat","embeddable":true,"href":"https:\/\/acuariosupremus.com\/index.php?rest_route=%2Fwp%2Fv2%2Fproduct_cat&post=8966"},{"taxonomy":"product_tag","embeddable":true,"href":"https:\/\/acuariosupremus.com\/index.php?rest_route=%2Fwp%2Fv2%2Fproduct_tag&post=8966"}],"curies":[{"name":"wp","href":"https:\/\/api.w.org\/{rel}","templated":true}]}}