{"id":8977,"date":"2022-05-09T15:09:10","date_gmt":"2022-05-09T20:09:10","guid":{"rendered":"https:\/\/acuariosupremus.com\/?post_type=product&#038;p=8977"},"modified":"2025-12-27T17:03:29","modified_gmt":"2025-12-27T23:03:29","slug":"prime-500-ml-anti-cloro-concentrado","status":"publish","type":"product","link":"https:\/\/acuariosupremus.com\/?product=prime-500-ml-anti-cloro-concentrado","title":{"rendered":"Prime 500 ml, Anti-cloro concentrado."},"content":{"rendered":"<p>PrimeTM es un potent\u00edsimo acondicionador que elimina eficazmente sustancias indeseadas que vienen con el agua de la llave como el Cloro, la persistente cloramina y los metales pesados en acuarios de agua dulce y salada. Adem\u00e1s, 100 ml. de PrimeTM eliminar\u00e1n desechos org\u00e1nicos como el Amonio, Amon\u00edaco, Nitrito y Nitrato a 4000 litros de agua de la llave. La cloramina con la que se potabiliza el agua de la llave est\u00e1 compuesta de Cloro y amonio (NH2Cl). Un anti-cloro tradicional la descompone, reduciendo el cloro (Cl-) y liberando al agua el nitr\u00f3geno (N), que entonces se une a dos mol\u00e9culas de hidr\u00f3geno (H) del agua para formar amonio (NH3). Normalmente cualquier anti-cloro detendr\u00eda el proceso. Sin embargo PrimeTM logra transformar adem\u00e1s este amonio restante de la cloramina convirti\u00e9ndola en amina, una sustancia org\u00e1nica que fomenta la proliferaci\u00f3n de las bacterias beneficiosas del filtro biol\u00f3gico haci\u00e9ndolo m\u00e1s eficiente. A diferencia de otros acondicionadores no contiene sustancias tenso-activas, y por tanto no afecta al rendimiento de los espumadores de prote\u00ednas ya que no altera su regulaci\u00f3n al sobre activarlos. PrimeTM no tiene riesgo de sobredosificaci\u00f3n y no consumir\u00e1 el ox\u00edgeno del acuario. Gracias esta capacidad para eliminar toxinas peligrosas como el amon\u00edaco, podemos usar PrimeTM para resolver una urgencia de toxicidad por esta sustancia. Simplemente a\u00f1ada una dosis 5 veces superior a la indicada y eliminar\u00e1 el amon\u00edaco del acuario. Es el acondicionador m\u00e1s concentrado del mercado despu\u00e9s de Alfa de Aquavitro. 100ml. Tratan 4000 litros con una tasa de cloramina de 6 ppm. Use Prime en su acuario cada vez que a\u00f1ada agua nueva de la llave.<\/p>\n<p>Producto: Prime 500 ml. , Tama\u00f1o: 62 x 61 x 195 mm. (l x a x h), Peso: 0.605 (Kg.).<\/p>\n","protected":false},"excerpt":{"rendered":"<p>Acondicionador imprescindible para acuarios de agua dulce y salada. Altamente concentrado, elimina de inmediato cloro, cloramina, metales pesados, toxinas, amon\u00edaco, nitrito y nitrato, descomponi\u00e9ndolos en aminas, una sustancia segura que fomenta la eficiencia del filtro biol\u00f3gico. 100 ml tratan 4,000 litros.<\/p>\n","protected":false},"featured_media":8978,"template":"","meta":[],"product_brand":[123],"product_cat":[40,41],"product_tag":[723,131,724],"class_list":{"0":"post-8977","1":"product","2":"type-product","3":"status-publish","4":"has-post-thumbnail","6":"product_brand-seachem","7":"product_cat-peces","8":"product_cat-acondicionadores","9":"product_tag-anti-cloro-concentrado","10":"product_tag-anticloro","11":"product_tag-prime","13":"first","14":"instock","15":"sale","16":"shipping-taxable","17":"purchasable","18":"product-type-simple"},"yoast_head":"<!-- This site is optimized with the Yoast SEO plugin v27.4 - https:\/\/yoast.com\/product\/yoast-seo-wordpress\/ -->\n<title>Prime 500 ml, Anti-cloro concentrado. | Acuario Supremus<\/title>\n<meta name=\"description\" content=\"Acondicionador para agua dulce y salada, concentrado, elimina de inmediato cloro, cloramina, metales pesados, toxinas, amon\u00edaco, nitrito y nitrato.\" \/>\n<meta name=\"robots\" content=\"index, follow, max-snippet:-1, max-image-preview:large, max-video-preview:-1\" \/>\n<link rel=\"canonical\" href=\"https:\/\/acuariosupremus.com\/?product=prime-500-ml-anti-cloro-concentrado\" \/>\n<meta property=\"og:locale\" content=\"es_MX\" \/>\n<meta property=\"og:type\" content=\"article\" \/>\n<meta property=\"og:title\" content=\"Prime 500 ml, Anti-cloro concentrado. | Acuario Supremus\" \/>\n<meta property=\"og:description\" content=\"Acondicionador para agua dulce y salada, concentrado, elimina de inmediato cloro, cloramina, metales pesados, toxinas, amon\u00edaco, nitrito y nitrato.\" \/>\n<meta property=\"og:url\" content=\"https:\/\/acuariosupremus.com\/?product=prime-500-ml-anti-cloro-concentrado\" \/>\n<meta property=\"og:site_name\" content=\"Acuario Supremus\" \/>\n<meta property=\"article:publisher\" content=\"https:\/\/www.facebook.com\/AcuarioSupremus\" \/>\n<meta property=\"article:modified_time\" content=\"2025-12-27T23:03:29+00:00\" \/>\n<meta property=\"og:image\" content=\"https:\/\/acuariosupremus.com\/wp-content\/uploads\/2022\/05\/seachem_prime_05.jpg\" \/>\n\t<meta property=\"og:image:width\" content=\"1250\" \/>\n\t<meta property=\"og:image:height\" content=\"1250\" \/>\n\t<meta property=\"og:image:type\" content=\"image\/jpeg\" \/>\n<meta name=\"twitter:card\" content=\"summary_large_image\" \/>\n<meta name=\"twitter:site\" content=\"@AcuarioSupremus\" \/>\n<meta name=\"twitter:label1\" content=\"Tiempo de lectura\" \/>\n\t<meta name=\"twitter:data1\" content=\"2 minutos\" \/>\n<script type=\"application\/ld+json\" class=\"yoast-schema-graph\">{\"@context\":\"https:\\\/\\\/schema.org\",\"@graph\":[{\"@type\":\"WebPage\",\"@id\":\"https:\\\/\\\/acuariosupremus.com\\\/?product=prime-500-ml-anti-cloro-concentrado\",\"url\":\"https:\\\/\\\/acuariosupremus.com\\\/?product=prime-500-ml-anti-cloro-concentrado\",\"name\":\"Prime 500 ml, Anti-cloro concentrado. | Acuario Supremus\",\"isPartOf\":{\"@id\":\"https:\\\/\\\/acuariosupremus.com\\\/#website\"},\"primaryImageOfPage\":{\"@id\":\"https:\\\/\\\/acuariosupremus.com\\\/?product=prime-500-ml-anti-cloro-concentrado#primaryimage\"},\"image\":{\"@id\":\"https:\\\/\\\/acuariosupremus.com\\\/?product=prime-500-ml-anti-cloro-concentrado#primaryimage\"},\"thumbnailUrl\":\"https:\\\/\\\/acuariosupremus.com\\\/wp-content\\\/uploads\\\/2022\\\/05\\\/seachem_prime_05.jpg\",\"datePublished\":\"2022-05-09T20:09:10+00:00\",\"dateModified\":\"2025-12-27T23:03:29+00:00\",\"description\":\"Acondicionador para agua dulce y salada, concentrado, elimina de inmediato cloro, cloramina, metales pesados, toxinas, amon\u00edaco, nitrito y nitrato.\",\"breadcrumb\":{\"@id\":\"https:\\\/\\\/acuariosupremus.com\\\/?product=prime-500-ml-anti-cloro-concentrado#breadcrumb\"},\"inLanguage\":\"es\",\"potentialAction\":[{\"@type\":\"ReadAction\",\"target\":[\"https:\\\/\\\/acuariosupremus.com\\\/?product=prime-500-ml-anti-cloro-concentrado\"]}]},{\"@type\":\"ImageObject\",\"inLanguage\":\"es\",\"@id\":\"https:\\\/\\\/acuariosupremus.com\\\/?product=prime-500-ml-anti-cloro-concentrado#primaryimage\",\"url\":\"https:\\\/\\\/acuariosupremus.com\\\/wp-content\\\/uploads\\\/2022\\\/05\\\/seachem_prime_05.jpg\",\"contentUrl\":\"https:\\\/\\\/acuariosupremus.com\\\/wp-content\\\/uploads\\\/2022\\\/05\\\/seachem_prime_05.jpg\",\"width\":1250,\"height\":1250},{\"@type\":\"BreadcrumbList\",\"@id\":\"https:\\\/\\\/acuariosupremus.com\\\/?product=prime-500-ml-anti-cloro-concentrado#breadcrumb\",\"itemListElement\":[{\"@type\":\"ListItem\",\"position\":1,\"name\":\"Portada\",\"item\":\"https:\\\/\\\/acuariosupremus.com\\\/\"},{\"@type\":\"ListItem\",\"position\":2,\"name\":\"Tienda\",\"item\":\"https:\\\/\\\/acuariosupremus.com\\\/tienda\\\/\"},{\"@type\":\"ListItem\",\"position\":3,\"name\":\"Prime 500 ml, Anti-cloro concentrado.\"}]},{\"@type\":\"WebSite\",\"@id\":\"https:\\\/\\\/acuariosupremus.com\\\/#website\",\"url\":\"https:\\\/\\\/acuariosupremus.com\\\/\",\"name\":\"Acuario Supremus\",\"description\":\"Peces, Peceras y Mascotas.\",\"publisher\":{\"@id\":\"https:\\\/\\\/acuariosupremus.com\\\/#organization\"},\"potentialAction\":[{\"@type\":\"SearchAction\",\"target\":{\"@type\":\"EntryPoint\",\"urlTemplate\":\"https:\\\/\\\/acuariosupremus.com\\\/?s={search_term_string}\"},\"query-input\":{\"@type\":\"PropertyValueSpecification\",\"valueRequired\":true,\"valueName\":\"search_term_string\"}}],\"inLanguage\":\"es\"},{\"@type\":\"Organization\",\"@id\":\"https:\\\/\\\/acuariosupremus.com\\\/#organization\",\"name\":\"Acuario Supremus\",\"url\":\"https:\\\/\\\/acuariosupremus.com\\\/\",\"logo\":{\"@type\":\"ImageObject\",\"inLanguage\":\"es\",\"@id\":\"https:\\\/\\\/acuariosupremus.com\\\/#\\\/schema\\\/logo\\\/image\\\/\",\"url\":\"https:\\\/\\\/acuariosupremus.com\\\/wp-content\\\/uploads\\\/2021\\\/12\\\/cropped-logo_acuario_supremus_fn-2.png\",\"contentUrl\":\"https:\\\/\\\/acuariosupremus.com\\\/wp-content\\\/uploads\\\/2021\\\/12\\\/cropped-logo_acuario_supremus_fn-2.png\",\"width\":1000,\"height\":318,\"caption\":\"Acuario Supremus\"},\"image\":{\"@id\":\"https:\\\/\\\/acuariosupremus.com\\\/#\\\/schema\\\/logo\\\/image\\\/\"},\"sameAs\":[\"https:\\\/\\\/www.facebook.com\\\/AcuarioSupremus\",\"https:\\\/\\\/x.com\\\/AcuarioSupremus\",\"https:\\\/\\\/www.instagram.com\\\/acuariosupremus\\\/?hl=es\"]}]}<\/script>\n<!-- \/ Yoast SEO plugin. -->","yoast_head_json":{"title":"Prime 500 ml, Anti-cloro concentrado. | Acuario Supremus","description":"Acondicionador para agua dulce y salada, concentrado, elimina de inmediato cloro, cloramina, metales pesados, toxinas, amon\u00edaco, nitrito y nitrato.","robots":{"index":"index","follow":"follow","max-snippet":"max-snippet:-1","max-image-preview":"max-image-preview:large","max-video-preview":"max-video-preview:-1"},"canonical":"https:\/\/acuariosupremus.com\/?product=prime-500-ml-anti-cloro-concentrado","og_locale":"es_MX","og_type":"article","og_title":"Prime 500 ml, Anti-cloro concentrado. | Acuario Supremus","og_description":"Acondicionador para agua dulce y salada, concentrado, elimina de inmediato cloro, cloramina, metales pesados, toxinas, amon\u00edaco, nitrito y nitrato.","og_url":"https:\/\/acuariosupremus.com\/?product=prime-500-ml-anti-cloro-concentrado","og_site_name":"Acuario Supremus","article_publisher":"https:\/\/www.facebook.com\/AcuarioSupremus","article_modified_time":"2025-12-27T23:03:29+00:00","og_image":[{"width":1250,"height":1250,"url":"https:\/\/acuariosupremus.com\/wp-content\/uploads\/2022\/05\/seachem_prime_05.jpg","type":"image\/jpeg"}],"twitter_card":"summary_large_image","twitter_site":"@AcuarioSupremus","twitter_misc":{"Tiempo de lectura":"2 minutos"},"schema":{"@context":"https:\/\/schema.org","@graph":[{"@type":"WebPage","@id":"https:\/\/acuariosupremus.com\/?product=prime-500-ml-anti-cloro-concentrado","url":"https:\/\/acuariosupremus.com\/?product=prime-500-ml-anti-cloro-concentrado","name":"Prime 500 ml, Anti-cloro concentrado. | Acuario Supremus","isPartOf":{"@id":"https:\/\/acuariosupremus.com\/#website"},"primaryImageOfPage":{"@id":"https:\/\/acuariosupremus.com\/?product=prime-500-ml-anti-cloro-concentrado#primaryimage"},"image":{"@id":"https:\/\/acuariosupremus.com\/?product=prime-500-ml-anti-cloro-concentrado#primaryimage"},"thumbnailUrl":"https:\/\/acuariosupremus.com\/wp-content\/uploads\/2022\/05\/seachem_prime_05.jpg","datePublished":"2022-05-09T20:09:10+00:00","dateModified":"2025-12-27T23:03:29+00:00","description":"Acondicionador para agua dulce y salada, concentrado, elimina de inmediato cloro, cloramina, metales pesados, toxinas, amon\u00edaco, nitrito y nitrato.","breadcrumb":{"@id":"https:\/\/acuariosupremus.com\/?product=prime-500-ml-anti-cloro-concentrado#breadcrumb"},"inLanguage":"es","potentialAction":[{"@type":"ReadAction","target":["https:\/\/acuariosupremus.com\/?product=prime-500-ml-anti-cloro-concentrado"]}]},{"@type":"ImageObject","inLanguage":"es","@id":"https:\/\/acuariosupremus.com\/?product=prime-500-ml-anti-cloro-concentrado#primaryimage","url":"https:\/\/acuariosupremus.com\/wp-content\/uploads\/2022\/05\/seachem_prime_05.jpg","contentUrl":"https:\/\/acuariosupremus.com\/wp-content\/uploads\/2022\/05\/seachem_prime_05.jpg","width":1250,"height":1250},{"@type":"BreadcrumbList","@id":"https:\/\/acuariosupremus.com\/?product=prime-500-ml-anti-cloro-concentrado#breadcrumb","itemListElement":[{"@type":"ListItem","position":1,"name":"Portada","item":"https:\/\/acuariosupremus.com\/"},{"@type":"ListItem","position":2,"name":"Tienda","item":"https:\/\/acuariosupremus.com\/tienda\/"},{"@type":"ListItem","position":3,"name":"Prime 500 ml, Anti-cloro concentrado."}]},{"@type":"WebSite","@id":"https:\/\/acuariosupremus.com\/#website","url":"https:\/\/acuariosupremus.com\/","name":"Acuario Supremus","description":"Peces, Peceras y Mascotas.","publisher":{"@id":"https:\/\/acuariosupremus.com\/#organization"},"potentialAction":[{"@type":"SearchAction","target":{"@type":"EntryPoint","urlTemplate":"https:\/\/acuariosupremus.com\/?s={search_term_string}"},"query-input":{"@type":"PropertyValueSpecification","valueRequired":true,"valueName":"search_term_string"}}],"inLanguage":"es"},{"@type":"Organization","@id":"https:\/\/acuariosupremus.com\/#organization","name":"Acuario Supremus","url":"https:\/\/acuariosupremus.com\/","logo":{"@type":"ImageObject","inLanguage":"es","@id":"https:\/\/acuariosupremus.com\/#\/schema\/logo\/image\/","url":"https:\/\/acuariosupremus.com\/wp-content\/uploads\/2021\/12\/cropped-logo_acuario_supremus_fn-2.png","contentUrl":"https:\/\/acuariosupremus.com\/wp-content\/uploads\/2021\/12\/cropped-logo_acuario_supremus_fn-2.png","width":1000,"height":318,"caption":"Acuario Supremus"},"image":{"@id":"https:\/\/acuariosupremus.com\/#\/schema\/logo\/image\/"},"sameAs":["https:\/\/www.facebook.com\/AcuarioSupremus","https:\/\/x.com\/AcuarioSupremus","https:\/\/www.instagram.com\/acuariosupremus\/?hl=es"]}]}},"jetpack_sharing_enabled":true,"_links":{"self":[{"href":"https:\/\/acuariosupremus.com\/index.php?rest_route=\/wp\/v2\/product\/8977","targetHints":{"allow":["GET"]}}],"collection":[{"href":"https:\/\/acuariosupremus.com\/index.php?rest_route=\/wp\/v2\/product"}],"about":[{"href":"https:\/\/acuariosupremus.com\/index.php?rest_route=\/wp\/v2\/types\/product"}],"wp:featuredmedia":[{"embeddable":true,"href":"https:\/\/acuariosupremus.com\/index.php?rest_route=\/wp\/v2\/media\/8978"}],"wp:attachment":[{"href":"https:\/\/acuariosupremus.com\/index.php?rest_route=%2Fwp%2Fv2%2Fmedia&parent=8977"}],"wp:term":[{"taxonomy":"product_brand","embeddable":true,"href":"https:\/\/acuariosupremus.com\/index.php?rest_route=%2Fwp%2Fv2%2Fproduct_brand&post=8977"},{"taxonomy":"product_cat","embeddable":true,"href":"https:\/\/acuariosupremus.com\/index.php?rest_route=%2Fwp%2Fv2%2Fproduct_cat&post=8977"},{"taxonomy":"product_tag","embeddable":true,"href":"https:\/\/acuariosupremus.com\/index.php?rest_route=%2Fwp%2Fv2%2Fproduct_tag&post=8977"}],"curies":[{"name":"wp","href":"https:\/\/api.w.org\/{rel}","templated":true}]}}