{"id":8988,"date":"2022-05-09T15:52:32","date_gmt":"2022-05-09T20:52:32","guid":{"rendered":"https:\/\/acuariosupremus.com\/?post_type=product&#038;p=8988"},"modified":"2025-12-27T17:09:45","modified_gmt":"2025-12-27T23:09:45","slug":"stressguard-500-ml-anti-estres-y-curacion","status":"publish","type":"product","link":"https:\/\/acuariosupremus.com\/?product=stressguard-500-ml-anti-estres-y-curacion","title":{"rendered":"StressGuard 500 ml, Anti-estr\u00e9s y curaci\u00f3n."},"content":{"rendered":"<p>StressGuard \u2122 es compatible con todos los medicamentos excepto los que son basados en cobre. StressGuard \u2122 no basa su f\u00f3rmula en aminas y no interferir\u00e1 con la regeneraci\u00f3n de Purigen \u00ae o HyperSorb \u2122. Del mismo modo, no cubrir\u00e1 las resinas filtrantes ni obstruir\u00e1 el filtro como ocurre con otros productos competidores tipo &#8220;slime coat&#8221; exixtentes.Gracias a sus coloides prote\u00ednicos activos StressGuard \u2122 tiene un gran \u00e9xito en la cura de las heridas de los peces. Este agente coloidal busca activamente cualquier herida, abrasi\u00f3n o lugar donde queden expuestas las prote\u00ednas en la piel de los peces, uni\u00e9ndose a esta \u00e1rea para ayudar a aportar el desinfectante en el producto de forma directa y comenzar as\u00ed el proceso de curaci\u00f3n. Debido a que este coloide prote\u00ednico activo se une a las prote\u00ednas expuestas, tambi\u00e9n act\u00faa como un vendaje l\u00edquido para las abrasiones y heridas. Algunos productos son comercializados para ser arrojados en la bolsa de transporte cuando se compra un pez. Estos productos son generalmente \u00e1cidos, siendo en algunos casos \u00e1cidos muy fuertes. Poner dichos productos a un pez en una peque\u00f1a bolsa o recipiente cerrado suele m\u00e1s da\u00f1ino que beneficioso. StressGuard \u2122 tiene un pH de 7.0. No afecta el pH de un acuario, incluso si es aplicado en grandes dosis. No existen otros productos en el mercado que puedan compararse a la eficacia de StressGuard \u2122. A\u00f1ada entre medio tap\u00f3n a uno lleno (2.5 \u2013 5 ml) por cada 40 litros de agua todos los d\u00edas hasta que los signos de estr\u00e9s desaparezcan o las heridas hayan sanado completamente. Esta dosis se puede duplicar de forma segura.<\/p>\n<p>Producto: StressGuard 500 ml. , Tama\u00f1o: 62 x 61 x 195 mm. (l x a x h), Peso: 0.550 (Kg.).<\/p>\n","protected":false},"excerpt":{"rendered":"<p>StressGuard \u2122 es un acondicionador Premium que protege la mucosa de los peces. StressGuard \u2122 reducir\u00e1 el estr\u00e9s y la toxicidad del amonio durante la manipulaci\u00f3n o transporte de peces. StressGuard \u2122 se une a las prote\u00ednas expuestas en las posibles heridas sufridas para promover as\u00ed la curaci\u00f3n del pez afectado y reducir la probabilidad de infecciones primarias y secundarias.<\/p>\n","protected":false},"featured_media":8989,"template":"","meta":[],"product_brand":[123],"product_cat":[40,41],"product_tag":[725,599,726],"class_list":{"0":"post-8988","1":"product","2":"type-product","3":"status-publish","4":"has-post-thumbnail","6":"product_brand-seachem","7":"product_cat-peces","8":"product_cat-acondicionadores","9":"product_tag-anti-estres-y-curacion","10":"product_tag-neutralizador-plus-para-peces","11":"product_tag-stressguard","13":"first","14":"instock","15":"sale","16":"shipping-taxable","17":"purchasable","18":"product-type-simple"},"yoast_head":"<!-- This site is optimized with the Yoast SEO plugin v27.4 - https:\/\/yoast.com\/product\/yoast-seo-wordpress\/ -->\n<title>StressGuard 500 ml, Anti-estr\u00e9s y curaci\u00f3n. | Acuario Supremus<\/title>\n<meta name=\"description\" content=\"StressGuard \u2122 acondicionador Premium que protege la mucosa de los peces. reducir\u00e1 el estr\u00e9s y la toxicidad del amonio durante la manipulaci\u00f3n o transporte.\" \/>\n<meta name=\"robots\" content=\"index, follow, max-snippet:-1, max-image-preview:large, max-video-preview:-1\" \/>\n<link rel=\"canonical\" href=\"https:\/\/acuariosupremus.com\/?product=stressguard-500-ml-anti-estres-y-curacion\" \/>\n<meta property=\"og:locale\" content=\"es_MX\" \/>\n<meta property=\"og:type\" content=\"article\" \/>\n<meta property=\"og:title\" content=\"StressGuard 500 ml, Anti-estr\u00e9s y curaci\u00f3n. | Acuario Supremus\" \/>\n<meta property=\"og:description\" content=\"StressGuard \u2122 acondicionador Premium que protege la mucosa de los peces. reducir\u00e1 el estr\u00e9s y la toxicidad del amonio durante la manipulaci\u00f3n o transporte.\" \/>\n<meta property=\"og:url\" content=\"https:\/\/acuariosupremus.com\/?product=stressguard-500-ml-anti-estres-y-curacion\" \/>\n<meta property=\"og:site_name\" content=\"Acuario Supremus\" \/>\n<meta property=\"article:publisher\" content=\"https:\/\/www.facebook.com\/AcuarioSupremus\" \/>\n<meta property=\"article:modified_time\" content=\"2025-12-27T23:09:45+00:00\" \/>\n<meta property=\"og:image\" content=\"https:\/\/acuariosupremus.com\/wp-content\/uploads\/2022\/05\/seachem_stressguard_03.jpg\" \/>\n\t<meta property=\"og:image:width\" content=\"1250\" \/>\n\t<meta property=\"og:image:height\" content=\"1250\" \/>\n\t<meta property=\"og:image:type\" content=\"image\/jpeg\" \/>\n<meta name=\"twitter:card\" content=\"summary_large_image\" \/>\n<meta name=\"twitter:site\" content=\"@AcuarioSupremus\" \/>\n<meta name=\"twitter:label1\" content=\"Tiempo de lectura\" \/>\n\t<meta name=\"twitter:data1\" content=\"2 minutos\" \/>\n<script type=\"application\/ld+json\" class=\"yoast-schema-graph\">{\"@context\":\"https:\\\/\\\/schema.org\",\"@graph\":[{\"@type\":\"WebPage\",\"@id\":\"https:\\\/\\\/acuariosupremus.com\\\/?product=stressguard-500-ml-anti-estres-y-curacion\",\"url\":\"https:\\\/\\\/acuariosupremus.com\\\/?product=stressguard-500-ml-anti-estres-y-curacion\",\"name\":\"StressGuard 500 ml, Anti-estr\u00e9s y curaci\u00f3n. | Acuario Supremus\",\"isPartOf\":{\"@id\":\"https:\\\/\\\/acuariosupremus.com\\\/#website\"},\"primaryImageOfPage\":{\"@id\":\"https:\\\/\\\/acuariosupremus.com\\\/?product=stressguard-500-ml-anti-estres-y-curacion#primaryimage\"},\"image\":{\"@id\":\"https:\\\/\\\/acuariosupremus.com\\\/?product=stressguard-500-ml-anti-estres-y-curacion#primaryimage\"},\"thumbnailUrl\":\"https:\\\/\\\/acuariosupremus.com\\\/wp-content\\\/uploads\\\/2022\\\/05\\\/seachem_stressguard_03.jpg\",\"datePublished\":\"2022-05-09T20:52:32+00:00\",\"dateModified\":\"2025-12-27T23:09:45+00:00\",\"description\":\"StressGuard \u2122 acondicionador Premium que protege la mucosa de los peces. reducir\u00e1 el estr\u00e9s y la toxicidad del amonio durante la manipulaci\u00f3n o transporte.\",\"breadcrumb\":{\"@id\":\"https:\\\/\\\/acuariosupremus.com\\\/?product=stressguard-500-ml-anti-estres-y-curacion#breadcrumb\"},\"inLanguage\":\"es\",\"potentialAction\":[{\"@type\":\"ReadAction\",\"target\":[\"https:\\\/\\\/acuariosupremus.com\\\/?product=stressguard-500-ml-anti-estres-y-curacion\"]}]},{\"@type\":\"ImageObject\",\"inLanguage\":\"es\",\"@id\":\"https:\\\/\\\/acuariosupremus.com\\\/?product=stressguard-500-ml-anti-estres-y-curacion#primaryimage\",\"url\":\"https:\\\/\\\/acuariosupremus.com\\\/wp-content\\\/uploads\\\/2022\\\/05\\\/seachem_stressguard_03.jpg\",\"contentUrl\":\"https:\\\/\\\/acuariosupremus.com\\\/wp-content\\\/uploads\\\/2022\\\/05\\\/seachem_stressguard_03.jpg\",\"width\":1250,\"height\":1250},{\"@type\":\"BreadcrumbList\",\"@id\":\"https:\\\/\\\/acuariosupremus.com\\\/?product=stressguard-500-ml-anti-estres-y-curacion#breadcrumb\",\"itemListElement\":[{\"@type\":\"ListItem\",\"position\":1,\"name\":\"Portada\",\"item\":\"https:\\\/\\\/acuariosupremus.com\\\/\"},{\"@type\":\"ListItem\",\"position\":2,\"name\":\"Tienda\",\"item\":\"https:\\\/\\\/acuariosupremus.com\\\/tienda\\\/\"},{\"@type\":\"ListItem\",\"position\":3,\"name\":\"StressGuard 500 ml, Anti-estr\u00e9s y curaci\u00f3n.\"}]},{\"@type\":\"WebSite\",\"@id\":\"https:\\\/\\\/acuariosupremus.com\\\/#website\",\"url\":\"https:\\\/\\\/acuariosupremus.com\\\/\",\"name\":\"Acuario Supremus\",\"description\":\"Peces, Peceras y Mascotas.\",\"publisher\":{\"@id\":\"https:\\\/\\\/acuariosupremus.com\\\/#organization\"},\"potentialAction\":[{\"@type\":\"SearchAction\",\"target\":{\"@type\":\"EntryPoint\",\"urlTemplate\":\"https:\\\/\\\/acuariosupremus.com\\\/?s={search_term_string}\"},\"query-input\":{\"@type\":\"PropertyValueSpecification\",\"valueRequired\":true,\"valueName\":\"search_term_string\"}}],\"inLanguage\":\"es\"},{\"@type\":\"Organization\",\"@id\":\"https:\\\/\\\/acuariosupremus.com\\\/#organization\",\"name\":\"Acuario Supremus\",\"url\":\"https:\\\/\\\/acuariosupremus.com\\\/\",\"logo\":{\"@type\":\"ImageObject\",\"inLanguage\":\"es\",\"@id\":\"https:\\\/\\\/acuariosupremus.com\\\/#\\\/schema\\\/logo\\\/image\\\/\",\"url\":\"https:\\\/\\\/acuariosupremus.com\\\/wp-content\\\/uploads\\\/2021\\\/12\\\/cropped-logo_acuario_supremus_fn-2.png\",\"contentUrl\":\"https:\\\/\\\/acuariosupremus.com\\\/wp-content\\\/uploads\\\/2021\\\/12\\\/cropped-logo_acuario_supremus_fn-2.png\",\"width\":1000,\"height\":318,\"caption\":\"Acuario Supremus\"},\"image\":{\"@id\":\"https:\\\/\\\/acuariosupremus.com\\\/#\\\/schema\\\/logo\\\/image\\\/\"},\"sameAs\":[\"https:\\\/\\\/www.facebook.com\\\/AcuarioSupremus\",\"https:\\\/\\\/x.com\\\/AcuarioSupremus\",\"https:\\\/\\\/www.instagram.com\\\/acuariosupremus\\\/?hl=es\"]}]}<\/script>\n<!-- \/ Yoast SEO plugin. -->","yoast_head_json":{"title":"StressGuard 500 ml, Anti-estr\u00e9s y curaci\u00f3n. | Acuario Supremus","description":"StressGuard \u2122 acondicionador Premium que protege la mucosa de los peces. reducir\u00e1 el estr\u00e9s y la toxicidad del amonio durante la manipulaci\u00f3n o transporte.","robots":{"index":"index","follow":"follow","max-snippet":"max-snippet:-1","max-image-preview":"max-image-preview:large","max-video-preview":"max-video-preview:-1"},"canonical":"https:\/\/acuariosupremus.com\/?product=stressguard-500-ml-anti-estres-y-curacion","og_locale":"es_MX","og_type":"article","og_title":"StressGuard 500 ml, Anti-estr\u00e9s y curaci\u00f3n. | Acuario Supremus","og_description":"StressGuard \u2122 acondicionador Premium que protege la mucosa de los peces. reducir\u00e1 el estr\u00e9s y la toxicidad del amonio durante la manipulaci\u00f3n o transporte.","og_url":"https:\/\/acuariosupremus.com\/?product=stressguard-500-ml-anti-estres-y-curacion","og_site_name":"Acuario Supremus","article_publisher":"https:\/\/www.facebook.com\/AcuarioSupremus","article_modified_time":"2025-12-27T23:09:45+00:00","og_image":[{"width":1250,"height":1250,"url":"https:\/\/acuariosupremus.com\/wp-content\/uploads\/2022\/05\/seachem_stressguard_03.jpg","type":"image\/jpeg"}],"twitter_card":"summary_large_image","twitter_site":"@AcuarioSupremus","twitter_misc":{"Tiempo de lectura":"2 minutos"},"schema":{"@context":"https:\/\/schema.org","@graph":[{"@type":"WebPage","@id":"https:\/\/acuariosupremus.com\/?product=stressguard-500-ml-anti-estres-y-curacion","url":"https:\/\/acuariosupremus.com\/?product=stressguard-500-ml-anti-estres-y-curacion","name":"StressGuard 500 ml, Anti-estr\u00e9s y curaci\u00f3n. | Acuario Supremus","isPartOf":{"@id":"https:\/\/acuariosupremus.com\/#website"},"primaryImageOfPage":{"@id":"https:\/\/acuariosupremus.com\/?product=stressguard-500-ml-anti-estres-y-curacion#primaryimage"},"image":{"@id":"https:\/\/acuariosupremus.com\/?product=stressguard-500-ml-anti-estres-y-curacion#primaryimage"},"thumbnailUrl":"https:\/\/acuariosupremus.com\/wp-content\/uploads\/2022\/05\/seachem_stressguard_03.jpg","datePublished":"2022-05-09T20:52:32+00:00","dateModified":"2025-12-27T23:09:45+00:00","description":"StressGuard \u2122 acondicionador Premium que protege la mucosa de los peces. reducir\u00e1 el estr\u00e9s y la toxicidad del amonio durante la manipulaci\u00f3n o transporte.","breadcrumb":{"@id":"https:\/\/acuariosupremus.com\/?product=stressguard-500-ml-anti-estres-y-curacion#breadcrumb"},"inLanguage":"es","potentialAction":[{"@type":"ReadAction","target":["https:\/\/acuariosupremus.com\/?product=stressguard-500-ml-anti-estres-y-curacion"]}]},{"@type":"ImageObject","inLanguage":"es","@id":"https:\/\/acuariosupremus.com\/?product=stressguard-500-ml-anti-estres-y-curacion#primaryimage","url":"https:\/\/acuariosupremus.com\/wp-content\/uploads\/2022\/05\/seachem_stressguard_03.jpg","contentUrl":"https:\/\/acuariosupremus.com\/wp-content\/uploads\/2022\/05\/seachem_stressguard_03.jpg","width":1250,"height":1250},{"@type":"BreadcrumbList","@id":"https:\/\/acuariosupremus.com\/?product=stressguard-500-ml-anti-estres-y-curacion#breadcrumb","itemListElement":[{"@type":"ListItem","position":1,"name":"Portada","item":"https:\/\/acuariosupremus.com\/"},{"@type":"ListItem","position":2,"name":"Tienda","item":"https:\/\/acuariosupremus.com\/tienda\/"},{"@type":"ListItem","position":3,"name":"StressGuard 500 ml, Anti-estr\u00e9s y curaci\u00f3n."}]},{"@type":"WebSite","@id":"https:\/\/acuariosupremus.com\/#website","url":"https:\/\/acuariosupremus.com\/","name":"Acuario Supremus","description":"Peces, Peceras y Mascotas.","publisher":{"@id":"https:\/\/acuariosupremus.com\/#organization"},"potentialAction":[{"@type":"SearchAction","target":{"@type":"EntryPoint","urlTemplate":"https:\/\/acuariosupremus.com\/?s={search_term_string}"},"query-input":{"@type":"PropertyValueSpecification","valueRequired":true,"valueName":"search_term_string"}}],"inLanguage":"es"},{"@type":"Organization","@id":"https:\/\/acuariosupremus.com\/#organization","name":"Acuario Supremus","url":"https:\/\/acuariosupremus.com\/","logo":{"@type":"ImageObject","inLanguage":"es","@id":"https:\/\/acuariosupremus.com\/#\/schema\/logo\/image\/","url":"https:\/\/acuariosupremus.com\/wp-content\/uploads\/2021\/12\/cropped-logo_acuario_supremus_fn-2.png","contentUrl":"https:\/\/acuariosupremus.com\/wp-content\/uploads\/2021\/12\/cropped-logo_acuario_supremus_fn-2.png","width":1000,"height":318,"caption":"Acuario Supremus"},"image":{"@id":"https:\/\/acuariosupremus.com\/#\/schema\/logo\/image\/"},"sameAs":["https:\/\/www.facebook.com\/AcuarioSupremus","https:\/\/x.com\/AcuarioSupremus","https:\/\/www.instagram.com\/acuariosupremus\/?hl=es"]}]}},"jetpack_sharing_enabled":true,"_links":{"self":[{"href":"https:\/\/acuariosupremus.com\/index.php?rest_route=\/wp\/v2\/product\/8988","targetHints":{"allow":["GET"]}}],"collection":[{"href":"https:\/\/acuariosupremus.com\/index.php?rest_route=\/wp\/v2\/product"}],"about":[{"href":"https:\/\/acuariosupremus.com\/index.php?rest_route=\/wp\/v2\/types\/product"}],"wp:featuredmedia":[{"embeddable":true,"href":"https:\/\/acuariosupremus.com\/index.php?rest_route=\/wp\/v2\/media\/8989"}],"wp:attachment":[{"href":"https:\/\/acuariosupremus.com\/index.php?rest_route=%2Fwp%2Fv2%2Fmedia&parent=8988"}],"wp:term":[{"taxonomy":"product_brand","embeddable":true,"href":"https:\/\/acuariosupremus.com\/index.php?rest_route=%2Fwp%2Fv2%2Fproduct_brand&post=8988"},{"taxonomy":"product_cat","embeddable":true,"href":"https:\/\/acuariosupremus.com\/index.php?rest_route=%2Fwp%2Fv2%2Fproduct_cat&post=8988"},{"taxonomy":"product_tag","embeddable":true,"href":"https:\/\/acuariosupremus.com\/index.php?rest_route=%2Fwp%2Fv2%2Fproduct_tag&post=8988"}],"curies":[{"name":"wp","href":"https:\/\/api.w.org\/{rel}","templated":true}]}}