{"id":8991,"date":"2022-05-09T16:03:19","date_gmt":"2022-05-09T21:03:19","guid":{"rendered":"https:\/\/acuariosupremus.com\/?post_type=product&#038;p=8991"},"modified":"2025-12-27T17:09:55","modified_gmt":"2025-12-27T23:09:55","slug":"discus-trace-250-ml-elementos-traza","status":"publish","type":"product","link":"https:\/\/acuariosupremus.com\/?product=discus-trace-250-ml-elementos-traza","title":{"rendered":"Discus Trace 250 ml, Elementos traza."},"content":{"rendered":"<p>A diferencia de los animales terrestres, peces obtienen nutrientes de sus alimentos del medio ambiente donde se hayan (el agua donde viven). Los elementos traza normalmente se agotan por su uso metab\u00f3lico, oxidaci\u00f3n y precipitaci\u00f3n, por lo tanto, en un acuario es importante restaurar estos nutrientes regularmente. Discus Trace\u2122 contiene solo aquellos elementos que realmente han sido cient\u00edficamente demostrados (*) como elementos activos en el metabolismo de los peces. Para usar este producto, a\u00f1ada 5 ml (un tap\u00f3n lleno) cada 80 litros de agua de una a dos veces por semana seg\u00fan la densidad de poblaci\u00f3n del acuario.<br \/>\n(*) \u201cNutrient Requirements of Fish\u201d (1993). Academia Nacional de Ciencias, p\u00e1ginas. 16-21, <a href=\"https:\/\/books.google.com.mx\/books\/about\/Nutrient_Requirements_of_Fish.html?id=M2aBtOUhRagC&amp;printsec=frontcover&amp;source=kp_read_button&amp;hl=en&amp;redir_esc=y#v=onepage&amp;q&amp;f=false\">https:\/\/books.google.com.mx\/books\/about\/Nutrient_Requirements_of_Fish.html?id=M2aBtOUhRagC&amp;printsec=frontcover&amp;source=kp_read_button&amp;hl=en&amp;redir_esc=y#v=onepage&amp;q&amp;f=false<\/a><\/p>\n<p>Producto: Discus trace 250 ml. , Tama\u00f1o: 50 x 50 x 163 mm. (l x a x h), Peso: 0.320 (Kg.).<\/p>\n","protected":false},"excerpt":{"rendered":"<p>Discus Trace\u2122 es un suplemento para peces disco que suministra una amplia gama de elementos traza que han sido demostrados (*) como necesarios para un crecimiento y salud adecuados en los peces.<\/p>\n","protected":false},"featured_media":8992,"template":"","meta":[],"product_brand":[123],"product_cat":[40,41],"product_tag":[728,727],"class_list":{"0":"post-8991","1":"product","2":"type-product","3":"status-publish","4":"has-post-thumbnail","6":"product_brand-seachem","7":"product_cat-peces","8":"product_cat-acondicionadores","9":"product_tag-discus-trace","10":"product_tag-elementos-traza-peces-disco","12":"first","13":"instock","14":"sale","15":"shipping-taxable","16":"purchasable","17":"product-type-simple"},"yoast_head":"<!-- This site is optimized with the Yoast SEO plugin v27.4 - https:\/\/yoast.com\/product\/yoast-seo-wordpress\/ -->\n<title>Discus Trace 250 ml, Elementos traza. | Acuario Supremus<\/title>\n<meta name=\"description\" content=\"Discus Trace\u2122 es un suplemento para peces disco que suministra una amplia gama de elementos traza para un crecimiento y salud adecuados en los peces.\" \/>\n<meta name=\"robots\" content=\"index, follow, max-snippet:-1, max-image-preview:large, max-video-preview:-1\" \/>\n<link rel=\"canonical\" href=\"https:\/\/acuariosupremus.com\/?product=discus-trace-250-ml-elementos-traza\" \/>\n<meta property=\"og:locale\" content=\"es_MX\" \/>\n<meta property=\"og:type\" content=\"article\" \/>\n<meta property=\"og:title\" content=\"Discus Trace 250 ml, Elementos traza. | Acuario Supremus\" \/>\n<meta property=\"og:description\" content=\"Discus Trace\u2122 es un suplemento para peces disco que suministra una amplia gama de elementos traza para un crecimiento y salud adecuados en los peces.\" \/>\n<meta property=\"og:url\" content=\"https:\/\/acuariosupremus.com\/?product=discus-trace-250-ml-elementos-traza\" \/>\n<meta property=\"og:site_name\" content=\"Acuario Supremus\" \/>\n<meta property=\"article:publisher\" content=\"https:\/\/www.facebook.com\/AcuarioSupremus\" \/>\n<meta property=\"article:modified_time\" content=\"2025-12-27T23:09:55+00:00\" \/>\n<meta property=\"og:image\" content=\"https:\/\/acuariosupremus.com\/wp-content\/uploads\/2022\/05\/seachem_discus_trace_01.jpg\" \/>\n\t<meta property=\"og:image:width\" content=\"1250\" \/>\n\t<meta property=\"og:image:height\" content=\"1250\" \/>\n\t<meta property=\"og:image:type\" content=\"image\/jpeg\" \/>\n<meta name=\"twitter:card\" content=\"summary_large_image\" \/>\n<meta name=\"twitter:site\" content=\"@AcuarioSupremus\" \/>\n<meta name=\"twitter:label1\" content=\"Tiempo de lectura\" \/>\n\t<meta name=\"twitter:data1\" content=\"1 minuto\" \/>\n<script type=\"application\/ld+json\" class=\"yoast-schema-graph\">{\"@context\":\"https:\\\/\\\/schema.org\",\"@graph\":[{\"@type\":\"WebPage\",\"@id\":\"https:\\\/\\\/acuariosupremus.com\\\/?product=discus-trace-250-ml-elementos-traza\",\"url\":\"https:\\\/\\\/acuariosupremus.com\\\/?product=discus-trace-250-ml-elementos-traza\",\"name\":\"Discus Trace 250 ml, Elementos traza. | Acuario Supremus\",\"isPartOf\":{\"@id\":\"https:\\\/\\\/acuariosupremus.com\\\/#website\"},\"primaryImageOfPage\":{\"@id\":\"https:\\\/\\\/acuariosupremus.com\\\/?product=discus-trace-250-ml-elementos-traza#primaryimage\"},\"image\":{\"@id\":\"https:\\\/\\\/acuariosupremus.com\\\/?product=discus-trace-250-ml-elementos-traza#primaryimage\"},\"thumbnailUrl\":\"https:\\\/\\\/acuariosupremus.com\\\/wp-content\\\/uploads\\\/2022\\\/05\\\/seachem_discus_trace_01.jpg\",\"datePublished\":\"2022-05-09T21:03:19+00:00\",\"dateModified\":\"2025-12-27T23:09:55+00:00\",\"description\":\"Discus Trace\u2122 es un suplemento para peces disco que suministra una amplia gama de elementos traza para un crecimiento y salud adecuados en los peces.\",\"breadcrumb\":{\"@id\":\"https:\\\/\\\/acuariosupremus.com\\\/?product=discus-trace-250-ml-elementos-traza#breadcrumb\"},\"inLanguage\":\"es\",\"potentialAction\":[{\"@type\":\"ReadAction\",\"target\":[\"https:\\\/\\\/acuariosupremus.com\\\/?product=discus-trace-250-ml-elementos-traza\"]}]},{\"@type\":\"ImageObject\",\"inLanguage\":\"es\",\"@id\":\"https:\\\/\\\/acuariosupremus.com\\\/?product=discus-trace-250-ml-elementos-traza#primaryimage\",\"url\":\"https:\\\/\\\/acuariosupremus.com\\\/wp-content\\\/uploads\\\/2022\\\/05\\\/seachem_discus_trace_01.jpg\",\"contentUrl\":\"https:\\\/\\\/acuariosupremus.com\\\/wp-content\\\/uploads\\\/2022\\\/05\\\/seachem_discus_trace_01.jpg\",\"width\":1250,\"height\":1250},{\"@type\":\"BreadcrumbList\",\"@id\":\"https:\\\/\\\/acuariosupremus.com\\\/?product=discus-trace-250-ml-elementos-traza#breadcrumb\",\"itemListElement\":[{\"@type\":\"ListItem\",\"position\":1,\"name\":\"Portada\",\"item\":\"https:\\\/\\\/acuariosupremus.com\\\/\"},{\"@type\":\"ListItem\",\"position\":2,\"name\":\"Tienda\",\"item\":\"https:\\\/\\\/acuariosupremus.com\\\/tienda\\\/\"},{\"@type\":\"ListItem\",\"position\":3,\"name\":\"Discus Trace 250 ml, Elementos traza.\"}]},{\"@type\":\"WebSite\",\"@id\":\"https:\\\/\\\/acuariosupremus.com\\\/#website\",\"url\":\"https:\\\/\\\/acuariosupremus.com\\\/\",\"name\":\"Acuario Supremus\",\"description\":\"Peces, Peceras y Mascotas.\",\"publisher\":{\"@id\":\"https:\\\/\\\/acuariosupremus.com\\\/#organization\"},\"potentialAction\":[{\"@type\":\"SearchAction\",\"target\":{\"@type\":\"EntryPoint\",\"urlTemplate\":\"https:\\\/\\\/acuariosupremus.com\\\/?s={search_term_string}\"},\"query-input\":{\"@type\":\"PropertyValueSpecification\",\"valueRequired\":true,\"valueName\":\"search_term_string\"}}],\"inLanguage\":\"es\"},{\"@type\":\"Organization\",\"@id\":\"https:\\\/\\\/acuariosupremus.com\\\/#organization\",\"name\":\"Acuario Supremus\",\"url\":\"https:\\\/\\\/acuariosupremus.com\\\/\",\"logo\":{\"@type\":\"ImageObject\",\"inLanguage\":\"es\",\"@id\":\"https:\\\/\\\/acuariosupremus.com\\\/#\\\/schema\\\/logo\\\/image\\\/\",\"url\":\"https:\\\/\\\/acuariosupremus.com\\\/wp-content\\\/uploads\\\/2021\\\/12\\\/cropped-logo_acuario_supremus_fn-2.png\",\"contentUrl\":\"https:\\\/\\\/acuariosupremus.com\\\/wp-content\\\/uploads\\\/2021\\\/12\\\/cropped-logo_acuario_supremus_fn-2.png\",\"width\":1000,\"height\":318,\"caption\":\"Acuario Supremus\"},\"image\":{\"@id\":\"https:\\\/\\\/acuariosupremus.com\\\/#\\\/schema\\\/logo\\\/image\\\/\"},\"sameAs\":[\"https:\\\/\\\/www.facebook.com\\\/AcuarioSupremus\",\"https:\\\/\\\/x.com\\\/AcuarioSupremus\",\"https:\\\/\\\/www.instagram.com\\\/acuariosupremus\\\/?hl=es\"]}]}<\/script>\n<!-- \/ Yoast SEO plugin. -->","yoast_head_json":{"title":"Discus Trace 250 ml, Elementos traza. | Acuario Supremus","description":"Discus Trace\u2122 es un suplemento para peces disco que suministra una amplia gama de elementos traza para un crecimiento y salud adecuados en los peces.","robots":{"index":"index","follow":"follow","max-snippet":"max-snippet:-1","max-image-preview":"max-image-preview:large","max-video-preview":"max-video-preview:-1"},"canonical":"https:\/\/acuariosupremus.com\/?product=discus-trace-250-ml-elementos-traza","og_locale":"es_MX","og_type":"article","og_title":"Discus Trace 250 ml, Elementos traza. | Acuario Supremus","og_description":"Discus Trace\u2122 es un suplemento para peces disco que suministra una amplia gama de elementos traza para un crecimiento y salud adecuados en los peces.","og_url":"https:\/\/acuariosupremus.com\/?product=discus-trace-250-ml-elementos-traza","og_site_name":"Acuario Supremus","article_publisher":"https:\/\/www.facebook.com\/AcuarioSupremus","article_modified_time":"2025-12-27T23:09:55+00:00","og_image":[{"width":1250,"height":1250,"url":"https:\/\/acuariosupremus.com\/wp-content\/uploads\/2022\/05\/seachem_discus_trace_01.jpg","type":"image\/jpeg"}],"twitter_card":"summary_large_image","twitter_site":"@AcuarioSupremus","twitter_misc":{"Tiempo de lectura":"1 minuto"},"schema":{"@context":"https:\/\/schema.org","@graph":[{"@type":"WebPage","@id":"https:\/\/acuariosupremus.com\/?product=discus-trace-250-ml-elementos-traza","url":"https:\/\/acuariosupremus.com\/?product=discus-trace-250-ml-elementos-traza","name":"Discus Trace 250 ml, Elementos traza. | Acuario Supremus","isPartOf":{"@id":"https:\/\/acuariosupremus.com\/#website"},"primaryImageOfPage":{"@id":"https:\/\/acuariosupremus.com\/?product=discus-trace-250-ml-elementos-traza#primaryimage"},"image":{"@id":"https:\/\/acuariosupremus.com\/?product=discus-trace-250-ml-elementos-traza#primaryimage"},"thumbnailUrl":"https:\/\/acuariosupremus.com\/wp-content\/uploads\/2022\/05\/seachem_discus_trace_01.jpg","datePublished":"2022-05-09T21:03:19+00:00","dateModified":"2025-12-27T23:09:55+00:00","description":"Discus Trace\u2122 es un suplemento para peces disco que suministra una amplia gama de elementos traza para un crecimiento y salud adecuados en los peces.","breadcrumb":{"@id":"https:\/\/acuariosupremus.com\/?product=discus-trace-250-ml-elementos-traza#breadcrumb"},"inLanguage":"es","potentialAction":[{"@type":"ReadAction","target":["https:\/\/acuariosupremus.com\/?product=discus-trace-250-ml-elementos-traza"]}]},{"@type":"ImageObject","inLanguage":"es","@id":"https:\/\/acuariosupremus.com\/?product=discus-trace-250-ml-elementos-traza#primaryimage","url":"https:\/\/acuariosupremus.com\/wp-content\/uploads\/2022\/05\/seachem_discus_trace_01.jpg","contentUrl":"https:\/\/acuariosupremus.com\/wp-content\/uploads\/2022\/05\/seachem_discus_trace_01.jpg","width":1250,"height":1250},{"@type":"BreadcrumbList","@id":"https:\/\/acuariosupremus.com\/?product=discus-trace-250-ml-elementos-traza#breadcrumb","itemListElement":[{"@type":"ListItem","position":1,"name":"Portada","item":"https:\/\/acuariosupremus.com\/"},{"@type":"ListItem","position":2,"name":"Tienda","item":"https:\/\/acuariosupremus.com\/tienda\/"},{"@type":"ListItem","position":3,"name":"Discus Trace 250 ml, Elementos traza."}]},{"@type":"WebSite","@id":"https:\/\/acuariosupremus.com\/#website","url":"https:\/\/acuariosupremus.com\/","name":"Acuario Supremus","description":"Peces, Peceras y Mascotas.","publisher":{"@id":"https:\/\/acuariosupremus.com\/#organization"},"potentialAction":[{"@type":"SearchAction","target":{"@type":"EntryPoint","urlTemplate":"https:\/\/acuariosupremus.com\/?s={search_term_string}"},"query-input":{"@type":"PropertyValueSpecification","valueRequired":true,"valueName":"search_term_string"}}],"inLanguage":"es"},{"@type":"Organization","@id":"https:\/\/acuariosupremus.com\/#organization","name":"Acuario Supremus","url":"https:\/\/acuariosupremus.com\/","logo":{"@type":"ImageObject","inLanguage":"es","@id":"https:\/\/acuariosupremus.com\/#\/schema\/logo\/image\/","url":"https:\/\/acuariosupremus.com\/wp-content\/uploads\/2021\/12\/cropped-logo_acuario_supremus_fn-2.png","contentUrl":"https:\/\/acuariosupremus.com\/wp-content\/uploads\/2021\/12\/cropped-logo_acuario_supremus_fn-2.png","width":1000,"height":318,"caption":"Acuario Supremus"},"image":{"@id":"https:\/\/acuariosupremus.com\/#\/schema\/logo\/image\/"},"sameAs":["https:\/\/www.facebook.com\/AcuarioSupremus","https:\/\/x.com\/AcuarioSupremus","https:\/\/www.instagram.com\/acuariosupremus\/?hl=es"]}]}},"jetpack_sharing_enabled":true,"_links":{"self":[{"href":"https:\/\/acuariosupremus.com\/index.php?rest_route=\/wp\/v2\/product\/8991","targetHints":{"allow":["GET"]}}],"collection":[{"href":"https:\/\/acuariosupremus.com\/index.php?rest_route=\/wp\/v2\/product"}],"about":[{"href":"https:\/\/acuariosupremus.com\/index.php?rest_route=\/wp\/v2\/types\/product"}],"wp:featuredmedia":[{"embeddable":true,"href":"https:\/\/acuariosupremus.com\/index.php?rest_route=\/wp\/v2\/media\/8992"}],"wp:attachment":[{"href":"https:\/\/acuariosupremus.com\/index.php?rest_route=%2Fwp%2Fv2%2Fmedia&parent=8991"}],"wp:term":[{"taxonomy":"product_brand","embeddable":true,"href":"https:\/\/acuariosupremus.com\/index.php?rest_route=%2Fwp%2Fv2%2Fproduct_brand&post=8991"},{"taxonomy":"product_cat","embeddable":true,"href":"https:\/\/acuariosupremus.com\/index.php?rest_route=%2Fwp%2Fv2%2Fproduct_cat&post=8991"},{"taxonomy":"product_tag","embeddable":true,"href":"https:\/\/acuariosupremus.com\/index.php?rest_route=%2Fwp%2Fv2%2Fproduct_tag&post=8991"}],"curies":[{"name":"wp","href":"https:\/\/api.w.org\/{rel}","templated":true}]}}