{"id":9008,"date":"2022-05-09T17:09:57","date_gmt":"2022-05-09T22:09:57","guid":{"rendered":"https:\/\/acuariosupremus.com\/?post_type=product&#038;p=9008"},"modified":"2025-12-27T17:12:09","modified_gmt":"2025-12-27T23:12:09","slug":"pristine-250-ml-bacterias","status":"publish","type":"product","link":"https:\/\/acuariosupremus.com\/?product=pristine-250-ml-bacterias","title":{"rendered":"Pristine 250 ml, Bacterias."},"content":{"rendered":"<p>Tambi\u00e9n elimina el exceso de nutrientes como el amon\u00edaco, el nitrito o el nitrato. Estas sustancias no deseadas tales como detritus, desechos org\u00e1nicos y exceso de alimentos inducen a un grave deterioro en la calidad del agua y facilitan la proliferaci\u00f3n de organismos causantes de enfermedades. Las distintas especies de bacterias que contiene Pristine\u2122 prosperan tanto en agua dulce como salada y pueden metabolizar una amplia gama de compuestos org\u00e1nicos, incluyendo las grasas causantes de esas indeseadas pel\u00edculas que se forman en la superficie del agua. A diferencia de las bacterias nitrificantes tradicionales, esta mezcla bacteriana puede adaptarse y prosperar en ambientes adversos o bajos en ox\u00edgeno, y contin\u00faan multiplic\u00e1ndose mejorando las condiciones del agua. Al establecerse estas colonias de bacterias, comienzan la producci\u00f3n de biopol\u00edmeros que atrapan las part\u00edculas s\u00f3lidas del agua, aumentando de este modo la transparencia del agua. Las especies de bacterias contenidas en Pristine\u2122 son una mezcla \u00fanica de desarrollada espec\u00edficamente para adaptarse a una amplia variedad de condiciones ambientales gracias a su gran robustez y adaptabilidad.<\/p>\n<p>Producto: Pristine 250 ml. , Tama\u00f1o: 50 x 50 x 163 mm. (l x a x h), Peso: 0.295 (Kg.).<\/p>\n","protected":false},"excerpt":{"rendered":"<p>Pristine\u2122 aumenta la claridad del agua y promueve una mejor salud para el medio ambiente acu\u00e1tico en general. Pristine\u2122 aplica una t\u00e9cnica llamada bio-aumento, que es un m\u00e9todo no qu\u00edmico y natural por el cual aportamos una mezcla de distintas cepas de bacterias capaces de metabolizar sustancias org\u00e1nicas excedentes en el acuario, descomponi\u00e9ndolas para mejorar la calidad del agua.<\/p>\n","protected":false},"featured_media":9009,"template":"","meta":[],"product_brand":[123],"product_cat":[40,41],"product_tag":[531,731],"class_list":{"0":"post-9008","1":"product","2":"type-product","3":"status-publish","4":"has-post-thumbnail","6":"product_brand-seachem","7":"product_cat-peces","8":"product_cat-acondicionadores","9":"product_tag-bacteria-liquida-pro","10":"product_tag-pristine","12":"first","13":"outofstock","14":"sale","15":"shipping-taxable","16":"purchasable","17":"product-type-simple"},"yoast_head":"<!-- This site is optimized with the Yoast SEO plugin v27.4 - https:\/\/yoast.com\/product\/yoast-seo-wordpress\/ -->\n<title>Pristine 250 ml, Bacterias. | Acuario Supremus<\/title>\n<meta name=\"description\" content=\"Pristine\u2122 aplica una t\u00e9cnica llamada bio-aumento, que es un m\u00e9todo no qu\u00edmico y natural por el cual aportamos una mezcla de distintas cepas de bacterias\" \/>\n<meta name=\"robots\" content=\"index, follow, max-snippet:-1, max-image-preview:large, max-video-preview:-1\" \/>\n<link rel=\"canonical\" href=\"https:\/\/acuariosupremus.com\/?product=pristine-250-ml-bacterias\" \/>\n<meta property=\"og:locale\" content=\"es_MX\" \/>\n<meta property=\"og:type\" content=\"article\" \/>\n<meta property=\"og:title\" content=\"Pristine 250 ml, Bacterias. | Acuario Supremus\" \/>\n<meta property=\"og:description\" content=\"Pristine\u2122 aplica una t\u00e9cnica llamada bio-aumento, que es un m\u00e9todo no qu\u00edmico y natural por el cual aportamos una mezcla de distintas cepas de bacterias\" \/>\n<meta property=\"og:url\" content=\"https:\/\/acuariosupremus.com\/?product=pristine-250-ml-bacterias\" \/>\n<meta property=\"og:site_name\" content=\"Acuario Supremus\" \/>\n<meta property=\"article:publisher\" content=\"https:\/\/www.facebook.com\/AcuarioSupremus\" \/>\n<meta property=\"article:modified_time\" content=\"2025-12-27T23:12:09+00:00\" \/>\n<meta property=\"og:image\" content=\"https:\/\/acuariosupremus.com\/wp-content\/uploads\/2022\/05\/seachem_pristine_01.jpg\" \/>\n\t<meta property=\"og:image:width\" content=\"1250\" \/>\n\t<meta property=\"og:image:height\" content=\"1250\" \/>\n\t<meta property=\"og:image:type\" content=\"image\/jpeg\" \/>\n<meta name=\"twitter:card\" content=\"summary_large_image\" \/>\n<meta name=\"twitter:site\" content=\"@AcuarioSupremus\" \/>\n<meta name=\"twitter:label1\" content=\"Tiempo de lectura\" \/>\n\t<meta name=\"twitter:data1\" content=\"1 minuto\" \/>\n<script type=\"application\/ld+json\" class=\"yoast-schema-graph\">{\"@context\":\"https:\\\/\\\/schema.org\",\"@graph\":[{\"@type\":\"WebPage\",\"@id\":\"https:\\\/\\\/acuariosupremus.com\\\/?product=pristine-250-ml-bacterias\",\"url\":\"https:\\\/\\\/acuariosupremus.com\\\/?product=pristine-250-ml-bacterias\",\"name\":\"Pristine 250 ml, Bacterias. | Acuario Supremus\",\"isPartOf\":{\"@id\":\"https:\\\/\\\/acuariosupremus.com\\\/#website\"},\"primaryImageOfPage\":{\"@id\":\"https:\\\/\\\/acuariosupremus.com\\\/?product=pristine-250-ml-bacterias#primaryimage\"},\"image\":{\"@id\":\"https:\\\/\\\/acuariosupremus.com\\\/?product=pristine-250-ml-bacterias#primaryimage\"},\"thumbnailUrl\":\"https:\\\/\\\/acuariosupremus.com\\\/wp-content\\\/uploads\\\/2022\\\/05\\\/seachem_pristine_01.jpg\",\"datePublished\":\"2022-05-09T22:09:57+00:00\",\"dateModified\":\"2025-12-27T23:12:09+00:00\",\"description\":\"Pristine\u2122 aplica una t\u00e9cnica llamada bio-aumento, que es un m\u00e9todo no qu\u00edmico y natural por el cual aportamos una mezcla de distintas cepas de bacterias\",\"breadcrumb\":{\"@id\":\"https:\\\/\\\/acuariosupremus.com\\\/?product=pristine-250-ml-bacterias#breadcrumb\"},\"inLanguage\":\"es\",\"potentialAction\":[{\"@type\":\"ReadAction\",\"target\":[\"https:\\\/\\\/acuariosupremus.com\\\/?product=pristine-250-ml-bacterias\"]}]},{\"@type\":\"ImageObject\",\"inLanguage\":\"es\",\"@id\":\"https:\\\/\\\/acuariosupremus.com\\\/?product=pristine-250-ml-bacterias#primaryimage\",\"url\":\"https:\\\/\\\/acuariosupremus.com\\\/wp-content\\\/uploads\\\/2022\\\/05\\\/seachem_pristine_01.jpg\",\"contentUrl\":\"https:\\\/\\\/acuariosupremus.com\\\/wp-content\\\/uploads\\\/2022\\\/05\\\/seachem_pristine_01.jpg\",\"width\":1250,\"height\":1250},{\"@type\":\"BreadcrumbList\",\"@id\":\"https:\\\/\\\/acuariosupremus.com\\\/?product=pristine-250-ml-bacterias#breadcrumb\",\"itemListElement\":[{\"@type\":\"ListItem\",\"position\":1,\"name\":\"Portada\",\"item\":\"https:\\\/\\\/acuariosupremus.com\\\/\"},{\"@type\":\"ListItem\",\"position\":2,\"name\":\"Tienda\",\"item\":\"https:\\\/\\\/acuariosupremus.com\\\/tienda\\\/\"},{\"@type\":\"ListItem\",\"position\":3,\"name\":\"Pristine 250 ml, Bacterias.\"}]},{\"@type\":\"WebSite\",\"@id\":\"https:\\\/\\\/acuariosupremus.com\\\/#website\",\"url\":\"https:\\\/\\\/acuariosupremus.com\\\/\",\"name\":\"Acuario Supremus\",\"description\":\"Peces, Peceras y Mascotas.\",\"publisher\":{\"@id\":\"https:\\\/\\\/acuariosupremus.com\\\/#organization\"},\"potentialAction\":[{\"@type\":\"SearchAction\",\"target\":{\"@type\":\"EntryPoint\",\"urlTemplate\":\"https:\\\/\\\/acuariosupremus.com\\\/?s={search_term_string}\"},\"query-input\":{\"@type\":\"PropertyValueSpecification\",\"valueRequired\":true,\"valueName\":\"search_term_string\"}}],\"inLanguage\":\"es\"},{\"@type\":\"Organization\",\"@id\":\"https:\\\/\\\/acuariosupremus.com\\\/#organization\",\"name\":\"Acuario Supremus\",\"url\":\"https:\\\/\\\/acuariosupremus.com\\\/\",\"logo\":{\"@type\":\"ImageObject\",\"inLanguage\":\"es\",\"@id\":\"https:\\\/\\\/acuariosupremus.com\\\/#\\\/schema\\\/logo\\\/image\\\/\",\"url\":\"https:\\\/\\\/acuariosupremus.com\\\/wp-content\\\/uploads\\\/2021\\\/12\\\/cropped-logo_acuario_supremus_fn-2.png\",\"contentUrl\":\"https:\\\/\\\/acuariosupremus.com\\\/wp-content\\\/uploads\\\/2021\\\/12\\\/cropped-logo_acuario_supremus_fn-2.png\",\"width\":1000,\"height\":318,\"caption\":\"Acuario Supremus\"},\"image\":{\"@id\":\"https:\\\/\\\/acuariosupremus.com\\\/#\\\/schema\\\/logo\\\/image\\\/\"},\"sameAs\":[\"https:\\\/\\\/www.facebook.com\\\/AcuarioSupremus\",\"https:\\\/\\\/x.com\\\/AcuarioSupremus\",\"https:\\\/\\\/www.instagram.com\\\/acuariosupremus\\\/?hl=es\"]}]}<\/script>\n<!-- \/ Yoast SEO plugin. -->","yoast_head_json":{"title":"Pristine 250 ml, Bacterias. | Acuario Supremus","description":"Pristine\u2122 aplica una t\u00e9cnica llamada bio-aumento, que es un m\u00e9todo no qu\u00edmico y natural por el cual aportamos una mezcla de distintas cepas de bacterias","robots":{"index":"index","follow":"follow","max-snippet":"max-snippet:-1","max-image-preview":"max-image-preview:large","max-video-preview":"max-video-preview:-1"},"canonical":"https:\/\/acuariosupremus.com\/?product=pristine-250-ml-bacterias","og_locale":"es_MX","og_type":"article","og_title":"Pristine 250 ml, Bacterias. | Acuario Supremus","og_description":"Pristine\u2122 aplica una t\u00e9cnica llamada bio-aumento, que es un m\u00e9todo no qu\u00edmico y natural por el cual aportamos una mezcla de distintas cepas de bacterias","og_url":"https:\/\/acuariosupremus.com\/?product=pristine-250-ml-bacterias","og_site_name":"Acuario Supremus","article_publisher":"https:\/\/www.facebook.com\/AcuarioSupremus","article_modified_time":"2025-12-27T23:12:09+00:00","og_image":[{"width":1250,"height":1250,"url":"https:\/\/acuariosupremus.com\/wp-content\/uploads\/2022\/05\/seachem_pristine_01.jpg","type":"image\/jpeg"}],"twitter_card":"summary_large_image","twitter_site":"@AcuarioSupremus","twitter_misc":{"Tiempo de lectura":"1 minuto"},"schema":{"@context":"https:\/\/schema.org","@graph":[{"@type":"WebPage","@id":"https:\/\/acuariosupremus.com\/?product=pristine-250-ml-bacterias","url":"https:\/\/acuariosupremus.com\/?product=pristine-250-ml-bacterias","name":"Pristine 250 ml, Bacterias. | Acuario Supremus","isPartOf":{"@id":"https:\/\/acuariosupremus.com\/#website"},"primaryImageOfPage":{"@id":"https:\/\/acuariosupremus.com\/?product=pristine-250-ml-bacterias#primaryimage"},"image":{"@id":"https:\/\/acuariosupremus.com\/?product=pristine-250-ml-bacterias#primaryimage"},"thumbnailUrl":"https:\/\/acuariosupremus.com\/wp-content\/uploads\/2022\/05\/seachem_pristine_01.jpg","datePublished":"2022-05-09T22:09:57+00:00","dateModified":"2025-12-27T23:12:09+00:00","description":"Pristine\u2122 aplica una t\u00e9cnica llamada bio-aumento, que es un m\u00e9todo no qu\u00edmico y natural por el cual aportamos una mezcla de distintas cepas de bacterias","breadcrumb":{"@id":"https:\/\/acuariosupremus.com\/?product=pristine-250-ml-bacterias#breadcrumb"},"inLanguage":"es","potentialAction":[{"@type":"ReadAction","target":["https:\/\/acuariosupremus.com\/?product=pristine-250-ml-bacterias"]}]},{"@type":"ImageObject","inLanguage":"es","@id":"https:\/\/acuariosupremus.com\/?product=pristine-250-ml-bacterias#primaryimage","url":"https:\/\/acuariosupremus.com\/wp-content\/uploads\/2022\/05\/seachem_pristine_01.jpg","contentUrl":"https:\/\/acuariosupremus.com\/wp-content\/uploads\/2022\/05\/seachem_pristine_01.jpg","width":1250,"height":1250},{"@type":"BreadcrumbList","@id":"https:\/\/acuariosupremus.com\/?product=pristine-250-ml-bacterias#breadcrumb","itemListElement":[{"@type":"ListItem","position":1,"name":"Portada","item":"https:\/\/acuariosupremus.com\/"},{"@type":"ListItem","position":2,"name":"Tienda","item":"https:\/\/acuariosupremus.com\/tienda\/"},{"@type":"ListItem","position":3,"name":"Pristine 250 ml, Bacterias."}]},{"@type":"WebSite","@id":"https:\/\/acuariosupremus.com\/#website","url":"https:\/\/acuariosupremus.com\/","name":"Acuario Supremus","description":"Peces, Peceras y Mascotas.","publisher":{"@id":"https:\/\/acuariosupremus.com\/#organization"},"potentialAction":[{"@type":"SearchAction","target":{"@type":"EntryPoint","urlTemplate":"https:\/\/acuariosupremus.com\/?s={search_term_string}"},"query-input":{"@type":"PropertyValueSpecification","valueRequired":true,"valueName":"search_term_string"}}],"inLanguage":"es"},{"@type":"Organization","@id":"https:\/\/acuariosupremus.com\/#organization","name":"Acuario Supremus","url":"https:\/\/acuariosupremus.com\/","logo":{"@type":"ImageObject","inLanguage":"es","@id":"https:\/\/acuariosupremus.com\/#\/schema\/logo\/image\/","url":"https:\/\/acuariosupremus.com\/wp-content\/uploads\/2021\/12\/cropped-logo_acuario_supremus_fn-2.png","contentUrl":"https:\/\/acuariosupremus.com\/wp-content\/uploads\/2021\/12\/cropped-logo_acuario_supremus_fn-2.png","width":1000,"height":318,"caption":"Acuario Supremus"},"image":{"@id":"https:\/\/acuariosupremus.com\/#\/schema\/logo\/image\/"},"sameAs":["https:\/\/www.facebook.com\/AcuarioSupremus","https:\/\/x.com\/AcuarioSupremus","https:\/\/www.instagram.com\/acuariosupremus\/?hl=es"]}]}},"jetpack_sharing_enabled":true,"_links":{"self":[{"href":"https:\/\/acuariosupremus.com\/index.php?rest_route=\/wp\/v2\/product\/9008","targetHints":{"allow":["GET"]}}],"collection":[{"href":"https:\/\/acuariosupremus.com\/index.php?rest_route=\/wp\/v2\/product"}],"about":[{"href":"https:\/\/acuariosupremus.com\/index.php?rest_route=\/wp\/v2\/types\/product"}],"wp:featuredmedia":[{"embeddable":true,"href":"https:\/\/acuariosupremus.com\/index.php?rest_route=\/wp\/v2\/media\/9009"}],"wp:attachment":[{"href":"https:\/\/acuariosupremus.com\/index.php?rest_route=%2Fwp%2Fv2%2Fmedia&parent=9008"}],"wp:term":[{"taxonomy":"product_brand","embeddable":true,"href":"https:\/\/acuariosupremus.com\/index.php?rest_route=%2Fwp%2Fv2%2Fproduct_brand&post=9008"},{"taxonomy":"product_cat","embeddable":true,"href":"https:\/\/acuariosupremus.com\/index.php?rest_route=%2Fwp%2Fv2%2Fproduct_cat&post=9008"},{"taxonomy":"product_tag","embeddable":true,"href":"https:\/\/acuariosupremus.com\/index.php?rest_route=%2Fwp%2Fv2%2Fproduct_tag&post=9008"}],"curies":[{"name":"wp","href":"https:\/\/api.w.org\/{rel}","templated":true}]}}