{"id":9021,"date":"2022-05-09T19:01:56","date_gmt":"2022-05-10T00:01:56","guid":{"rendered":"https:\/\/acuariosupremus.com\/?post_type=product&#038;p=9021"},"modified":"2025-12-27T17:18:19","modified_gmt":"2025-12-27T23:18:19","slug":"entice-250-ml-potenciador-del-apetito","status":"publish","type":"product","link":"https:\/\/acuariosupremus.com\/?product=entice-250-ml-potenciador-del-apetito","title":{"rendered":"Entice 250 ml, Potenciador del apetito."},"content":{"rendered":"<p>Es ideal para todos los tipos de peces, tanto marinos como de agua dulce. Una gran variedad de especies presentan este problema ya que en muchos casos simplemente no comen. Entice\u2122 es un producto completamente \u00fanico dise\u00f1ado para resolver este problema con la alimentaci\u00f3n. Para usar este producto humedezca brevemente los alimentos antes ofrec\u00e9rselos a los peces, o a\u00f1ada directamente al acuario 1 o 2 tapones de Entice\u2122 en el mismo lugar donde la comida se acaba de agregar. Agite bien la botella antes de usar el producto. No existe peligro de sobredosificaci\u00f3n, as\u00ed que puede dosificar el producto con la discreci\u00f3n que vea necesaria. Como dato orientativo, 250 ml de producto es suficiente para alimentar unas 50 veces a sus peces.<\/p>\n<p>Producto: Entice 250ml. , Tama\u00f1o: 50 x 50 x 163 mm. (l x a x h), Peso: 0.280 (Kg.).<\/p>\n","protected":false},"excerpt":{"rendered":"<p>Entice\u2122 es un potenciador natural del aroma y el sabor de los alimentos para aquellos peces dif\u00edciles de alimentar. Simplemente humedezca cualquier alimento con Entice\u2122 para atraer el inter\u00e9s de estos exigentes peces.<\/p>\n","protected":false},"featured_media":9022,"template":"","meta":[],"product_brand":[123],"product_cat":[40,43,51],"product_tag":[735,734],"class_list":{"0":"post-9021","1":"product","2":"type-product","3":"status-publish","4":"has-post-thumbnail","6":"product_brand-seachem","7":"product_cat-peces","8":"product_cat-alimentos","9":"product_cat-medicamentos","10":"product_tag-entice","11":"product_tag-potenciador-del-apetito","13":"first","14":"instock","15":"sale","16":"shipping-taxable","17":"purchasable","18":"product-type-simple"},"yoast_head":"<!-- This site is optimized with the Yoast SEO plugin v27.4 - https:\/\/yoast.com\/product\/yoast-seo-wordpress\/ -->\n<title>Entice 250 ml, Potenciador del apetito. | Acuario Supremus<\/title>\n<meta name=\"description\" content=\"Entice\u2122 es un potenciador natural del aroma y el sabor de los alimentos para aquellos peces dif\u00edciles de alimentar, para atraer el inter\u00e9s.\" \/>\n<meta name=\"robots\" content=\"index, follow, max-snippet:-1, max-image-preview:large, max-video-preview:-1\" \/>\n<link rel=\"canonical\" href=\"https:\/\/acuariosupremus.com\/?product=entice-250-ml-potenciador-del-apetito\" \/>\n<meta property=\"og:locale\" content=\"es_MX\" \/>\n<meta property=\"og:type\" content=\"article\" \/>\n<meta property=\"og:title\" content=\"Entice 250 ml, Potenciador del apetito. | Acuario Supremus\" \/>\n<meta property=\"og:description\" content=\"Entice\u2122 es un potenciador natural del aroma y el sabor de los alimentos para aquellos peces dif\u00edciles de alimentar, para atraer el inter\u00e9s.\" \/>\n<meta property=\"og:url\" content=\"https:\/\/acuariosupremus.com\/?product=entice-250-ml-potenciador-del-apetito\" \/>\n<meta property=\"og:site_name\" content=\"Acuario Supremus\" \/>\n<meta property=\"article:publisher\" content=\"https:\/\/www.facebook.com\/AcuarioSupremus\" \/>\n<meta property=\"article:modified_time\" content=\"2025-12-27T23:18:19+00:00\" \/>\n<meta property=\"og:image\" content=\"https:\/\/acuariosupremus.com\/wp-content\/uploads\/2022\/05\/seachem_entice_01.jpg\" \/>\n\t<meta property=\"og:image:width\" content=\"1250\" \/>\n\t<meta property=\"og:image:height\" content=\"1250\" \/>\n\t<meta property=\"og:image:type\" content=\"image\/jpeg\" \/>\n<meta name=\"twitter:card\" content=\"summary_large_image\" \/>\n<meta name=\"twitter:site\" content=\"@AcuarioSupremus\" \/>\n<meta name=\"twitter:label1\" content=\"Tiempo de lectura\" \/>\n\t<meta name=\"twitter:data1\" content=\"1 minuto\" \/>\n<script type=\"application\/ld+json\" class=\"yoast-schema-graph\">{\"@context\":\"https:\\\/\\\/schema.org\",\"@graph\":[{\"@type\":\"WebPage\",\"@id\":\"https:\\\/\\\/acuariosupremus.com\\\/?product=entice-250-ml-potenciador-del-apetito\",\"url\":\"https:\\\/\\\/acuariosupremus.com\\\/?product=entice-250-ml-potenciador-del-apetito\",\"name\":\"Entice 250 ml, Potenciador del apetito. | Acuario Supremus\",\"isPartOf\":{\"@id\":\"https:\\\/\\\/acuariosupremus.com\\\/#website\"},\"primaryImageOfPage\":{\"@id\":\"https:\\\/\\\/acuariosupremus.com\\\/?product=entice-250-ml-potenciador-del-apetito#primaryimage\"},\"image\":{\"@id\":\"https:\\\/\\\/acuariosupremus.com\\\/?product=entice-250-ml-potenciador-del-apetito#primaryimage\"},\"thumbnailUrl\":\"https:\\\/\\\/acuariosupremus.com\\\/wp-content\\\/uploads\\\/2022\\\/05\\\/seachem_entice_01.jpg\",\"datePublished\":\"2022-05-10T00:01:56+00:00\",\"dateModified\":\"2025-12-27T23:18:19+00:00\",\"description\":\"Entice\u2122 es un potenciador natural del aroma y el sabor de los alimentos para aquellos peces dif\u00edciles de alimentar, para atraer el inter\u00e9s.\",\"breadcrumb\":{\"@id\":\"https:\\\/\\\/acuariosupremus.com\\\/?product=entice-250-ml-potenciador-del-apetito#breadcrumb\"},\"inLanguage\":\"es\",\"potentialAction\":[{\"@type\":\"ReadAction\",\"target\":[\"https:\\\/\\\/acuariosupremus.com\\\/?product=entice-250-ml-potenciador-del-apetito\"]}]},{\"@type\":\"ImageObject\",\"inLanguage\":\"es\",\"@id\":\"https:\\\/\\\/acuariosupremus.com\\\/?product=entice-250-ml-potenciador-del-apetito#primaryimage\",\"url\":\"https:\\\/\\\/acuariosupremus.com\\\/wp-content\\\/uploads\\\/2022\\\/05\\\/seachem_entice_01.jpg\",\"contentUrl\":\"https:\\\/\\\/acuariosupremus.com\\\/wp-content\\\/uploads\\\/2022\\\/05\\\/seachem_entice_01.jpg\",\"width\":1250,\"height\":1250},{\"@type\":\"BreadcrumbList\",\"@id\":\"https:\\\/\\\/acuariosupremus.com\\\/?product=entice-250-ml-potenciador-del-apetito#breadcrumb\",\"itemListElement\":[{\"@type\":\"ListItem\",\"position\":1,\"name\":\"Portada\",\"item\":\"https:\\\/\\\/acuariosupremus.com\\\/\"},{\"@type\":\"ListItem\",\"position\":2,\"name\":\"Tienda\",\"item\":\"https:\\\/\\\/acuariosupremus.com\\\/tienda\\\/\"},{\"@type\":\"ListItem\",\"position\":3,\"name\":\"Entice 250 ml, Potenciador del apetito.\"}]},{\"@type\":\"WebSite\",\"@id\":\"https:\\\/\\\/acuariosupremus.com\\\/#website\",\"url\":\"https:\\\/\\\/acuariosupremus.com\\\/\",\"name\":\"Acuario Supremus\",\"description\":\"Peces, Peceras y Mascotas.\",\"publisher\":{\"@id\":\"https:\\\/\\\/acuariosupremus.com\\\/#organization\"},\"potentialAction\":[{\"@type\":\"SearchAction\",\"target\":{\"@type\":\"EntryPoint\",\"urlTemplate\":\"https:\\\/\\\/acuariosupremus.com\\\/?s={search_term_string}\"},\"query-input\":{\"@type\":\"PropertyValueSpecification\",\"valueRequired\":true,\"valueName\":\"search_term_string\"}}],\"inLanguage\":\"es\"},{\"@type\":\"Organization\",\"@id\":\"https:\\\/\\\/acuariosupremus.com\\\/#organization\",\"name\":\"Acuario Supremus\",\"url\":\"https:\\\/\\\/acuariosupremus.com\\\/\",\"logo\":{\"@type\":\"ImageObject\",\"inLanguage\":\"es\",\"@id\":\"https:\\\/\\\/acuariosupremus.com\\\/#\\\/schema\\\/logo\\\/image\\\/\",\"url\":\"https:\\\/\\\/acuariosupremus.com\\\/wp-content\\\/uploads\\\/2021\\\/12\\\/cropped-logo_acuario_supremus_fn-2.png\",\"contentUrl\":\"https:\\\/\\\/acuariosupremus.com\\\/wp-content\\\/uploads\\\/2021\\\/12\\\/cropped-logo_acuario_supremus_fn-2.png\",\"width\":1000,\"height\":318,\"caption\":\"Acuario Supremus\"},\"image\":{\"@id\":\"https:\\\/\\\/acuariosupremus.com\\\/#\\\/schema\\\/logo\\\/image\\\/\"},\"sameAs\":[\"https:\\\/\\\/www.facebook.com\\\/AcuarioSupremus\",\"https:\\\/\\\/x.com\\\/AcuarioSupremus\",\"https:\\\/\\\/www.instagram.com\\\/acuariosupremus\\\/?hl=es\"]}]}<\/script>\n<!-- \/ Yoast SEO plugin. -->","yoast_head_json":{"title":"Entice 250 ml, Potenciador del apetito. | Acuario Supremus","description":"Entice\u2122 es un potenciador natural del aroma y el sabor de los alimentos para aquellos peces dif\u00edciles de alimentar, para atraer el inter\u00e9s.","robots":{"index":"index","follow":"follow","max-snippet":"max-snippet:-1","max-image-preview":"max-image-preview:large","max-video-preview":"max-video-preview:-1"},"canonical":"https:\/\/acuariosupremus.com\/?product=entice-250-ml-potenciador-del-apetito","og_locale":"es_MX","og_type":"article","og_title":"Entice 250 ml, Potenciador del apetito. | Acuario Supremus","og_description":"Entice\u2122 es un potenciador natural del aroma y el sabor de los alimentos para aquellos peces dif\u00edciles de alimentar, para atraer el inter\u00e9s.","og_url":"https:\/\/acuariosupremus.com\/?product=entice-250-ml-potenciador-del-apetito","og_site_name":"Acuario Supremus","article_publisher":"https:\/\/www.facebook.com\/AcuarioSupremus","article_modified_time":"2025-12-27T23:18:19+00:00","og_image":[{"width":1250,"height":1250,"url":"https:\/\/acuariosupremus.com\/wp-content\/uploads\/2022\/05\/seachem_entice_01.jpg","type":"image\/jpeg"}],"twitter_card":"summary_large_image","twitter_site":"@AcuarioSupremus","twitter_misc":{"Tiempo de lectura":"1 minuto"},"schema":{"@context":"https:\/\/schema.org","@graph":[{"@type":"WebPage","@id":"https:\/\/acuariosupremus.com\/?product=entice-250-ml-potenciador-del-apetito","url":"https:\/\/acuariosupremus.com\/?product=entice-250-ml-potenciador-del-apetito","name":"Entice 250 ml, Potenciador del apetito. | Acuario Supremus","isPartOf":{"@id":"https:\/\/acuariosupremus.com\/#website"},"primaryImageOfPage":{"@id":"https:\/\/acuariosupremus.com\/?product=entice-250-ml-potenciador-del-apetito#primaryimage"},"image":{"@id":"https:\/\/acuariosupremus.com\/?product=entice-250-ml-potenciador-del-apetito#primaryimage"},"thumbnailUrl":"https:\/\/acuariosupremus.com\/wp-content\/uploads\/2022\/05\/seachem_entice_01.jpg","datePublished":"2022-05-10T00:01:56+00:00","dateModified":"2025-12-27T23:18:19+00:00","description":"Entice\u2122 es un potenciador natural del aroma y el sabor de los alimentos para aquellos peces dif\u00edciles de alimentar, para atraer el inter\u00e9s.","breadcrumb":{"@id":"https:\/\/acuariosupremus.com\/?product=entice-250-ml-potenciador-del-apetito#breadcrumb"},"inLanguage":"es","potentialAction":[{"@type":"ReadAction","target":["https:\/\/acuariosupremus.com\/?product=entice-250-ml-potenciador-del-apetito"]}]},{"@type":"ImageObject","inLanguage":"es","@id":"https:\/\/acuariosupremus.com\/?product=entice-250-ml-potenciador-del-apetito#primaryimage","url":"https:\/\/acuariosupremus.com\/wp-content\/uploads\/2022\/05\/seachem_entice_01.jpg","contentUrl":"https:\/\/acuariosupremus.com\/wp-content\/uploads\/2022\/05\/seachem_entice_01.jpg","width":1250,"height":1250},{"@type":"BreadcrumbList","@id":"https:\/\/acuariosupremus.com\/?product=entice-250-ml-potenciador-del-apetito#breadcrumb","itemListElement":[{"@type":"ListItem","position":1,"name":"Portada","item":"https:\/\/acuariosupremus.com\/"},{"@type":"ListItem","position":2,"name":"Tienda","item":"https:\/\/acuariosupremus.com\/tienda\/"},{"@type":"ListItem","position":3,"name":"Entice 250 ml, Potenciador del apetito."}]},{"@type":"WebSite","@id":"https:\/\/acuariosupremus.com\/#website","url":"https:\/\/acuariosupremus.com\/","name":"Acuario Supremus","description":"Peces, Peceras y Mascotas.","publisher":{"@id":"https:\/\/acuariosupremus.com\/#organization"},"potentialAction":[{"@type":"SearchAction","target":{"@type":"EntryPoint","urlTemplate":"https:\/\/acuariosupremus.com\/?s={search_term_string}"},"query-input":{"@type":"PropertyValueSpecification","valueRequired":true,"valueName":"search_term_string"}}],"inLanguage":"es"},{"@type":"Organization","@id":"https:\/\/acuariosupremus.com\/#organization","name":"Acuario Supremus","url":"https:\/\/acuariosupremus.com\/","logo":{"@type":"ImageObject","inLanguage":"es","@id":"https:\/\/acuariosupremus.com\/#\/schema\/logo\/image\/","url":"https:\/\/acuariosupremus.com\/wp-content\/uploads\/2021\/12\/cropped-logo_acuario_supremus_fn-2.png","contentUrl":"https:\/\/acuariosupremus.com\/wp-content\/uploads\/2021\/12\/cropped-logo_acuario_supremus_fn-2.png","width":1000,"height":318,"caption":"Acuario Supremus"},"image":{"@id":"https:\/\/acuariosupremus.com\/#\/schema\/logo\/image\/"},"sameAs":["https:\/\/www.facebook.com\/AcuarioSupremus","https:\/\/x.com\/AcuarioSupremus","https:\/\/www.instagram.com\/acuariosupremus\/?hl=es"]}]}},"jetpack_sharing_enabled":true,"_links":{"self":[{"href":"https:\/\/acuariosupremus.com\/index.php?rest_route=\/wp\/v2\/product\/9021","targetHints":{"allow":["GET"]}}],"collection":[{"href":"https:\/\/acuariosupremus.com\/index.php?rest_route=\/wp\/v2\/product"}],"about":[{"href":"https:\/\/acuariosupremus.com\/index.php?rest_route=\/wp\/v2\/types\/product"}],"wp:featuredmedia":[{"embeddable":true,"href":"https:\/\/acuariosupremus.com\/index.php?rest_route=\/wp\/v2\/media\/9022"}],"wp:attachment":[{"href":"https:\/\/acuariosupremus.com\/index.php?rest_route=%2Fwp%2Fv2%2Fmedia&parent=9021"}],"wp:term":[{"taxonomy":"product_brand","embeddable":true,"href":"https:\/\/acuariosupremus.com\/index.php?rest_route=%2Fwp%2Fv2%2Fproduct_brand&post=9021"},{"taxonomy":"product_cat","embeddable":true,"href":"https:\/\/acuariosupremus.com\/index.php?rest_route=%2Fwp%2Fv2%2Fproduct_cat&post=9021"},{"taxonomy":"product_tag","embeddable":true,"href":"https:\/\/acuariosupremus.com\/index.php?rest_route=%2Fwp%2Fv2%2Fproduct_tag&post=9021"}],"curies":[{"name":"wp","href":"https:\/\/api.w.org\/{rel}","templated":true}]}}