{"id":9046,"date":"2022-05-10T14:25:19","date_gmt":"2022-05-10T19:25:19","guid":{"rendered":"https:\/\/acuariosupremus.com\/?post_type=product&#038;p=9046"},"modified":"2025-12-27T17:22:17","modified_gmt":"2025-12-27T23:22:17","slug":"marine-buffer-1-kg-tamponador-ph","status":"publish","type":"product","link":"https:\/\/acuariosupremus.com\/?product=marine-buffer-1-kg-tamponador-ph","title":{"rendered":"Marine Buffer 1 kg, Tamponador pH."},"content":{"rendered":"<p>Marine Buffer \u2122 contiene sales de sodio, magnesio, calcio, estroncio, potasio, carbonato, bicarbonato, cloruro, sulfato y borato.<br \/>\nLa alcalinidad total es un par\u00e1metro formado principalmente por tres iones: carbonato, bicarbonato, y borato. En agua salada el bicarbonato aporta un pH de 7,8, mientras que el carbonato aporta 9.1 y el borato un pH de 9.5 o m\u00e1s. Debido a la qu\u00edmica de los sistemas tamponadores, cuanto m\u00e1s cerca se encuentre el valor pH de un sistema tamp\u00f3n a su factor pK, es m\u00e1s dif\u00edcil que cambie el valor pH del agua. Por lo tanto, si formulamos un aditivo tamponador cuyo aporte de pH sea 8.3 para disolverlo a un acuario, cuanto mayor sea la cantidad a\u00f1adamos m\u00e1s estable ser\u00e1 el pH. Este el principio qu\u00edmico en el que se basa Marine Buffer \u2122. El problema para esta soluci\u00f3n aparentemente simple es que las sales para elaborar agua de mar contienen gran cantidad de sales de bicarbonato en su f\u00f3rmula, induciendo hacia un pH 7.8 y evit\u00e1ndonos llegar alcanzar el valor pH 8.3. Es por ello que el factor pK de Marine Buffer \u2122 es levemente superior a 8.3 para combatir as\u00ed la influencia del bicarbonato con cada cambio de agua.<br \/>\nMarine Buffer \u2122 fue el primer b\u00fafer en el mercado en incluir sales de borato en su f\u00f3rmula para lograr un sistema tamp\u00f3n mucho m\u00e1s estable, siendo todav\u00eda hoy el b\u00fafer para acuario marino m\u00e1s eficaz del mercado.<\/p>\n<p>Producto: Marine Buffer 1Kg. Tama\u00f1o: 205 x 93 x 93 mm.(l x a x h) Peso: 1.325 (Kg.).<\/p>\n","protected":false},"excerpt":{"rendered":"<p>Marine Buffer \u2122 aumenta de forma segura el valor pH a 8.3 en acuarios de agua salada. Del mismo modo, una dosis elevada o una sobredosis accidental nunca elevar\u00e1n el valor pH por encima de 8.3. Marine Buffer \u2122 contiene una f\u00f3rmula compleja y no es simplemente bicarbonato o carbonato de sodio como ocurre con otros aditivos tamponadores, que pueden elevar el pH a niveles peligrosos si no se usa de forma adecuada.<\/p>\n","protected":false},"featured_media":9047,"template":"","meta":[],"product_brand":[123],"product_cat":[40,94],"product_tag":[532,745],"class_list":{"0":"post-9046","1":"product","2":"type-product","3":"status-publish","4":"has-post-thumbnail","6":"product_brand-seachem","7":"product_cat-peces","8":"product_cat-arrecife","9":"product_tag-fijador-ph-marino","10":"product_tag-marine-buffer","12":"first","13":"instock","14":"sale","15":"shipping-taxable","16":"purchasable","17":"product-type-simple"},"yoast_head":"<!-- This site is optimized with the Yoast SEO plugin v27.5 - https:\/\/yoast.com\/product\/yoast-seo-wordpress\/ -->\n<title>Marine Buffer 1 kg, Tamponador pH. | Acuario Supremus<\/title>\n<meta name=\"description\" content=\"Marine Buffer \u2122 aumenta de forma segura el valor pH a 8.3 en acuarios de agua salada, nunca elevar\u00e1n el valor pH por encima de 8.3.\" \/>\n<meta name=\"robots\" content=\"index, follow, max-snippet:-1, max-image-preview:large, max-video-preview:-1\" \/>\n<link rel=\"canonical\" href=\"https:\/\/acuariosupremus.com\/?product=marine-buffer-1-kg-tamponador-ph\" \/>\n<meta property=\"og:locale\" content=\"es_MX\" \/>\n<meta property=\"og:type\" content=\"article\" \/>\n<meta property=\"og:title\" content=\"Marine Buffer 1 kg, Tamponador pH. | Acuario Supremus\" \/>\n<meta property=\"og:description\" content=\"Marine Buffer \u2122 aumenta de forma segura el valor pH a 8.3 en acuarios de agua salada, nunca elevar\u00e1n el valor pH por encima de 8.3.\" \/>\n<meta property=\"og:url\" content=\"https:\/\/acuariosupremus.com\/?product=marine-buffer-1-kg-tamponador-ph\" \/>\n<meta property=\"og:site_name\" content=\"Acuario Supremus\" \/>\n<meta property=\"article:publisher\" content=\"https:\/\/www.facebook.com\/AcuarioSupremus\" \/>\n<meta property=\"article:modified_time\" content=\"2025-12-27T23:22:17+00:00\" \/>\n<meta property=\"og:image\" content=\"https:\/\/acuariosupremus.com\/wp-content\/uploads\/2022\/05\/seachem_marine_buffer_02.jpg\" \/>\n\t<meta property=\"og:image:width\" content=\"1250\" \/>\n\t<meta property=\"og:image:height\" content=\"1250\" \/>\n\t<meta property=\"og:image:type\" content=\"image\/jpeg\" \/>\n<meta name=\"twitter:card\" content=\"summary_large_image\" \/>\n<meta name=\"twitter:site\" content=\"@AcuarioSupremus\" \/>\n<meta name=\"twitter:label1\" content=\"Tiempo de lectura\" \/>\n\t<meta name=\"twitter:data1\" content=\"2 minutos\" \/>\n<script type=\"application\/ld+json\" class=\"yoast-schema-graph\">{\"@context\":\"https:\\\/\\\/schema.org\",\"@graph\":[{\"@type\":\"WebPage\",\"@id\":\"https:\\\/\\\/acuariosupremus.com\\\/?product=marine-buffer-1-kg-tamponador-ph\",\"url\":\"https:\\\/\\\/acuariosupremus.com\\\/?product=marine-buffer-1-kg-tamponador-ph\",\"name\":\"Marine Buffer 1 kg, Tamponador pH. | Acuario Supremus\",\"isPartOf\":{\"@id\":\"https:\\\/\\\/acuariosupremus.com\\\/#website\"},\"primaryImageOfPage\":{\"@id\":\"https:\\\/\\\/acuariosupremus.com\\\/?product=marine-buffer-1-kg-tamponador-ph#primaryimage\"},\"image\":{\"@id\":\"https:\\\/\\\/acuariosupremus.com\\\/?product=marine-buffer-1-kg-tamponador-ph#primaryimage\"},\"thumbnailUrl\":\"https:\\\/\\\/acuariosupremus.com\\\/wp-content\\\/uploads\\\/2022\\\/05\\\/seachem_marine_buffer_02.jpg\",\"datePublished\":\"2022-05-10T19:25:19+00:00\",\"dateModified\":\"2025-12-27T23:22:17+00:00\",\"description\":\"Marine Buffer \u2122 aumenta de forma segura el valor pH a 8.3 en acuarios de agua salada, nunca elevar\u00e1n el valor pH por encima de 8.3.\",\"breadcrumb\":{\"@id\":\"https:\\\/\\\/acuariosupremus.com\\\/?product=marine-buffer-1-kg-tamponador-ph#breadcrumb\"},\"inLanguage\":\"es\",\"potentialAction\":[{\"@type\":\"ReadAction\",\"target\":[\"https:\\\/\\\/acuariosupremus.com\\\/?product=marine-buffer-1-kg-tamponador-ph\"]}]},{\"@type\":\"ImageObject\",\"inLanguage\":\"es\",\"@id\":\"https:\\\/\\\/acuariosupremus.com\\\/?product=marine-buffer-1-kg-tamponador-ph#primaryimage\",\"url\":\"https:\\\/\\\/acuariosupremus.com\\\/wp-content\\\/uploads\\\/2022\\\/05\\\/seachem_marine_buffer_02.jpg\",\"contentUrl\":\"https:\\\/\\\/acuariosupremus.com\\\/wp-content\\\/uploads\\\/2022\\\/05\\\/seachem_marine_buffer_02.jpg\",\"width\":1250,\"height\":1250},{\"@type\":\"BreadcrumbList\",\"@id\":\"https:\\\/\\\/acuariosupremus.com\\\/?product=marine-buffer-1-kg-tamponador-ph#breadcrumb\",\"itemListElement\":[{\"@type\":\"ListItem\",\"position\":1,\"name\":\"Portada\",\"item\":\"https:\\\/\\\/acuariosupremus.com\\\/\"},{\"@type\":\"ListItem\",\"position\":2,\"name\":\"Tienda\",\"item\":\"https:\\\/\\\/acuariosupremus.com\\\/tienda\\\/\"},{\"@type\":\"ListItem\",\"position\":3,\"name\":\"Marine Buffer 1 kg, Tamponador pH.\"}]},{\"@type\":\"WebSite\",\"@id\":\"https:\\\/\\\/acuariosupremus.com\\\/#website\",\"url\":\"https:\\\/\\\/acuariosupremus.com\\\/\",\"name\":\"Acuario Supremus\",\"description\":\"Peces, Peceras y Mascotas.\",\"publisher\":{\"@id\":\"https:\\\/\\\/acuariosupremus.com\\\/#organization\"},\"potentialAction\":[{\"@type\":\"SearchAction\",\"target\":{\"@type\":\"EntryPoint\",\"urlTemplate\":\"https:\\\/\\\/acuariosupremus.com\\\/?s={search_term_string}\"},\"query-input\":{\"@type\":\"PropertyValueSpecification\",\"valueRequired\":true,\"valueName\":\"search_term_string\"}}],\"inLanguage\":\"es\"},{\"@type\":\"Organization\",\"@id\":\"https:\\\/\\\/acuariosupremus.com\\\/#organization\",\"name\":\"Acuario Supremus\",\"url\":\"https:\\\/\\\/acuariosupremus.com\\\/\",\"logo\":{\"@type\":\"ImageObject\",\"inLanguage\":\"es\",\"@id\":\"https:\\\/\\\/acuariosupremus.com\\\/#\\\/schema\\\/logo\\\/image\\\/\",\"url\":\"https:\\\/\\\/acuariosupremus.com\\\/wp-content\\\/uploads\\\/2021\\\/12\\\/cropped-logo_acuario_supremus_fn-2.png\",\"contentUrl\":\"https:\\\/\\\/acuariosupremus.com\\\/wp-content\\\/uploads\\\/2021\\\/12\\\/cropped-logo_acuario_supremus_fn-2.png\",\"width\":1000,\"height\":318,\"caption\":\"Acuario Supremus\"},\"image\":{\"@id\":\"https:\\\/\\\/acuariosupremus.com\\\/#\\\/schema\\\/logo\\\/image\\\/\"},\"sameAs\":[\"https:\\\/\\\/www.facebook.com\\\/AcuarioSupremus\",\"https:\\\/\\\/x.com\\\/AcuarioSupremus\",\"https:\\\/\\\/www.instagram.com\\\/acuariosupremus\\\/?hl=es\"]}]}<\/script>\n<!-- \/ Yoast SEO plugin. -->","yoast_head_json":{"title":"Marine Buffer 1 kg, Tamponador pH. | Acuario Supremus","description":"Marine Buffer \u2122 aumenta de forma segura el valor pH a 8.3 en acuarios de agua salada, nunca elevar\u00e1n el valor pH por encima de 8.3.","robots":{"index":"index","follow":"follow","max-snippet":"max-snippet:-1","max-image-preview":"max-image-preview:large","max-video-preview":"max-video-preview:-1"},"canonical":"https:\/\/acuariosupremus.com\/?product=marine-buffer-1-kg-tamponador-ph","og_locale":"es_MX","og_type":"article","og_title":"Marine Buffer 1 kg, Tamponador pH. | Acuario Supremus","og_description":"Marine Buffer \u2122 aumenta de forma segura el valor pH a 8.3 en acuarios de agua salada, nunca elevar\u00e1n el valor pH por encima de 8.3.","og_url":"https:\/\/acuariosupremus.com\/?product=marine-buffer-1-kg-tamponador-ph","og_site_name":"Acuario Supremus","article_publisher":"https:\/\/www.facebook.com\/AcuarioSupremus","article_modified_time":"2025-12-27T23:22:17+00:00","og_image":[{"width":1250,"height":1250,"url":"https:\/\/acuariosupremus.com\/wp-content\/uploads\/2022\/05\/seachem_marine_buffer_02.jpg","type":"image\/jpeg"}],"twitter_card":"summary_large_image","twitter_site":"@AcuarioSupremus","twitter_misc":{"Tiempo de lectura":"2 minutos"},"schema":{"@context":"https:\/\/schema.org","@graph":[{"@type":"WebPage","@id":"https:\/\/acuariosupremus.com\/?product=marine-buffer-1-kg-tamponador-ph","url":"https:\/\/acuariosupremus.com\/?product=marine-buffer-1-kg-tamponador-ph","name":"Marine Buffer 1 kg, Tamponador pH. | Acuario Supremus","isPartOf":{"@id":"https:\/\/acuariosupremus.com\/#website"},"primaryImageOfPage":{"@id":"https:\/\/acuariosupremus.com\/?product=marine-buffer-1-kg-tamponador-ph#primaryimage"},"image":{"@id":"https:\/\/acuariosupremus.com\/?product=marine-buffer-1-kg-tamponador-ph#primaryimage"},"thumbnailUrl":"https:\/\/acuariosupremus.com\/wp-content\/uploads\/2022\/05\/seachem_marine_buffer_02.jpg","datePublished":"2022-05-10T19:25:19+00:00","dateModified":"2025-12-27T23:22:17+00:00","description":"Marine Buffer \u2122 aumenta de forma segura el valor pH a 8.3 en acuarios de agua salada, nunca elevar\u00e1n el valor pH por encima de 8.3.","breadcrumb":{"@id":"https:\/\/acuariosupremus.com\/?product=marine-buffer-1-kg-tamponador-ph#breadcrumb"},"inLanguage":"es","potentialAction":[{"@type":"ReadAction","target":["https:\/\/acuariosupremus.com\/?product=marine-buffer-1-kg-tamponador-ph"]}]},{"@type":"ImageObject","inLanguage":"es","@id":"https:\/\/acuariosupremus.com\/?product=marine-buffer-1-kg-tamponador-ph#primaryimage","url":"https:\/\/acuariosupremus.com\/wp-content\/uploads\/2022\/05\/seachem_marine_buffer_02.jpg","contentUrl":"https:\/\/acuariosupremus.com\/wp-content\/uploads\/2022\/05\/seachem_marine_buffer_02.jpg","width":1250,"height":1250},{"@type":"BreadcrumbList","@id":"https:\/\/acuariosupremus.com\/?product=marine-buffer-1-kg-tamponador-ph#breadcrumb","itemListElement":[{"@type":"ListItem","position":1,"name":"Portada","item":"https:\/\/acuariosupremus.com\/"},{"@type":"ListItem","position":2,"name":"Tienda","item":"https:\/\/acuariosupremus.com\/tienda\/"},{"@type":"ListItem","position":3,"name":"Marine Buffer 1 kg, Tamponador pH."}]},{"@type":"WebSite","@id":"https:\/\/acuariosupremus.com\/#website","url":"https:\/\/acuariosupremus.com\/","name":"Acuario Supremus","description":"Peces, Peceras y Mascotas.","publisher":{"@id":"https:\/\/acuariosupremus.com\/#organization"},"potentialAction":[{"@type":"SearchAction","target":{"@type":"EntryPoint","urlTemplate":"https:\/\/acuariosupremus.com\/?s={search_term_string}"},"query-input":{"@type":"PropertyValueSpecification","valueRequired":true,"valueName":"search_term_string"}}],"inLanguage":"es"},{"@type":"Organization","@id":"https:\/\/acuariosupremus.com\/#organization","name":"Acuario Supremus","url":"https:\/\/acuariosupremus.com\/","logo":{"@type":"ImageObject","inLanguage":"es","@id":"https:\/\/acuariosupremus.com\/#\/schema\/logo\/image\/","url":"https:\/\/acuariosupremus.com\/wp-content\/uploads\/2021\/12\/cropped-logo_acuario_supremus_fn-2.png","contentUrl":"https:\/\/acuariosupremus.com\/wp-content\/uploads\/2021\/12\/cropped-logo_acuario_supremus_fn-2.png","width":1000,"height":318,"caption":"Acuario Supremus"},"image":{"@id":"https:\/\/acuariosupremus.com\/#\/schema\/logo\/image\/"},"sameAs":["https:\/\/www.facebook.com\/AcuarioSupremus","https:\/\/x.com\/AcuarioSupremus","https:\/\/www.instagram.com\/acuariosupremus\/?hl=es"]}]}},"jetpack_sharing_enabled":true,"_links":{"self":[{"href":"https:\/\/acuariosupremus.com\/index.php?rest_route=\/wp\/v2\/product\/9046","targetHints":{"allow":["GET"]}}],"collection":[{"href":"https:\/\/acuariosupremus.com\/index.php?rest_route=\/wp\/v2\/product"}],"about":[{"href":"https:\/\/acuariosupremus.com\/index.php?rest_route=\/wp\/v2\/types\/product"}],"wp:featuredmedia":[{"embeddable":true,"href":"https:\/\/acuariosupremus.com\/index.php?rest_route=\/wp\/v2\/media\/9047"}],"wp:attachment":[{"href":"https:\/\/acuariosupremus.com\/index.php?rest_route=%2Fwp%2Fv2%2Fmedia&parent=9046"}],"wp:term":[{"taxonomy":"product_brand","embeddable":true,"href":"https:\/\/acuariosupremus.com\/index.php?rest_route=%2Fwp%2Fv2%2Fproduct_brand&post=9046"},{"taxonomy":"product_cat","embeddable":true,"href":"https:\/\/acuariosupremus.com\/index.php?rest_route=%2Fwp%2Fv2%2Fproduct_cat&post=9046"},{"taxonomy":"product_tag","embeddable":true,"href":"https:\/\/acuariosupremus.com\/index.php?rest_route=%2Fwp%2Fv2%2Fproduct_tag&post=9046"}],"curies":[{"name":"wp","href":"https:\/\/api.w.org\/{rel}","templated":true}]}}