{"id":9055,"date":"2022-05-10T14:43:03","date_gmt":"2022-05-10T19:43:03","guid":{"rendered":"https:\/\/acuariosupremus.com\/?post_type=product&#038;p=9055"},"modified":"2025-12-27T17:23:15","modified_gmt":"2025-12-27T23:23:15","slug":"reef-calcium-100-ml-suplemento-de-calcio-organico","status":"publish","type":"product","link":"https:\/\/acuariosupremus.com\/?product=reef-calcium-100-ml-suplemento-de-calcio-organico","title":{"rendered":"Reef Calcium 100 ml, Suplemento de calcio org\u00e1nico."},"content":{"rendered":"<p>El poligluconato no contiene nitr\u00f3geno ni f\u00f3sforo. Por lo tanto es biol\u00f3gicamente imposible que pueda ser aprovechado por las algas en un acuario de arrecife correctamente mantenido.<br \/>\nReef Calcium \u2122 puede utilizarse como \u00fanico aditivo para mantener el nivel de calcio. Sin embargo proporcionar\u00e1 un mayor nivel de crecimiento en los corales si es combinado con un suplemento i\u00f3nico de calcio (Reef Complete \u00ae o Reef Advantage calcium \u2122). Reef Calcium \u2122 est\u00e1 formulado para mantener los niveles de calcio. Si esta tasa llega a alcanzar niveles seriamente bajos es necesario realizar un cambio de agua o utilizar un suplemento de calcio i\u00f3nico para restaurar el nivel correcto. Reef Calcium \u2122 utiliza una mol\u00e9cula que forma una cadena calcio org\u00e1nico en lugar de un calcio i\u00f3nico. Cuando un coral absorbe una mol\u00e9cula en su tejido, utiliza la misma cantidad de energ\u00eda independientemente de su tama\u00f1o molecular. Sin embargo, mol\u00e9culas cargadas requieren m\u00e1s energ\u00eda. Cuando la mol\u00e9cula no i\u00f3nica de Reef Calcium\u2122 es absorbida, el coral adquiere simult\u00e1neamente m\u00faltiples \u00e1tomos de calcio y carbohidrato f\u00e1cilmente metabolizable, gastando mucha menos energ\u00eda de la que utilizar\u00eda para la absorci\u00f3n de calcio i\u00f3nico. Por lo tanto, los corales a\u00fan pueden tomar tanto calcio incluso cuando los niveles son muy bajos a trav\u00e9s de nuestras cadenas org\u00e1nicas, del mismo modo que lo har\u00edan con niveles mucho m\u00e1s altos de calcio i\u00f3nico.<\/p>\n<p>Producto: Reef Calcium 100ml. Tama\u00f1o: 40 x 40 x 123 mm.(l x a x h) Peso: 0.175 (Kg.).<\/p>\n","protected":false},"excerpt":{"rendered":"<p>Reef Calcium\u2122 es un complejo de poligluconato de calcio altamente concentrado (50,000 mg\/L) formulado pata mantener la tasa de calcio en los acuarios de arrecife sin alterar el valor pH. El complejo de poligluconato confiere muchos beneficios: Incrementa la biodisponibilidad del calcio, provee de una fuente de energ\u00eda metab\u00f3lica que permite mantener el pico de crecimiento en los corales al tiempo que previene la precipitaci\u00f3n del calcio con los carbonatos del agua.<\/p>\n","protected":false},"featured_media":9056,"template":"","meta":[],"product_brand":[123],"product_cat":[40,94],"product_tag":[747,537,746],"class_list":{"0":"post-9055","1":"product","2":"type-product","3":"status-publish","4":"has-post-thumbnail","6":"product_brand-seachem","7":"product_cat-peces","8":"product_cat-arrecife","9":"product_tag-reef-calcium","10":"product_tag-suplemento-ca-corales","11":"product_tag-suplemento-de-calcio-organico","13":"first","14":"instock","15":"sale","16":"shipping-taxable","17":"purchasable","18":"product-type-simple"},"yoast_head":"<!-- This site is optimized with the Yoast SEO plugin v27.4 - https:\/\/yoast.com\/product\/yoast-seo-wordpress\/ -->\n<title>Reef Calcium 100 ml, Suplemento de calcio org\u00e1nico. | Acuario Supremus<\/title>\n<meta name=\"description\" content=\"Reef Calcium\u2122 es poligluconato de calcio concentrado formulado para mantener la tasa de calcio en los acuarios de arrecife sin alterar el valor pH.\" \/>\n<meta name=\"robots\" content=\"index, follow, max-snippet:-1, max-image-preview:large, max-video-preview:-1\" \/>\n<link rel=\"canonical\" href=\"https:\/\/acuariosupremus.com\/?product=reef-calcium-100-ml-suplemento-de-calcio-organico\" \/>\n<meta property=\"og:locale\" content=\"es_MX\" \/>\n<meta property=\"og:type\" content=\"article\" \/>\n<meta property=\"og:title\" content=\"Reef Calcium 100 ml, Suplemento de calcio org\u00e1nico. | Acuario Supremus\" \/>\n<meta property=\"og:description\" content=\"Reef Calcium\u2122 es poligluconato de calcio concentrado formulado para mantener la tasa de calcio en los acuarios de arrecife sin alterar el valor pH.\" \/>\n<meta property=\"og:url\" content=\"https:\/\/acuariosupremus.com\/?product=reef-calcium-100-ml-suplemento-de-calcio-organico\" \/>\n<meta property=\"og:site_name\" content=\"Acuario Supremus\" \/>\n<meta property=\"article:publisher\" content=\"https:\/\/www.facebook.com\/AcuarioSupremus\" \/>\n<meta property=\"article:modified_time\" content=\"2025-12-27T23:23:15+00:00\" \/>\n<meta property=\"og:image\" content=\"https:\/\/acuariosupremus.com\/wp-content\/uploads\/2022\/05\/seachem_reef_calcium_02.jpg\" \/>\n\t<meta property=\"og:image:width\" content=\"1250\" \/>\n\t<meta property=\"og:image:height\" content=\"1250\" \/>\n\t<meta property=\"og:image:type\" content=\"image\/jpeg\" \/>\n<meta name=\"twitter:card\" content=\"summary_large_image\" \/>\n<meta name=\"twitter:site\" content=\"@AcuarioSupremus\" \/>\n<meta name=\"twitter:label1\" content=\"Tiempo de lectura\" \/>\n\t<meta name=\"twitter:data1\" content=\"2 minutos\" \/>\n<script type=\"application\/ld+json\" class=\"yoast-schema-graph\">{\"@context\":\"https:\\\/\\\/schema.org\",\"@graph\":[{\"@type\":\"WebPage\",\"@id\":\"https:\\\/\\\/acuariosupremus.com\\\/?product=reef-calcium-100-ml-suplemento-de-calcio-organico\",\"url\":\"https:\\\/\\\/acuariosupremus.com\\\/?product=reef-calcium-100-ml-suplemento-de-calcio-organico\",\"name\":\"Reef Calcium 100 ml, Suplemento de calcio org\u00e1nico. | Acuario Supremus\",\"isPartOf\":{\"@id\":\"https:\\\/\\\/acuariosupremus.com\\\/#website\"},\"primaryImageOfPage\":{\"@id\":\"https:\\\/\\\/acuariosupremus.com\\\/?product=reef-calcium-100-ml-suplemento-de-calcio-organico#primaryimage\"},\"image\":{\"@id\":\"https:\\\/\\\/acuariosupremus.com\\\/?product=reef-calcium-100-ml-suplemento-de-calcio-organico#primaryimage\"},\"thumbnailUrl\":\"https:\\\/\\\/acuariosupremus.com\\\/wp-content\\\/uploads\\\/2022\\\/05\\\/seachem_reef_calcium_02.jpg\",\"datePublished\":\"2022-05-10T19:43:03+00:00\",\"dateModified\":\"2025-12-27T23:23:15+00:00\",\"description\":\"Reef Calcium\u2122 es poligluconato de calcio concentrado formulado para mantener la tasa de calcio en los acuarios de arrecife sin alterar el valor pH.\",\"breadcrumb\":{\"@id\":\"https:\\\/\\\/acuariosupremus.com\\\/?product=reef-calcium-100-ml-suplemento-de-calcio-organico#breadcrumb\"},\"inLanguage\":\"es\",\"potentialAction\":[{\"@type\":\"ReadAction\",\"target\":[\"https:\\\/\\\/acuariosupremus.com\\\/?product=reef-calcium-100-ml-suplemento-de-calcio-organico\"]}]},{\"@type\":\"ImageObject\",\"inLanguage\":\"es\",\"@id\":\"https:\\\/\\\/acuariosupremus.com\\\/?product=reef-calcium-100-ml-suplemento-de-calcio-organico#primaryimage\",\"url\":\"https:\\\/\\\/acuariosupremus.com\\\/wp-content\\\/uploads\\\/2022\\\/05\\\/seachem_reef_calcium_02.jpg\",\"contentUrl\":\"https:\\\/\\\/acuariosupremus.com\\\/wp-content\\\/uploads\\\/2022\\\/05\\\/seachem_reef_calcium_02.jpg\",\"width\":1250,\"height\":1250},{\"@type\":\"BreadcrumbList\",\"@id\":\"https:\\\/\\\/acuariosupremus.com\\\/?product=reef-calcium-100-ml-suplemento-de-calcio-organico#breadcrumb\",\"itemListElement\":[{\"@type\":\"ListItem\",\"position\":1,\"name\":\"Portada\",\"item\":\"https:\\\/\\\/acuariosupremus.com\\\/\"},{\"@type\":\"ListItem\",\"position\":2,\"name\":\"Tienda\",\"item\":\"https:\\\/\\\/acuariosupremus.com\\\/tienda\\\/\"},{\"@type\":\"ListItem\",\"position\":3,\"name\":\"Reef Calcium 100 ml, Suplemento de calcio org\u00e1nico.\"}]},{\"@type\":\"WebSite\",\"@id\":\"https:\\\/\\\/acuariosupremus.com\\\/#website\",\"url\":\"https:\\\/\\\/acuariosupremus.com\\\/\",\"name\":\"Acuario Supremus\",\"description\":\"Peces, Peceras y Mascotas.\",\"publisher\":{\"@id\":\"https:\\\/\\\/acuariosupremus.com\\\/#organization\"},\"potentialAction\":[{\"@type\":\"SearchAction\",\"target\":{\"@type\":\"EntryPoint\",\"urlTemplate\":\"https:\\\/\\\/acuariosupremus.com\\\/?s={search_term_string}\"},\"query-input\":{\"@type\":\"PropertyValueSpecification\",\"valueRequired\":true,\"valueName\":\"search_term_string\"}}],\"inLanguage\":\"es\"},{\"@type\":\"Organization\",\"@id\":\"https:\\\/\\\/acuariosupremus.com\\\/#organization\",\"name\":\"Acuario Supremus\",\"url\":\"https:\\\/\\\/acuariosupremus.com\\\/\",\"logo\":{\"@type\":\"ImageObject\",\"inLanguage\":\"es\",\"@id\":\"https:\\\/\\\/acuariosupremus.com\\\/#\\\/schema\\\/logo\\\/image\\\/\",\"url\":\"https:\\\/\\\/acuariosupremus.com\\\/wp-content\\\/uploads\\\/2021\\\/12\\\/cropped-logo_acuario_supremus_fn-2.png\",\"contentUrl\":\"https:\\\/\\\/acuariosupremus.com\\\/wp-content\\\/uploads\\\/2021\\\/12\\\/cropped-logo_acuario_supremus_fn-2.png\",\"width\":1000,\"height\":318,\"caption\":\"Acuario Supremus\"},\"image\":{\"@id\":\"https:\\\/\\\/acuariosupremus.com\\\/#\\\/schema\\\/logo\\\/image\\\/\"},\"sameAs\":[\"https:\\\/\\\/www.facebook.com\\\/AcuarioSupremus\",\"https:\\\/\\\/x.com\\\/AcuarioSupremus\",\"https:\\\/\\\/www.instagram.com\\\/acuariosupremus\\\/?hl=es\"]}]}<\/script>\n<!-- \/ Yoast SEO plugin. -->","yoast_head_json":{"title":"Reef Calcium 100 ml, Suplemento de calcio org\u00e1nico. | Acuario Supremus","description":"Reef Calcium\u2122 es poligluconato de calcio concentrado formulado para mantener la tasa de calcio en los acuarios de arrecife sin alterar el valor pH.","robots":{"index":"index","follow":"follow","max-snippet":"max-snippet:-1","max-image-preview":"max-image-preview:large","max-video-preview":"max-video-preview:-1"},"canonical":"https:\/\/acuariosupremus.com\/?product=reef-calcium-100-ml-suplemento-de-calcio-organico","og_locale":"es_MX","og_type":"article","og_title":"Reef Calcium 100 ml, Suplemento de calcio org\u00e1nico. | Acuario Supremus","og_description":"Reef Calcium\u2122 es poligluconato de calcio concentrado formulado para mantener la tasa de calcio en los acuarios de arrecife sin alterar el valor pH.","og_url":"https:\/\/acuariosupremus.com\/?product=reef-calcium-100-ml-suplemento-de-calcio-organico","og_site_name":"Acuario Supremus","article_publisher":"https:\/\/www.facebook.com\/AcuarioSupremus","article_modified_time":"2025-12-27T23:23:15+00:00","og_image":[{"width":1250,"height":1250,"url":"https:\/\/acuariosupremus.com\/wp-content\/uploads\/2022\/05\/seachem_reef_calcium_02.jpg","type":"image\/jpeg"}],"twitter_card":"summary_large_image","twitter_site":"@AcuarioSupremus","twitter_misc":{"Tiempo de lectura":"2 minutos"},"schema":{"@context":"https:\/\/schema.org","@graph":[{"@type":"WebPage","@id":"https:\/\/acuariosupremus.com\/?product=reef-calcium-100-ml-suplemento-de-calcio-organico","url":"https:\/\/acuariosupremus.com\/?product=reef-calcium-100-ml-suplemento-de-calcio-organico","name":"Reef Calcium 100 ml, Suplemento de calcio org\u00e1nico. | Acuario Supremus","isPartOf":{"@id":"https:\/\/acuariosupremus.com\/#website"},"primaryImageOfPage":{"@id":"https:\/\/acuariosupremus.com\/?product=reef-calcium-100-ml-suplemento-de-calcio-organico#primaryimage"},"image":{"@id":"https:\/\/acuariosupremus.com\/?product=reef-calcium-100-ml-suplemento-de-calcio-organico#primaryimage"},"thumbnailUrl":"https:\/\/acuariosupremus.com\/wp-content\/uploads\/2022\/05\/seachem_reef_calcium_02.jpg","datePublished":"2022-05-10T19:43:03+00:00","dateModified":"2025-12-27T23:23:15+00:00","description":"Reef Calcium\u2122 es poligluconato de calcio concentrado formulado para mantener la tasa de calcio en los acuarios de arrecife sin alterar el valor pH.","breadcrumb":{"@id":"https:\/\/acuariosupremus.com\/?product=reef-calcium-100-ml-suplemento-de-calcio-organico#breadcrumb"},"inLanguage":"es","potentialAction":[{"@type":"ReadAction","target":["https:\/\/acuariosupremus.com\/?product=reef-calcium-100-ml-suplemento-de-calcio-organico"]}]},{"@type":"ImageObject","inLanguage":"es","@id":"https:\/\/acuariosupremus.com\/?product=reef-calcium-100-ml-suplemento-de-calcio-organico#primaryimage","url":"https:\/\/acuariosupremus.com\/wp-content\/uploads\/2022\/05\/seachem_reef_calcium_02.jpg","contentUrl":"https:\/\/acuariosupremus.com\/wp-content\/uploads\/2022\/05\/seachem_reef_calcium_02.jpg","width":1250,"height":1250},{"@type":"BreadcrumbList","@id":"https:\/\/acuariosupremus.com\/?product=reef-calcium-100-ml-suplemento-de-calcio-organico#breadcrumb","itemListElement":[{"@type":"ListItem","position":1,"name":"Portada","item":"https:\/\/acuariosupremus.com\/"},{"@type":"ListItem","position":2,"name":"Tienda","item":"https:\/\/acuariosupremus.com\/tienda\/"},{"@type":"ListItem","position":3,"name":"Reef Calcium 100 ml, Suplemento de calcio org\u00e1nico."}]},{"@type":"WebSite","@id":"https:\/\/acuariosupremus.com\/#website","url":"https:\/\/acuariosupremus.com\/","name":"Acuario Supremus","description":"Peces, Peceras y Mascotas.","publisher":{"@id":"https:\/\/acuariosupremus.com\/#organization"},"potentialAction":[{"@type":"SearchAction","target":{"@type":"EntryPoint","urlTemplate":"https:\/\/acuariosupremus.com\/?s={search_term_string}"},"query-input":{"@type":"PropertyValueSpecification","valueRequired":true,"valueName":"search_term_string"}}],"inLanguage":"es"},{"@type":"Organization","@id":"https:\/\/acuariosupremus.com\/#organization","name":"Acuario Supremus","url":"https:\/\/acuariosupremus.com\/","logo":{"@type":"ImageObject","inLanguage":"es","@id":"https:\/\/acuariosupremus.com\/#\/schema\/logo\/image\/","url":"https:\/\/acuariosupremus.com\/wp-content\/uploads\/2021\/12\/cropped-logo_acuario_supremus_fn-2.png","contentUrl":"https:\/\/acuariosupremus.com\/wp-content\/uploads\/2021\/12\/cropped-logo_acuario_supremus_fn-2.png","width":1000,"height":318,"caption":"Acuario Supremus"},"image":{"@id":"https:\/\/acuariosupremus.com\/#\/schema\/logo\/image\/"},"sameAs":["https:\/\/www.facebook.com\/AcuarioSupremus","https:\/\/x.com\/AcuarioSupremus","https:\/\/www.instagram.com\/acuariosupremus\/?hl=es"]}]}},"jetpack_sharing_enabled":true,"_links":{"self":[{"href":"https:\/\/acuariosupremus.com\/index.php?rest_route=\/wp\/v2\/product\/9055","targetHints":{"allow":["GET"]}}],"collection":[{"href":"https:\/\/acuariosupremus.com\/index.php?rest_route=\/wp\/v2\/product"}],"about":[{"href":"https:\/\/acuariosupremus.com\/index.php?rest_route=\/wp\/v2\/types\/product"}],"wp:featuredmedia":[{"embeddable":true,"href":"https:\/\/acuariosupremus.com\/index.php?rest_route=\/wp\/v2\/media\/9056"}],"wp:attachment":[{"href":"https:\/\/acuariosupremus.com\/index.php?rest_route=%2Fwp%2Fv2%2Fmedia&parent=9055"}],"wp:term":[{"taxonomy":"product_brand","embeddable":true,"href":"https:\/\/acuariosupremus.com\/index.php?rest_route=%2Fwp%2Fv2%2Fproduct_brand&post=9055"},{"taxonomy":"product_cat","embeddable":true,"href":"https:\/\/acuariosupremus.com\/index.php?rest_route=%2Fwp%2Fv2%2Fproduct_cat&post=9055"},{"taxonomy":"product_tag","embeddable":true,"href":"https:\/\/acuariosupremus.com\/index.php?rest_route=%2Fwp%2Fv2%2Fproduct_tag&post=9055"}],"curies":[{"name":"wp","href":"https:\/\/api.w.org\/{rel}","templated":true}]}}