{"id":9076,"date":"2022-05-10T18:22:07","date_gmt":"2022-05-10T23:22:07","guid":{"rendered":"https:\/\/acuariosupremus.com\/?post_type=product&#038;p=9076"},"modified":"2025-12-27T17:27:42","modified_gmt":"2025-12-27T23:27:42","slug":"reef-kalkwasser-1-kg-suplemento-de-calcio","status":"publish","type":"product","link":"https:\/\/acuariosupremus.com\/?product=reef-kalkwasser-1-kg-suplemento-de-calcio","title":{"rendered":"Reef Kalkwasser 1 kg, Suplemento de calcio."},"content":{"rendered":"<p>Sin embargo, su capacidad para realizar estas funciones depende de velocidad de evaporaci\u00f3n del acuario y la concentraci\u00f3n de CO2 que contenga. Si estos dos factores no son suficientes puede usar Reef Advantage Calcium \u2122, Reef Complete \u2122 e incrementar la alcalinidad con Reef Builder \u2122 o Reef carbonate \u2122 (no mezcle estos productos de forma directa con una soluci\u00f3n de kalkwasser.<br \/>\nMuchos aficionados que utilizan kalkwasser tienen bastante \u00e9xito con sus sistemas marinos, ya que resulta ser una forma efectiva y pr\u00e1ctica de mantener el calcio. Sin embargo, puede ser una t\u00e9cnica dif\u00edcil para el principiante. La alcalinidad de carbonato se debe controlar y ajustar para asegurarse de no agotarla por la precipitaci\u00f3n de los carbonatos y formar carbonato de calcio. La concentraci\u00f3n de magnesio debe tambi\u00e9n ser supervisada y mantenida, puesto que la precipitaci\u00f3n de hidr\u00f3xido de magnesio (derivados de exceso de iones hidroxilo) puede conducir a un cambio en el equilibrio de los diversos sistemas b\u00fafer presentes, dando como resultado cambios de pH dr\u00e1sticos. Adem\u00e1s, el magnesio es un componente esencial en un acuario de arrecife altamente demandado por los corales.<\/p>\n<p>Producto: Reef Kalwasser 1Kg. Tama\u00f1o: 125x125x195 mm.(l x a x h) Peso: 1.140 (Kg.).<\/p>\n","protected":false},"excerpt":{"rendered":"<p>Reef Kalkwasser \u2122 es hidr\u00f3xido de calcio puro con excepcionales propiedades de pureza y solubilidad. El hidr\u00f3xido de calcio se utiliza para preparar agua de calcio (kalkwasser), una soluci\u00f3n que se usa para mantener las concentraciones de calcio en los acuarios de arrecife en los mismos niveles que en el agua natural del mar. Esta soluci\u00f3n saturada eleva de forma directa el calcio y la alcalinidad de carbonato de forma indirecta.<\/p>\n","protected":false},"featured_media":9077,"template":"","meta":[],"product_brand":[123],"product_cat":[40,94],"product_tag":[534,752,537],"class_list":{"0":"post-9076","1":"product","2":"type-product","3":"status-publish","4":"has-post-thumbnail","6":"product_brand-seachem","7":"product_cat-peces","8":"product_cat-arrecife","9":"product_tag-acondicionador-pro-arrecife","10":"product_tag-reef-kalkwasser","11":"product_tag-suplemento-ca-corales","13":"first","14":"instock","15":"sale","16":"shipping-taxable","17":"purchasable","18":"product-type-simple"},"yoast_head":"<!-- This site is optimized with the Yoast SEO plugin v27.5 - https:\/\/yoast.com\/product\/yoast-seo-wordpress\/ -->\n<title>Reef Kalkwasser 1 kg, Suplemento de calcio. | Acuario Supremus<\/title>\n<meta name=\"description\" content=\"Reef Kalkwasser \u2122 es hidr\u00f3xido de calcio puro con excepcionales propiedades de pureza y solubilidad,se usa para mantener las concentraciones de calcio.\" \/>\n<meta name=\"robots\" content=\"index, follow, max-snippet:-1, max-image-preview:large, max-video-preview:-1\" \/>\n<link rel=\"canonical\" href=\"https:\/\/acuariosupremus.com\/?product=reef-kalkwasser-1-kg-suplemento-de-calcio\" \/>\n<meta property=\"og:locale\" content=\"es_MX\" \/>\n<meta property=\"og:type\" content=\"article\" \/>\n<meta property=\"og:title\" content=\"Reef Kalkwasser 1 kg, Suplemento de calcio. | Acuario Supremus\" \/>\n<meta property=\"og:description\" content=\"Reef Kalkwasser \u2122 es hidr\u00f3xido de calcio puro con excepcionales propiedades de pureza y solubilidad,se usa para mantener las concentraciones de calcio.\" \/>\n<meta property=\"og:url\" content=\"https:\/\/acuariosupremus.com\/?product=reef-kalkwasser-1-kg-suplemento-de-calcio\" \/>\n<meta property=\"og:site_name\" content=\"Acuario Supremus\" \/>\n<meta property=\"article:publisher\" content=\"https:\/\/www.facebook.com\/AcuarioSupremus\" \/>\n<meta property=\"article:modified_time\" content=\"2025-12-27T23:27:42+00:00\" \/>\n<meta property=\"og:image\" content=\"https:\/\/acuariosupremus.com\/wp-content\/uploads\/2022\/05\/reef_kalwasser_detalle_02.jpg\" \/>\n\t<meta property=\"og:image:width\" content=\"1250\" \/>\n\t<meta property=\"og:image:height\" content=\"1250\" \/>\n\t<meta property=\"og:image:type\" content=\"image\/jpeg\" \/>\n<meta name=\"twitter:card\" content=\"summary_large_image\" \/>\n<meta name=\"twitter:site\" content=\"@AcuarioSupremus\" \/>\n<meta name=\"twitter:label1\" content=\"Tiempo de lectura\" \/>\n\t<meta name=\"twitter:data1\" content=\"1 minuto\" \/>\n<script type=\"application\/ld+json\" class=\"yoast-schema-graph\">{\"@context\":\"https:\\\/\\\/schema.org\",\"@graph\":[{\"@type\":\"WebPage\",\"@id\":\"https:\\\/\\\/acuariosupremus.com\\\/?product=reef-kalkwasser-1-kg-suplemento-de-calcio\",\"url\":\"https:\\\/\\\/acuariosupremus.com\\\/?product=reef-kalkwasser-1-kg-suplemento-de-calcio\",\"name\":\"Reef Kalkwasser 1 kg, Suplemento de calcio. | Acuario Supremus\",\"isPartOf\":{\"@id\":\"https:\\\/\\\/acuariosupremus.com\\\/#website\"},\"primaryImageOfPage\":{\"@id\":\"https:\\\/\\\/acuariosupremus.com\\\/?product=reef-kalkwasser-1-kg-suplemento-de-calcio#primaryimage\"},\"image\":{\"@id\":\"https:\\\/\\\/acuariosupremus.com\\\/?product=reef-kalkwasser-1-kg-suplemento-de-calcio#primaryimage\"},\"thumbnailUrl\":\"https:\\\/\\\/acuariosupremus.com\\\/wp-content\\\/uploads\\\/2022\\\/05\\\/reef_kalwasser_detalle_02.jpg\",\"datePublished\":\"2022-05-10T23:22:07+00:00\",\"dateModified\":\"2025-12-27T23:27:42+00:00\",\"description\":\"Reef Kalkwasser \u2122 es hidr\u00f3xido de calcio puro con excepcionales propiedades de pureza y solubilidad,se usa para mantener las concentraciones de calcio.\",\"breadcrumb\":{\"@id\":\"https:\\\/\\\/acuariosupremus.com\\\/?product=reef-kalkwasser-1-kg-suplemento-de-calcio#breadcrumb\"},\"inLanguage\":\"es\",\"potentialAction\":[{\"@type\":\"ReadAction\",\"target\":[\"https:\\\/\\\/acuariosupremus.com\\\/?product=reef-kalkwasser-1-kg-suplemento-de-calcio\"]}]},{\"@type\":\"ImageObject\",\"inLanguage\":\"es\",\"@id\":\"https:\\\/\\\/acuariosupremus.com\\\/?product=reef-kalkwasser-1-kg-suplemento-de-calcio#primaryimage\",\"url\":\"https:\\\/\\\/acuariosupremus.com\\\/wp-content\\\/uploads\\\/2022\\\/05\\\/reef_kalwasser_detalle_02.jpg\",\"contentUrl\":\"https:\\\/\\\/acuariosupremus.com\\\/wp-content\\\/uploads\\\/2022\\\/05\\\/reef_kalwasser_detalle_02.jpg\",\"width\":1250,\"height\":1250},{\"@type\":\"BreadcrumbList\",\"@id\":\"https:\\\/\\\/acuariosupremus.com\\\/?product=reef-kalkwasser-1-kg-suplemento-de-calcio#breadcrumb\",\"itemListElement\":[{\"@type\":\"ListItem\",\"position\":1,\"name\":\"Portada\",\"item\":\"https:\\\/\\\/acuariosupremus.com\\\/\"},{\"@type\":\"ListItem\",\"position\":2,\"name\":\"Tienda\",\"item\":\"https:\\\/\\\/acuariosupremus.com\\\/tienda\\\/\"},{\"@type\":\"ListItem\",\"position\":3,\"name\":\"Reef Kalkwasser 1 kg, Suplemento de calcio.\"}]},{\"@type\":\"WebSite\",\"@id\":\"https:\\\/\\\/acuariosupremus.com\\\/#website\",\"url\":\"https:\\\/\\\/acuariosupremus.com\\\/\",\"name\":\"Acuario Supremus\",\"description\":\"Peces, Peceras y Mascotas.\",\"publisher\":{\"@id\":\"https:\\\/\\\/acuariosupremus.com\\\/#organization\"},\"potentialAction\":[{\"@type\":\"SearchAction\",\"target\":{\"@type\":\"EntryPoint\",\"urlTemplate\":\"https:\\\/\\\/acuariosupremus.com\\\/?s={search_term_string}\"},\"query-input\":{\"@type\":\"PropertyValueSpecification\",\"valueRequired\":true,\"valueName\":\"search_term_string\"}}],\"inLanguage\":\"es\"},{\"@type\":\"Organization\",\"@id\":\"https:\\\/\\\/acuariosupremus.com\\\/#organization\",\"name\":\"Acuario Supremus\",\"url\":\"https:\\\/\\\/acuariosupremus.com\\\/\",\"logo\":{\"@type\":\"ImageObject\",\"inLanguage\":\"es\",\"@id\":\"https:\\\/\\\/acuariosupremus.com\\\/#\\\/schema\\\/logo\\\/image\\\/\",\"url\":\"https:\\\/\\\/acuariosupremus.com\\\/wp-content\\\/uploads\\\/2021\\\/12\\\/cropped-logo_acuario_supremus_fn-2.png\",\"contentUrl\":\"https:\\\/\\\/acuariosupremus.com\\\/wp-content\\\/uploads\\\/2021\\\/12\\\/cropped-logo_acuario_supremus_fn-2.png\",\"width\":1000,\"height\":318,\"caption\":\"Acuario Supremus\"},\"image\":{\"@id\":\"https:\\\/\\\/acuariosupremus.com\\\/#\\\/schema\\\/logo\\\/image\\\/\"},\"sameAs\":[\"https:\\\/\\\/www.facebook.com\\\/AcuarioSupremus\",\"https:\\\/\\\/x.com\\\/AcuarioSupremus\",\"https:\\\/\\\/www.instagram.com\\\/acuariosupremus\\\/?hl=es\"]}]}<\/script>\n<!-- \/ Yoast SEO plugin. -->","yoast_head_json":{"title":"Reef Kalkwasser 1 kg, Suplemento de calcio. | Acuario Supremus","description":"Reef Kalkwasser \u2122 es hidr\u00f3xido de calcio puro con excepcionales propiedades de pureza y solubilidad,se usa para mantener las concentraciones de calcio.","robots":{"index":"index","follow":"follow","max-snippet":"max-snippet:-1","max-image-preview":"max-image-preview:large","max-video-preview":"max-video-preview:-1"},"canonical":"https:\/\/acuariosupremus.com\/?product=reef-kalkwasser-1-kg-suplemento-de-calcio","og_locale":"es_MX","og_type":"article","og_title":"Reef Kalkwasser 1 kg, Suplemento de calcio. | Acuario Supremus","og_description":"Reef Kalkwasser \u2122 es hidr\u00f3xido de calcio puro con excepcionales propiedades de pureza y solubilidad,se usa para mantener las concentraciones de calcio.","og_url":"https:\/\/acuariosupremus.com\/?product=reef-kalkwasser-1-kg-suplemento-de-calcio","og_site_name":"Acuario Supremus","article_publisher":"https:\/\/www.facebook.com\/AcuarioSupremus","article_modified_time":"2025-12-27T23:27:42+00:00","og_image":[{"width":1250,"height":1250,"url":"https:\/\/acuariosupremus.com\/wp-content\/uploads\/2022\/05\/reef_kalwasser_detalle_02.jpg","type":"image\/jpeg"}],"twitter_card":"summary_large_image","twitter_site":"@AcuarioSupremus","twitter_misc":{"Tiempo de lectura":"1 minuto"},"schema":{"@context":"https:\/\/schema.org","@graph":[{"@type":"WebPage","@id":"https:\/\/acuariosupremus.com\/?product=reef-kalkwasser-1-kg-suplemento-de-calcio","url":"https:\/\/acuariosupremus.com\/?product=reef-kalkwasser-1-kg-suplemento-de-calcio","name":"Reef Kalkwasser 1 kg, Suplemento de calcio. | Acuario Supremus","isPartOf":{"@id":"https:\/\/acuariosupremus.com\/#website"},"primaryImageOfPage":{"@id":"https:\/\/acuariosupremus.com\/?product=reef-kalkwasser-1-kg-suplemento-de-calcio#primaryimage"},"image":{"@id":"https:\/\/acuariosupremus.com\/?product=reef-kalkwasser-1-kg-suplemento-de-calcio#primaryimage"},"thumbnailUrl":"https:\/\/acuariosupremus.com\/wp-content\/uploads\/2022\/05\/reef_kalwasser_detalle_02.jpg","datePublished":"2022-05-10T23:22:07+00:00","dateModified":"2025-12-27T23:27:42+00:00","description":"Reef Kalkwasser \u2122 es hidr\u00f3xido de calcio puro con excepcionales propiedades de pureza y solubilidad,se usa para mantener las concentraciones de calcio.","breadcrumb":{"@id":"https:\/\/acuariosupremus.com\/?product=reef-kalkwasser-1-kg-suplemento-de-calcio#breadcrumb"},"inLanguage":"es","potentialAction":[{"@type":"ReadAction","target":["https:\/\/acuariosupremus.com\/?product=reef-kalkwasser-1-kg-suplemento-de-calcio"]}]},{"@type":"ImageObject","inLanguage":"es","@id":"https:\/\/acuariosupremus.com\/?product=reef-kalkwasser-1-kg-suplemento-de-calcio#primaryimage","url":"https:\/\/acuariosupremus.com\/wp-content\/uploads\/2022\/05\/reef_kalwasser_detalle_02.jpg","contentUrl":"https:\/\/acuariosupremus.com\/wp-content\/uploads\/2022\/05\/reef_kalwasser_detalle_02.jpg","width":1250,"height":1250},{"@type":"BreadcrumbList","@id":"https:\/\/acuariosupremus.com\/?product=reef-kalkwasser-1-kg-suplemento-de-calcio#breadcrumb","itemListElement":[{"@type":"ListItem","position":1,"name":"Portada","item":"https:\/\/acuariosupremus.com\/"},{"@type":"ListItem","position":2,"name":"Tienda","item":"https:\/\/acuariosupremus.com\/tienda\/"},{"@type":"ListItem","position":3,"name":"Reef Kalkwasser 1 kg, Suplemento de calcio."}]},{"@type":"WebSite","@id":"https:\/\/acuariosupremus.com\/#website","url":"https:\/\/acuariosupremus.com\/","name":"Acuario Supremus","description":"Peces, Peceras y Mascotas.","publisher":{"@id":"https:\/\/acuariosupremus.com\/#organization"},"potentialAction":[{"@type":"SearchAction","target":{"@type":"EntryPoint","urlTemplate":"https:\/\/acuariosupremus.com\/?s={search_term_string}"},"query-input":{"@type":"PropertyValueSpecification","valueRequired":true,"valueName":"search_term_string"}}],"inLanguage":"es"},{"@type":"Organization","@id":"https:\/\/acuariosupremus.com\/#organization","name":"Acuario Supremus","url":"https:\/\/acuariosupremus.com\/","logo":{"@type":"ImageObject","inLanguage":"es","@id":"https:\/\/acuariosupremus.com\/#\/schema\/logo\/image\/","url":"https:\/\/acuariosupremus.com\/wp-content\/uploads\/2021\/12\/cropped-logo_acuario_supremus_fn-2.png","contentUrl":"https:\/\/acuariosupremus.com\/wp-content\/uploads\/2021\/12\/cropped-logo_acuario_supremus_fn-2.png","width":1000,"height":318,"caption":"Acuario Supremus"},"image":{"@id":"https:\/\/acuariosupremus.com\/#\/schema\/logo\/image\/"},"sameAs":["https:\/\/www.facebook.com\/AcuarioSupremus","https:\/\/x.com\/AcuarioSupremus","https:\/\/www.instagram.com\/acuariosupremus\/?hl=es"]}]}},"jetpack_sharing_enabled":true,"_links":{"self":[{"href":"https:\/\/acuariosupremus.com\/index.php?rest_route=\/wp\/v2\/product\/9076","targetHints":{"allow":["GET"]}}],"collection":[{"href":"https:\/\/acuariosupremus.com\/index.php?rest_route=\/wp\/v2\/product"}],"about":[{"href":"https:\/\/acuariosupremus.com\/index.php?rest_route=\/wp\/v2\/types\/product"}],"wp:featuredmedia":[{"embeddable":true,"href":"https:\/\/acuariosupremus.com\/index.php?rest_route=\/wp\/v2\/media\/9077"}],"wp:attachment":[{"href":"https:\/\/acuariosupremus.com\/index.php?rest_route=%2Fwp%2Fv2%2Fmedia&parent=9076"}],"wp:term":[{"taxonomy":"product_brand","embeddable":true,"href":"https:\/\/acuariosupremus.com\/index.php?rest_route=%2Fwp%2Fv2%2Fproduct_brand&post=9076"},{"taxonomy":"product_cat","embeddable":true,"href":"https:\/\/acuariosupremus.com\/index.php?rest_route=%2Fwp%2Fv2%2Fproduct_cat&post=9076"},{"taxonomy":"product_tag","embeddable":true,"href":"https:\/\/acuariosupremus.com\/index.php?rest_route=%2Fwp%2Fv2%2Fproduct_tag&post=9076"}],"curies":[{"name":"wp","href":"https:\/\/api.w.org\/{rel}","templated":true}]}}