{"id":9124,"date":"2022-05-10T20:18:46","date_gmt":"2022-05-11T01:18:46","guid":{"rendered":"https:\/\/acuariosupremus.com\/?post_type=product&#038;p=9124"},"modified":"2025-12-27T17:33:54","modified_gmt":"2025-12-27T23:33:54","slug":"reef-buffer-250-g-buffer-ph-8-3","status":"publish","type":"product","link":"https:\/\/acuariosupremus.com\/?product=reef-buffer-250-g-buffer-ph-8-3","title":{"rendered":"Reef Buffer 250 g, Buffer ph 8.3."},"content":{"rendered":"<p>En cualquier agente b\u00fafer cuanto m\u00e1s pr\u00f3ximo sea el factor pK a su valor pH mayor es su capacidad tamp\u00f3n. Podr\u00edamos suponer entonces que el factor pK de un b\u00fafer para agua salada debe de ser de 8.3; sin embargo, la multitud de \u00e1cidos org\u00e1nicos producidos por los habitantes de un arrecife tiende a bajar el pH y ese b\u00fafer no ser\u00eda suficiente. En un acuario marino exclusivamente para peces si es suficiente con ese b\u00fafer. De este modo, un b\u00fafer con un factor pK 8.3 terminar\u00eda por ceder a un rango de 8.0 \u2013 8.2 en acuarios de arrecife debido a su alta carga biol\u00f3gica, mientras que el pK 8.6 de Reef Buffer\u2122 permitir\u00e1 un pH estable de 8.3 y una mayor estabilidad qu\u00edmica. Los productos competidores no est\u00e1n dise\u00f1ados espec\u00edficamente para arrecife, ya que su factor pK es demasiado bajo (pK 8.3) haciendo imposible alcanzar el pH adecuado en este tipo de acuarios. Para usar este producto, analice el pH y la alcalinidad antes de a\u00f1adir producto. Una dosis de 5g cada 150 litros de agua eleva el pH alrededor de 0.1 unidades y la alcalinidad 1.35 dKH \u00f3 0,5 meq\/l. Disuelva la dosis previamente en un vaso de agua antes de a\u00f1adirla al acuario. El pH correcto en un acuario marino es de 8.25 \u2013 8.30, mientras que la alcalinidad no debe superar nunca los 6 meq\/l. (16.8 dKH). Si alcanza esta alcalinidad, el pH no llega a 8.20 o presenta una turbidez que no desaparece en al menos 15 minutos su acuario est\u00e1 desbalanceado i\u00f3nicamente. Para resolver esta situaci\u00f3n deber\u00e1 realizar un cambio de agua o ajustar el nivel de magnesio en una proporci\u00f3n 3:1 Mg: Ca, mientras que el calcio no debe superar los 400 ppm 400 mg\/l)<\/p>\n<p>Producto: Reef Buffer 250 gl. Tama\u00f1o: 60 x 60 x 122 mm.(l x a x h) Peso: 0.325 (Kg.).<\/p>\n","protected":false},"excerpt":{"rendered":"<p>Reef Buffer\u2122 Es un b\u00fafer que mantendr\u00e1 un pH estable de 8.3 en acuarios de arrecife. Tambi\u00e9n aumentar\u00e1 alcalinidad de carbonato; sin embargo, su uso principal es para aquellos sistemas de arrecife donde la tarea de mantener de un pH de 8.3 es a menudo dif\u00edcil.Cuando el pH no es un problema, Reef Builder\u2122 o Reef Carbonate \u2122 deben ser su primera opci\u00f3n como suplemento de alcalinidad de carbonato. Reef Buffer\u2122 est\u00e1 dise\u00f1ado espec\u00edficamente para satisfacer las necesidades y requerimientos de los acuarios de arrecife. La principal diferencia entre Reef Buffer\u2122 y Marine Buffer \u2122 es que el factor pK de Reef Buffer \u2122 es levemente m\u00e1s alto.<\/p>\n","protected":false},"featured_media":9125,"template":"","meta":[],"product_brand":[123],"product_cat":[40,94],"product_tag":[534,762,745,763],"class_list":{"0":"post-9124","1":"product","2":"type-product","3":"status-publish","4":"has-post-thumbnail","6":"product_brand-seachem","7":"product_cat-peces","8":"product_cat-arrecife","9":"product_tag-acondicionador-pro-arrecife","10":"product_tag-buffer-ph-8-3","11":"product_tag-marine-buffer","12":"product_tag-reef-buffer","14":"first","15":"instock","16":"sale","17":"shipping-taxable","18":"purchasable","19":"product-type-simple"},"yoast_head":"<!-- This site is optimized with the Yoast SEO plugin v27.4 - https:\/\/yoast.com\/product\/yoast-seo-wordpress\/ -->\n<title>Reef Buffer 250 g, Buffer ph 8.3. | Acuario Supremus<\/title>\n<meta name=\"description\" content=\"Reef Buffer\u2122 Es un b\u00fafer que mantendr\u00e1 un pH estable de 8.3 en acuarios de arrecife. Tambi\u00e9n aumentar\u00e1 alcalinidad de carbonato\" \/>\n<meta name=\"robots\" content=\"index, follow, max-snippet:-1, max-image-preview:large, max-video-preview:-1\" \/>\n<link rel=\"canonical\" href=\"https:\/\/acuariosupremus.com\/?product=reef-buffer-250-g-buffer-ph-8-3\" \/>\n<meta property=\"og:locale\" content=\"es_MX\" \/>\n<meta property=\"og:type\" content=\"article\" \/>\n<meta property=\"og:title\" content=\"Reef Buffer 250 g, Buffer ph 8.3. | Acuario Supremus\" \/>\n<meta property=\"og:description\" content=\"Reef Buffer\u2122 Es un b\u00fafer que mantendr\u00e1 un pH estable de 8.3 en acuarios de arrecife. Tambi\u00e9n aumentar\u00e1 alcalinidad de carbonato\" \/>\n<meta property=\"og:url\" content=\"https:\/\/acuariosupremus.com\/?product=reef-buffer-250-g-buffer-ph-8-3\" \/>\n<meta property=\"og:site_name\" content=\"Acuario Supremus\" \/>\n<meta property=\"article:publisher\" content=\"https:\/\/www.facebook.com\/AcuarioSupremus\" \/>\n<meta property=\"article:modified_time\" content=\"2025-12-27T23:33:54+00:00\" \/>\n<meta property=\"og:image\" content=\"https:\/\/acuariosupremus.com\/wp-content\/uploads\/2022\/05\/seachem_reef_buffer_01.jpg\" \/>\n\t<meta property=\"og:image:width\" content=\"1250\" \/>\n\t<meta property=\"og:image:height\" content=\"1250\" \/>\n\t<meta property=\"og:image:type\" content=\"image\/jpeg\" \/>\n<meta name=\"twitter:card\" content=\"summary_large_image\" \/>\n<meta name=\"twitter:site\" content=\"@AcuarioSupremus\" \/>\n<meta name=\"twitter:label1\" content=\"Tiempo de lectura\" \/>\n\t<meta name=\"twitter:data1\" content=\"2 minutos\" \/>\n<script type=\"application\/ld+json\" class=\"yoast-schema-graph\">{\"@context\":\"https:\\\/\\\/schema.org\",\"@graph\":[{\"@type\":\"WebPage\",\"@id\":\"https:\\\/\\\/acuariosupremus.com\\\/?product=reef-buffer-250-g-buffer-ph-8-3\",\"url\":\"https:\\\/\\\/acuariosupremus.com\\\/?product=reef-buffer-250-g-buffer-ph-8-3\",\"name\":\"Reef Buffer 250 g, Buffer ph 8.3. | Acuario Supremus\",\"isPartOf\":{\"@id\":\"https:\\\/\\\/acuariosupremus.com\\\/#website\"},\"primaryImageOfPage\":{\"@id\":\"https:\\\/\\\/acuariosupremus.com\\\/?product=reef-buffer-250-g-buffer-ph-8-3#primaryimage\"},\"image\":{\"@id\":\"https:\\\/\\\/acuariosupremus.com\\\/?product=reef-buffer-250-g-buffer-ph-8-3#primaryimage\"},\"thumbnailUrl\":\"https:\\\/\\\/acuariosupremus.com\\\/wp-content\\\/uploads\\\/2022\\\/05\\\/seachem_reef_buffer_01.jpg\",\"datePublished\":\"2022-05-11T01:18:46+00:00\",\"dateModified\":\"2025-12-27T23:33:54+00:00\",\"description\":\"Reef Buffer\u2122 Es un b\u00fafer que mantendr\u00e1 un pH estable de 8.3 en acuarios de arrecife. Tambi\u00e9n aumentar\u00e1 alcalinidad de carbonato\",\"breadcrumb\":{\"@id\":\"https:\\\/\\\/acuariosupremus.com\\\/?product=reef-buffer-250-g-buffer-ph-8-3#breadcrumb\"},\"inLanguage\":\"es\",\"potentialAction\":[{\"@type\":\"ReadAction\",\"target\":[\"https:\\\/\\\/acuariosupremus.com\\\/?product=reef-buffer-250-g-buffer-ph-8-3\"]}]},{\"@type\":\"ImageObject\",\"inLanguage\":\"es\",\"@id\":\"https:\\\/\\\/acuariosupremus.com\\\/?product=reef-buffer-250-g-buffer-ph-8-3#primaryimage\",\"url\":\"https:\\\/\\\/acuariosupremus.com\\\/wp-content\\\/uploads\\\/2022\\\/05\\\/seachem_reef_buffer_01.jpg\",\"contentUrl\":\"https:\\\/\\\/acuariosupremus.com\\\/wp-content\\\/uploads\\\/2022\\\/05\\\/seachem_reef_buffer_01.jpg\",\"width\":1250,\"height\":1250},{\"@type\":\"BreadcrumbList\",\"@id\":\"https:\\\/\\\/acuariosupremus.com\\\/?product=reef-buffer-250-g-buffer-ph-8-3#breadcrumb\",\"itemListElement\":[{\"@type\":\"ListItem\",\"position\":1,\"name\":\"Portada\",\"item\":\"https:\\\/\\\/acuariosupremus.com\\\/\"},{\"@type\":\"ListItem\",\"position\":2,\"name\":\"Tienda\",\"item\":\"https:\\\/\\\/acuariosupremus.com\\\/tienda\\\/\"},{\"@type\":\"ListItem\",\"position\":3,\"name\":\"Reef Buffer 250 g, Buffer ph 8.3.\"}]},{\"@type\":\"WebSite\",\"@id\":\"https:\\\/\\\/acuariosupremus.com\\\/#website\",\"url\":\"https:\\\/\\\/acuariosupremus.com\\\/\",\"name\":\"Acuario Supremus\",\"description\":\"Peces, Peceras y Mascotas.\",\"publisher\":{\"@id\":\"https:\\\/\\\/acuariosupremus.com\\\/#organization\"},\"potentialAction\":[{\"@type\":\"SearchAction\",\"target\":{\"@type\":\"EntryPoint\",\"urlTemplate\":\"https:\\\/\\\/acuariosupremus.com\\\/?s={search_term_string}\"},\"query-input\":{\"@type\":\"PropertyValueSpecification\",\"valueRequired\":true,\"valueName\":\"search_term_string\"}}],\"inLanguage\":\"es\"},{\"@type\":\"Organization\",\"@id\":\"https:\\\/\\\/acuariosupremus.com\\\/#organization\",\"name\":\"Acuario Supremus\",\"url\":\"https:\\\/\\\/acuariosupremus.com\\\/\",\"logo\":{\"@type\":\"ImageObject\",\"inLanguage\":\"es\",\"@id\":\"https:\\\/\\\/acuariosupremus.com\\\/#\\\/schema\\\/logo\\\/image\\\/\",\"url\":\"https:\\\/\\\/acuariosupremus.com\\\/wp-content\\\/uploads\\\/2021\\\/12\\\/cropped-logo_acuario_supremus_fn-2.png\",\"contentUrl\":\"https:\\\/\\\/acuariosupremus.com\\\/wp-content\\\/uploads\\\/2021\\\/12\\\/cropped-logo_acuario_supremus_fn-2.png\",\"width\":1000,\"height\":318,\"caption\":\"Acuario Supremus\"},\"image\":{\"@id\":\"https:\\\/\\\/acuariosupremus.com\\\/#\\\/schema\\\/logo\\\/image\\\/\"},\"sameAs\":[\"https:\\\/\\\/www.facebook.com\\\/AcuarioSupremus\",\"https:\\\/\\\/x.com\\\/AcuarioSupremus\",\"https:\\\/\\\/www.instagram.com\\\/acuariosupremus\\\/?hl=es\"]}]}<\/script>\n<!-- \/ Yoast SEO plugin. -->","yoast_head_json":{"title":"Reef Buffer 250 g, Buffer ph 8.3. | Acuario Supremus","description":"Reef Buffer\u2122 Es un b\u00fafer que mantendr\u00e1 un pH estable de 8.3 en acuarios de arrecife. Tambi\u00e9n aumentar\u00e1 alcalinidad de carbonato","robots":{"index":"index","follow":"follow","max-snippet":"max-snippet:-1","max-image-preview":"max-image-preview:large","max-video-preview":"max-video-preview:-1"},"canonical":"https:\/\/acuariosupremus.com\/?product=reef-buffer-250-g-buffer-ph-8-3","og_locale":"es_MX","og_type":"article","og_title":"Reef Buffer 250 g, Buffer ph 8.3. | Acuario Supremus","og_description":"Reef Buffer\u2122 Es un b\u00fafer que mantendr\u00e1 un pH estable de 8.3 en acuarios de arrecife. Tambi\u00e9n aumentar\u00e1 alcalinidad de carbonato","og_url":"https:\/\/acuariosupremus.com\/?product=reef-buffer-250-g-buffer-ph-8-3","og_site_name":"Acuario Supremus","article_publisher":"https:\/\/www.facebook.com\/AcuarioSupremus","article_modified_time":"2025-12-27T23:33:54+00:00","og_image":[{"width":1250,"height":1250,"url":"https:\/\/acuariosupremus.com\/wp-content\/uploads\/2022\/05\/seachem_reef_buffer_01.jpg","type":"image\/jpeg"}],"twitter_card":"summary_large_image","twitter_site":"@AcuarioSupremus","twitter_misc":{"Tiempo de lectura":"2 minutos"},"schema":{"@context":"https:\/\/schema.org","@graph":[{"@type":"WebPage","@id":"https:\/\/acuariosupremus.com\/?product=reef-buffer-250-g-buffer-ph-8-3","url":"https:\/\/acuariosupremus.com\/?product=reef-buffer-250-g-buffer-ph-8-3","name":"Reef Buffer 250 g, Buffer ph 8.3. | Acuario Supremus","isPartOf":{"@id":"https:\/\/acuariosupremus.com\/#website"},"primaryImageOfPage":{"@id":"https:\/\/acuariosupremus.com\/?product=reef-buffer-250-g-buffer-ph-8-3#primaryimage"},"image":{"@id":"https:\/\/acuariosupremus.com\/?product=reef-buffer-250-g-buffer-ph-8-3#primaryimage"},"thumbnailUrl":"https:\/\/acuariosupremus.com\/wp-content\/uploads\/2022\/05\/seachem_reef_buffer_01.jpg","datePublished":"2022-05-11T01:18:46+00:00","dateModified":"2025-12-27T23:33:54+00:00","description":"Reef Buffer\u2122 Es un b\u00fafer que mantendr\u00e1 un pH estable de 8.3 en acuarios de arrecife. Tambi\u00e9n aumentar\u00e1 alcalinidad de carbonato","breadcrumb":{"@id":"https:\/\/acuariosupremus.com\/?product=reef-buffer-250-g-buffer-ph-8-3#breadcrumb"},"inLanguage":"es","potentialAction":[{"@type":"ReadAction","target":["https:\/\/acuariosupremus.com\/?product=reef-buffer-250-g-buffer-ph-8-3"]}]},{"@type":"ImageObject","inLanguage":"es","@id":"https:\/\/acuariosupremus.com\/?product=reef-buffer-250-g-buffer-ph-8-3#primaryimage","url":"https:\/\/acuariosupremus.com\/wp-content\/uploads\/2022\/05\/seachem_reef_buffer_01.jpg","contentUrl":"https:\/\/acuariosupremus.com\/wp-content\/uploads\/2022\/05\/seachem_reef_buffer_01.jpg","width":1250,"height":1250},{"@type":"BreadcrumbList","@id":"https:\/\/acuariosupremus.com\/?product=reef-buffer-250-g-buffer-ph-8-3#breadcrumb","itemListElement":[{"@type":"ListItem","position":1,"name":"Portada","item":"https:\/\/acuariosupremus.com\/"},{"@type":"ListItem","position":2,"name":"Tienda","item":"https:\/\/acuariosupremus.com\/tienda\/"},{"@type":"ListItem","position":3,"name":"Reef Buffer 250 g, Buffer ph 8.3."}]},{"@type":"WebSite","@id":"https:\/\/acuariosupremus.com\/#website","url":"https:\/\/acuariosupremus.com\/","name":"Acuario Supremus","description":"Peces, Peceras y Mascotas.","publisher":{"@id":"https:\/\/acuariosupremus.com\/#organization"},"potentialAction":[{"@type":"SearchAction","target":{"@type":"EntryPoint","urlTemplate":"https:\/\/acuariosupremus.com\/?s={search_term_string}"},"query-input":{"@type":"PropertyValueSpecification","valueRequired":true,"valueName":"search_term_string"}}],"inLanguage":"es"},{"@type":"Organization","@id":"https:\/\/acuariosupremus.com\/#organization","name":"Acuario Supremus","url":"https:\/\/acuariosupremus.com\/","logo":{"@type":"ImageObject","inLanguage":"es","@id":"https:\/\/acuariosupremus.com\/#\/schema\/logo\/image\/","url":"https:\/\/acuariosupremus.com\/wp-content\/uploads\/2021\/12\/cropped-logo_acuario_supremus_fn-2.png","contentUrl":"https:\/\/acuariosupremus.com\/wp-content\/uploads\/2021\/12\/cropped-logo_acuario_supremus_fn-2.png","width":1000,"height":318,"caption":"Acuario Supremus"},"image":{"@id":"https:\/\/acuariosupremus.com\/#\/schema\/logo\/image\/"},"sameAs":["https:\/\/www.facebook.com\/AcuarioSupremus","https:\/\/x.com\/AcuarioSupremus","https:\/\/www.instagram.com\/acuariosupremus\/?hl=es"]}]}},"jetpack_sharing_enabled":true,"_links":{"self":[{"href":"https:\/\/acuariosupremus.com\/index.php?rest_route=\/wp\/v2\/product\/9124","targetHints":{"allow":["GET"]}}],"collection":[{"href":"https:\/\/acuariosupremus.com\/index.php?rest_route=\/wp\/v2\/product"}],"about":[{"href":"https:\/\/acuariosupremus.com\/index.php?rest_route=\/wp\/v2\/types\/product"}],"wp:featuredmedia":[{"embeddable":true,"href":"https:\/\/acuariosupremus.com\/index.php?rest_route=\/wp\/v2\/media\/9125"}],"wp:attachment":[{"href":"https:\/\/acuariosupremus.com\/index.php?rest_route=%2Fwp%2Fv2%2Fmedia&parent=9124"}],"wp:term":[{"taxonomy":"product_brand","embeddable":true,"href":"https:\/\/acuariosupremus.com\/index.php?rest_route=%2Fwp%2Fv2%2Fproduct_brand&post=9124"},{"taxonomy":"product_cat","embeddable":true,"href":"https:\/\/acuariosupremus.com\/index.php?rest_route=%2Fwp%2Fv2%2Fproduct_cat&post=9124"},{"taxonomy":"product_tag","embeddable":true,"href":"https:\/\/acuariosupremus.com\/index.php?rest_route=%2Fwp%2Fv2%2Fproduct_tag&post=9124"}],"curies":[{"name":"wp","href":"https:\/\/api.w.org\/{rel}","templated":true}]}}