{"id":9130,"date":"2022-05-10T20:31:58","date_gmt":"2022-05-11T01:31:58","guid":{"rendered":"https:\/\/acuariosupremus.com\/?post_type=product&#038;p=9130"},"modified":"2025-12-27T17:34:18","modified_gmt":"2025-12-27T23:34:18","slug":"reef-trace-250-ml-elementos-traza","status":"publish","type":"product","link":"https:\/\/acuariosupremus.com\/?product=reef-trace-250-ml-elementos-traza","title":{"rendered":"Reef Trace 250 ml, Elementos traza."},"content":{"rendered":"<p>Estos dos procesos se producen m\u00e1s r\u00e1pidamente que en otros micro-nutrientes. Por lo tanto, en un acuario es importante restaurar estos nutrientes regularmente. Reef Trace\u2122 puede usarse solo o en combinaci\u00f3n con Reef Plus\u2122. Esta combinaci\u00f3n tiene un car\u00e1cter sin\u00e9rgico; Es decir, mejora el rendimiento de ambos productos. Reef Trace\u2122 no contiene fosfatos ni nitratos.<br \/>\nLa reposici\u00f3n regular de cierto n\u00famero de elementos traza es necesaria para mantener un ambiente ideal para el crecimiento y la reproducci\u00f3n de la vida marina. Sin embargo, mientras que la importancia de los oligoelementos ha sido reconocida por los acuaristas durante muchos a\u00f1os, las razones fisiol\u00f3gicas todav\u00eda no se comprenden del todo. Los elementos qu\u00edmicos en agua de mar son muy variados y adem\u00e1s, su adici\u00f3n al acuario en cantidades traza var\u00eda sus efectos en una gran variedad de especies de invertebrados y plantas de agua salada. En general, se puede afirmar que todos estos elementos son importantes para sus procesos metab\u00f3licos y la formaci\u00f3n de pigmento. Para usar este producto a\u00f1ada 5 ml. (un tap\u00f3n lleno) por cada 80 litros dos veces por semana.<\/p>\n<p>&nbsp;<\/p>\n","protected":false},"excerpt":{"rendered":"<p>Reef Trace\u2122 es un suplemento de amplio espectro para acuarios de arrecife que suministra una amplia gama de elementos traza que han sido demostrados como necesarios para el crecimiento y salud de los organismos de un arrecife. Los elementos traza normalmente se agotan por su uso metab\u00f3lico, oxidaci\u00f3n y precipitaci\u00f3n.<\/p>\n","protected":false},"featured_media":9131,"template":"","meta":[],"product_brand":[123],"product_cat":[40,94],"product_tag":[534,753,764],"class_list":{"0":"post-9130","1":"product","2":"type-product","3":"status-publish","4":"has-post-thumbnail","6":"product_brand-seachem","7":"product_cat-peces","8":"product_cat-arrecife","9":"product_tag-acondicionador-pro-arrecife","10":"product_tag-elementos-traza-marinos","11":"product_tag-reef-trace","13":"first","14":"instock","15":"sale","16":"shipping-taxable","17":"purchasable","18":"product-type-simple"},"yoast_head":"<!-- This site is optimized with the Yoast SEO plugin v27.4 - https:\/\/yoast.com\/product\/yoast-seo-wordpress\/ -->\n<title>Reef Trace 250 ml, Elementos traza. | Acuario Supremus<\/title>\n<meta name=\"description\" content=\"Reef Trace\u2122 suplemento de amplio espectro para acuarios de arrecife que suministra elementos traza necesarios para el crecimiento y salud de los organismos de un arrecife.\" \/>\n<meta name=\"robots\" content=\"index, follow, max-snippet:-1, max-image-preview:large, max-video-preview:-1\" \/>\n<link rel=\"canonical\" href=\"https:\/\/acuariosupremus.com\/?product=reef-trace-250-ml-elementos-traza\" \/>\n<meta property=\"og:locale\" content=\"es_MX\" \/>\n<meta property=\"og:type\" content=\"article\" \/>\n<meta property=\"og:title\" content=\"Reef Trace 250 ml, Elementos traza. | Acuario Supremus\" \/>\n<meta property=\"og:description\" content=\"Reef Trace\u2122 suplemento de amplio espectro para acuarios de arrecife que suministra elementos traza necesarios para el crecimiento y salud de los organismos de un arrecife.\" \/>\n<meta property=\"og:url\" content=\"https:\/\/acuariosupremus.com\/?product=reef-trace-250-ml-elementos-traza\" \/>\n<meta property=\"og:site_name\" content=\"Acuario Supremus\" \/>\n<meta property=\"article:publisher\" content=\"https:\/\/www.facebook.com\/AcuarioSupremus\" \/>\n<meta property=\"article:modified_time\" content=\"2025-12-27T23:34:18+00:00\" \/>\n<meta property=\"og:image\" content=\"https:\/\/acuariosupremus.com\/wp-content\/uploads\/2022\/05\/reef_trace_detalle_02.jpg\" \/>\n\t<meta property=\"og:image:width\" content=\"1250\" \/>\n\t<meta property=\"og:image:height\" content=\"1250\" \/>\n\t<meta property=\"og:image:type\" content=\"image\/jpeg\" \/>\n<meta name=\"twitter:card\" content=\"summary_large_image\" \/>\n<meta name=\"twitter:site\" content=\"@AcuarioSupremus\" \/>\n<meta name=\"twitter:label1\" content=\"Tiempo de lectura\" \/>\n\t<meta name=\"twitter:data1\" content=\"1 minuto\" \/>\n<script type=\"application\/ld+json\" class=\"yoast-schema-graph\">{\"@context\":\"https:\\\/\\\/schema.org\",\"@graph\":[{\"@type\":\"WebPage\",\"@id\":\"https:\\\/\\\/acuariosupremus.com\\\/?product=reef-trace-250-ml-elementos-traza\",\"url\":\"https:\\\/\\\/acuariosupremus.com\\\/?product=reef-trace-250-ml-elementos-traza\",\"name\":\"Reef Trace 250 ml, Elementos traza. | Acuario Supremus\",\"isPartOf\":{\"@id\":\"https:\\\/\\\/acuariosupremus.com\\\/#website\"},\"primaryImageOfPage\":{\"@id\":\"https:\\\/\\\/acuariosupremus.com\\\/?product=reef-trace-250-ml-elementos-traza#primaryimage\"},\"image\":{\"@id\":\"https:\\\/\\\/acuariosupremus.com\\\/?product=reef-trace-250-ml-elementos-traza#primaryimage\"},\"thumbnailUrl\":\"https:\\\/\\\/acuariosupremus.com\\\/wp-content\\\/uploads\\\/2022\\\/05\\\/reef_trace_detalle_02.jpg\",\"datePublished\":\"2022-05-11T01:31:58+00:00\",\"dateModified\":\"2025-12-27T23:34:18+00:00\",\"description\":\"Reef Trace\u2122 suplemento de amplio espectro para acuarios de arrecife que suministra elementos traza necesarios para el crecimiento y salud de los organismos de un arrecife.\",\"breadcrumb\":{\"@id\":\"https:\\\/\\\/acuariosupremus.com\\\/?product=reef-trace-250-ml-elementos-traza#breadcrumb\"},\"inLanguage\":\"es\",\"potentialAction\":[{\"@type\":\"ReadAction\",\"target\":[\"https:\\\/\\\/acuariosupremus.com\\\/?product=reef-trace-250-ml-elementos-traza\"]}]},{\"@type\":\"ImageObject\",\"inLanguage\":\"es\",\"@id\":\"https:\\\/\\\/acuariosupremus.com\\\/?product=reef-trace-250-ml-elementos-traza#primaryimage\",\"url\":\"https:\\\/\\\/acuariosupremus.com\\\/wp-content\\\/uploads\\\/2022\\\/05\\\/reef_trace_detalle_02.jpg\",\"contentUrl\":\"https:\\\/\\\/acuariosupremus.com\\\/wp-content\\\/uploads\\\/2022\\\/05\\\/reef_trace_detalle_02.jpg\",\"width\":1250,\"height\":1250},{\"@type\":\"BreadcrumbList\",\"@id\":\"https:\\\/\\\/acuariosupremus.com\\\/?product=reef-trace-250-ml-elementos-traza#breadcrumb\",\"itemListElement\":[{\"@type\":\"ListItem\",\"position\":1,\"name\":\"Portada\",\"item\":\"https:\\\/\\\/acuariosupremus.com\\\/\"},{\"@type\":\"ListItem\",\"position\":2,\"name\":\"Tienda\",\"item\":\"https:\\\/\\\/acuariosupremus.com\\\/tienda\\\/\"},{\"@type\":\"ListItem\",\"position\":3,\"name\":\"Reef Trace 250 ml, Elementos traza.\"}]},{\"@type\":\"WebSite\",\"@id\":\"https:\\\/\\\/acuariosupremus.com\\\/#website\",\"url\":\"https:\\\/\\\/acuariosupremus.com\\\/\",\"name\":\"Acuario Supremus\",\"description\":\"Peces, Peceras y Mascotas.\",\"publisher\":{\"@id\":\"https:\\\/\\\/acuariosupremus.com\\\/#organization\"},\"potentialAction\":[{\"@type\":\"SearchAction\",\"target\":{\"@type\":\"EntryPoint\",\"urlTemplate\":\"https:\\\/\\\/acuariosupremus.com\\\/?s={search_term_string}\"},\"query-input\":{\"@type\":\"PropertyValueSpecification\",\"valueRequired\":true,\"valueName\":\"search_term_string\"}}],\"inLanguage\":\"es\"},{\"@type\":\"Organization\",\"@id\":\"https:\\\/\\\/acuariosupremus.com\\\/#organization\",\"name\":\"Acuario Supremus\",\"url\":\"https:\\\/\\\/acuariosupremus.com\\\/\",\"logo\":{\"@type\":\"ImageObject\",\"inLanguage\":\"es\",\"@id\":\"https:\\\/\\\/acuariosupremus.com\\\/#\\\/schema\\\/logo\\\/image\\\/\",\"url\":\"https:\\\/\\\/acuariosupremus.com\\\/wp-content\\\/uploads\\\/2021\\\/12\\\/cropped-logo_acuario_supremus_fn-2.png\",\"contentUrl\":\"https:\\\/\\\/acuariosupremus.com\\\/wp-content\\\/uploads\\\/2021\\\/12\\\/cropped-logo_acuario_supremus_fn-2.png\",\"width\":1000,\"height\":318,\"caption\":\"Acuario Supremus\"},\"image\":{\"@id\":\"https:\\\/\\\/acuariosupremus.com\\\/#\\\/schema\\\/logo\\\/image\\\/\"},\"sameAs\":[\"https:\\\/\\\/www.facebook.com\\\/AcuarioSupremus\",\"https:\\\/\\\/x.com\\\/AcuarioSupremus\",\"https:\\\/\\\/www.instagram.com\\\/acuariosupremus\\\/?hl=es\"]}]}<\/script>\n<!-- \/ Yoast SEO plugin. -->","yoast_head_json":{"title":"Reef Trace 250 ml, Elementos traza. | Acuario Supremus","description":"Reef Trace\u2122 suplemento de amplio espectro para acuarios de arrecife que suministra elementos traza necesarios para el crecimiento y salud de los organismos de un arrecife.","robots":{"index":"index","follow":"follow","max-snippet":"max-snippet:-1","max-image-preview":"max-image-preview:large","max-video-preview":"max-video-preview:-1"},"canonical":"https:\/\/acuariosupremus.com\/?product=reef-trace-250-ml-elementos-traza","og_locale":"es_MX","og_type":"article","og_title":"Reef Trace 250 ml, Elementos traza. | Acuario Supremus","og_description":"Reef Trace\u2122 suplemento de amplio espectro para acuarios de arrecife que suministra elementos traza necesarios para el crecimiento y salud de los organismos de un arrecife.","og_url":"https:\/\/acuariosupremus.com\/?product=reef-trace-250-ml-elementos-traza","og_site_name":"Acuario Supremus","article_publisher":"https:\/\/www.facebook.com\/AcuarioSupremus","article_modified_time":"2025-12-27T23:34:18+00:00","og_image":[{"width":1250,"height":1250,"url":"https:\/\/acuariosupremus.com\/wp-content\/uploads\/2022\/05\/reef_trace_detalle_02.jpg","type":"image\/jpeg"}],"twitter_card":"summary_large_image","twitter_site":"@AcuarioSupremus","twitter_misc":{"Tiempo de lectura":"1 minuto"},"schema":{"@context":"https:\/\/schema.org","@graph":[{"@type":"WebPage","@id":"https:\/\/acuariosupremus.com\/?product=reef-trace-250-ml-elementos-traza","url":"https:\/\/acuariosupremus.com\/?product=reef-trace-250-ml-elementos-traza","name":"Reef Trace 250 ml, Elementos traza. | Acuario Supremus","isPartOf":{"@id":"https:\/\/acuariosupremus.com\/#website"},"primaryImageOfPage":{"@id":"https:\/\/acuariosupremus.com\/?product=reef-trace-250-ml-elementos-traza#primaryimage"},"image":{"@id":"https:\/\/acuariosupremus.com\/?product=reef-trace-250-ml-elementos-traza#primaryimage"},"thumbnailUrl":"https:\/\/acuariosupremus.com\/wp-content\/uploads\/2022\/05\/reef_trace_detalle_02.jpg","datePublished":"2022-05-11T01:31:58+00:00","dateModified":"2025-12-27T23:34:18+00:00","description":"Reef Trace\u2122 suplemento de amplio espectro para acuarios de arrecife que suministra elementos traza necesarios para el crecimiento y salud de los organismos de un arrecife.","breadcrumb":{"@id":"https:\/\/acuariosupremus.com\/?product=reef-trace-250-ml-elementos-traza#breadcrumb"},"inLanguage":"es","potentialAction":[{"@type":"ReadAction","target":["https:\/\/acuariosupremus.com\/?product=reef-trace-250-ml-elementos-traza"]}]},{"@type":"ImageObject","inLanguage":"es","@id":"https:\/\/acuariosupremus.com\/?product=reef-trace-250-ml-elementos-traza#primaryimage","url":"https:\/\/acuariosupremus.com\/wp-content\/uploads\/2022\/05\/reef_trace_detalle_02.jpg","contentUrl":"https:\/\/acuariosupremus.com\/wp-content\/uploads\/2022\/05\/reef_trace_detalle_02.jpg","width":1250,"height":1250},{"@type":"BreadcrumbList","@id":"https:\/\/acuariosupremus.com\/?product=reef-trace-250-ml-elementos-traza#breadcrumb","itemListElement":[{"@type":"ListItem","position":1,"name":"Portada","item":"https:\/\/acuariosupremus.com\/"},{"@type":"ListItem","position":2,"name":"Tienda","item":"https:\/\/acuariosupremus.com\/tienda\/"},{"@type":"ListItem","position":3,"name":"Reef Trace 250 ml, Elementos traza."}]},{"@type":"WebSite","@id":"https:\/\/acuariosupremus.com\/#website","url":"https:\/\/acuariosupremus.com\/","name":"Acuario Supremus","description":"Peces, Peceras y Mascotas.","publisher":{"@id":"https:\/\/acuariosupremus.com\/#organization"},"potentialAction":[{"@type":"SearchAction","target":{"@type":"EntryPoint","urlTemplate":"https:\/\/acuariosupremus.com\/?s={search_term_string}"},"query-input":{"@type":"PropertyValueSpecification","valueRequired":true,"valueName":"search_term_string"}}],"inLanguage":"es"},{"@type":"Organization","@id":"https:\/\/acuariosupremus.com\/#organization","name":"Acuario Supremus","url":"https:\/\/acuariosupremus.com\/","logo":{"@type":"ImageObject","inLanguage":"es","@id":"https:\/\/acuariosupremus.com\/#\/schema\/logo\/image\/","url":"https:\/\/acuariosupremus.com\/wp-content\/uploads\/2021\/12\/cropped-logo_acuario_supremus_fn-2.png","contentUrl":"https:\/\/acuariosupremus.com\/wp-content\/uploads\/2021\/12\/cropped-logo_acuario_supremus_fn-2.png","width":1000,"height":318,"caption":"Acuario Supremus"},"image":{"@id":"https:\/\/acuariosupremus.com\/#\/schema\/logo\/image\/"},"sameAs":["https:\/\/www.facebook.com\/AcuarioSupremus","https:\/\/x.com\/AcuarioSupremus","https:\/\/www.instagram.com\/acuariosupremus\/?hl=es"]}]}},"jetpack_sharing_enabled":true,"_links":{"self":[{"href":"https:\/\/acuariosupremus.com\/index.php?rest_route=\/wp\/v2\/product\/9130","targetHints":{"allow":["GET"]}}],"collection":[{"href":"https:\/\/acuariosupremus.com\/index.php?rest_route=\/wp\/v2\/product"}],"about":[{"href":"https:\/\/acuariosupremus.com\/index.php?rest_route=\/wp\/v2\/types\/product"}],"wp:featuredmedia":[{"embeddable":true,"href":"https:\/\/acuariosupremus.com\/index.php?rest_route=\/wp\/v2\/media\/9131"}],"wp:attachment":[{"href":"https:\/\/acuariosupremus.com\/index.php?rest_route=%2Fwp%2Fv2%2Fmedia&parent=9130"}],"wp:term":[{"taxonomy":"product_brand","embeddable":true,"href":"https:\/\/acuariosupremus.com\/index.php?rest_route=%2Fwp%2Fv2%2Fproduct_brand&post=9130"},{"taxonomy":"product_cat","embeddable":true,"href":"https:\/\/acuariosupremus.com\/index.php?rest_route=%2Fwp%2Fv2%2Fproduct_cat&post=9130"},{"taxonomy":"product_tag","embeddable":true,"href":"https:\/\/acuariosupremus.com\/index.php?rest_route=%2Fwp%2Fv2%2Fproduct_tag&post=9130"}],"curies":[{"name":"wp","href":"https:\/\/api.w.org\/{rel}","templated":true}]}}