{"id":9140,"date":"2022-05-11T14:19:23","date_gmt":"2022-05-11T19:19:23","guid":{"rendered":"https:\/\/acuariosupremus.com\/?post_type=product&#038;p=9140"},"modified":"2025-12-27T17:35:07","modified_gmt":"2025-12-27T23:35:07","slug":"marine-trace-250-ml-elementos-traza","status":"publish","type":"product","link":"https:\/\/acuariosupremus.com\/?product=marine-trace-250-ml-elementos-traza","title":{"rendered":"Marine Trace 250 ml, Elementos traza."},"content":{"rendered":"<p>Marine Trace \u2122 contiene solo aquellos elementos que realmente han sido demostrados como necesarios para el metabolismo de los peces. La reposici\u00f3n de una serie de elementos traza es necesaria para mantener un ambiente ideal para el crecimiento y la reproducci\u00f3n de la vida marina; sin embargo, mientras que la importancia de los oligoelementos ha sido reconocida por los acuaristas durante muchos a\u00f1os, las razones fisiol\u00f3gicas implicadas a\u00fan no se entienden del todo. Los elementos qu\u00edmicos en el agua de mar son muy variados, y adem\u00e1s su adici\u00f3n al acuario en cantidades traza causa diferentes efectos en una gran variedad de especies de invertebrados y plantas de agua salada. En general, todos estos elementos son importantes para los procesos metab\u00f3licos y la formaci\u00f3n de pigmento. El hierro por ejemplo, ha demostrado sus propiedades beneficiosas en cuanto a coloraci\u00f3n y crecimiento en los corales, anemonas y otros animales fotosint\u00e9ticos. Para usar este producto a\u00f1ada 1 tap\u00f3n lleno (5 mL) por cada 80 litros de agua dos veces por semana.<\/p>\n<p>Producto: Marine Trace 250 ml. Tama\u00f1o: 40 x 40 x 123 mm. (l x a x h) Peso: 0.315 (Kg.)<\/p>\n<p>&nbsp;<\/p>\n","protected":false},"excerpt":{"rendered":"<p>Marine Trace\u2122 es un suplemento para peces agua salada que suministra una amplia gama de oligoelementos que han demostrado ser necesarios para una salud y adecuado el crecimiento de los peces. A diferencia de los animales terrestres, los peces obtienen los nutrientes de sus alimentos y el medio ambiente (es decir, del agua donde viven). Los elementos traza normalmente se agotan por uso metab\u00f3lico, oxidaci\u00f3n y precipitaci\u00f3n, por lo tanto es importante restaurar estos nutrientes regularmente.<\/p>\n","protected":false},"featured_media":9141,"template":"","meta":[],"product_brand":[123],"product_cat":[40,94],"product_tag":[753,765],"class_list":{"0":"post-9140","1":"product","2":"type-product","3":"status-publish","4":"has-post-thumbnail","6":"product_brand-seachem","7":"product_cat-peces","8":"product_cat-arrecife","9":"product_tag-elementos-traza-marinos","10":"product_tag-marine-trace","12":"first","13":"instock","14":"sale","15":"shipping-taxable","16":"purchasable","17":"product-type-simple"},"yoast_head":"<!-- This site is optimized with the Yoast SEO plugin v27.5 - https:\/\/yoast.com\/product\/yoast-seo-wordpress\/ -->\n<title>Marine Trace 250 ml, Elementos traza. | Acuario Supremus<\/title>\n<meta name=\"description\" content=\"Marine Trace\u2122 suplemento para peces agua salada que suministra oligoelementos que han demostrado ser necesarios para una salud y adecuado el crecimiento.\" \/>\n<meta name=\"robots\" content=\"index, follow, max-snippet:-1, max-image-preview:large, max-video-preview:-1\" \/>\n<link rel=\"canonical\" href=\"https:\/\/acuariosupremus.com\/?product=marine-trace-250-ml-elementos-traza\" \/>\n<meta property=\"og:locale\" content=\"es_MX\" \/>\n<meta property=\"og:type\" content=\"article\" \/>\n<meta property=\"og:title\" content=\"Marine Trace 250 ml, Elementos traza. | Acuario Supremus\" \/>\n<meta property=\"og:description\" content=\"Marine Trace\u2122 suplemento para peces agua salada que suministra oligoelementos que han demostrado ser necesarios para una salud y adecuado el crecimiento.\" \/>\n<meta property=\"og:url\" content=\"https:\/\/acuariosupremus.com\/?product=marine-trace-250-ml-elementos-traza\" \/>\n<meta property=\"og:site_name\" content=\"Acuario Supremus\" \/>\n<meta property=\"article:publisher\" content=\"https:\/\/www.facebook.com\/AcuarioSupremus\" \/>\n<meta property=\"article:modified_time\" content=\"2025-12-27T23:35:07+00:00\" \/>\n<meta property=\"og:image\" content=\"https:\/\/acuariosupremus.com\/wp-content\/uploads\/2022\/05\/seachem_marine_trace_01.jpg\" \/>\n\t<meta property=\"og:image:width\" content=\"1250\" \/>\n\t<meta property=\"og:image:height\" content=\"1250\" \/>\n\t<meta property=\"og:image:type\" content=\"image\/jpeg\" \/>\n<meta name=\"twitter:card\" content=\"summary_large_image\" \/>\n<meta name=\"twitter:site\" content=\"@AcuarioSupremus\" \/>\n<meta name=\"twitter:label1\" content=\"Tiempo de lectura\" \/>\n\t<meta name=\"twitter:data1\" content=\"1 minuto\" \/>\n<script type=\"application\/ld+json\" class=\"yoast-schema-graph\">{\"@context\":\"https:\\\/\\\/schema.org\",\"@graph\":[{\"@type\":\"WebPage\",\"@id\":\"https:\\\/\\\/acuariosupremus.com\\\/?product=marine-trace-250-ml-elementos-traza\",\"url\":\"https:\\\/\\\/acuariosupremus.com\\\/?product=marine-trace-250-ml-elementos-traza\",\"name\":\"Marine Trace 250 ml, Elementos traza. | Acuario Supremus\",\"isPartOf\":{\"@id\":\"https:\\\/\\\/acuariosupremus.com\\\/#website\"},\"primaryImageOfPage\":{\"@id\":\"https:\\\/\\\/acuariosupremus.com\\\/?product=marine-trace-250-ml-elementos-traza#primaryimage\"},\"image\":{\"@id\":\"https:\\\/\\\/acuariosupremus.com\\\/?product=marine-trace-250-ml-elementos-traza#primaryimage\"},\"thumbnailUrl\":\"https:\\\/\\\/acuariosupremus.com\\\/wp-content\\\/uploads\\\/2022\\\/05\\\/seachem_marine_trace_01.jpg\",\"datePublished\":\"2022-05-11T19:19:23+00:00\",\"dateModified\":\"2025-12-27T23:35:07+00:00\",\"description\":\"Marine Trace\u2122 suplemento para peces agua salada que suministra oligoelementos que han demostrado ser necesarios para una salud y adecuado el crecimiento.\",\"breadcrumb\":{\"@id\":\"https:\\\/\\\/acuariosupremus.com\\\/?product=marine-trace-250-ml-elementos-traza#breadcrumb\"},\"inLanguage\":\"es\",\"potentialAction\":[{\"@type\":\"ReadAction\",\"target\":[\"https:\\\/\\\/acuariosupremus.com\\\/?product=marine-trace-250-ml-elementos-traza\"]}]},{\"@type\":\"ImageObject\",\"inLanguage\":\"es\",\"@id\":\"https:\\\/\\\/acuariosupremus.com\\\/?product=marine-trace-250-ml-elementos-traza#primaryimage\",\"url\":\"https:\\\/\\\/acuariosupremus.com\\\/wp-content\\\/uploads\\\/2022\\\/05\\\/seachem_marine_trace_01.jpg\",\"contentUrl\":\"https:\\\/\\\/acuariosupremus.com\\\/wp-content\\\/uploads\\\/2022\\\/05\\\/seachem_marine_trace_01.jpg\",\"width\":1250,\"height\":1250},{\"@type\":\"BreadcrumbList\",\"@id\":\"https:\\\/\\\/acuariosupremus.com\\\/?product=marine-trace-250-ml-elementos-traza#breadcrumb\",\"itemListElement\":[{\"@type\":\"ListItem\",\"position\":1,\"name\":\"Portada\",\"item\":\"https:\\\/\\\/acuariosupremus.com\\\/\"},{\"@type\":\"ListItem\",\"position\":2,\"name\":\"Tienda\",\"item\":\"https:\\\/\\\/acuariosupremus.com\\\/tienda\\\/\"},{\"@type\":\"ListItem\",\"position\":3,\"name\":\"Marine Trace 250 ml, Elementos traza.\"}]},{\"@type\":\"WebSite\",\"@id\":\"https:\\\/\\\/acuariosupremus.com\\\/#website\",\"url\":\"https:\\\/\\\/acuariosupremus.com\\\/\",\"name\":\"Acuario Supremus\",\"description\":\"Peces, Peceras y Mascotas.\",\"publisher\":{\"@id\":\"https:\\\/\\\/acuariosupremus.com\\\/#organization\"},\"potentialAction\":[{\"@type\":\"SearchAction\",\"target\":{\"@type\":\"EntryPoint\",\"urlTemplate\":\"https:\\\/\\\/acuariosupremus.com\\\/?s={search_term_string}\"},\"query-input\":{\"@type\":\"PropertyValueSpecification\",\"valueRequired\":true,\"valueName\":\"search_term_string\"}}],\"inLanguage\":\"es\"},{\"@type\":\"Organization\",\"@id\":\"https:\\\/\\\/acuariosupremus.com\\\/#organization\",\"name\":\"Acuario Supremus\",\"url\":\"https:\\\/\\\/acuariosupremus.com\\\/\",\"logo\":{\"@type\":\"ImageObject\",\"inLanguage\":\"es\",\"@id\":\"https:\\\/\\\/acuariosupremus.com\\\/#\\\/schema\\\/logo\\\/image\\\/\",\"url\":\"https:\\\/\\\/acuariosupremus.com\\\/wp-content\\\/uploads\\\/2021\\\/12\\\/cropped-logo_acuario_supremus_fn-2.png\",\"contentUrl\":\"https:\\\/\\\/acuariosupremus.com\\\/wp-content\\\/uploads\\\/2021\\\/12\\\/cropped-logo_acuario_supremus_fn-2.png\",\"width\":1000,\"height\":318,\"caption\":\"Acuario Supremus\"},\"image\":{\"@id\":\"https:\\\/\\\/acuariosupremus.com\\\/#\\\/schema\\\/logo\\\/image\\\/\"},\"sameAs\":[\"https:\\\/\\\/www.facebook.com\\\/AcuarioSupremus\",\"https:\\\/\\\/x.com\\\/AcuarioSupremus\",\"https:\\\/\\\/www.instagram.com\\\/acuariosupremus\\\/?hl=es\"]}]}<\/script>\n<!-- \/ Yoast SEO plugin. -->","yoast_head_json":{"title":"Marine Trace 250 ml, Elementos traza. | Acuario Supremus","description":"Marine Trace\u2122 suplemento para peces agua salada que suministra oligoelementos que han demostrado ser necesarios para una salud y adecuado el crecimiento.","robots":{"index":"index","follow":"follow","max-snippet":"max-snippet:-1","max-image-preview":"max-image-preview:large","max-video-preview":"max-video-preview:-1"},"canonical":"https:\/\/acuariosupremus.com\/?product=marine-trace-250-ml-elementos-traza","og_locale":"es_MX","og_type":"article","og_title":"Marine Trace 250 ml, Elementos traza. | Acuario Supremus","og_description":"Marine Trace\u2122 suplemento para peces agua salada que suministra oligoelementos que han demostrado ser necesarios para una salud y adecuado el crecimiento.","og_url":"https:\/\/acuariosupremus.com\/?product=marine-trace-250-ml-elementos-traza","og_site_name":"Acuario Supremus","article_publisher":"https:\/\/www.facebook.com\/AcuarioSupremus","article_modified_time":"2025-12-27T23:35:07+00:00","og_image":[{"width":1250,"height":1250,"url":"https:\/\/acuariosupremus.com\/wp-content\/uploads\/2022\/05\/seachem_marine_trace_01.jpg","type":"image\/jpeg"}],"twitter_card":"summary_large_image","twitter_site":"@AcuarioSupremus","twitter_misc":{"Tiempo de lectura":"1 minuto"},"schema":{"@context":"https:\/\/schema.org","@graph":[{"@type":"WebPage","@id":"https:\/\/acuariosupremus.com\/?product=marine-trace-250-ml-elementos-traza","url":"https:\/\/acuariosupremus.com\/?product=marine-trace-250-ml-elementos-traza","name":"Marine Trace 250 ml, Elementos traza. | Acuario Supremus","isPartOf":{"@id":"https:\/\/acuariosupremus.com\/#website"},"primaryImageOfPage":{"@id":"https:\/\/acuariosupremus.com\/?product=marine-trace-250-ml-elementos-traza#primaryimage"},"image":{"@id":"https:\/\/acuariosupremus.com\/?product=marine-trace-250-ml-elementos-traza#primaryimage"},"thumbnailUrl":"https:\/\/acuariosupremus.com\/wp-content\/uploads\/2022\/05\/seachem_marine_trace_01.jpg","datePublished":"2022-05-11T19:19:23+00:00","dateModified":"2025-12-27T23:35:07+00:00","description":"Marine Trace\u2122 suplemento para peces agua salada que suministra oligoelementos que han demostrado ser necesarios para una salud y adecuado el crecimiento.","breadcrumb":{"@id":"https:\/\/acuariosupremus.com\/?product=marine-trace-250-ml-elementos-traza#breadcrumb"},"inLanguage":"es","potentialAction":[{"@type":"ReadAction","target":["https:\/\/acuariosupremus.com\/?product=marine-trace-250-ml-elementos-traza"]}]},{"@type":"ImageObject","inLanguage":"es","@id":"https:\/\/acuariosupremus.com\/?product=marine-trace-250-ml-elementos-traza#primaryimage","url":"https:\/\/acuariosupremus.com\/wp-content\/uploads\/2022\/05\/seachem_marine_trace_01.jpg","contentUrl":"https:\/\/acuariosupremus.com\/wp-content\/uploads\/2022\/05\/seachem_marine_trace_01.jpg","width":1250,"height":1250},{"@type":"BreadcrumbList","@id":"https:\/\/acuariosupremus.com\/?product=marine-trace-250-ml-elementos-traza#breadcrumb","itemListElement":[{"@type":"ListItem","position":1,"name":"Portada","item":"https:\/\/acuariosupremus.com\/"},{"@type":"ListItem","position":2,"name":"Tienda","item":"https:\/\/acuariosupremus.com\/tienda\/"},{"@type":"ListItem","position":3,"name":"Marine Trace 250 ml, Elementos traza."}]},{"@type":"WebSite","@id":"https:\/\/acuariosupremus.com\/#website","url":"https:\/\/acuariosupremus.com\/","name":"Acuario Supremus","description":"Peces, Peceras y Mascotas.","publisher":{"@id":"https:\/\/acuariosupremus.com\/#organization"},"potentialAction":[{"@type":"SearchAction","target":{"@type":"EntryPoint","urlTemplate":"https:\/\/acuariosupremus.com\/?s={search_term_string}"},"query-input":{"@type":"PropertyValueSpecification","valueRequired":true,"valueName":"search_term_string"}}],"inLanguage":"es"},{"@type":"Organization","@id":"https:\/\/acuariosupremus.com\/#organization","name":"Acuario Supremus","url":"https:\/\/acuariosupremus.com\/","logo":{"@type":"ImageObject","inLanguage":"es","@id":"https:\/\/acuariosupremus.com\/#\/schema\/logo\/image\/","url":"https:\/\/acuariosupremus.com\/wp-content\/uploads\/2021\/12\/cropped-logo_acuario_supremus_fn-2.png","contentUrl":"https:\/\/acuariosupremus.com\/wp-content\/uploads\/2021\/12\/cropped-logo_acuario_supremus_fn-2.png","width":1000,"height":318,"caption":"Acuario Supremus"},"image":{"@id":"https:\/\/acuariosupremus.com\/#\/schema\/logo\/image\/"},"sameAs":["https:\/\/www.facebook.com\/AcuarioSupremus","https:\/\/x.com\/AcuarioSupremus","https:\/\/www.instagram.com\/acuariosupremus\/?hl=es"]}]}},"jetpack_sharing_enabled":true,"_links":{"self":[{"href":"https:\/\/acuariosupremus.com\/index.php?rest_route=\/wp\/v2\/product\/9140","targetHints":{"allow":["GET"]}}],"collection":[{"href":"https:\/\/acuariosupremus.com\/index.php?rest_route=\/wp\/v2\/product"}],"about":[{"href":"https:\/\/acuariosupremus.com\/index.php?rest_route=\/wp\/v2\/types\/product"}],"wp:featuredmedia":[{"embeddable":true,"href":"https:\/\/acuariosupremus.com\/index.php?rest_route=\/wp\/v2\/media\/9141"}],"wp:attachment":[{"href":"https:\/\/acuariosupremus.com\/index.php?rest_route=%2Fwp%2Fv2%2Fmedia&parent=9140"}],"wp:term":[{"taxonomy":"product_brand","embeddable":true,"href":"https:\/\/acuariosupremus.com\/index.php?rest_route=%2Fwp%2Fv2%2Fproduct_brand&post=9140"},{"taxonomy":"product_cat","embeddable":true,"href":"https:\/\/acuariosupremus.com\/index.php?rest_route=%2Fwp%2Fv2%2Fproduct_cat&post=9140"},{"taxonomy":"product_tag","embeddable":true,"href":"https:\/\/acuariosupremus.com\/index.php?rest_route=%2Fwp%2Fv2%2Fproduct_tag&post=9140"}],"curies":[{"name":"wp","href":"https:\/\/api.w.org\/{rel}","templated":true}]}}