{"id":9173,"date":"2022-05-11T15:51:10","date_gmt":"2022-05-11T20:51:10","guid":{"rendered":"https:\/\/acuariosupremus.com\/?post_type=product&#038;p=9173"},"modified":"2025-12-27T17:38:27","modified_gmt":"2025-12-27T23:38:27","slug":"vitality-100-ml-vitaminas-y-aminoacidos","status":"publish","type":"product","link":"https:\/\/acuariosupremus.com\/?product=vitality-100-ml-vitaminas-y-aminoacidos","title":{"rendered":"Vitality 100 ml, Vitaminas y amino\u00e1cidos."},"content":{"rendered":"<p>Vitality\u2122 es un complejo suplemento vitam\u00ednico para peces de agua salada que contiene vitaminas, amino\u00e1cidos, y oligoelementos, desarrollado para hacer frente a los requerimientos nutricionales com\u00fanmente asociados a los peces ornamentales de agua salada mantenidos en cautividad. Nourish\u2122 contiene adem\u00e1s \u00e1cido asc\u00f3rbico procedente de una pasta de algas Espirulina y Clorella. El \u00e1cido asc\u00f3rbico es un cofactor en la hidroxilaci\u00f3n de los amino\u00e1cidos prolina y lisina, que son componentes del pro-col\u00e1geno, el precursor del col\u00e1geno. Esta prote\u00edna es necesaria para la formaci\u00f3n de los tejidos conectivos, tejido cicatricial, la matriz \u00f3sea y tambi\u00e9n en la reparaci\u00f3n de las heridas. Estas dos algas poseen unas propiedades nutricionales \u00fanicas, conteniendo adem\u00e1s un rico surtido de vitaminas y amino\u00e1cidos. Nourish\u2122 puede ser usado para peces ornamentales de agua dulce; sin embargo, est\u00e1 espec\u00edficamente dise\u00f1ado para peces marinos. Para abordar las necesidades nutricionales espec\u00edficas de los peces marinos, hemos formulado Nourish\u2122 bas\u00e1ndonos en la informaci\u00f3n cient\u00edfica m\u00e1s actual sobre los requisitos nutricionales de los peces (Academia Nacional de Ciencias).<br \/>\nIngredientes:<br \/>\nAgua, espirulina (Spirulina platensis), clorela (Chlorella pyrenoidosa), \u00e1cido fosf\u00f3rico, cloruro de calcio, cloruro de magnesio, \u00e1cido asc\u00f3rbico, sulfato ferroso hepta-hidratado, sulfato de zinc hepta-hidratado, sulfato de cobre penta-hidratado, sulfato de manganeso y yoduro de potasio.<\/p>\n<p>Producto: Vitality 100 ml. Tama\u00f1o: 40 x 40 x 123 mm. (l x a x h) Peso: 0.130 (Kg.)<\/p>\n<p>&nbsp;<\/p>\n","protected":false},"excerpt":{"rendered":"<p>Vitality\u2122 es un complejo suplemento vitam\u00ednico para peces de agua salada que contiene vitaminas, amino\u00e1cidos, y oligoelementos, desarrollado para hacer frente a los requerimientos nutricionales com\u00fanmente asociados a los peces ornamentales de agua salada mantenidos en cautividad.<\/p>\n","protected":false},"featured_media":9174,"template":"","meta":[],"product_brand":[123],"product_cat":[40,94],"product_tag":[185,772],"class_list":{"0":"post-9173","1":"product","2":"type-product","3":"status-publish","4":"has-post-thumbnail","6":"product_brand-seachem","7":"product_cat-peces","8":"product_cat-arrecife","9":"product_tag-peces-marinos","10":"product_tag-vitaminas-y-aminoacidos-peces-marinos","12":"first","13":"instock","14":"sale","15":"shipping-taxable","16":"purchasable","17":"product-type-simple"},"yoast_head":"<!-- This site is optimized with the Yoast SEO plugin v27.4 - https:\/\/yoast.com\/product\/yoast-seo-wordpress\/ -->\n<title>Vitality 100 ml, Vitaminas y amino\u00e1cidos. | Acuario Supremus<\/title>\n<meta name=\"description\" content=\"Vitality\u2122 es un complejo suplemento vitam\u00ednico para mejorar la salud de peces ornamentales de agua salada mantenidos en cautividad.\" \/>\n<meta name=\"robots\" content=\"index, follow, max-snippet:-1, max-image-preview:large, max-video-preview:-1\" \/>\n<link rel=\"canonical\" href=\"https:\/\/acuariosupremus.com\/?product=vitality-100-ml-vitaminas-y-aminoacidos\" \/>\n<meta property=\"og:locale\" content=\"es_MX\" \/>\n<meta property=\"og:type\" content=\"article\" \/>\n<meta property=\"og:title\" content=\"Vitality 100 ml, Vitaminas y amino\u00e1cidos. | Acuario Supremus\" \/>\n<meta property=\"og:description\" content=\"Vitality\u2122 es un complejo suplemento vitam\u00ednico para mejorar la salud de peces ornamentales de agua salada mantenidos en cautividad.\" \/>\n<meta property=\"og:url\" content=\"https:\/\/acuariosupremus.com\/?product=vitality-100-ml-vitaminas-y-aminoacidos\" \/>\n<meta property=\"og:site_name\" content=\"Acuario Supremus\" \/>\n<meta property=\"article:publisher\" content=\"https:\/\/www.facebook.com\/AcuarioSupremus\" \/>\n<meta property=\"article:modified_time\" content=\"2025-12-27T23:38:27+00:00\" \/>\n<meta property=\"og:image\" content=\"https:\/\/acuariosupremus.com\/wp-content\/uploads\/2022\/05\/deachem_vitality_03.jpg\" \/>\n\t<meta property=\"og:image:width\" content=\"1250\" \/>\n\t<meta property=\"og:image:height\" content=\"1250\" \/>\n\t<meta property=\"og:image:type\" content=\"image\/jpeg\" \/>\n<meta name=\"twitter:card\" content=\"summary_large_image\" \/>\n<meta name=\"twitter:site\" content=\"@AcuarioSupremus\" \/>\n<meta name=\"twitter:label1\" content=\"Tiempo de lectura\" \/>\n\t<meta name=\"twitter:data1\" content=\"2 minutos\" \/>\n<script type=\"application\/ld+json\" class=\"yoast-schema-graph\">{\"@context\":\"https:\\\/\\\/schema.org\",\"@graph\":[{\"@type\":\"WebPage\",\"@id\":\"https:\\\/\\\/acuariosupremus.com\\\/?product=vitality-100-ml-vitaminas-y-aminoacidos\",\"url\":\"https:\\\/\\\/acuariosupremus.com\\\/?product=vitality-100-ml-vitaminas-y-aminoacidos\",\"name\":\"Vitality 100 ml, Vitaminas y amino\u00e1cidos. | Acuario Supremus\",\"isPartOf\":{\"@id\":\"https:\\\/\\\/acuariosupremus.com\\\/#website\"},\"primaryImageOfPage\":{\"@id\":\"https:\\\/\\\/acuariosupremus.com\\\/?product=vitality-100-ml-vitaminas-y-aminoacidos#primaryimage\"},\"image\":{\"@id\":\"https:\\\/\\\/acuariosupremus.com\\\/?product=vitality-100-ml-vitaminas-y-aminoacidos#primaryimage\"},\"thumbnailUrl\":\"https:\\\/\\\/acuariosupremus.com\\\/wp-content\\\/uploads\\\/2022\\\/05\\\/deachem_vitality_03.jpg\",\"datePublished\":\"2022-05-11T20:51:10+00:00\",\"dateModified\":\"2025-12-27T23:38:27+00:00\",\"description\":\"Vitality\u2122 es un complejo suplemento vitam\u00ednico para mejorar la salud de peces ornamentales de agua salada mantenidos en cautividad.\",\"breadcrumb\":{\"@id\":\"https:\\\/\\\/acuariosupremus.com\\\/?product=vitality-100-ml-vitaminas-y-aminoacidos#breadcrumb\"},\"inLanguage\":\"es\",\"potentialAction\":[{\"@type\":\"ReadAction\",\"target\":[\"https:\\\/\\\/acuariosupremus.com\\\/?product=vitality-100-ml-vitaminas-y-aminoacidos\"]}]},{\"@type\":\"ImageObject\",\"inLanguage\":\"es\",\"@id\":\"https:\\\/\\\/acuariosupremus.com\\\/?product=vitality-100-ml-vitaminas-y-aminoacidos#primaryimage\",\"url\":\"https:\\\/\\\/acuariosupremus.com\\\/wp-content\\\/uploads\\\/2022\\\/05\\\/deachem_vitality_03.jpg\",\"contentUrl\":\"https:\\\/\\\/acuariosupremus.com\\\/wp-content\\\/uploads\\\/2022\\\/05\\\/deachem_vitality_03.jpg\",\"width\":1250,\"height\":1250},{\"@type\":\"BreadcrumbList\",\"@id\":\"https:\\\/\\\/acuariosupremus.com\\\/?product=vitality-100-ml-vitaminas-y-aminoacidos#breadcrumb\",\"itemListElement\":[{\"@type\":\"ListItem\",\"position\":1,\"name\":\"Portada\",\"item\":\"https:\\\/\\\/acuariosupremus.com\\\/\"},{\"@type\":\"ListItem\",\"position\":2,\"name\":\"Tienda\",\"item\":\"https:\\\/\\\/acuariosupremus.com\\\/tienda\\\/\"},{\"@type\":\"ListItem\",\"position\":3,\"name\":\"Vitality 100 ml, Vitaminas y amino\u00e1cidos.\"}]},{\"@type\":\"WebSite\",\"@id\":\"https:\\\/\\\/acuariosupremus.com\\\/#website\",\"url\":\"https:\\\/\\\/acuariosupremus.com\\\/\",\"name\":\"Acuario Supremus\",\"description\":\"Peces, Peceras y Mascotas.\",\"publisher\":{\"@id\":\"https:\\\/\\\/acuariosupremus.com\\\/#organization\"},\"potentialAction\":[{\"@type\":\"SearchAction\",\"target\":{\"@type\":\"EntryPoint\",\"urlTemplate\":\"https:\\\/\\\/acuariosupremus.com\\\/?s={search_term_string}\"},\"query-input\":{\"@type\":\"PropertyValueSpecification\",\"valueRequired\":true,\"valueName\":\"search_term_string\"}}],\"inLanguage\":\"es\"},{\"@type\":\"Organization\",\"@id\":\"https:\\\/\\\/acuariosupremus.com\\\/#organization\",\"name\":\"Acuario Supremus\",\"url\":\"https:\\\/\\\/acuariosupremus.com\\\/\",\"logo\":{\"@type\":\"ImageObject\",\"inLanguage\":\"es\",\"@id\":\"https:\\\/\\\/acuariosupremus.com\\\/#\\\/schema\\\/logo\\\/image\\\/\",\"url\":\"https:\\\/\\\/acuariosupremus.com\\\/wp-content\\\/uploads\\\/2021\\\/12\\\/cropped-logo_acuario_supremus_fn-2.png\",\"contentUrl\":\"https:\\\/\\\/acuariosupremus.com\\\/wp-content\\\/uploads\\\/2021\\\/12\\\/cropped-logo_acuario_supremus_fn-2.png\",\"width\":1000,\"height\":318,\"caption\":\"Acuario Supremus\"},\"image\":{\"@id\":\"https:\\\/\\\/acuariosupremus.com\\\/#\\\/schema\\\/logo\\\/image\\\/\"},\"sameAs\":[\"https:\\\/\\\/www.facebook.com\\\/AcuarioSupremus\",\"https:\\\/\\\/x.com\\\/AcuarioSupremus\",\"https:\\\/\\\/www.instagram.com\\\/acuariosupremus\\\/?hl=es\"]}]}<\/script>\n<!-- \/ Yoast SEO plugin. -->","yoast_head_json":{"title":"Vitality 100 ml, Vitaminas y amino\u00e1cidos. | Acuario Supremus","description":"Vitality\u2122 es un complejo suplemento vitam\u00ednico para mejorar la salud de peces ornamentales de agua salada mantenidos en cautividad.","robots":{"index":"index","follow":"follow","max-snippet":"max-snippet:-1","max-image-preview":"max-image-preview:large","max-video-preview":"max-video-preview:-1"},"canonical":"https:\/\/acuariosupremus.com\/?product=vitality-100-ml-vitaminas-y-aminoacidos","og_locale":"es_MX","og_type":"article","og_title":"Vitality 100 ml, Vitaminas y amino\u00e1cidos. | Acuario Supremus","og_description":"Vitality\u2122 es un complejo suplemento vitam\u00ednico para mejorar la salud de peces ornamentales de agua salada mantenidos en cautividad.","og_url":"https:\/\/acuariosupremus.com\/?product=vitality-100-ml-vitaminas-y-aminoacidos","og_site_name":"Acuario Supremus","article_publisher":"https:\/\/www.facebook.com\/AcuarioSupremus","article_modified_time":"2025-12-27T23:38:27+00:00","og_image":[{"width":1250,"height":1250,"url":"https:\/\/acuariosupremus.com\/wp-content\/uploads\/2022\/05\/deachem_vitality_03.jpg","type":"image\/jpeg"}],"twitter_card":"summary_large_image","twitter_site":"@AcuarioSupremus","twitter_misc":{"Tiempo de lectura":"2 minutos"},"schema":{"@context":"https:\/\/schema.org","@graph":[{"@type":"WebPage","@id":"https:\/\/acuariosupremus.com\/?product=vitality-100-ml-vitaminas-y-aminoacidos","url":"https:\/\/acuariosupremus.com\/?product=vitality-100-ml-vitaminas-y-aminoacidos","name":"Vitality 100 ml, Vitaminas y amino\u00e1cidos. | Acuario Supremus","isPartOf":{"@id":"https:\/\/acuariosupremus.com\/#website"},"primaryImageOfPage":{"@id":"https:\/\/acuariosupremus.com\/?product=vitality-100-ml-vitaminas-y-aminoacidos#primaryimage"},"image":{"@id":"https:\/\/acuariosupremus.com\/?product=vitality-100-ml-vitaminas-y-aminoacidos#primaryimage"},"thumbnailUrl":"https:\/\/acuariosupremus.com\/wp-content\/uploads\/2022\/05\/deachem_vitality_03.jpg","datePublished":"2022-05-11T20:51:10+00:00","dateModified":"2025-12-27T23:38:27+00:00","description":"Vitality\u2122 es un complejo suplemento vitam\u00ednico para mejorar la salud de peces ornamentales de agua salada mantenidos en cautividad.","breadcrumb":{"@id":"https:\/\/acuariosupremus.com\/?product=vitality-100-ml-vitaminas-y-aminoacidos#breadcrumb"},"inLanguage":"es","potentialAction":[{"@type":"ReadAction","target":["https:\/\/acuariosupremus.com\/?product=vitality-100-ml-vitaminas-y-aminoacidos"]}]},{"@type":"ImageObject","inLanguage":"es","@id":"https:\/\/acuariosupremus.com\/?product=vitality-100-ml-vitaminas-y-aminoacidos#primaryimage","url":"https:\/\/acuariosupremus.com\/wp-content\/uploads\/2022\/05\/deachem_vitality_03.jpg","contentUrl":"https:\/\/acuariosupremus.com\/wp-content\/uploads\/2022\/05\/deachem_vitality_03.jpg","width":1250,"height":1250},{"@type":"BreadcrumbList","@id":"https:\/\/acuariosupremus.com\/?product=vitality-100-ml-vitaminas-y-aminoacidos#breadcrumb","itemListElement":[{"@type":"ListItem","position":1,"name":"Portada","item":"https:\/\/acuariosupremus.com\/"},{"@type":"ListItem","position":2,"name":"Tienda","item":"https:\/\/acuariosupremus.com\/tienda\/"},{"@type":"ListItem","position":3,"name":"Vitality 100 ml, Vitaminas y amino\u00e1cidos."}]},{"@type":"WebSite","@id":"https:\/\/acuariosupremus.com\/#website","url":"https:\/\/acuariosupremus.com\/","name":"Acuario Supremus","description":"Peces, Peceras y Mascotas.","publisher":{"@id":"https:\/\/acuariosupremus.com\/#organization"},"potentialAction":[{"@type":"SearchAction","target":{"@type":"EntryPoint","urlTemplate":"https:\/\/acuariosupremus.com\/?s={search_term_string}"},"query-input":{"@type":"PropertyValueSpecification","valueRequired":true,"valueName":"search_term_string"}}],"inLanguage":"es"},{"@type":"Organization","@id":"https:\/\/acuariosupremus.com\/#organization","name":"Acuario Supremus","url":"https:\/\/acuariosupremus.com\/","logo":{"@type":"ImageObject","inLanguage":"es","@id":"https:\/\/acuariosupremus.com\/#\/schema\/logo\/image\/","url":"https:\/\/acuariosupremus.com\/wp-content\/uploads\/2021\/12\/cropped-logo_acuario_supremus_fn-2.png","contentUrl":"https:\/\/acuariosupremus.com\/wp-content\/uploads\/2021\/12\/cropped-logo_acuario_supremus_fn-2.png","width":1000,"height":318,"caption":"Acuario Supremus"},"image":{"@id":"https:\/\/acuariosupremus.com\/#\/schema\/logo\/image\/"},"sameAs":["https:\/\/www.facebook.com\/AcuarioSupremus","https:\/\/x.com\/AcuarioSupremus","https:\/\/www.instagram.com\/acuariosupremus\/?hl=es"]}]}},"jetpack_sharing_enabled":true,"_links":{"self":[{"href":"https:\/\/acuariosupremus.com\/index.php?rest_route=\/wp\/v2\/product\/9173","targetHints":{"allow":["GET"]}}],"collection":[{"href":"https:\/\/acuariosupremus.com\/index.php?rest_route=\/wp\/v2\/product"}],"about":[{"href":"https:\/\/acuariosupremus.com\/index.php?rest_route=\/wp\/v2\/types\/product"}],"wp:featuredmedia":[{"embeddable":true,"href":"https:\/\/acuariosupremus.com\/index.php?rest_route=\/wp\/v2\/media\/9174"}],"wp:attachment":[{"href":"https:\/\/acuariosupremus.com\/index.php?rest_route=%2Fwp%2Fv2%2Fmedia&parent=9173"}],"wp:term":[{"taxonomy":"product_brand","embeddable":true,"href":"https:\/\/acuariosupremus.com\/index.php?rest_route=%2Fwp%2Fv2%2Fproduct_brand&post=9173"},{"taxonomy":"product_cat","embeddable":true,"href":"https:\/\/acuariosupremus.com\/index.php?rest_route=%2Fwp%2Fv2%2Fproduct_cat&post=9173"},{"taxonomy":"product_tag","embeddable":true,"href":"https:\/\/acuariosupremus.com\/index.php?rest_route=%2Fwp%2Fv2%2Fproduct_tag&post=9173"}],"curies":[{"name":"wp","href":"https:\/\/api.w.org\/{rel}","templated":true}]}}