{"id":9186,"date":"2022-05-11T16:15:13","date_gmt":"2022-05-11T21:15:13","guid":{"rendered":"https:\/\/acuariosupremus.com\/?post_type=product&#038;p=9186"},"modified":"2025-12-27T17:41:17","modified_gmt":"2025-12-27T23:41:17","slug":"reef-phytoplankton-250-ml-fitoplancton","status":"publish","type":"product","link":"https:\/\/acuariosupremus.com\/?product=reef-phytoplankton-250-ml-fitoplancton","title":{"rendered":"Reef Phytoplankton 250 ml, Fitoplancton."},"content":{"rendered":"<p class=\"p1\">contiene una fuente natural de carotenoides que proporcionan las prote\u00ednas esenciales.<span class=\"Apple-converted-space\">\u00a0 <\/span>Esta fuente de<span class=\"Apple-converted-space\">\u00a0 <\/span>pigmentaci\u00f3n es la m\u00e1s biodisponible en comparaci\u00f3n con otras fuentes naturales y pigmentos sint\u00e9ticos. Los carotenoides proporcionan adem\u00e1s un beneficio extra por su actividad antioxidante.Adem\u00e1s, este producto ha sido mejorado para aumentar la biodisponibilidad de nutrientes importantes tales como prote\u00ednas, l\u00edpidos, vitamina B y otros pigmentos org\u00e1nicos, por lo tanto, los corales gastar\u00e1n menos energ\u00eda para obtener su beneficio nutricional.Su f\u00f3rmula contiene una mezcla con la proporci\u00f3n adecuada de \u00e1cidos grasos, carbohidratos y prote\u00ednas. Al aplicar una mezcla de distintos tipos de fitoplancton aumentamos su valor nutricional. Estudios recientes * muestran un claro incremento en el consumo del fitoplancton en organismos filtrantes al utilizar cultivos mixtos frente a una muestra con una \u00fanica especie de fitoplancton.<\/p>\n<p class=\"p1\"><strong>INSTRUCCIONES:<\/strong>Antes de usar este producto ag\u00edtelo bien y a\u00f1ada 5 ml (1 tap\u00f3n lleno) por cada 200 litros de agua dos veces por semana o la dosis requerida para mantener su arrecife saludable.<span class=\"Apple-converted-space\">\u00a0 <\/span>Est\u00e1 recomendado guardar este producto en el refrigerador, aunque no es imprescindible.Ingredientes: Agua, Thalassiosira weissflogii, Isochrysis sp, Nannochloropsis, hidrolizados de prote\u00ednas con carotenoides, \u00e1cido c\u00edtrico, \u00e1cido carbox\u00edlico, metil parabeno y propionato de sodio.<\/p>\n<p>Producto: Reef Phytoplankton 250 ml. Tama\u00f1o: 50 x 50 x 163 mm. (l x a x h) Peso: 0.305 (Kg.)<\/p>\n<p>&nbsp;<\/p>\n","protected":false},"excerpt":{"rendered":"<p class=\"p1\">Reef Phytoplankton es una mezcla concentrada de fitoplancton marino de tipo verde y marr\u00f3n, dise\u00f1ado para proporcionar los \u00e1cidos grasos esenciales, prote\u00ednas, vitaminas, amino\u00e1cidos y carotenoides biol\u00f3gicos fundamentales para dieta de muchos invertebrados.<\/p>\n<p>Es ideal para ser combinado con Seachem Reef Zooplancton.<\/p>\n<p class=\"p1\">El tama\u00f1o de las part\u00edculas oscila entre 1 y 20 \u03bcm para lograr alimentar una amplia gama de organismos filtrantes e invertebrados pobladores de un acuario de arrecife tropical.<\/p>\n","protected":false},"featured_media":9187,"template":"","meta":[],"product_brand":[123],"product_cat":[40,94],"product_tag":[534,775,776],"class_list":{"0":"post-9186","1":"product","2":"type-product","3":"status-publish","4":"has-post-thumbnail","6":"product_brand-seachem","7":"product_cat-peces","8":"product_cat-arrecife","9":"product_tag-acondicionador-pro-arrecife","10":"product_tag-fitoplancton","11":"product_tag-reef-phytoplankton","13":"first","14":"instock","15":"sale","16":"shipping-taxable","17":"purchasable","18":"product-type-simple"},"yoast_head":"<!-- This site is optimized with the Yoast SEO plugin v27.4 - https:\/\/yoast.com\/product\/yoast-seo-wordpress\/ -->\n<title>Reef Phytoplankton 250 ml, Fitoplancton. | Acuario Supremus<\/title>\n<meta name=\"description\" content=\"Reef Phytoplankton es una mezcla concentrada de fitoplancton marino de tipo verde y marr\u00f3n, dise\u00f1ado para proporcionar dieta natural de muchos invertebrados.\" \/>\n<meta name=\"robots\" content=\"index, follow, max-snippet:-1, max-image-preview:large, max-video-preview:-1\" \/>\n<link rel=\"canonical\" href=\"https:\/\/acuariosupremus.com\/?product=reef-phytoplankton-250-ml-fitoplancton\" \/>\n<meta property=\"og:locale\" content=\"es_MX\" \/>\n<meta property=\"og:type\" content=\"article\" \/>\n<meta property=\"og:title\" content=\"Reef Phytoplankton 250 ml, Fitoplancton. | Acuario Supremus\" \/>\n<meta property=\"og:description\" content=\"Reef Phytoplankton es una mezcla concentrada de fitoplancton marino de tipo verde y marr\u00f3n, dise\u00f1ado para proporcionar dieta natural de muchos invertebrados.\" \/>\n<meta property=\"og:url\" content=\"https:\/\/acuariosupremus.com\/?product=reef-phytoplankton-250-ml-fitoplancton\" \/>\n<meta property=\"og:site_name\" content=\"Acuario Supremus\" \/>\n<meta property=\"article:publisher\" content=\"https:\/\/www.facebook.com\/AcuarioSupremus\" \/>\n<meta property=\"article:modified_time\" content=\"2025-12-27T23:41:17+00:00\" \/>\n<meta property=\"og:image\" content=\"https:\/\/acuariosupremus.com\/wp-content\/uploads\/2022\/05\/seachem_reef_phytoplankton_01.jpg\" \/>\n\t<meta property=\"og:image:width\" content=\"1250\" \/>\n\t<meta property=\"og:image:height\" content=\"1250\" \/>\n\t<meta property=\"og:image:type\" content=\"image\/jpeg\" \/>\n<meta name=\"twitter:card\" content=\"summary_large_image\" \/>\n<meta name=\"twitter:site\" content=\"@AcuarioSupremus\" \/>\n<meta name=\"twitter:label1\" content=\"Tiempo de lectura\" \/>\n\t<meta name=\"twitter:data1\" content=\"1 minuto\" \/>\n<script type=\"application\/ld+json\" class=\"yoast-schema-graph\">{\"@context\":\"https:\\\/\\\/schema.org\",\"@graph\":[{\"@type\":\"WebPage\",\"@id\":\"https:\\\/\\\/acuariosupremus.com\\\/?product=reef-phytoplankton-250-ml-fitoplancton\",\"url\":\"https:\\\/\\\/acuariosupremus.com\\\/?product=reef-phytoplankton-250-ml-fitoplancton\",\"name\":\"Reef Phytoplankton 250 ml, Fitoplancton. | Acuario Supremus\",\"isPartOf\":{\"@id\":\"https:\\\/\\\/acuariosupremus.com\\\/#website\"},\"primaryImageOfPage\":{\"@id\":\"https:\\\/\\\/acuariosupremus.com\\\/?product=reef-phytoplankton-250-ml-fitoplancton#primaryimage\"},\"image\":{\"@id\":\"https:\\\/\\\/acuariosupremus.com\\\/?product=reef-phytoplankton-250-ml-fitoplancton#primaryimage\"},\"thumbnailUrl\":\"https:\\\/\\\/acuariosupremus.com\\\/wp-content\\\/uploads\\\/2022\\\/05\\\/seachem_reef_phytoplankton_01.jpg\",\"datePublished\":\"2022-05-11T21:15:13+00:00\",\"dateModified\":\"2025-12-27T23:41:17+00:00\",\"description\":\"Reef Phytoplankton es una mezcla concentrada de fitoplancton marino de tipo verde y marr\u00f3n, dise\u00f1ado para proporcionar dieta natural de muchos invertebrados.\",\"breadcrumb\":{\"@id\":\"https:\\\/\\\/acuariosupremus.com\\\/?product=reef-phytoplankton-250-ml-fitoplancton#breadcrumb\"},\"inLanguage\":\"es\",\"potentialAction\":[{\"@type\":\"ReadAction\",\"target\":[\"https:\\\/\\\/acuariosupremus.com\\\/?product=reef-phytoplankton-250-ml-fitoplancton\"]}]},{\"@type\":\"ImageObject\",\"inLanguage\":\"es\",\"@id\":\"https:\\\/\\\/acuariosupremus.com\\\/?product=reef-phytoplankton-250-ml-fitoplancton#primaryimage\",\"url\":\"https:\\\/\\\/acuariosupremus.com\\\/wp-content\\\/uploads\\\/2022\\\/05\\\/seachem_reef_phytoplankton_01.jpg\",\"contentUrl\":\"https:\\\/\\\/acuariosupremus.com\\\/wp-content\\\/uploads\\\/2022\\\/05\\\/seachem_reef_phytoplankton_01.jpg\",\"width\":1250,\"height\":1250},{\"@type\":\"BreadcrumbList\",\"@id\":\"https:\\\/\\\/acuariosupremus.com\\\/?product=reef-phytoplankton-250-ml-fitoplancton#breadcrumb\",\"itemListElement\":[{\"@type\":\"ListItem\",\"position\":1,\"name\":\"Portada\",\"item\":\"https:\\\/\\\/acuariosupremus.com\\\/\"},{\"@type\":\"ListItem\",\"position\":2,\"name\":\"Tienda\",\"item\":\"https:\\\/\\\/acuariosupremus.com\\\/tienda\\\/\"},{\"@type\":\"ListItem\",\"position\":3,\"name\":\"Reef Phytoplankton 250 ml, Fitoplancton.\"}]},{\"@type\":\"WebSite\",\"@id\":\"https:\\\/\\\/acuariosupremus.com\\\/#website\",\"url\":\"https:\\\/\\\/acuariosupremus.com\\\/\",\"name\":\"Acuario Supremus\",\"description\":\"Peces, Peceras y Mascotas.\",\"publisher\":{\"@id\":\"https:\\\/\\\/acuariosupremus.com\\\/#organization\"},\"potentialAction\":[{\"@type\":\"SearchAction\",\"target\":{\"@type\":\"EntryPoint\",\"urlTemplate\":\"https:\\\/\\\/acuariosupremus.com\\\/?s={search_term_string}\"},\"query-input\":{\"@type\":\"PropertyValueSpecification\",\"valueRequired\":true,\"valueName\":\"search_term_string\"}}],\"inLanguage\":\"es\"},{\"@type\":\"Organization\",\"@id\":\"https:\\\/\\\/acuariosupremus.com\\\/#organization\",\"name\":\"Acuario Supremus\",\"url\":\"https:\\\/\\\/acuariosupremus.com\\\/\",\"logo\":{\"@type\":\"ImageObject\",\"inLanguage\":\"es\",\"@id\":\"https:\\\/\\\/acuariosupremus.com\\\/#\\\/schema\\\/logo\\\/image\\\/\",\"url\":\"https:\\\/\\\/acuariosupremus.com\\\/wp-content\\\/uploads\\\/2021\\\/12\\\/cropped-logo_acuario_supremus_fn-2.png\",\"contentUrl\":\"https:\\\/\\\/acuariosupremus.com\\\/wp-content\\\/uploads\\\/2021\\\/12\\\/cropped-logo_acuario_supremus_fn-2.png\",\"width\":1000,\"height\":318,\"caption\":\"Acuario Supremus\"},\"image\":{\"@id\":\"https:\\\/\\\/acuariosupremus.com\\\/#\\\/schema\\\/logo\\\/image\\\/\"},\"sameAs\":[\"https:\\\/\\\/www.facebook.com\\\/AcuarioSupremus\",\"https:\\\/\\\/x.com\\\/AcuarioSupremus\",\"https:\\\/\\\/www.instagram.com\\\/acuariosupremus\\\/?hl=es\"]}]}<\/script>\n<!-- \/ Yoast SEO plugin. -->","yoast_head_json":{"title":"Reef Phytoplankton 250 ml, Fitoplancton. | Acuario Supremus","description":"Reef Phytoplankton es una mezcla concentrada de fitoplancton marino de tipo verde y marr\u00f3n, dise\u00f1ado para proporcionar dieta natural de muchos invertebrados.","robots":{"index":"index","follow":"follow","max-snippet":"max-snippet:-1","max-image-preview":"max-image-preview:large","max-video-preview":"max-video-preview:-1"},"canonical":"https:\/\/acuariosupremus.com\/?product=reef-phytoplankton-250-ml-fitoplancton","og_locale":"es_MX","og_type":"article","og_title":"Reef Phytoplankton 250 ml, Fitoplancton. | Acuario Supremus","og_description":"Reef Phytoplankton es una mezcla concentrada de fitoplancton marino de tipo verde y marr\u00f3n, dise\u00f1ado para proporcionar dieta natural de muchos invertebrados.","og_url":"https:\/\/acuariosupremus.com\/?product=reef-phytoplankton-250-ml-fitoplancton","og_site_name":"Acuario Supremus","article_publisher":"https:\/\/www.facebook.com\/AcuarioSupremus","article_modified_time":"2025-12-27T23:41:17+00:00","og_image":[{"width":1250,"height":1250,"url":"https:\/\/acuariosupremus.com\/wp-content\/uploads\/2022\/05\/seachem_reef_phytoplankton_01.jpg","type":"image\/jpeg"}],"twitter_card":"summary_large_image","twitter_site":"@AcuarioSupremus","twitter_misc":{"Tiempo de lectura":"1 minuto"},"schema":{"@context":"https:\/\/schema.org","@graph":[{"@type":"WebPage","@id":"https:\/\/acuariosupremus.com\/?product=reef-phytoplankton-250-ml-fitoplancton","url":"https:\/\/acuariosupremus.com\/?product=reef-phytoplankton-250-ml-fitoplancton","name":"Reef Phytoplankton 250 ml, Fitoplancton. | Acuario Supremus","isPartOf":{"@id":"https:\/\/acuariosupremus.com\/#website"},"primaryImageOfPage":{"@id":"https:\/\/acuariosupremus.com\/?product=reef-phytoplankton-250-ml-fitoplancton#primaryimage"},"image":{"@id":"https:\/\/acuariosupremus.com\/?product=reef-phytoplankton-250-ml-fitoplancton#primaryimage"},"thumbnailUrl":"https:\/\/acuariosupremus.com\/wp-content\/uploads\/2022\/05\/seachem_reef_phytoplankton_01.jpg","datePublished":"2022-05-11T21:15:13+00:00","dateModified":"2025-12-27T23:41:17+00:00","description":"Reef Phytoplankton es una mezcla concentrada de fitoplancton marino de tipo verde y marr\u00f3n, dise\u00f1ado para proporcionar dieta natural de muchos invertebrados.","breadcrumb":{"@id":"https:\/\/acuariosupremus.com\/?product=reef-phytoplankton-250-ml-fitoplancton#breadcrumb"},"inLanguage":"es","potentialAction":[{"@type":"ReadAction","target":["https:\/\/acuariosupremus.com\/?product=reef-phytoplankton-250-ml-fitoplancton"]}]},{"@type":"ImageObject","inLanguage":"es","@id":"https:\/\/acuariosupremus.com\/?product=reef-phytoplankton-250-ml-fitoplancton#primaryimage","url":"https:\/\/acuariosupremus.com\/wp-content\/uploads\/2022\/05\/seachem_reef_phytoplankton_01.jpg","contentUrl":"https:\/\/acuariosupremus.com\/wp-content\/uploads\/2022\/05\/seachem_reef_phytoplankton_01.jpg","width":1250,"height":1250},{"@type":"BreadcrumbList","@id":"https:\/\/acuariosupremus.com\/?product=reef-phytoplankton-250-ml-fitoplancton#breadcrumb","itemListElement":[{"@type":"ListItem","position":1,"name":"Portada","item":"https:\/\/acuariosupremus.com\/"},{"@type":"ListItem","position":2,"name":"Tienda","item":"https:\/\/acuariosupremus.com\/tienda\/"},{"@type":"ListItem","position":3,"name":"Reef Phytoplankton 250 ml, Fitoplancton."}]},{"@type":"WebSite","@id":"https:\/\/acuariosupremus.com\/#website","url":"https:\/\/acuariosupremus.com\/","name":"Acuario Supremus","description":"Peces, Peceras y Mascotas.","publisher":{"@id":"https:\/\/acuariosupremus.com\/#organization"},"potentialAction":[{"@type":"SearchAction","target":{"@type":"EntryPoint","urlTemplate":"https:\/\/acuariosupremus.com\/?s={search_term_string}"},"query-input":{"@type":"PropertyValueSpecification","valueRequired":true,"valueName":"search_term_string"}}],"inLanguage":"es"},{"@type":"Organization","@id":"https:\/\/acuariosupremus.com\/#organization","name":"Acuario Supremus","url":"https:\/\/acuariosupremus.com\/","logo":{"@type":"ImageObject","inLanguage":"es","@id":"https:\/\/acuariosupremus.com\/#\/schema\/logo\/image\/","url":"https:\/\/acuariosupremus.com\/wp-content\/uploads\/2021\/12\/cropped-logo_acuario_supremus_fn-2.png","contentUrl":"https:\/\/acuariosupremus.com\/wp-content\/uploads\/2021\/12\/cropped-logo_acuario_supremus_fn-2.png","width":1000,"height":318,"caption":"Acuario Supremus"},"image":{"@id":"https:\/\/acuariosupremus.com\/#\/schema\/logo\/image\/"},"sameAs":["https:\/\/www.facebook.com\/AcuarioSupremus","https:\/\/x.com\/AcuarioSupremus","https:\/\/www.instagram.com\/acuariosupremus\/?hl=es"]}]}},"jetpack_sharing_enabled":true,"_links":{"self":[{"href":"https:\/\/acuariosupremus.com\/index.php?rest_route=\/wp\/v2\/product\/9186","targetHints":{"allow":["GET"]}}],"collection":[{"href":"https:\/\/acuariosupremus.com\/index.php?rest_route=\/wp\/v2\/product"}],"about":[{"href":"https:\/\/acuariosupremus.com\/index.php?rest_route=\/wp\/v2\/types\/product"}],"wp:featuredmedia":[{"embeddable":true,"href":"https:\/\/acuariosupremus.com\/index.php?rest_route=\/wp\/v2\/media\/9187"}],"wp:attachment":[{"href":"https:\/\/acuariosupremus.com\/index.php?rest_route=%2Fwp%2Fv2%2Fmedia&parent=9186"}],"wp:term":[{"taxonomy":"product_brand","embeddable":true,"href":"https:\/\/acuariosupremus.com\/index.php?rest_route=%2Fwp%2Fv2%2Fproduct_brand&post=9186"},{"taxonomy":"product_cat","embeddable":true,"href":"https:\/\/acuariosupremus.com\/index.php?rest_route=%2Fwp%2Fv2%2Fproduct_cat&post=9186"},{"taxonomy":"product_tag","embeddable":true,"href":"https:\/\/acuariosupremus.com\/index.php?rest_route=%2Fwp%2Fv2%2Fproduct_tag&post=9186"}],"curies":[{"name":"wp","href":"https:\/\/api.w.org\/{rel}","templated":true}]}}