{"id":9198,"date":"2022-05-11T16:38:27","date_gmt":"2022-05-11T21:38:27","guid":{"rendered":"https:\/\/acuariosupremus.com\/?post_type=product&#038;p=9198"},"modified":"2025-12-27T17:44:07","modified_gmt":"2025-12-27T23:44:07","slug":"reef-zooplankton-2-l-zooplancton-marino","status":"publish","type":"product","link":"https:\/\/acuariosupremus.com\/?product=reef-zooplankton-2-l-zooplancton-marino","title":{"rendered":"Reef Zooplankton 2 L, Zooplancton marino."},"content":{"rendered":"<p>Reef Zooplankton\u2122 es una mezcla concentrada de zooplancton marino dise\u00f1ado para proporcionar los \u00e1cidos grasos esenciales, prote\u00ednas, vitaminas, amino\u00e1cidos y carotenoides naturales para el crecimiento de los corales. El rango de tama\u00f1o de cada part\u00edcula es de 12.5 a 500 \u03bcm para alimentar una amplia gama de habitantes de un arrecife. Reef Zooplankton \u2122 contiene una fuente natural de carotenoides que proporciona las prote\u00ednas esenciales, as\u00ed como la fuente biodisponible de pigmentaci\u00f3n m\u00e1s potente en comparaci\u00f3n con otros carotenos naturales y pigmentos sint\u00e9ticos. Los carotenoides proporcionan un beneficio extra por su actividad antioxidante. Adem\u00e1s, Reef Zooplankton\u2122 ha sido mejorado para aumentar la biodisponibilidad de nutrientes importantes tales como prote\u00ednas, l\u00edpidos, vitamina B y otros pigmentos org\u00e1nicos, por lo tanto, los corales gastar\u00e1n menos energ\u00eda para obtener su beneficio nutricional. Su f\u00f3rmula contiene una mezcla con la proporci\u00f3n adecuada de \u00e1cidos grasos, carbohidratos y prote\u00ednas. Antes de usar este producto ag\u00edtelo bien y a\u00f1ada 5 ml (1 tap\u00f3n lleno) por cada 200 litros de agua dos veces por semana<br \/>\nIngredientes: Fenneropenaeus chinensis, Artemia, rot\u00edferos, hidrolizados de prote\u00ednas con carotenoides, el \u00e1cido asc\u00f3rbico, \u00e1cido c\u00edtrico, \u00e1cido carbox\u00edlico, benzoato de sodio, Metilparabeno, Propilparabeno<\/p>\n<p>Producto: Reef Zooplankton 2 L. Tama\u00f1o: &#8211; mm. (l x a x h) Peso: &#8211; (Kg.)<\/p>\n<p>&nbsp;<\/p>\n","protected":false},"excerpt":{"rendered":"<p>Reef Zooplankton\u2122 es una mezcla concentrada de zooplancton marino dise\u00f1ado para proporcionar los \u00e1cidos grasos esenciales, prote\u00ednas, vitaminas, amino\u00e1cidos y carotenoides naturales para el crecimiento de los corales.<\/p>\n","protected":false},"featured_media":9199,"template":"","meta":[],"product_brand":[123],"product_cat":[40,94],"product_tag":[534,778,777],"class_list":{"0":"post-9198","1":"product","2":"type-product","3":"status-publish","4":"has-post-thumbnail","6":"product_brand-seachem","7":"product_cat-peces","8":"product_cat-arrecife","9":"product_tag-acondicionador-pro-arrecife","10":"product_tag-reef-zooplankton","11":"product_tag-zooplancton-marino","13":"first","14":"instock","15":"sale","16":"shipping-taxable","17":"purchasable","18":"product-type-simple"},"yoast_head":"<!-- This site is optimized with the Yoast SEO plugin v27.4 - https:\/\/yoast.com\/product\/yoast-seo-wordpress\/ -->\n<title>Reef Zooplankton 2 L, Zooplancton marino. | Acuario Supremus<\/title>\n<meta name=\"description\" content=\"Reef Zooplankton\u2122 es una mezcla concentrada de zooplancton marino dise\u00f1ado para proporcionarlos componentes naturales para el crecimiento de los corales.\" \/>\n<meta name=\"robots\" content=\"index, follow, max-snippet:-1, max-image-preview:large, max-video-preview:-1\" \/>\n<link rel=\"canonical\" href=\"https:\/\/acuariosupremus.com\/?product=reef-zooplankton-2-l-zooplancton-marino\" \/>\n<meta property=\"og:locale\" content=\"es_MX\" \/>\n<meta property=\"og:type\" content=\"article\" \/>\n<meta property=\"og:title\" content=\"Reef Zooplankton 2 L, Zooplancton marino. | Acuario Supremus\" \/>\n<meta property=\"og:description\" content=\"Reef Zooplankton\u2122 es una mezcla concentrada de zooplancton marino dise\u00f1ado para proporcionarlos componentes naturales para el crecimiento de los corales.\" \/>\n<meta property=\"og:url\" content=\"https:\/\/acuariosupremus.com\/?product=reef-zooplankton-2-l-zooplancton-marino\" \/>\n<meta property=\"og:site_name\" content=\"Acuario Supremus\" \/>\n<meta property=\"article:publisher\" content=\"https:\/\/www.facebook.com\/AcuarioSupremus\" \/>\n<meta property=\"article:modified_time\" content=\"2025-12-27T23:44:07+00:00\" \/>\n<meta property=\"og:image\" content=\"https:\/\/acuariosupremus.com\/wp-content\/uploads\/2022\/05\/seachem_reef_zooplankton_03.jpg\" \/>\n\t<meta property=\"og:image:width\" content=\"1250\" \/>\n\t<meta property=\"og:image:height\" content=\"1250\" \/>\n\t<meta property=\"og:image:type\" content=\"image\/jpeg\" \/>\n<meta name=\"twitter:card\" content=\"summary_large_image\" \/>\n<meta name=\"twitter:site\" content=\"@AcuarioSupremus\" \/>\n<meta name=\"twitter:label1\" content=\"Tiempo de lectura\" \/>\n\t<meta name=\"twitter:data1\" content=\"1 minuto\" \/>\n<script type=\"application\/ld+json\" class=\"yoast-schema-graph\">{\"@context\":\"https:\\\/\\\/schema.org\",\"@graph\":[{\"@type\":\"WebPage\",\"@id\":\"https:\\\/\\\/acuariosupremus.com\\\/?product=reef-zooplankton-2-l-zooplancton-marino\",\"url\":\"https:\\\/\\\/acuariosupremus.com\\\/?product=reef-zooplankton-2-l-zooplancton-marino\",\"name\":\"Reef Zooplankton 2 L, Zooplancton marino. | Acuario Supremus\",\"isPartOf\":{\"@id\":\"https:\\\/\\\/acuariosupremus.com\\\/#website\"},\"primaryImageOfPage\":{\"@id\":\"https:\\\/\\\/acuariosupremus.com\\\/?product=reef-zooplankton-2-l-zooplancton-marino#primaryimage\"},\"image\":{\"@id\":\"https:\\\/\\\/acuariosupremus.com\\\/?product=reef-zooplankton-2-l-zooplancton-marino#primaryimage\"},\"thumbnailUrl\":\"https:\\\/\\\/acuariosupremus.com\\\/wp-content\\\/uploads\\\/2022\\\/05\\\/seachem_reef_zooplankton_03.jpg\",\"datePublished\":\"2022-05-11T21:38:27+00:00\",\"dateModified\":\"2025-12-27T23:44:07+00:00\",\"description\":\"Reef Zooplankton\u2122 es una mezcla concentrada de zooplancton marino dise\u00f1ado para proporcionarlos componentes naturales para el crecimiento de los corales.\",\"breadcrumb\":{\"@id\":\"https:\\\/\\\/acuariosupremus.com\\\/?product=reef-zooplankton-2-l-zooplancton-marino#breadcrumb\"},\"inLanguage\":\"es\",\"potentialAction\":[{\"@type\":\"ReadAction\",\"target\":[\"https:\\\/\\\/acuariosupremus.com\\\/?product=reef-zooplankton-2-l-zooplancton-marino\"]}]},{\"@type\":\"ImageObject\",\"inLanguage\":\"es\",\"@id\":\"https:\\\/\\\/acuariosupremus.com\\\/?product=reef-zooplankton-2-l-zooplancton-marino#primaryimage\",\"url\":\"https:\\\/\\\/acuariosupremus.com\\\/wp-content\\\/uploads\\\/2022\\\/05\\\/seachem_reef_zooplankton_03.jpg\",\"contentUrl\":\"https:\\\/\\\/acuariosupremus.com\\\/wp-content\\\/uploads\\\/2022\\\/05\\\/seachem_reef_zooplankton_03.jpg\",\"width\":1250,\"height\":1250},{\"@type\":\"BreadcrumbList\",\"@id\":\"https:\\\/\\\/acuariosupremus.com\\\/?product=reef-zooplankton-2-l-zooplancton-marino#breadcrumb\",\"itemListElement\":[{\"@type\":\"ListItem\",\"position\":1,\"name\":\"Portada\",\"item\":\"https:\\\/\\\/acuariosupremus.com\\\/\"},{\"@type\":\"ListItem\",\"position\":2,\"name\":\"Tienda\",\"item\":\"https:\\\/\\\/acuariosupremus.com\\\/tienda\\\/\"},{\"@type\":\"ListItem\",\"position\":3,\"name\":\"Reef Zooplankton 2 L, Zooplancton marino.\"}]},{\"@type\":\"WebSite\",\"@id\":\"https:\\\/\\\/acuariosupremus.com\\\/#website\",\"url\":\"https:\\\/\\\/acuariosupremus.com\\\/\",\"name\":\"Acuario Supremus\",\"description\":\"Peces, Peceras y Mascotas.\",\"publisher\":{\"@id\":\"https:\\\/\\\/acuariosupremus.com\\\/#organization\"},\"potentialAction\":[{\"@type\":\"SearchAction\",\"target\":{\"@type\":\"EntryPoint\",\"urlTemplate\":\"https:\\\/\\\/acuariosupremus.com\\\/?s={search_term_string}\"},\"query-input\":{\"@type\":\"PropertyValueSpecification\",\"valueRequired\":true,\"valueName\":\"search_term_string\"}}],\"inLanguage\":\"es\"},{\"@type\":\"Organization\",\"@id\":\"https:\\\/\\\/acuariosupremus.com\\\/#organization\",\"name\":\"Acuario Supremus\",\"url\":\"https:\\\/\\\/acuariosupremus.com\\\/\",\"logo\":{\"@type\":\"ImageObject\",\"inLanguage\":\"es\",\"@id\":\"https:\\\/\\\/acuariosupremus.com\\\/#\\\/schema\\\/logo\\\/image\\\/\",\"url\":\"https:\\\/\\\/acuariosupremus.com\\\/wp-content\\\/uploads\\\/2021\\\/12\\\/cropped-logo_acuario_supremus_fn-2.png\",\"contentUrl\":\"https:\\\/\\\/acuariosupremus.com\\\/wp-content\\\/uploads\\\/2021\\\/12\\\/cropped-logo_acuario_supremus_fn-2.png\",\"width\":1000,\"height\":318,\"caption\":\"Acuario Supremus\"},\"image\":{\"@id\":\"https:\\\/\\\/acuariosupremus.com\\\/#\\\/schema\\\/logo\\\/image\\\/\"},\"sameAs\":[\"https:\\\/\\\/www.facebook.com\\\/AcuarioSupremus\",\"https:\\\/\\\/x.com\\\/AcuarioSupremus\",\"https:\\\/\\\/www.instagram.com\\\/acuariosupremus\\\/?hl=es\"]}]}<\/script>\n<!-- \/ Yoast SEO plugin. -->","yoast_head_json":{"title":"Reef Zooplankton 2 L, Zooplancton marino. | Acuario Supremus","description":"Reef Zooplankton\u2122 es una mezcla concentrada de zooplancton marino dise\u00f1ado para proporcionarlos componentes naturales para el crecimiento de los corales.","robots":{"index":"index","follow":"follow","max-snippet":"max-snippet:-1","max-image-preview":"max-image-preview:large","max-video-preview":"max-video-preview:-1"},"canonical":"https:\/\/acuariosupremus.com\/?product=reef-zooplankton-2-l-zooplancton-marino","og_locale":"es_MX","og_type":"article","og_title":"Reef Zooplankton 2 L, Zooplancton marino. | Acuario Supremus","og_description":"Reef Zooplankton\u2122 es una mezcla concentrada de zooplancton marino dise\u00f1ado para proporcionarlos componentes naturales para el crecimiento de los corales.","og_url":"https:\/\/acuariosupremus.com\/?product=reef-zooplankton-2-l-zooplancton-marino","og_site_name":"Acuario Supremus","article_publisher":"https:\/\/www.facebook.com\/AcuarioSupremus","article_modified_time":"2025-12-27T23:44:07+00:00","og_image":[{"width":1250,"height":1250,"url":"https:\/\/acuariosupremus.com\/wp-content\/uploads\/2022\/05\/seachem_reef_zooplankton_03.jpg","type":"image\/jpeg"}],"twitter_card":"summary_large_image","twitter_site":"@AcuarioSupremus","twitter_misc":{"Tiempo de lectura":"1 minuto"},"schema":{"@context":"https:\/\/schema.org","@graph":[{"@type":"WebPage","@id":"https:\/\/acuariosupremus.com\/?product=reef-zooplankton-2-l-zooplancton-marino","url":"https:\/\/acuariosupremus.com\/?product=reef-zooplankton-2-l-zooplancton-marino","name":"Reef Zooplankton 2 L, Zooplancton marino. | Acuario Supremus","isPartOf":{"@id":"https:\/\/acuariosupremus.com\/#website"},"primaryImageOfPage":{"@id":"https:\/\/acuariosupremus.com\/?product=reef-zooplankton-2-l-zooplancton-marino#primaryimage"},"image":{"@id":"https:\/\/acuariosupremus.com\/?product=reef-zooplankton-2-l-zooplancton-marino#primaryimage"},"thumbnailUrl":"https:\/\/acuariosupremus.com\/wp-content\/uploads\/2022\/05\/seachem_reef_zooplankton_03.jpg","datePublished":"2022-05-11T21:38:27+00:00","dateModified":"2025-12-27T23:44:07+00:00","description":"Reef Zooplankton\u2122 es una mezcla concentrada de zooplancton marino dise\u00f1ado para proporcionarlos componentes naturales para el crecimiento de los corales.","breadcrumb":{"@id":"https:\/\/acuariosupremus.com\/?product=reef-zooplankton-2-l-zooplancton-marino#breadcrumb"},"inLanguage":"es","potentialAction":[{"@type":"ReadAction","target":["https:\/\/acuariosupremus.com\/?product=reef-zooplankton-2-l-zooplancton-marino"]}]},{"@type":"ImageObject","inLanguage":"es","@id":"https:\/\/acuariosupremus.com\/?product=reef-zooplankton-2-l-zooplancton-marino#primaryimage","url":"https:\/\/acuariosupremus.com\/wp-content\/uploads\/2022\/05\/seachem_reef_zooplankton_03.jpg","contentUrl":"https:\/\/acuariosupremus.com\/wp-content\/uploads\/2022\/05\/seachem_reef_zooplankton_03.jpg","width":1250,"height":1250},{"@type":"BreadcrumbList","@id":"https:\/\/acuariosupremus.com\/?product=reef-zooplankton-2-l-zooplancton-marino#breadcrumb","itemListElement":[{"@type":"ListItem","position":1,"name":"Portada","item":"https:\/\/acuariosupremus.com\/"},{"@type":"ListItem","position":2,"name":"Tienda","item":"https:\/\/acuariosupremus.com\/tienda\/"},{"@type":"ListItem","position":3,"name":"Reef Zooplankton 2 L, Zooplancton marino."}]},{"@type":"WebSite","@id":"https:\/\/acuariosupremus.com\/#website","url":"https:\/\/acuariosupremus.com\/","name":"Acuario Supremus","description":"Peces, Peceras y Mascotas.","publisher":{"@id":"https:\/\/acuariosupremus.com\/#organization"},"potentialAction":[{"@type":"SearchAction","target":{"@type":"EntryPoint","urlTemplate":"https:\/\/acuariosupremus.com\/?s={search_term_string}"},"query-input":{"@type":"PropertyValueSpecification","valueRequired":true,"valueName":"search_term_string"}}],"inLanguage":"es"},{"@type":"Organization","@id":"https:\/\/acuariosupremus.com\/#organization","name":"Acuario Supremus","url":"https:\/\/acuariosupremus.com\/","logo":{"@type":"ImageObject","inLanguage":"es","@id":"https:\/\/acuariosupremus.com\/#\/schema\/logo\/image\/","url":"https:\/\/acuariosupremus.com\/wp-content\/uploads\/2021\/12\/cropped-logo_acuario_supremus_fn-2.png","contentUrl":"https:\/\/acuariosupremus.com\/wp-content\/uploads\/2021\/12\/cropped-logo_acuario_supremus_fn-2.png","width":1000,"height":318,"caption":"Acuario Supremus"},"image":{"@id":"https:\/\/acuariosupremus.com\/#\/schema\/logo\/image\/"},"sameAs":["https:\/\/www.facebook.com\/AcuarioSupremus","https:\/\/x.com\/AcuarioSupremus","https:\/\/www.instagram.com\/acuariosupremus\/?hl=es"]}]}},"jetpack_sharing_enabled":true,"_links":{"self":[{"href":"https:\/\/acuariosupremus.com\/index.php?rest_route=\/wp\/v2\/product\/9198","targetHints":{"allow":["GET"]}}],"collection":[{"href":"https:\/\/acuariosupremus.com\/index.php?rest_route=\/wp\/v2\/product"}],"about":[{"href":"https:\/\/acuariosupremus.com\/index.php?rest_route=\/wp\/v2\/types\/product"}],"wp:featuredmedia":[{"embeddable":true,"href":"https:\/\/acuariosupremus.com\/index.php?rest_route=\/wp\/v2\/media\/9199"}],"wp:attachment":[{"href":"https:\/\/acuariosupremus.com\/index.php?rest_route=%2Fwp%2Fv2%2Fmedia&parent=9198"}],"wp:term":[{"taxonomy":"product_brand","embeddable":true,"href":"https:\/\/acuariosupremus.com\/index.php?rest_route=%2Fwp%2Fv2%2Fproduct_brand&post=9198"},{"taxonomy":"product_cat","embeddable":true,"href":"https:\/\/acuariosupremus.com\/index.php?rest_route=%2Fwp%2Fv2%2Fproduct_cat&post=9198"},{"taxonomy":"product_tag","embeddable":true,"href":"https:\/\/acuariosupremus.com\/index.php?rest_route=%2Fwp%2Fv2%2Fproduct_tag&post=9198"}],"curies":[{"name":"wp","href":"https:\/\/api.w.org\/{rel}","templated":true}]}}