{"id":9214,"date":"2022-05-11T18:43:54","date_gmt":"2022-05-11T23:43:54","guid":{"rendered":"https:\/\/acuariosupremus.com\/?post_type=product&#038;p=9214"},"modified":"2025-12-27T17:45:29","modified_gmt":"2025-12-27T23:45:29","slug":"seagel-1-l-filtracion-quimica","status":"publish","type":"product","link":"https:\/\/acuariosupremus.com\/?product=seagel-1-l-filtracion-quimica","title":{"rendered":"SeaGel 1 L, FILTRACION QUIMICA."},"content":{"rendered":"<p>SeaGel \u2122 es una mezcla sin\u00e9rgica a partes iguales de MatrixCarbon \u2122 y PhosGuard \u2122. MatrixCarbon \u2122 es un carb\u00f3n activado con un alt\u00edsimo rendimiento en la absorci\u00f3n de materia org\u00e1nica, impurezas y colorantes, mientras que PhosGuard \u2122 es un poderoso eliminador de fosfato, silicato, metales t\u00f3xicos y \u00e1cidos mediante adsorci\u00f3n. Ambos componentes se presentan en formato granulado con forma esf\u00e9rica. Esta caracter\u00edstica aporta unas propiedades hidrodin\u00e1micas \u00f3ptimas que permiten un flujo de agua homog\u00e9neo dentro del filtro. Esta propiedad \u00fanica en MatrixCarbon \u2122 y PhosGuard \u2122 aumenta su efectividad al m\u00e1ximo, ocupando un m\u00ednimo espacio y un tiempo de reacci\u00f3n muy corto. Ambos componentes mejoran adem\u00e1s su eficacia de forma mutua. MatrixCarbon \u2122 contiene una tasa de fosfato lixiviable casi indetectable que ser\u00e1 absorbida por PhosGuard \u2122 para compensarlo. Este material filtrante es ideal para su uso en acuarios marinos y de arrecife as\u00ed como en agua dulce, manteniendo siempre un agua cristalina libre de toxinas y excesos de nutrientes.<\/p>\n<p>Producto: SeaGel 1L. Tama\u00f1o 95 x 95 x 195 mm. (l x a x h),\u00a0 Peso envase: 0.880 (Kg.).<\/p>\n<p>&nbsp;<\/p>\n","protected":false},"excerpt":{"rendered":"<p>Material filtrante qu\u00edmico que combina un carb\u00f3n activado macro-poroso (MatrixCarbon) con un potente adsorbente de fosfatos y silicatos (Phosguard) a partes iguales. Su formato en gr\u00e1nulos esf\u00e9ricos es excelente para optimizar su rendimiento de adsorci\u00f3n y un flujo homog\u00e9neo del agua en el filtro.<\/p>\n","protected":false},"featured_media":9215,"template":"","meta":[],"product_brand":[123],"product_cat":[40,48],"product_tag":[580,264,782,781],"class_list":{"0":"post-9214","1":"product","2":"type-product","3":"status-publish","4":"has-post-thumbnail","6":"product_brand-seachem","7":"product_cat-peces","8":"product_cat-material-filtrante","9":"product_tag-filtracion-quimica","10":"product_tag-material-filtrante","11":"product_tag-material-filtrante-pro","12":"product_tag-seagel","14":"first","15":"instock","16":"sale","17":"shipping-taxable","18":"purchasable","19":"product-type-simple"},"yoast_head":"<!-- This site is optimized with the Yoast SEO plugin v27.5 - https:\/\/yoast.com\/product\/yoast-seo-wordpress\/ -->\n<title>SeaGel 1 L, FILTRACION QUIMICA. | Acuario Supremus<\/title>\n<meta name=\"description\" content=\"Material filtrante qu\u00edmico que combina un carb\u00f3n activado macro-poroso (MatrixCarbon) con un potente adsorbente de fosfatos y silicatos (Phosguard) a partes iguales.\" \/>\n<meta name=\"robots\" content=\"index, follow, max-snippet:-1, max-image-preview:large, max-video-preview:-1\" \/>\n<link rel=\"canonical\" href=\"https:\/\/acuariosupremus.com\/?product=seagel-1-l-filtracion-quimica\" \/>\n<meta property=\"og:locale\" content=\"es_MX\" \/>\n<meta property=\"og:type\" content=\"article\" \/>\n<meta property=\"og:title\" content=\"SeaGel 1 L, FILTRACION QUIMICA. | Acuario Supremus\" \/>\n<meta property=\"og:description\" content=\"Material filtrante qu\u00edmico que combina un carb\u00f3n activado macro-poroso (MatrixCarbon) con un potente adsorbente de fosfatos y silicatos (Phosguard) a partes iguales.\" \/>\n<meta property=\"og:url\" content=\"https:\/\/acuariosupremus.com\/?product=seagel-1-l-filtracion-quimica\" \/>\n<meta property=\"og:site_name\" content=\"Acuario Supremus\" \/>\n<meta property=\"article:publisher\" content=\"https:\/\/www.facebook.com\/AcuarioSupremus\" \/>\n<meta property=\"article:modified_time\" content=\"2025-12-27T23:45:29+00:00\" \/>\n<meta property=\"og:image\" content=\"https:\/\/acuariosupremus.com\/wp-content\/uploads\/2022\/05\/seachem_seagel_08-1.jpg\" \/>\n\t<meta property=\"og:image:width\" content=\"616\" \/>\n\t<meta property=\"og:image:height\" content=\"616\" \/>\n\t<meta property=\"og:image:type\" content=\"image\/jpeg\" \/>\n<meta name=\"twitter:card\" content=\"summary_large_image\" \/>\n<meta name=\"twitter:site\" content=\"@AcuarioSupremus\" \/>\n<meta name=\"twitter:label1\" content=\"Tiempo de lectura\" \/>\n\t<meta name=\"twitter:data1\" content=\"1 minuto\" \/>\n<script type=\"application\/ld+json\" class=\"yoast-schema-graph\">{\"@context\":\"https:\\\/\\\/schema.org\",\"@graph\":[{\"@type\":\"WebPage\",\"@id\":\"https:\\\/\\\/acuariosupremus.com\\\/?product=seagel-1-l-filtracion-quimica\",\"url\":\"https:\\\/\\\/acuariosupremus.com\\\/?product=seagel-1-l-filtracion-quimica\",\"name\":\"SeaGel 1 L, FILTRACION QUIMICA. | Acuario Supremus\",\"isPartOf\":{\"@id\":\"https:\\\/\\\/acuariosupremus.com\\\/#website\"},\"primaryImageOfPage\":{\"@id\":\"https:\\\/\\\/acuariosupremus.com\\\/?product=seagel-1-l-filtracion-quimica#primaryimage\"},\"image\":{\"@id\":\"https:\\\/\\\/acuariosupremus.com\\\/?product=seagel-1-l-filtracion-quimica#primaryimage\"},\"thumbnailUrl\":\"https:\\\/\\\/acuariosupremus.com\\\/wp-content\\\/uploads\\\/2022\\\/05\\\/seachem_seagel_08-1.jpg\",\"datePublished\":\"2022-05-11T23:43:54+00:00\",\"dateModified\":\"2025-12-27T23:45:29+00:00\",\"description\":\"Material filtrante qu\u00edmico que combina un carb\u00f3n activado macro-poroso (MatrixCarbon) con un potente adsorbente de fosfatos y silicatos (Phosguard) a partes iguales.\",\"breadcrumb\":{\"@id\":\"https:\\\/\\\/acuariosupremus.com\\\/?product=seagel-1-l-filtracion-quimica#breadcrumb\"},\"inLanguage\":\"es\",\"potentialAction\":[{\"@type\":\"ReadAction\",\"target\":[\"https:\\\/\\\/acuariosupremus.com\\\/?product=seagel-1-l-filtracion-quimica\"]}]},{\"@type\":\"ImageObject\",\"inLanguage\":\"es\",\"@id\":\"https:\\\/\\\/acuariosupremus.com\\\/?product=seagel-1-l-filtracion-quimica#primaryimage\",\"url\":\"https:\\\/\\\/acuariosupremus.com\\\/wp-content\\\/uploads\\\/2022\\\/05\\\/seachem_seagel_08-1.jpg\",\"contentUrl\":\"https:\\\/\\\/acuariosupremus.com\\\/wp-content\\\/uploads\\\/2022\\\/05\\\/seachem_seagel_08-1.jpg\",\"width\":616,\"height\":616},{\"@type\":\"BreadcrumbList\",\"@id\":\"https:\\\/\\\/acuariosupremus.com\\\/?product=seagel-1-l-filtracion-quimica#breadcrumb\",\"itemListElement\":[{\"@type\":\"ListItem\",\"position\":1,\"name\":\"Portada\",\"item\":\"https:\\\/\\\/acuariosupremus.com\\\/\"},{\"@type\":\"ListItem\",\"position\":2,\"name\":\"Tienda\",\"item\":\"https:\\\/\\\/acuariosupremus.com\\\/tienda\\\/\"},{\"@type\":\"ListItem\",\"position\":3,\"name\":\"SeaGel 1 L, FILTRACION QUIMICA.\"}]},{\"@type\":\"WebSite\",\"@id\":\"https:\\\/\\\/acuariosupremus.com\\\/#website\",\"url\":\"https:\\\/\\\/acuariosupremus.com\\\/\",\"name\":\"Acuario Supremus\",\"description\":\"Peces, Peceras y Mascotas.\",\"publisher\":{\"@id\":\"https:\\\/\\\/acuariosupremus.com\\\/#organization\"},\"potentialAction\":[{\"@type\":\"SearchAction\",\"target\":{\"@type\":\"EntryPoint\",\"urlTemplate\":\"https:\\\/\\\/acuariosupremus.com\\\/?s={search_term_string}\"},\"query-input\":{\"@type\":\"PropertyValueSpecification\",\"valueRequired\":true,\"valueName\":\"search_term_string\"}}],\"inLanguage\":\"es\"},{\"@type\":\"Organization\",\"@id\":\"https:\\\/\\\/acuariosupremus.com\\\/#organization\",\"name\":\"Acuario Supremus\",\"url\":\"https:\\\/\\\/acuariosupremus.com\\\/\",\"logo\":{\"@type\":\"ImageObject\",\"inLanguage\":\"es\",\"@id\":\"https:\\\/\\\/acuariosupremus.com\\\/#\\\/schema\\\/logo\\\/image\\\/\",\"url\":\"https:\\\/\\\/acuariosupremus.com\\\/wp-content\\\/uploads\\\/2021\\\/12\\\/cropped-logo_acuario_supremus_fn-2.png\",\"contentUrl\":\"https:\\\/\\\/acuariosupremus.com\\\/wp-content\\\/uploads\\\/2021\\\/12\\\/cropped-logo_acuario_supremus_fn-2.png\",\"width\":1000,\"height\":318,\"caption\":\"Acuario Supremus\"},\"image\":{\"@id\":\"https:\\\/\\\/acuariosupremus.com\\\/#\\\/schema\\\/logo\\\/image\\\/\"},\"sameAs\":[\"https:\\\/\\\/www.facebook.com\\\/AcuarioSupremus\",\"https:\\\/\\\/x.com\\\/AcuarioSupremus\",\"https:\\\/\\\/www.instagram.com\\\/acuariosupremus\\\/?hl=es\"]}]}<\/script>\n<!-- \/ Yoast SEO plugin. -->","yoast_head_json":{"title":"SeaGel 1 L, FILTRACION QUIMICA. | Acuario Supremus","description":"Material filtrante qu\u00edmico que combina un carb\u00f3n activado macro-poroso (MatrixCarbon) con un potente adsorbente de fosfatos y silicatos (Phosguard) a partes iguales.","robots":{"index":"index","follow":"follow","max-snippet":"max-snippet:-1","max-image-preview":"max-image-preview:large","max-video-preview":"max-video-preview:-1"},"canonical":"https:\/\/acuariosupremus.com\/?product=seagel-1-l-filtracion-quimica","og_locale":"es_MX","og_type":"article","og_title":"SeaGel 1 L, FILTRACION QUIMICA. | Acuario Supremus","og_description":"Material filtrante qu\u00edmico que combina un carb\u00f3n activado macro-poroso (MatrixCarbon) con un potente adsorbente de fosfatos y silicatos (Phosguard) a partes iguales.","og_url":"https:\/\/acuariosupremus.com\/?product=seagel-1-l-filtracion-quimica","og_site_name":"Acuario Supremus","article_publisher":"https:\/\/www.facebook.com\/AcuarioSupremus","article_modified_time":"2025-12-27T23:45:29+00:00","og_image":[{"width":616,"height":616,"url":"https:\/\/acuariosupremus.com\/wp-content\/uploads\/2022\/05\/seachem_seagel_08-1.jpg","type":"image\/jpeg"}],"twitter_card":"summary_large_image","twitter_site":"@AcuarioSupremus","twitter_misc":{"Tiempo de lectura":"1 minuto"},"schema":{"@context":"https:\/\/schema.org","@graph":[{"@type":"WebPage","@id":"https:\/\/acuariosupremus.com\/?product=seagel-1-l-filtracion-quimica","url":"https:\/\/acuariosupremus.com\/?product=seagel-1-l-filtracion-quimica","name":"SeaGel 1 L, FILTRACION QUIMICA. | Acuario Supremus","isPartOf":{"@id":"https:\/\/acuariosupremus.com\/#website"},"primaryImageOfPage":{"@id":"https:\/\/acuariosupremus.com\/?product=seagel-1-l-filtracion-quimica#primaryimage"},"image":{"@id":"https:\/\/acuariosupremus.com\/?product=seagel-1-l-filtracion-quimica#primaryimage"},"thumbnailUrl":"https:\/\/acuariosupremus.com\/wp-content\/uploads\/2022\/05\/seachem_seagel_08-1.jpg","datePublished":"2022-05-11T23:43:54+00:00","dateModified":"2025-12-27T23:45:29+00:00","description":"Material filtrante qu\u00edmico que combina un carb\u00f3n activado macro-poroso (MatrixCarbon) con un potente adsorbente de fosfatos y silicatos (Phosguard) a partes iguales.","breadcrumb":{"@id":"https:\/\/acuariosupremus.com\/?product=seagel-1-l-filtracion-quimica#breadcrumb"},"inLanguage":"es","potentialAction":[{"@type":"ReadAction","target":["https:\/\/acuariosupremus.com\/?product=seagel-1-l-filtracion-quimica"]}]},{"@type":"ImageObject","inLanguage":"es","@id":"https:\/\/acuariosupremus.com\/?product=seagel-1-l-filtracion-quimica#primaryimage","url":"https:\/\/acuariosupremus.com\/wp-content\/uploads\/2022\/05\/seachem_seagel_08-1.jpg","contentUrl":"https:\/\/acuariosupremus.com\/wp-content\/uploads\/2022\/05\/seachem_seagel_08-1.jpg","width":616,"height":616},{"@type":"BreadcrumbList","@id":"https:\/\/acuariosupremus.com\/?product=seagel-1-l-filtracion-quimica#breadcrumb","itemListElement":[{"@type":"ListItem","position":1,"name":"Portada","item":"https:\/\/acuariosupremus.com\/"},{"@type":"ListItem","position":2,"name":"Tienda","item":"https:\/\/acuariosupremus.com\/tienda\/"},{"@type":"ListItem","position":3,"name":"SeaGel 1 L, FILTRACION QUIMICA."}]},{"@type":"WebSite","@id":"https:\/\/acuariosupremus.com\/#website","url":"https:\/\/acuariosupremus.com\/","name":"Acuario Supremus","description":"Peces, Peceras y Mascotas.","publisher":{"@id":"https:\/\/acuariosupremus.com\/#organization"},"potentialAction":[{"@type":"SearchAction","target":{"@type":"EntryPoint","urlTemplate":"https:\/\/acuariosupremus.com\/?s={search_term_string}"},"query-input":{"@type":"PropertyValueSpecification","valueRequired":true,"valueName":"search_term_string"}}],"inLanguage":"es"},{"@type":"Organization","@id":"https:\/\/acuariosupremus.com\/#organization","name":"Acuario Supremus","url":"https:\/\/acuariosupremus.com\/","logo":{"@type":"ImageObject","inLanguage":"es","@id":"https:\/\/acuariosupremus.com\/#\/schema\/logo\/image\/","url":"https:\/\/acuariosupremus.com\/wp-content\/uploads\/2021\/12\/cropped-logo_acuario_supremus_fn-2.png","contentUrl":"https:\/\/acuariosupremus.com\/wp-content\/uploads\/2021\/12\/cropped-logo_acuario_supremus_fn-2.png","width":1000,"height":318,"caption":"Acuario Supremus"},"image":{"@id":"https:\/\/acuariosupremus.com\/#\/schema\/logo\/image\/"},"sameAs":["https:\/\/www.facebook.com\/AcuarioSupremus","https:\/\/x.com\/AcuarioSupremus","https:\/\/www.instagram.com\/acuariosupremus\/?hl=es"]}]}},"jetpack_sharing_enabled":true,"_links":{"self":[{"href":"https:\/\/acuariosupremus.com\/index.php?rest_route=\/wp\/v2\/product\/9214","targetHints":{"allow":["GET"]}}],"collection":[{"href":"https:\/\/acuariosupremus.com\/index.php?rest_route=\/wp\/v2\/product"}],"about":[{"href":"https:\/\/acuariosupremus.com\/index.php?rest_route=\/wp\/v2\/types\/product"}],"wp:featuredmedia":[{"embeddable":true,"href":"https:\/\/acuariosupremus.com\/index.php?rest_route=\/wp\/v2\/media\/9215"}],"wp:attachment":[{"href":"https:\/\/acuariosupremus.com\/index.php?rest_route=%2Fwp%2Fv2%2Fmedia&parent=9214"}],"wp:term":[{"taxonomy":"product_brand","embeddable":true,"href":"https:\/\/acuariosupremus.com\/index.php?rest_route=%2Fwp%2Fv2%2Fproduct_brand&post=9214"},{"taxonomy":"product_cat","embeddable":true,"href":"https:\/\/acuariosupremus.com\/index.php?rest_route=%2Fwp%2Fv2%2Fproduct_cat&post=9214"},{"taxonomy":"product_tag","embeddable":true,"href":"https:\/\/acuariosupremus.com\/index.php?rest_route=%2Fwp%2Fv2%2Fproduct_tag&post=9214"}],"curies":[{"name":"wp","href":"https:\/\/api.w.org\/{rel}","templated":true}]}}