{"id":9232,"date":"2022-05-11T19:19:56","date_gmt":"2022-05-12T00:19:56","guid":{"rendered":"https:\/\/acuariosupremus.com\/?post_type=product&#038;p=9232"},"modified":"2025-12-29T13:25:15","modified_gmt":"2025-12-29T19:25:15","slug":"renew-100-ml-empacado-the-bag-filtracion-quimica","status":"publish","type":"product","link":"https:\/\/acuariosupremus.com\/?product=renew-100-ml-empacado-the-bag-filtracion-quimica","title":{"rendered":"Renew 100 ml (empacado &#8220;the bag&#8221;), Filtraci\u00f3n Qu\u00edmica."},"content":{"rendered":"<p>Renew\u2122 es un material filtrante qu\u00edmico que adsorbe eficazmente las sustancias org\u00e1nicas de su acuario tales como amon\u00edaco, nitrito, nitrato y fosfato. Adem\u00e1s act\u00faa como un eficiente filtro mec\u00e1nico, reteniendo en sus granos diminutas part\u00edculas org\u00e1nicas de di\u00e1metro inferior a una micra. Estos coloides retenidos por Renew\u2122 est\u00e1n fuera del alcance de los filtros mec\u00e1nicos tradicionales. Resuelve el problema del exceso de fosfato liberado por ciertos carbones activados, siendo mucho menos agresivo que estos. Tambi\u00e9n es beneficioso en acuarios de aguas blandas donde el efecto de elevar el pH de muchos carbones activados representa una clara desventaja. Un envase de 250 ml. trata un acuario de entre 120 &#8211; 160 litros durante 4-6 semanas.<\/p>\n<p>Producto: Renew 100 ml. Tama\u00f1o 125x10x200 mm. (l x a x h),\u00a0 Peso envase: 0.065 (Kg.).<\/p>\n<p>&nbsp;<\/p>\n","protected":false},"excerpt":{"rendered":"<p>Renew\u2122 es un material filtrante qu\u00edmico que adsorbe eficazmente las sustancias org\u00e1nicas de su acuario tales como amon\u00edaco, nitrito, nitrato y fosfato<\/p>\n","protected":false},"featured_media":9233,"template":"","meta":[],"product_brand":[123],"product_cat":[40,48],"product_tag":[580,264,782,783],"class_list":{"0":"post-9232","1":"product","2":"type-product","3":"status-publish","4":"has-post-thumbnail","6":"product_brand-seachem","7":"product_cat-peces","8":"product_cat-material-filtrante","9":"product_tag-filtracion-quimica","10":"product_tag-material-filtrante","11":"product_tag-material-filtrante-pro","12":"product_tag-renew","14":"first","15":"instock","16":"sale","17":"shipping-taxable","18":"purchasable","19":"product-type-simple"},"yoast_head":"<!-- This site is optimized with the Yoast SEO plugin v27.4 - https:\/\/yoast.com\/product\/yoast-seo-wordpress\/ -->\n<title>Renew 100 ml (empacado &quot;the bag&quot;), Filtraci\u00f3n Qu\u00edmica. | Acuario Supremus<\/title>\n<meta name=\"description\" content=\"Renew\u2122 es un material filtrante qu\u00edmico que adsorbe eficazmente las sustancias org\u00e1nicas de su acuario tales como amoniaco, nitrito, nitrato y fosfato.\" \/>\n<meta name=\"robots\" content=\"index, follow, max-snippet:-1, max-image-preview:large, max-video-preview:-1\" \/>\n<link rel=\"canonical\" href=\"https:\/\/acuariosupremus.com\/?product=renew-100-ml-empacado-the-bag-filtracion-quimica\" \/>\n<meta property=\"og:locale\" content=\"es_MX\" \/>\n<meta property=\"og:type\" content=\"article\" \/>\n<meta property=\"og:title\" content=\"Renew 100 ml (empacado &quot;the bag&quot;), Filtraci\u00f3n Qu\u00edmica. | Acuario Supremus\" \/>\n<meta property=\"og:description\" content=\"Renew\u2122 es un material filtrante qu\u00edmico que adsorbe eficazmente las sustancias org\u00e1nicas de su acuario tales como amoniaco, nitrito, nitrato y fosfato.\" \/>\n<meta property=\"og:url\" content=\"https:\/\/acuariosupremus.com\/?product=renew-100-ml-empacado-the-bag-filtracion-quimica\" \/>\n<meta property=\"og:site_name\" content=\"Acuario Supremus\" \/>\n<meta property=\"article:publisher\" content=\"https:\/\/www.facebook.com\/AcuarioSupremus\" \/>\n<meta property=\"article:modified_time\" content=\"2025-12-29T19:25:15+00:00\" \/>\n<meta property=\"og:image\" content=\"https:\/\/acuariosupremus.com\/wp-content\/uploads\/2022\/05\/seachem_renew_02-1.jpg\" \/>\n\t<meta property=\"og:image:width\" content=\"1250\" \/>\n\t<meta property=\"og:image:height\" content=\"1250\" \/>\n\t<meta property=\"og:image:type\" content=\"image\/jpeg\" \/>\n<meta name=\"twitter:card\" content=\"summary_large_image\" \/>\n<meta name=\"twitter:site\" content=\"@AcuarioSupremus\" \/>\n<meta name=\"twitter:label1\" content=\"Tiempo de lectura\" \/>\n\t<meta name=\"twitter:data1\" content=\"1 minuto\" \/>\n<script type=\"application\/ld+json\" class=\"yoast-schema-graph\">{\"@context\":\"https:\\\/\\\/schema.org\",\"@graph\":[{\"@type\":\"WebPage\",\"@id\":\"https:\\\/\\\/acuariosupremus.com\\\/?product=renew-100-ml-empacado-the-bag-filtracion-quimica\",\"url\":\"https:\\\/\\\/acuariosupremus.com\\\/?product=renew-100-ml-empacado-the-bag-filtracion-quimica\",\"name\":\"Renew 100 ml (empacado \\\"the bag\\\"), Filtraci\u00f3n Qu\u00edmica. | Acuario Supremus\",\"isPartOf\":{\"@id\":\"https:\\\/\\\/acuariosupremus.com\\\/#website\"},\"primaryImageOfPage\":{\"@id\":\"https:\\\/\\\/acuariosupremus.com\\\/?product=renew-100-ml-empacado-the-bag-filtracion-quimica#primaryimage\"},\"image\":{\"@id\":\"https:\\\/\\\/acuariosupremus.com\\\/?product=renew-100-ml-empacado-the-bag-filtracion-quimica#primaryimage\"},\"thumbnailUrl\":\"https:\\\/\\\/acuariosupremus.com\\\/wp-content\\\/uploads\\\/2022\\\/05\\\/seachem_renew_02-1.jpg\",\"datePublished\":\"2022-05-12T00:19:56+00:00\",\"dateModified\":\"2025-12-29T19:25:15+00:00\",\"description\":\"Renew\u2122 es un material filtrante qu\u00edmico que adsorbe eficazmente las sustancias org\u00e1nicas de su acuario tales como amoniaco, nitrito, nitrato y fosfato.\",\"breadcrumb\":{\"@id\":\"https:\\\/\\\/acuariosupremus.com\\\/?product=renew-100-ml-empacado-the-bag-filtracion-quimica#breadcrumb\"},\"inLanguage\":\"es\",\"potentialAction\":[{\"@type\":\"ReadAction\",\"target\":[\"https:\\\/\\\/acuariosupremus.com\\\/?product=renew-100-ml-empacado-the-bag-filtracion-quimica\"]}]},{\"@type\":\"ImageObject\",\"inLanguage\":\"es\",\"@id\":\"https:\\\/\\\/acuariosupremus.com\\\/?product=renew-100-ml-empacado-the-bag-filtracion-quimica#primaryimage\",\"url\":\"https:\\\/\\\/acuariosupremus.com\\\/wp-content\\\/uploads\\\/2022\\\/05\\\/seachem_renew_02-1.jpg\",\"contentUrl\":\"https:\\\/\\\/acuariosupremus.com\\\/wp-content\\\/uploads\\\/2022\\\/05\\\/seachem_renew_02-1.jpg\",\"width\":1250,\"height\":1250},{\"@type\":\"BreadcrumbList\",\"@id\":\"https:\\\/\\\/acuariosupremus.com\\\/?product=renew-100-ml-empacado-the-bag-filtracion-quimica#breadcrumb\",\"itemListElement\":[{\"@type\":\"ListItem\",\"position\":1,\"name\":\"Portada\",\"item\":\"https:\\\/\\\/acuariosupremus.com\\\/\"},{\"@type\":\"ListItem\",\"position\":2,\"name\":\"Tienda\",\"item\":\"https:\\\/\\\/acuariosupremus.com\\\/tienda\\\/\"},{\"@type\":\"ListItem\",\"position\":3,\"name\":\"Renew 100 ml (empacado \u00abthe bag\u00bb), Filtraci\u00f3n Qu\u00edmica.\"}]},{\"@type\":\"WebSite\",\"@id\":\"https:\\\/\\\/acuariosupremus.com\\\/#website\",\"url\":\"https:\\\/\\\/acuariosupremus.com\\\/\",\"name\":\"Acuario Supremus\",\"description\":\"Peces, Peceras y Mascotas.\",\"publisher\":{\"@id\":\"https:\\\/\\\/acuariosupremus.com\\\/#organization\"},\"potentialAction\":[{\"@type\":\"SearchAction\",\"target\":{\"@type\":\"EntryPoint\",\"urlTemplate\":\"https:\\\/\\\/acuariosupremus.com\\\/?s={search_term_string}\"},\"query-input\":{\"@type\":\"PropertyValueSpecification\",\"valueRequired\":true,\"valueName\":\"search_term_string\"}}],\"inLanguage\":\"es\"},{\"@type\":\"Organization\",\"@id\":\"https:\\\/\\\/acuariosupremus.com\\\/#organization\",\"name\":\"Acuario Supremus\",\"url\":\"https:\\\/\\\/acuariosupremus.com\\\/\",\"logo\":{\"@type\":\"ImageObject\",\"inLanguage\":\"es\",\"@id\":\"https:\\\/\\\/acuariosupremus.com\\\/#\\\/schema\\\/logo\\\/image\\\/\",\"url\":\"https:\\\/\\\/acuariosupremus.com\\\/wp-content\\\/uploads\\\/2021\\\/12\\\/cropped-logo_acuario_supremus_fn-2.png\",\"contentUrl\":\"https:\\\/\\\/acuariosupremus.com\\\/wp-content\\\/uploads\\\/2021\\\/12\\\/cropped-logo_acuario_supremus_fn-2.png\",\"width\":1000,\"height\":318,\"caption\":\"Acuario Supremus\"},\"image\":{\"@id\":\"https:\\\/\\\/acuariosupremus.com\\\/#\\\/schema\\\/logo\\\/image\\\/\"},\"sameAs\":[\"https:\\\/\\\/www.facebook.com\\\/AcuarioSupremus\",\"https:\\\/\\\/x.com\\\/AcuarioSupremus\",\"https:\\\/\\\/www.instagram.com\\\/acuariosupremus\\\/?hl=es\"]}]}<\/script>\n<!-- \/ Yoast SEO plugin. -->","yoast_head_json":{"title":"Renew 100 ml (empacado \"the bag\"), Filtraci\u00f3n Qu\u00edmica. | Acuario Supremus","description":"Renew\u2122 es un material filtrante qu\u00edmico que adsorbe eficazmente las sustancias org\u00e1nicas de su acuario tales como amoniaco, nitrito, nitrato y fosfato.","robots":{"index":"index","follow":"follow","max-snippet":"max-snippet:-1","max-image-preview":"max-image-preview:large","max-video-preview":"max-video-preview:-1"},"canonical":"https:\/\/acuariosupremus.com\/?product=renew-100-ml-empacado-the-bag-filtracion-quimica","og_locale":"es_MX","og_type":"article","og_title":"Renew 100 ml (empacado \"the bag\"), Filtraci\u00f3n Qu\u00edmica. | Acuario Supremus","og_description":"Renew\u2122 es un material filtrante qu\u00edmico que adsorbe eficazmente las sustancias org\u00e1nicas de su acuario tales como amoniaco, nitrito, nitrato y fosfato.","og_url":"https:\/\/acuariosupremus.com\/?product=renew-100-ml-empacado-the-bag-filtracion-quimica","og_site_name":"Acuario Supremus","article_publisher":"https:\/\/www.facebook.com\/AcuarioSupremus","article_modified_time":"2025-12-29T19:25:15+00:00","og_image":[{"width":1250,"height":1250,"url":"https:\/\/acuariosupremus.com\/wp-content\/uploads\/2022\/05\/seachem_renew_02-1.jpg","type":"image\/jpeg"}],"twitter_card":"summary_large_image","twitter_site":"@AcuarioSupremus","twitter_misc":{"Tiempo de lectura":"1 minuto"},"schema":{"@context":"https:\/\/schema.org","@graph":[{"@type":"WebPage","@id":"https:\/\/acuariosupremus.com\/?product=renew-100-ml-empacado-the-bag-filtracion-quimica","url":"https:\/\/acuariosupremus.com\/?product=renew-100-ml-empacado-the-bag-filtracion-quimica","name":"Renew 100 ml (empacado \"the bag\"), Filtraci\u00f3n Qu\u00edmica. | Acuario Supremus","isPartOf":{"@id":"https:\/\/acuariosupremus.com\/#website"},"primaryImageOfPage":{"@id":"https:\/\/acuariosupremus.com\/?product=renew-100-ml-empacado-the-bag-filtracion-quimica#primaryimage"},"image":{"@id":"https:\/\/acuariosupremus.com\/?product=renew-100-ml-empacado-the-bag-filtracion-quimica#primaryimage"},"thumbnailUrl":"https:\/\/acuariosupremus.com\/wp-content\/uploads\/2022\/05\/seachem_renew_02-1.jpg","datePublished":"2022-05-12T00:19:56+00:00","dateModified":"2025-12-29T19:25:15+00:00","description":"Renew\u2122 es un material filtrante qu\u00edmico que adsorbe eficazmente las sustancias org\u00e1nicas de su acuario tales como amoniaco, nitrito, nitrato y fosfato.","breadcrumb":{"@id":"https:\/\/acuariosupremus.com\/?product=renew-100-ml-empacado-the-bag-filtracion-quimica#breadcrumb"},"inLanguage":"es","potentialAction":[{"@type":"ReadAction","target":["https:\/\/acuariosupremus.com\/?product=renew-100-ml-empacado-the-bag-filtracion-quimica"]}]},{"@type":"ImageObject","inLanguage":"es","@id":"https:\/\/acuariosupremus.com\/?product=renew-100-ml-empacado-the-bag-filtracion-quimica#primaryimage","url":"https:\/\/acuariosupremus.com\/wp-content\/uploads\/2022\/05\/seachem_renew_02-1.jpg","contentUrl":"https:\/\/acuariosupremus.com\/wp-content\/uploads\/2022\/05\/seachem_renew_02-1.jpg","width":1250,"height":1250},{"@type":"BreadcrumbList","@id":"https:\/\/acuariosupremus.com\/?product=renew-100-ml-empacado-the-bag-filtracion-quimica#breadcrumb","itemListElement":[{"@type":"ListItem","position":1,"name":"Portada","item":"https:\/\/acuariosupremus.com\/"},{"@type":"ListItem","position":2,"name":"Tienda","item":"https:\/\/acuariosupremus.com\/tienda\/"},{"@type":"ListItem","position":3,"name":"Renew 100 ml (empacado \u00abthe bag\u00bb), Filtraci\u00f3n Qu\u00edmica."}]},{"@type":"WebSite","@id":"https:\/\/acuariosupremus.com\/#website","url":"https:\/\/acuariosupremus.com\/","name":"Acuario Supremus","description":"Peces, Peceras y Mascotas.","publisher":{"@id":"https:\/\/acuariosupremus.com\/#organization"},"potentialAction":[{"@type":"SearchAction","target":{"@type":"EntryPoint","urlTemplate":"https:\/\/acuariosupremus.com\/?s={search_term_string}"},"query-input":{"@type":"PropertyValueSpecification","valueRequired":true,"valueName":"search_term_string"}}],"inLanguage":"es"},{"@type":"Organization","@id":"https:\/\/acuariosupremus.com\/#organization","name":"Acuario Supremus","url":"https:\/\/acuariosupremus.com\/","logo":{"@type":"ImageObject","inLanguage":"es","@id":"https:\/\/acuariosupremus.com\/#\/schema\/logo\/image\/","url":"https:\/\/acuariosupremus.com\/wp-content\/uploads\/2021\/12\/cropped-logo_acuario_supremus_fn-2.png","contentUrl":"https:\/\/acuariosupremus.com\/wp-content\/uploads\/2021\/12\/cropped-logo_acuario_supremus_fn-2.png","width":1000,"height":318,"caption":"Acuario Supremus"},"image":{"@id":"https:\/\/acuariosupremus.com\/#\/schema\/logo\/image\/"},"sameAs":["https:\/\/www.facebook.com\/AcuarioSupremus","https:\/\/x.com\/AcuarioSupremus","https:\/\/www.instagram.com\/acuariosupremus\/?hl=es"]}]}},"jetpack_sharing_enabled":true,"_links":{"self":[{"href":"https:\/\/acuariosupremus.com\/index.php?rest_route=\/wp\/v2\/product\/9232","targetHints":{"allow":["GET"]}}],"collection":[{"href":"https:\/\/acuariosupremus.com\/index.php?rest_route=\/wp\/v2\/product"}],"about":[{"href":"https:\/\/acuariosupremus.com\/index.php?rest_route=\/wp\/v2\/types\/product"}],"wp:featuredmedia":[{"embeddable":true,"href":"https:\/\/acuariosupremus.com\/index.php?rest_route=\/wp\/v2\/media\/9233"}],"wp:attachment":[{"href":"https:\/\/acuariosupremus.com\/index.php?rest_route=%2Fwp%2Fv2%2Fmedia&parent=9232"}],"wp:term":[{"taxonomy":"product_brand","embeddable":true,"href":"https:\/\/acuariosupremus.com\/index.php?rest_route=%2Fwp%2Fv2%2Fproduct_brand&post=9232"},{"taxonomy":"product_cat","embeddable":true,"href":"https:\/\/acuariosupremus.com\/index.php?rest_route=%2Fwp%2Fv2%2Fproduct_cat&post=9232"},{"taxonomy":"product_tag","embeddable":true,"href":"https:\/\/acuariosupremus.com\/index.php?rest_route=%2Fwp%2Fv2%2Fproduct_tag&post=9232"}],"curies":[{"name":"wp","href":"https:\/\/api.w.org\/{rel}","templated":true}]}}