{"id":9236,"date":"2022-05-12T14:06:14","date_gmt":"2022-05-12T19:06:14","guid":{"rendered":"https:\/\/acuariosupremus.com\/?post_type=product&#038;p=9236"},"modified":"2025-12-29T13:26:11","modified_gmt":"2025-12-29T19:26:11","slug":"matrixcarbon-4-l-filtracion-quimica","status":"publish","type":"product","link":"https:\/\/acuariosupremus.com\/?product=matrixcarbon-4-l-filtracion-quimica","title":{"rendered":"MatrixCarbon 4 L, Filtraci\u00f3n Qu\u00edmica."},"content":{"rendered":"<p>MatrixCarbon\u2122 es un carb\u00f3n activado \u00fanico formado por granos esf\u00e9ricos que confieren una forma hidrodin\u00e1mica perfecta, permitiendo un gran caudal de filtraci\u00f3n al tiempo que un m\u00e1ximo rendimiento de contacto en su superficie de alta densidad de poros (macroporoso). Tiene un contenido muy bajo en cenizas. Incluso agreg\u00e1ndole agua destilada, no provoca un pH superior a 7.2. Tiene un contenido de fosfato lixiviable pr\u00e1cticamente indetectable. Supera en m\u00e1s del doble en la capacidad de eliminaci\u00f3n de materia org\u00e1nica del acuario, velocidad de adsorci\u00f3n y vida \u00fatil que otros carbones de alto rendimiento del mercado. ientras que el carb\u00f3n es generalmente considerado como un filtro qu\u00edmico, esto no es exactamente cierto. De hecho es un filtro mec\u00e1nico, con la peculiaridad de que es capaz de filtrar mec\u00e1nicamente part\u00edculas de tama\u00f1o molecular. Funciona a trav\u00e9s de peque\u00f1as grietas y hendiduras extremadamente peque\u00f1as, llamadas macro-poros y micro-poros. Los carbones micro-porosos quitan principalmente metales y los iones m\u00e1s peque\u00f1os (como los oligoelementos) y son los m\u00e1s adecuados para filtrado de aire, mientras que los de tipo macro-poroso quitan principalmente grandes mol\u00e9culas org\u00e1nicas (como restos nitrogenados) siendo estos los m\u00e1s adecuados para la filtraci\u00f3n del agua. Los ingredientes con los que se fabrica determinan que este resulte macro o micro-poroso. Los procesados a partir de c\u00e1scara de coco y otros productos org\u00e1nicos forman carbones micro-porosos, mientras que los elaborados a partir de carb\u00f3n bituminoso como Matriox Carbon forman carbones macro-porosos. El tama\u00f1o es \u00f3ptimo para permitir la completa penetraci\u00f3n del agua, pero no lo suficientemente peque\u00f1o como para escapar de las bolsas de filtraci\u00f3n.<\/p>\n<p>Producto: Matrix Carbon 4L. Tama\u00f1o 215 x200 x195 mm. (l x a x h),\u00a0 Peso envase: 2.580 (Kg.).<\/p>\n<p>&nbsp;<\/p>\n","protected":false},"excerpt":{"rendered":"<p>Carb\u00f3n activado macro-poroso de alto rendimiento. Adsorbe eficazmente sustancias nitrogenadas, metales pesados toxinas y desechos org\u00e1nicos del agua. Est\u00e1 formado por esferas que gracias a su hidrodin\u00e1mica perfecta aportan un alto caudal de agua y un gran rendimiento de superficie<\/p>\n","protected":false},"featured_media":9237,"template":"","meta":[],"product_brand":[123],"product_cat":[40,48],"product_tag":[210,580,264,782,784],"class_list":{"0":"post-9236","1":"product","2":"type-product","3":"status-publish","4":"has-post-thumbnail","6":"product_brand-seachem","7":"product_cat-peces","8":"product_cat-material-filtrante","9":"product_tag-carbon-activo","10":"product_tag-filtracion-quimica","11":"product_tag-material-filtrante","12":"product_tag-material-filtrante-pro","13":"product_tag-matrixcarbon","15":"first","16":"instock","17":"sale","18":"shipping-taxable","19":"purchasable","20":"product-type-simple"},"yoast_head":"<!-- This site is optimized with the Yoast SEO plugin v27.4 - https:\/\/yoast.com\/product\/yoast-seo-wordpress\/ -->\n<title>MatrixCarbon 4 L, Filtraci\u00f3n Qu\u00edmica. | Acuario Supremus<\/title>\n<meta name=\"description\" content=\"Carb\u00f3n activado macro-poroso de alto rendimiento. Adsorbe eficazmente sustancias nitrogenadas, metales pesados toxinas y desechos org\u00e1nicos del agua.\" \/>\n<meta name=\"robots\" content=\"index, follow, max-snippet:-1, max-image-preview:large, max-video-preview:-1\" \/>\n<link rel=\"canonical\" href=\"https:\/\/acuariosupremus.com\/?product=matrixcarbon-4-l-filtracion-quimica\" \/>\n<meta property=\"og:locale\" content=\"es_MX\" \/>\n<meta property=\"og:type\" content=\"article\" \/>\n<meta property=\"og:title\" content=\"MatrixCarbon 4 L, Filtraci\u00f3n Qu\u00edmica. | Acuario Supremus\" \/>\n<meta property=\"og:description\" content=\"Carb\u00f3n activado macro-poroso de alto rendimiento. Adsorbe eficazmente sustancias nitrogenadas, metales pesados toxinas y desechos org\u00e1nicos del agua.\" \/>\n<meta property=\"og:url\" content=\"https:\/\/acuariosupremus.com\/?product=matrixcarbon-4-l-filtracion-quimica\" \/>\n<meta property=\"og:site_name\" content=\"Acuario Supremus\" \/>\n<meta property=\"article:publisher\" content=\"https:\/\/www.facebook.com\/AcuarioSupremus\" \/>\n<meta property=\"article:modified_time\" content=\"2025-12-29T19:26:11+00:00\" \/>\n<meta property=\"og:image\" content=\"https:\/\/acuariosupremus.com\/wp-content\/uploads\/2022\/05\/seachem_matrix_carbon_06-1.jpg\" \/>\n\t<meta property=\"og:image:width\" content=\"1250\" \/>\n\t<meta property=\"og:image:height\" content=\"1250\" \/>\n\t<meta property=\"og:image:type\" content=\"image\/jpeg\" \/>\n<meta name=\"twitter:card\" content=\"summary_large_image\" \/>\n<meta name=\"twitter:site\" content=\"@AcuarioSupremus\" \/>\n<meta name=\"twitter:label1\" content=\"Tiempo de lectura\" \/>\n\t<meta name=\"twitter:data1\" content=\"2 minutos\" \/>\n<script type=\"application\/ld+json\" class=\"yoast-schema-graph\">{\"@context\":\"https:\\\/\\\/schema.org\",\"@graph\":[{\"@type\":\"WebPage\",\"@id\":\"https:\\\/\\\/acuariosupremus.com\\\/?product=matrixcarbon-4-l-filtracion-quimica\",\"url\":\"https:\\\/\\\/acuariosupremus.com\\\/?product=matrixcarbon-4-l-filtracion-quimica\",\"name\":\"MatrixCarbon 4 L, Filtraci\u00f3n Qu\u00edmica. | Acuario Supremus\",\"isPartOf\":{\"@id\":\"https:\\\/\\\/acuariosupremus.com\\\/#website\"},\"primaryImageOfPage\":{\"@id\":\"https:\\\/\\\/acuariosupremus.com\\\/?product=matrixcarbon-4-l-filtracion-quimica#primaryimage\"},\"image\":{\"@id\":\"https:\\\/\\\/acuariosupremus.com\\\/?product=matrixcarbon-4-l-filtracion-quimica#primaryimage\"},\"thumbnailUrl\":\"https:\\\/\\\/acuariosupremus.com\\\/wp-content\\\/uploads\\\/2022\\\/05\\\/seachem_matrix_carbon_06-1.jpg\",\"datePublished\":\"2022-05-12T19:06:14+00:00\",\"dateModified\":\"2025-12-29T19:26:11+00:00\",\"description\":\"Carb\u00f3n activado macro-poroso de alto rendimiento. Adsorbe eficazmente sustancias nitrogenadas, metales pesados toxinas y desechos org\u00e1nicos del agua.\",\"breadcrumb\":{\"@id\":\"https:\\\/\\\/acuariosupremus.com\\\/?product=matrixcarbon-4-l-filtracion-quimica#breadcrumb\"},\"inLanguage\":\"es\",\"potentialAction\":[{\"@type\":\"ReadAction\",\"target\":[\"https:\\\/\\\/acuariosupremus.com\\\/?product=matrixcarbon-4-l-filtracion-quimica\"]}]},{\"@type\":\"ImageObject\",\"inLanguage\":\"es\",\"@id\":\"https:\\\/\\\/acuariosupremus.com\\\/?product=matrixcarbon-4-l-filtracion-quimica#primaryimage\",\"url\":\"https:\\\/\\\/acuariosupremus.com\\\/wp-content\\\/uploads\\\/2022\\\/05\\\/seachem_matrix_carbon_06-1.jpg\",\"contentUrl\":\"https:\\\/\\\/acuariosupremus.com\\\/wp-content\\\/uploads\\\/2022\\\/05\\\/seachem_matrix_carbon_06-1.jpg\",\"width\":1250,\"height\":1250},{\"@type\":\"BreadcrumbList\",\"@id\":\"https:\\\/\\\/acuariosupremus.com\\\/?product=matrixcarbon-4-l-filtracion-quimica#breadcrumb\",\"itemListElement\":[{\"@type\":\"ListItem\",\"position\":1,\"name\":\"Portada\",\"item\":\"https:\\\/\\\/acuariosupremus.com\\\/\"},{\"@type\":\"ListItem\",\"position\":2,\"name\":\"Tienda\",\"item\":\"https:\\\/\\\/acuariosupremus.com\\\/tienda\\\/\"},{\"@type\":\"ListItem\",\"position\":3,\"name\":\"MatrixCarbon 4 L, Filtraci\u00f3n Qu\u00edmica.\"}]},{\"@type\":\"WebSite\",\"@id\":\"https:\\\/\\\/acuariosupremus.com\\\/#website\",\"url\":\"https:\\\/\\\/acuariosupremus.com\\\/\",\"name\":\"Acuario Supremus\",\"description\":\"Peces, Peceras y Mascotas.\",\"publisher\":{\"@id\":\"https:\\\/\\\/acuariosupremus.com\\\/#organization\"},\"potentialAction\":[{\"@type\":\"SearchAction\",\"target\":{\"@type\":\"EntryPoint\",\"urlTemplate\":\"https:\\\/\\\/acuariosupremus.com\\\/?s={search_term_string}\"},\"query-input\":{\"@type\":\"PropertyValueSpecification\",\"valueRequired\":true,\"valueName\":\"search_term_string\"}}],\"inLanguage\":\"es\"},{\"@type\":\"Organization\",\"@id\":\"https:\\\/\\\/acuariosupremus.com\\\/#organization\",\"name\":\"Acuario Supremus\",\"url\":\"https:\\\/\\\/acuariosupremus.com\\\/\",\"logo\":{\"@type\":\"ImageObject\",\"inLanguage\":\"es\",\"@id\":\"https:\\\/\\\/acuariosupremus.com\\\/#\\\/schema\\\/logo\\\/image\\\/\",\"url\":\"https:\\\/\\\/acuariosupremus.com\\\/wp-content\\\/uploads\\\/2021\\\/12\\\/cropped-logo_acuario_supremus_fn-2.png\",\"contentUrl\":\"https:\\\/\\\/acuariosupremus.com\\\/wp-content\\\/uploads\\\/2021\\\/12\\\/cropped-logo_acuario_supremus_fn-2.png\",\"width\":1000,\"height\":318,\"caption\":\"Acuario Supremus\"},\"image\":{\"@id\":\"https:\\\/\\\/acuariosupremus.com\\\/#\\\/schema\\\/logo\\\/image\\\/\"},\"sameAs\":[\"https:\\\/\\\/www.facebook.com\\\/AcuarioSupremus\",\"https:\\\/\\\/x.com\\\/AcuarioSupremus\",\"https:\\\/\\\/www.instagram.com\\\/acuariosupremus\\\/?hl=es\"]}]}<\/script>\n<!-- \/ Yoast SEO plugin. -->","yoast_head_json":{"title":"MatrixCarbon 4 L, Filtraci\u00f3n Qu\u00edmica. | Acuario Supremus","description":"Carb\u00f3n activado macro-poroso de alto rendimiento. Adsorbe eficazmente sustancias nitrogenadas, metales pesados toxinas y desechos org\u00e1nicos del agua.","robots":{"index":"index","follow":"follow","max-snippet":"max-snippet:-1","max-image-preview":"max-image-preview:large","max-video-preview":"max-video-preview:-1"},"canonical":"https:\/\/acuariosupremus.com\/?product=matrixcarbon-4-l-filtracion-quimica","og_locale":"es_MX","og_type":"article","og_title":"MatrixCarbon 4 L, Filtraci\u00f3n Qu\u00edmica. | Acuario Supremus","og_description":"Carb\u00f3n activado macro-poroso de alto rendimiento. Adsorbe eficazmente sustancias nitrogenadas, metales pesados toxinas y desechos org\u00e1nicos del agua.","og_url":"https:\/\/acuariosupremus.com\/?product=matrixcarbon-4-l-filtracion-quimica","og_site_name":"Acuario Supremus","article_publisher":"https:\/\/www.facebook.com\/AcuarioSupremus","article_modified_time":"2025-12-29T19:26:11+00:00","og_image":[{"width":1250,"height":1250,"url":"https:\/\/acuariosupremus.com\/wp-content\/uploads\/2022\/05\/seachem_matrix_carbon_06-1.jpg","type":"image\/jpeg"}],"twitter_card":"summary_large_image","twitter_site":"@AcuarioSupremus","twitter_misc":{"Tiempo de lectura":"2 minutos"},"schema":{"@context":"https:\/\/schema.org","@graph":[{"@type":"WebPage","@id":"https:\/\/acuariosupremus.com\/?product=matrixcarbon-4-l-filtracion-quimica","url":"https:\/\/acuariosupremus.com\/?product=matrixcarbon-4-l-filtracion-quimica","name":"MatrixCarbon 4 L, Filtraci\u00f3n Qu\u00edmica. | Acuario Supremus","isPartOf":{"@id":"https:\/\/acuariosupremus.com\/#website"},"primaryImageOfPage":{"@id":"https:\/\/acuariosupremus.com\/?product=matrixcarbon-4-l-filtracion-quimica#primaryimage"},"image":{"@id":"https:\/\/acuariosupremus.com\/?product=matrixcarbon-4-l-filtracion-quimica#primaryimage"},"thumbnailUrl":"https:\/\/acuariosupremus.com\/wp-content\/uploads\/2022\/05\/seachem_matrix_carbon_06-1.jpg","datePublished":"2022-05-12T19:06:14+00:00","dateModified":"2025-12-29T19:26:11+00:00","description":"Carb\u00f3n activado macro-poroso de alto rendimiento. Adsorbe eficazmente sustancias nitrogenadas, metales pesados toxinas y desechos org\u00e1nicos del agua.","breadcrumb":{"@id":"https:\/\/acuariosupremus.com\/?product=matrixcarbon-4-l-filtracion-quimica#breadcrumb"},"inLanguage":"es","potentialAction":[{"@type":"ReadAction","target":["https:\/\/acuariosupremus.com\/?product=matrixcarbon-4-l-filtracion-quimica"]}]},{"@type":"ImageObject","inLanguage":"es","@id":"https:\/\/acuariosupremus.com\/?product=matrixcarbon-4-l-filtracion-quimica#primaryimage","url":"https:\/\/acuariosupremus.com\/wp-content\/uploads\/2022\/05\/seachem_matrix_carbon_06-1.jpg","contentUrl":"https:\/\/acuariosupremus.com\/wp-content\/uploads\/2022\/05\/seachem_matrix_carbon_06-1.jpg","width":1250,"height":1250},{"@type":"BreadcrumbList","@id":"https:\/\/acuariosupremus.com\/?product=matrixcarbon-4-l-filtracion-quimica#breadcrumb","itemListElement":[{"@type":"ListItem","position":1,"name":"Portada","item":"https:\/\/acuariosupremus.com\/"},{"@type":"ListItem","position":2,"name":"Tienda","item":"https:\/\/acuariosupremus.com\/tienda\/"},{"@type":"ListItem","position":3,"name":"MatrixCarbon 4 L, Filtraci\u00f3n Qu\u00edmica."}]},{"@type":"WebSite","@id":"https:\/\/acuariosupremus.com\/#website","url":"https:\/\/acuariosupremus.com\/","name":"Acuario Supremus","description":"Peces, Peceras y Mascotas.","publisher":{"@id":"https:\/\/acuariosupremus.com\/#organization"},"potentialAction":[{"@type":"SearchAction","target":{"@type":"EntryPoint","urlTemplate":"https:\/\/acuariosupremus.com\/?s={search_term_string}"},"query-input":{"@type":"PropertyValueSpecification","valueRequired":true,"valueName":"search_term_string"}}],"inLanguage":"es"},{"@type":"Organization","@id":"https:\/\/acuariosupremus.com\/#organization","name":"Acuario Supremus","url":"https:\/\/acuariosupremus.com\/","logo":{"@type":"ImageObject","inLanguage":"es","@id":"https:\/\/acuariosupremus.com\/#\/schema\/logo\/image\/","url":"https:\/\/acuariosupremus.com\/wp-content\/uploads\/2021\/12\/cropped-logo_acuario_supremus_fn-2.png","contentUrl":"https:\/\/acuariosupremus.com\/wp-content\/uploads\/2021\/12\/cropped-logo_acuario_supremus_fn-2.png","width":1000,"height":318,"caption":"Acuario Supremus"},"image":{"@id":"https:\/\/acuariosupremus.com\/#\/schema\/logo\/image\/"},"sameAs":["https:\/\/www.facebook.com\/AcuarioSupremus","https:\/\/x.com\/AcuarioSupremus","https:\/\/www.instagram.com\/acuariosupremus\/?hl=es"]}]}},"jetpack_sharing_enabled":true,"_links":{"self":[{"href":"https:\/\/acuariosupremus.com\/index.php?rest_route=\/wp\/v2\/product\/9236","targetHints":{"allow":["GET"]}}],"collection":[{"href":"https:\/\/acuariosupremus.com\/index.php?rest_route=\/wp\/v2\/product"}],"about":[{"href":"https:\/\/acuariosupremus.com\/index.php?rest_route=\/wp\/v2\/types\/product"}],"wp:featuredmedia":[{"embeddable":true,"href":"https:\/\/acuariosupremus.com\/index.php?rest_route=\/wp\/v2\/media\/9237"}],"wp:attachment":[{"href":"https:\/\/acuariosupremus.com\/index.php?rest_route=%2Fwp%2Fv2%2Fmedia&parent=9236"}],"wp:term":[{"taxonomy":"product_brand","embeddable":true,"href":"https:\/\/acuariosupremus.com\/index.php?rest_route=%2Fwp%2Fv2%2Fproduct_brand&post=9236"},{"taxonomy":"product_cat","embeddable":true,"href":"https:\/\/acuariosupremus.com\/index.php?rest_route=%2Fwp%2Fv2%2Fproduct_cat&post=9236"},{"taxonomy":"product_tag","embeddable":true,"href":"https:\/\/acuariosupremus.com\/index.php?rest_route=%2Fwp%2Fv2%2Fproduct_tag&post=9236"}],"curies":[{"name":"wp","href":"https:\/\/api.w.org\/{rel}","templated":true}]}}