{"id":9292,"date":"2022-05-12T17:36:52","date_gmt":"2022-05-12T22:36:52","guid":{"rendered":"https:\/\/acuariosupremus.com\/?post_type=product&#038;p=9292"},"modified":"2025-12-29T15:44:21","modified_gmt":"2025-12-29T21:44:21","slug":"phosguard-2-l-filtracion-quimica","status":"publish","type":"product","link":"https:\/\/acuariosupremus.com\/?product=phosguard-2-l-filtracion-quimica","title":{"rendered":"PhosGuard 2 L, Filtraci\u00f3n Qu\u00edmica."},"content":{"rendered":"<p>Adem\u00e1s este formato tiene la ventaja de ocupar un espacio m\u00ednimo y un corto tiempo de reacci\u00f3n. Este material filtrante es ideal para su uso en acuarios marinos y de arrecife as\u00ed como en agua dulce. Phosguard\u2122 no es regenerable. La regeneraci\u00f3n mediante calor solo sirve para sus propiedades absorbentes de la humedad, pero no para la eliminaci\u00f3n del fosfato y el silicato. El \u00f3xido de Aluminio que contiene Phosguard\u2122 es totalmente seguro. No libera al\u00famina al agua ni ning\u00fan otro agente t\u00f3xico en dosis detectables, siendo perfectamente seguro para agua dulce y salada. Del mismo modo, nunca devolver\u00e1 al agua del acuario los fosfatos o silicatos adsorbidos.<br \/>\nPara un mejor uso de este producto enju\u00e1guelo con abundante agua antes de usarlo, ya que puede liberar calor al humedecerlo la primera vez. Col\u00f3quelo en un filtro con un buen flujo de agua durante 4 d\u00edas y analice la tasa de fosfato o el silicato para poder extraerlo del filtro, pudiendo reservarlo para un posterior uso. Si lo desea puede usarlo de forma continua, obteniendo los mejores resultados con unos 85 ml de producto por cada 200 litros de agua del acuario.peque\u00f1o como para escapar de las bolsas de filtraci\u00f3n<\/p>\n<p>Producto: PhosGuard 2L. Tama\u00f1o 125x125x195 mm. (l x a x h),\u00a0 Peso envase: 1.945 (Kg.).<\/p>\n<p>&nbsp;<\/p>\n","protected":false},"excerpt":{"rendered":"<p>Phosguard\u2122 es un medio de filtraci\u00f3n qu\u00edmica a base de \u00f3xido de aluminio con un alto rendimiento en la adsorci\u00f3n de fosfatos y silicatos en acuarios de agua dulce y salada. Adem\u00e1s, es un poderoso eliminador metales t\u00f3xicos y \u00e1cidos mediante adsorci\u00f3n. Se presenta en formato granulado con forma esf\u00e9rica que aporta unas propiedades hidrodin\u00e1micas \u00f3ptimas, que permiten un flujo de agua homog\u00e9neo dentro del filtro y un m\u00e1ximo rendimiento de adsorci\u00f3n<\/p>\n","protected":false},"featured_media":9293,"template":"","meta":[],"product_brand":[123],"product_cat":[40,48],"product_tag":[580,782,790,548],"class_list":{"0":"post-9292","1":"product","2":"type-product","3":"status-publish","4":"has-post-thumbnail","6":"product_brand-seachem","7":"product_cat-peces","8":"product_cat-material-filtrante","9":"product_tag-filtracion-quimica","10":"product_tag-material-filtrante-pro","11":"product_tag-phosguard","12":"product_tag-reductor-fosfato","14":"first","15":"instock","16":"sale","17":"shipping-taxable","18":"purchasable","19":"product-type-simple"},"yoast_head":"<!-- This site is optimized with the Yoast SEO plugin v27.4 - https:\/\/yoast.com\/product\/yoast-seo-wordpress\/ -->\n<title>PhosGuard 2 L, Filtraci\u00f3n Qu\u00edmica. | Acuario Supremus<\/title>\n<meta name=\"description\" content=\"Phosguard\u2122 es un medio de filtraci\u00f3n qu\u00edmica a base de \u00f3xido de aluminio con un alto rendimiento en la absorci\u00f3n de fosfatos y silicatos en agua dulce y salada.\" \/>\n<meta name=\"robots\" content=\"index, follow, max-snippet:-1, max-image-preview:large, max-video-preview:-1\" \/>\n<link rel=\"canonical\" href=\"https:\/\/acuariosupremus.com\/?product=phosguard-2-l-filtracion-quimica\" \/>\n<meta property=\"og:locale\" content=\"es_MX\" \/>\n<meta property=\"og:type\" content=\"article\" \/>\n<meta property=\"og:title\" content=\"PhosGuard 2 L, Filtraci\u00f3n Qu\u00edmica. | Acuario Supremus\" \/>\n<meta property=\"og:description\" content=\"Phosguard\u2122 es un medio de filtraci\u00f3n qu\u00edmica a base de \u00f3xido de aluminio con un alto rendimiento en la absorci\u00f3n de fosfatos y silicatos en agua dulce y salada.\" \/>\n<meta property=\"og:url\" content=\"https:\/\/acuariosupremus.com\/?product=phosguard-2-l-filtracion-quimica\" \/>\n<meta property=\"og:site_name\" content=\"Acuario Supremus\" \/>\n<meta property=\"article:publisher\" content=\"https:\/\/www.facebook.com\/AcuarioSupremus\" \/>\n<meta property=\"article:modified_time\" content=\"2025-12-29T21:44:21+00:00\" \/>\n<meta property=\"og:image\" content=\"https:\/\/acuariosupremus.com\/wp-content\/uploads\/2022\/05\/seachem_phosguard_05-1.jpg\" \/>\n\t<meta property=\"og:image:width\" content=\"1250\" \/>\n\t<meta property=\"og:image:height\" content=\"1250\" \/>\n\t<meta property=\"og:image:type\" content=\"image\/jpeg\" \/>\n<meta name=\"twitter:card\" content=\"summary_large_image\" \/>\n<meta name=\"twitter:site\" content=\"@AcuarioSupremus\" \/>\n<meta name=\"twitter:label1\" content=\"Tiempo de lectura\" \/>\n\t<meta name=\"twitter:data1\" content=\"1 minuto\" \/>\n<script type=\"application\/ld+json\" class=\"yoast-schema-graph\">{\"@context\":\"https:\\\/\\\/schema.org\",\"@graph\":[{\"@type\":\"WebPage\",\"@id\":\"https:\\\/\\\/acuariosupremus.com\\\/?product=phosguard-2-l-filtracion-quimica\",\"url\":\"https:\\\/\\\/acuariosupremus.com\\\/?product=phosguard-2-l-filtracion-quimica\",\"name\":\"PhosGuard 2 L, Filtraci\u00f3n Qu\u00edmica. | Acuario Supremus\",\"isPartOf\":{\"@id\":\"https:\\\/\\\/acuariosupremus.com\\\/#website\"},\"primaryImageOfPage\":{\"@id\":\"https:\\\/\\\/acuariosupremus.com\\\/?product=phosguard-2-l-filtracion-quimica#primaryimage\"},\"image\":{\"@id\":\"https:\\\/\\\/acuariosupremus.com\\\/?product=phosguard-2-l-filtracion-quimica#primaryimage\"},\"thumbnailUrl\":\"https:\\\/\\\/acuariosupremus.com\\\/wp-content\\\/uploads\\\/2022\\\/05\\\/seachem_phosguard_05-1.jpg\",\"datePublished\":\"2022-05-12T22:36:52+00:00\",\"dateModified\":\"2025-12-29T21:44:21+00:00\",\"description\":\"Phosguard\u2122 es un medio de filtraci\u00f3n qu\u00edmica a base de \u00f3xido de aluminio con un alto rendimiento en la absorci\u00f3n de fosfatos y silicatos en agua dulce y salada.\",\"breadcrumb\":{\"@id\":\"https:\\\/\\\/acuariosupremus.com\\\/?product=phosguard-2-l-filtracion-quimica#breadcrumb\"},\"inLanguage\":\"es\",\"potentialAction\":[{\"@type\":\"ReadAction\",\"target\":[\"https:\\\/\\\/acuariosupremus.com\\\/?product=phosguard-2-l-filtracion-quimica\"]}]},{\"@type\":\"ImageObject\",\"inLanguage\":\"es\",\"@id\":\"https:\\\/\\\/acuariosupremus.com\\\/?product=phosguard-2-l-filtracion-quimica#primaryimage\",\"url\":\"https:\\\/\\\/acuariosupremus.com\\\/wp-content\\\/uploads\\\/2022\\\/05\\\/seachem_phosguard_05-1.jpg\",\"contentUrl\":\"https:\\\/\\\/acuariosupremus.com\\\/wp-content\\\/uploads\\\/2022\\\/05\\\/seachem_phosguard_05-1.jpg\",\"width\":1250,\"height\":1250},{\"@type\":\"BreadcrumbList\",\"@id\":\"https:\\\/\\\/acuariosupremus.com\\\/?product=phosguard-2-l-filtracion-quimica#breadcrumb\",\"itemListElement\":[{\"@type\":\"ListItem\",\"position\":1,\"name\":\"Portada\",\"item\":\"https:\\\/\\\/acuariosupremus.com\\\/\"},{\"@type\":\"ListItem\",\"position\":2,\"name\":\"Tienda\",\"item\":\"https:\\\/\\\/acuariosupremus.com\\\/tienda\\\/\"},{\"@type\":\"ListItem\",\"position\":3,\"name\":\"PhosGuard 2 L, Filtraci\u00f3n Qu\u00edmica.\"}]},{\"@type\":\"WebSite\",\"@id\":\"https:\\\/\\\/acuariosupremus.com\\\/#website\",\"url\":\"https:\\\/\\\/acuariosupremus.com\\\/\",\"name\":\"Acuario Supremus\",\"description\":\"Peces, Peceras y Mascotas.\",\"publisher\":{\"@id\":\"https:\\\/\\\/acuariosupremus.com\\\/#organization\"},\"potentialAction\":[{\"@type\":\"SearchAction\",\"target\":{\"@type\":\"EntryPoint\",\"urlTemplate\":\"https:\\\/\\\/acuariosupremus.com\\\/?s={search_term_string}\"},\"query-input\":{\"@type\":\"PropertyValueSpecification\",\"valueRequired\":true,\"valueName\":\"search_term_string\"}}],\"inLanguage\":\"es\"},{\"@type\":\"Organization\",\"@id\":\"https:\\\/\\\/acuariosupremus.com\\\/#organization\",\"name\":\"Acuario Supremus\",\"url\":\"https:\\\/\\\/acuariosupremus.com\\\/\",\"logo\":{\"@type\":\"ImageObject\",\"inLanguage\":\"es\",\"@id\":\"https:\\\/\\\/acuariosupremus.com\\\/#\\\/schema\\\/logo\\\/image\\\/\",\"url\":\"https:\\\/\\\/acuariosupremus.com\\\/wp-content\\\/uploads\\\/2021\\\/12\\\/cropped-logo_acuario_supremus_fn-2.png\",\"contentUrl\":\"https:\\\/\\\/acuariosupremus.com\\\/wp-content\\\/uploads\\\/2021\\\/12\\\/cropped-logo_acuario_supremus_fn-2.png\",\"width\":1000,\"height\":318,\"caption\":\"Acuario Supremus\"},\"image\":{\"@id\":\"https:\\\/\\\/acuariosupremus.com\\\/#\\\/schema\\\/logo\\\/image\\\/\"},\"sameAs\":[\"https:\\\/\\\/www.facebook.com\\\/AcuarioSupremus\",\"https:\\\/\\\/x.com\\\/AcuarioSupremus\",\"https:\\\/\\\/www.instagram.com\\\/acuariosupremus\\\/?hl=es\"]}]}<\/script>\n<!-- \/ Yoast SEO plugin. -->","yoast_head_json":{"title":"PhosGuard 2 L, Filtraci\u00f3n Qu\u00edmica. | Acuario Supremus","description":"Phosguard\u2122 es un medio de filtraci\u00f3n qu\u00edmica a base de \u00f3xido de aluminio con un alto rendimiento en la absorci\u00f3n de fosfatos y silicatos en agua dulce y salada.","robots":{"index":"index","follow":"follow","max-snippet":"max-snippet:-1","max-image-preview":"max-image-preview:large","max-video-preview":"max-video-preview:-1"},"canonical":"https:\/\/acuariosupremus.com\/?product=phosguard-2-l-filtracion-quimica","og_locale":"es_MX","og_type":"article","og_title":"PhosGuard 2 L, Filtraci\u00f3n Qu\u00edmica. | Acuario Supremus","og_description":"Phosguard\u2122 es un medio de filtraci\u00f3n qu\u00edmica a base de \u00f3xido de aluminio con un alto rendimiento en la absorci\u00f3n de fosfatos y silicatos en agua dulce y salada.","og_url":"https:\/\/acuariosupremus.com\/?product=phosguard-2-l-filtracion-quimica","og_site_name":"Acuario Supremus","article_publisher":"https:\/\/www.facebook.com\/AcuarioSupremus","article_modified_time":"2025-12-29T21:44:21+00:00","og_image":[{"width":1250,"height":1250,"url":"https:\/\/acuariosupremus.com\/wp-content\/uploads\/2022\/05\/seachem_phosguard_05-1.jpg","type":"image\/jpeg"}],"twitter_card":"summary_large_image","twitter_site":"@AcuarioSupremus","twitter_misc":{"Tiempo de lectura":"1 minuto"},"schema":{"@context":"https:\/\/schema.org","@graph":[{"@type":"WebPage","@id":"https:\/\/acuariosupremus.com\/?product=phosguard-2-l-filtracion-quimica","url":"https:\/\/acuariosupremus.com\/?product=phosguard-2-l-filtracion-quimica","name":"PhosGuard 2 L, Filtraci\u00f3n Qu\u00edmica. | Acuario Supremus","isPartOf":{"@id":"https:\/\/acuariosupremus.com\/#website"},"primaryImageOfPage":{"@id":"https:\/\/acuariosupremus.com\/?product=phosguard-2-l-filtracion-quimica#primaryimage"},"image":{"@id":"https:\/\/acuariosupremus.com\/?product=phosguard-2-l-filtracion-quimica#primaryimage"},"thumbnailUrl":"https:\/\/acuariosupremus.com\/wp-content\/uploads\/2022\/05\/seachem_phosguard_05-1.jpg","datePublished":"2022-05-12T22:36:52+00:00","dateModified":"2025-12-29T21:44:21+00:00","description":"Phosguard\u2122 es un medio de filtraci\u00f3n qu\u00edmica a base de \u00f3xido de aluminio con un alto rendimiento en la absorci\u00f3n de fosfatos y silicatos en agua dulce y salada.","breadcrumb":{"@id":"https:\/\/acuariosupremus.com\/?product=phosguard-2-l-filtracion-quimica#breadcrumb"},"inLanguage":"es","potentialAction":[{"@type":"ReadAction","target":["https:\/\/acuariosupremus.com\/?product=phosguard-2-l-filtracion-quimica"]}]},{"@type":"ImageObject","inLanguage":"es","@id":"https:\/\/acuariosupremus.com\/?product=phosguard-2-l-filtracion-quimica#primaryimage","url":"https:\/\/acuariosupremus.com\/wp-content\/uploads\/2022\/05\/seachem_phosguard_05-1.jpg","contentUrl":"https:\/\/acuariosupremus.com\/wp-content\/uploads\/2022\/05\/seachem_phosguard_05-1.jpg","width":1250,"height":1250},{"@type":"BreadcrumbList","@id":"https:\/\/acuariosupremus.com\/?product=phosguard-2-l-filtracion-quimica#breadcrumb","itemListElement":[{"@type":"ListItem","position":1,"name":"Portada","item":"https:\/\/acuariosupremus.com\/"},{"@type":"ListItem","position":2,"name":"Tienda","item":"https:\/\/acuariosupremus.com\/tienda\/"},{"@type":"ListItem","position":3,"name":"PhosGuard 2 L, Filtraci\u00f3n Qu\u00edmica."}]},{"@type":"WebSite","@id":"https:\/\/acuariosupremus.com\/#website","url":"https:\/\/acuariosupremus.com\/","name":"Acuario Supremus","description":"Peces, Peceras y Mascotas.","publisher":{"@id":"https:\/\/acuariosupremus.com\/#organization"},"potentialAction":[{"@type":"SearchAction","target":{"@type":"EntryPoint","urlTemplate":"https:\/\/acuariosupremus.com\/?s={search_term_string}"},"query-input":{"@type":"PropertyValueSpecification","valueRequired":true,"valueName":"search_term_string"}}],"inLanguage":"es"},{"@type":"Organization","@id":"https:\/\/acuariosupremus.com\/#organization","name":"Acuario Supremus","url":"https:\/\/acuariosupremus.com\/","logo":{"@type":"ImageObject","inLanguage":"es","@id":"https:\/\/acuariosupremus.com\/#\/schema\/logo\/image\/","url":"https:\/\/acuariosupremus.com\/wp-content\/uploads\/2021\/12\/cropped-logo_acuario_supremus_fn-2.png","contentUrl":"https:\/\/acuariosupremus.com\/wp-content\/uploads\/2021\/12\/cropped-logo_acuario_supremus_fn-2.png","width":1000,"height":318,"caption":"Acuario Supremus"},"image":{"@id":"https:\/\/acuariosupremus.com\/#\/schema\/logo\/image\/"},"sameAs":["https:\/\/www.facebook.com\/AcuarioSupremus","https:\/\/x.com\/AcuarioSupremus","https:\/\/www.instagram.com\/acuariosupremus\/?hl=es"]}]}},"jetpack_sharing_enabled":true,"_links":{"self":[{"href":"https:\/\/acuariosupremus.com\/index.php?rest_route=\/wp\/v2\/product\/9292","targetHints":{"allow":["GET"]}}],"collection":[{"href":"https:\/\/acuariosupremus.com\/index.php?rest_route=\/wp\/v2\/product"}],"about":[{"href":"https:\/\/acuariosupremus.com\/index.php?rest_route=\/wp\/v2\/types\/product"}],"wp:featuredmedia":[{"embeddable":true,"href":"https:\/\/acuariosupremus.com\/index.php?rest_route=\/wp\/v2\/media\/9293"}],"wp:attachment":[{"href":"https:\/\/acuariosupremus.com\/index.php?rest_route=%2Fwp%2Fv2%2Fmedia&parent=9292"}],"wp:term":[{"taxonomy":"product_brand","embeddable":true,"href":"https:\/\/acuariosupremus.com\/index.php?rest_route=%2Fwp%2Fv2%2Fproduct_brand&post=9292"},{"taxonomy":"product_cat","embeddable":true,"href":"https:\/\/acuariosupremus.com\/index.php?rest_route=%2Fwp%2Fv2%2Fproduct_cat&post=9292"},{"taxonomy":"product_tag","embeddable":true,"href":"https:\/\/acuariosupremus.com\/index.php?rest_route=%2Fwp%2Fv2%2Fproduct_tag&post=9292"}],"curies":[{"name":"wp","href":"https:\/\/api.w.org\/{rel}","templated":true}]}}