{"id":9302,"date":"2022-05-12T17:59:19","date_gmt":"2022-05-12T22:59:19","guid":{"rendered":"https:\/\/acuariosupremus.com\/?post_type=product&#038;p=9302"},"modified":"2025-12-29T15:55:57","modified_gmt":"2025-12-29T21:55:57","slug":"cuprisorb-100-ml-empacado-the-bag-filtracion-quimica","status":"publish","type":"product","link":"https:\/\/acuariosupremus.com\/?product=cuprisorb-100-ml-empacado-the-bag-filtracion-quimica","title":{"rendered":"CupriSorb 100 ml (empacado &#8220;the bag&#8221;), Filtraci\u00f3n Qu\u00edmica."},"content":{"rendered":"<p>CupriSorb \u2122 extrae todos los tipos de cobre, incluyendo el cobre quelatado. Si lo desea puede colocarlo en el filtro de forma permanente para un servicio continuo. De este modo, CupriSorb \u2122 extraer\u00e1 constantemente el cobre que se libere al agua, haciendo posible incluso criar corales en un acuario que haya sido fuertemente tratado con cobre. Este material sigue siendo eficaz hasta que sus gr\u00e1nulos se convierten en un color entre azul oscuro y negro. Una vez que la resina ha agotado sus propiedades puede ser regenerada varias veces. Los productos de la competencia no son productos quelados, sino meramente resinas de intercambio cati\u00f3nico. Tales resinas pueden quitar cobre de agua dulce pero son ineficaces en agua salada. Para regenerar CupriSorb \u2122 es suficiente con sumergirlo durante una hora en agua con un 25% de \u00e1cido muri\u00e1tico. A continuaci\u00f3n enju\u00e1guelo en agua con bicarbonato de sodio hasta que deje de emitir espuma y enju\u00e1guelo una vez m\u00e1s para usarlo de nuevo.<\/p>\n<p>Producto: CupriSorb 100 ml. Tama\u00f1o 125x10x200 mm. (l x a x h),\u00a0 Peso envase: 0.065 (Kg.).<\/p>\n<p>&nbsp;<\/p>\n","protected":false},"excerpt":{"rendered":"<p>CupriSorb \u2122 es un material filtrante qu\u00edmico regenerable de espectro espec\u00edfico. Adsorbe eficazmente el cobre o cualquier otro metal pesado en el agua del acuario, ya sea en agua dulce o salada. Est\u00e1 basado en una resina quelatada \u00fanica, formada por una mezcla de pol\u00edmeros sint\u00e9ticos macro-porosos.<\/p>\n","protected":false},"featured_media":9303,"template":"","meta":[],"product_brand":[123],"product_cat":[40,48],"product_tag":[792,580,782,791],"class_list":{"0":"post-9302","1":"product","2":"type-product","3":"status-publish","4":"has-post-thumbnail","6":"product_brand-seachem","7":"product_cat-peces","8":"product_cat-material-filtrante","9":"product_tag-cuprisorb","10":"product_tag-filtracion-quimica","11":"product_tag-material-filtrante-pro","12":"product_tag-removedor-de-cobre","14":"first","15":"instock","16":"sale","17":"shipping-taxable","18":"purchasable","19":"product-type-simple"},"yoast_head":"<!-- This site is optimized with the Yoast SEO plugin v27.4 - https:\/\/yoast.com\/product\/yoast-seo-wordpress\/ -->\n<title>CupriSorb 100 ml (empacado &quot;the bag&quot;), Filtraci\u00f3n Qu\u00edmica. | Acuario Supremus<\/title>\n<meta name=\"description\" content=\"CupriSorb \u2122 es un material filtrante qu\u00edmico regenerable de espectro espec\u00edfico. Adsorbe eficazmente el cobre o cualquier otro metal pesado en el agua dulce o salada\" \/>\n<meta name=\"robots\" content=\"index, follow, max-snippet:-1, max-image-preview:large, max-video-preview:-1\" \/>\n<link rel=\"canonical\" href=\"https:\/\/acuariosupremus.com\/?product=cuprisorb-100-ml-empacado-the-bag-filtracion-quimica\" \/>\n<meta property=\"og:locale\" content=\"es_MX\" \/>\n<meta property=\"og:type\" content=\"article\" \/>\n<meta property=\"og:title\" content=\"CupriSorb 100 ml (empacado &quot;the bag&quot;), Filtraci\u00f3n Qu\u00edmica. | Acuario Supremus\" \/>\n<meta property=\"og:description\" content=\"CupriSorb \u2122 es un material filtrante qu\u00edmico regenerable de espectro espec\u00edfico. Adsorbe eficazmente el cobre o cualquier otro metal pesado en el agua dulce o salada\" \/>\n<meta property=\"og:url\" content=\"https:\/\/acuariosupremus.com\/?product=cuprisorb-100-ml-empacado-the-bag-filtracion-quimica\" \/>\n<meta property=\"og:site_name\" content=\"Acuario Supremus\" \/>\n<meta property=\"article:publisher\" content=\"https:\/\/www.facebook.com\/AcuarioSupremus\" \/>\n<meta property=\"article:modified_time\" content=\"2025-12-29T21:55:57+00:00\" \/>\n<meta property=\"og:image\" content=\"https:\/\/acuariosupremus.com\/wp-content\/uploads\/2022\/05\/seachem_cuprisorb_01.jpg\" \/>\n\t<meta property=\"og:image:width\" content=\"653\" \/>\n\t<meta property=\"og:image:height\" content=\"653\" \/>\n\t<meta property=\"og:image:type\" content=\"image\/jpeg\" \/>\n<meta name=\"twitter:card\" content=\"summary_large_image\" \/>\n<meta name=\"twitter:site\" content=\"@AcuarioSupremus\" \/>\n<meta name=\"twitter:label1\" content=\"Tiempo de lectura\" \/>\n\t<meta name=\"twitter:data1\" content=\"1 minuto\" \/>\n<script type=\"application\/ld+json\" class=\"yoast-schema-graph\">{\"@context\":\"https:\\\/\\\/schema.org\",\"@graph\":[{\"@type\":\"WebPage\",\"@id\":\"https:\\\/\\\/acuariosupremus.com\\\/?product=cuprisorb-100-ml-empacado-the-bag-filtracion-quimica\",\"url\":\"https:\\\/\\\/acuariosupremus.com\\\/?product=cuprisorb-100-ml-empacado-the-bag-filtracion-quimica\",\"name\":\"CupriSorb 100 ml (empacado \\\"the bag\\\"), Filtraci\u00f3n Qu\u00edmica. | Acuario Supremus\",\"isPartOf\":{\"@id\":\"https:\\\/\\\/acuariosupremus.com\\\/#website\"},\"primaryImageOfPage\":{\"@id\":\"https:\\\/\\\/acuariosupremus.com\\\/?product=cuprisorb-100-ml-empacado-the-bag-filtracion-quimica#primaryimage\"},\"image\":{\"@id\":\"https:\\\/\\\/acuariosupremus.com\\\/?product=cuprisorb-100-ml-empacado-the-bag-filtracion-quimica#primaryimage\"},\"thumbnailUrl\":\"https:\\\/\\\/acuariosupremus.com\\\/wp-content\\\/uploads\\\/2022\\\/05\\\/seachem_cuprisorb_01.jpg\",\"datePublished\":\"2022-05-12T22:59:19+00:00\",\"dateModified\":\"2025-12-29T21:55:57+00:00\",\"description\":\"CupriSorb \u2122 es un material filtrante qu\u00edmico regenerable de espectro espec\u00edfico. Adsorbe eficazmente el cobre o cualquier otro metal pesado en el agua dulce o salada\",\"breadcrumb\":{\"@id\":\"https:\\\/\\\/acuariosupremus.com\\\/?product=cuprisorb-100-ml-empacado-the-bag-filtracion-quimica#breadcrumb\"},\"inLanguage\":\"es\",\"potentialAction\":[{\"@type\":\"ReadAction\",\"target\":[\"https:\\\/\\\/acuariosupremus.com\\\/?product=cuprisorb-100-ml-empacado-the-bag-filtracion-quimica\"]}]},{\"@type\":\"ImageObject\",\"inLanguage\":\"es\",\"@id\":\"https:\\\/\\\/acuariosupremus.com\\\/?product=cuprisorb-100-ml-empacado-the-bag-filtracion-quimica#primaryimage\",\"url\":\"https:\\\/\\\/acuariosupremus.com\\\/wp-content\\\/uploads\\\/2022\\\/05\\\/seachem_cuprisorb_01.jpg\",\"contentUrl\":\"https:\\\/\\\/acuariosupremus.com\\\/wp-content\\\/uploads\\\/2022\\\/05\\\/seachem_cuprisorb_01.jpg\",\"width\":653,\"height\":653},{\"@type\":\"BreadcrumbList\",\"@id\":\"https:\\\/\\\/acuariosupremus.com\\\/?product=cuprisorb-100-ml-empacado-the-bag-filtracion-quimica#breadcrumb\",\"itemListElement\":[{\"@type\":\"ListItem\",\"position\":1,\"name\":\"Portada\",\"item\":\"https:\\\/\\\/acuariosupremus.com\\\/\"},{\"@type\":\"ListItem\",\"position\":2,\"name\":\"Tienda\",\"item\":\"https:\\\/\\\/acuariosupremus.com\\\/tienda\\\/\"},{\"@type\":\"ListItem\",\"position\":3,\"name\":\"CupriSorb 100 ml (empacado \u00abthe bag\u00bb), Filtraci\u00f3n Qu\u00edmica.\"}]},{\"@type\":\"WebSite\",\"@id\":\"https:\\\/\\\/acuariosupremus.com\\\/#website\",\"url\":\"https:\\\/\\\/acuariosupremus.com\\\/\",\"name\":\"Acuario Supremus\",\"description\":\"Peces, Peceras y Mascotas.\",\"publisher\":{\"@id\":\"https:\\\/\\\/acuariosupremus.com\\\/#organization\"},\"potentialAction\":[{\"@type\":\"SearchAction\",\"target\":{\"@type\":\"EntryPoint\",\"urlTemplate\":\"https:\\\/\\\/acuariosupremus.com\\\/?s={search_term_string}\"},\"query-input\":{\"@type\":\"PropertyValueSpecification\",\"valueRequired\":true,\"valueName\":\"search_term_string\"}}],\"inLanguage\":\"es\"},{\"@type\":\"Organization\",\"@id\":\"https:\\\/\\\/acuariosupremus.com\\\/#organization\",\"name\":\"Acuario Supremus\",\"url\":\"https:\\\/\\\/acuariosupremus.com\\\/\",\"logo\":{\"@type\":\"ImageObject\",\"inLanguage\":\"es\",\"@id\":\"https:\\\/\\\/acuariosupremus.com\\\/#\\\/schema\\\/logo\\\/image\\\/\",\"url\":\"https:\\\/\\\/acuariosupremus.com\\\/wp-content\\\/uploads\\\/2021\\\/12\\\/cropped-logo_acuario_supremus_fn-2.png\",\"contentUrl\":\"https:\\\/\\\/acuariosupremus.com\\\/wp-content\\\/uploads\\\/2021\\\/12\\\/cropped-logo_acuario_supremus_fn-2.png\",\"width\":1000,\"height\":318,\"caption\":\"Acuario Supremus\"},\"image\":{\"@id\":\"https:\\\/\\\/acuariosupremus.com\\\/#\\\/schema\\\/logo\\\/image\\\/\"},\"sameAs\":[\"https:\\\/\\\/www.facebook.com\\\/AcuarioSupremus\",\"https:\\\/\\\/x.com\\\/AcuarioSupremus\",\"https:\\\/\\\/www.instagram.com\\\/acuariosupremus\\\/?hl=es\"]}]}<\/script>\n<!-- \/ Yoast SEO plugin. -->","yoast_head_json":{"title":"CupriSorb 100 ml (empacado \"the bag\"), Filtraci\u00f3n Qu\u00edmica. | Acuario Supremus","description":"CupriSorb \u2122 es un material filtrante qu\u00edmico regenerable de espectro espec\u00edfico. Adsorbe eficazmente el cobre o cualquier otro metal pesado en el agua dulce o salada","robots":{"index":"index","follow":"follow","max-snippet":"max-snippet:-1","max-image-preview":"max-image-preview:large","max-video-preview":"max-video-preview:-1"},"canonical":"https:\/\/acuariosupremus.com\/?product=cuprisorb-100-ml-empacado-the-bag-filtracion-quimica","og_locale":"es_MX","og_type":"article","og_title":"CupriSorb 100 ml (empacado \"the bag\"), Filtraci\u00f3n Qu\u00edmica. | Acuario Supremus","og_description":"CupriSorb \u2122 es un material filtrante qu\u00edmico regenerable de espectro espec\u00edfico. Adsorbe eficazmente el cobre o cualquier otro metal pesado en el agua dulce o salada","og_url":"https:\/\/acuariosupremus.com\/?product=cuprisorb-100-ml-empacado-the-bag-filtracion-quimica","og_site_name":"Acuario Supremus","article_publisher":"https:\/\/www.facebook.com\/AcuarioSupremus","article_modified_time":"2025-12-29T21:55:57+00:00","og_image":[{"width":653,"height":653,"url":"https:\/\/acuariosupremus.com\/wp-content\/uploads\/2022\/05\/seachem_cuprisorb_01.jpg","type":"image\/jpeg"}],"twitter_card":"summary_large_image","twitter_site":"@AcuarioSupremus","twitter_misc":{"Tiempo de lectura":"1 minuto"},"schema":{"@context":"https:\/\/schema.org","@graph":[{"@type":"WebPage","@id":"https:\/\/acuariosupremus.com\/?product=cuprisorb-100-ml-empacado-the-bag-filtracion-quimica","url":"https:\/\/acuariosupremus.com\/?product=cuprisorb-100-ml-empacado-the-bag-filtracion-quimica","name":"CupriSorb 100 ml (empacado \"the bag\"), Filtraci\u00f3n Qu\u00edmica. | Acuario Supremus","isPartOf":{"@id":"https:\/\/acuariosupremus.com\/#website"},"primaryImageOfPage":{"@id":"https:\/\/acuariosupremus.com\/?product=cuprisorb-100-ml-empacado-the-bag-filtracion-quimica#primaryimage"},"image":{"@id":"https:\/\/acuariosupremus.com\/?product=cuprisorb-100-ml-empacado-the-bag-filtracion-quimica#primaryimage"},"thumbnailUrl":"https:\/\/acuariosupremus.com\/wp-content\/uploads\/2022\/05\/seachem_cuprisorb_01.jpg","datePublished":"2022-05-12T22:59:19+00:00","dateModified":"2025-12-29T21:55:57+00:00","description":"CupriSorb \u2122 es un material filtrante qu\u00edmico regenerable de espectro espec\u00edfico. Adsorbe eficazmente el cobre o cualquier otro metal pesado en el agua dulce o salada","breadcrumb":{"@id":"https:\/\/acuariosupremus.com\/?product=cuprisorb-100-ml-empacado-the-bag-filtracion-quimica#breadcrumb"},"inLanguage":"es","potentialAction":[{"@type":"ReadAction","target":["https:\/\/acuariosupremus.com\/?product=cuprisorb-100-ml-empacado-the-bag-filtracion-quimica"]}]},{"@type":"ImageObject","inLanguage":"es","@id":"https:\/\/acuariosupremus.com\/?product=cuprisorb-100-ml-empacado-the-bag-filtracion-quimica#primaryimage","url":"https:\/\/acuariosupremus.com\/wp-content\/uploads\/2022\/05\/seachem_cuprisorb_01.jpg","contentUrl":"https:\/\/acuariosupremus.com\/wp-content\/uploads\/2022\/05\/seachem_cuprisorb_01.jpg","width":653,"height":653},{"@type":"BreadcrumbList","@id":"https:\/\/acuariosupremus.com\/?product=cuprisorb-100-ml-empacado-the-bag-filtracion-quimica#breadcrumb","itemListElement":[{"@type":"ListItem","position":1,"name":"Portada","item":"https:\/\/acuariosupremus.com\/"},{"@type":"ListItem","position":2,"name":"Tienda","item":"https:\/\/acuariosupremus.com\/tienda\/"},{"@type":"ListItem","position":3,"name":"CupriSorb 100 ml (empacado \u00abthe bag\u00bb), Filtraci\u00f3n Qu\u00edmica."}]},{"@type":"WebSite","@id":"https:\/\/acuariosupremus.com\/#website","url":"https:\/\/acuariosupremus.com\/","name":"Acuario Supremus","description":"Peces, Peceras y Mascotas.","publisher":{"@id":"https:\/\/acuariosupremus.com\/#organization"},"potentialAction":[{"@type":"SearchAction","target":{"@type":"EntryPoint","urlTemplate":"https:\/\/acuariosupremus.com\/?s={search_term_string}"},"query-input":{"@type":"PropertyValueSpecification","valueRequired":true,"valueName":"search_term_string"}}],"inLanguage":"es"},{"@type":"Organization","@id":"https:\/\/acuariosupremus.com\/#organization","name":"Acuario Supremus","url":"https:\/\/acuariosupremus.com\/","logo":{"@type":"ImageObject","inLanguage":"es","@id":"https:\/\/acuariosupremus.com\/#\/schema\/logo\/image\/","url":"https:\/\/acuariosupremus.com\/wp-content\/uploads\/2021\/12\/cropped-logo_acuario_supremus_fn-2.png","contentUrl":"https:\/\/acuariosupremus.com\/wp-content\/uploads\/2021\/12\/cropped-logo_acuario_supremus_fn-2.png","width":1000,"height":318,"caption":"Acuario Supremus"},"image":{"@id":"https:\/\/acuariosupremus.com\/#\/schema\/logo\/image\/"},"sameAs":["https:\/\/www.facebook.com\/AcuarioSupremus","https:\/\/x.com\/AcuarioSupremus","https:\/\/www.instagram.com\/acuariosupremus\/?hl=es"]}]}},"jetpack_sharing_enabled":true,"_links":{"self":[{"href":"https:\/\/acuariosupremus.com\/index.php?rest_route=\/wp\/v2\/product\/9302","targetHints":{"allow":["GET"]}}],"collection":[{"href":"https:\/\/acuariosupremus.com\/index.php?rest_route=\/wp\/v2\/product"}],"about":[{"href":"https:\/\/acuariosupremus.com\/index.php?rest_route=\/wp\/v2\/types\/product"}],"wp:featuredmedia":[{"embeddable":true,"href":"https:\/\/acuariosupremus.com\/index.php?rest_route=\/wp\/v2\/media\/9303"}],"wp:attachment":[{"href":"https:\/\/acuariosupremus.com\/index.php?rest_route=%2Fwp%2Fv2%2Fmedia&parent=9302"}],"wp:term":[{"taxonomy":"product_brand","embeddable":true,"href":"https:\/\/acuariosupremus.com\/index.php?rest_route=%2Fwp%2Fv2%2Fproduct_brand&post=9302"},{"taxonomy":"product_cat","embeddable":true,"href":"https:\/\/acuariosupremus.com\/index.php?rest_route=%2Fwp%2Fv2%2Fproduct_cat&post=9302"},{"taxonomy":"product_tag","embeddable":true,"href":"https:\/\/acuariosupremus.com\/index.php?rest_route=%2Fwp%2Fv2%2Fproduct_tag&post=9302"}],"curies":[{"name":"wp","href":"https:\/\/api.w.org\/{rel}","templated":true}]}}