{"id":9306,"date":"2022-05-12T18:07:11","date_gmt":"2022-05-12T23:07:11","guid":{"rendered":"https:\/\/acuariosupremus.com\/?post_type=product&#038;p=9306"},"modified":"2025-12-29T15:56:12","modified_gmt":"2025-12-29T21:56:12","slug":"phosbond-100-ml-empacado-the-bag-filtracion-quimica","status":"publish","type":"product","link":"https:\/\/acuariosupremus.com\/?product=phosbond-100-ml-empacado-the-bag-filtracion-quimica","title":{"rendered":"PhosBond 100 ml (empacado &#8220;the bag&#8221;), Filtraci\u00f3n Qu\u00edmica."},"content":{"rendered":"<p>Su alta porosidad y \u00e1rea de superficie le dan una gran capacidad de enlace i\u00f3nico, mientras que su robustez e integridad aseguran que no se descomponga debido a la de tensi\u00f3n mec\u00e1nica. Para obtener mejores resultados, enjuague PhosBond\u2122 antes de usarlo y col\u00f3quelo en el sistema de filtraci\u00f3n de modo que el flujo de aguaatraviese el material de forma homog\u00e9nea y eficiente. Puede ser colocado en cualquier filtro de canasta, de mochila, sumidero, filtro integrado o en un \u00e1rea de alto flujo de un sistemaseco-h\u00famedo. Se recomienda usar una bolsa de filtraci\u00f3n. Para un acuario de 200 litros de agua salada son necesarios 60 ml (\u00bc de taza), si se trata de agua dulce esa misma cantidadservir\u00e1 para 400 litros. b Mantenga el producto en el filtro durante cuatro d\u00edas, luego mida las concentraciones de fosfato o silicato con MultiTest \u00ae Phosphate o MultiTest \u00ae Silicate. Si no ha bajado la concentraci\u00f3n del componente que intenta disminuir alrededor de 0.02 mg\/l, reemplace el PhosBond \u2122, o si lo prefiere, d\u00e9jelo en su lugar hasta que los niveles comiencen a subir de nuevo. Si en su acuario las concentraciones de fosfato y silicato permanecen bajo control, el producto no se agotar\u00e1. Sobre tratamiento no se recomienda. PhosBond \u2122 no es una resina de intercambio y no suelta nada en el agua (no lixivia silicato o fosfato) Si el fosfato ha remitido y la resina no est\u00e1 a\u00fan agotada, todav\u00eda y puede sacarla del filtro, secarla y guardarla para un pr\u00f3ximo servicio hasta que se agote. El m\u00e1s recomendable un uso continuo con peque\u00f1as cantidades de material que un uso \u00fanico con grandes cantidades.<\/p>\n<p>Producto: PhosGuard 100ml. Tama\u00f1o 125x10x200 mm. (l x a x h),\u00a0 Peso envase: 0.120 (Kg.).<\/p>\n<p>&nbsp;<\/p>\n","protected":false},"excerpt":{"rendered":"<p>PhosBond\u2122 es un nuevo y revolucionario material filtrante qu\u00edmico que combina la capacidad de eliminaci\u00f3n de fosfato del \u00f3xido de aluminio y el \u00f3xido f\u00e9rrico granular, en un singular material formando un efecto sin\u00e9rgico. R\u00e1pidamente elimina fosfatos y silicatos tanto del agua salada como del agua dulce, combinando lo mejor de ambos tipos de eliminadores de fosfato.<\/p>\n","protected":false},"featured_media":9307,"template":"","meta":[],"product_brand":[123],"product_cat":[40,48],"product_tag":[580,782,793,548],"class_list":{"0":"post-9306","1":"product","2":"type-product","3":"status-publish","4":"has-post-thumbnail","6":"product_brand-seachem","7":"product_cat-peces","8":"product_cat-material-filtrante","9":"product_tag-filtracion-quimica","10":"product_tag-material-filtrante-pro","11":"product_tag-phosbond","12":"product_tag-reductor-fosfato","14":"first","15":"instock","16":"sale","17":"shipping-taxable","18":"purchasable","19":"product-type-simple"},"yoast_head":"<!-- This site is optimized with the Yoast SEO plugin v27.4 - https:\/\/yoast.com\/product\/yoast-seo-wordpress\/ -->\n<title>PhosBond 100 ml (empacado &quot;the bag&quot;), Filtraci\u00f3n Qu\u00edmica. | Acuario Supremus<\/title>\n<meta name=\"description\" content=\"PhosBond\u2122 es un nuevo material filtrante qu\u00edmico que combina la capacidad de eliminaci\u00f3n de fosfato del \u00f3xido de aluminio y el \u00f3xido f\u00e9rrico granular.\" \/>\n<meta name=\"robots\" content=\"index, follow, max-snippet:-1, max-image-preview:large, max-video-preview:-1\" \/>\n<link rel=\"canonical\" href=\"https:\/\/acuariosupremus.com\/?product=phosbond-100-ml-empacado-the-bag-filtracion-quimica\" \/>\n<meta property=\"og:locale\" content=\"es_MX\" \/>\n<meta property=\"og:type\" content=\"article\" \/>\n<meta property=\"og:title\" content=\"PhosBond 100 ml (empacado &quot;the bag&quot;), Filtraci\u00f3n Qu\u00edmica. | Acuario Supremus\" \/>\n<meta property=\"og:description\" content=\"PhosBond\u2122 es un nuevo material filtrante qu\u00edmico que combina la capacidad de eliminaci\u00f3n de fosfato del \u00f3xido de aluminio y el \u00f3xido f\u00e9rrico granular.\" \/>\n<meta property=\"og:url\" content=\"https:\/\/acuariosupremus.com\/?product=phosbond-100-ml-empacado-the-bag-filtracion-quimica\" \/>\n<meta property=\"og:site_name\" content=\"Acuario Supremus\" \/>\n<meta property=\"article:publisher\" content=\"https:\/\/www.facebook.com\/AcuarioSupremus\" \/>\n<meta property=\"article:modified_time\" content=\"2025-12-29T21:56:12+00:00\" \/>\n<meta property=\"og:image\" content=\"https:\/\/acuariosupremus.com\/wp-content\/uploads\/2022\/05\/seachem_phosbond_01.jpg\" \/>\n\t<meta property=\"og:image:width\" content=\"1250\" \/>\n\t<meta property=\"og:image:height\" content=\"1250\" \/>\n\t<meta property=\"og:image:type\" content=\"image\/jpeg\" \/>\n<meta name=\"twitter:card\" content=\"summary_large_image\" \/>\n<meta name=\"twitter:site\" content=\"@AcuarioSupremus\" \/>\n<meta name=\"twitter:label1\" content=\"Tiempo de lectura\" \/>\n\t<meta name=\"twitter:data1\" content=\"2 minutos\" \/>\n<script type=\"application\/ld+json\" class=\"yoast-schema-graph\">{\"@context\":\"https:\\\/\\\/schema.org\",\"@graph\":[{\"@type\":\"WebPage\",\"@id\":\"https:\\\/\\\/acuariosupremus.com\\\/?product=phosbond-100-ml-empacado-the-bag-filtracion-quimica\",\"url\":\"https:\\\/\\\/acuariosupremus.com\\\/?product=phosbond-100-ml-empacado-the-bag-filtracion-quimica\",\"name\":\"PhosBond 100 ml (empacado \\\"the bag\\\"), Filtraci\u00f3n Qu\u00edmica. | Acuario Supremus\",\"isPartOf\":{\"@id\":\"https:\\\/\\\/acuariosupremus.com\\\/#website\"},\"primaryImageOfPage\":{\"@id\":\"https:\\\/\\\/acuariosupremus.com\\\/?product=phosbond-100-ml-empacado-the-bag-filtracion-quimica#primaryimage\"},\"image\":{\"@id\":\"https:\\\/\\\/acuariosupremus.com\\\/?product=phosbond-100-ml-empacado-the-bag-filtracion-quimica#primaryimage\"},\"thumbnailUrl\":\"https:\\\/\\\/acuariosupremus.com\\\/wp-content\\\/uploads\\\/2022\\\/05\\\/seachem_phosbond_01.jpg\",\"datePublished\":\"2022-05-12T23:07:11+00:00\",\"dateModified\":\"2025-12-29T21:56:12+00:00\",\"description\":\"PhosBond\u2122 es un nuevo material filtrante qu\u00edmico que combina la capacidad de eliminaci\u00f3n de fosfato del \u00f3xido de aluminio y el \u00f3xido f\u00e9rrico granular.\",\"breadcrumb\":{\"@id\":\"https:\\\/\\\/acuariosupremus.com\\\/?product=phosbond-100-ml-empacado-the-bag-filtracion-quimica#breadcrumb\"},\"inLanguage\":\"es\",\"potentialAction\":[{\"@type\":\"ReadAction\",\"target\":[\"https:\\\/\\\/acuariosupremus.com\\\/?product=phosbond-100-ml-empacado-the-bag-filtracion-quimica\"]}]},{\"@type\":\"ImageObject\",\"inLanguage\":\"es\",\"@id\":\"https:\\\/\\\/acuariosupremus.com\\\/?product=phosbond-100-ml-empacado-the-bag-filtracion-quimica#primaryimage\",\"url\":\"https:\\\/\\\/acuariosupremus.com\\\/wp-content\\\/uploads\\\/2022\\\/05\\\/seachem_phosbond_01.jpg\",\"contentUrl\":\"https:\\\/\\\/acuariosupremus.com\\\/wp-content\\\/uploads\\\/2022\\\/05\\\/seachem_phosbond_01.jpg\",\"width\":1250,\"height\":1250},{\"@type\":\"BreadcrumbList\",\"@id\":\"https:\\\/\\\/acuariosupremus.com\\\/?product=phosbond-100-ml-empacado-the-bag-filtracion-quimica#breadcrumb\",\"itemListElement\":[{\"@type\":\"ListItem\",\"position\":1,\"name\":\"Portada\",\"item\":\"https:\\\/\\\/acuariosupremus.com\\\/\"},{\"@type\":\"ListItem\",\"position\":2,\"name\":\"Tienda\",\"item\":\"https:\\\/\\\/acuariosupremus.com\\\/tienda\\\/\"},{\"@type\":\"ListItem\",\"position\":3,\"name\":\"PhosBond 100 ml (empacado \u00abthe bag\u00bb), Filtraci\u00f3n Qu\u00edmica.\"}]},{\"@type\":\"WebSite\",\"@id\":\"https:\\\/\\\/acuariosupremus.com\\\/#website\",\"url\":\"https:\\\/\\\/acuariosupremus.com\\\/\",\"name\":\"Acuario Supremus\",\"description\":\"Peces, Peceras y Mascotas.\",\"publisher\":{\"@id\":\"https:\\\/\\\/acuariosupremus.com\\\/#organization\"},\"potentialAction\":[{\"@type\":\"SearchAction\",\"target\":{\"@type\":\"EntryPoint\",\"urlTemplate\":\"https:\\\/\\\/acuariosupremus.com\\\/?s={search_term_string}\"},\"query-input\":{\"@type\":\"PropertyValueSpecification\",\"valueRequired\":true,\"valueName\":\"search_term_string\"}}],\"inLanguage\":\"es\"},{\"@type\":\"Organization\",\"@id\":\"https:\\\/\\\/acuariosupremus.com\\\/#organization\",\"name\":\"Acuario Supremus\",\"url\":\"https:\\\/\\\/acuariosupremus.com\\\/\",\"logo\":{\"@type\":\"ImageObject\",\"inLanguage\":\"es\",\"@id\":\"https:\\\/\\\/acuariosupremus.com\\\/#\\\/schema\\\/logo\\\/image\\\/\",\"url\":\"https:\\\/\\\/acuariosupremus.com\\\/wp-content\\\/uploads\\\/2021\\\/12\\\/cropped-logo_acuario_supremus_fn-2.png\",\"contentUrl\":\"https:\\\/\\\/acuariosupremus.com\\\/wp-content\\\/uploads\\\/2021\\\/12\\\/cropped-logo_acuario_supremus_fn-2.png\",\"width\":1000,\"height\":318,\"caption\":\"Acuario Supremus\"},\"image\":{\"@id\":\"https:\\\/\\\/acuariosupremus.com\\\/#\\\/schema\\\/logo\\\/image\\\/\"},\"sameAs\":[\"https:\\\/\\\/www.facebook.com\\\/AcuarioSupremus\",\"https:\\\/\\\/x.com\\\/AcuarioSupremus\",\"https:\\\/\\\/www.instagram.com\\\/acuariosupremus\\\/?hl=es\"]}]}<\/script>\n<!-- \/ Yoast SEO plugin. -->","yoast_head_json":{"title":"PhosBond 100 ml (empacado \"the bag\"), Filtraci\u00f3n Qu\u00edmica. | Acuario Supremus","description":"PhosBond\u2122 es un nuevo material filtrante qu\u00edmico que combina la capacidad de eliminaci\u00f3n de fosfato del \u00f3xido de aluminio y el \u00f3xido f\u00e9rrico granular.","robots":{"index":"index","follow":"follow","max-snippet":"max-snippet:-1","max-image-preview":"max-image-preview:large","max-video-preview":"max-video-preview:-1"},"canonical":"https:\/\/acuariosupremus.com\/?product=phosbond-100-ml-empacado-the-bag-filtracion-quimica","og_locale":"es_MX","og_type":"article","og_title":"PhosBond 100 ml (empacado \"the bag\"), Filtraci\u00f3n Qu\u00edmica. | Acuario Supremus","og_description":"PhosBond\u2122 es un nuevo material filtrante qu\u00edmico que combina la capacidad de eliminaci\u00f3n de fosfato del \u00f3xido de aluminio y el \u00f3xido f\u00e9rrico granular.","og_url":"https:\/\/acuariosupremus.com\/?product=phosbond-100-ml-empacado-the-bag-filtracion-quimica","og_site_name":"Acuario Supremus","article_publisher":"https:\/\/www.facebook.com\/AcuarioSupremus","article_modified_time":"2025-12-29T21:56:12+00:00","og_image":[{"width":1250,"height":1250,"url":"https:\/\/acuariosupremus.com\/wp-content\/uploads\/2022\/05\/seachem_phosbond_01.jpg","type":"image\/jpeg"}],"twitter_card":"summary_large_image","twitter_site":"@AcuarioSupremus","twitter_misc":{"Tiempo de lectura":"2 minutos"},"schema":{"@context":"https:\/\/schema.org","@graph":[{"@type":"WebPage","@id":"https:\/\/acuariosupremus.com\/?product=phosbond-100-ml-empacado-the-bag-filtracion-quimica","url":"https:\/\/acuariosupremus.com\/?product=phosbond-100-ml-empacado-the-bag-filtracion-quimica","name":"PhosBond 100 ml (empacado \"the bag\"), Filtraci\u00f3n Qu\u00edmica. | Acuario Supremus","isPartOf":{"@id":"https:\/\/acuariosupremus.com\/#website"},"primaryImageOfPage":{"@id":"https:\/\/acuariosupremus.com\/?product=phosbond-100-ml-empacado-the-bag-filtracion-quimica#primaryimage"},"image":{"@id":"https:\/\/acuariosupremus.com\/?product=phosbond-100-ml-empacado-the-bag-filtracion-quimica#primaryimage"},"thumbnailUrl":"https:\/\/acuariosupremus.com\/wp-content\/uploads\/2022\/05\/seachem_phosbond_01.jpg","datePublished":"2022-05-12T23:07:11+00:00","dateModified":"2025-12-29T21:56:12+00:00","description":"PhosBond\u2122 es un nuevo material filtrante qu\u00edmico que combina la capacidad de eliminaci\u00f3n de fosfato del \u00f3xido de aluminio y el \u00f3xido f\u00e9rrico granular.","breadcrumb":{"@id":"https:\/\/acuariosupremus.com\/?product=phosbond-100-ml-empacado-the-bag-filtracion-quimica#breadcrumb"},"inLanguage":"es","potentialAction":[{"@type":"ReadAction","target":["https:\/\/acuariosupremus.com\/?product=phosbond-100-ml-empacado-the-bag-filtracion-quimica"]}]},{"@type":"ImageObject","inLanguage":"es","@id":"https:\/\/acuariosupremus.com\/?product=phosbond-100-ml-empacado-the-bag-filtracion-quimica#primaryimage","url":"https:\/\/acuariosupremus.com\/wp-content\/uploads\/2022\/05\/seachem_phosbond_01.jpg","contentUrl":"https:\/\/acuariosupremus.com\/wp-content\/uploads\/2022\/05\/seachem_phosbond_01.jpg","width":1250,"height":1250},{"@type":"BreadcrumbList","@id":"https:\/\/acuariosupremus.com\/?product=phosbond-100-ml-empacado-the-bag-filtracion-quimica#breadcrumb","itemListElement":[{"@type":"ListItem","position":1,"name":"Portada","item":"https:\/\/acuariosupremus.com\/"},{"@type":"ListItem","position":2,"name":"Tienda","item":"https:\/\/acuariosupremus.com\/tienda\/"},{"@type":"ListItem","position":3,"name":"PhosBond 100 ml (empacado \u00abthe bag\u00bb), Filtraci\u00f3n Qu\u00edmica."}]},{"@type":"WebSite","@id":"https:\/\/acuariosupremus.com\/#website","url":"https:\/\/acuariosupremus.com\/","name":"Acuario Supremus","description":"Peces, Peceras y Mascotas.","publisher":{"@id":"https:\/\/acuariosupremus.com\/#organization"},"potentialAction":[{"@type":"SearchAction","target":{"@type":"EntryPoint","urlTemplate":"https:\/\/acuariosupremus.com\/?s={search_term_string}"},"query-input":{"@type":"PropertyValueSpecification","valueRequired":true,"valueName":"search_term_string"}}],"inLanguage":"es"},{"@type":"Organization","@id":"https:\/\/acuariosupremus.com\/#organization","name":"Acuario Supremus","url":"https:\/\/acuariosupremus.com\/","logo":{"@type":"ImageObject","inLanguage":"es","@id":"https:\/\/acuariosupremus.com\/#\/schema\/logo\/image\/","url":"https:\/\/acuariosupremus.com\/wp-content\/uploads\/2021\/12\/cropped-logo_acuario_supremus_fn-2.png","contentUrl":"https:\/\/acuariosupremus.com\/wp-content\/uploads\/2021\/12\/cropped-logo_acuario_supremus_fn-2.png","width":1000,"height":318,"caption":"Acuario Supremus"},"image":{"@id":"https:\/\/acuariosupremus.com\/#\/schema\/logo\/image\/"},"sameAs":["https:\/\/www.facebook.com\/AcuarioSupremus","https:\/\/x.com\/AcuarioSupremus","https:\/\/www.instagram.com\/acuariosupremus\/?hl=es"]}]}},"jetpack_sharing_enabled":true,"_links":{"self":[{"href":"https:\/\/acuariosupremus.com\/index.php?rest_route=\/wp\/v2\/product\/9306","targetHints":{"allow":["GET"]}}],"collection":[{"href":"https:\/\/acuariosupremus.com\/index.php?rest_route=\/wp\/v2\/product"}],"about":[{"href":"https:\/\/acuariosupremus.com\/index.php?rest_route=\/wp\/v2\/types\/product"}],"wp:featuredmedia":[{"embeddable":true,"href":"https:\/\/acuariosupremus.com\/index.php?rest_route=\/wp\/v2\/media\/9307"}],"wp:attachment":[{"href":"https:\/\/acuariosupremus.com\/index.php?rest_route=%2Fwp%2Fv2%2Fmedia&parent=9306"}],"wp:term":[{"taxonomy":"product_brand","embeddable":true,"href":"https:\/\/acuariosupremus.com\/index.php?rest_route=%2Fwp%2Fv2%2Fproduct_brand&post=9306"},{"taxonomy":"product_cat","embeddable":true,"href":"https:\/\/acuariosupremus.com\/index.php?rest_route=%2Fwp%2Fv2%2Fproduct_cat&post=9306"},{"taxonomy":"product_tag","embeddable":true,"href":"https:\/\/acuariosupremus.com\/index.php?rest_route=%2Fwp%2Fv2%2Fproduct_tag&post=9306"}],"curies":[{"name":"wp","href":"https:\/\/api.w.org\/{rel}","templated":true}]}}