{"id":9327,"date":"2022-05-12T18:55:22","date_gmt":"2022-05-12T23:55:22","guid":{"rendered":"https:\/\/acuariosupremus.com\/?post_type=product&#038;p=9327"},"modified":"2025-12-29T15:58:57","modified_gmt":"2025-12-29T21:58:57","slug":"zeolite-4-l-filtracion-quimica","status":"publish","type":"product","link":"https:\/\/acuariosupremus.com\/?product=zeolite-4-l-filtracion-quimica","title":{"rendered":"Zeolite 4 L, Filtraci\u00f3n Qu\u00edmica."},"content":{"rendered":"<p>Coloque este material filtrante dentro de un peque\u00f1o costal con una malla lo suficientemente fina como para que no permita que se pierdan sus gr\u00e1nulos. A continuaci\u00f3n, enju\u00e1guelo con agua limpia para optimizar su rendimiento. A la hora de colocarlo en el filtro, h\u00e1galo de forma homog\u00e9nea para que el flujo de agua pase a trav\u00e9s de todo el material de forma eficiente y uniforme. Este material filtrante es de tipo qu\u00edmico. Tenga en cuenta el sentido del flujo del agua y aseg\u00farese de que los materiales filtrantes de tipo mec\u00e1nico filtran el agua previamente a Seachem Zeolite \u2122. De lo contrario podr\u00eda saturar r\u00e1pidamente sus poros restando eficiencia al material. Puede ser usado en un filtro, tipo \u201cCanister\u201d, filtro de cartucho, \u201cback Filter\u201d \u201ctop Filter\u201d, filtro de caja o cualquier \u00e1rea de alto flujo de un filtro de goteo (\u201cWet dry\u201d).<br \/>\nDosificaci\u00f3n: Use 250 ml (1 taza) de Seachem Zeolite \u2122 por cada 200 litros (50 galones estadounidenses). Para acuarios m\u00e1s peque\u00f1os la dosis equivalente es de 5 ml (1 cucharadita rasa) por cada 4 litros (1 gal\u00f3n estadounidense). Esta cantidad de Seachem Zeolite \u2122 eliminar\u00e1 hasta 0,5 mg \/l de amon\u00edaco. Controle los niveles de amon\u00edaco, que deber\u00edan caer a cero en 24-48 horas. En este punto, la zeolita puede eliminarse o reemplazarse con carb\u00f3n activado, como Seachem MatrixCarbon \u2122. Para eliminar los metales pesados, mantenga Seachem Zeolite \u2122 en servicio dentro del filtro y reempl\u00e1celo mensualmente. Para el control del amon\u00edaco a largo plazo, es recomendable usar Seachem Stability\u00ae y Matrix \u2122. Use Ammonia Alert\u00ae o MultiTest \u2122 Free &amp; Total Ammonia para monitorear directamente los niveles de amon\u00edaco libre.<\/p>\n<p>Producto: Zeolite 4 L. Tama\u00f1o 215 x200 x195 mm. (l x a x h),\u00a0 Peso envase: 4.220 (Kg.).<\/p>\n<p>&nbsp;<\/p>\n","protected":false},"excerpt":{"rendered":"<p>Zeolite\u2122 es un mineral natural altamente poroso que produce una reacci\u00f3n de uni\u00f3n qu\u00edmica con el amon\u00edaco y los metales pesados a trav\u00e9s de un mecanismo de intercambio i\u00f3nico. Posee una mayor capacidad de eliminaci\u00f3n del amon\u00edaco en el agua que cualquier otra zeolita disponible; siendo diez veces mayor que algunas de ellas y con el doble de capacidad que su competidor m\u00e1s cercano. No consumir\u00e1 el calcio en agua salada y no aumentar\u00e1 la dureza general en agua dulce, donde la fuerza i\u00f3nica es menor.<\/p>\n","protected":false},"featured_media":9328,"template":"","meta":[],"product_brand":[123],"product_cat":[40,48],"product_tag":[580,782,213,794],"class_list":{"0":"post-9327","1":"product","2":"type-product","3":"status-publish","4":"has-post-thumbnail","6":"product_brand-seachem","7":"product_cat-peces","8":"product_cat-material-filtrante","9":"product_tag-filtracion-quimica","10":"product_tag-material-filtrante-pro","11":"product_tag-zeolita-antiamoniaco","12":"product_tag-zeolite","14":"first","15":"instock","16":"sale","17":"shipping-taxable","18":"purchasable","19":"product-type-simple"},"yoast_head":"<!-- This site is optimized with the Yoast SEO plugin v27.4 - https:\/\/yoast.com\/product\/yoast-seo-wordpress\/ -->\n<title>Zeolite 4 L, Filtraci\u00f3n Qu\u00edmica. | Acuario Supremus<\/title>\n<meta name=\"description\" content=\"Zeolite\u2122 produce una reacci\u00f3n de uni\u00f3n qu\u00edmica con el amon\u00edaco y los metales pesados a trav\u00e9s de un mecanismo de intercambio i\u00f3nico.\" \/>\n<meta name=\"robots\" content=\"index, follow, max-snippet:-1, max-image-preview:large, max-video-preview:-1\" \/>\n<link rel=\"canonical\" href=\"https:\/\/acuariosupremus.com\/?product=zeolite-4-l-filtracion-quimica\" \/>\n<meta property=\"og:locale\" content=\"es_MX\" \/>\n<meta property=\"og:type\" content=\"article\" \/>\n<meta property=\"og:title\" content=\"Zeolite 4 L, Filtraci\u00f3n Qu\u00edmica. | Acuario Supremus\" \/>\n<meta property=\"og:description\" content=\"Zeolite\u2122 produce una reacci\u00f3n de uni\u00f3n qu\u00edmica con el amon\u00edaco y los metales pesados a trav\u00e9s de un mecanismo de intercambio i\u00f3nico.\" \/>\n<meta property=\"og:url\" content=\"https:\/\/acuariosupremus.com\/?product=zeolite-4-l-filtracion-quimica\" \/>\n<meta property=\"og:site_name\" content=\"Acuario Supremus\" \/>\n<meta property=\"article:publisher\" content=\"https:\/\/www.facebook.com\/AcuarioSupremus\" \/>\n<meta property=\"article:modified_time\" content=\"2025-12-29T21:58:57+00:00\" \/>\n<meta property=\"og:image\" content=\"https:\/\/acuariosupremus.com\/wp-content\/uploads\/2022\/05\/seachem_zeolite_06.jpg\" \/>\n\t<meta property=\"og:image:width\" content=\"478\" \/>\n\t<meta property=\"og:image:height\" content=\"469\" \/>\n\t<meta property=\"og:image:type\" content=\"image\/jpeg\" \/>\n<meta name=\"twitter:card\" content=\"summary_large_image\" \/>\n<meta name=\"twitter:site\" content=\"@AcuarioSupremus\" \/>\n<meta name=\"twitter:label1\" content=\"Tiempo de lectura\" \/>\n\t<meta name=\"twitter:data1\" content=\"2 minutos\" \/>\n<script type=\"application\/ld+json\" class=\"yoast-schema-graph\">{\"@context\":\"https:\\\/\\\/schema.org\",\"@graph\":[{\"@type\":\"WebPage\",\"@id\":\"https:\\\/\\\/acuariosupremus.com\\\/?product=zeolite-4-l-filtracion-quimica\",\"url\":\"https:\\\/\\\/acuariosupremus.com\\\/?product=zeolite-4-l-filtracion-quimica\",\"name\":\"Zeolite 4 L, Filtraci\u00f3n Qu\u00edmica. | Acuario Supremus\",\"isPartOf\":{\"@id\":\"https:\\\/\\\/acuariosupremus.com\\\/#website\"},\"primaryImageOfPage\":{\"@id\":\"https:\\\/\\\/acuariosupremus.com\\\/?product=zeolite-4-l-filtracion-quimica#primaryimage\"},\"image\":{\"@id\":\"https:\\\/\\\/acuariosupremus.com\\\/?product=zeolite-4-l-filtracion-quimica#primaryimage\"},\"thumbnailUrl\":\"https:\\\/\\\/acuariosupremus.com\\\/wp-content\\\/uploads\\\/2022\\\/05\\\/seachem_zeolite_06.jpg\",\"datePublished\":\"2022-05-12T23:55:22+00:00\",\"dateModified\":\"2025-12-29T21:58:57+00:00\",\"description\":\"Zeolite\u2122 produce una reacci\u00f3n de uni\u00f3n qu\u00edmica con el amon\u00edaco y los metales pesados a trav\u00e9s de un mecanismo de intercambio i\u00f3nico.\",\"breadcrumb\":{\"@id\":\"https:\\\/\\\/acuariosupremus.com\\\/?product=zeolite-4-l-filtracion-quimica#breadcrumb\"},\"inLanguage\":\"es\",\"potentialAction\":[{\"@type\":\"ReadAction\",\"target\":[\"https:\\\/\\\/acuariosupremus.com\\\/?product=zeolite-4-l-filtracion-quimica\"]}]},{\"@type\":\"ImageObject\",\"inLanguage\":\"es\",\"@id\":\"https:\\\/\\\/acuariosupremus.com\\\/?product=zeolite-4-l-filtracion-quimica#primaryimage\",\"url\":\"https:\\\/\\\/acuariosupremus.com\\\/wp-content\\\/uploads\\\/2022\\\/05\\\/seachem_zeolite_06.jpg\",\"contentUrl\":\"https:\\\/\\\/acuariosupremus.com\\\/wp-content\\\/uploads\\\/2022\\\/05\\\/seachem_zeolite_06.jpg\",\"width\":478,\"height\":469},{\"@type\":\"BreadcrumbList\",\"@id\":\"https:\\\/\\\/acuariosupremus.com\\\/?product=zeolite-4-l-filtracion-quimica#breadcrumb\",\"itemListElement\":[{\"@type\":\"ListItem\",\"position\":1,\"name\":\"Portada\",\"item\":\"https:\\\/\\\/acuariosupremus.com\\\/\"},{\"@type\":\"ListItem\",\"position\":2,\"name\":\"Tienda\",\"item\":\"https:\\\/\\\/acuariosupremus.com\\\/tienda\\\/\"},{\"@type\":\"ListItem\",\"position\":3,\"name\":\"Zeolite 4 L, Filtraci\u00f3n Qu\u00edmica.\"}]},{\"@type\":\"WebSite\",\"@id\":\"https:\\\/\\\/acuariosupremus.com\\\/#website\",\"url\":\"https:\\\/\\\/acuariosupremus.com\\\/\",\"name\":\"Acuario Supremus\",\"description\":\"Peces, Peceras y Mascotas.\",\"publisher\":{\"@id\":\"https:\\\/\\\/acuariosupremus.com\\\/#organization\"},\"potentialAction\":[{\"@type\":\"SearchAction\",\"target\":{\"@type\":\"EntryPoint\",\"urlTemplate\":\"https:\\\/\\\/acuariosupremus.com\\\/?s={search_term_string}\"},\"query-input\":{\"@type\":\"PropertyValueSpecification\",\"valueRequired\":true,\"valueName\":\"search_term_string\"}}],\"inLanguage\":\"es\"},{\"@type\":\"Organization\",\"@id\":\"https:\\\/\\\/acuariosupremus.com\\\/#organization\",\"name\":\"Acuario Supremus\",\"url\":\"https:\\\/\\\/acuariosupremus.com\\\/\",\"logo\":{\"@type\":\"ImageObject\",\"inLanguage\":\"es\",\"@id\":\"https:\\\/\\\/acuariosupremus.com\\\/#\\\/schema\\\/logo\\\/image\\\/\",\"url\":\"https:\\\/\\\/acuariosupremus.com\\\/wp-content\\\/uploads\\\/2021\\\/12\\\/cropped-logo_acuario_supremus_fn-2.png\",\"contentUrl\":\"https:\\\/\\\/acuariosupremus.com\\\/wp-content\\\/uploads\\\/2021\\\/12\\\/cropped-logo_acuario_supremus_fn-2.png\",\"width\":1000,\"height\":318,\"caption\":\"Acuario Supremus\"},\"image\":{\"@id\":\"https:\\\/\\\/acuariosupremus.com\\\/#\\\/schema\\\/logo\\\/image\\\/\"},\"sameAs\":[\"https:\\\/\\\/www.facebook.com\\\/AcuarioSupremus\",\"https:\\\/\\\/x.com\\\/AcuarioSupremus\",\"https:\\\/\\\/www.instagram.com\\\/acuariosupremus\\\/?hl=es\"]}]}<\/script>\n<!-- \/ Yoast SEO plugin. -->","yoast_head_json":{"title":"Zeolite 4 L, Filtraci\u00f3n Qu\u00edmica. | Acuario Supremus","description":"Zeolite\u2122 produce una reacci\u00f3n de uni\u00f3n qu\u00edmica con el amon\u00edaco y los metales pesados a trav\u00e9s de un mecanismo de intercambio i\u00f3nico.","robots":{"index":"index","follow":"follow","max-snippet":"max-snippet:-1","max-image-preview":"max-image-preview:large","max-video-preview":"max-video-preview:-1"},"canonical":"https:\/\/acuariosupremus.com\/?product=zeolite-4-l-filtracion-quimica","og_locale":"es_MX","og_type":"article","og_title":"Zeolite 4 L, Filtraci\u00f3n Qu\u00edmica. | Acuario Supremus","og_description":"Zeolite\u2122 produce una reacci\u00f3n de uni\u00f3n qu\u00edmica con el amon\u00edaco y los metales pesados a trav\u00e9s de un mecanismo de intercambio i\u00f3nico.","og_url":"https:\/\/acuariosupremus.com\/?product=zeolite-4-l-filtracion-quimica","og_site_name":"Acuario Supremus","article_publisher":"https:\/\/www.facebook.com\/AcuarioSupremus","article_modified_time":"2025-12-29T21:58:57+00:00","og_image":[{"width":478,"height":469,"url":"https:\/\/acuariosupremus.com\/wp-content\/uploads\/2022\/05\/seachem_zeolite_06.jpg","type":"image\/jpeg"}],"twitter_card":"summary_large_image","twitter_site":"@AcuarioSupremus","twitter_misc":{"Tiempo de lectura":"2 minutos"},"schema":{"@context":"https:\/\/schema.org","@graph":[{"@type":"WebPage","@id":"https:\/\/acuariosupremus.com\/?product=zeolite-4-l-filtracion-quimica","url":"https:\/\/acuariosupremus.com\/?product=zeolite-4-l-filtracion-quimica","name":"Zeolite 4 L, Filtraci\u00f3n Qu\u00edmica. | Acuario Supremus","isPartOf":{"@id":"https:\/\/acuariosupremus.com\/#website"},"primaryImageOfPage":{"@id":"https:\/\/acuariosupremus.com\/?product=zeolite-4-l-filtracion-quimica#primaryimage"},"image":{"@id":"https:\/\/acuariosupremus.com\/?product=zeolite-4-l-filtracion-quimica#primaryimage"},"thumbnailUrl":"https:\/\/acuariosupremus.com\/wp-content\/uploads\/2022\/05\/seachem_zeolite_06.jpg","datePublished":"2022-05-12T23:55:22+00:00","dateModified":"2025-12-29T21:58:57+00:00","description":"Zeolite\u2122 produce una reacci\u00f3n de uni\u00f3n qu\u00edmica con el amon\u00edaco y los metales pesados a trav\u00e9s de un mecanismo de intercambio i\u00f3nico.","breadcrumb":{"@id":"https:\/\/acuariosupremus.com\/?product=zeolite-4-l-filtracion-quimica#breadcrumb"},"inLanguage":"es","potentialAction":[{"@type":"ReadAction","target":["https:\/\/acuariosupremus.com\/?product=zeolite-4-l-filtracion-quimica"]}]},{"@type":"ImageObject","inLanguage":"es","@id":"https:\/\/acuariosupremus.com\/?product=zeolite-4-l-filtracion-quimica#primaryimage","url":"https:\/\/acuariosupremus.com\/wp-content\/uploads\/2022\/05\/seachem_zeolite_06.jpg","contentUrl":"https:\/\/acuariosupremus.com\/wp-content\/uploads\/2022\/05\/seachem_zeolite_06.jpg","width":478,"height":469},{"@type":"BreadcrumbList","@id":"https:\/\/acuariosupremus.com\/?product=zeolite-4-l-filtracion-quimica#breadcrumb","itemListElement":[{"@type":"ListItem","position":1,"name":"Portada","item":"https:\/\/acuariosupremus.com\/"},{"@type":"ListItem","position":2,"name":"Tienda","item":"https:\/\/acuariosupremus.com\/tienda\/"},{"@type":"ListItem","position":3,"name":"Zeolite 4 L, Filtraci\u00f3n Qu\u00edmica."}]},{"@type":"WebSite","@id":"https:\/\/acuariosupremus.com\/#website","url":"https:\/\/acuariosupremus.com\/","name":"Acuario Supremus","description":"Peces, Peceras y Mascotas.","publisher":{"@id":"https:\/\/acuariosupremus.com\/#organization"},"potentialAction":[{"@type":"SearchAction","target":{"@type":"EntryPoint","urlTemplate":"https:\/\/acuariosupremus.com\/?s={search_term_string}"},"query-input":{"@type":"PropertyValueSpecification","valueRequired":true,"valueName":"search_term_string"}}],"inLanguage":"es"},{"@type":"Organization","@id":"https:\/\/acuariosupremus.com\/#organization","name":"Acuario Supremus","url":"https:\/\/acuariosupremus.com\/","logo":{"@type":"ImageObject","inLanguage":"es","@id":"https:\/\/acuariosupremus.com\/#\/schema\/logo\/image\/","url":"https:\/\/acuariosupremus.com\/wp-content\/uploads\/2021\/12\/cropped-logo_acuario_supremus_fn-2.png","contentUrl":"https:\/\/acuariosupremus.com\/wp-content\/uploads\/2021\/12\/cropped-logo_acuario_supremus_fn-2.png","width":1000,"height":318,"caption":"Acuario Supremus"},"image":{"@id":"https:\/\/acuariosupremus.com\/#\/schema\/logo\/image\/"},"sameAs":["https:\/\/www.facebook.com\/AcuarioSupremus","https:\/\/x.com\/AcuarioSupremus","https:\/\/www.instagram.com\/acuariosupremus\/?hl=es"]}]}},"jetpack_sharing_enabled":true,"_links":{"self":[{"href":"https:\/\/acuariosupremus.com\/index.php?rest_route=\/wp\/v2\/product\/9327","targetHints":{"allow":["GET"]}}],"collection":[{"href":"https:\/\/acuariosupremus.com\/index.php?rest_route=\/wp\/v2\/product"}],"about":[{"href":"https:\/\/acuariosupremus.com\/index.php?rest_route=\/wp\/v2\/types\/product"}],"wp:featuredmedia":[{"embeddable":true,"href":"https:\/\/acuariosupremus.com\/index.php?rest_route=\/wp\/v2\/media\/9328"}],"wp:attachment":[{"href":"https:\/\/acuariosupremus.com\/index.php?rest_route=%2Fwp%2Fv2%2Fmedia&parent=9327"}],"wp:term":[{"taxonomy":"product_brand","embeddable":true,"href":"https:\/\/acuariosupremus.com\/index.php?rest_route=%2Fwp%2Fv2%2Fproduct_brand&post=9327"},{"taxonomy":"product_cat","embeddable":true,"href":"https:\/\/acuariosupremus.com\/index.php?rest_route=%2Fwp%2Fv2%2Fproduct_cat&post=9327"},{"taxonomy":"product_tag","embeddable":true,"href":"https:\/\/acuariosupremus.com\/index.php?rest_route=%2Fwp%2Fv2%2Fproduct_tag&post=9327"}],"curies":[{"name":"wp","href":"https:\/\/api.w.org\/{rel}","templated":true}]}}