{"id":9351,"date":"2022-05-12T20:16:48","date_gmt":"2022-05-13T01:16:48","guid":{"rendered":"https:\/\/acuariosupremus.com\/?post_type=product&#038;p=9351"},"modified":"2025-12-29T16:17:57","modified_gmt":"2025-12-29T22:17:57","slug":"cupramine-4-l-medicamento-parasitos","status":"publish","type":"product","link":"https:\/\/acuariosupremus.com\/?product=cupramine-4-l-medicamento-parasitos","title":{"rendered":"Cupramine 4 L, Medicamento Par\u00e1sitos."},"content":{"rendered":"<p>Tambi\u00e9n es m\u00e1s efectivo que los quelatos ya que sus mol\u00e9culas est\u00e1n completamente cargadas i\u00f3nicamente, siendo activo a bajas concentraciones y f\u00e1cilmente extra\u00edble con carb\u00f3n activado. Existe un gradiente de m\u00e1s de cuatro veces entre la m\u00ednima dosis terap\u00e9utica (0,2 mg\/l) y la dosis t\u00f3xica (0,8 mg\/l). Cupramine \u2122 es altamente efectivo y seguro tanto en sistemas de agua dulce como agua salada.<br \/>\nPara realizar tratamientos extraiga los materiales filtrantes qu\u00edmicos del acuario y apague la l\u00e1mpara ultra-violeta. En acuarios de agua saldada a\u00f1ada 20 gotas (1 ml) por cada 40 litros de agua el primer d\u00eda. Espere 48 horas y repita la dosis. Cada hilo de la rosca del tap\u00f3n equivale a 1 ml de Cupramine \u2122. En agua dulce use media dosis. La concentraci\u00f3n efectiva de cobre es de 0.5 mg\/l. (0.25 mg\/l. para agua dulce). Debe mantener esta concentraci\u00f3n durante al menos 14 d\u00edas, y no vuelva a dosificar sin verificar la concentraci\u00f3n de cobre con MultiTest: Copper\u2122. No lo combine con otros medicamentos, anti-cloros o reductores de amon\u00edaco. La mayor\u00eda de peces toleran concentraciones de cobre de 0.8 mg\/l. Sin embargo no es recomendable exceder una dosis de 0.8 mg\/l. Puede eliminar este medicamento con carb\u00f3n activado o Cuprisorb\u2122.<\/p>\n<p>Producto: Cupramine 4L.. Tama\u00f1o: 150x150x310 mm. (l x a x h) Peso: 4.035 (Kg.).<\/p>\n","protected":false},"excerpt":{"rendered":"<p>Cupramine \u2122 es un medicamento para acuarios de agua dulce y salda que elimina eficazmente enfermedades tales como Oodinium, Cryptocaryon, Amyloodinium, Ichthyophthirius y otros ectopar\u00e1sitos. Es m\u00e1s efectivo que otros tratamientos como el sulfato de cobre, cloruros y citratos, ya que no contiene \u00e1cidos. Es menos t\u00f3xico para los peces, permanece en soluci\u00f3n y no contamina los materiales filtrantes<\/p>\n","protected":false},"featured_media":9352,"template":"","meta":[],"product_brand":[123],"product_cat":[40,51],"product_tag":[799,798,224,800],"class_list":{"0":"post-9351","1":"product","2":"type-product","3":"status-publish","4":"has-post-thumbnail","6":"product_brand-seachem","7":"product_cat-peces","8":"product_cat-medicamentos","9":"product_tag-cupramine","10":"product_tag-medicamento-parasitos","11":"product_tag-medicamento-peces","12":"product_tag-medicamento-pro","14":"first","15":"instock","16":"sale","17":"shipping-taxable","18":"purchasable","19":"product-type-simple"},"yoast_head":"<!-- This site is optimized with the Yoast SEO plugin v27.4 - https:\/\/yoast.com\/product\/yoast-seo-wordpress\/ -->\n<title>Cupramine 4 L, Medicamento Par\u00e1sitos. | Acuario Supremus<\/title>\n<meta name=\"description\" content=\"Cupramine \u2122 es un medicamento para acuarios de agua dulce y salda que elimina eficazmente enfermedades causadas por ectopar\u00e1sitos.\" \/>\n<meta name=\"robots\" content=\"index, follow, max-snippet:-1, max-image-preview:large, max-video-preview:-1\" \/>\n<link rel=\"canonical\" href=\"https:\/\/acuariosupremus.com\/?product=cupramine-4-l-medicamento-parasitos\" \/>\n<meta property=\"og:locale\" content=\"es_MX\" \/>\n<meta property=\"og:type\" content=\"article\" \/>\n<meta property=\"og:title\" content=\"Cupramine 4 L, Medicamento Par\u00e1sitos. | Acuario Supremus\" \/>\n<meta property=\"og:description\" content=\"Cupramine \u2122 es un medicamento para acuarios de agua dulce y salda que elimina eficazmente enfermedades causadas por ectopar\u00e1sitos.\" \/>\n<meta property=\"og:url\" content=\"https:\/\/acuariosupremus.com\/?product=cupramine-4-l-medicamento-parasitos\" \/>\n<meta property=\"og:site_name\" content=\"Acuario Supremus\" \/>\n<meta property=\"article:publisher\" content=\"https:\/\/www.facebook.com\/AcuarioSupremus\" \/>\n<meta property=\"article:modified_time\" content=\"2025-12-29T22:17:57+00:00\" \/>\n<meta property=\"og:image\" content=\"https:\/\/acuariosupremus.com\/wp-content\/uploads\/2022\/05\/seachem_cupramine-06.jpg\" \/>\n\t<meta property=\"og:image:width\" content=\"1250\" \/>\n\t<meta property=\"og:image:height\" content=\"1250\" \/>\n\t<meta property=\"og:image:type\" content=\"image\/jpeg\" \/>\n<meta name=\"twitter:card\" content=\"summary_large_image\" \/>\n<meta name=\"twitter:site\" content=\"@AcuarioSupremus\" \/>\n<meta name=\"twitter:label1\" content=\"Tiempo de lectura\" \/>\n\t<meta name=\"twitter:data1\" content=\"1 minuto\" \/>\n<script type=\"application\/ld+json\" class=\"yoast-schema-graph\">{\"@context\":\"https:\\\/\\\/schema.org\",\"@graph\":[{\"@type\":\"WebPage\",\"@id\":\"https:\\\/\\\/acuariosupremus.com\\\/?product=cupramine-4-l-medicamento-parasitos\",\"url\":\"https:\\\/\\\/acuariosupremus.com\\\/?product=cupramine-4-l-medicamento-parasitos\",\"name\":\"Cupramine 4 L, Medicamento Par\u00e1sitos. | Acuario Supremus\",\"isPartOf\":{\"@id\":\"https:\\\/\\\/acuariosupremus.com\\\/#website\"},\"primaryImageOfPage\":{\"@id\":\"https:\\\/\\\/acuariosupremus.com\\\/?product=cupramine-4-l-medicamento-parasitos#primaryimage\"},\"image\":{\"@id\":\"https:\\\/\\\/acuariosupremus.com\\\/?product=cupramine-4-l-medicamento-parasitos#primaryimage\"},\"thumbnailUrl\":\"https:\\\/\\\/acuariosupremus.com\\\/wp-content\\\/uploads\\\/2022\\\/05\\\/seachem_cupramine-06.jpg\",\"datePublished\":\"2022-05-13T01:16:48+00:00\",\"dateModified\":\"2025-12-29T22:17:57+00:00\",\"description\":\"Cupramine \u2122 es un medicamento para acuarios de agua dulce y salda que elimina eficazmente enfermedades causadas por ectopar\u00e1sitos.\",\"breadcrumb\":{\"@id\":\"https:\\\/\\\/acuariosupremus.com\\\/?product=cupramine-4-l-medicamento-parasitos#breadcrumb\"},\"inLanguage\":\"es\",\"potentialAction\":[{\"@type\":\"ReadAction\",\"target\":[\"https:\\\/\\\/acuariosupremus.com\\\/?product=cupramine-4-l-medicamento-parasitos\"]}]},{\"@type\":\"ImageObject\",\"inLanguage\":\"es\",\"@id\":\"https:\\\/\\\/acuariosupremus.com\\\/?product=cupramine-4-l-medicamento-parasitos#primaryimage\",\"url\":\"https:\\\/\\\/acuariosupremus.com\\\/wp-content\\\/uploads\\\/2022\\\/05\\\/seachem_cupramine-06.jpg\",\"contentUrl\":\"https:\\\/\\\/acuariosupremus.com\\\/wp-content\\\/uploads\\\/2022\\\/05\\\/seachem_cupramine-06.jpg\",\"width\":1250,\"height\":1250},{\"@type\":\"BreadcrumbList\",\"@id\":\"https:\\\/\\\/acuariosupremus.com\\\/?product=cupramine-4-l-medicamento-parasitos#breadcrumb\",\"itemListElement\":[{\"@type\":\"ListItem\",\"position\":1,\"name\":\"Portada\",\"item\":\"https:\\\/\\\/acuariosupremus.com\\\/\"},{\"@type\":\"ListItem\",\"position\":2,\"name\":\"Tienda\",\"item\":\"https:\\\/\\\/acuariosupremus.com\\\/tienda\\\/\"},{\"@type\":\"ListItem\",\"position\":3,\"name\":\"Cupramine 4 L, Medicamento Par\u00e1sitos.\"}]},{\"@type\":\"WebSite\",\"@id\":\"https:\\\/\\\/acuariosupremus.com\\\/#website\",\"url\":\"https:\\\/\\\/acuariosupremus.com\\\/\",\"name\":\"Acuario Supremus\",\"description\":\"Peces, Peceras y Mascotas.\",\"publisher\":{\"@id\":\"https:\\\/\\\/acuariosupremus.com\\\/#organization\"},\"potentialAction\":[{\"@type\":\"SearchAction\",\"target\":{\"@type\":\"EntryPoint\",\"urlTemplate\":\"https:\\\/\\\/acuariosupremus.com\\\/?s={search_term_string}\"},\"query-input\":{\"@type\":\"PropertyValueSpecification\",\"valueRequired\":true,\"valueName\":\"search_term_string\"}}],\"inLanguage\":\"es\"},{\"@type\":\"Organization\",\"@id\":\"https:\\\/\\\/acuariosupremus.com\\\/#organization\",\"name\":\"Acuario Supremus\",\"url\":\"https:\\\/\\\/acuariosupremus.com\\\/\",\"logo\":{\"@type\":\"ImageObject\",\"inLanguage\":\"es\",\"@id\":\"https:\\\/\\\/acuariosupremus.com\\\/#\\\/schema\\\/logo\\\/image\\\/\",\"url\":\"https:\\\/\\\/acuariosupremus.com\\\/wp-content\\\/uploads\\\/2021\\\/12\\\/cropped-logo_acuario_supremus_fn-2.png\",\"contentUrl\":\"https:\\\/\\\/acuariosupremus.com\\\/wp-content\\\/uploads\\\/2021\\\/12\\\/cropped-logo_acuario_supremus_fn-2.png\",\"width\":1000,\"height\":318,\"caption\":\"Acuario Supremus\"},\"image\":{\"@id\":\"https:\\\/\\\/acuariosupremus.com\\\/#\\\/schema\\\/logo\\\/image\\\/\"},\"sameAs\":[\"https:\\\/\\\/www.facebook.com\\\/AcuarioSupremus\",\"https:\\\/\\\/x.com\\\/AcuarioSupremus\",\"https:\\\/\\\/www.instagram.com\\\/acuariosupremus\\\/?hl=es\"]}]}<\/script>\n<!-- \/ Yoast SEO plugin. -->","yoast_head_json":{"title":"Cupramine 4 L, Medicamento Par\u00e1sitos. | Acuario Supremus","description":"Cupramine \u2122 es un medicamento para acuarios de agua dulce y salda que elimina eficazmente enfermedades causadas por ectopar\u00e1sitos.","robots":{"index":"index","follow":"follow","max-snippet":"max-snippet:-1","max-image-preview":"max-image-preview:large","max-video-preview":"max-video-preview:-1"},"canonical":"https:\/\/acuariosupremus.com\/?product=cupramine-4-l-medicamento-parasitos","og_locale":"es_MX","og_type":"article","og_title":"Cupramine 4 L, Medicamento Par\u00e1sitos. | Acuario Supremus","og_description":"Cupramine \u2122 es un medicamento para acuarios de agua dulce y salda que elimina eficazmente enfermedades causadas por ectopar\u00e1sitos.","og_url":"https:\/\/acuariosupremus.com\/?product=cupramine-4-l-medicamento-parasitos","og_site_name":"Acuario Supremus","article_publisher":"https:\/\/www.facebook.com\/AcuarioSupremus","article_modified_time":"2025-12-29T22:17:57+00:00","og_image":[{"width":1250,"height":1250,"url":"https:\/\/acuariosupremus.com\/wp-content\/uploads\/2022\/05\/seachem_cupramine-06.jpg","type":"image\/jpeg"}],"twitter_card":"summary_large_image","twitter_site":"@AcuarioSupremus","twitter_misc":{"Tiempo de lectura":"1 minuto"},"schema":{"@context":"https:\/\/schema.org","@graph":[{"@type":"WebPage","@id":"https:\/\/acuariosupremus.com\/?product=cupramine-4-l-medicamento-parasitos","url":"https:\/\/acuariosupremus.com\/?product=cupramine-4-l-medicamento-parasitos","name":"Cupramine 4 L, Medicamento Par\u00e1sitos. | Acuario Supremus","isPartOf":{"@id":"https:\/\/acuariosupremus.com\/#website"},"primaryImageOfPage":{"@id":"https:\/\/acuariosupremus.com\/?product=cupramine-4-l-medicamento-parasitos#primaryimage"},"image":{"@id":"https:\/\/acuariosupremus.com\/?product=cupramine-4-l-medicamento-parasitos#primaryimage"},"thumbnailUrl":"https:\/\/acuariosupremus.com\/wp-content\/uploads\/2022\/05\/seachem_cupramine-06.jpg","datePublished":"2022-05-13T01:16:48+00:00","dateModified":"2025-12-29T22:17:57+00:00","description":"Cupramine \u2122 es un medicamento para acuarios de agua dulce y salda que elimina eficazmente enfermedades causadas por ectopar\u00e1sitos.","breadcrumb":{"@id":"https:\/\/acuariosupremus.com\/?product=cupramine-4-l-medicamento-parasitos#breadcrumb"},"inLanguage":"es","potentialAction":[{"@type":"ReadAction","target":["https:\/\/acuariosupremus.com\/?product=cupramine-4-l-medicamento-parasitos"]}]},{"@type":"ImageObject","inLanguage":"es","@id":"https:\/\/acuariosupremus.com\/?product=cupramine-4-l-medicamento-parasitos#primaryimage","url":"https:\/\/acuariosupremus.com\/wp-content\/uploads\/2022\/05\/seachem_cupramine-06.jpg","contentUrl":"https:\/\/acuariosupremus.com\/wp-content\/uploads\/2022\/05\/seachem_cupramine-06.jpg","width":1250,"height":1250},{"@type":"BreadcrumbList","@id":"https:\/\/acuariosupremus.com\/?product=cupramine-4-l-medicamento-parasitos#breadcrumb","itemListElement":[{"@type":"ListItem","position":1,"name":"Portada","item":"https:\/\/acuariosupremus.com\/"},{"@type":"ListItem","position":2,"name":"Tienda","item":"https:\/\/acuariosupremus.com\/tienda\/"},{"@type":"ListItem","position":3,"name":"Cupramine 4 L, Medicamento Par\u00e1sitos."}]},{"@type":"WebSite","@id":"https:\/\/acuariosupremus.com\/#website","url":"https:\/\/acuariosupremus.com\/","name":"Acuario Supremus","description":"Peces, Peceras y Mascotas.","publisher":{"@id":"https:\/\/acuariosupremus.com\/#organization"},"potentialAction":[{"@type":"SearchAction","target":{"@type":"EntryPoint","urlTemplate":"https:\/\/acuariosupremus.com\/?s={search_term_string}"},"query-input":{"@type":"PropertyValueSpecification","valueRequired":true,"valueName":"search_term_string"}}],"inLanguage":"es"},{"@type":"Organization","@id":"https:\/\/acuariosupremus.com\/#organization","name":"Acuario Supremus","url":"https:\/\/acuariosupremus.com\/","logo":{"@type":"ImageObject","inLanguage":"es","@id":"https:\/\/acuariosupremus.com\/#\/schema\/logo\/image\/","url":"https:\/\/acuariosupremus.com\/wp-content\/uploads\/2021\/12\/cropped-logo_acuario_supremus_fn-2.png","contentUrl":"https:\/\/acuariosupremus.com\/wp-content\/uploads\/2021\/12\/cropped-logo_acuario_supremus_fn-2.png","width":1000,"height":318,"caption":"Acuario Supremus"},"image":{"@id":"https:\/\/acuariosupremus.com\/#\/schema\/logo\/image\/"},"sameAs":["https:\/\/www.facebook.com\/AcuarioSupremus","https:\/\/x.com\/AcuarioSupremus","https:\/\/www.instagram.com\/acuariosupremus\/?hl=es"]}]}},"jetpack_sharing_enabled":true,"_links":{"self":[{"href":"https:\/\/acuariosupremus.com\/index.php?rest_route=\/wp\/v2\/product\/9351","targetHints":{"allow":["GET"]}}],"collection":[{"href":"https:\/\/acuariosupremus.com\/index.php?rest_route=\/wp\/v2\/product"}],"about":[{"href":"https:\/\/acuariosupremus.com\/index.php?rest_route=\/wp\/v2\/types\/product"}],"wp:featuredmedia":[{"embeddable":true,"href":"https:\/\/acuariosupremus.com\/index.php?rest_route=\/wp\/v2\/media\/9352"}],"wp:attachment":[{"href":"https:\/\/acuariosupremus.com\/index.php?rest_route=%2Fwp%2Fv2%2Fmedia&parent=9351"}],"wp:term":[{"taxonomy":"product_brand","embeddable":true,"href":"https:\/\/acuariosupremus.com\/index.php?rest_route=%2Fwp%2Fv2%2Fproduct_brand&post=9351"},{"taxonomy":"product_cat","embeddable":true,"href":"https:\/\/acuariosupremus.com\/index.php?rest_route=%2Fwp%2Fv2%2Fproduct_cat&post=9351"},{"taxonomy":"product_tag","embeddable":true,"href":"https:\/\/acuariosupremus.com\/index.php?rest_route=%2Fwp%2Fv2%2Fproduct_tag&post=9351"}],"curies":[{"name":"wp","href":"https:\/\/api.w.org\/{rel}","templated":true}]}}