{"id":9382,"date":"2022-05-13T14:32:05","date_gmt":"2022-05-13T19:32:05","guid":{"rendered":"https:\/\/acuariosupremus.com\/?post_type=product&#038;p=9382"},"modified":"2025-12-29T17:12:30","modified_gmt":"2025-12-29T23:12:30","slug":"reef-dip-100-ml-desinfectante-para-corales","status":"publish","type":"product","link":"https:\/\/acuariosupremus.com\/?product=reef-dip-100-ml-desinfectante-para-corales","title":{"rendered":"Reef Dip 100 ml, Desinfectante para corales."},"content":{"rendered":"<p>Es eficaz contra bacterias, hongos y protozoos. Puede ser utilizado tanto en un tratamiento profil\u00e1ctico antes que el coral presente s\u00edntomas de enfermedad o para sanar ejemplares ya enfermos. Es seguro tanto para corales duros, corales blandos, an\u00e9monas y p\u00f3lipos. Reef Dip \u2122 provee una compleja capa protectora que cubre al coral, manteniendo el yodo en contacto con el sitio infectado durante un largo per\u00edodo de tiempo. Adem\u00e1s, esta capa protectora evita que la infecci\u00f3n se produzca de nuevo en el lugar afectado.<\/p>\n<p>Producto: Reef Dip 100 ml. Tama\u00f1o: 40 x 40 x 123 mm. (l x a x h) Peso: 0.145 (Kg.).<\/p>\n","protected":false},"excerpt":{"rendered":"<p>Reef Dip \u2122 contiene yodo elemental que provee al coral de una compleja capa protectora de mucosa que permite una desinfecci\u00f3n de manera segura.<\/p>\n","protected":false},"featured_media":9383,"template":"","meta":[],"product_brand":[123],"product_cat":[40,51],"product_tag":[803,804],"class_list":{"0":"post-9382","1":"product","2":"type-product","3":"status-publish","4":"has-post-thumbnail","6":"product_brand-seachem","7":"product_cat-peces","8":"product_cat-medicamentos","9":"product_tag-desinfectante-para-corales","10":"product_tag-reef-dip","12":"first","13":"instock","14":"sale","15":"shipping-taxable","16":"purchasable","17":"product-type-simple"},"yoast_head":"<!-- This site is optimized with the Yoast SEO plugin v27.5 - https:\/\/yoast.com\/product\/yoast-seo-wordpress\/ -->\n<title>Reef Dip 100 ml, Desinfectante para corales. | Acuario Supremus<\/title>\n<meta name=\"description\" content=\"Reef Dip \u2122 contiene yodo elemental que provee al coral de una compleja capa protectora de mucosa que permite una desinfecci\u00f3n de manera segura.\" \/>\n<meta name=\"robots\" content=\"index, follow, max-snippet:-1, max-image-preview:large, max-video-preview:-1\" \/>\n<link rel=\"canonical\" href=\"https:\/\/acuariosupremus.com\/?product=reef-dip-100-ml-desinfectante-para-corales\" \/>\n<meta property=\"og:locale\" content=\"es_MX\" \/>\n<meta property=\"og:type\" content=\"article\" \/>\n<meta property=\"og:title\" content=\"Reef Dip 100 ml, Desinfectante para corales. | Acuario Supremus\" \/>\n<meta property=\"og:description\" content=\"Reef Dip \u2122 contiene yodo elemental que provee al coral de una compleja capa protectora de mucosa que permite una desinfecci\u00f3n de manera segura.\" \/>\n<meta property=\"og:url\" content=\"https:\/\/acuariosupremus.com\/?product=reef-dip-100-ml-desinfectante-para-corales\" \/>\n<meta property=\"og:site_name\" content=\"Acuario Supremus\" \/>\n<meta property=\"article:publisher\" content=\"https:\/\/www.facebook.com\/AcuarioSupremus\" \/>\n<meta property=\"article:modified_time\" content=\"2025-12-29T23:12:30+00:00\" \/>\n<meta property=\"og:image\" content=\"https:\/\/acuariosupremus.com\/wp-content\/uploads\/2022\/05\/seachem_reef_dip_02.jpg\" \/>\n\t<meta property=\"og:image:width\" content=\"473\" \/>\n\t<meta property=\"og:image:height\" content=\"473\" \/>\n\t<meta property=\"og:image:type\" content=\"image\/jpeg\" \/>\n<meta name=\"twitter:card\" content=\"summary_large_image\" \/>\n<meta name=\"twitter:site\" content=\"@AcuarioSupremus\" \/>\n<meta name=\"twitter:label1\" content=\"Tiempo de lectura\" \/>\n\t<meta name=\"twitter:data1\" content=\"1 minuto\" \/>\n<script type=\"application\/ld+json\" class=\"yoast-schema-graph\">{\"@context\":\"https:\\\/\\\/schema.org\",\"@graph\":[{\"@type\":\"WebPage\",\"@id\":\"https:\\\/\\\/acuariosupremus.com\\\/?product=reef-dip-100-ml-desinfectante-para-corales\",\"url\":\"https:\\\/\\\/acuariosupremus.com\\\/?product=reef-dip-100-ml-desinfectante-para-corales\",\"name\":\"Reef Dip 100 ml, Desinfectante para corales. | Acuario Supremus\",\"isPartOf\":{\"@id\":\"https:\\\/\\\/acuariosupremus.com\\\/#website\"},\"primaryImageOfPage\":{\"@id\":\"https:\\\/\\\/acuariosupremus.com\\\/?product=reef-dip-100-ml-desinfectante-para-corales#primaryimage\"},\"image\":{\"@id\":\"https:\\\/\\\/acuariosupremus.com\\\/?product=reef-dip-100-ml-desinfectante-para-corales#primaryimage\"},\"thumbnailUrl\":\"https:\\\/\\\/acuariosupremus.com\\\/wp-content\\\/uploads\\\/2022\\\/05\\\/seachem_reef_dip_02.jpg\",\"datePublished\":\"2022-05-13T19:32:05+00:00\",\"dateModified\":\"2025-12-29T23:12:30+00:00\",\"description\":\"Reef Dip \u2122 contiene yodo elemental que provee al coral de una compleja capa protectora de mucosa que permite una desinfecci\u00f3n de manera segura.\",\"breadcrumb\":{\"@id\":\"https:\\\/\\\/acuariosupremus.com\\\/?product=reef-dip-100-ml-desinfectante-para-corales#breadcrumb\"},\"inLanguage\":\"es\",\"potentialAction\":[{\"@type\":\"ReadAction\",\"target\":[\"https:\\\/\\\/acuariosupremus.com\\\/?product=reef-dip-100-ml-desinfectante-para-corales\"]}]},{\"@type\":\"ImageObject\",\"inLanguage\":\"es\",\"@id\":\"https:\\\/\\\/acuariosupremus.com\\\/?product=reef-dip-100-ml-desinfectante-para-corales#primaryimage\",\"url\":\"https:\\\/\\\/acuariosupremus.com\\\/wp-content\\\/uploads\\\/2022\\\/05\\\/seachem_reef_dip_02.jpg\",\"contentUrl\":\"https:\\\/\\\/acuariosupremus.com\\\/wp-content\\\/uploads\\\/2022\\\/05\\\/seachem_reef_dip_02.jpg\",\"width\":473,\"height\":473},{\"@type\":\"BreadcrumbList\",\"@id\":\"https:\\\/\\\/acuariosupremus.com\\\/?product=reef-dip-100-ml-desinfectante-para-corales#breadcrumb\",\"itemListElement\":[{\"@type\":\"ListItem\",\"position\":1,\"name\":\"Portada\",\"item\":\"https:\\\/\\\/acuariosupremus.com\\\/\"},{\"@type\":\"ListItem\",\"position\":2,\"name\":\"Tienda\",\"item\":\"https:\\\/\\\/acuariosupremus.com\\\/tienda\\\/\"},{\"@type\":\"ListItem\",\"position\":3,\"name\":\"Reef Dip 100 ml, Desinfectante para corales.\"}]},{\"@type\":\"WebSite\",\"@id\":\"https:\\\/\\\/acuariosupremus.com\\\/#website\",\"url\":\"https:\\\/\\\/acuariosupremus.com\\\/\",\"name\":\"Acuario Supremus\",\"description\":\"Peces, Peceras y Mascotas.\",\"publisher\":{\"@id\":\"https:\\\/\\\/acuariosupremus.com\\\/#organization\"},\"potentialAction\":[{\"@type\":\"SearchAction\",\"target\":{\"@type\":\"EntryPoint\",\"urlTemplate\":\"https:\\\/\\\/acuariosupremus.com\\\/?s={search_term_string}\"},\"query-input\":{\"@type\":\"PropertyValueSpecification\",\"valueRequired\":true,\"valueName\":\"search_term_string\"}}],\"inLanguage\":\"es\"},{\"@type\":\"Organization\",\"@id\":\"https:\\\/\\\/acuariosupremus.com\\\/#organization\",\"name\":\"Acuario Supremus\",\"url\":\"https:\\\/\\\/acuariosupremus.com\\\/\",\"logo\":{\"@type\":\"ImageObject\",\"inLanguage\":\"es\",\"@id\":\"https:\\\/\\\/acuariosupremus.com\\\/#\\\/schema\\\/logo\\\/image\\\/\",\"url\":\"https:\\\/\\\/acuariosupremus.com\\\/wp-content\\\/uploads\\\/2021\\\/12\\\/cropped-logo_acuario_supremus_fn-2.png\",\"contentUrl\":\"https:\\\/\\\/acuariosupremus.com\\\/wp-content\\\/uploads\\\/2021\\\/12\\\/cropped-logo_acuario_supremus_fn-2.png\",\"width\":1000,\"height\":318,\"caption\":\"Acuario Supremus\"},\"image\":{\"@id\":\"https:\\\/\\\/acuariosupremus.com\\\/#\\\/schema\\\/logo\\\/image\\\/\"},\"sameAs\":[\"https:\\\/\\\/www.facebook.com\\\/AcuarioSupremus\",\"https:\\\/\\\/x.com\\\/AcuarioSupremus\",\"https:\\\/\\\/www.instagram.com\\\/acuariosupremus\\\/?hl=es\"]}]}<\/script>\n<!-- \/ Yoast SEO plugin. -->","yoast_head_json":{"title":"Reef Dip 100 ml, Desinfectante para corales. | Acuario Supremus","description":"Reef Dip \u2122 contiene yodo elemental que provee al coral de una compleja capa protectora de mucosa que permite una desinfecci\u00f3n de manera segura.","robots":{"index":"index","follow":"follow","max-snippet":"max-snippet:-1","max-image-preview":"max-image-preview:large","max-video-preview":"max-video-preview:-1"},"canonical":"https:\/\/acuariosupremus.com\/?product=reef-dip-100-ml-desinfectante-para-corales","og_locale":"es_MX","og_type":"article","og_title":"Reef Dip 100 ml, Desinfectante para corales. | Acuario Supremus","og_description":"Reef Dip \u2122 contiene yodo elemental que provee al coral de una compleja capa protectora de mucosa que permite una desinfecci\u00f3n de manera segura.","og_url":"https:\/\/acuariosupremus.com\/?product=reef-dip-100-ml-desinfectante-para-corales","og_site_name":"Acuario Supremus","article_publisher":"https:\/\/www.facebook.com\/AcuarioSupremus","article_modified_time":"2025-12-29T23:12:30+00:00","og_image":[{"width":473,"height":473,"url":"https:\/\/acuariosupremus.com\/wp-content\/uploads\/2022\/05\/seachem_reef_dip_02.jpg","type":"image\/jpeg"}],"twitter_card":"summary_large_image","twitter_site":"@AcuarioSupremus","twitter_misc":{"Tiempo de lectura":"1 minuto"},"schema":{"@context":"https:\/\/schema.org","@graph":[{"@type":"WebPage","@id":"https:\/\/acuariosupremus.com\/?product=reef-dip-100-ml-desinfectante-para-corales","url":"https:\/\/acuariosupremus.com\/?product=reef-dip-100-ml-desinfectante-para-corales","name":"Reef Dip 100 ml, Desinfectante para corales. | Acuario Supremus","isPartOf":{"@id":"https:\/\/acuariosupremus.com\/#website"},"primaryImageOfPage":{"@id":"https:\/\/acuariosupremus.com\/?product=reef-dip-100-ml-desinfectante-para-corales#primaryimage"},"image":{"@id":"https:\/\/acuariosupremus.com\/?product=reef-dip-100-ml-desinfectante-para-corales#primaryimage"},"thumbnailUrl":"https:\/\/acuariosupremus.com\/wp-content\/uploads\/2022\/05\/seachem_reef_dip_02.jpg","datePublished":"2022-05-13T19:32:05+00:00","dateModified":"2025-12-29T23:12:30+00:00","description":"Reef Dip \u2122 contiene yodo elemental que provee al coral de una compleja capa protectora de mucosa que permite una desinfecci\u00f3n de manera segura.","breadcrumb":{"@id":"https:\/\/acuariosupremus.com\/?product=reef-dip-100-ml-desinfectante-para-corales#breadcrumb"},"inLanguage":"es","potentialAction":[{"@type":"ReadAction","target":["https:\/\/acuariosupremus.com\/?product=reef-dip-100-ml-desinfectante-para-corales"]}]},{"@type":"ImageObject","inLanguage":"es","@id":"https:\/\/acuariosupremus.com\/?product=reef-dip-100-ml-desinfectante-para-corales#primaryimage","url":"https:\/\/acuariosupremus.com\/wp-content\/uploads\/2022\/05\/seachem_reef_dip_02.jpg","contentUrl":"https:\/\/acuariosupremus.com\/wp-content\/uploads\/2022\/05\/seachem_reef_dip_02.jpg","width":473,"height":473},{"@type":"BreadcrumbList","@id":"https:\/\/acuariosupremus.com\/?product=reef-dip-100-ml-desinfectante-para-corales#breadcrumb","itemListElement":[{"@type":"ListItem","position":1,"name":"Portada","item":"https:\/\/acuariosupremus.com\/"},{"@type":"ListItem","position":2,"name":"Tienda","item":"https:\/\/acuariosupremus.com\/tienda\/"},{"@type":"ListItem","position":3,"name":"Reef Dip 100 ml, Desinfectante para corales."}]},{"@type":"WebSite","@id":"https:\/\/acuariosupremus.com\/#website","url":"https:\/\/acuariosupremus.com\/","name":"Acuario Supremus","description":"Peces, Peceras y Mascotas.","publisher":{"@id":"https:\/\/acuariosupremus.com\/#organization"},"potentialAction":[{"@type":"SearchAction","target":{"@type":"EntryPoint","urlTemplate":"https:\/\/acuariosupremus.com\/?s={search_term_string}"},"query-input":{"@type":"PropertyValueSpecification","valueRequired":true,"valueName":"search_term_string"}}],"inLanguage":"es"},{"@type":"Organization","@id":"https:\/\/acuariosupremus.com\/#organization","name":"Acuario Supremus","url":"https:\/\/acuariosupremus.com\/","logo":{"@type":"ImageObject","inLanguage":"es","@id":"https:\/\/acuariosupremus.com\/#\/schema\/logo\/image\/","url":"https:\/\/acuariosupremus.com\/wp-content\/uploads\/2021\/12\/cropped-logo_acuario_supremus_fn-2.png","contentUrl":"https:\/\/acuariosupremus.com\/wp-content\/uploads\/2021\/12\/cropped-logo_acuario_supremus_fn-2.png","width":1000,"height":318,"caption":"Acuario Supremus"},"image":{"@id":"https:\/\/acuariosupremus.com\/#\/schema\/logo\/image\/"},"sameAs":["https:\/\/www.facebook.com\/AcuarioSupremus","https:\/\/x.com\/AcuarioSupremus","https:\/\/www.instagram.com\/acuariosupremus\/?hl=es"]}]}},"jetpack_sharing_enabled":true,"_links":{"self":[{"href":"https:\/\/acuariosupremus.com\/index.php?rest_route=\/wp\/v2\/product\/9382","targetHints":{"allow":["GET"]}}],"collection":[{"href":"https:\/\/acuariosupremus.com\/index.php?rest_route=\/wp\/v2\/product"}],"about":[{"href":"https:\/\/acuariosupremus.com\/index.php?rest_route=\/wp\/v2\/types\/product"}],"wp:featuredmedia":[{"embeddable":true,"href":"https:\/\/acuariosupremus.com\/index.php?rest_route=\/wp\/v2\/media\/9383"}],"wp:attachment":[{"href":"https:\/\/acuariosupremus.com\/index.php?rest_route=%2Fwp%2Fv2%2Fmedia&parent=9382"}],"wp:term":[{"taxonomy":"product_brand","embeddable":true,"href":"https:\/\/acuariosupremus.com\/index.php?rest_route=%2Fwp%2Fv2%2Fproduct_brand&post=9382"},{"taxonomy":"product_cat","embeddable":true,"href":"https:\/\/acuariosupremus.com\/index.php?rest_route=%2Fwp%2Fv2%2Fproduct_cat&post=9382"},{"taxonomy":"product_tag","embeddable":true,"href":"https:\/\/acuariosupremus.com\/index.php?rest_route=%2Fwp%2Fv2%2Fproduct_tag&post=9382"}],"curies":[{"name":"wp","href":"https:\/\/api.w.org\/{rel}","templated":true}]}}