{"id":9384,"date":"2022-05-13T14:39:02","date_gmt":"2022-05-13T19:39:02","guid":{"rendered":"https:\/\/acuariosupremus.com\/?post_type=product&#038;p=9384"},"modified":"2025-12-29T17:12:51","modified_gmt":"2025-12-29T23:12:51","slug":"focus-5-g-med-parasitos-y-bacterias","status":"publish","type":"product","link":"https:\/\/acuariosupremus.com\/?product=focus-5-g-med-parasitos-y-bacterias","title":{"rendered":"Focus 5 g, Med. Par\u00e1sitos y bacterias."},"content":{"rendered":"<p>Para usarlo en combinaci\u00f3n con el medicamento de su elecci\u00f3n, use una proporci\u00f3n de 5:1 (Focus \u2122: medicamento) en relaci\u00f3n al volumen. Puede mezclarlo con alimentos frescos o congelados. Alimente a sus peces como de costumbre, pero no les ofrezca m\u00e1s cantidad de la que puedan consumir. A\u00f1\u00e1dalo en cada alimentaci\u00f3n durante al menos durante cinco d\u00edas o hasta que los s\u00edntomas desaparezcan. Ingrediente activo: pol\u00edmero enlazado de nitrofuranto\u00edna (0,1%). Este producto no es un alimento y no debe alimentar con \u00e9l a los peces de forma directa. El objetivo de esta aplicaci\u00f3n es ayudar a enlazar los medicamentos con la comida y hacerlos asimilables para los peces. Incluye una cucharilla dosificadora en la tapa.<\/p>\n<p>Producto: Focus 5g. Tama\u00f1o: 29 x 29 x 91 mm. (l x a x h),\u00a0 Con embalaje: 95 x 123 x 32 mm. (l x a x h) Peso: 0.020 (Kg.), Con embalaje: 0.030 (Kg.).<\/p>\n","protected":false},"excerpt":{"rendered":"<p>Focus\u2122 es un pol\u00edmero antibacteriano eficaz contra las infecciones internas de los peces. Puede usarse solo o mezclado con otros medicamentos para hacerlo digerible y asimilable por los peces, reduciendo de esta manera la p\u00e9rdida de medicamento por diluci\u00f3n en el agua. Es eficaz tanto en acuarios de agua dulce como de agua salada<\/p>\n","protected":false},"featured_media":9385,"template":"","meta":[],"product_brand":[123],"product_cat":[40,51],"product_tag":[806,805,224,800],"class_list":{"0":"post-9384","1":"product","2":"type-product","3":"status-publish","4":"has-post-thumbnail","6":"product_brand-seachem","7":"product_cat-peces","8":"product_cat-medicamentos","9":"product_tag-focus","10":"product_tag-medicamento-parasitos-y-bacterias","11":"product_tag-medicamento-peces","12":"product_tag-medicamento-pro","14":"first","15":"instock","16":"sale","17":"shipping-taxable","18":"purchasable","19":"product-type-simple"},"yoast_head":"<!-- This site is optimized with the Yoast SEO plugin v27.4 - https:\/\/yoast.com\/product\/yoast-seo-wordpress\/ -->\n<title>Focus 5 g, Med. Par\u00e1sitos y bacterias. | Acuario Supremus<\/title>\n<meta name=\"description\" content=\"Focus\u2122 es un pol\u00edmero antibacteriano eficaz contra las infecciones internas de los peces,Es eficaz tanto en acuarios de agua dulce como de agua salada.\" \/>\n<meta name=\"robots\" content=\"index, follow, max-snippet:-1, max-image-preview:large, max-video-preview:-1\" \/>\n<link rel=\"canonical\" href=\"https:\/\/acuariosupremus.com\/?product=focus-5-g-med-parasitos-y-bacterias\" \/>\n<meta property=\"og:locale\" content=\"es_MX\" \/>\n<meta property=\"og:type\" content=\"article\" \/>\n<meta property=\"og:title\" content=\"Focus 5 g, Med. Par\u00e1sitos y bacterias. | Acuario Supremus\" \/>\n<meta property=\"og:description\" content=\"Focus\u2122 es un pol\u00edmero antibacteriano eficaz contra las infecciones internas de los peces,Es eficaz tanto en acuarios de agua dulce como de agua salada.\" \/>\n<meta property=\"og:url\" content=\"https:\/\/acuariosupremus.com\/?product=focus-5-g-med-parasitos-y-bacterias\" \/>\n<meta property=\"og:site_name\" content=\"Acuario Supremus\" \/>\n<meta property=\"article:publisher\" content=\"https:\/\/www.facebook.com\/AcuarioSupremus\" \/>\n<meta property=\"article:modified_time\" content=\"2025-12-29T23:12:51+00:00\" \/>\n<meta property=\"og:image\" content=\"https:\/\/acuariosupremus.com\/wp-content\/uploads\/2022\/05\/seachem_focus_01.jpg\" \/>\n\t<meta property=\"og:image:width\" content=\"1250\" \/>\n\t<meta property=\"og:image:height\" content=\"1250\" \/>\n\t<meta property=\"og:image:type\" content=\"image\/jpeg\" \/>\n<meta name=\"twitter:card\" content=\"summary_large_image\" \/>\n<meta name=\"twitter:site\" content=\"@AcuarioSupremus\" \/>\n<meta name=\"twitter:label1\" content=\"Tiempo de lectura\" \/>\n\t<meta name=\"twitter:data1\" content=\"1 minuto\" \/>\n<script type=\"application\/ld+json\" class=\"yoast-schema-graph\">{\"@context\":\"https:\\\/\\\/schema.org\",\"@graph\":[{\"@type\":\"WebPage\",\"@id\":\"https:\\\/\\\/acuariosupremus.com\\\/?product=focus-5-g-med-parasitos-y-bacterias\",\"url\":\"https:\\\/\\\/acuariosupremus.com\\\/?product=focus-5-g-med-parasitos-y-bacterias\",\"name\":\"Focus 5 g, Med. Par\u00e1sitos y bacterias. | Acuario Supremus\",\"isPartOf\":{\"@id\":\"https:\\\/\\\/acuariosupremus.com\\\/#website\"},\"primaryImageOfPage\":{\"@id\":\"https:\\\/\\\/acuariosupremus.com\\\/?product=focus-5-g-med-parasitos-y-bacterias#primaryimage\"},\"image\":{\"@id\":\"https:\\\/\\\/acuariosupremus.com\\\/?product=focus-5-g-med-parasitos-y-bacterias#primaryimage\"},\"thumbnailUrl\":\"https:\\\/\\\/acuariosupremus.com\\\/wp-content\\\/uploads\\\/2022\\\/05\\\/seachem_focus_01.jpg\",\"datePublished\":\"2022-05-13T19:39:02+00:00\",\"dateModified\":\"2025-12-29T23:12:51+00:00\",\"description\":\"Focus\u2122 es un pol\u00edmero antibacteriano eficaz contra las infecciones internas de los peces,Es eficaz tanto en acuarios de agua dulce como de agua salada.\",\"breadcrumb\":{\"@id\":\"https:\\\/\\\/acuariosupremus.com\\\/?product=focus-5-g-med-parasitos-y-bacterias#breadcrumb\"},\"inLanguage\":\"es\",\"potentialAction\":[{\"@type\":\"ReadAction\",\"target\":[\"https:\\\/\\\/acuariosupremus.com\\\/?product=focus-5-g-med-parasitos-y-bacterias\"]}]},{\"@type\":\"ImageObject\",\"inLanguage\":\"es\",\"@id\":\"https:\\\/\\\/acuariosupremus.com\\\/?product=focus-5-g-med-parasitos-y-bacterias#primaryimage\",\"url\":\"https:\\\/\\\/acuariosupremus.com\\\/wp-content\\\/uploads\\\/2022\\\/05\\\/seachem_focus_01.jpg\",\"contentUrl\":\"https:\\\/\\\/acuariosupremus.com\\\/wp-content\\\/uploads\\\/2022\\\/05\\\/seachem_focus_01.jpg\",\"width\":1250,\"height\":1250},{\"@type\":\"BreadcrumbList\",\"@id\":\"https:\\\/\\\/acuariosupremus.com\\\/?product=focus-5-g-med-parasitos-y-bacterias#breadcrumb\",\"itemListElement\":[{\"@type\":\"ListItem\",\"position\":1,\"name\":\"Portada\",\"item\":\"https:\\\/\\\/acuariosupremus.com\\\/\"},{\"@type\":\"ListItem\",\"position\":2,\"name\":\"Tienda\",\"item\":\"https:\\\/\\\/acuariosupremus.com\\\/tienda\\\/\"},{\"@type\":\"ListItem\",\"position\":3,\"name\":\"Focus 5 g, Med. Par\u00e1sitos y bacterias.\"}]},{\"@type\":\"WebSite\",\"@id\":\"https:\\\/\\\/acuariosupremus.com\\\/#website\",\"url\":\"https:\\\/\\\/acuariosupremus.com\\\/\",\"name\":\"Acuario Supremus\",\"description\":\"Peces, Peceras y Mascotas.\",\"publisher\":{\"@id\":\"https:\\\/\\\/acuariosupremus.com\\\/#organization\"},\"potentialAction\":[{\"@type\":\"SearchAction\",\"target\":{\"@type\":\"EntryPoint\",\"urlTemplate\":\"https:\\\/\\\/acuariosupremus.com\\\/?s={search_term_string}\"},\"query-input\":{\"@type\":\"PropertyValueSpecification\",\"valueRequired\":true,\"valueName\":\"search_term_string\"}}],\"inLanguage\":\"es\"},{\"@type\":\"Organization\",\"@id\":\"https:\\\/\\\/acuariosupremus.com\\\/#organization\",\"name\":\"Acuario Supremus\",\"url\":\"https:\\\/\\\/acuariosupremus.com\\\/\",\"logo\":{\"@type\":\"ImageObject\",\"inLanguage\":\"es\",\"@id\":\"https:\\\/\\\/acuariosupremus.com\\\/#\\\/schema\\\/logo\\\/image\\\/\",\"url\":\"https:\\\/\\\/acuariosupremus.com\\\/wp-content\\\/uploads\\\/2021\\\/12\\\/cropped-logo_acuario_supremus_fn-2.png\",\"contentUrl\":\"https:\\\/\\\/acuariosupremus.com\\\/wp-content\\\/uploads\\\/2021\\\/12\\\/cropped-logo_acuario_supremus_fn-2.png\",\"width\":1000,\"height\":318,\"caption\":\"Acuario Supremus\"},\"image\":{\"@id\":\"https:\\\/\\\/acuariosupremus.com\\\/#\\\/schema\\\/logo\\\/image\\\/\"},\"sameAs\":[\"https:\\\/\\\/www.facebook.com\\\/AcuarioSupremus\",\"https:\\\/\\\/x.com\\\/AcuarioSupremus\",\"https:\\\/\\\/www.instagram.com\\\/acuariosupremus\\\/?hl=es\"]}]}<\/script>\n<!-- \/ Yoast SEO plugin. -->","yoast_head_json":{"title":"Focus 5 g, Med. Par\u00e1sitos y bacterias. | Acuario Supremus","description":"Focus\u2122 es un pol\u00edmero antibacteriano eficaz contra las infecciones internas de los peces,Es eficaz tanto en acuarios de agua dulce como de agua salada.","robots":{"index":"index","follow":"follow","max-snippet":"max-snippet:-1","max-image-preview":"max-image-preview:large","max-video-preview":"max-video-preview:-1"},"canonical":"https:\/\/acuariosupremus.com\/?product=focus-5-g-med-parasitos-y-bacterias","og_locale":"es_MX","og_type":"article","og_title":"Focus 5 g, Med. Par\u00e1sitos y bacterias. | Acuario Supremus","og_description":"Focus\u2122 es un pol\u00edmero antibacteriano eficaz contra las infecciones internas de los peces,Es eficaz tanto en acuarios de agua dulce como de agua salada.","og_url":"https:\/\/acuariosupremus.com\/?product=focus-5-g-med-parasitos-y-bacterias","og_site_name":"Acuario Supremus","article_publisher":"https:\/\/www.facebook.com\/AcuarioSupremus","article_modified_time":"2025-12-29T23:12:51+00:00","og_image":[{"width":1250,"height":1250,"url":"https:\/\/acuariosupremus.com\/wp-content\/uploads\/2022\/05\/seachem_focus_01.jpg","type":"image\/jpeg"}],"twitter_card":"summary_large_image","twitter_site":"@AcuarioSupremus","twitter_misc":{"Tiempo de lectura":"1 minuto"},"schema":{"@context":"https:\/\/schema.org","@graph":[{"@type":"WebPage","@id":"https:\/\/acuariosupremus.com\/?product=focus-5-g-med-parasitos-y-bacterias","url":"https:\/\/acuariosupremus.com\/?product=focus-5-g-med-parasitos-y-bacterias","name":"Focus 5 g, Med. Par\u00e1sitos y bacterias. | Acuario Supremus","isPartOf":{"@id":"https:\/\/acuariosupremus.com\/#website"},"primaryImageOfPage":{"@id":"https:\/\/acuariosupremus.com\/?product=focus-5-g-med-parasitos-y-bacterias#primaryimage"},"image":{"@id":"https:\/\/acuariosupremus.com\/?product=focus-5-g-med-parasitos-y-bacterias#primaryimage"},"thumbnailUrl":"https:\/\/acuariosupremus.com\/wp-content\/uploads\/2022\/05\/seachem_focus_01.jpg","datePublished":"2022-05-13T19:39:02+00:00","dateModified":"2025-12-29T23:12:51+00:00","description":"Focus\u2122 es un pol\u00edmero antibacteriano eficaz contra las infecciones internas de los peces,Es eficaz tanto en acuarios de agua dulce como de agua salada.","breadcrumb":{"@id":"https:\/\/acuariosupremus.com\/?product=focus-5-g-med-parasitos-y-bacterias#breadcrumb"},"inLanguage":"es","potentialAction":[{"@type":"ReadAction","target":["https:\/\/acuariosupremus.com\/?product=focus-5-g-med-parasitos-y-bacterias"]}]},{"@type":"ImageObject","inLanguage":"es","@id":"https:\/\/acuariosupremus.com\/?product=focus-5-g-med-parasitos-y-bacterias#primaryimage","url":"https:\/\/acuariosupremus.com\/wp-content\/uploads\/2022\/05\/seachem_focus_01.jpg","contentUrl":"https:\/\/acuariosupremus.com\/wp-content\/uploads\/2022\/05\/seachem_focus_01.jpg","width":1250,"height":1250},{"@type":"BreadcrumbList","@id":"https:\/\/acuariosupremus.com\/?product=focus-5-g-med-parasitos-y-bacterias#breadcrumb","itemListElement":[{"@type":"ListItem","position":1,"name":"Portada","item":"https:\/\/acuariosupremus.com\/"},{"@type":"ListItem","position":2,"name":"Tienda","item":"https:\/\/acuariosupremus.com\/tienda\/"},{"@type":"ListItem","position":3,"name":"Focus 5 g, Med. Par\u00e1sitos y bacterias."}]},{"@type":"WebSite","@id":"https:\/\/acuariosupremus.com\/#website","url":"https:\/\/acuariosupremus.com\/","name":"Acuario Supremus","description":"Peces, Peceras y Mascotas.","publisher":{"@id":"https:\/\/acuariosupremus.com\/#organization"},"potentialAction":[{"@type":"SearchAction","target":{"@type":"EntryPoint","urlTemplate":"https:\/\/acuariosupremus.com\/?s={search_term_string}"},"query-input":{"@type":"PropertyValueSpecification","valueRequired":true,"valueName":"search_term_string"}}],"inLanguage":"es"},{"@type":"Organization","@id":"https:\/\/acuariosupremus.com\/#organization","name":"Acuario Supremus","url":"https:\/\/acuariosupremus.com\/","logo":{"@type":"ImageObject","inLanguage":"es","@id":"https:\/\/acuariosupremus.com\/#\/schema\/logo\/image\/","url":"https:\/\/acuariosupremus.com\/wp-content\/uploads\/2021\/12\/cropped-logo_acuario_supremus_fn-2.png","contentUrl":"https:\/\/acuariosupremus.com\/wp-content\/uploads\/2021\/12\/cropped-logo_acuario_supremus_fn-2.png","width":1000,"height":318,"caption":"Acuario Supremus"},"image":{"@id":"https:\/\/acuariosupremus.com\/#\/schema\/logo\/image\/"},"sameAs":["https:\/\/www.facebook.com\/AcuarioSupremus","https:\/\/x.com\/AcuarioSupremus","https:\/\/www.instagram.com\/acuariosupremus\/?hl=es"]}]}},"jetpack_sharing_enabled":true,"_links":{"self":[{"href":"https:\/\/acuariosupremus.com\/index.php?rest_route=\/wp\/v2\/product\/9384","targetHints":{"allow":["GET"]}}],"collection":[{"href":"https:\/\/acuariosupremus.com\/index.php?rest_route=\/wp\/v2\/product"}],"about":[{"href":"https:\/\/acuariosupremus.com\/index.php?rest_route=\/wp\/v2\/types\/product"}],"wp:featuredmedia":[{"embeddable":true,"href":"https:\/\/acuariosupremus.com\/index.php?rest_route=\/wp\/v2\/media\/9385"}],"wp:attachment":[{"href":"https:\/\/acuariosupremus.com\/index.php?rest_route=%2Fwp%2Fv2%2Fmedia&parent=9384"}],"wp:term":[{"taxonomy":"product_brand","embeddable":true,"href":"https:\/\/acuariosupremus.com\/index.php?rest_route=%2Fwp%2Fv2%2Fproduct_brand&post=9384"},{"taxonomy":"product_cat","embeddable":true,"href":"https:\/\/acuariosupremus.com\/index.php?rest_route=%2Fwp%2Fv2%2Fproduct_cat&post=9384"},{"taxonomy":"product_tag","embeddable":true,"href":"https:\/\/acuariosupremus.com\/index.php?rest_route=%2Fwp%2Fv2%2Fproduct_tag&post=9384"}],"curies":[{"name":"wp","href":"https:\/\/api.w.org\/{rel}","templated":true}]}}