{"id":9387,"date":"2022-05-13T14:46:48","date_gmt":"2022-05-13T19:46:48","guid":{"rendered":"https:\/\/acuariosupremus.com\/?post_type=product&#038;p=9387"},"modified":"2025-12-29T17:13:05","modified_gmt":"2025-12-29T23:13:05","slug":"neoplex-10-g-med-antibiotico","status":"publish","type":"product","link":"https:\/\/acuariosupremus.com\/?product=neoplex-10-g-med-antibiotico","title":{"rendered":"Neoplex 10 g, Med. Antibi\u00f3tico."},"content":{"rendered":"<p>Si se usa seg\u00fan las indicaciones, NeoPlex\u2122 no decolora el agua ni da\u00f1a el filtro biol\u00f3gico. Es tolerado por los invertebrados, aunque de forma preventiva pueden destacarse las especies m\u00e1s delicadas. Es eficaz tanto en acuarios de agua dulce como de agua salada. A\u00f1ada una Medida (incluida en la tapa) para cada 8 litros de agua. Repita 3 veces la dosis cada 7 d\u00edas o hasta que los s\u00edntomas desaparezcan. No use la l\u00e1mpara U.V, ozono ni ninguna filtraci\u00f3n qu\u00edmica durante el tratamiento. Extraiga el carb\u00f3n activado del filtro antes del tratamiento.<br \/>\nIngredientes activos:<\/p>\n<p>Producto: NeoPlex 10g. Tama\u00f1o: 29 x 29 x 91 mm. (l x a x h),\u00a0 Con embalaje:\u00a095 x 123 x 32 mm. (l x a x h) Peso: 0.025 (Kg.), Con embalaje: 0.035 (Kg.).<\/p>\n","protected":false},"excerpt":{"rendered":"<p>NeoPlex\u2122 es un antibi\u00f3tico de amplio espectro eficaz contra infecciones m\u00e1s externas de los peces marinos y agua dulce.<\/p>\n","protected":false},"featured_media":9389,"template":"","meta":[],"product_brand":[123],"product_cat":[40,51],"product_tag":[807,224,800,808],"class_list":{"0":"post-9387","1":"product","2":"type-product","3":"status-publish","4":"has-post-thumbnail","6":"product_brand-seachem","7":"product_cat-peces","8":"product_cat-medicamentos","9":"product_tag-antibiotico-peces","10":"product_tag-medicamento-peces","11":"product_tag-medicamento-pro","12":"product_tag-neoplex","14":"first","15":"instock","16":"sale","17":"shipping-taxable","18":"purchasable","19":"product-type-simple"},"yoast_head":"<!-- This site is optimized with the Yoast SEO plugin v27.4 - https:\/\/yoast.com\/product\/yoast-seo-wordpress\/ -->\n<title>Neoplex 10 g, Med. Antibi\u00f3tico. | Acuario Supremus<\/title>\n<meta name=\"description\" content=\"NeoPlex\u2122 es un antibi\u00f3tico de amplio espectro eficaz contra infecciones m\u00e1s externas de los peces marinos y agua dulce.\" \/>\n<meta name=\"robots\" content=\"index, follow, max-snippet:-1, max-image-preview:large, max-video-preview:-1\" \/>\n<link rel=\"canonical\" href=\"https:\/\/acuariosupremus.com\/?product=neoplex-10-g-med-antibiotico\" \/>\n<meta property=\"og:locale\" content=\"es_MX\" \/>\n<meta property=\"og:type\" content=\"article\" \/>\n<meta property=\"og:title\" content=\"Neoplex 10 g, Med. Antibi\u00f3tico. | Acuario Supremus\" \/>\n<meta property=\"og:description\" content=\"NeoPlex\u2122 es un antibi\u00f3tico de amplio espectro eficaz contra infecciones m\u00e1s externas de los peces marinos y agua dulce.\" \/>\n<meta property=\"og:url\" content=\"https:\/\/acuariosupremus.com\/?product=neoplex-10-g-med-antibiotico\" \/>\n<meta property=\"og:site_name\" content=\"Acuario Supremus\" \/>\n<meta property=\"article:publisher\" content=\"https:\/\/www.facebook.com\/AcuarioSupremus\" \/>\n<meta property=\"article:modified_time\" content=\"2025-12-29T23:13:05+00:00\" \/>\n<meta property=\"og:image\" content=\"https:\/\/acuariosupremus.com\/wp-content\/uploads\/2022\/05\/seachem_neoplex_01-1.jpg\" \/>\n\t<meta property=\"og:image:width\" content=\"1250\" \/>\n\t<meta property=\"og:image:height\" content=\"1250\" \/>\n\t<meta property=\"og:image:type\" content=\"image\/jpeg\" \/>\n<meta name=\"twitter:card\" content=\"summary_large_image\" \/>\n<meta name=\"twitter:site\" content=\"@AcuarioSupremus\" \/>\n<meta name=\"twitter:label1\" content=\"Tiempo de lectura\" \/>\n\t<meta name=\"twitter:data1\" content=\"1 minuto\" \/>\n<script type=\"application\/ld+json\" class=\"yoast-schema-graph\">{\"@context\":\"https:\\\/\\\/schema.org\",\"@graph\":[{\"@type\":\"WebPage\",\"@id\":\"https:\\\/\\\/acuariosupremus.com\\\/?product=neoplex-10-g-med-antibiotico\",\"url\":\"https:\\\/\\\/acuariosupremus.com\\\/?product=neoplex-10-g-med-antibiotico\",\"name\":\"Neoplex 10 g, Med. Antibi\u00f3tico. | Acuario Supremus\",\"isPartOf\":{\"@id\":\"https:\\\/\\\/acuariosupremus.com\\\/#website\"},\"primaryImageOfPage\":{\"@id\":\"https:\\\/\\\/acuariosupremus.com\\\/?product=neoplex-10-g-med-antibiotico#primaryimage\"},\"image\":{\"@id\":\"https:\\\/\\\/acuariosupremus.com\\\/?product=neoplex-10-g-med-antibiotico#primaryimage\"},\"thumbnailUrl\":\"https:\\\/\\\/acuariosupremus.com\\\/wp-content\\\/uploads\\\/2022\\\/05\\\/seachem_neoplex_01-1.jpg\",\"datePublished\":\"2022-05-13T19:46:48+00:00\",\"dateModified\":\"2025-12-29T23:13:05+00:00\",\"description\":\"NeoPlex\u2122 es un antibi\u00f3tico de amplio espectro eficaz contra infecciones m\u00e1s externas de los peces marinos y agua dulce.\",\"breadcrumb\":{\"@id\":\"https:\\\/\\\/acuariosupremus.com\\\/?product=neoplex-10-g-med-antibiotico#breadcrumb\"},\"inLanguage\":\"es\",\"potentialAction\":[{\"@type\":\"ReadAction\",\"target\":[\"https:\\\/\\\/acuariosupremus.com\\\/?product=neoplex-10-g-med-antibiotico\"]}]},{\"@type\":\"ImageObject\",\"inLanguage\":\"es\",\"@id\":\"https:\\\/\\\/acuariosupremus.com\\\/?product=neoplex-10-g-med-antibiotico#primaryimage\",\"url\":\"https:\\\/\\\/acuariosupremus.com\\\/wp-content\\\/uploads\\\/2022\\\/05\\\/seachem_neoplex_01-1.jpg\",\"contentUrl\":\"https:\\\/\\\/acuariosupremus.com\\\/wp-content\\\/uploads\\\/2022\\\/05\\\/seachem_neoplex_01-1.jpg\",\"width\":1250,\"height\":1250},{\"@type\":\"BreadcrumbList\",\"@id\":\"https:\\\/\\\/acuariosupremus.com\\\/?product=neoplex-10-g-med-antibiotico#breadcrumb\",\"itemListElement\":[{\"@type\":\"ListItem\",\"position\":1,\"name\":\"Portada\",\"item\":\"https:\\\/\\\/acuariosupremus.com\\\/\"},{\"@type\":\"ListItem\",\"position\":2,\"name\":\"Tienda\",\"item\":\"https:\\\/\\\/acuariosupremus.com\\\/tienda\\\/\"},{\"@type\":\"ListItem\",\"position\":3,\"name\":\"Neoplex 10 g, Med. Antibi\u00f3tico.\"}]},{\"@type\":\"WebSite\",\"@id\":\"https:\\\/\\\/acuariosupremus.com\\\/#website\",\"url\":\"https:\\\/\\\/acuariosupremus.com\\\/\",\"name\":\"Acuario Supremus\",\"description\":\"Peces, Peceras y Mascotas.\",\"publisher\":{\"@id\":\"https:\\\/\\\/acuariosupremus.com\\\/#organization\"},\"potentialAction\":[{\"@type\":\"SearchAction\",\"target\":{\"@type\":\"EntryPoint\",\"urlTemplate\":\"https:\\\/\\\/acuariosupremus.com\\\/?s={search_term_string}\"},\"query-input\":{\"@type\":\"PropertyValueSpecification\",\"valueRequired\":true,\"valueName\":\"search_term_string\"}}],\"inLanguage\":\"es\"},{\"@type\":\"Organization\",\"@id\":\"https:\\\/\\\/acuariosupremus.com\\\/#organization\",\"name\":\"Acuario Supremus\",\"url\":\"https:\\\/\\\/acuariosupremus.com\\\/\",\"logo\":{\"@type\":\"ImageObject\",\"inLanguage\":\"es\",\"@id\":\"https:\\\/\\\/acuariosupremus.com\\\/#\\\/schema\\\/logo\\\/image\\\/\",\"url\":\"https:\\\/\\\/acuariosupremus.com\\\/wp-content\\\/uploads\\\/2021\\\/12\\\/cropped-logo_acuario_supremus_fn-2.png\",\"contentUrl\":\"https:\\\/\\\/acuariosupremus.com\\\/wp-content\\\/uploads\\\/2021\\\/12\\\/cropped-logo_acuario_supremus_fn-2.png\",\"width\":1000,\"height\":318,\"caption\":\"Acuario Supremus\"},\"image\":{\"@id\":\"https:\\\/\\\/acuariosupremus.com\\\/#\\\/schema\\\/logo\\\/image\\\/\"},\"sameAs\":[\"https:\\\/\\\/www.facebook.com\\\/AcuarioSupremus\",\"https:\\\/\\\/x.com\\\/AcuarioSupremus\",\"https:\\\/\\\/www.instagram.com\\\/acuariosupremus\\\/?hl=es\"]}]}<\/script>\n<!-- \/ Yoast SEO plugin. -->","yoast_head_json":{"title":"Neoplex 10 g, Med. Antibi\u00f3tico. | Acuario Supremus","description":"NeoPlex\u2122 es un antibi\u00f3tico de amplio espectro eficaz contra infecciones m\u00e1s externas de los peces marinos y agua dulce.","robots":{"index":"index","follow":"follow","max-snippet":"max-snippet:-1","max-image-preview":"max-image-preview:large","max-video-preview":"max-video-preview:-1"},"canonical":"https:\/\/acuariosupremus.com\/?product=neoplex-10-g-med-antibiotico","og_locale":"es_MX","og_type":"article","og_title":"Neoplex 10 g, Med. Antibi\u00f3tico. | Acuario Supremus","og_description":"NeoPlex\u2122 es un antibi\u00f3tico de amplio espectro eficaz contra infecciones m\u00e1s externas de los peces marinos y agua dulce.","og_url":"https:\/\/acuariosupremus.com\/?product=neoplex-10-g-med-antibiotico","og_site_name":"Acuario Supremus","article_publisher":"https:\/\/www.facebook.com\/AcuarioSupremus","article_modified_time":"2025-12-29T23:13:05+00:00","og_image":[{"width":1250,"height":1250,"url":"https:\/\/acuariosupremus.com\/wp-content\/uploads\/2022\/05\/seachem_neoplex_01-1.jpg","type":"image\/jpeg"}],"twitter_card":"summary_large_image","twitter_site":"@AcuarioSupremus","twitter_misc":{"Tiempo de lectura":"1 minuto"},"schema":{"@context":"https:\/\/schema.org","@graph":[{"@type":"WebPage","@id":"https:\/\/acuariosupremus.com\/?product=neoplex-10-g-med-antibiotico","url":"https:\/\/acuariosupremus.com\/?product=neoplex-10-g-med-antibiotico","name":"Neoplex 10 g, Med. Antibi\u00f3tico. | Acuario Supremus","isPartOf":{"@id":"https:\/\/acuariosupremus.com\/#website"},"primaryImageOfPage":{"@id":"https:\/\/acuariosupremus.com\/?product=neoplex-10-g-med-antibiotico#primaryimage"},"image":{"@id":"https:\/\/acuariosupremus.com\/?product=neoplex-10-g-med-antibiotico#primaryimage"},"thumbnailUrl":"https:\/\/acuariosupremus.com\/wp-content\/uploads\/2022\/05\/seachem_neoplex_01-1.jpg","datePublished":"2022-05-13T19:46:48+00:00","dateModified":"2025-12-29T23:13:05+00:00","description":"NeoPlex\u2122 es un antibi\u00f3tico de amplio espectro eficaz contra infecciones m\u00e1s externas de los peces marinos y agua dulce.","breadcrumb":{"@id":"https:\/\/acuariosupremus.com\/?product=neoplex-10-g-med-antibiotico#breadcrumb"},"inLanguage":"es","potentialAction":[{"@type":"ReadAction","target":["https:\/\/acuariosupremus.com\/?product=neoplex-10-g-med-antibiotico"]}]},{"@type":"ImageObject","inLanguage":"es","@id":"https:\/\/acuariosupremus.com\/?product=neoplex-10-g-med-antibiotico#primaryimage","url":"https:\/\/acuariosupremus.com\/wp-content\/uploads\/2022\/05\/seachem_neoplex_01-1.jpg","contentUrl":"https:\/\/acuariosupremus.com\/wp-content\/uploads\/2022\/05\/seachem_neoplex_01-1.jpg","width":1250,"height":1250},{"@type":"BreadcrumbList","@id":"https:\/\/acuariosupremus.com\/?product=neoplex-10-g-med-antibiotico#breadcrumb","itemListElement":[{"@type":"ListItem","position":1,"name":"Portada","item":"https:\/\/acuariosupremus.com\/"},{"@type":"ListItem","position":2,"name":"Tienda","item":"https:\/\/acuariosupremus.com\/tienda\/"},{"@type":"ListItem","position":3,"name":"Neoplex 10 g, Med. Antibi\u00f3tico."}]},{"@type":"WebSite","@id":"https:\/\/acuariosupremus.com\/#website","url":"https:\/\/acuariosupremus.com\/","name":"Acuario Supremus","description":"Peces, Peceras y Mascotas.","publisher":{"@id":"https:\/\/acuariosupremus.com\/#organization"},"potentialAction":[{"@type":"SearchAction","target":{"@type":"EntryPoint","urlTemplate":"https:\/\/acuariosupremus.com\/?s={search_term_string}"},"query-input":{"@type":"PropertyValueSpecification","valueRequired":true,"valueName":"search_term_string"}}],"inLanguage":"es"},{"@type":"Organization","@id":"https:\/\/acuariosupremus.com\/#organization","name":"Acuario Supremus","url":"https:\/\/acuariosupremus.com\/","logo":{"@type":"ImageObject","inLanguage":"es","@id":"https:\/\/acuariosupremus.com\/#\/schema\/logo\/image\/","url":"https:\/\/acuariosupremus.com\/wp-content\/uploads\/2021\/12\/cropped-logo_acuario_supremus_fn-2.png","contentUrl":"https:\/\/acuariosupremus.com\/wp-content\/uploads\/2021\/12\/cropped-logo_acuario_supremus_fn-2.png","width":1000,"height":318,"caption":"Acuario Supremus"},"image":{"@id":"https:\/\/acuariosupremus.com\/#\/schema\/logo\/image\/"},"sameAs":["https:\/\/www.facebook.com\/AcuarioSupremus","https:\/\/x.com\/AcuarioSupremus","https:\/\/www.instagram.com\/acuariosupremus\/?hl=es"]}]}},"jetpack_sharing_enabled":true,"_links":{"self":[{"href":"https:\/\/acuariosupremus.com\/index.php?rest_route=\/wp\/v2\/product\/9387","targetHints":{"allow":["GET"]}}],"collection":[{"href":"https:\/\/acuariosupremus.com\/index.php?rest_route=\/wp\/v2\/product"}],"about":[{"href":"https:\/\/acuariosupremus.com\/index.php?rest_route=\/wp\/v2\/types\/product"}],"wp:featuredmedia":[{"embeddable":true,"href":"https:\/\/acuariosupremus.com\/index.php?rest_route=\/wp\/v2\/media\/9389"}],"wp:attachment":[{"href":"https:\/\/acuariosupremus.com\/index.php?rest_route=%2Fwp%2Fv2%2Fmedia&parent=9387"}],"wp:term":[{"taxonomy":"product_brand","embeddable":true,"href":"https:\/\/acuariosupremus.com\/index.php?rest_route=%2Fwp%2Fv2%2Fproduct_brand&post=9387"},{"taxonomy":"product_cat","embeddable":true,"href":"https:\/\/acuariosupremus.com\/index.php?rest_route=%2Fwp%2Fv2%2Fproduct_cat&post=9387"},{"taxonomy":"product_tag","embeddable":true,"href":"https:\/\/acuariosupremus.com\/index.php?rest_route=%2Fwp%2Fv2%2Fproduct_tag&post=9387"}],"curies":[{"name":"wp","href":"https:\/\/api.w.org\/{rel}","templated":true}]}}