{"id":9405,"date":"2022-05-13T15:36:12","date_gmt":"2022-05-13T20:36:12","guid":{"rendered":"https:\/\/acuariosupremus.com\/?post_type=product&#038;p=9405"},"modified":"2025-12-29T17:14:27","modified_gmt":"2025-12-29T23:14:27","slug":"kanaplex-100-g-med-hongos-y-bacterias","status":"publish","type":"product","link":"https:\/\/acuariosupremus.com\/?product=kanaplex-100-g-med-hongos-y-bacterias","title":{"rendered":"KanaPlex 100 g, Med. hongos y bacterias."},"content":{"rendered":"<p>Debido a que este compuesto es absorbido por los peces, es \u00fatil en tratamientos+ de las infecciones internas en aquellas situaciones donde se rechazan el alimento. No afecta el lecho filtrante y se quita f\u00e1cilmente con carb\u00f3n activado. Puede mezclar perfectamente este medicamento con la comida. Para mejorar la de palatabilidad de esta preparaci\u00f3n comb\u00ednelo con GarlicGuard\u2122. Una vez preparado puede volver a congelar el alimento.<br \/>\nUtilice 1 medida (cucharilla incluida en la tapa) cada 20 litros de agua. Repetir cada 2 d\u00edas hasta que desaparezcan los s\u00edntomas o hasta un m\u00e1ximo de 3 dosis. Antes del tratamiento retire la filtraci\u00f3n qu\u00edmica, apague la l\u00e1mpara U.V. y el generador ozono. Para aplicar un tratamiento junto con la alimentaci\u00f3n, mezcle 1 medida con aproximadamente 1 cucharada de pasta de alimento congelado. De este modo evitar\u00e1 la p\u00e9rdida de eficiencia por diluci\u00f3n al aplicar el medicamento en el agua. Maximice la asimilaci\u00f3n del medicamento combin\u00e1ndolo con Focus\u2122. Para mejorar la palatabilidad de esta preparaci\u00f3n use GarlicGuard\u2122 o Entice\u2122. Puede volver a congelar alimentos despu\u00e9s de elaborar la preparaci\u00f3n.<br \/>\nIngredientes activos: sulfato de kanamicina (32%) Ingredientes inactivos: excipientes (68%)<\/p>\n<p>&nbsp;<\/p>\n","protected":false},"excerpt":{"rendered":"<p>KanaPlex\u2122 es un medicamento anti-bi\u00f3tico basado en kanamicina que ofrece un tratamiento seguro y eficaz contra varias enfermedades f\u00fangicas y bacterianas tales como hidropes\u00eda, \u201cojo de Popeye\u201d, septicemia y putrefacci\u00f3n de cola y aletas. Puede usarse en acuarios de agua dulce o salada.<\/p>\n","protected":false},"featured_media":9406,"template":"","meta":[],"product_brand":[123],"product_cat":[40,51],"product_tag":[818,817,224,800],"class_list":{"0":"post-9405","1":"product","2":"type-product","3":"status-publish","4":"has-post-thumbnail","6":"product_brand-seachem","7":"product_cat-peces","8":"product_cat-medicamentos","9":"product_tag-kanaplex","10":"product_tag-medicamento-hongos-y-bacterias","11":"product_tag-medicamento-peces","12":"product_tag-medicamento-pro","14":"first","15":"instock","16":"sale","17":"shipping-taxable","18":"purchasable","19":"product-type-simple"},"yoast_head":"<!-- This site is optimized with the Yoast SEO plugin v27.4 - https:\/\/yoast.com\/product\/yoast-seo-wordpress\/ -->\n<title>KanaPlex 100 g, Med. hongos y bacterias. | Acuario Supremus<\/title>\n<meta name=\"description\" content=\"KanaPlex\u2122 es un medicamento anti-bi\u00f3tico basado en kanamicina que ofrece un tratamiento seguro y eficaz contra varias enfermedades f\u00fangicas y bacterianas.\" \/>\n<meta name=\"robots\" content=\"index, follow, max-snippet:-1, max-image-preview:large, max-video-preview:-1\" \/>\n<link rel=\"canonical\" href=\"https:\/\/acuariosupremus.com\/?product=kanaplex-100-g-med-hongos-y-bacterias\" \/>\n<meta property=\"og:locale\" content=\"es_MX\" \/>\n<meta property=\"og:type\" content=\"article\" \/>\n<meta property=\"og:title\" content=\"KanaPlex 100 g, Med. hongos y bacterias. | Acuario Supremus\" \/>\n<meta property=\"og:description\" content=\"KanaPlex\u2122 es un medicamento anti-bi\u00f3tico basado en kanamicina que ofrece un tratamiento seguro y eficaz contra varias enfermedades f\u00fangicas y bacterianas.\" \/>\n<meta property=\"og:url\" content=\"https:\/\/acuariosupremus.com\/?product=kanaplex-100-g-med-hongos-y-bacterias\" \/>\n<meta property=\"og:site_name\" content=\"Acuario Supremus\" \/>\n<meta property=\"article:publisher\" content=\"https:\/\/www.facebook.com\/AcuarioSupremus\" \/>\n<meta property=\"article:modified_time\" content=\"2025-12-29T23:14:27+00:00\" \/>\n<meta property=\"og:image\" content=\"https:\/\/acuariosupremus.com\/wp-content\/uploads\/2022\/05\/885KanaPlex100g.jpg\" \/>\n\t<meta property=\"og:image:width\" content=\"1280\" \/>\n\t<meta property=\"og:image:height\" content=\"1280\" \/>\n\t<meta property=\"og:image:type\" content=\"image\/jpeg\" \/>\n<meta name=\"twitter:card\" content=\"summary_large_image\" \/>\n<meta name=\"twitter:site\" content=\"@AcuarioSupremus\" \/>\n<meta name=\"twitter:label1\" content=\"Tiempo de lectura\" \/>\n\t<meta name=\"twitter:data1\" content=\"1 minuto\" \/>\n<script type=\"application\/ld+json\" class=\"yoast-schema-graph\">{\"@context\":\"https:\\\/\\\/schema.org\",\"@graph\":[{\"@type\":\"WebPage\",\"@id\":\"https:\\\/\\\/acuariosupremus.com\\\/?product=kanaplex-100-g-med-hongos-y-bacterias\",\"url\":\"https:\\\/\\\/acuariosupremus.com\\\/?product=kanaplex-100-g-med-hongos-y-bacterias\",\"name\":\"KanaPlex 100 g, Med. hongos y bacterias. | Acuario Supremus\",\"isPartOf\":{\"@id\":\"https:\\\/\\\/acuariosupremus.com\\\/#website\"},\"primaryImageOfPage\":{\"@id\":\"https:\\\/\\\/acuariosupremus.com\\\/?product=kanaplex-100-g-med-hongos-y-bacterias#primaryimage\"},\"image\":{\"@id\":\"https:\\\/\\\/acuariosupremus.com\\\/?product=kanaplex-100-g-med-hongos-y-bacterias#primaryimage\"},\"thumbnailUrl\":\"https:\\\/\\\/acuariosupremus.com\\\/wp-content\\\/uploads\\\/2022\\\/05\\\/885KanaPlex100g.jpg\",\"datePublished\":\"2022-05-13T20:36:12+00:00\",\"dateModified\":\"2025-12-29T23:14:27+00:00\",\"description\":\"KanaPlex\u2122 es un medicamento anti-bi\u00f3tico basado en kanamicina que ofrece un tratamiento seguro y eficaz contra varias enfermedades f\u00fangicas y bacterianas.\",\"breadcrumb\":{\"@id\":\"https:\\\/\\\/acuariosupremus.com\\\/?product=kanaplex-100-g-med-hongos-y-bacterias#breadcrumb\"},\"inLanguage\":\"es\",\"potentialAction\":[{\"@type\":\"ReadAction\",\"target\":[\"https:\\\/\\\/acuariosupremus.com\\\/?product=kanaplex-100-g-med-hongos-y-bacterias\"]}]},{\"@type\":\"ImageObject\",\"inLanguage\":\"es\",\"@id\":\"https:\\\/\\\/acuariosupremus.com\\\/?product=kanaplex-100-g-med-hongos-y-bacterias#primaryimage\",\"url\":\"https:\\\/\\\/acuariosupremus.com\\\/wp-content\\\/uploads\\\/2022\\\/05\\\/885KanaPlex100g.jpg\",\"contentUrl\":\"https:\\\/\\\/acuariosupremus.com\\\/wp-content\\\/uploads\\\/2022\\\/05\\\/885KanaPlex100g.jpg\",\"width\":1280,\"height\":1280},{\"@type\":\"BreadcrumbList\",\"@id\":\"https:\\\/\\\/acuariosupremus.com\\\/?product=kanaplex-100-g-med-hongos-y-bacterias#breadcrumb\",\"itemListElement\":[{\"@type\":\"ListItem\",\"position\":1,\"name\":\"Portada\",\"item\":\"https:\\\/\\\/acuariosupremus.com\\\/\"},{\"@type\":\"ListItem\",\"position\":2,\"name\":\"Tienda\",\"item\":\"https:\\\/\\\/acuariosupremus.com\\\/tienda\\\/\"},{\"@type\":\"ListItem\",\"position\":3,\"name\":\"KanaPlex 100 g, Med. hongos y bacterias.\"}]},{\"@type\":\"WebSite\",\"@id\":\"https:\\\/\\\/acuariosupremus.com\\\/#website\",\"url\":\"https:\\\/\\\/acuariosupremus.com\\\/\",\"name\":\"Acuario Supremus\",\"description\":\"Peces, Peceras y Mascotas.\",\"publisher\":{\"@id\":\"https:\\\/\\\/acuariosupremus.com\\\/#organization\"},\"potentialAction\":[{\"@type\":\"SearchAction\",\"target\":{\"@type\":\"EntryPoint\",\"urlTemplate\":\"https:\\\/\\\/acuariosupremus.com\\\/?s={search_term_string}\"},\"query-input\":{\"@type\":\"PropertyValueSpecification\",\"valueRequired\":true,\"valueName\":\"search_term_string\"}}],\"inLanguage\":\"es\"},{\"@type\":\"Organization\",\"@id\":\"https:\\\/\\\/acuariosupremus.com\\\/#organization\",\"name\":\"Acuario Supremus\",\"url\":\"https:\\\/\\\/acuariosupremus.com\\\/\",\"logo\":{\"@type\":\"ImageObject\",\"inLanguage\":\"es\",\"@id\":\"https:\\\/\\\/acuariosupremus.com\\\/#\\\/schema\\\/logo\\\/image\\\/\",\"url\":\"https:\\\/\\\/acuariosupremus.com\\\/wp-content\\\/uploads\\\/2021\\\/12\\\/cropped-logo_acuario_supremus_fn-2.png\",\"contentUrl\":\"https:\\\/\\\/acuariosupremus.com\\\/wp-content\\\/uploads\\\/2021\\\/12\\\/cropped-logo_acuario_supremus_fn-2.png\",\"width\":1000,\"height\":318,\"caption\":\"Acuario Supremus\"},\"image\":{\"@id\":\"https:\\\/\\\/acuariosupremus.com\\\/#\\\/schema\\\/logo\\\/image\\\/\"},\"sameAs\":[\"https:\\\/\\\/www.facebook.com\\\/AcuarioSupremus\",\"https:\\\/\\\/x.com\\\/AcuarioSupremus\",\"https:\\\/\\\/www.instagram.com\\\/acuariosupremus\\\/?hl=es\"]}]}<\/script>\n<!-- \/ Yoast SEO plugin. -->","yoast_head_json":{"title":"KanaPlex 100 g, Med. hongos y bacterias. | Acuario Supremus","description":"KanaPlex\u2122 es un medicamento anti-bi\u00f3tico basado en kanamicina que ofrece un tratamiento seguro y eficaz contra varias enfermedades f\u00fangicas y bacterianas.","robots":{"index":"index","follow":"follow","max-snippet":"max-snippet:-1","max-image-preview":"max-image-preview:large","max-video-preview":"max-video-preview:-1"},"canonical":"https:\/\/acuariosupremus.com\/?product=kanaplex-100-g-med-hongos-y-bacterias","og_locale":"es_MX","og_type":"article","og_title":"KanaPlex 100 g, Med. hongos y bacterias. | Acuario Supremus","og_description":"KanaPlex\u2122 es un medicamento anti-bi\u00f3tico basado en kanamicina que ofrece un tratamiento seguro y eficaz contra varias enfermedades f\u00fangicas y bacterianas.","og_url":"https:\/\/acuariosupremus.com\/?product=kanaplex-100-g-med-hongos-y-bacterias","og_site_name":"Acuario Supremus","article_publisher":"https:\/\/www.facebook.com\/AcuarioSupremus","article_modified_time":"2025-12-29T23:14:27+00:00","og_image":[{"width":1280,"height":1280,"url":"https:\/\/acuariosupremus.com\/wp-content\/uploads\/2022\/05\/885KanaPlex100g.jpg","type":"image\/jpeg"}],"twitter_card":"summary_large_image","twitter_site":"@AcuarioSupremus","twitter_misc":{"Tiempo de lectura":"1 minuto"},"schema":{"@context":"https:\/\/schema.org","@graph":[{"@type":"WebPage","@id":"https:\/\/acuariosupremus.com\/?product=kanaplex-100-g-med-hongos-y-bacterias","url":"https:\/\/acuariosupremus.com\/?product=kanaplex-100-g-med-hongos-y-bacterias","name":"KanaPlex 100 g, Med. hongos y bacterias. | Acuario Supremus","isPartOf":{"@id":"https:\/\/acuariosupremus.com\/#website"},"primaryImageOfPage":{"@id":"https:\/\/acuariosupremus.com\/?product=kanaplex-100-g-med-hongos-y-bacterias#primaryimage"},"image":{"@id":"https:\/\/acuariosupremus.com\/?product=kanaplex-100-g-med-hongos-y-bacterias#primaryimage"},"thumbnailUrl":"https:\/\/acuariosupremus.com\/wp-content\/uploads\/2022\/05\/885KanaPlex100g.jpg","datePublished":"2022-05-13T20:36:12+00:00","dateModified":"2025-12-29T23:14:27+00:00","description":"KanaPlex\u2122 es un medicamento anti-bi\u00f3tico basado en kanamicina que ofrece un tratamiento seguro y eficaz contra varias enfermedades f\u00fangicas y bacterianas.","breadcrumb":{"@id":"https:\/\/acuariosupremus.com\/?product=kanaplex-100-g-med-hongos-y-bacterias#breadcrumb"},"inLanguage":"es","potentialAction":[{"@type":"ReadAction","target":["https:\/\/acuariosupremus.com\/?product=kanaplex-100-g-med-hongos-y-bacterias"]}]},{"@type":"ImageObject","inLanguage":"es","@id":"https:\/\/acuariosupremus.com\/?product=kanaplex-100-g-med-hongos-y-bacterias#primaryimage","url":"https:\/\/acuariosupremus.com\/wp-content\/uploads\/2022\/05\/885KanaPlex100g.jpg","contentUrl":"https:\/\/acuariosupremus.com\/wp-content\/uploads\/2022\/05\/885KanaPlex100g.jpg","width":1280,"height":1280},{"@type":"BreadcrumbList","@id":"https:\/\/acuariosupremus.com\/?product=kanaplex-100-g-med-hongos-y-bacterias#breadcrumb","itemListElement":[{"@type":"ListItem","position":1,"name":"Portada","item":"https:\/\/acuariosupremus.com\/"},{"@type":"ListItem","position":2,"name":"Tienda","item":"https:\/\/acuariosupremus.com\/tienda\/"},{"@type":"ListItem","position":3,"name":"KanaPlex 100 g, Med. hongos y bacterias."}]},{"@type":"WebSite","@id":"https:\/\/acuariosupremus.com\/#website","url":"https:\/\/acuariosupremus.com\/","name":"Acuario Supremus","description":"Peces, Peceras y Mascotas.","publisher":{"@id":"https:\/\/acuariosupremus.com\/#organization"},"potentialAction":[{"@type":"SearchAction","target":{"@type":"EntryPoint","urlTemplate":"https:\/\/acuariosupremus.com\/?s={search_term_string}"},"query-input":{"@type":"PropertyValueSpecification","valueRequired":true,"valueName":"search_term_string"}}],"inLanguage":"es"},{"@type":"Organization","@id":"https:\/\/acuariosupremus.com\/#organization","name":"Acuario Supremus","url":"https:\/\/acuariosupremus.com\/","logo":{"@type":"ImageObject","inLanguage":"es","@id":"https:\/\/acuariosupremus.com\/#\/schema\/logo\/image\/","url":"https:\/\/acuariosupremus.com\/wp-content\/uploads\/2021\/12\/cropped-logo_acuario_supremus_fn-2.png","contentUrl":"https:\/\/acuariosupremus.com\/wp-content\/uploads\/2021\/12\/cropped-logo_acuario_supremus_fn-2.png","width":1000,"height":318,"caption":"Acuario Supremus"},"image":{"@id":"https:\/\/acuariosupremus.com\/#\/schema\/logo\/image\/"},"sameAs":["https:\/\/www.facebook.com\/AcuarioSupremus","https:\/\/x.com\/AcuarioSupremus","https:\/\/www.instagram.com\/acuariosupremus\/?hl=es"]}]}},"jetpack_sharing_enabled":true,"_links":{"self":[{"href":"https:\/\/acuariosupremus.com\/index.php?rest_route=\/wp\/v2\/product\/9405","targetHints":{"allow":["GET"]}}],"collection":[{"href":"https:\/\/acuariosupremus.com\/index.php?rest_route=\/wp\/v2\/product"}],"about":[{"href":"https:\/\/acuariosupremus.com\/index.php?rest_route=\/wp\/v2\/types\/product"}],"wp:featuredmedia":[{"embeddable":true,"href":"https:\/\/acuariosupremus.com\/index.php?rest_route=\/wp\/v2\/media\/9406"}],"wp:attachment":[{"href":"https:\/\/acuariosupremus.com\/index.php?rest_route=%2Fwp%2Fv2%2Fmedia&parent=9405"}],"wp:term":[{"taxonomy":"product_brand","embeddable":true,"href":"https:\/\/acuariosupremus.com\/index.php?rest_route=%2Fwp%2Fv2%2Fproduct_brand&post=9405"},{"taxonomy":"product_cat","embeddable":true,"href":"https:\/\/acuariosupremus.com\/index.php?rest_route=%2Fwp%2Fv2%2Fproduct_cat&post=9405"},{"taxonomy":"product_tag","embeddable":true,"href":"https:\/\/acuariosupremus.com\/index.php?rest_route=%2Fwp%2Fv2%2Fproduct_tag&post=9405"}],"curies":[{"name":"wp","href":"https:\/\/api.w.org\/{rel}","templated":true}]}}