{"id":9414,"date":"2022-05-13T16:29:28","date_gmt":"2022-05-13T21:29:28","guid":{"rendered":"https:\/\/acuariosupremus.com\/?post_type=product&#038;p=9414"},"modified":"2025-12-29T17:15:26","modified_gmt":"2025-12-29T23:15:26","slug":"ph-alert-tarjeta-para-el-monitoreo-continuo","status":"publish","type":"product","link":"https:\/\/acuariosupremus.com\/?product=ph-alert-tarjeta-para-el-monitoreo-continuo","title":{"rendered":"pH Alert, tarjeta para el monitoreo cont\u00ednuo."},"content":{"rendered":"<p>No m\u00e1s tiras de medici\u00f3n ni engorros procedimientos con reactivos qu\u00edmicos! pH Alert utiliza un sensor de tecnolog\u00eda exclusiva Seachem. Reacciona de forma continua a los valores pH de su acuario durante un periodo de hasta 6 meses en acuarios de agua dulce con una gran precisi\u00f3n. (en pasos de 0.4 pH) El indicador de f\u00e1cil lectura se coloca con su ventosa en la parte interior del acuario, cambiando del amarillo al rojo para precisar el valor pH. Sin mantenimiento, reacciona al valor pH en menos de 30 minutos.<\/p>\n<p>Producto: pH Alert Tama\u00f1o: 101x20x152 mm. (l x a x h) Peso: 0.010 (Kg.).<\/p>\n","protected":false},"excerpt":{"rendered":"<p>Monitor permanente de pH. Lectura f\u00e1cil r\u00e1pida y precisa en acuarios de agua dulce hasta 6 meses. Su sensor cambia de color de forma r\u00e1pida y reversible del amarillo al rojo, indicando el valor pH en un rango de entre 5.8 y 8.2.<\/p>\n","protected":false},"featured_media":9415,"template":"","meta":[],"product_brand":[123],"product_cat":[40,52],"product_tag":[822,821],"class_list":{"0":"post-9414","1":"product","2":"type-product","3":"status-publish","4":"has-post-thumbnail","6":"product_brand-seachem","7":"product_cat-peces","8":"product_cat-medidores","9":"product_tag-ph-alert","10":"product_tag-tarjeta-para-monitoreo-continuo","12":"first","13":"instock","14":"sale","15":"shipping-taxable","16":"purchasable","17":"product-type-simple"},"yoast_head":"<!-- This site is optimized with the Yoast SEO plugin v27.4 - https:\/\/yoast.com\/product\/yoast-seo-wordpress\/ -->\n<title>pH Alert, tarjeta para el monitoreo cont\u00ednuo. | Acuario Supremus<\/title>\n<meta name=\"description\" content=\"Monitor permanente de pH. Lectura f\u00e1cil r\u00e1pida y precisa en acuarios de agua dulce hasta 6 meses. Su sensor cambia de color de forma r\u00e1pida\" \/>\n<meta name=\"robots\" content=\"index, follow, max-snippet:-1, max-image-preview:large, max-video-preview:-1\" \/>\n<link rel=\"canonical\" href=\"https:\/\/acuariosupremus.com\/?product=ph-alert-tarjeta-para-el-monitoreo-continuo\" \/>\n<meta property=\"og:locale\" content=\"es_MX\" \/>\n<meta property=\"og:type\" content=\"article\" \/>\n<meta property=\"og:title\" content=\"pH Alert, tarjeta para el monitoreo cont\u00ednuo. | Acuario Supremus\" \/>\n<meta property=\"og:description\" content=\"Monitor permanente de pH. Lectura f\u00e1cil r\u00e1pida y precisa en acuarios de agua dulce hasta 6 meses. Su sensor cambia de color de forma r\u00e1pida\" \/>\n<meta property=\"og:url\" content=\"https:\/\/acuariosupremus.com\/?product=ph-alert-tarjeta-para-el-monitoreo-continuo\" \/>\n<meta property=\"og:site_name\" content=\"Acuario Supremus\" \/>\n<meta property=\"article:publisher\" content=\"https:\/\/www.facebook.com\/AcuarioSupremus\" \/>\n<meta property=\"article:modified_time\" content=\"2025-12-29T23:15:26+00:00\" \/>\n<meta property=\"og:image\" content=\"https:\/\/acuariosupremus.com\/wp-content\/uploads\/2022\/05\/seachem_ph-alert-01.jpg\" \/>\n\t<meta property=\"og:image:width\" content=\"1250\" \/>\n\t<meta property=\"og:image:height\" content=\"1250\" \/>\n\t<meta property=\"og:image:type\" content=\"image\/jpeg\" \/>\n<meta name=\"twitter:card\" content=\"summary_large_image\" \/>\n<meta name=\"twitter:site\" content=\"@AcuarioSupremus\" \/>\n<meta name=\"twitter:label1\" content=\"Tiempo de lectura\" \/>\n\t<meta name=\"twitter:data1\" content=\"1 minuto\" \/>\n<script type=\"application\/ld+json\" class=\"yoast-schema-graph\">{\"@context\":\"https:\\\/\\\/schema.org\",\"@graph\":[{\"@type\":\"WebPage\",\"@id\":\"https:\\\/\\\/acuariosupremus.com\\\/?product=ph-alert-tarjeta-para-el-monitoreo-continuo\",\"url\":\"https:\\\/\\\/acuariosupremus.com\\\/?product=ph-alert-tarjeta-para-el-monitoreo-continuo\",\"name\":\"pH Alert, tarjeta para el monitoreo cont\u00ednuo. | Acuario Supremus\",\"isPartOf\":{\"@id\":\"https:\\\/\\\/acuariosupremus.com\\\/#website\"},\"primaryImageOfPage\":{\"@id\":\"https:\\\/\\\/acuariosupremus.com\\\/?product=ph-alert-tarjeta-para-el-monitoreo-continuo#primaryimage\"},\"image\":{\"@id\":\"https:\\\/\\\/acuariosupremus.com\\\/?product=ph-alert-tarjeta-para-el-monitoreo-continuo#primaryimage\"},\"thumbnailUrl\":\"https:\\\/\\\/acuariosupremus.com\\\/wp-content\\\/uploads\\\/2022\\\/05\\\/seachem_ph-alert-01.jpg\",\"datePublished\":\"2022-05-13T21:29:28+00:00\",\"dateModified\":\"2025-12-29T23:15:26+00:00\",\"description\":\"Monitor permanente de pH. Lectura f\u00e1cil r\u00e1pida y precisa en acuarios de agua dulce hasta 6 meses. Su sensor cambia de color de forma r\u00e1pida\",\"breadcrumb\":{\"@id\":\"https:\\\/\\\/acuariosupremus.com\\\/?product=ph-alert-tarjeta-para-el-monitoreo-continuo#breadcrumb\"},\"inLanguage\":\"es\",\"potentialAction\":[{\"@type\":\"ReadAction\",\"target\":[\"https:\\\/\\\/acuariosupremus.com\\\/?product=ph-alert-tarjeta-para-el-monitoreo-continuo\"]}]},{\"@type\":\"ImageObject\",\"inLanguage\":\"es\",\"@id\":\"https:\\\/\\\/acuariosupremus.com\\\/?product=ph-alert-tarjeta-para-el-monitoreo-continuo#primaryimage\",\"url\":\"https:\\\/\\\/acuariosupremus.com\\\/wp-content\\\/uploads\\\/2022\\\/05\\\/seachem_ph-alert-01.jpg\",\"contentUrl\":\"https:\\\/\\\/acuariosupremus.com\\\/wp-content\\\/uploads\\\/2022\\\/05\\\/seachem_ph-alert-01.jpg\",\"width\":1250,\"height\":1250},{\"@type\":\"BreadcrumbList\",\"@id\":\"https:\\\/\\\/acuariosupremus.com\\\/?product=ph-alert-tarjeta-para-el-monitoreo-continuo#breadcrumb\",\"itemListElement\":[{\"@type\":\"ListItem\",\"position\":1,\"name\":\"Portada\",\"item\":\"https:\\\/\\\/acuariosupremus.com\\\/\"},{\"@type\":\"ListItem\",\"position\":2,\"name\":\"Tienda\",\"item\":\"https:\\\/\\\/acuariosupremus.com\\\/tienda\\\/\"},{\"@type\":\"ListItem\",\"position\":3,\"name\":\"pH Alert, tarjeta para el monitoreo cont\u00ednuo.\"}]},{\"@type\":\"WebSite\",\"@id\":\"https:\\\/\\\/acuariosupremus.com\\\/#website\",\"url\":\"https:\\\/\\\/acuariosupremus.com\\\/\",\"name\":\"Acuario Supremus\",\"description\":\"Peces, Peceras y Mascotas.\",\"publisher\":{\"@id\":\"https:\\\/\\\/acuariosupremus.com\\\/#organization\"},\"potentialAction\":[{\"@type\":\"SearchAction\",\"target\":{\"@type\":\"EntryPoint\",\"urlTemplate\":\"https:\\\/\\\/acuariosupremus.com\\\/?s={search_term_string}\"},\"query-input\":{\"@type\":\"PropertyValueSpecification\",\"valueRequired\":true,\"valueName\":\"search_term_string\"}}],\"inLanguage\":\"es\"},{\"@type\":\"Organization\",\"@id\":\"https:\\\/\\\/acuariosupremus.com\\\/#organization\",\"name\":\"Acuario Supremus\",\"url\":\"https:\\\/\\\/acuariosupremus.com\\\/\",\"logo\":{\"@type\":\"ImageObject\",\"inLanguage\":\"es\",\"@id\":\"https:\\\/\\\/acuariosupremus.com\\\/#\\\/schema\\\/logo\\\/image\\\/\",\"url\":\"https:\\\/\\\/acuariosupremus.com\\\/wp-content\\\/uploads\\\/2021\\\/12\\\/cropped-logo_acuario_supremus_fn-2.png\",\"contentUrl\":\"https:\\\/\\\/acuariosupremus.com\\\/wp-content\\\/uploads\\\/2021\\\/12\\\/cropped-logo_acuario_supremus_fn-2.png\",\"width\":1000,\"height\":318,\"caption\":\"Acuario Supremus\"},\"image\":{\"@id\":\"https:\\\/\\\/acuariosupremus.com\\\/#\\\/schema\\\/logo\\\/image\\\/\"},\"sameAs\":[\"https:\\\/\\\/www.facebook.com\\\/AcuarioSupremus\",\"https:\\\/\\\/x.com\\\/AcuarioSupremus\",\"https:\\\/\\\/www.instagram.com\\\/acuariosupremus\\\/?hl=es\"]}]}<\/script>\n<!-- \/ Yoast SEO plugin. -->","yoast_head_json":{"title":"pH Alert, tarjeta para el monitoreo cont\u00ednuo. | Acuario Supremus","description":"Monitor permanente de pH. Lectura f\u00e1cil r\u00e1pida y precisa en acuarios de agua dulce hasta 6 meses. Su sensor cambia de color de forma r\u00e1pida","robots":{"index":"index","follow":"follow","max-snippet":"max-snippet:-1","max-image-preview":"max-image-preview:large","max-video-preview":"max-video-preview:-1"},"canonical":"https:\/\/acuariosupremus.com\/?product=ph-alert-tarjeta-para-el-monitoreo-continuo","og_locale":"es_MX","og_type":"article","og_title":"pH Alert, tarjeta para el monitoreo cont\u00ednuo. | Acuario Supremus","og_description":"Monitor permanente de pH. Lectura f\u00e1cil r\u00e1pida y precisa en acuarios de agua dulce hasta 6 meses. Su sensor cambia de color de forma r\u00e1pida","og_url":"https:\/\/acuariosupremus.com\/?product=ph-alert-tarjeta-para-el-monitoreo-continuo","og_site_name":"Acuario Supremus","article_publisher":"https:\/\/www.facebook.com\/AcuarioSupremus","article_modified_time":"2025-12-29T23:15:26+00:00","og_image":[{"width":1250,"height":1250,"url":"https:\/\/acuariosupremus.com\/wp-content\/uploads\/2022\/05\/seachem_ph-alert-01.jpg","type":"image\/jpeg"}],"twitter_card":"summary_large_image","twitter_site":"@AcuarioSupremus","twitter_misc":{"Tiempo de lectura":"1 minuto"},"schema":{"@context":"https:\/\/schema.org","@graph":[{"@type":"WebPage","@id":"https:\/\/acuariosupremus.com\/?product=ph-alert-tarjeta-para-el-monitoreo-continuo","url":"https:\/\/acuariosupremus.com\/?product=ph-alert-tarjeta-para-el-monitoreo-continuo","name":"pH Alert, tarjeta para el monitoreo cont\u00ednuo. | Acuario Supremus","isPartOf":{"@id":"https:\/\/acuariosupremus.com\/#website"},"primaryImageOfPage":{"@id":"https:\/\/acuariosupremus.com\/?product=ph-alert-tarjeta-para-el-monitoreo-continuo#primaryimage"},"image":{"@id":"https:\/\/acuariosupremus.com\/?product=ph-alert-tarjeta-para-el-monitoreo-continuo#primaryimage"},"thumbnailUrl":"https:\/\/acuariosupremus.com\/wp-content\/uploads\/2022\/05\/seachem_ph-alert-01.jpg","datePublished":"2022-05-13T21:29:28+00:00","dateModified":"2025-12-29T23:15:26+00:00","description":"Monitor permanente de pH. Lectura f\u00e1cil r\u00e1pida y precisa en acuarios de agua dulce hasta 6 meses. Su sensor cambia de color de forma r\u00e1pida","breadcrumb":{"@id":"https:\/\/acuariosupremus.com\/?product=ph-alert-tarjeta-para-el-monitoreo-continuo#breadcrumb"},"inLanguage":"es","potentialAction":[{"@type":"ReadAction","target":["https:\/\/acuariosupremus.com\/?product=ph-alert-tarjeta-para-el-monitoreo-continuo"]}]},{"@type":"ImageObject","inLanguage":"es","@id":"https:\/\/acuariosupremus.com\/?product=ph-alert-tarjeta-para-el-monitoreo-continuo#primaryimage","url":"https:\/\/acuariosupremus.com\/wp-content\/uploads\/2022\/05\/seachem_ph-alert-01.jpg","contentUrl":"https:\/\/acuariosupremus.com\/wp-content\/uploads\/2022\/05\/seachem_ph-alert-01.jpg","width":1250,"height":1250},{"@type":"BreadcrumbList","@id":"https:\/\/acuariosupremus.com\/?product=ph-alert-tarjeta-para-el-monitoreo-continuo#breadcrumb","itemListElement":[{"@type":"ListItem","position":1,"name":"Portada","item":"https:\/\/acuariosupremus.com\/"},{"@type":"ListItem","position":2,"name":"Tienda","item":"https:\/\/acuariosupremus.com\/tienda\/"},{"@type":"ListItem","position":3,"name":"pH Alert, tarjeta para el monitoreo cont\u00ednuo."}]},{"@type":"WebSite","@id":"https:\/\/acuariosupremus.com\/#website","url":"https:\/\/acuariosupremus.com\/","name":"Acuario Supremus","description":"Peces, Peceras y Mascotas.","publisher":{"@id":"https:\/\/acuariosupremus.com\/#organization"},"potentialAction":[{"@type":"SearchAction","target":{"@type":"EntryPoint","urlTemplate":"https:\/\/acuariosupremus.com\/?s={search_term_string}"},"query-input":{"@type":"PropertyValueSpecification","valueRequired":true,"valueName":"search_term_string"}}],"inLanguage":"es"},{"@type":"Organization","@id":"https:\/\/acuariosupremus.com\/#organization","name":"Acuario Supremus","url":"https:\/\/acuariosupremus.com\/","logo":{"@type":"ImageObject","inLanguage":"es","@id":"https:\/\/acuariosupremus.com\/#\/schema\/logo\/image\/","url":"https:\/\/acuariosupremus.com\/wp-content\/uploads\/2021\/12\/cropped-logo_acuario_supremus_fn-2.png","contentUrl":"https:\/\/acuariosupremus.com\/wp-content\/uploads\/2021\/12\/cropped-logo_acuario_supremus_fn-2.png","width":1000,"height":318,"caption":"Acuario Supremus"},"image":{"@id":"https:\/\/acuariosupremus.com\/#\/schema\/logo\/image\/"},"sameAs":["https:\/\/www.facebook.com\/AcuarioSupremus","https:\/\/x.com\/AcuarioSupremus","https:\/\/www.instagram.com\/acuariosupremus\/?hl=es"]}]}},"jetpack_sharing_enabled":true,"_links":{"self":[{"href":"https:\/\/acuariosupremus.com\/index.php?rest_route=\/wp\/v2\/product\/9414","targetHints":{"allow":["GET"]}}],"collection":[{"href":"https:\/\/acuariosupremus.com\/index.php?rest_route=\/wp\/v2\/product"}],"about":[{"href":"https:\/\/acuariosupremus.com\/index.php?rest_route=\/wp\/v2\/types\/product"}],"wp:featuredmedia":[{"embeddable":true,"href":"https:\/\/acuariosupremus.com\/index.php?rest_route=\/wp\/v2\/media\/9415"}],"wp:attachment":[{"href":"https:\/\/acuariosupremus.com\/index.php?rest_route=%2Fwp%2Fv2%2Fmedia&parent=9414"}],"wp:term":[{"taxonomy":"product_brand","embeddable":true,"href":"https:\/\/acuariosupremus.com\/index.php?rest_route=%2Fwp%2Fv2%2Fproduct_brand&post=9414"},{"taxonomy":"product_cat","embeddable":true,"href":"https:\/\/acuariosupremus.com\/index.php?rest_route=%2Fwp%2Fv2%2Fproduct_cat&post=9414"},{"taxonomy":"product_tag","embeddable":true,"href":"https:\/\/acuariosupremus.com\/index.php?rest_route=%2Fwp%2Fv2%2Fproduct_tag&post=9414"}],"curies":[{"name":"wp","href":"https:\/\/api.w.org\/{rel}","templated":true}]}}