{"id":9424,"date":"2022-05-13T16:33:37","date_gmt":"2022-05-13T21:33:37","guid":{"rendered":"https:\/\/acuariosupremus.com\/?post_type=product&#038;p=9424"},"modified":"2025-12-29T17:15:49","modified_gmt":"2025-12-29T23:15:49","slug":"combo-de-ammonia-alert-ph-alert-tarjeta-monitoreo","status":"publish","type":"product","link":"https:\/\/acuariosupremus.com\/?product=combo-de-ammonia-alert-ph-alert-tarjeta-monitoreo","title":{"rendered":"Combo de Ammonia Alert + pH Alert, tarjeta monitoreo."},"content":{"rendered":"<p>Ammonia Alert TM es un dispositivo innovador que detecta y monitorea de forma constante la concentraci\u00f3n de amon\u00edaco. Su sensor indica la tasa de amon\u00edaco cambiando reversiblemente su color del amarillo al verde y finalmente al azul en funci\u00f3n a la concentraci\u00f3n detectada. Este dispositivo es muy sensible, ya que detecta menos de 0.05 mg\/l (ppm) de amon\u00edaco libre en un rango que var\u00eda desde 0.02 ppm hasta 0.5 ppm., alert\u00e1ndole del principal agente t\u00f3xico del acuario antes de aparezca cualquier signo de estr\u00e9s. Tiene una vida \u00fatil de m\u00e1s de un a\u00f1o y sirve tanto para acuarios de agua salada como de agua dulce.<br \/>\npH Alert TM es un dispositivo que ofrece un funcionamiento similar a Ammonia Alert TM, aunque en este caso detecta y monitorea el valor pH en un rango desde 5.8 a 8.0. Su sensor indica el valor actual cambiando reversiblemente su color del amarillo al rojo y pasando por tonos anaranjados. Este dispositivo es muy sensible, ya que detecta valores pH inferiores a 0.4, alert\u00e1ndole de cualquier variaci\u00f3n en el principal par\u00e1metro f\u00edsico del agua de su acuario antes de aparezca cualquier signo de estr\u00e9s. Tiene una vida \u00fatil de m\u00e1s de un a\u00f1o y \u00fanicamente sirve para acuarios de agua dulce.<\/p>\n<p>Producto: One Year Combo Alert Tama\u00f1o: 125x200x20 mm. (l x a x h) Peso: 0.020 (Kg.).<\/p>\n","protected":false},"excerpt":{"rendered":"<p>One Year Combo Alert TM Re\u00fane en un solo paquete los medidores continuos Alert Series de amon\u00edaco y pH, usando la exclusiva tecnolog\u00eda Seachem de sensores de alto rango. No m\u00e1s tiras de medici\u00f3n ni procesos con reactivos qu\u00edmicos durante todo un a\u00f1o. Conozca el valor pH y su nivel de amon\u00edaco de una forma muy confiable y precisa con un r\u00e1pido vistazo a su escala colorim\u00e9trica. Este sistema no requiere ning\u00fan mantenimiento y mantiene una gran precisi\u00f3n y confiabilidad. One Year Combo Alert TM contiene los sensores Ammonia Alert TM y pH Alert TM.<\/p>\n","protected":false},"featured_media":9425,"template":"","meta":[],"product_brand":[123],"product_cat":[40,52],"product_tag":[824,821],"class_list":{"0":"post-9424","1":"product","2":"type-product","3":"status-publish","4":"has-post-thumbnail","6":"product_brand-seachem","7":"product_cat-peces","8":"product_cat-medidores","9":"product_tag-combo-de-ammonia-alert-ph-alert","10":"product_tag-tarjeta-para-monitoreo-continuo","12":"first","13":"instock","14":"sale","15":"shipping-taxable","16":"purchasable","17":"product-type-simple"},"yoast_head":"<!-- This site is optimized with the Yoast SEO plugin v27.4 - https:\/\/yoast.com\/product\/yoast-seo-wordpress\/ -->\n<title>Combo de Ammonia Alert + pH Alert, tarjeta monitoreo. | Acuario Supremus<\/title>\n<meta name=\"description\" content=\"Un solo paquete los medidores continuos Alert Series de amon\u00edaco y pH, usando la exclusiva tecnolog\u00eda Seachem de sensores de alto rango.\" \/>\n<meta name=\"robots\" content=\"index, follow, max-snippet:-1, max-image-preview:large, max-video-preview:-1\" \/>\n<link rel=\"canonical\" href=\"https:\/\/acuariosupremus.com\/?product=combo-de-ammonia-alert-ph-alert-tarjeta-monitoreo\" \/>\n<meta property=\"og:locale\" content=\"es_MX\" \/>\n<meta property=\"og:type\" content=\"article\" \/>\n<meta property=\"og:title\" content=\"Combo de Ammonia Alert + pH Alert, tarjeta monitoreo. | Acuario Supremus\" \/>\n<meta property=\"og:description\" content=\"Un solo paquete los medidores continuos Alert Series de amon\u00edaco y pH, usando la exclusiva tecnolog\u00eda Seachem de sensores de alto rango.\" \/>\n<meta property=\"og:url\" content=\"https:\/\/acuariosupremus.com\/?product=combo-de-ammonia-alert-ph-alert-tarjeta-monitoreo\" \/>\n<meta property=\"og:site_name\" content=\"Acuario Supremus\" \/>\n<meta property=\"article:publisher\" content=\"https:\/\/www.facebook.com\/AcuarioSupremus\" \/>\n<meta property=\"article:modified_time\" content=\"2025-12-29T23:15:49+00:00\" \/>\n<meta property=\"og:image\" content=\"https:\/\/acuariosupremus.com\/wp-content\/uploads\/2022\/05\/seachem_alert_combo_6_meses_01-1.jpg\" \/>\n\t<meta property=\"og:image:width\" content=\"1250\" \/>\n\t<meta property=\"og:image:height\" content=\"1250\" \/>\n\t<meta property=\"og:image:type\" content=\"image\/jpeg\" \/>\n<meta name=\"twitter:card\" content=\"summary_large_image\" \/>\n<meta name=\"twitter:site\" content=\"@AcuarioSupremus\" \/>\n<meta name=\"twitter:label1\" content=\"Tiempo de lectura\" \/>\n\t<meta name=\"twitter:data1\" content=\"2 minutos\" \/>\n<script type=\"application\/ld+json\" class=\"yoast-schema-graph\">{\"@context\":\"https:\\\/\\\/schema.org\",\"@graph\":[{\"@type\":\"WebPage\",\"@id\":\"https:\\\/\\\/acuariosupremus.com\\\/?product=combo-de-ammonia-alert-ph-alert-tarjeta-monitoreo\",\"url\":\"https:\\\/\\\/acuariosupremus.com\\\/?product=combo-de-ammonia-alert-ph-alert-tarjeta-monitoreo\",\"name\":\"Combo de Ammonia Alert + pH Alert, tarjeta monitoreo. | Acuario Supremus\",\"isPartOf\":{\"@id\":\"https:\\\/\\\/acuariosupremus.com\\\/#website\"},\"primaryImageOfPage\":{\"@id\":\"https:\\\/\\\/acuariosupremus.com\\\/?product=combo-de-ammonia-alert-ph-alert-tarjeta-monitoreo#primaryimage\"},\"image\":{\"@id\":\"https:\\\/\\\/acuariosupremus.com\\\/?product=combo-de-ammonia-alert-ph-alert-tarjeta-monitoreo#primaryimage\"},\"thumbnailUrl\":\"https:\\\/\\\/acuariosupremus.com\\\/wp-content\\\/uploads\\\/2022\\\/05\\\/seachem_alert_combo_6_meses_01-1.jpg\",\"datePublished\":\"2022-05-13T21:33:37+00:00\",\"dateModified\":\"2025-12-29T23:15:49+00:00\",\"description\":\"Un solo paquete los medidores continuos Alert Series de amon\u00edaco y pH, usando la exclusiva tecnolog\u00eda Seachem de sensores de alto rango.\",\"breadcrumb\":{\"@id\":\"https:\\\/\\\/acuariosupremus.com\\\/?product=combo-de-ammonia-alert-ph-alert-tarjeta-monitoreo#breadcrumb\"},\"inLanguage\":\"es\",\"potentialAction\":[{\"@type\":\"ReadAction\",\"target\":[\"https:\\\/\\\/acuariosupremus.com\\\/?product=combo-de-ammonia-alert-ph-alert-tarjeta-monitoreo\"]}]},{\"@type\":\"ImageObject\",\"inLanguage\":\"es\",\"@id\":\"https:\\\/\\\/acuariosupremus.com\\\/?product=combo-de-ammonia-alert-ph-alert-tarjeta-monitoreo#primaryimage\",\"url\":\"https:\\\/\\\/acuariosupremus.com\\\/wp-content\\\/uploads\\\/2022\\\/05\\\/seachem_alert_combo_6_meses_01-1.jpg\",\"contentUrl\":\"https:\\\/\\\/acuariosupremus.com\\\/wp-content\\\/uploads\\\/2022\\\/05\\\/seachem_alert_combo_6_meses_01-1.jpg\",\"width\":1250,\"height\":1250},{\"@type\":\"BreadcrumbList\",\"@id\":\"https:\\\/\\\/acuariosupremus.com\\\/?product=combo-de-ammonia-alert-ph-alert-tarjeta-monitoreo#breadcrumb\",\"itemListElement\":[{\"@type\":\"ListItem\",\"position\":1,\"name\":\"Portada\",\"item\":\"https:\\\/\\\/acuariosupremus.com\\\/\"},{\"@type\":\"ListItem\",\"position\":2,\"name\":\"Tienda\",\"item\":\"https:\\\/\\\/acuariosupremus.com\\\/tienda\\\/\"},{\"@type\":\"ListItem\",\"position\":3,\"name\":\"Combo de Ammonia Alert + pH Alert, tarjeta monitoreo.\"}]},{\"@type\":\"WebSite\",\"@id\":\"https:\\\/\\\/acuariosupremus.com\\\/#website\",\"url\":\"https:\\\/\\\/acuariosupremus.com\\\/\",\"name\":\"Acuario Supremus\",\"description\":\"Peces, Peceras y Mascotas.\",\"publisher\":{\"@id\":\"https:\\\/\\\/acuariosupremus.com\\\/#organization\"},\"potentialAction\":[{\"@type\":\"SearchAction\",\"target\":{\"@type\":\"EntryPoint\",\"urlTemplate\":\"https:\\\/\\\/acuariosupremus.com\\\/?s={search_term_string}\"},\"query-input\":{\"@type\":\"PropertyValueSpecification\",\"valueRequired\":true,\"valueName\":\"search_term_string\"}}],\"inLanguage\":\"es\"},{\"@type\":\"Organization\",\"@id\":\"https:\\\/\\\/acuariosupremus.com\\\/#organization\",\"name\":\"Acuario Supremus\",\"url\":\"https:\\\/\\\/acuariosupremus.com\\\/\",\"logo\":{\"@type\":\"ImageObject\",\"inLanguage\":\"es\",\"@id\":\"https:\\\/\\\/acuariosupremus.com\\\/#\\\/schema\\\/logo\\\/image\\\/\",\"url\":\"https:\\\/\\\/acuariosupremus.com\\\/wp-content\\\/uploads\\\/2021\\\/12\\\/cropped-logo_acuario_supremus_fn-2.png\",\"contentUrl\":\"https:\\\/\\\/acuariosupremus.com\\\/wp-content\\\/uploads\\\/2021\\\/12\\\/cropped-logo_acuario_supremus_fn-2.png\",\"width\":1000,\"height\":318,\"caption\":\"Acuario Supremus\"},\"image\":{\"@id\":\"https:\\\/\\\/acuariosupremus.com\\\/#\\\/schema\\\/logo\\\/image\\\/\"},\"sameAs\":[\"https:\\\/\\\/www.facebook.com\\\/AcuarioSupremus\",\"https:\\\/\\\/x.com\\\/AcuarioSupremus\",\"https:\\\/\\\/www.instagram.com\\\/acuariosupremus\\\/?hl=es\"]}]}<\/script>\n<!-- \/ Yoast SEO plugin. -->","yoast_head_json":{"title":"Combo de Ammonia Alert + pH Alert, tarjeta monitoreo. | Acuario Supremus","description":"Un solo paquete los medidores continuos Alert Series de amon\u00edaco y pH, usando la exclusiva tecnolog\u00eda Seachem de sensores de alto rango.","robots":{"index":"index","follow":"follow","max-snippet":"max-snippet:-1","max-image-preview":"max-image-preview:large","max-video-preview":"max-video-preview:-1"},"canonical":"https:\/\/acuariosupremus.com\/?product=combo-de-ammonia-alert-ph-alert-tarjeta-monitoreo","og_locale":"es_MX","og_type":"article","og_title":"Combo de Ammonia Alert + pH Alert, tarjeta monitoreo. | Acuario Supremus","og_description":"Un solo paquete los medidores continuos Alert Series de amon\u00edaco y pH, usando la exclusiva tecnolog\u00eda Seachem de sensores de alto rango.","og_url":"https:\/\/acuariosupremus.com\/?product=combo-de-ammonia-alert-ph-alert-tarjeta-monitoreo","og_site_name":"Acuario Supremus","article_publisher":"https:\/\/www.facebook.com\/AcuarioSupremus","article_modified_time":"2025-12-29T23:15:49+00:00","og_image":[{"width":1250,"height":1250,"url":"https:\/\/acuariosupremus.com\/wp-content\/uploads\/2022\/05\/seachem_alert_combo_6_meses_01-1.jpg","type":"image\/jpeg"}],"twitter_card":"summary_large_image","twitter_site":"@AcuarioSupremus","twitter_misc":{"Tiempo de lectura":"2 minutos"},"schema":{"@context":"https:\/\/schema.org","@graph":[{"@type":"WebPage","@id":"https:\/\/acuariosupremus.com\/?product=combo-de-ammonia-alert-ph-alert-tarjeta-monitoreo","url":"https:\/\/acuariosupremus.com\/?product=combo-de-ammonia-alert-ph-alert-tarjeta-monitoreo","name":"Combo de Ammonia Alert + pH Alert, tarjeta monitoreo. | Acuario Supremus","isPartOf":{"@id":"https:\/\/acuariosupremus.com\/#website"},"primaryImageOfPage":{"@id":"https:\/\/acuariosupremus.com\/?product=combo-de-ammonia-alert-ph-alert-tarjeta-monitoreo#primaryimage"},"image":{"@id":"https:\/\/acuariosupremus.com\/?product=combo-de-ammonia-alert-ph-alert-tarjeta-monitoreo#primaryimage"},"thumbnailUrl":"https:\/\/acuariosupremus.com\/wp-content\/uploads\/2022\/05\/seachem_alert_combo_6_meses_01-1.jpg","datePublished":"2022-05-13T21:33:37+00:00","dateModified":"2025-12-29T23:15:49+00:00","description":"Un solo paquete los medidores continuos Alert Series de amon\u00edaco y pH, usando la exclusiva tecnolog\u00eda Seachem de sensores de alto rango.","breadcrumb":{"@id":"https:\/\/acuariosupremus.com\/?product=combo-de-ammonia-alert-ph-alert-tarjeta-monitoreo#breadcrumb"},"inLanguage":"es","potentialAction":[{"@type":"ReadAction","target":["https:\/\/acuariosupremus.com\/?product=combo-de-ammonia-alert-ph-alert-tarjeta-monitoreo"]}]},{"@type":"ImageObject","inLanguage":"es","@id":"https:\/\/acuariosupremus.com\/?product=combo-de-ammonia-alert-ph-alert-tarjeta-monitoreo#primaryimage","url":"https:\/\/acuariosupremus.com\/wp-content\/uploads\/2022\/05\/seachem_alert_combo_6_meses_01-1.jpg","contentUrl":"https:\/\/acuariosupremus.com\/wp-content\/uploads\/2022\/05\/seachem_alert_combo_6_meses_01-1.jpg","width":1250,"height":1250},{"@type":"BreadcrumbList","@id":"https:\/\/acuariosupremus.com\/?product=combo-de-ammonia-alert-ph-alert-tarjeta-monitoreo#breadcrumb","itemListElement":[{"@type":"ListItem","position":1,"name":"Portada","item":"https:\/\/acuariosupremus.com\/"},{"@type":"ListItem","position":2,"name":"Tienda","item":"https:\/\/acuariosupremus.com\/tienda\/"},{"@type":"ListItem","position":3,"name":"Combo de Ammonia Alert + pH Alert, tarjeta monitoreo."}]},{"@type":"WebSite","@id":"https:\/\/acuariosupremus.com\/#website","url":"https:\/\/acuariosupremus.com\/","name":"Acuario Supremus","description":"Peces, Peceras y Mascotas.","publisher":{"@id":"https:\/\/acuariosupremus.com\/#organization"},"potentialAction":[{"@type":"SearchAction","target":{"@type":"EntryPoint","urlTemplate":"https:\/\/acuariosupremus.com\/?s={search_term_string}"},"query-input":{"@type":"PropertyValueSpecification","valueRequired":true,"valueName":"search_term_string"}}],"inLanguage":"es"},{"@type":"Organization","@id":"https:\/\/acuariosupremus.com\/#organization","name":"Acuario Supremus","url":"https:\/\/acuariosupremus.com\/","logo":{"@type":"ImageObject","inLanguage":"es","@id":"https:\/\/acuariosupremus.com\/#\/schema\/logo\/image\/","url":"https:\/\/acuariosupremus.com\/wp-content\/uploads\/2021\/12\/cropped-logo_acuario_supremus_fn-2.png","contentUrl":"https:\/\/acuariosupremus.com\/wp-content\/uploads\/2021\/12\/cropped-logo_acuario_supremus_fn-2.png","width":1000,"height":318,"caption":"Acuario Supremus"},"image":{"@id":"https:\/\/acuariosupremus.com\/#\/schema\/logo\/image\/"},"sameAs":["https:\/\/www.facebook.com\/AcuarioSupremus","https:\/\/x.com\/AcuarioSupremus","https:\/\/www.instagram.com\/acuariosupremus\/?hl=es"]}]}},"jetpack_sharing_enabled":true,"_links":{"self":[{"href":"https:\/\/acuariosupremus.com\/index.php?rest_route=\/wp\/v2\/product\/9424","targetHints":{"allow":["GET"]}}],"collection":[{"href":"https:\/\/acuariosupremus.com\/index.php?rest_route=\/wp\/v2\/product"}],"about":[{"href":"https:\/\/acuariosupremus.com\/index.php?rest_route=\/wp\/v2\/types\/product"}],"wp:featuredmedia":[{"embeddable":true,"href":"https:\/\/acuariosupremus.com\/index.php?rest_route=\/wp\/v2\/media\/9425"}],"wp:attachment":[{"href":"https:\/\/acuariosupremus.com\/index.php?rest_route=%2Fwp%2Fv2%2Fmedia&parent=9424"}],"wp:term":[{"taxonomy":"product_brand","embeddable":true,"href":"https:\/\/acuariosupremus.com\/index.php?rest_route=%2Fwp%2Fv2%2Fproduct_brand&post=9424"},{"taxonomy":"product_cat","embeddable":true,"href":"https:\/\/acuariosupremus.com\/index.php?rest_route=%2Fwp%2Fv2%2Fproduct_cat&post=9424"},{"taxonomy":"product_tag","embeddable":true,"href":"https:\/\/acuariosupremus.com\/index.php?rest_route=%2Fwp%2Fv2%2Fproduct_tag&post=9424"}],"curies":[{"name":"wp","href":"https:\/\/api.w.org\/{rel}","templated":true}]}}