{"id":9433,"date":"2022-05-13T16:47:51","date_gmt":"2022-05-13T21:47:51","guid":{"rendered":"https:\/\/acuariosupremus.com\/?post_type=product&#038;p=9433"},"modified":"2025-12-29T17:16:35","modified_gmt":"2025-12-29T23:16:35","slug":"multitest-reef-special-75-test","status":"publish","type":"product","link":"https:\/\/acuariosupremus.com\/?product=multitest-reef-special-75-test","title":{"rendered":"MultiTest: Reef Special, 75 Test."},"content":{"rendered":"<p>MultiTest: Reef Special es un kit de medici\u00f3n para acuarios de arrecife que re\u00fane los par\u00e1metros necesarios para usuarios avanzados que desean controlar la calidad del agua de sus acuarios de arrecife. Estos par\u00e1metros son: fosfato, silicato y yodo\/yoduro. Puede realizar hasta 75 pruebas de cada uno de ellos, pudiendo verificar la validez de sus lecturas (\u201ctest reference\u201d) en cada par\u00e1metro con una soluci\u00f3n de referencia que contiene una concentraci\u00f3n fija del par\u00e1metro a medir.<br \/>\nEl test de yodo analiza la tasa de yoduro y yodato con una alta precisi\u00f3n, detectando concentraciones de menos de 0.005 mg\/l. en pasos de 0.01 mg\/l. en tan s\u00f3lo 6 minutos. El test de silicato puede detectar concentraciones de menos de 0.5 mg\/l mientras que el de fosfato puede detectar concentraciones de menos de 0.05 mg\/l, cambiando el color de su muestra del verde al azul.<\/p>\n<p>Producto: MultiTest: Reef Special Tama\u00f1o: 77 x 65 x 152 mm. (l x a x h) Peso: 0.190 (Kg.).<\/p>\n","protected":false},"excerpt":{"rendered":"<p>MultiTest: Reef Special es un kit de medici\u00f3n para acuarios de arrecife que re\u00fane los par\u00e1metros necesarios para usuarios avanzados que desean controlar la calidad del agua de sus acuarios de arrecife. Estos par\u00e1metros son: fosfato, silicato y yodo\/yoduro.<\/p>\n","protected":false},"featured_media":9434,"template":"","meta":[],"product_brand":[123],"product_cat":[40,52],"product_tag":[231,825,827],"class_list":{"0":"post-9433","1":"product","2":"type-product","3":"status-publish","4":"has-post-thumbnail","6":"product_brand-seachem","7":"product_cat-peces","8":"product_cat-medidores","9":"product_tag-medidor-maestro","10":"product_tag-multitest","11":"product_tag-reef-special","13":"first","14":"instock","15":"sale","16":"shipping-taxable","17":"purchasable","18":"product-type-simple"},"yoast_head":"<!-- This site is optimized with the Yoast SEO plugin v27.4 - https:\/\/yoast.com\/product\/yoast-seo-wordpress\/ -->\n<title>MultiTest: Reef Special, 75 Test. | Acuario Supremus<\/title>\n<meta name=\"description\" content=\"MultiTest: Reef Special es un kit de medici\u00f3n para acuarios de arrecife que re\u00fane los par\u00e1metros necesarios para usuarios avanzados.\" \/>\n<meta name=\"robots\" content=\"index, follow, max-snippet:-1, max-image-preview:large, max-video-preview:-1\" \/>\n<link rel=\"canonical\" href=\"https:\/\/acuariosupremus.com\/?product=multitest-reef-special-75-test\" \/>\n<meta property=\"og:locale\" content=\"es_MX\" \/>\n<meta property=\"og:type\" content=\"article\" \/>\n<meta property=\"og:title\" content=\"MultiTest: Reef Special, 75 Test. | Acuario Supremus\" \/>\n<meta property=\"og:description\" content=\"MultiTest: Reef Special es un kit de medici\u00f3n para acuarios de arrecife que re\u00fane los par\u00e1metros necesarios para usuarios avanzados.\" \/>\n<meta property=\"og:url\" content=\"https:\/\/acuariosupremus.com\/?product=multitest-reef-special-75-test\" \/>\n<meta property=\"og:site_name\" content=\"Acuario Supremus\" \/>\n<meta property=\"article:publisher\" content=\"https:\/\/www.facebook.com\/AcuarioSupremus\" \/>\n<meta property=\"article:modified_time\" content=\"2025-12-29T23:16:35+00:00\" \/>\n<meta property=\"og:image\" content=\"https:\/\/acuariosupremus.com\/wp-content\/uploads\/2022\/05\/seachem_multitest_reef_special_01.jpg\" \/>\n\t<meta property=\"og:image:width\" content=\"1250\" \/>\n\t<meta property=\"og:image:height\" content=\"1250\" \/>\n\t<meta property=\"og:image:type\" content=\"image\/jpeg\" \/>\n<meta name=\"twitter:card\" content=\"summary_large_image\" \/>\n<meta name=\"twitter:site\" content=\"@AcuarioSupremus\" \/>\n<meta name=\"twitter:label1\" content=\"Tiempo de lectura\" \/>\n\t<meta name=\"twitter:data1\" content=\"1 minuto\" \/>\n<script type=\"application\/ld+json\" class=\"yoast-schema-graph\">{\"@context\":\"https:\\\/\\\/schema.org\",\"@graph\":[{\"@type\":\"WebPage\",\"@id\":\"https:\\\/\\\/acuariosupremus.com\\\/?product=multitest-reef-special-75-test\",\"url\":\"https:\\\/\\\/acuariosupremus.com\\\/?product=multitest-reef-special-75-test\",\"name\":\"MultiTest: Reef Special, 75 Test. | Acuario Supremus\",\"isPartOf\":{\"@id\":\"https:\\\/\\\/acuariosupremus.com\\\/#website\"},\"primaryImageOfPage\":{\"@id\":\"https:\\\/\\\/acuariosupremus.com\\\/?product=multitest-reef-special-75-test#primaryimage\"},\"image\":{\"@id\":\"https:\\\/\\\/acuariosupremus.com\\\/?product=multitest-reef-special-75-test#primaryimage\"},\"thumbnailUrl\":\"https:\\\/\\\/acuariosupremus.com\\\/wp-content\\\/uploads\\\/2022\\\/05\\\/seachem_multitest_reef_special_01.jpg\",\"datePublished\":\"2022-05-13T21:47:51+00:00\",\"dateModified\":\"2025-12-29T23:16:35+00:00\",\"description\":\"MultiTest: Reef Special es un kit de medici\u00f3n para acuarios de arrecife que re\u00fane los par\u00e1metros necesarios para usuarios avanzados.\",\"breadcrumb\":{\"@id\":\"https:\\\/\\\/acuariosupremus.com\\\/?product=multitest-reef-special-75-test#breadcrumb\"},\"inLanguage\":\"es\",\"potentialAction\":[{\"@type\":\"ReadAction\",\"target\":[\"https:\\\/\\\/acuariosupremus.com\\\/?product=multitest-reef-special-75-test\"]}]},{\"@type\":\"ImageObject\",\"inLanguage\":\"es\",\"@id\":\"https:\\\/\\\/acuariosupremus.com\\\/?product=multitest-reef-special-75-test#primaryimage\",\"url\":\"https:\\\/\\\/acuariosupremus.com\\\/wp-content\\\/uploads\\\/2022\\\/05\\\/seachem_multitest_reef_special_01.jpg\",\"contentUrl\":\"https:\\\/\\\/acuariosupremus.com\\\/wp-content\\\/uploads\\\/2022\\\/05\\\/seachem_multitest_reef_special_01.jpg\",\"width\":1250,\"height\":1250},{\"@type\":\"BreadcrumbList\",\"@id\":\"https:\\\/\\\/acuariosupremus.com\\\/?product=multitest-reef-special-75-test#breadcrumb\",\"itemListElement\":[{\"@type\":\"ListItem\",\"position\":1,\"name\":\"Portada\",\"item\":\"https:\\\/\\\/acuariosupremus.com\\\/\"},{\"@type\":\"ListItem\",\"position\":2,\"name\":\"Tienda\",\"item\":\"https:\\\/\\\/acuariosupremus.com\\\/tienda\\\/\"},{\"@type\":\"ListItem\",\"position\":3,\"name\":\"MultiTest: Reef Special, 75 Test.\"}]},{\"@type\":\"WebSite\",\"@id\":\"https:\\\/\\\/acuariosupremus.com\\\/#website\",\"url\":\"https:\\\/\\\/acuariosupremus.com\\\/\",\"name\":\"Acuario Supremus\",\"description\":\"Peces, Peceras y Mascotas.\",\"publisher\":{\"@id\":\"https:\\\/\\\/acuariosupremus.com\\\/#organization\"},\"potentialAction\":[{\"@type\":\"SearchAction\",\"target\":{\"@type\":\"EntryPoint\",\"urlTemplate\":\"https:\\\/\\\/acuariosupremus.com\\\/?s={search_term_string}\"},\"query-input\":{\"@type\":\"PropertyValueSpecification\",\"valueRequired\":true,\"valueName\":\"search_term_string\"}}],\"inLanguage\":\"es\"},{\"@type\":\"Organization\",\"@id\":\"https:\\\/\\\/acuariosupremus.com\\\/#organization\",\"name\":\"Acuario Supremus\",\"url\":\"https:\\\/\\\/acuariosupremus.com\\\/\",\"logo\":{\"@type\":\"ImageObject\",\"inLanguage\":\"es\",\"@id\":\"https:\\\/\\\/acuariosupremus.com\\\/#\\\/schema\\\/logo\\\/image\\\/\",\"url\":\"https:\\\/\\\/acuariosupremus.com\\\/wp-content\\\/uploads\\\/2021\\\/12\\\/cropped-logo_acuario_supremus_fn-2.png\",\"contentUrl\":\"https:\\\/\\\/acuariosupremus.com\\\/wp-content\\\/uploads\\\/2021\\\/12\\\/cropped-logo_acuario_supremus_fn-2.png\",\"width\":1000,\"height\":318,\"caption\":\"Acuario Supremus\"},\"image\":{\"@id\":\"https:\\\/\\\/acuariosupremus.com\\\/#\\\/schema\\\/logo\\\/image\\\/\"},\"sameAs\":[\"https:\\\/\\\/www.facebook.com\\\/AcuarioSupremus\",\"https:\\\/\\\/x.com\\\/AcuarioSupremus\",\"https:\\\/\\\/www.instagram.com\\\/acuariosupremus\\\/?hl=es\"]}]}<\/script>\n<!-- \/ Yoast SEO plugin. -->","yoast_head_json":{"title":"MultiTest: Reef Special, 75 Test. | Acuario Supremus","description":"MultiTest: Reef Special es un kit de medici\u00f3n para acuarios de arrecife que re\u00fane los par\u00e1metros necesarios para usuarios avanzados.","robots":{"index":"index","follow":"follow","max-snippet":"max-snippet:-1","max-image-preview":"max-image-preview:large","max-video-preview":"max-video-preview:-1"},"canonical":"https:\/\/acuariosupremus.com\/?product=multitest-reef-special-75-test","og_locale":"es_MX","og_type":"article","og_title":"MultiTest: Reef Special, 75 Test. | Acuario Supremus","og_description":"MultiTest: Reef Special es un kit de medici\u00f3n para acuarios de arrecife que re\u00fane los par\u00e1metros necesarios para usuarios avanzados.","og_url":"https:\/\/acuariosupremus.com\/?product=multitest-reef-special-75-test","og_site_name":"Acuario Supremus","article_publisher":"https:\/\/www.facebook.com\/AcuarioSupremus","article_modified_time":"2025-12-29T23:16:35+00:00","og_image":[{"width":1250,"height":1250,"url":"https:\/\/acuariosupremus.com\/wp-content\/uploads\/2022\/05\/seachem_multitest_reef_special_01.jpg","type":"image\/jpeg"}],"twitter_card":"summary_large_image","twitter_site":"@AcuarioSupremus","twitter_misc":{"Tiempo de lectura":"1 minuto"},"schema":{"@context":"https:\/\/schema.org","@graph":[{"@type":"WebPage","@id":"https:\/\/acuariosupremus.com\/?product=multitest-reef-special-75-test","url":"https:\/\/acuariosupremus.com\/?product=multitest-reef-special-75-test","name":"MultiTest: Reef Special, 75 Test. | Acuario Supremus","isPartOf":{"@id":"https:\/\/acuariosupremus.com\/#website"},"primaryImageOfPage":{"@id":"https:\/\/acuariosupremus.com\/?product=multitest-reef-special-75-test#primaryimage"},"image":{"@id":"https:\/\/acuariosupremus.com\/?product=multitest-reef-special-75-test#primaryimage"},"thumbnailUrl":"https:\/\/acuariosupremus.com\/wp-content\/uploads\/2022\/05\/seachem_multitest_reef_special_01.jpg","datePublished":"2022-05-13T21:47:51+00:00","dateModified":"2025-12-29T23:16:35+00:00","description":"MultiTest: Reef Special es un kit de medici\u00f3n para acuarios de arrecife que re\u00fane los par\u00e1metros necesarios para usuarios avanzados.","breadcrumb":{"@id":"https:\/\/acuariosupremus.com\/?product=multitest-reef-special-75-test#breadcrumb"},"inLanguage":"es","potentialAction":[{"@type":"ReadAction","target":["https:\/\/acuariosupremus.com\/?product=multitest-reef-special-75-test"]}]},{"@type":"ImageObject","inLanguage":"es","@id":"https:\/\/acuariosupremus.com\/?product=multitest-reef-special-75-test#primaryimage","url":"https:\/\/acuariosupremus.com\/wp-content\/uploads\/2022\/05\/seachem_multitest_reef_special_01.jpg","contentUrl":"https:\/\/acuariosupremus.com\/wp-content\/uploads\/2022\/05\/seachem_multitest_reef_special_01.jpg","width":1250,"height":1250},{"@type":"BreadcrumbList","@id":"https:\/\/acuariosupremus.com\/?product=multitest-reef-special-75-test#breadcrumb","itemListElement":[{"@type":"ListItem","position":1,"name":"Portada","item":"https:\/\/acuariosupremus.com\/"},{"@type":"ListItem","position":2,"name":"Tienda","item":"https:\/\/acuariosupremus.com\/tienda\/"},{"@type":"ListItem","position":3,"name":"MultiTest: Reef Special, 75 Test."}]},{"@type":"WebSite","@id":"https:\/\/acuariosupremus.com\/#website","url":"https:\/\/acuariosupremus.com\/","name":"Acuario Supremus","description":"Peces, Peceras y Mascotas.","publisher":{"@id":"https:\/\/acuariosupremus.com\/#organization"},"potentialAction":[{"@type":"SearchAction","target":{"@type":"EntryPoint","urlTemplate":"https:\/\/acuariosupremus.com\/?s={search_term_string}"},"query-input":{"@type":"PropertyValueSpecification","valueRequired":true,"valueName":"search_term_string"}}],"inLanguage":"es"},{"@type":"Organization","@id":"https:\/\/acuariosupremus.com\/#organization","name":"Acuario Supremus","url":"https:\/\/acuariosupremus.com\/","logo":{"@type":"ImageObject","inLanguage":"es","@id":"https:\/\/acuariosupremus.com\/#\/schema\/logo\/image\/","url":"https:\/\/acuariosupremus.com\/wp-content\/uploads\/2021\/12\/cropped-logo_acuario_supremus_fn-2.png","contentUrl":"https:\/\/acuariosupremus.com\/wp-content\/uploads\/2021\/12\/cropped-logo_acuario_supremus_fn-2.png","width":1000,"height":318,"caption":"Acuario Supremus"},"image":{"@id":"https:\/\/acuariosupremus.com\/#\/schema\/logo\/image\/"},"sameAs":["https:\/\/www.facebook.com\/AcuarioSupremus","https:\/\/x.com\/AcuarioSupremus","https:\/\/www.instagram.com\/acuariosupremus\/?hl=es"]}]}},"jetpack_sharing_enabled":true,"_links":{"self":[{"href":"https:\/\/acuariosupremus.com\/index.php?rest_route=\/wp\/v2\/product\/9433","targetHints":{"allow":["GET"]}}],"collection":[{"href":"https:\/\/acuariosupremus.com\/index.php?rest_route=\/wp\/v2\/product"}],"about":[{"href":"https:\/\/acuariosupremus.com\/index.php?rest_route=\/wp\/v2\/types\/product"}],"wp:featuredmedia":[{"embeddable":true,"href":"https:\/\/acuariosupremus.com\/index.php?rest_route=\/wp\/v2\/media\/9434"}],"wp:attachment":[{"href":"https:\/\/acuariosupremus.com\/index.php?rest_route=%2Fwp%2Fv2%2Fmedia&parent=9433"}],"wp:term":[{"taxonomy":"product_brand","embeddable":true,"href":"https:\/\/acuariosupremus.com\/index.php?rest_route=%2Fwp%2Fv2%2Fproduct_brand&post=9433"},{"taxonomy":"product_cat","embeddable":true,"href":"https:\/\/acuariosupremus.com\/index.php?rest_route=%2Fwp%2Fv2%2Fproduct_cat&post=9433"},{"taxonomy":"product_tag","embeddable":true,"href":"https:\/\/acuariosupremus.com\/index.php?rest_route=%2Fwp%2Fv2%2Fproduct_tag&post=9433"}],"curies":[{"name":"wp","href":"https:\/\/api.w.org\/{rel}","templated":true}]}}