{"id":9461,"date":"2022-05-13T17:35:53","date_gmt":"2022-05-13T22:35:53","guid":{"rendered":"https:\/\/acuariosupremus.com\/?post_type=product&#038;p=9461"},"modified":"2025-12-29T17:19:23","modified_gmt":"2025-12-29T23:19:23","slug":"flourish-phosphorus-500-ml-abono-para-plantas","status":"publish","type":"product","link":"https:\/\/acuariosupremus.com\/?product=flourish-phosphorus-500-ml-abono-para-plantas","title":{"rendered":"Flourish Phosphorus 500 ml, Abono para plantas."},"content":{"rendered":"<p>El Nitr\u00f3geno y el f\u00f3sforo son nutrientes vitales para el crecimiento de las plantas, sin embargo es raro que ambos se encuentren en su proporci\u00f3n biodisponible. Frecuentemente uno de los dos es demasiado escaso con respecto al otro limitando el crecimiento de las plantas. Sin embargo, a\u00f1adiendo un producto que contenga ambos componentes no solo subir\u00eda la tasa de f\u00f3sforo, tambi\u00e9n lo har\u00eda la de nitr\u00f3geno pudiendo elevarlo a una tasa por encima de lo que las plantas demandan. Este excedente de nitr\u00f3geno no ser\u00eda usado por las plantas y quedar\u00eda disponible para que las algas puedan aprovecharlo y crecer descontroladamente. Es por ello que Seachem ofrece Nitr\u00f3geno y f\u00f3sforo en productos por separado, para que el aficionado pueda ajustar estos valores de la forma m\u00e1s adecuada.<br \/>\nFlourish Phosphorus TM es una soluci\u00f3n segura de fosfato pot\u00e1sico que facilita de forma \u00f3ptima la dosificaci\u00f3n del fosfato. A diferencia de sus competidores, Flourish Phosphorus TM no a\u00f1ade nitr\u00f3geno a su f\u00f3rmula en una proporci\u00f3n determinada. Al no contener nitrato permite ajustar la tasa de f\u00f3sforo de acuerdo con las necesidades concretas de las plantas sin riesgo de incrementar la tasa de nitrato. Igualmente Flourish Nitrogen TM no contiene fosfatos, de modo que podr\u00e1 combinar ambos productos para obtener la proporci\u00f3n deseada de ambos nutrientes en su sistema.<\/p>\n<p>Producto: Flourish Phosphorus 500 ml. Tama\u00f1o: 62 x 61 x 195 mm. (l x a x h), Peso: 0.550 (Kg.).<\/p>\n<p>&nbsp;<\/p>\n","protected":false},"excerpt":{"rendered":"<p>Flourish Phosphorus TM es una soluci\u00f3n segura de fosfato pot\u00e1sico que facilita de forma \u00f3ptima la dosificaci\u00f3n del fosfato para su acuario plantado. Flourish Phosphorus TM no a\u00f1ade nitr\u00f3geno a su f\u00f3rmula en una proporci\u00f3n determinada, permitiendo de este modo ajustar la tasa de f\u00f3sforo de acuerdo con las necesidades concretas de las plantas sin riesgo de incrementar la tasa de nitrato.<\/p>\n","protected":false},"featured_media":9462,"template":"","meta":[],"product_brand":[123],"product_cat":[40,56],"product_tag":[552,830,553],"class_list":{"0":"post-9461","1":"product","2":"type-product","3":"status-publish","4":"has-post-thumbnail","6":"product_brand-seachem","7":"product_cat-peces","8":"product_cat-plantas-naturales","9":"product_tag-fertilizante-plantas-acuaticas","10":"product_tag-flourish-phosphorus","11":"product_tag-suplemento-fosforo-plantas-acuaticas","13":"first","14":"instock","15":"sale","16":"shipping-taxable","17":"purchasable","18":"product-type-simple"},"yoast_head":"<!-- This site is optimized with the Yoast SEO plugin v27.4 - https:\/\/yoast.com\/product\/yoast-seo-wordpress\/ -->\n<title>Flourish Phosphorus 500 ml, Abono para plantas. | Acuario Supremus<\/title>\n<meta name=\"description\" content=\"Flourish Phosphorus TM es una soluci\u00f3n segura de fosfato pot\u00e1sico que facilita de forma \u00f3ptima la dosificaci\u00f3n del fosfato para su acuario plantado.\" \/>\n<meta name=\"robots\" content=\"index, follow, max-snippet:-1, max-image-preview:large, max-video-preview:-1\" \/>\n<link rel=\"canonical\" href=\"https:\/\/acuariosupremus.com\/?product=flourish-phosphorus-500-ml-abono-para-plantas\" \/>\n<meta property=\"og:locale\" content=\"es_MX\" \/>\n<meta property=\"og:type\" content=\"article\" \/>\n<meta property=\"og:title\" content=\"Flourish Phosphorus 500 ml, Abono para plantas. | Acuario Supremus\" \/>\n<meta property=\"og:description\" content=\"Flourish Phosphorus TM es una soluci\u00f3n segura de fosfato pot\u00e1sico que facilita de forma \u00f3ptima la dosificaci\u00f3n del fosfato para su acuario plantado.\" \/>\n<meta property=\"og:url\" content=\"https:\/\/acuariosupremus.com\/?product=flourish-phosphorus-500-ml-abono-para-plantas\" \/>\n<meta property=\"og:site_name\" content=\"Acuario Supremus\" \/>\n<meta property=\"article:publisher\" content=\"https:\/\/www.facebook.com\/AcuarioSupremus\" \/>\n<meta property=\"article:modified_time\" content=\"2025-12-29T23:19:23+00:00\" \/>\n<meta property=\"og:image\" content=\"https:\/\/acuariosupremus.com\/wp-content\/uploads\/2022\/05\/seachem_flourish_phosphorus_03.jpg\" \/>\n\t<meta property=\"og:image:width\" content=\"1250\" \/>\n\t<meta property=\"og:image:height\" content=\"1250\" \/>\n\t<meta property=\"og:image:type\" content=\"image\/jpeg\" \/>\n<meta name=\"twitter:card\" content=\"summary_large_image\" \/>\n<meta name=\"twitter:site\" content=\"@AcuarioSupremus\" \/>\n<meta name=\"twitter:label1\" content=\"Tiempo de lectura\" \/>\n\t<meta name=\"twitter:data1\" content=\"2 minutos\" \/>\n<script type=\"application\/ld+json\" class=\"yoast-schema-graph\">{\"@context\":\"https:\\\/\\\/schema.org\",\"@graph\":[{\"@type\":\"WebPage\",\"@id\":\"https:\\\/\\\/acuariosupremus.com\\\/?product=flourish-phosphorus-500-ml-abono-para-plantas\",\"url\":\"https:\\\/\\\/acuariosupremus.com\\\/?product=flourish-phosphorus-500-ml-abono-para-plantas\",\"name\":\"Flourish Phosphorus 500 ml, Abono para plantas. | Acuario Supremus\",\"isPartOf\":{\"@id\":\"https:\\\/\\\/acuariosupremus.com\\\/#website\"},\"primaryImageOfPage\":{\"@id\":\"https:\\\/\\\/acuariosupremus.com\\\/?product=flourish-phosphorus-500-ml-abono-para-plantas#primaryimage\"},\"image\":{\"@id\":\"https:\\\/\\\/acuariosupremus.com\\\/?product=flourish-phosphorus-500-ml-abono-para-plantas#primaryimage\"},\"thumbnailUrl\":\"https:\\\/\\\/acuariosupremus.com\\\/wp-content\\\/uploads\\\/2022\\\/05\\\/seachem_flourish_phosphorus_03.jpg\",\"datePublished\":\"2022-05-13T22:35:53+00:00\",\"dateModified\":\"2025-12-29T23:19:23+00:00\",\"description\":\"Flourish Phosphorus TM es una soluci\u00f3n segura de fosfato pot\u00e1sico que facilita de forma \u00f3ptima la dosificaci\u00f3n del fosfato para su acuario plantado.\",\"breadcrumb\":{\"@id\":\"https:\\\/\\\/acuariosupremus.com\\\/?product=flourish-phosphorus-500-ml-abono-para-plantas#breadcrumb\"},\"inLanguage\":\"es\",\"potentialAction\":[{\"@type\":\"ReadAction\",\"target\":[\"https:\\\/\\\/acuariosupremus.com\\\/?product=flourish-phosphorus-500-ml-abono-para-plantas\"]}]},{\"@type\":\"ImageObject\",\"inLanguage\":\"es\",\"@id\":\"https:\\\/\\\/acuariosupremus.com\\\/?product=flourish-phosphorus-500-ml-abono-para-plantas#primaryimage\",\"url\":\"https:\\\/\\\/acuariosupremus.com\\\/wp-content\\\/uploads\\\/2022\\\/05\\\/seachem_flourish_phosphorus_03.jpg\",\"contentUrl\":\"https:\\\/\\\/acuariosupremus.com\\\/wp-content\\\/uploads\\\/2022\\\/05\\\/seachem_flourish_phosphorus_03.jpg\",\"width\":1250,\"height\":1250},{\"@type\":\"BreadcrumbList\",\"@id\":\"https:\\\/\\\/acuariosupremus.com\\\/?product=flourish-phosphorus-500-ml-abono-para-plantas#breadcrumb\",\"itemListElement\":[{\"@type\":\"ListItem\",\"position\":1,\"name\":\"Portada\",\"item\":\"https:\\\/\\\/acuariosupremus.com\\\/\"},{\"@type\":\"ListItem\",\"position\":2,\"name\":\"Tienda\",\"item\":\"https:\\\/\\\/acuariosupremus.com\\\/tienda\\\/\"},{\"@type\":\"ListItem\",\"position\":3,\"name\":\"Flourish Phosphorus 500 ml, Abono para plantas.\"}]},{\"@type\":\"WebSite\",\"@id\":\"https:\\\/\\\/acuariosupremus.com\\\/#website\",\"url\":\"https:\\\/\\\/acuariosupremus.com\\\/\",\"name\":\"Acuario Supremus\",\"description\":\"Peces, Peceras y Mascotas.\",\"publisher\":{\"@id\":\"https:\\\/\\\/acuariosupremus.com\\\/#organization\"},\"potentialAction\":[{\"@type\":\"SearchAction\",\"target\":{\"@type\":\"EntryPoint\",\"urlTemplate\":\"https:\\\/\\\/acuariosupremus.com\\\/?s={search_term_string}\"},\"query-input\":{\"@type\":\"PropertyValueSpecification\",\"valueRequired\":true,\"valueName\":\"search_term_string\"}}],\"inLanguage\":\"es\"},{\"@type\":\"Organization\",\"@id\":\"https:\\\/\\\/acuariosupremus.com\\\/#organization\",\"name\":\"Acuario Supremus\",\"url\":\"https:\\\/\\\/acuariosupremus.com\\\/\",\"logo\":{\"@type\":\"ImageObject\",\"inLanguage\":\"es\",\"@id\":\"https:\\\/\\\/acuariosupremus.com\\\/#\\\/schema\\\/logo\\\/image\\\/\",\"url\":\"https:\\\/\\\/acuariosupremus.com\\\/wp-content\\\/uploads\\\/2021\\\/12\\\/cropped-logo_acuario_supremus_fn-2.png\",\"contentUrl\":\"https:\\\/\\\/acuariosupremus.com\\\/wp-content\\\/uploads\\\/2021\\\/12\\\/cropped-logo_acuario_supremus_fn-2.png\",\"width\":1000,\"height\":318,\"caption\":\"Acuario Supremus\"},\"image\":{\"@id\":\"https:\\\/\\\/acuariosupremus.com\\\/#\\\/schema\\\/logo\\\/image\\\/\"},\"sameAs\":[\"https:\\\/\\\/www.facebook.com\\\/AcuarioSupremus\",\"https:\\\/\\\/x.com\\\/AcuarioSupremus\",\"https:\\\/\\\/www.instagram.com\\\/acuariosupremus\\\/?hl=es\"]}]}<\/script>\n<!-- \/ Yoast SEO plugin. -->","yoast_head_json":{"title":"Flourish Phosphorus 500 ml, Abono para plantas. | Acuario Supremus","description":"Flourish Phosphorus TM es una soluci\u00f3n segura de fosfato pot\u00e1sico que facilita de forma \u00f3ptima la dosificaci\u00f3n del fosfato para su acuario plantado.","robots":{"index":"index","follow":"follow","max-snippet":"max-snippet:-1","max-image-preview":"max-image-preview:large","max-video-preview":"max-video-preview:-1"},"canonical":"https:\/\/acuariosupremus.com\/?product=flourish-phosphorus-500-ml-abono-para-plantas","og_locale":"es_MX","og_type":"article","og_title":"Flourish Phosphorus 500 ml, Abono para plantas. | Acuario Supremus","og_description":"Flourish Phosphorus TM es una soluci\u00f3n segura de fosfato pot\u00e1sico que facilita de forma \u00f3ptima la dosificaci\u00f3n del fosfato para su acuario plantado.","og_url":"https:\/\/acuariosupremus.com\/?product=flourish-phosphorus-500-ml-abono-para-plantas","og_site_name":"Acuario Supremus","article_publisher":"https:\/\/www.facebook.com\/AcuarioSupremus","article_modified_time":"2025-12-29T23:19:23+00:00","og_image":[{"width":1250,"height":1250,"url":"https:\/\/acuariosupremus.com\/wp-content\/uploads\/2022\/05\/seachem_flourish_phosphorus_03.jpg","type":"image\/jpeg"}],"twitter_card":"summary_large_image","twitter_site":"@AcuarioSupremus","twitter_misc":{"Tiempo de lectura":"2 minutos"},"schema":{"@context":"https:\/\/schema.org","@graph":[{"@type":"WebPage","@id":"https:\/\/acuariosupremus.com\/?product=flourish-phosphorus-500-ml-abono-para-plantas","url":"https:\/\/acuariosupremus.com\/?product=flourish-phosphorus-500-ml-abono-para-plantas","name":"Flourish Phosphorus 500 ml, Abono para plantas. | Acuario Supremus","isPartOf":{"@id":"https:\/\/acuariosupremus.com\/#website"},"primaryImageOfPage":{"@id":"https:\/\/acuariosupremus.com\/?product=flourish-phosphorus-500-ml-abono-para-plantas#primaryimage"},"image":{"@id":"https:\/\/acuariosupremus.com\/?product=flourish-phosphorus-500-ml-abono-para-plantas#primaryimage"},"thumbnailUrl":"https:\/\/acuariosupremus.com\/wp-content\/uploads\/2022\/05\/seachem_flourish_phosphorus_03.jpg","datePublished":"2022-05-13T22:35:53+00:00","dateModified":"2025-12-29T23:19:23+00:00","description":"Flourish Phosphorus TM es una soluci\u00f3n segura de fosfato pot\u00e1sico que facilita de forma \u00f3ptima la dosificaci\u00f3n del fosfato para su acuario plantado.","breadcrumb":{"@id":"https:\/\/acuariosupremus.com\/?product=flourish-phosphorus-500-ml-abono-para-plantas#breadcrumb"},"inLanguage":"es","potentialAction":[{"@type":"ReadAction","target":["https:\/\/acuariosupremus.com\/?product=flourish-phosphorus-500-ml-abono-para-plantas"]}]},{"@type":"ImageObject","inLanguage":"es","@id":"https:\/\/acuariosupremus.com\/?product=flourish-phosphorus-500-ml-abono-para-plantas#primaryimage","url":"https:\/\/acuariosupremus.com\/wp-content\/uploads\/2022\/05\/seachem_flourish_phosphorus_03.jpg","contentUrl":"https:\/\/acuariosupremus.com\/wp-content\/uploads\/2022\/05\/seachem_flourish_phosphorus_03.jpg","width":1250,"height":1250},{"@type":"BreadcrumbList","@id":"https:\/\/acuariosupremus.com\/?product=flourish-phosphorus-500-ml-abono-para-plantas#breadcrumb","itemListElement":[{"@type":"ListItem","position":1,"name":"Portada","item":"https:\/\/acuariosupremus.com\/"},{"@type":"ListItem","position":2,"name":"Tienda","item":"https:\/\/acuariosupremus.com\/tienda\/"},{"@type":"ListItem","position":3,"name":"Flourish Phosphorus 500 ml, Abono para plantas."}]},{"@type":"WebSite","@id":"https:\/\/acuariosupremus.com\/#website","url":"https:\/\/acuariosupremus.com\/","name":"Acuario Supremus","description":"Peces, Peceras y Mascotas.","publisher":{"@id":"https:\/\/acuariosupremus.com\/#organization"},"potentialAction":[{"@type":"SearchAction","target":{"@type":"EntryPoint","urlTemplate":"https:\/\/acuariosupremus.com\/?s={search_term_string}"},"query-input":{"@type":"PropertyValueSpecification","valueRequired":true,"valueName":"search_term_string"}}],"inLanguage":"es"},{"@type":"Organization","@id":"https:\/\/acuariosupremus.com\/#organization","name":"Acuario Supremus","url":"https:\/\/acuariosupremus.com\/","logo":{"@type":"ImageObject","inLanguage":"es","@id":"https:\/\/acuariosupremus.com\/#\/schema\/logo\/image\/","url":"https:\/\/acuariosupremus.com\/wp-content\/uploads\/2021\/12\/cropped-logo_acuario_supremus_fn-2.png","contentUrl":"https:\/\/acuariosupremus.com\/wp-content\/uploads\/2021\/12\/cropped-logo_acuario_supremus_fn-2.png","width":1000,"height":318,"caption":"Acuario Supremus"},"image":{"@id":"https:\/\/acuariosupremus.com\/#\/schema\/logo\/image\/"},"sameAs":["https:\/\/www.facebook.com\/AcuarioSupremus","https:\/\/x.com\/AcuarioSupremus","https:\/\/www.instagram.com\/acuariosupremus\/?hl=es"]}]}},"jetpack_sharing_enabled":true,"_links":{"self":[{"href":"https:\/\/acuariosupremus.com\/index.php?rest_route=\/wp\/v2\/product\/9461","targetHints":{"allow":["GET"]}}],"collection":[{"href":"https:\/\/acuariosupremus.com\/index.php?rest_route=\/wp\/v2\/product"}],"about":[{"href":"https:\/\/acuariosupremus.com\/index.php?rest_route=\/wp\/v2\/types\/product"}],"wp:featuredmedia":[{"embeddable":true,"href":"https:\/\/acuariosupremus.com\/index.php?rest_route=\/wp\/v2\/media\/9462"}],"wp:attachment":[{"href":"https:\/\/acuariosupremus.com\/index.php?rest_route=%2Fwp%2Fv2%2Fmedia&parent=9461"}],"wp:term":[{"taxonomy":"product_brand","embeddable":true,"href":"https:\/\/acuariosupremus.com\/index.php?rest_route=%2Fwp%2Fv2%2Fproduct_brand&post=9461"},{"taxonomy":"product_cat","embeddable":true,"href":"https:\/\/acuariosupremus.com\/index.php?rest_route=%2Fwp%2Fv2%2Fproduct_cat&post=9461"},{"taxonomy":"product_tag","embeddable":true,"href":"https:\/\/acuariosupremus.com\/index.php?rest_route=%2Fwp%2Fv2%2Fproduct_tag&post=9461"}],"curies":[{"name":"wp","href":"https:\/\/api.w.org\/{rel}","templated":true}]}}