{"id":9467,"date":"2022-05-13T17:44:16","date_gmt":"2022-05-13T22:44:16","guid":{"rendered":"https:\/\/acuariosupremus.com\/?post_type=product&#038;p=9467"},"modified":"2025-12-29T17:19:46","modified_gmt":"2025-12-29T23:19:46","slug":"equilibrium-300-g-reposicion-de-electrolitos","status":"publish","type":"product","link":"https:\/\/acuariosupremus.com\/?product=equilibrium-300-g-reposicion-de-electrolitos","title":{"rendered":"Equilibrium 300 g, Reposici\u00f3n de Electrolitos."},"content":{"rendered":"<p>Equilibrium \u2122 es ideal para usarlo con agua tratada por \u00f3smosis inversa, desionizada o bien aquellas aguas muy pobres en minerales. Equilibrium \u2122 aumenta el contenido de minerales y electrolitos esenciales (dureza General) del agua para equilibrar y promover la estabilidad de la dureza de carbonatos. Para mantener un KH \u00f3ptimo, recomendamos Alkaline Buffer \u2122. A diferencia de los productos de la competencia, Equilibrium \u2122 no contiene cloruro de sodio. El sodio y el cloruro no son elementos r\u00e1pidamente agotados en un acuario plantado y en el caso de cloruro, pueden hacer m\u00e1s da\u00f1o que bien. Los productos competidores generalmente contienen principalmente cloruro de sodio (porque es m\u00e1s barato) y eleva los niveles de electrolitos para los peces, pero puede ser muy perjudicial para el crecimiento de las plantas. Adem\u00e1s, el sodio no es un cati\u00f3n que contribuye a los niveles de GH. Equilibrium\u2122 contiene \u00fanicamente sales de calcio, magnesio y potasio. Estas sales ayudan en el metabolismo de peces, pero tambi\u00e9n son altamente beneficiosas para el crecimiento de las plantas.<\/p>\n<p>Producto: Equilibrium 300 g. Tama\u00f1o: 60 x 60 x 122 mm. (l x a x h), Peso: 0.365 (Kg.).<\/p>\n<p>&nbsp;<\/p>\n","protected":false},"excerpt":{"rendered":"<p>Equilibrium\u2122 est\u00e1 dise\u00f1ado espec\u00edficamente para establecer el contenido mineral ideal para los acuarios plantados. Equilibrium \u2122 no contiene sodio o cloruros, que en niveles elevados pueden ser perjudiciales para un acuario plantado<\/p>\n","protected":false},"featured_media":9468,"template":"","meta":[],"product_brand":[123],"product_cat":[40,56],"product_tag":[832,552,831],"class_list":{"0":"post-9467","1":"product","2":"type-product","3":"status-publish","4":"has-post-thumbnail","6":"product_brand-seachem","7":"product_cat-peces","8":"product_cat-plantas-naturales","9":"product_tag-equilibrium","10":"product_tag-fertilizante-plantas-acuaticas","11":"product_tag-reposicion-de-electrolitos-plantas","13":"first","14":"instock","15":"sale","16":"shipping-taxable","17":"purchasable","18":"product-type-simple"},"yoast_head":"<!-- This site is optimized with the Yoast SEO plugin v27.4 - https:\/\/yoast.com\/product\/yoast-seo-wordpress\/ -->\n<title>Equilibrium 300 g, Reposici\u00f3n de Electrolitos. | Acuario Supremus<\/title>\n<meta name=\"description\" content=\"Equilibrium\u2122 est\u00e1 dise\u00f1ado espec\u00edficamente para establecer el contenido mineral ideal para los acuarios plantados, no contiene sodio o cloruros.\" \/>\n<meta name=\"robots\" content=\"index, follow, max-snippet:-1, max-image-preview:large, max-video-preview:-1\" \/>\n<link rel=\"canonical\" href=\"https:\/\/acuariosupremus.com\/?product=equilibrium-300-g-reposicion-de-electrolitos\" \/>\n<meta property=\"og:locale\" content=\"es_MX\" \/>\n<meta property=\"og:type\" content=\"article\" \/>\n<meta property=\"og:title\" content=\"Equilibrium 300 g, Reposici\u00f3n de Electrolitos. | Acuario Supremus\" \/>\n<meta property=\"og:description\" content=\"Equilibrium\u2122 est\u00e1 dise\u00f1ado espec\u00edficamente para establecer el contenido mineral ideal para los acuarios plantados, no contiene sodio o cloruros.\" \/>\n<meta property=\"og:url\" content=\"https:\/\/acuariosupremus.com\/?product=equilibrium-300-g-reposicion-de-electrolitos\" \/>\n<meta property=\"og:site_name\" content=\"Acuario Supremus\" \/>\n<meta property=\"article:publisher\" content=\"https:\/\/www.facebook.com\/AcuarioSupremus\" \/>\n<meta property=\"article:modified_time\" content=\"2025-12-29T23:19:46+00:00\" \/>\n<meta property=\"og:image\" content=\"https:\/\/acuariosupremus.com\/wp-content\/uploads\/2022\/05\/seachem_equilibrium_01.jpg\" \/>\n\t<meta property=\"og:image:width\" content=\"1250\" \/>\n\t<meta property=\"og:image:height\" content=\"1250\" \/>\n\t<meta property=\"og:image:type\" content=\"image\/jpeg\" \/>\n<meta name=\"twitter:card\" content=\"summary_large_image\" \/>\n<meta name=\"twitter:site\" content=\"@AcuarioSupremus\" \/>\n<meta name=\"twitter:label1\" content=\"Tiempo de lectura\" \/>\n\t<meta name=\"twitter:data1\" content=\"1 minuto\" \/>\n<script type=\"application\/ld+json\" class=\"yoast-schema-graph\">{\"@context\":\"https:\\\/\\\/schema.org\",\"@graph\":[{\"@type\":\"WebPage\",\"@id\":\"https:\\\/\\\/acuariosupremus.com\\\/?product=equilibrium-300-g-reposicion-de-electrolitos\",\"url\":\"https:\\\/\\\/acuariosupremus.com\\\/?product=equilibrium-300-g-reposicion-de-electrolitos\",\"name\":\"Equilibrium 300 g, Reposici\u00f3n de Electrolitos. | Acuario Supremus\",\"isPartOf\":{\"@id\":\"https:\\\/\\\/acuariosupremus.com\\\/#website\"},\"primaryImageOfPage\":{\"@id\":\"https:\\\/\\\/acuariosupremus.com\\\/?product=equilibrium-300-g-reposicion-de-electrolitos#primaryimage\"},\"image\":{\"@id\":\"https:\\\/\\\/acuariosupremus.com\\\/?product=equilibrium-300-g-reposicion-de-electrolitos#primaryimage\"},\"thumbnailUrl\":\"https:\\\/\\\/acuariosupremus.com\\\/wp-content\\\/uploads\\\/2022\\\/05\\\/seachem_equilibrium_01.jpg\",\"datePublished\":\"2022-05-13T22:44:16+00:00\",\"dateModified\":\"2025-12-29T23:19:46+00:00\",\"description\":\"Equilibrium\u2122 est\u00e1 dise\u00f1ado espec\u00edficamente para establecer el contenido mineral ideal para los acuarios plantados, no contiene sodio o cloruros.\",\"breadcrumb\":{\"@id\":\"https:\\\/\\\/acuariosupremus.com\\\/?product=equilibrium-300-g-reposicion-de-electrolitos#breadcrumb\"},\"inLanguage\":\"es\",\"potentialAction\":[{\"@type\":\"ReadAction\",\"target\":[\"https:\\\/\\\/acuariosupremus.com\\\/?product=equilibrium-300-g-reposicion-de-electrolitos\"]}]},{\"@type\":\"ImageObject\",\"inLanguage\":\"es\",\"@id\":\"https:\\\/\\\/acuariosupremus.com\\\/?product=equilibrium-300-g-reposicion-de-electrolitos#primaryimage\",\"url\":\"https:\\\/\\\/acuariosupremus.com\\\/wp-content\\\/uploads\\\/2022\\\/05\\\/seachem_equilibrium_01.jpg\",\"contentUrl\":\"https:\\\/\\\/acuariosupremus.com\\\/wp-content\\\/uploads\\\/2022\\\/05\\\/seachem_equilibrium_01.jpg\",\"width\":1250,\"height\":1250},{\"@type\":\"BreadcrumbList\",\"@id\":\"https:\\\/\\\/acuariosupremus.com\\\/?product=equilibrium-300-g-reposicion-de-electrolitos#breadcrumb\",\"itemListElement\":[{\"@type\":\"ListItem\",\"position\":1,\"name\":\"Portada\",\"item\":\"https:\\\/\\\/acuariosupremus.com\\\/\"},{\"@type\":\"ListItem\",\"position\":2,\"name\":\"Tienda\",\"item\":\"https:\\\/\\\/acuariosupremus.com\\\/tienda\\\/\"},{\"@type\":\"ListItem\",\"position\":3,\"name\":\"Equilibrium 300 g, Reposici\u00f3n de Electrolitos.\"}]},{\"@type\":\"WebSite\",\"@id\":\"https:\\\/\\\/acuariosupremus.com\\\/#website\",\"url\":\"https:\\\/\\\/acuariosupremus.com\\\/\",\"name\":\"Acuario Supremus\",\"description\":\"Peces, Peceras y Mascotas.\",\"publisher\":{\"@id\":\"https:\\\/\\\/acuariosupremus.com\\\/#organization\"},\"potentialAction\":[{\"@type\":\"SearchAction\",\"target\":{\"@type\":\"EntryPoint\",\"urlTemplate\":\"https:\\\/\\\/acuariosupremus.com\\\/?s={search_term_string}\"},\"query-input\":{\"@type\":\"PropertyValueSpecification\",\"valueRequired\":true,\"valueName\":\"search_term_string\"}}],\"inLanguage\":\"es\"},{\"@type\":\"Organization\",\"@id\":\"https:\\\/\\\/acuariosupremus.com\\\/#organization\",\"name\":\"Acuario Supremus\",\"url\":\"https:\\\/\\\/acuariosupremus.com\\\/\",\"logo\":{\"@type\":\"ImageObject\",\"inLanguage\":\"es\",\"@id\":\"https:\\\/\\\/acuariosupremus.com\\\/#\\\/schema\\\/logo\\\/image\\\/\",\"url\":\"https:\\\/\\\/acuariosupremus.com\\\/wp-content\\\/uploads\\\/2021\\\/12\\\/cropped-logo_acuario_supremus_fn-2.png\",\"contentUrl\":\"https:\\\/\\\/acuariosupremus.com\\\/wp-content\\\/uploads\\\/2021\\\/12\\\/cropped-logo_acuario_supremus_fn-2.png\",\"width\":1000,\"height\":318,\"caption\":\"Acuario Supremus\"},\"image\":{\"@id\":\"https:\\\/\\\/acuariosupremus.com\\\/#\\\/schema\\\/logo\\\/image\\\/\"},\"sameAs\":[\"https:\\\/\\\/www.facebook.com\\\/AcuarioSupremus\",\"https:\\\/\\\/x.com\\\/AcuarioSupremus\",\"https:\\\/\\\/www.instagram.com\\\/acuariosupremus\\\/?hl=es\"]}]}<\/script>\n<!-- \/ Yoast SEO plugin. -->","yoast_head_json":{"title":"Equilibrium 300 g, Reposici\u00f3n de Electrolitos. | Acuario Supremus","description":"Equilibrium\u2122 est\u00e1 dise\u00f1ado espec\u00edficamente para establecer el contenido mineral ideal para los acuarios plantados, no contiene sodio o cloruros.","robots":{"index":"index","follow":"follow","max-snippet":"max-snippet:-1","max-image-preview":"max-image-preview:large","max-video-preview":"max-video-preview:-1"},"canonical":"https:\/\/acuariosupremus.com\/?product=equilibrium-300-g-reposicion-de-electrolitos","og_locale":"es_MX","og_type":"article","og_title":"Equilibrium 300 g, Reposici\u00f3n de Electrolitos. | Acuario Supremus","og_description":"Equilibrium\u2122 est\u00e1 dise\u00f1ado espec\u00edficamente para establecer el contenido mineral ideal para los acuarios plantados, no contiene sodio o cloruros.","og_url":"https:\/\/acuariosupremus.com\/?product=equilibrium-300-g-reposicion-de-electrolitos","og_site_name":"Acuario Supremus","article_publisher":"https:\/\/www.facebook.com\/AcuarioSupremus","article_modified_time":"2025-12-29T23:19:46+00:00","og_image":[{"width":1250,"height":1250,"url":"https:\/\/acuariosupremus.com\/wp-content\/uploads\/2022\/05\/seachem_equilibrium_01.jpg","type":"image\/jpeg"}],"twitter_card":"summary_large_image","twitter_site":"@AcuarioSupremus","twitter_misc":{"Tiempo de lectura":"1 minuto"},"schema":{"@context":"https:\/\/schema.org","@graph":[{"@type":"WebPage","@id":"https:\/\/acuariosupremus.com\/?product=equilibrium-300-g-reposicion-de-electrolitos","url":"https:\/\/acuariosupremus.com\/?product=equilibrium-300-g-reposicion-de-electrolitos","name":"Equilibrium 300 g, Reposici\u00f3n de Electrolitos. | Acuario Supremus","isPartOf":{"@id":"https:\/\/acuariosupremus.com\/#website"},"primaryImageOfPage":{"@id":"https:\/\/acuariosupremus.com\/?product=equilibrium-300-g-reposicion-de-electrolitos#primaryimage"},"image":{"@id":"https:\/\/acuariosupremus.com\/?product=equilibrium-300-g-reposicion-de-electrolitos#primaryimage"},"thumbnailUrl":"https:\/\/acuariosupremus.com\/wp-content\/uploads\/2022\/05\/seachem_equilibrium_01.jpg","datePublished":"2022-05-13T22:44:16+00:00","dateModified":"2025-12-29T23:19:46+00:00","description":"Equilibrium\u2122 est\u00e1 dise\u00f1ado espec\u00edficamente para establecer el contenido mineral ideal para los acuarios plantados, no contiene sodio o cloruros.","breadcrumb":{"@id":"https:\/\/acuariosupremus.com\/?product=equilibrium-300-g-reposicion-de-electrolitos#breadcrumb"},"inLanguage":"es","potentialAction":[{"@type":"ReadAction","target":["https:\/\/acuariosupremus.com\/?product=equilibrium-300-g-reposicion-de-electrolitos"]}]},{"@type":"ImageObject","inLanguage":"es","@id":"https:\/\/acuariosupremus.com\/?product=equilibrium-300-g-reposicion-de-electrolitos#primaryimage","url":"https:\/\/acuariosupremus.com\/wp-content\/uploads\/2022\/05\/seachem_equilibrium_01.jpg","contentUrl":"https:\/\/acuariosupremus.com\/wp-content\/uploads\/2022\/05\/seachem_equilibrium_01.jpg","width":1250,"height":1250},{"@type":"BreadcrumbList","@id":"https:\/\/acuariosupremus.com\/?product=equilibrium-300-g-reposicion-de-electrolitos#breadcrumb","itemListElement":[{"@type":"ListItem","position":1,"name":"Portada","item":"https:\/\/acuariosupremus.com\/"},{"@type":"ListItem","position":2,"name":"Tienda","item":"https:\/\/acuariosupremus.com\/tienda\/"},{"@type":"ListItem","position":3,"name":"Equilibrium 300 g, Reposici\u00f3n de Electrolitos."}]},{"@type":"WebSite","@id":"https:\/\/acuariosupremus.com\/#website","url":"https:\/\/acuariosupremus.com\/","name":"Acuario Supremus","description":"Peces, Peceras y Mascotas.","publisher":{"@id":"https:\/\/acuariosupremus.com\/#organization"},"potentialAction":[{"@type":"SearchAction","target":{"@type":"EntryPoint","urlTemplate":"https:\/\/acuariosupremus.com\/?s={search_term_string}"},"query-input":{"@type":"PropertyValueSpecification","valueRequired":true,"valueName":"search_term_string"}}],"inLanguage":"es"},{"@type":"Organization","@id":"https:\/\/acuariosupremus.com\/#organization","name":"Acuario Supremus","url":"https:\/\/acuariosupremus.com\/","logo":{"@type":"ImageObject","inLanguage":"es","@id":"https:\/\/acuariosupremus.com\/#\/schema\/logo\/image\/","url":"https:\/\/acuariosupremus.com\/wp-content\/uploads\/2021\/12\/cropped-logo_acuario_supremus_fn-2.png","contentUrl":"https:\/\/acuariosupremus.com\/wp-content\/uploads\/2021\/12\/cropped-logo_acuario_supremus_fn-2.png","width":1000,"height":318,"caption":"Acuario Supremus"},"image":{"@id":"https:\/\/acuariosupremus.com\/#\/schema\/logo\/image\/"},"sameAs":["https:\/\/www.facebook.com\/AcuarioSupremus","https:\/\/x.com\/AcuarioSupremus","https:\/\/www.instagram.com\/acuariosupremus\/?hl=es"]}]}},"jetpack_sharing_enabled":true,"_links":{"self":[{"href":"https:\/\/acuariosupremus.com\/index.php?rest_route=\/wp\/v2\/product\/9467","targetHints":{"allow":["GET"]}}],"collection":[{"href":"https:\/\/acuariosupremus.com\/index.php?rest_route=\/wp\/v2\/product"}],"about":[{"href":"https:\/\/acuariosupremus.com\/index.php?rest_route=\/wp\/v2\/types\/product"}],"wp:featuredmedia":[{"embeddable":true,"href":"https:\/\/acuariosupremus.com\/index.php?rest_route=\/wp\/v2\/media\/9468"}],"wp:attachment":[{"href":"https:\/\/acuariosupremus.com\/index.php?rest_route=%2Fwp%2Fv2%2Fmedia&parent=9467"}],"wp:term":[{"taxonomy":"product_brand","embeddable":true,"href":"https:\/\/acuariosupremus.com\/index.php?rest_route=%2Fwp%2Fv2%2Fproduct_brand&post=9467"},{"taxonomy":"product_cat","embeddable":true,"href":"https:\/\/acuariosupremus.com\/index.php?rest_route=%2Fwp%2Fv2%2Fproduct_cat&post=9467"},{"taxonomy":"product_tag","embeddable":true,"href":"https:\/\/acuariosupremus.com\/index.php?rest_route=%2Fwp%2Fv2%2Fproduct_tag&post=9467"}],"curies":[{"name":"wp","href":"https:\/\/api.w.org\/{rel}","templated":true}]}}