{"id":9471,"date":"2022-05-13T17:48:39","date_gmt":"2022-05-13T22:48:39","guid":{"rendered":"https:\/\/acuariosupremus.com\/?post_type=product&#038;p=9471"},"modified":"2025-12-29T17:20:26","modified_gmt":"2025-12-29T23:20:26","slug":"flourish-excel-250-ml-aditivo-de-co2","status":"publish","type":"product","link":"https:\/\/acuariosupremus.com\/?product=flourish-excel-250-ml-aditivo-de-co2","title":{"rendered":"Flourish Excel 250 ml, Aditivo de CO2."},"content":{"rendered":"<p>El uso de inyecci\u00f3n de CO2 no hace innecesaria la utilizaci\u00f3n de Flourish Excel\u2122 y viceversa, ya que los procesos de producci\u00f3n fotosint\u00e9ticos intermedios se producen simult\u00e1neamente sobre las plantas. De este modo podemos obtener un beneficio sustancial con el uso de Flourish Excel\u2122 solo o en combinaci\u00f3n con un m\u00e9todo de inyecci\u00f3n de CO2. Esta combinaci\u00f3n sin\u00e9rgica resulta especialmente ideal para aquellas situaciones en las que continuar a\u00f1adiendo CO2 puede dar como resultado niveles peligrosamente bajos de pH. Flourish Excel\u2122 tambi\u00e9n tiene propiedades reductivas del hierro que promueven el estado ferroso de este nutriente esencial (Fe+2), que es utilizado por las plantas de forma m\u00e1s accesible y eficiente que el hierro en estado f\u00e9rrico (Fe +3). Las plantas necesitan CO2 para producir largas cadenas de compuestos con base de carbono tambi\u00e9n conocidos como intermediarios fotosint\u00e9ticos de plantas. Estos compuestos tales como la ribulosa 1, 5-bifosfato y 2-carboxy-3-keto-D-arabinitol 1,5 bifosfato presentan nombres complicados, aunque sus estructuras qu\u00edmicas son bastante simples (5 cadenas de carbono). Flourish Excel\u2122 no contiene estos compuestos espec\u00edficos, pero s\u00ed uno que es bastante similar. Dosificando Flourish Excel\u2122 puede omitir el uso de CO2 introduciendo compuestos estructuralmente similares ya terminados y listos para la absorci\u00f3n de plantas. La similitud estructural de Flourish Excel\u2122 permite que sea utilizado en los procesos de construcci\u00f3n de cadenas de carbono de la fotos\u00edntesis. Mediante simples procesos qu\u00edmicos o enzim\u00e1ticos las plantas pueden convertir f\u00e1cilmente Flourish Excel\u2122 en cualquiera de los compuestos arriba mencionados y otros m\u00e1s.<\/p>\n<p>Producto: Flourish Excel 250ml. Tama\u00f1o: 50 x 50 x 163 mm. (l x a x h), Peso: 0.300 (Kg.).<\/p>\n<p>&nbsp;<\/p>\n","protected":false},"excerpt":{"rendered":"<p>Flourish Excel\u2122 es una fuente de carbono org\u00e1nico biodisponible para las platas de acuario. Todas las plantas requieren una fuente de carbono que normalmente se obtiene del CO2, pero tambi\u00e9n puede ser obtenido derivando ciertos compuestos org\u00e1nicos simples llamados intermediarios fotosint\u00e9ticos.<\/p>\n","protected":false},"featured_media":9472,"template":"","meta":[],"product_brand":[123],"product_cat":[40,56],"product_tag":[552,833,596,604],"class_list":{"0":"post-9471","1":"product","2":"type-product","3":"status-publish","4":"has-post-thumbnail","6":"product_brand-seachem","7":"product_cat-peces","8":"product_cat-plantas-naturales","9":"product_tag-fertilizante-plantas-acuaticas","10":"product_tag-flourish-excel","11":"product_tag-sustituto-de-co2-liquido","12":"product_tag-sustituto-de-co2-liquido-plus","14":"first","15":"instock","16":"sale","17":"shipping-taxable","18":"purchasable","19":"product-type-simple"},"yoast_head":"<!-- This site is optimized with the Yoast SEO plugin v27.4 - https:\/\/yoast.com\/product\/yoast-seo-wordpress\/ -->\n<title>Flourish Excel 250 ml, Aditivo de CO2. | Acuario Supremus<\/title>\n<meta name=\"description\" content=\"Flourish Excel\u2122 es una fuente de carbono org\u00e1nico biodisponible para las platas de acuario.compuestos org\u00e1nicos simples llamados intermediarios fotosint\u00e9ticos.\" \/>\n<meta name=\"robots\" content=\"index, follow, max-snippet:-1, max-image-preview:large, max-video-preview:-1\" \/>\n<link rel=\"canonical\" href=\"https:\/\/acuariosupremus.com\/?product=flourish-excel-250-ml-aditivo-de-co2\" \/>\n<meta property=\"og:locale\" content=\"es_MX\" \/>\n<meta property=\"og:type\" content=\"article\" \/>\n<meta property=\"og:title\" content=\"Flourish Excel 250 ml, Aditivo de CO2. | Acuario Supremus\" \/>\n<meta property=\"og:description\" content=\"Flourish Excel\u2122 es una fuente de carbono org\u00e1nico biodisponible para las platas de acuario.compuestos org\u00e1nicos simples llamados intermediarios fotosint\u00e9ticos.\" \/>\n<meta property=\"og:url\" content=\"https:\/\/acuariosupremus.com\/?product=flourish-excel-250-ml-aditivo-de-co2\" \/>\n<meta property=\"og:site_name\" content=\"Acuario Supremus\" \/>\n<meta property=\"article:publisher\" content=\"https:\/\/www.facebook.com\/AcuarioSupremus\" \/>\n<meta property=\"article:modified_time\" content=\"2025-12-29T23:20:26+00:00\" \/>\n<meta property=\"og:image\" content=\"https:\/\/acuariosupremus.com\/wp-content\/uploads\/2022\/05\/seachem_flourish_excel_01.jpg\" \/>\n\t<meta property=\"og:image:width\" content=\"1250\" \/>\n\t<meta property=\"og:image:height\" content=\"1250\" \/>\n\t<meta property=\"og:image:type\" content=\"image\/jpeg\" \/>\n<meta name=\"twitter:card\" content=\"summary_large_image\" \/>\n<meta name=\"twitter:site\" content=\"@AcuarioSupremus\" \/>\n<meta name=\"twitter:label1\" content=\"Tiempo de lectura\" \/>\n\t<meta name=\"twitter:data1\" content=\"2 minutos\" \/>\n<script type=\"application\/ld+json\" class=\"yoast-schema-graph\">{\"@context\":\"https:\\\/\\\/schema.org\",\"@graph\":[{\"@type\":\"WebPage\",\"@id\":\"https:\\\/\\\/acuariosupremus.com\\\/?product=flourish-excel-250-ml-aditivo-de-co2\",\"url\":\"https:\\\/\\\/acuariosupremus.com\\\/?product=flourish-excel-250-ml-aditivo-de-co2\",\"name\":\"Flourish Excel 250 ml, Aditivo de CO2. | Acuario Supremus\",\"isPartOf\":{\"@id\":\"https:\\\/\\\/acuariosupremus.com\\\/#website\"},\"primaryImageOfPage\":{\"@id\":\"https:\\\/\\\/acuariosupremus.com\\\/?product=flourish-excel-250-ml-aditivo-de-co2#primaryimage\"},\"image\":{\"@id\":\"https:\\\/\\\/acuariosupremus.com\\\/?product=flourish-excel-250-ml-aditivo-de-co2#primaryimage\"},\"thumbnailUrl\":\"https:\\\/\\\/acuariosupremus.com\\\/wp-content\\\/uploads\\\/2022\\\/05\\\/seachem_flourish_excel_01.jpg\",\"datePublished\":\"2022-05-13T22:48:39+00:00\",\"dateModified\":\"2025-12-29T23:20:26+00:00\",\"description\":\"Flourish Excel\u2122 es una fuente de carbono org\u00e1nico biodisponible para las platas de acuario.compuestos org\u00e1nicos simples llamados intermediarios fotosint\u00e9ticos.\",\"breadcrumb\":{\"@id\":\"https:\\\/\\\/acuariosupremus.com\\\/?product=flourish-excel-250-ml-aditivo-de-co2#breadcrumb\"},\"inLanguage\":\"es\",\"potentialAction\":[{\"@type\":\"ReadAction\",\"target\":[\"https:\\\/\\\/acuariosupremus.com\\\/?product=flourish-excel-250-ml-aditivo-de-co2\"]}]},{\"@type\":\"ImageObject\",\"inLanguage\":\"es\",\"@id\":\"https:\\\/\\\/acuariosupremus.com\\\/?product=flourish-excel-250-ml-aditivo-de-co2#primaryimage\",\"url\":\"https:\\\/\\\/acuariosupremus.com\\\/wp-content\\\/uploads\\\/2022\\\/05\\\/seachem_flourish_excel_01.jpg\",\"contentUrl\":\"https:\\\/\\\/acuariosupremus.com\\\/wp-content\\\/uploads\\\/2022\\\/05\\\/seachem_flourish_excel_01.jpg\",\"width\":1250,\"height\":1250},{\"@type\":\"BreadcrumbList\",\"@id\":\"https:\\\/\\\/acuariosupremus.com\\\/?product=flourish-excel-250-ml-aditivo-de-co2#breadcrumb\",\"itemListElement\":[{\"@type\":\"ListItem\",\"position\":1,\"name\":\"Portada\",\"item\":\"https:\\\/\\\/acuariosupremus.com\\\/\"},{\"@type\":\"ListItem\",\"position\":2,\"name\":\"Tienda\",\"item\":\"https:\\\/\\\/acuariosupremus.com\\\/tienda\\\/\"},{\"@type\":\"ListItem\",\"position\":3,\"name\":\"Flourish Excel 250 ml, Aditivo de CO2.\"}]},{\"@type\":\"WebSite\",\"@id\":\"https:\\\/\\\/acuariosupremus.com\\\/#website\",\"url\":\"https:\\\/\\\/acuariosupremus.com\\\/\",\"name\":\"Acuario Supremus\",\"description\":\"Peces, Peceras y Mascotas.\",\"publisher\":{\"@id\":\"https:\\\/\\\/acuariosupremus.com\\\/#organization\"},\"potentialAction\":[{\"@type\":\"SearchAction\",\"target\":{\"@type\":\"EntryPoint\",\"urlTemplate\":\"https:\\\/\\\/acuariosupremus.com\\\/?s={search_term_string}\"},\"query-input\":{\"@type\":\"PropertyValueSpecification\",\"valueRequired\":true,\"valueName\":\"search_term_string\"}}],\"inLanguage\":\"es\"},{\"@type\":\"Organization\",\"@id\":\"https:\\\/\\\/acuariosupremus.com\\\/#organization\",\"name\":\"Acuario Supremus\",\"url\":\"https:\\\/\\\/acuariosupremus.com\\\/\",\"logo\":{\"@type\":\"ImageObject\",\"inLanguage\":\"es\",\"@id\":\"https:\\\/\\\/acuariosupremus.com\\\/#\\\/schema\\\/logo\\\/image\\\/\",\"url\":\"https:\\\/\\\/acuariosupremus.com\\\/wp-content\\\/uploads\\\/2021\\\/12\\\/cropped-logo_acuario_supremus_fn-2.png\",\"contentUrl\":\"https:\\\/\\\/acuariosupremus.com\\\/wp-content\\\/uploads\\\/2021\\\/12\\\/cropped-logo_acuario_supremus_fn-2.png\",\"width\":1000,\"height\":318,\"caption\":\"Acuario Supremus\"},\"image\":{\"@id\":\"https:\\\/\\\/acuariosupremus.com\\\/#\\\/schema\\\/logo\\\/image\\\/\"},\"sameAs\":[\"https:\\\/\\\/www.facebook.com\\\/AcuarioSupremus\",\"https:\\\/\\\/x.com\\\/AcuarioSupremus\",\"https:\\\/\\\/www.instagram.com\\\/acuariosupremus\\\/?hl=es\"]}]}<\/script>\n<!-- \/ Yoast SEO plugin. -->","yoast_head_json":{"title":"Flourish Excel 250 ml, Aditivo de CO2. | Acuario Supremus","description":"Flourish Excel\u2122 es una fuente de carbono org\u00e1nico biodisponible para las platas de acuario.compuestos org\u00e1nicos simples llamados intermediarios fotosint\u00e9ticos.","robots":{"index":"index","follow":"follow","max-snippet":"max-snippet:-1","max-image-preview":"max-image-preview:large","max-video-preview":"max-video-preview:-1"},"canonical":"https:\/\/acuariosupremus.com\/?product=flourish-excel-250-ml-aditivo-de-co2","og_locale":"es_MX","og_type":"article","og_title":"Flourish Excel 250 ml, Aditivo de CO2. | Acuario Supremus","og_description":"Flourish Excel\u2122 es una fuente de carbono org\u00e1nico biodisponible para las platas de acuario.compuestos org\u00e1nicos simples llamados intermediarios fotosint\u00e9ticos.","og_url":"https:\/\/acuariosupremus.com\/?product=flourish-excel-250-ml-aditivo-de-co2","og_site_name":"Acuario Supremus","article_publisher":"https:\/\/www.facebook.com\/AcuarioSupremus","article_modified_time":"2025-12-29T23:20:26+00:00","og_image":[{"width":1250,"height":1250,"url":"https:\/\/acuariosupremus.com\/wp-content\/uploads\/2022\/05\/seachem_flourish_excel_01.jpg","type":"image\/jpeg"}],"twitter_card":"summary_large_image","twitter_site":"@AcuarioSupremus","twitter_misc":{"Tiempo de lectura":"2 minutos"},"schema":{"@context":"https:\/\/schema.org","@graph":[{"@type":"WebPage","@id":"https:\/\/acuariosupremus.com\/?product=flourish-excel-250-ml-aditivo-de-co2","url":"https:\/\/acuariosupremus.com\/?product=flourish-excel-250-ml-aditivo-de-co2","name":"Flourish Excel 250 ml, Aditivo de CO2. | Acuario Supremus","isPartOf":{"@id":"https:\/\/acuariosupremus.com\/#website"},"primaryImageOfPage":{"@id":"https:\/\/acuariosupremus.com\/?product=flourish-excel-250-ml-aditivo-de-co2#primaryimage"},"image":{"@id":"https:\/\/acuariosupremus.com\/?product=flourish-excel-250-ml-aditivo-de-co2#primaryimage"},"thumbnailUrl":"https:\/\/acuariosupremus.com\/wp-content\/uploads\/2022\/05\/seachem_flourish_excel_01.jpg","datePublished":"2022-05-13T22:48:39+00:00","dateModified":"2025-12-29T23:20:26+00:00","description":"Flourish Excel\u2122 es una fuente de carbono org\u00e1nico biodisponible para las platas de acuario.compuestos org\u00e1nicos simples llamados intermediarios fotosint\u00e9ticos.","breadcrumb":{"@id":"https:\/\/acuariosupremus.com\/?product=flourish-excel-250-ml-aditivo-de-co2#breadcrumb"},"inLanguage":"es","potentialAction":[{"@type":"ReadAction","target":["https:\/\/acuariosupremus.com\/?product=flourish-excel-250-ml-aditivo-de-co2"]}]},{"@type":"ImageObject","inLanguage":"es","@id":"https:\/\/acuariosupremus.com\/?product=flourish-excel-250-ml-aditivo-de-co2#primaryimage","url":"https:\/\/acuariosupremus.com\/wp-content\/uploads\/2022\/05\/seachem_flourish_excel_01.jpg","contentUrl":"https:\/\/acuariosupremus.com\/wp-content\/uploads\/2022\/05\/seachem_flourish_excel_01.jpg","width":1250,"height":1250},{"@type":"BreadcrumbList","@id":"https:\/\/acuariosupremus.com\/?product=flourish-excel-250-ml-aditivo-de-co2#breadcrumb","itemListElement":[{"@type":"ListItem","position":1,"name":"Portada","item":"https:\/\/acuariosupremus.com\/"},{"@type":"ListItem","position":2,"name":"Tienda","item":"https:\/\/acuariosupremus.com\/tienda\/"},{"@type":"ListItem","position":3,"name":"Flourish Excel 250 ml, Aditivo de CO2."}]},{"@type":"WebSite","@id":"https:\/\/acuariosupremus.com\/#website","url":"https:\/\/acuariosupremus.com\/","name":"Acuario Supremus","description":"Peces, Peceras y Mascotas.","publisher":{"@id":"https:\/\/acuariosupremus.com\/#organization"},"potentialAction":[{"@type":"SearchAction","target":{"@type":"EntryPoint","urlTemplate":"https:\/\/acuariosupremus.com\/?s={search_term_string}"},"query-input":{"@type":"PropertyValueSpecification","valueRequired":true,"valueName":"search_term_string"}}],"inLanguage":"es"},{"@type":"Organization","@id":"https:\/\/acuariosupremus.com\/#organization","name":"Acuario Supremus","url":"https:\/\/acuariosupremus.com\/","logo":{"@type":"ImageObject","inLanguage":"es","@id":"https:\/\/acuariosupremus.com\/#\/schema\/logo\/image\/","url":"https:\/\/acuariosupremus.com\/wp-content\/uploads\/2021\/12\/cropped-logo_acuario_supremus_fn-2.png","contentUrl":"https:\/\/acuariosupremus.com\/wp-content\/uploads\/2021\/12\/cropped-logo_acuario_supremus_fn-2.png","width":1000,"height":318,"caption":"Acuario Supremus"},"image":{"@id":"https:\/\/acuariosupremus.com\/#\/schema\/logo\/image\/"},"sameAs":["https:\/\/www.facebook.com\/AcuarioSupremus","https:\/\/x.com\/AcuarioSupremus","https:\/\/www.instagram.com\/acuariosupremus\/?hl=es"]}]}},"jetpack_sharing_enabled":true,"_links":{"self":[{"href":"https:\/\/acuariosupremus.com\/index.php?rest_route=\/wp\/v2\/product\/9471","targetHints":{"allow":["GET"]}}],"collection":[{"href":"https:\/\/acuariosupremus.com\/index.php?rest_route=\/wp\/v2\/product"}],"about":[{"href":"https:\/\/acuariosupremus.com\/index.php?rest_route=\/wp\/v2\/types\/product"}],"wp:featuredmedia":[{"embeddable":true,"href":"https:\/\/acuariosupremus.com\/index.php?rest_route=\/wp\/v2\/media\/9472"}],"wp:attachment":[{"href":"https:\/\/acuariosupremus.com\/index.php?rest_route=%2Fwp%2Fv2%2Fmedia&parent=9471"}],"wp:term":[{"taxonomy":"product_brand","embeddable":true,"href":"https:\/\/acuariosupremus.com\/index.php?rest_route=%2Fwp%2Fv2%2Fproduct_brand&post=9471"},{"taxonomy":"product_cat","embeddable":true,"href":"https:\/\/acuariosupremus.com\/index.php?rest_route=%2Fwp%2Fv2%2Fproduct_cat&post=9471"},{"taxonomy":"product_tag","embeddable":true,"href":"https:\/\/acuariosupremus.com\/index.php?rest_route=%2Fwp%2Fv2%2Fproduct_tag&post=9471"}],"curies":[{"name":"wp","href":"https:\/\/api.w.org\/{rel}","templated":true}]}}