{"id":9499,"date":"2022-05-13T19:14:31","date_gmt":"2022-05-14T00:14:31","guid":{"rendered":"https:\/\/acuariosupremus.com\/?post_type=product&#038;p=9499"},"modified":"2025-12-29T17:28:44","modified_gmt":"2025-12-29T23:28:44","slug":"flourish-tabs-40-tabletas-abono-para-plantas","status":"publish","type":"product","link":"https:\/\/acuariosupremus.com\/?product=flourish-tabs-40-tabletas-abono-para-plantas","title":{"rendered":"Flourish Tabs 40 tabletas, Abono para plantas."},"content":{"rendered":"<p>Flourish Tabs\u2122 no contiene fosfato ni nitrato que pueda favorecer la proliferaci\u00f3n de las algas. Cada paquete de diez tabletas cubre una superficie de sustrato para plantas de 30 X 76 cent\u00edmetros para dos tratamientos. Flourish Tabs\u2122 es perfecto para el principiante, ya que contiene todos los nutrientes que encontrar\u00eda en el fertilizante Flourish \u2122 pero en formato tableta. Estas pastillas se insertan en la grava proporcionando fertilizaci\u00f3n directa y progresiva en la zona radicular de las plantas. Los nutrientes poco a poco se liberan, volvi\u00e9ndose bio-disponibles a trav\u00e9s de la acci\u00f3n enzim\u00e1tica de las ra\u00edces de las plantas sobre las tabletas. Inserte una Flourish Tabs\u2122 en la grava distribuidas en un radio de 10-15 cm. Un acuario est\u00e1ndar de 40 litros requiere 6 tabletas<br \/>\nDistribuya las tabletas uniformemente a lo largo del lecho de grava, Empuj\u00e1ndolas a media profundidad. Para un resultado \u00f3ptimo a\u00f1adir nuevas tabletas cada uno a tres meses. Flourish Tabs\u2122 no alterar\u00e1 el pH, pero en agua muy blanda o sin b\u00fafer, tienen propiedades ligeramente acidificantes similares al efecto de la turba.<\/p>\n<p>Producto: Flourish Tabs 40 tabletas. Tama\u00f1o: 125 x 10 x 200 mm. (l x a x h), Peso: 0.099 (Kg.).<\/p>\n","protected":false},"excerpt":{"rendered":"<p>Flourish Tabs\u2122 son tabletas estimulantes para el desarrollo de las ra\u00edces de la plantas acu\u00e1ticas. Contienen elementos traza esenciales, vitaminas y amino\u00e1cidos. Estas tabletas son ricas en hierro, manganeso, magnesio, calcio, potasio, B12, inositol, colina, biotina y otros nutrientes beneficiosos muy importantes para el desarrollo las ra\u00edces de plantas acu\u00e1ticas.<\/p>\n","protected":false},"featured_media":9500,"template":"","meta":[],"product_brand":[123],"product_cat":[40,56],"product_tag":[837,552,838],"class_list":{"0":"post-9499","1":"product","2":"type-product","3":"status-publish","4":"has-post-thumbnail","6":"product_brand-seachem","7":"product_cat-peces","8":"product_cat-plantas-naturales","9":"product_tag-fertilizante-general-plantas-acuaticas","10":"product_tag-fertilizante-plantas-acuaticas","11":"product_tag-flourish-tabs","13":"first","14":"instock","15":"sale","16":"shipping-taxable","17":"purchasable","18":"product-type-simple"},"yoast_head":"<!-- This site is optimized with the Yoast SEO plugin v27.4 - https:\/\/yoast.com\/product\/yoast-seo-wordpress\/ -->\n<title>Flourish Tabs 40 tabletas, Abono para plantas. | Acuario Supremus<\/title>\n<meta name=\"description\" content=\"Flourish Tabs\u2122 son tabletas estimulantes para el desarrollo de las ra\u00edces de la plantas acu\u00e1ticas. Contienen elementos traza esenciales, vitaminas y amino\u00e1cidos.\" \/>\n<meta name=\"robots\" content=\"index, follow, max-snippet:-1, max-image-preview:large, max-video-preview:-1\" \/>\n<link rel=\"canonical\" href=\"https:\/\/acuariosupremus.com\/?product=flourish-tabs-40-tabletas-abono-para-plantas\" \/>\n<meta property=\"og:locale\" content=\"es_MX\" \/>\n<meta property=\"og:type\" content=\"article\" \/>\n<meta property=\"og:title\" content=\"Flourish Tabs 40 tabletas, Abono para plantas. | Acuario Supremus\" \/>\n<meta property=\"og:description\" content=\"Flourish Tabs\u2122 son tabletas estimulantes para el desarrollo de las ra\u00edces de la plantas acu\u00e1ticas. Contienen elementos traza esenciales, vitaminas y amino\u00e1cidos.\" \/>\n<meta property=\"og:url\" content=\"https:\/\/acuariosupremus.com\/?product=flourish-tabs-40-tabletas-abono-para-plantas\" \/>\n<meta property=\"og:site_name\" content=\"Acuario Supremus\" \/>\n<meta property=\"article:publisher\" content=\"https:\/\/www.facebook.com\/AcuarioSupremus\" \/>\n<meta property=\"article:modified_time\" content=\"2025-12-29T23:28:44+00:00\" \/>\n<meta property=\"og:image\" content=\"https:\/\/acuariosupremus.com\/wp-content\/uploads\/2022\/05\/seachem_flourish_tabs_02.jpg\" \/>\n\t<meta property=\"og:image:width\" content=\"1250\" \/>\n\t<meta property=\"og:image:height\" content=\"1250\" \/>\n\t<meta property=\"og:image:type\" content=\"image\/jpeg\" \/>\n<meta name=\"twitter:card\" content=\"summary_large_image\" \/>\n<meta name=\"twitter:site\" content=\"@AcuarioSupremus\" \/>\n<meta name=\"twitter:label1\" content=\"Tiempo de lectura\" \/>\n\t<meta name=\"twitter:data1\" content=\"1 minuto\" \/>\n<script type=\"application\/ld+json\" class=\"yoast-schema-graph\">{\"@context\":\"https:\\\/\\\/schema.org\",\"@graph\":[{\"@type\":\"WebPage\",\"@id\":\"https:\\\/\\\/acuariosupremus.com\\\/?product=flourish-tabs-40-tabletas-abono-para-plantas\",\"url\":\"https:\\\/\\\/acuariosupremus.com\\\/?product=flourish-tabs-40-tabletas-abono-para-plantas\",\"name\":\"Flourish Tabs 40 tabletas, Abono para plantas. | Acuario Supremus\",\"isPartOf\":{\"@id\":\"https:\\\/\\\/acuariosupremus.com\\\/#website\"},\"primaryImageOfPage\":{\"@id\":\"https:\\\/\\\/acuariosupremus.com\\\/?product=flourish-tabs-40-tabletas-abono-para-plantas#primaryimage\"},\"image\":{\"@id\":\"https:\\\/\\\/acuariosupremus.com\\\/?product=flourish-tabs-40-tabletas-abono-para-plantas#primaryimage\"},\"thumbnailUrl\":\"https:\\\/\\\/acuariosupremus.com\\\/wp-content\\\/uploads\\\/2022\\\/05\\\/seachem_flourish_tabs_02.jpg\",\"datePublished\":\"2022-05-14T00:14:31+00:00\",\"dateModified\":\"2025-12-29T23:28:44+00:00\",\"description\":\"Flourish Tabs\u2122 son tabletas estimulantes para el desarrollo de las ra\u00edces de la plantas acu\u00e1ticas. Contienen elementos traza esenciales, vitaminas y amino\u00e1cidos.\",\"breadcrumb\":{\"@id\":\"https:\\\/\\\/acuariosupremus.com\\\/?product=flourish-tabs-40-tabletas-abono-para-plantas#breadcrumb\"},\"inLanguage\":\"es\",\"potentialAction\":[{\"@type\":\"ReadAction\",\"target\":[\"https:\\\/\\\/acuariosupremus.com\\\/?product=flourish-tabs-40-tabletas-abono-para-plantas\"]}]},{\"@type\":\"ImageObject\",\"inLanguage\":\"es\",\"@id\":\"https:\\\/\\\/acuariosupremus.com\\\/?product=flourish-tabs-40-tabletas-abono-para-plantas#primaryimage\",\"url\":\"https:\\\/\\\/acuariosupremus.com\\\/wp-content\\\/uploads\\\/2022\\\/05\\\/seachem_flourish_tabs_02.jpg\",\"contentUrl\":\"https:\\\/\\\/acuariosupremus.com\\\/wp-content\\\/uploads\\\/2022\\\/05\\\/seachem_flourish_tabs_02.jpg\",\"width\":1250,\"height\":1250},{\"@type\":\"BreadcrumbList\",\"@id\":\"https:\\\/\\\/acuariosupremus.com\\\/?product=flourish-tabs-40-tabletas-abono-para-plantas#breadcrumb\",\"itemListElement\":[{\"@type\":\"ListItem\",\"position\":1,\"name\":\"Portada\",\"item\":\"https:\\\/\\\/acuariosupremus.com\\\/\"},{\"@type\":\"ListItem\",\"position\":2,\"name\":\"Tienda\",\"item\":\"https:\\\/\\\/acuariosupremus.com\\\/tienda\\\/\"},{\"@type\":\"ListItem\",\"position\":3,\"name\":\"Flourish Tabs 40 tabletas, Abono para plantas.\"}]},{\"@type\":\"WebSite\",\"@id\":\"https:\\\/\\\/acuariosupremus.com\\\/#website\",\"url\":\"https:\\\/\\\/acuariosupremus.com\\\/\",\"name\":\"Acuario Supremus\",\"description\":\"Peces, Peceras y Mascotas.\",\"publisher\":{\"@id\":\"https:\\\/\\\/acuariosupremus.com\\\/#organization\"},\"potentialAction\":[{\"@type\":\"SearchAction\",\"target\":{\"@type\":\"EntryPoint\",\"urlTemplate\":\"https:\\\/\\\/acuariosupremus.com\\\/?s={search_term_string}\"},\"query-input\":{\"@type\":\"PropertyValueSpecification\",\"valueRequired\":true,\"valueName\":\"search_term_string\"}}],\"inLanguage\":\"es\"},{\"@type\":\"Organization\",\"@id\":\"https:\\\/\\\/acuariosupremus.com\\\/#organization\",\"name\":\"Acuario Supremus\",\"url\":\"https:\\\/\\\/acuariosupremus.com\\\/\",\"logo\":{\"@type\":\"ImageObject\",\"inLanguage\":\"es\",\"@id\":\"https:\\\/\\\/acuariosupremus.com\\\/#\\\/schema\\\/logo\\\/image\\\/\",\"url\":\"https:\\\/\\\/acuariosupremus.com\\\/wp-content\\\/uploads\\\/2021\\\/12\\\/cropped-logo_acuario_supremus_fn-2.png\",\"contentUrl\":\"https:\\\/\\\/acuariosupremus.com\\\/wp-content\\\/uploads\\\/2021\\\/12\\\/cropped-logo_acuario_supremus_fn-2.png\",\"width\":1000,\"height\":318,\"caption\":\"Acuario Supremus\"},\"image\":{\"@id\":\"https:\\\/\\\/acuariosupremus.com\\\/#\\\/schema\\\/logo\\\/image\\\/\"},\"sameAs\":[\"https:\\\/\\\/www.facebook.com\\\/AcuarioSupremus\",\"https:\\\/\\\/x.com\\\/AcuarioSupremus\",\"https:\\\/\\\/www.instagram.com\\\/acuariosupremus\\\/?hl=es\"]}]}<\/script>\n<!-- \/ Yoast SEO plugin. -->","yoast_head_json":{"title":"Flourish Tabs 40 tabletas, Abono para plantas. | Acuario Supremus","description":"Flourish Tabs\u2122 son tabletas estimulantes para el desarrollo de las ra\u00edces de la plantas acu\u00e1ticas. Contienen elementos traza esenciales, vitaminas y amino\u00e1cidos.","robots":{"index":"index","follow":"follow","max-snippet":"max-snippet:-1","max-image-preview":"max-image-preview:large","max-video-preview":"max-video-preview:-1"},"canonical":"https:\/\/acuariosupremus.com\/?product=flourish-tabs-40-tabletas-abono-para-plantas","og_locale":"es_MX","og_type":"article","og_title":"Flourish Tabs 40 tabletas, Abono para plantas. | Acuario Supremus","og_description":"Flourish Tabs\u2122 son tabletas estimulantes para el desarrollo de las ra\u00edces de la plantas acu\u00e1ticas. Contienen elementos traza esenciales, vitaminas y amino\u00e1cidos.","og_url":"https:\/\/acuariosupremus.com\/?product=flourish-tabs-40-tabletas-abono-para-plantas","og_site_name":"Acuario Supremus","article_publisher":"https:\/\/www.facebook.com\/AcuarioSupremus","article_modified_time":"2025-12-29T23:28:44+00:00","og_image":[{"width":1250,"height":1250,"url":"https:\/\/acuariosupremus.com\/wp-content\/uploads\/2022\/05\/seachem_flourish_tabs_02.jpg","type":"image\/jpeg"}],"twitter_card":"summary_large_image","twitter_site":"@AcuarioSupremus","twitter_misc":{"Tiempo de lectura":"1 minuto"},"schema":{"@context":"https:\/\/schema.org","@graph":[{"@type":"WebPage","@id":"https:\/\/acuariosupremus.com\/?product=flourish-tabs-40-tabletas-abono-para-plantas","url":"https:\/\/acuariosupremus.com\/?product=flourish-tabs-40-tabletas-abono-para-plantas","name":"Flourish Tabs 40 tabletas, Abono para plantas. | Acuario Supremus","isPartOf":{"@id":"https:\/\/acuariosupremus.com\/#website"},"primaryImageOfPage":{"@id":"https:\/\/acuariosupremus.com\/?product=flourish-tabs-40-tabletas-abono-para-plantas#primaryimage"},"image":{"@id":"https:\/\/acuariosupremus.com\/?product=flourish-tabs-40-tabletas-abono-para-plantas#primaryimage"},"thumbnailUrl":"https:\/\/acuariosupremus.com\/wp-content\/uploads\/2022\/05\/seachem_flourish_tabs_02.jpg","datePublished":"2022-05-14T00:14:31+00:00","dateModified":"2025-12-29T23:28:44+00:00","description":"Flourish Tabs\u2122 son tabletas estimulantes para el desarrollo de las ra\u00edces de la plantas acu\u00e1ticas. Contienen elementos traza esenciales, vitaminas y amino\u00e1cidos.","breadcrumb":{"@id":"https:\/\/acuariosupremus.com\/?product=flourish-tabs-40-tabletas-abono-para-plantas#breadcrumb"},"inLanguage":"es","potentialAction":[{"@type":"ReadAction","target":["https:\/\/acuariosupremus.com\/?product=flourish-tabs-40-tabletas-abono-para-plantas"]}]},{"@type":"ImageObject","inLanguage":"es","@id":"https:\/\/acuariosupremus.com\/?product=flourish-tabs-40-tabletas-abono-para-plantas#primaryimage","url":"https:\/\/acuariosupremus.com\/wp-content\/uploads\/2022\/05\/seachem_flourish_tabs_02.jpg","contentUrl":"https:\/\/acuariosupremus.com\/wp-content\/uploads\/2022\/05\/seachem_flourish_tabs_02.jpg","width":1250,"height":1250},{"@type":"BreadcrumbList","@id":"https:\/\/acuariosupremus.com\/?product=flourish-tabs-40-tabletas-abono-para-plantas#breadcrumb","itemListElement":[{"@type":"ListItem","position":1,"name":"Portada","item":"https:\/\/acuariosupremus.com\/"},{"@type":"ListItem","position":2,"name":"Tienda","item":"https:\/\/acuariosupremus.com\/tienda\/"},{"@type":"ListItem","position":3,"name":"Flourish Tabs 40 tabletas, Abono para plantas."}]},{"@type":"WebSite","@id":"https:\/\/acuariosupremus.com\/#website","url":"https:\/\/acuariosupremus.com\/","name":"Acuario Supremus","description":"Peces, Peceras y Mascotas.","publisher":{"@id":"https:\/\/acuariosupremus.com\/#organization"},"potentialAction":[{"@type":"SearchAction","target":{"@type":"EntryPoint","urlTemplate":"https:\/\/acuariosupremus.com\/?s={search_term_string}"},"query-input":{"@type":"PropertyValueSpecification","valueRequired":true,"valueName":"search_term_string"}}],"inLanguage":"es"},{"@type":"Organization","@id":"https:\/\/acuariosupremus.com\/#organization","name":"Acuario Supremus","url":"https:\/\/acuariosupremus.com\/","logo":{"@type":"ImageObject","inLanguage":"es","@id":"https:\/\/acuariosupremus.com\/#\/schema\/logo\/image\/","url":"https:\/\/acuariosupremus.com\/wp-content\/uploads\/2021\/12\/cropped-logo_acuario_supremus_fn-2.png","contentUrl":"https:\/\/acuariosupremus.com\/wp-content\/uploads\/2021\/12\/cropped-logo_acuario_supremus_fn-2.png","width":1000,"height":318,"caption":"Acuario Supremus"},"image":{"@id":"https:\/\/acuariosupremus.com\/#\/schema\/logo\/image\/"},"sameAs":["https:\/\/www.facebook.com\/AcuarioSupremus","https:\/\/x.com\/AcuarioSupremus","https:\/\/www.instagram.com\/acuariosupremus\/?hl=es"]}]}},"jetpack_sharing_enabled":true,"_links":{"self":[{"href":"https:\/\/acuariosupremus.com\/index.php?rest_route=\/wp\/v2\/product\/9499","targetHints":{"allow":["GET"]}}],"collection":[{"href":"https:\/\/acuariosupremus.com\/index.php?rest_route=\/wp\/v2\/product"}],"about":[{"href":"https:\/\/acuariosupremus.com\/index.php?rest_route=\/wp\/v2\/types\/product"}],"wp:featuredmedia":[{"embeddable":true,"href":"https:\/\/acuariosupremus.com\/index.php?rest_route=\/wp\/v2\/media\/9500"}],"wp:attachment":[{"href":"https:\/\/acuariosupremus.com\/index.php?rest_route=%2Fwp%2Fv2%2Fmedia&parent=9499"}],"wp:term":[{"taxonomy":"product_brand","embeddable":true,"href":"https:\/\/acuariosupremus.com\/index.php?rest_route=%2Fwp%2Fv2%2Fproduct_brand&post=9499"},{"taxonomy":"product_cat","embeddable":true,"href":"https:\/\/acuariosupremus.com\/index.php?rest_route=%2Fwp%2Fv2%2Fproduct_cat&post=9499"},{"taxonomy":"product_tag","embeddable":true,"href":"https:\/\/acuariosupremus.com\/index.php?rest_route=%2Fwp%2Fv2%2Fproduct_tag&post=9499"}],"curies":[{"name":"wp","href":"https:\/\/api.w.org\/{rel}","templated":true}]}}