{"id":9509,"date":"2022-05-13T19:41:59","date_gmt":"2022-05-14T00:41:59","guid":{"rendered":"https:\/\/acuariosupremus.com\/?post_type=product&#038;p=9509"},"modified":"2025-12-30T14:35:13","modified_gmt":"2025-12-30T20:35:13","slug":"flourish-500-ml-abono-para-plantas","status":"publish","type":"product","link":"https:\/\/acuariosupremus.com\/?product=flourish-500-ml-abono-para-plantas","title":{"rendered":"Flourish 500 ml, Abono para plantas."},"content":{"rendered":"<p>Para una fertilizaci\u00f3n espec\u00edfica con macro elementos (NPK), use Flourish Nitrogen \u2122, Flourish Phosphorus \u2122 o Flourish Potassium\u2122 seg\u00fan sea necesario. A diferencia de los productos de la competencia, Flourish \u2122 est\u00e1 dise\u00f1ado para poder ser utilizado en combinaci\u00f3n con otros suplementos de macro y micro-nutrientes. Otros fabricantes intentan incluir todos los nutrientes necesarios en un aditivo, llevando frecuentemente a una sobredosis de micro-nutrientes en un intento de elevar los niveles de macro-nutrientes. Utilice 1 tap\u00f3n lleno (5 ml) cada 250 litros una o dos veces a la semana. Para dosis m\u00e1s peque\u00f1as, tenga en cuenta que cada hilo de rosca del tap\u00f3n es de aproximadamente 1 ml. Se recomienda guardar el producto en un refrigerador una vez abierto aunque no es imprescindible.<\/p>\n<p>Producto: Flourish 500ml. Tama\u00f1o: 62 x 61 x 195 mm. (l x a x h), Peso: 0.600 (Kg.).<\/p>\n","protected":false},"excerpt":{"rendered":"<p>Flourish \u2122 es un fertilizante completo para plantas acu\u00e1ticas. Contiene un surtido muy completo de importantes micro-elementos, oligoelementos y otros nutrientes esenciales como calcio, magnesio, hierro y otros elementos importantes que se han demostrado para ser beneficiosos para las plantas acu\u00e1ticas.<\/p>\n","protected":false},"featured_media":9511,"template":"","meta":[],"product_brand":[123],"product_cat":[40,56],"product_tag":[837,552,839],"class_list":{"0":"post-9509","1":"product","2":"type-product","3":"status-publish","4":"has-post-thumbnail","6":"product_brand-seachem","7":"product_cat-peces","8":"product_cat-plantas-naturales","9":"product_tag-fertilizante-general-plantas-acuaticas","10":"product_tag-fertilizante-plantas-acuaticas","11":"product_tag-flourish","13":"first","14":"instock","15":"sale","16":"shipping-taxable","17":"purchasable","18":"product-type-simple"},"yoast_head":"<!-- This site is optimized with the Yoast SEO plugin v27.4 - https:\/\/yoast.com\/product\/yoast-seo-wordpress\/ -->\n<title>Flourish 500 ml, Abono para plantas. | Acuario Supremus<\/title>\n<meta name=\"description\" content=\"Flourish \u2122 es un fertilizante completo para plantas acu\u00e1ticas. Contiene micro-elementos, oligoelementos y otros nutrientes esenciales.\" \/>\n<meta name=\"robots\" content=\"index, follow, max-snippet:-1, max-image-preview:large, max-video-preview:-1\" \/>\n<link rel=\"canonical\" href=\"https:\/\/acuariosupremus.com\/?product=flourish-500-ml-abono-para-plantas\" \/>\n<meta property=\"og:locale\" content=\"es_MX\" \/>\n<meta property=\"og:type\" content=\"article\" \/>\n<meta property=\"og:title\" content=\"Flourish 500 ml, Abono para plantas. | Acuario Supremus\" \/>\n<meta property=\"og:description\" content=\"Flourish \u2122 es un fertilizante completo para plantas acu\u00e1ticas. Contiene micro-elementos, oligoelementos y otros nutrientes esenciales.\" \/>\n<meta property=\"og:url\" content=\"https:\/\/acuariosupremus.com\/?product=flourish-500-ml-abono-para-plantas\" \/>\n<meta property=\"og:site_name\" content=\"Acuario Supremus\" \/>\n<meta property=\"article:publisher\" content=\"https:\/\/www.facebook.com\/AcuarioSupremus\" \/>\n<meta property=\"article:modified_time\" content=\"2025-12-30T20:35:13+00:00\" \/>\n<meta property=\"og:image\" content=\"https:\/\/acuariosupremus.com\/wp-content\/uploads\/2022\/05\/seachem_flourish_01-copia.jpg\" \/>\n\t<meta property=\"og:image:width\" content=\"1250\" \/>\n\t<meta property=\"og:image:height\" content=\"1250\" \/>\n\t<meta property=\"og:image:type\" content=\"image\/jpeg\" \/>\n<meta name=\"twitter:card\" content=\"summary_large_image\" \/>\n<meta name=\"twitter:site\" content=\"@AcuarioSupremus\" \/>\n<meta name=\"twitter:label1\" content=\"Tiempo de lectura\" \/>\n\t<meta name=\"twitter:data1\" content=\"1 minuto\" \/>\n<script type=\"application\/ld+json\" class=\"yoast-schema-graph\">{\"@context\":\"https:\\\/\\\/schema.org\",\"@graph\":[{\"@type\":\"WebPage\",\"@id\":\"https:\\\/\\\/acuariosupremus.com\\\/?product=flourish-500-ml-abono-para-plantas\",\"url\":\"https:\\\/\\\/acuariosupremus.com\\\/?product=flourish-500-ml-abono-para-plantas\",\"name\":\"Flourish 500 ml, Abono para plantas. | Acuario Supremus\",\"isPartOf\":{\"@id\":\"https:\\\/\\\/acuariosupremus.com\\\/#website\"},\"primaryImageOfPage\":{\"@id\":\"https:\\\/\\\/acuariosupremus.com\\\/?product=flourish-500-ml-abono-para-plantas#primaryimage\"},\"image\":{\"@id\":\"https:\\\/\\\/acuariosupremus.com\\\/?product=flourish-500-ml-abono-para-plantas#primaryimage\"},\"thumbnailUrl\":\"https:\\\/\\\/acuariosupremus.com\\\/wp-content\\\/uploads\\\/2022\\\/05\\\/seachem_flourish_01-copia.jpg\",\"datePublished\":\"2022-05-14T00:41:59+00:00\",\"dateModified\":\"2025-12-30T20:35:13+00:00\",\"description\":\"Flourish \u2122 es un fertilizante completo para plantas acu\u00e1ticas. Contiene micro-elementos, oligoelementos y otros nutrientes esenciales.\",\"breadcrumb\":{\"@id\":\"https:\\\/\\\/acuariosupremus.com\\\/?product=flourish-500-ml-abono-para-plantas#breadcrumb\"},\"inLanguage\":\"es\",\"potentialAction\":[{\"@type\":\"ReadAction\",\"target\":[\"https:\\\/\\\/acuariosupremus.com\\\/?product=flourish-500-ml-abono-para-plantas\"]}]},{\"@type\":\"ImageObject\",\"inLanguage\":\"es\",\"@id\":\"https:\\\/\\\/acuariosupremus.com\\\/?product=flourish-500-ml-abono-para-plantas#primaryimage\",\"url\":\"https:\\\/\\\/acuariosupremus.com\\\/wp-content\\\/uploads\\\/2022\\\/05\\\/seachem_flourish_01-copia.jpg\",\"contentUrl\":\"https:\\\/\\\/acuariosupremus.com\\\/wp-content\\\/uploads\\\/2022\\\/05\\\/seachem_flourish_01-copia.jpg\",\"width\":1250,\"height\":1250},{\"@type\":\"BreadcrumbList\",\"@id\":\"https:\\\/\\\/acuariosupremus.com\\\/?product=flourish-500-ml-abono-para-plantas#breadcrumb\",\"itemListElement\":[{\"@type\":\"ListItem\",\"position\":1,\"name\":\"Portada\",\"item\":\"https:\\\/\\\/acuariosupremus.com\\\/\"},{\"@type\":\"ListItem\",\"position\":2,\"name\":\"Tienda\",\"item\":\"https:\\\/\\\/acuariosupremus.com\\\/tienda\\\/\"},{\"@type\":\"ListItem\",\"position\":3,\"name\":\"Flourish 500 ml, Abono para plantas.\"}]},{\"@type\":\"WebSite\",\"@id\":\"https:\\\/\\\/acuariosupremus.com\\\/#website\",\"url\":\"https:\\\/\\\/acuariosupremus.com\\\/\",\"name\":\"Acuario Supremus\",\"description\":\"Peces, Peceras y Mascotas.\",\"publisher\":{\"@id\":\"https:\\\/\\\/acuariosupremus.com\\\/#organization\"},\"potentialAction\":[{\"@type\":\"SearchAction\",\"target\":{\"@type\":\"EntryPoint\",\"urlTemplate\":\"https:\\\/\\\/acuariosupremus.com\\\/?s={search_term_string}\"},\"query-input\":{\"@type\":\"PropertyValueSpecification\",\"valueRequired\":true,\"valueName\":\"search_term_string\"}}],\"inLanguage\":\"es\"},{\"@type\":\"Organization\",\"@id\":\"https:\\\/\\\/acuariosupremus.com\\\/#organization\",\"name\":\"Acuario Supremus\",\"url\":\"https:\\\/\\\/acuariosupremus.com\\\/\",\"logo\":{\"@type\":\"ImageObject\",\"inLanguage\":\"es\",\"@id\":\"https:\\\/\\\/acuariosupremus.com\\\/#\\\/schema\\\/logo\\\/image\\\/\",\"url\":\"https:\\\/\\\/acuariosupremus.com\\\/wp-content\\\/uploads\\\/2021\\\/12\\\/cropped-logo_acuario_supremus_fn-2.png\",\"contentUrl\":\"https:\\\/\\\/acuariosupremus.com\\\/wp-content\\\/uploads\\\/2021\\\/12\\\/cropped-logo_acuario_supremus_fn-2.png\",\"width\":1000,\"height\":318,\"caption\":\"Acuario Supremus\"},\"image\":{\"@id\":\"https:\\\/\\\/acuariosupremus.com\\\/#\\\/schema\\\/logo\\\/image\\\/\"},\"sameAs\":[\"https:\\\/\\\/www.facebook.com\\\/AcuarioSupremus\",\"https:\\\/\\\/x.com\\\/AcuarioSupremus\",\"https:\\\/\\\/www.instagram.com\\\/acuariosupremus\\\/?hl=es\"]}]}<\/script>\n<!-- \/ Yoast SEO plugin. -->","yoast_head_json":{"title":"Flourish 500 ml, Abono para plantas. | Acuario Supremus","description":"Flourish \u2122 es un fertilizante completo para plantas acu\u00e1ticas. Contiene micro-elementos, oligoelementos y otros nutrientes esenciales.","robots":{"index":"index","follow":"follow","max-snippet":"max-snippet:-1","max-image-preview":"max-image-preview:large","max-video-preview":"max-video-preview:-1"},"canonical":"https:\/\/acuariosupremus.com\/?product=flourish-500-ml-abono-para-plantas","og_locale":"es_MX","og_type":"article","og_title":"Flourish 500 ml, Abono para plantas. | Acuario Supremus","og_description":"Flourish \u2122 es un fertilizante completo para plantas acu\u00e1ticas. Contiene micro-elementos, oligoelementos y otros nutrientes esenciales.","og_url":"https:\/\/acuariosupremus.com\/?product=flourish-500-ml-abono-para-plantas","og_site_name":"Acuario Supremus","article_publisher":"https:\/\/www.facebook.com\/AcuarioSupremus","article_modified_time":"2025-12-30T20:35:13+00:00","og_image":[{"width":1250,"height":1250,"url":"https:\/\/acuariosupremus.com\/wp-content\/uploads\/2022\/05\/seachem_flourish_01-copia.jpg","type":"image\/jpeg"}],"twitter_card":"summary_large_image","twitter_site":"@AcuarioSupremus","twitter_misc":{"Tiempo de lectura":"1 minuto"},"schema":{"@context":"https:\/\/schema.org","@graph":[{"@type":"WebPage","@id":"https:\/\/acuariosupremus.com\/?product=flourish-500-ml-abono-para-plantas","url":"https:\/\/acuariosupremus.com\/?product=flourish-500-ml-abono-para-plantas","name":"Flourish 500 ml, Abono para plantas. | Acuario Supremus","isPartOf":{"@id":"https:\/\/acuariosupremus.com\/#website"},"primaryImageOfPage":{"@id":"https:\/\/acuariosupremus.com\/?product=flourish-500-ml-abono-para-plantas#primaryimage"},"image":{"@id":"https:\/\/acuariosupremus.com\/?product=flourish-500-ml-abono-para-plantas#primaryimage"},"thumbnailUrl":"https:\/\/acuariosupremus.com\/wp-content\/uploads\/2022\/05\/seachem_flourish_01-copia.jpg","datePublished":"2022-05-14T00:41:59+00:00","dateModified":"2025-12-30T20:35:13+00:00","description":"Flourish \u2122 es un fertilizante completo para plantas acu\u00e1ticas. Contiene micro-elementos, oligoelementos y otros nutrientes esenciales.","breadcrumb":{"@id":"https:\/\/acuariosupremus.com\/?product=flourish-500-ml-abono-para-plantas#breadcrumb"},"inLanguage":"es","potentialAction":[{"@type":"ReadAction","target":["https:\/\/acuariosupremus.com\/?product=flourish-500-ml-abono-para-plantas"]}]},{"@type":"ImageObject","inLanguage":"es","@id":"https:\/\/acuariosupremus.com\/?product=flourish-500-ml-abono-para-plantas#primaryimage","url":"https:\/\/acuariosupremus.com\/wp-content\/uploads\/2022\/05\/seachem_flourish_01-copia.jpg","contentUrl":"https:\/\/acuariosupremus.com\/wp-content\/uploads\/2022\/05\/seachem_flourish_01-copia.jpg","width":1250,"height":1250},{"@type":"BreadcrumbList","@id":"https:\/\/acuariosupremus.com\/?product=flourish-500-ml-abono-para-plantas#breadcrumb","itemListElement":[{"@type":"ListItem","position":1,"name":"Portada","item":"https:\/\/acuariosupremus.com\/"},{"@type":"ListItem","position":2,"name":"Tienda","item":"https:\/\/acuariosupremus.com\/tienda\/"},{"@type":"ListItem","position":3,"name":"Flourish 500 ml, Abono para plantas."}]},{"@type":"WebSite","@id":"https:\/\/acuariosupremus.com\/#website","url":"https:\/\/acuariosupremus.com\/","name":"Acuario Supremus","description":"Peces, Peceras y Mascotas.","publisher":{"@id":"https:\/\/acuariosupremus.com\/#organization"},"potentialAction":[{"@type":"SearchAction","target":{"@type":"EntryPoint","urlTemplate":"https:\/\/acuariosupremus.com\/?s={search_term_string}"},"query-input":{"@type":"PropertyValueSpecification","valueRequired":true,"valueName":"search_term_string"}}],"inLanguage":"es"},{"@type":"Organization","@id":"https:\/\/acuariosupremus.com\/#organization","name":"Acuario Supremus","url":"https:\/\/acuariosupremus.com\/","logo":{"@type":"ImageObject","inLanguage":"es","@id":"https:\/\/acuariosupremus.com\/#\/schema\/logo\/image\/","url":"https:\/\/acuariosupremus.com\/wp-content\/uploads\/2021\/12\/cropped-logo_acuario_supremus_fn-2.png","contentUrl":"https:\/\/acuariosupremus.com\/wp-content\/uploads\/2021\/12\/cropped-logo_acuario_supremus_fn-2.png","width":1000,"height":318,"caption":"Acuario Supremus"},"image":{"@id":"https:\/\/acuariosupremus.com\/#\/schema\/logo\/image\/"},"sameAs":["https:\/\/www.facebook.com\/AcuarioSupremus","https:\/\/x.com\/AcuarioSupremus","https:\/\/www.instagram.com\/acuariosupremus\/?hl=es"]}]}},"jetpack_sharing_enabled":true,"_links":{"self":[{"href":"https:\/\/acuariosupremus.com\/index.php?rest_route=\/wp\/v2\/product\/9509","targetHints":{"allow":["GET"]}}],"collection":[{"href":"https:\/\/acuariosupremus.com\/index.php?rest_route=\/wp\/v2\/product"}],"about":[{"href":"https:\/\/acuariosupremus.com\/index.php?rest_route=\/wp\/v2\/types\/product"}],"wp:featuredmedia":[{"embeddable":true,"href":"https:\/\/acuariosupremus.com\/index.php?rest_route=\/wp\/v2\/media\/9511"}],"wp:attachment":[{"href":"https:\/\/acuariosupremus.com\/index.php?rest_route=%2Fwp%2Fv2%2Fmedia&parent=9509"}],"wp:term":[{"taxonomy":"product_brand","embeddable":true,"href":"https:\/\/acuariosupremus.com\/index.php?rest_route=%2Fwp%2Fv2%2Fproduct_brand&post=9509"},{"taxonomy":"product_cat","embeddable":true,"href":"https:\/\/acuariosupremus.com\/index.php?rest_route=%2Fwp%2Fv2%2Fproduct_cat&post=9509"},{"taxonomy":"product_tag","embeddable":true,"href":"https:\/\/acuariosupremus.com\/index.php?rest_route=%2Fwp%2Fv2%2Fproduct_tag&post=9509"}],"curies":[{"name":"wp","href":"https:\/\/api.w.org\/{rel}","templated":true}]}}