{"id":9537,"date":"2022-05-14T15:53:17","date_gmt":"2022-05-14T20:53:17","guid":{"rendered":"https:\/\/acuariosupremus.com\/?post_type=product&#038;p=9537"},"modified":"2025-12-30T14:37:31","modified_gmt":"2025-12-30T20:37:31","slug":"flourish-advance-500-ml-fertilizante-para-plantas-acuaticas","status":"publish","type":"product","link":"https:\/\/acuariosupremus.com\/?product=flourish-advance-500-ml-fertilizante-para-plantas-acuaticas","title":{"rendered":"Flourish Advance 500 ml, Fertilizante para plantas acu\u00e1ticas."},"content":{"rendered":"<p>Las fitohormonas son un grupo de compuestos naturales que juegan un papel crucial en la regulaci\u00f3n del crecimiento de las plantas en una amplia gama de procesos de desarrollo, entre ellos, la divisi\u00f3n celular, la formaci\u00f3n y la actividad de las c\u00e9lulas meristem\u00e1ticas en los brotes. Tambi\u00e9n estimula gen\u00e9ticamente a las plantas para la realizaci\u00f3n de la fotos\u00edntesis y al proceso de senescencia celular en las hojas, (su fase de envejecimiento) favorece la movilizaci\u00f3n de nutrientes, la germinaci\u00f3n de semillas, el crecimiento de la ra\u00edz y la respuesta a los factores de estr\u00e9s. Cuando es usado de forma regular, tambi\u00e9n mejora la absorci\u00f3n de minerales y mejora la resistencia a las enfermedades. No es t\u00f3xico y es completamente seguro para todas las variedades de plantas, as\u00ed como para peces y organismos acu\u00e1ticos.<br \/>\nDurante los primeros diez a catorce d\u00edas despu\u00e9s de la aplicaci\u00f3n, Flourish Advance \u2122 trabaja para estimular el crecimiento de las ra\u00edces sumergidas en el sustrato. Despu\u00e9s de este per\u00edodo de inducci\u00f3n inicial, las plantas experimentar\u00e1n un crecimiento significativamente mejorado en sus hojas y tallos.<\/p>\n<p>Producto: Flourish Advance 500ml. Tama\u00f1o: 62 x 61 x 195 mm. (l x a x h), Peso: 0.535 (Kg.).<\/p>\n<p>&nbsp;<\/p>\n","protected":false},"excerpt":{"rendered":"<p>Flourish Advance\u2122 es un potenciador biol\u00f3gico de crecimiento para plantas acu\u00e1ticas completamente natural. Su f\u00f3rmula avanzada contiene fitohormonas, minerales y nutrientes que estimulan notablemente el crecimiento de ra\u00edces y brotes en las plantas acu\u00e1ticas.<\/p>\n","protected":false},"featured_media":9538,"template":"","meta":[],"product_brand":[123],"product_cat":[40,56],"product_tag":[837,847,848],"class_list":{"0":"post-9537","1":"product","2":"type-product","3":"status-publish","4":"has-post-thumbnail","6":"product_brand-seachem","7":"product_cat-peces","8":"product_cat-plantas-naturales","9":"product_tag-fertilizante-general-plantas-acuaticas","10":"product_tag-fertilizante-general-pro-plantas-acuaticas","11":"product_tag-flourish-advance","13":"first","14":"instock","15":"sale","16":"shipping-taxable","17":"purchasable","18":"product-type-simple"},"yoast_head":"<!-- This site is optimized with the Yoast SEO plugin v27.4 - https:\/\/yoast.com\/product\/yoast-seo-wordpress\/ -->\n<title>Flourish Advance 500 ml, Fertilizante para plantas acu\u00e1ticas. | Acuario Supremus<\/title>\n<meta name=\"description\" content=\"Flourish Advance\u2122 es un potenciador biol\u00f3gico que estimula el crecimiento para plantas acu\u00e1ticas completamente natural.\" \/>\n<meta name=\"robots\" content=\"index, follow, max-snippet:-1, max-image-preview:large, max-video-preview:-1\" \/>\n<link rel=\"canonical\" href=\"https:\/\/acuariosupremus.com\/?product=flourish-advance-500-ml-fertilizante-para-plantas-acuaticas\" \/>\n<meta property=\"og:locale\" content=\"es_MX\" \/>\n<meta property=\"og:type\" content=\"article\" \/>\n<meta property=\"og:title\" content=\"Flourish Advance 500 ml, Fertilizante para plantas acu\u00e1ticas. | Acuario Supremus\" \/>\n<meta property=\"og:description\" content=\"Flourish Advance\u2122 es un potenciador biol\u00f3gico que estimula el crecimiento para plantas acu\u00e1ticas completamente natural.\" \/>\n<meta property=\"og:url\" content=\"https:\/\/acuariosupremus.com\/?product=flourish-advance-500-ml-fertilizante-para-plantas-acuaticas\" \/>\n<meta property=\"og:site_name\" content=\"Acuario Supremus\" \/>\n<meta property=\"article:publisher\" content=\"https:\/\/www.facebook.com\/AcuarioSupremus\" \/>\n<meta property=\"article:modified_time\" content=\"2025-12-30T20:37:31+00:00\" \/>\n<meta property=\"og:image\" content=\"https:\/\/acuariosupremus.com\/wp-content\/uploads\/2022\/05\/seachem_fllourish-advance_04.jpg\" \/>\n\t<meta property=\"og:image:width\" content=\"1250\" \/>\n\t<meta property=\"og:image:height\" content=\"1250\" \/>\n\t<meta property=\"og:image:type\" content=\"image\/jpeg\" \/>\n<meta name=\"twitter:card\" content=\"summary_large_image\" \/>\n<meta name=\"twitter:site\" content=\"@AcuarioSupremus\" \/>\n<meta name=\"twitter:label1\" content=\"Tiempo de lectura\" \/>\n\t<meta name=\"twitter:data1\" content=\"1 minuto\" \/>\n<script type=\"application\/ld+json\" class=\"yoast-schema-graph\">{\"@context\":\"https:\\\/\\\/schema.org\",\"@graph\":[{\"@type\":\"WebPage\",\"@id\":\"https:\\\/\\\/acuariosupremus.com\\\/?product=flourish-advance-500-ml-fertilizante-para-plantas-acuaticas\",\"url\":\"https:\\\/\\\/acuariosupremus.com\\\/?product=flourish-advance-500-ml-fertilizante-para-plantas-acuaticas\",\"name\":\"Flourish Advance 500 ml, Fertilizante para plantas acu\u00e1ticas. | Acuario Supremus\",\"isPartOf\":{\"@id\":\"https:\\\/\\\/acuariosupremus.com\\\/#website\"},\"primaryImageOfPage\":{\"@id\":\"https:\\\/\\\/acuariosupremus.com\\\/?product=flourish-advance-500-ml-fertilizante-para-plantas-acuaticas#primaryimage\"},\"image\":{\"@id\":\"https:\\\/\\\/acuariosupremus.com\\\/?product=flourish-advance-500-ml-fertilizante-para-plantas-acuaticas#primaryimage\"},\"thumbnailUrl\":\"https:\\\/\\\/acuariosupremus.com\\\/wp-content\\\/uploads\\\/2022\\\/05\\\/seachem_fllourish-advance_04.jpg\",\"datePublished\":\"2022-05-14T20:53:17+00:00\",\"dateModified\":\"2025-12-30T20:37:31+00:00\",\"description\":\"Flourish Advance\u2122 es un potenciador biol\u00f3gico que estimula el crecimiento para plantas acu\u00e1ticas completamente natural.\",\"breadcrumb\":{\"@id\":\"https:\\\/\\\/acuariosupremus.com\\\/?product=flourish-advance-500-ml-fertilizante-para-plantas-acuaticas#breadcrumb\"},\"inLanguage\":\"es\",\"potentialAction\":[{\"@type\":\"ReadAction\",\"target\":[\"https:\\\/\\\/acuariosupremus.com\\\/?product=flourish-advance-500-ml-fertilizante-para-plantas-acuaticas\"]}]},{\"@type\":\"ImageObject\",\"inLanguage\":\"es\",\"@id\":\"https:\\\/\\\/acuariosupremus.com\\\/?product=flourish-advance-500-ml-fertilizante-para-plantas-acuaticas#primaryimage\",\"url\":\"https:\\\/\\\/acuariosupremus.com\\\/wp-content\\\/uploads\\\/2022\\\/05\\\/seachem_fllourish-advance_04.jpg\",\"contentUrl\":\"https:\\\/\\\/acuariosupremus.com\\\/wp-content\\\/uploads\\\/2022\\\/05\\\/seachem_fllourish-advance_04.jpg\",\"width\":1250,\"height\":1250},{\"@type\":\"BreadcrumbList\",\"@id\":\"https:\\\/\\\/acuariosupremus.com\\\/?product=flourish-advance-500-ml-fertilizante-para-plantas-acuaticas#breadcrumb\",\"itemListElement\":[{\"@type\":\"ListItem\",\"position\":1,\"name\":\"Portada\",\"item\":\"https:\\\/\\\/acuariosupremus.com\\\/\"},{\"@type\":\"ListItem\",\"position\":2,\"name\":\"Tienda\",\"item\":\"https:\\\/\\\/acuariosupremus.com\\\/tienda\\\/\"},{\"@type\":\"ListItem\",\"position\":3,\"name\":\"Flourish Advance 500 ml, Fertilizante para plantas acu\u00e1ticas.\"}]},{\"@type\":\"WebSite\",\"@id\":\"https:\\\/\\\/acuariosupremus.com\\\/#website\",\"url\":\"https:\\\/\\\/acuariosupremus.com\\\/\",\"name\":\"Acuario Supremus\",\"description\":\"Peces, Peceras y Mascotas.\",\"publisher\":{\"@id\":\"https:\\\/\\\/acuariosupremus.com\\\/#organization\"},\"potentialAction\":[{\"@type\":\"SearchAction\",\"target\":{\"@type\":\"EntryPoint\",\"urlTemplate\":\"https:\\\/\\\/acuariosupremus.com\\\/?s={search_term_string}\"},\"query-input\":{\"@type\":\"PropertyValueSpecification\",\"valueRequired\":true,\"valueName\":\"search_term_string\"}}],\"inLanguage\":\"es\"},{\"@type\":\"Organization\",\"@id\":\"https:\\\/\\\/acuariosupremus.com\\\/#organization\",\"name\":\"Acuario Supremus\",\"url\":\"https:\\\/\\\/acuariosupremus.com\\\/\",\"logo\":{\"@type\":\"ImageObject\",\"inLanguage\":\"es\",\"@id\":\"https:\\\/\\\/acuariosupremus.com\\\/#\\\/schema\\\/logo\\\/image\\\/\",\"url\":\"https:\\\/\\\/acuariosupremus.com\\\/wp-content\\\/uploads\\\/2021\\\/12\\\/cropped-logo_acuario_supremus_fn-2.png\",\"contentUrl\":\"https:\\\/\\\/acuariosupremus.com\\\/wp-content\\\/uploads\\\/2021\\\/12\\\/cropped-logo_acuario_supremus_fn-2.png\",\"width\":1000,\"height\":318,\"caption\":\"Acuario Supremus\"},\"image\":{\"@id\":\"https:\\\/\\\/acuariosupremus.com\\\/#\\\/schema\\\/logo\\\/image\\\/\"},\"sameAs\":[\"https:\\\/\\\/www.facebook.com\\\/AcuarioSupremus\",\"https:\\\/\\\/x.com\\\/AcuarioSupremus\",\"https:\\\/\\\/www.instagram.com\\\/acuariosupremus\\\/?hl=es\"]}]}<\/script>\n<!-- \/ Yoast SEO plugin. -->","yoast_head_json":{"title":"Flourish Advance 500 ml, Fertilizante para plantas acu\u00e1ticas. | Acuario Supremus","description":"Flourish Advance\u2122 es un potenciador biol\u00f3gico que estimula el crecimiento para plantas acu\u00e1ticas completamente natural.","robots":{"index":"index","follow":"follow","max-snippet":"max-snippet:-1","max-image-preview":"max-image-preview:large","max-video-preview":"max-video-preview:-1"},"canonical":"https:\/\/acuariosupremus.com\/?product=flourish-advance-500-ml-fertilizante-para-plantas-acuaticas","og_locale":"es_MX","og_type":"article","og_title":"Flourish Advance 500 ml, Fertilizante para plantas acu\u00e1ticas. | Acuario Supremus","og_description":"Flourish Advance\u2122 es un potenciador biol\u00f3gico que estimula el crecimiento para plantas acu\u00e1ticas completamente natural.","og_url":"https:\/\/acuariosupremus.com\/?product=flourish-advance-500-ml-fertilizante-para-plantas-acuaticas","og_site_name":"Acuario Supremus","article_publisher":"https:\/\/www.facebook.com\/AcuarioSupremus","article_modified_time":"2025-12-30T20:37:31+00:00","og_image":[{"width":1250,"height":1250,"url":"https:\/\/acuariosupremus.com\/wp-content\/uploads\/2022\/05\/seachem_fllourish-advance_04.jpg","type":"image\/jpeg"}],"twitter_card":"summary_large_image","twitter_site":"@AcuarioSupremus","twitter_misc":{"Tiempo de lectura":"1 minuto"},"schema":{"@context":"https:\/\/schema.org","@graph":[{"@type":"WebPage","@id":"https:\/\/acuariosupremus.com\/?product=flourish-advance-500-ml-fertilizante-para-plantas-acuaticas","url":"https:\/\/acuariosupremus.com\/?product=flourish-advance-500-ml-fertilizante-para-plantas-acuaticas","name":"Flourish Advance 500 ml, Fertilizante para plantas acu\u00e1ticas. | Acuario Supremus","isPartOf":{"@id":"https:\/\/acuariosupremus.com\/#website"},"primaryImageOfPage":{"@id":"https:\/\/acuariosupremus.com\/?product=flourish-advance-500-ml-fertilizante-para-plantas-acuaticas#primaryimage"},"image":{"@id":"https:\/\/acuariosupremus.com\/?product=flourish-advance-500-ml-fertilizante-para-plantas-acuaticas#primaryimage"},"thumbnailUrl":"https:\/\/acuariosupremus.com\/wp-content\/uploads\/2022\/05\/seachem_fllourish-advance_04.jpg","datePublished":"2022-05-14T20:53:17+00:00","dateModified":"2025-12-30T20:37:31+00:00","description":"Flourish Advance\u2122 es un potenciador biol\u00f3gico que estimula el crecimiento para plantas acu\u00e1ticas completamente natural.","breadcrumb":{"@id":"https:\/\/acuariosupremus.com\/?product=flourish-advance-500-ml-fertilizante-para-plantas-acuaticas#breadcrumb"},"inLanguage":"es","potentialAction":[{"@type":"ReadAction","target":["https:\/\/acuariosupremus.com\/?product=flourish-advance-500-ml-fertilizante-para-plantas-acuaticas"]}]},{"@type":"ImageObject","inLanguage":"es","@id":"https:\/\/acuariosupremus.com\/?product=flourish-advance-500-ml-fertilizante-para-plantas-acuaticas#primaryimage","url":"https:\/\/acuariosupremus.com\/wp-content\/uploads\/2022\/05\/seachem_fllourish-advance_04.jpg","contentUrl":"https:\/\/acuariosupremus.com\/wp-content\/uploads\/2022\/05\/seachem_fllourish-advance_04.jpg","width":1250,"height":1250},{"@type":"BreadcrumbList","@id":"https:\/\/acuariosupremus.com\/?product=flourish-advance-500-ml-fertilizante-para-plantas-acuaticas#breadcrumb","itemListElement":[{"@type":"ListItem","position":1,"name":"Portada","item":"https:\/\/acuariosupremus.com\/"},{"@type":"ListItem","position":2,"name":"Tienda","item":"https:\/\/acuariosupremus.com\/tienda\/"},{"@type":"ListItem","position":3,"name":"Flourish Advance 500 ml, Fertilizante para plantas acu\u00e1ticas."}]},{"@type":"WebSite","@id":"https:\/\/acuariosupremus.com\/#website","url":"https:\/\/acuariosupremus.com\/","name":"Acuario Supremus","description":"Peces, Peceras y Mascotas.","publisher":{"@id":"https:\/\/acuariosupremus.com\/#organization"},"potentialAction":[{"@type":"SearchAction","target":{"@type":"EntryPoint","urlTemplate":"https:\/\/acuariosupremus.com\/?s={search_term_string}"},"query-input":{"@type":"PropertyValueSpecification","valueRequired":true,"valueName":"search_term_string"}}],"inLanguage":"es"},{"@type":"Organization","@id":"https:\/\/acuariosupremus.com\/#organization","name":"Acuario Supremus","url":"https:\/\/acuariosupremus.com\/","logo":{"@type":"ImageObject","inLanguage":"es","@id":"https:\/\/acuariosupremus.com\/#\/schema\/logo\/image\/","url":"https:\/\/acuariosupremus.com\/wp-content\/uploads\/2021\/12\/cropped-logo_acuario_supremus_fn-2.png","contentUrl":"https:\/\/acuariosupremus.com\/wp-content\/uploads\/2021\/12\/cropped-logo_acuario_supremus_fn-2.png","width":1000,"height":318,"caption":"Acuario Supremus"},"image":{"@id":"https:\/\/acuariosupremus.com\/#\/schema\/logo\/image\/"},"sameAs":["https:\/\/www.facebook.com\/AcuarioSupremus","https:\/\/x.com\/AcuarioSupremus","https:\/\/www.instagram.com\/acuariosupremus\/?hl=es"]}]}},"jetpack_sharing_enabled":true,"_links":{"self":[{"href":"https:\/\/acuariosupremus.com\/index.php?rest_route=\/wp\/v2\/product\/9537","targetHints":{"allow":["GET"]}}],"collection":[{"href":"https:\/\/acuariosupremus.com\/index.php?rest_route=\/wp\/v2\/product"}],"about":[{"href":"https:\/\/acuariosupremus.com\/index.php?rest_route=\/wp\/v2\/types\/product"}],"wp:featuredmedia":[{"embeddable":true,"href":"https:\/\/acuariosupremus.com\/index.php?rest_route=\/wp\/v2\/media\/9538"}],"wp:attachment":[{"href":"https:\/\/acuariosupremus.com\/index.php?rest_route=%2Fwp%2Fv2%2Fmedia&parent=9537"}],"wp:term":[{"taxonomy":"product_brand","embeddable":true,"href":"https:\/\/acuariosupremus.com\/index.php?rest_route=%2Fwp%2Fv2%2Fproduct_brand&post=9537"},{"taxonomy":"product_cat","embeddable":true,"href":"https:\/\/acuariosupremus.com\/index.php?rest_route=%2Fwp%2Fv2%2Fproduct_cat&post=9537"},{"taxonomy":"product_tag","embeddable":true,"href":"https:\/\/acuariosupremus.com\/index.php?rest_route=%2Fwp%2Fv2%2Fproduct_tag&post=9537"}],"curies":[{"name":"wp","href":"https:\/\/api.w.org\/{rel}","templated":true}]}}